{"id":12117,"date":"2019-08-07T23:14:31","date_gmt":"2019-08-07T21:14:31","guid":{"rendered":"https:\/\/tie-products.com\/produkt\/dual-isolation-box-thm-2\/"},"modified":"2025-01-29T10:21:55","modified_gmt":"2025-01-29T10:21:55","slug":"dual-isolation-box-thm-2","status":"publish","type":"product","link":"https:\/\/tie-products.com\/pl\/produkt\/dual-isolation-box-thm-2\/","title":{"rendered":"Dual Isolation Box (THM-2)"},"content":{"rendered":"<p><strong>Pasywny 2-kana\u0142owy transformator izolacyjny<\/strong><\/p>\n<p>THM-2 jest transformatorem zbalansowanym, kt\u00f3ry eliminuje zak\u0142\u00f3cenia 60 Hz AC spowodowane p\u0119tlami masy. P\u0119tle uziemienia dzia\u0142aj\u0105 jak anteny radiowe, zbieraj\u0105c szumy i zak\u0142\u00f3cenia. Zintegrowany transformator 1:1 zapobiega temu zjawisku, odsprz\u0119gaj\u0105c elektrycznie urz\u0105dzenia od siebie. THM-2 zosta\u0142 r\u00f3wnie\u017c zaprojektowany do konwersji sygna\u0142\u00f3w niezbalansowanych na sygna\u0142y zbalansowane. Na przyk\u0142ad na koncercie na \u017cywo, idealny do pod\u0142\u0105czenia niezbalansowanego wyj\u015bcia jack syntezatora do zbalansowanego wej\u015bcia stageboxa.<\/p>\n<p><strong>Cechy:<\/strong><\/p>\n<ul>\n<li>Eliminacja sygna\u0142\u00f3w pr\u0105du zmiennego 50\/60 Hz spowodowanych p\u0119tlami uziemienia.<\/li>\n<li>Transformator 1:1 izoluje po\u017c\u0105dany sygna\u0142 i eliminuje szumy<\/li>\n<li>Konwersja sygna\u0142\u00f3w niezbalansowanych na zbalansowane<\/li>\n<li>nie nadaje si\u0119 do sygna\u0142\u00f3w z mikrofon\u00f3w, instrument\u00f3w lub g\u0142o\u015bnik\u00f3w<\/li>\n<li>Zakres cz\u0119stotliwo\u015bci: 20 Hz &#8211; 70 Khz<\/li>\n<li>Gniazda wej\u015bciowe: 6,35 mm\/XLR<\/li>\n<li>Gniazda wyj\u015bciowe: 6,35 mm\/XLR<\/li>\n<li>Zniekszta\u0142cenia: \u22640.005% przy 1 KHz<\/li>\n<li>Superimpozycja: \u2265 -97 dB<\/li>\n<li>Impedancja wyj\u015bciowa: 8,7 K\u03a9<\/li>\n<li>Wymiary (LxWxD): 114 x 82,7 x 47,4 mm<\/li>\n<li>Waga: 0,45 kg<\/li>\n<\/ul>\n","protected":false},"excerpt":{"rendered":"<p>Pasywny 2-kana\u0142owy transformator izolacyjny THM-2 jest transformatorem zbalansowanym, kt\u00f3ry eliminuje zak\u0142\u00f3cenia 60 Hz AC spowodowane p\u0119tlami masy. P\u0119tle uziemienia dzia\u0142aj\u0105 jak anteny radiowe, zbieraj\u0105c szumy i zak\u0142\u00f3cenia. Zintegrowany transformator 1:1 zapobiega temu zjawisku, odsprz\u0119gaj\u0105c elektrycznie urz\u0105dzenia od siebie. THM-2 zosta\u0142 r\u00f3wnie\u017c zaprojektowany do konwersji sygna\u0142\u00f3w niezbalansowanych na sygna\u0142y zbalansowane. Na przyk\u0142ad na koncercie na \u017cywo, [&hellip;]<\/p>\n","protected":false},"featured_media":12118,"template":"","meta":[],"product_brand":[],"product_cat":[24,25],"product_tag":[],"class_list":{"0":"post-12117","1":"product","2":"type-product","3":"status-publish","4":"has-post-thumbnail","6":"product_cat-tie","7":"product_cat-tie-studio","9":"first","10":"instock","11":"shipping-taxable","12":"purchasable","13":"product-type-simple"},"yoast_head":"<!-- This site is optimized with the Yoast SEO plugin v25.0 - https:\/\/yoast.com\/wordpress\/plugins\/seo\/ -->\n<title>Dual Isolation Box (THM-2) - E-Commerce-Revolution<\/title>\n<meta name=\"robots\" content=\"index, follow, max-snippet:-1, max-image-preview:large, max-video-preview:-1\" \/>\n<link rel=\"canonical\" href=\"https:\/\/tie-products.com\/pl\/produkt\/dual-isolation-box-thm-2\/\" \/>\n<meta property=\"og:locale\" content=\"pl_PL\" \/>\n<meta property=\"og:type\" content=\"article\" \/>\n<meta property=\"og:title\" content=\"Dual Isolation Box (THM-2) - E-Commerce-Revolution\" \/>\n<meta property=\"og:description\" content=\"Pasywny 2-kana\u0142owy transformator izolacyjny THM-2 jest transformatorem zbalansowanym, kt\u00f3ry eliminuje zak\u0142\u00f3cenia 60 Hz AC spowodowane p\u0119tlami masy. P\u0119tle uziemienia dzia\u0142aj\u0105 jak anteny radiowe, zbieraj\u0105c szumy i zak\u0142\u00f3cenia. Zintegrowany transformator 1:1 zapobiega temu zjawisku, odsprz\u0119gaj\u0105c elektrycznie urz\u0105dzenia od siebie. THM-2 zosta\u0142 r\u00f3wnie\u017c zaprojektowany do konwersji sygna\u0142\u00f3w niezbalansowanych na sygna\u0142y zbalansowane. Na przyk\u0142ad na koncercie na \u017cywo, [&hellip;]\" \/>\n<meta property=\"og:url\" content=\"https:\/\/tie-products.com\/pl\/produkt\/dual-isolation-box-thm-2\/\" \/>\n<meta property=\"og:site_name\" content=\"E-Commerce-Revolution\" \/>\n<meta property=\"article:modified_time\" content=\"2025-01-29T10:21:55+00:00\" \/>\n<meta property=\"og:image\" content=\"https:\/\/tie-products.com\/wp-content\/uploads\/2019\/08\/Hum_Eliminator_3-scaled.jpg\" \/>\n\t<meta property=\"og:image:width\" content=\"2560\" \/>\n\t<meta property=\"og:image:height\" content=\"2560\" \/>\n\t<meta property=\"og:image:type\" content=\"image\/jpeg\" \/>\n<meta name=\"twitter:card\" content=\"summary_large_image\" \/>\n<meta name=\"twitter:label1\" content=\"Szacowany czas czytania\" \/>\n\t<meta name=\"twitter:data1\" content=\"1 minuta\" \/>\n<script type=\"application\/ld+json\" class=\"yoast-schema-graph\">{\"@context\":\"https:\/\/schema.org\",\"@graph\":[{\"@type\":\"WebPage\",\"@id\":\"https:\/\/tie-products.com\/pl\/produkt\/dual-isolation-box-thm-2\/\",\"url\":\"https:\/\/tie-products.com\/pl\/produkt\/dual-isolation-box-thm-2\/\",\"name\":\"Dual Isolation Box (THM-2) - E-Commerce-Revolution\",\"isPartOf\":{\"@id\":\"https:\/\/tie-products.com\/pl\/#website\"},\"primaryImageOfPage\":{\"@id\":\"https:\/\/tie-products.com\/pl\/produkt\/dual-isolation-box-thm-2\/#primaryimage\"},\"image\":{\"@id\":\"https:\/\/tie-products.com\/pl\/produkt\/dual-isolation-box-thm-2\/#primaryimage\"},\"thumbnailUrl\":\"https:\/\/tie-products.com\/wp-content\/uploads\/2019\/08\/Hum_Eliminator_3-scaled.jpg\",\"datePublished\":\"2019-08-07T21:14:31+00:00\",\"dateModified\":\"2025-01-29T10:21:55+00:00\",\"breadcrumb\":{\"@id\":\"https:\/\/tie-products.com\/pl\/produkt\/dual-isolation-box-thm-2\/#breadcrumb\"},\"inLanguage\":\"pl-PL\",\"potentialAction\":[{\"@type\":\"ReadAction\",\"target\":[\"https:\/\/tie-products.com\/pl\/produkt\/dual-isolation-box-thm-2\/\"]}]},{\"@type\":\"ImageObject\",\"inLanguage\":\"pl-PL\",\"@id\":\"https:\/\/tie-products.com\/pl\/produkt\/dual-isolation-box-thm-2\/#primaryimage\",\"url\":\"https:\/\/tie-products.com\/wp-content\/uploads\/2019\/08\/Hum_Eliminator_3-scaled.jpg\",\"contentUrl\":\"https:\/\/tie-products.com\/wp-content\/uploads\/2019\/08\/Hum_Eliminator_3-scaled.jpg\",\"width\":2560,\"height\":2560},{\"@type\":\"BreadcrumbList\",\"@id\":\"https:\/\/tie-products.com\/pl\/produkt\/dual-isolation-box-thm-2\/#breadcrumb\",\"itemListElement\":[{\"@type\":\"ListItem\",\"position\":1,\"name\":\"Home\",\"item\":\"https:\/\/tie-products.com\/pl\/\"},{\"@type\":\"ListItem\",\"position\":2,\"name\":\"Shop\",\"item\":\"https:\/\/tie-products.com\/shop\/\"},{\"@type\":\"ListItem\",\"position\":3,\"name\":\"Dual Isolation Box (THM-2)\"}]},{\"@type\":\"WebSite\",\"@id\":\"https:\/\/tie-products.com\/pl\/#website\",\"url\":\"https:\/\/tie-products.com\/pl\/\",\"name\":\"E-Commerce-Revolution\",\"description\":\"Just another WordPress site\",\"potentialAction\":[{\"@type\":\"SearchAction\",\"target\":{\"@type\":\"EntryPoint\",\"urlTemplate\":\"https:\/\/tie-products.com\/pl\/?s={search_term_string}\"},\"query-input\":{\"@type\":\"PropertyValueSpecification\",\"valueRequired\":true,\"valueName\":\"search_term_string\"}}],\"inLanguage\":\"pl-PL\"}]}<\/script>\n<!-- \/ Yoast SEO plugin. -->","yoast_head_json":{"title":"Dual Isolation Box (THM-2) - E-Commerce-Revolution","robots":{"index":"index","follow":"follow","max-snippet":"max-snippet:-1","max-image-preview":"max-image-preview:large","max-video-preview":"max-video-preview:-1"},"canonical":"https:\/\/tie-products.com\/pl\/produkt\/dual-isolation-box-thm-2\/","og_locale":"pl_PL","og_type":"article","og_title":"Dual Isolation Box (THM-2) - E-Commerce-Revolution","og_description":"Pasywny 2-kana\u0142owy transformator izolacyjny THM-2 jest transformatorem zbalansowanym, kt\u00f3ry eliminuje zak\u0142\u00f3cenia 60 Hz AC spowodowane p\u0119tlami masy. P\u0119tle uziemienia dzia\u0142aj\u0105 jak anteny radiowe, zbieraj\u0105c szumy i zak\u0142\u00f3cenia. Zintegrowany transformator 1:1 zapobiega temu zjawisku, odsprz\u0119gaj\u0105c elektrycznie urz\u0105dzenia od siebie. THM-2 zosta\u0142 r\u00f3wnie\u017c zaprojektowany do konwersji sygna\u0142\u00f3w niezbalansowanych na sygna\u0142y zbalansowane. Na przyk\u0142ad na koncercie na \u017cywo, [&hellip;]","og_url":"https:\/\/tie-products.com\/pl\/produkt\/dual-isolation-box-thm-2\/","og_site_name":"E-Commerce-Revolution","article_modified_time":"2025-01-29T10:21:55+00:00","og_image":[{"width":2560,"height":2560,"url":"https:\/\/tie-products.com\/wp-content\/uploads\/2019\/08\/Hum_Eliminator_3-scaled.jpg","type":"image\/jpeg"}],"twitter_card":"summary_large_image","twitter_misc":{"Szacowany czas czytania":"1 minuta"},"schema":{"@context":"https:\/\/schema.org","@graph":[{"@type":"WebPage","@id":"https:\/\/tie-products.com\/pl\/produkt\/dual-isolation-box-thm-2\/","url":"https:\/\/tie-products.com\/pl\/produkt\/dual-isolation-box-thm-2\/","name":"Dual Isolation Box (THM-2) - E-Commerce-Revolution","isPartOf":{"@id":"https:\/\/tie-products.com\/pl\/#website"},"primaryImageOfPage":{"@id":"https:\/\/tie-products.com\/pl\/produkt\/dual-isolation-box-thm-2\/#primaryimage"},"image":{"@id":"https:\/\/tie-products.com\/pl\/produkt\/dual-isolation-box-thm-2\/#primaryimage"},"thumbnailUrl":"https:\/\/tie-products.com\/wp-content\/uploads\/2019\/08\/Hum_Eliminator_3-scaled.jpg","datePublished":"2019-08-07T21:14:31+00:00","dateModified":"2025-01-29T10:21:55+00:00","breadcrumb":{"@id":"https:\/\/tie-products.com\/pl\/produkt\/dual-isolation-box-thm-2\/#breadcrumb"},"inLanguage":"pl-PL","potentialAction":[{"@type":"ReadAction","target":["https:\/\/tie-products.com\/pl\/produkt\/dual-isolation-box-thm-2\/"]}]},{"@type":"ImageObject","inLanguage":"pl-PL","@id":"https:\/\/tie-products.com\/pl\/produkt\/dual-isolation-box-thm-2\/#primaryimage","url":"https:\/\/tie-products.com\/wp-content\/uploads\/2019\/08\/Hum_Eliminator_3-scaled.jpg","contentUrl":"https:\/\/tie-products.com\/wp-content\/uploads\/2019\/08\/Hum_Eliminator_3-scaled.jpg","width":2560,"height":2560},{"@type":"BreadcrumbList","@id":"https:\/\/tie-products.com\/pl\/produkt\/dual-isolation-box-thm-2\/#breadcrumb","itemListElement":[{"@type":"ListItem","position":1,"name":"Home","item":"https:\/\/tie-products.com\/pl\/"},{"@type":"ListItem","position":2,"name":"Shop","item":"https:\/\/tie-products.com\/shop\/"},{"@type":"ListItem","position":3,"name":"Dual Isolation Box (THM-2)"}]},{"@type":"WebSite","@id":"https:\/\/tie-products.com\/pl\/#website","url":"https:\/\/tie-products.com\/pl\/","name":"E-Commerce-Revolution","description":"Just another WordPress site","potentialAction":[{"@type":"SearchAction","target":{"@type":"EntryPoint","urlTemplate":"https:\/\/tie-products.com\/pl\/?s={search_term_string}"},"query-input":{"@type":"PropertyValueSpecification","valueRequired":true,"valueName":"search_term_string"}}],"inLanguage":"pl-PL"}]}},"_links":{"self":[{"href":"https:\/\/tie-products.com\/pl\/wp-json\/wp\/v2\/product\/12117","targetHints":{"allow":["GET"]}}],"collection":[{"href":"https:\/\/tie-products.com\/pl\/wp-json\/wp\/v2\/product"}],"about":[{"href":"https:\/\/tie-products.com\/pl\/wp-json\/wp\/v2\/types\/product"}],"wp:featuredmedia":[{"embeddable":true,"href":"https:\/\/tie-products.com\/pl\/wp-json\/wp\/v2\/media\/12118"}],"wp:attachment":[{"href":"https:\/\/tie-products.com\/pl\/wp-json\/wp\/v2\/media?parent=12117"}],"wp:term":[{"taxonomy":"product_brand","embeddable":true,"href":"https:\/\/tie-products.com\/pl\/wp-json\/wp\/v2\/product_brand?post=12117"},{"taxonomy":"product_cat","embeddable":true,"href":"https:\/\/tie-products.com\/pl\/wp-json\/wp\/v2\/product_cat?post=12117"},{"taxonomy":"product_tag","embeddable":true,"href":"https:\/\/tie-products.com\/pl\/wp-json\/wp\/v2\/product_tag?post=12117"}],"curies":[{"name":"wp","href":"https:\/\/api.w.org\/{rel}","templated":true}]}}