{"id":12004,"date":"2020-03-05T11:15:02","date_gmt":"2020-03-05T10:15:02","guid":{"rendered":"https:\/\/tie-products.com\/produkt\/studio-headphone-thp-580\/"},"modified":"2021-02-20T18:31:17","modified_gmt":"2021-02-20T18:31:17","slug":"studio-headphone-thp-580","status":"publish","type":"product","link":"https:\/\/tie-products.com\/pl\/produkt\/studio-headphone-thp-580\/","title":{"rendered":"Studio Headphone (THP-580)"},"content":{"rendered":"<p><strong>P\u00f3\u0142otwarte s\u0142uchawki studyjne<\/strong><\/p>\n<p>Profesjonalne p\u00f3\u0142otwarte s\u0142uchawki studyjne THP-580 z poduszkami wok\u00f3\u0142usznymi s\u0105 wygodne w noszeniu dzi\u0119ki samoreguluj\u0105cemu si\u0119 pa\u0142\u0105kowi. Zaawansowane 50 mm przetworniki oferuj\u0105 szeroki zakres dynamiki, wysok\u0105 czu\u0142o\u015b\u0107 i wysoki poziom d\u017awi\u0119ku. Neutralna reprodukcja d\u017awi\u0119ku z solidnym zakresem bas\u00f3w i solidna konstrukcja sprawiaj\u0105, \u017ce jest to codzienne narz\u0119dzie do ka\u017cdego rodzaju zastosowa\u0144. Wyj\u0105tkowo niska impedancja gwarantuje kompatybilno\u015b\u0107 z r\u00f3\u017cnymi urz\u0105dzeniami mobilnymi, takimi jak telefony kom\u00f3rkowe, tablety czy mini syntezatory. Bezproblemow\u0105 obs\u0142ug\u0119 zapewnia jednostronne prowadzenie kabla z solidn\u0105 wtyczk\u0105 mini jack i do\u0142\u0105czonym adapterem \u015brubowym do 6,3 mm.<\/p>\n<p><strong>Cechy:<\/strong><\/p>\n<ul>\n<li>Budowa: p\u00f3\u0142otwarta, wok\u00f3\u0142uszna<\/li>\n<li>50 mm driver<\/li>\n<li>Impedancja: 32 \u03a9<\/li>\n<li>Czu\u0142o\u015b\u0107: 95 dB \u00b1 3 dB<\/li>\n<li>Pasmo przenoszenia: 15 hz &#8211; 25 khz<\/li>\n<li>Max. Moc: 1200 mW<\/li>\n<li>D\u0142ugo\u015b\u0107 kabla: ok. 3 m<\/li>\n<li>Z\u0142\u0105cze: wtyczka jack 3,5 mm (z adapterem \u015brubowym 6,3 mm)<\/li>\n<li>Idealny do zastosowa\u0144 nadawczych, studia nagra\u0144, podcast\u00f3w i multimedi\u00f3w<\/li>\n<li>Waga: 270 g<\/li>\n<\/ul>\n","protected":false},"excerpt":{"rendered":"<p>P\u00f3\u0142otwarte s\u0142uchawki studyjne Profesjonalne p\u00f3\u0142otwarte s\u0142uchawki studyjne THP-580 z poduszkami wok\u00f3\u0142usznymi s\u0105 wygodne w noszeniu dzi\u0119ki samoreguluj\u0105cemu si\u0119 pa\u0142\u0105kowi. Zaawansowane 50 mm przetworniki oferuj\u0105 szeroki zakres dynamiki, wysok\u0105 czu\u0142o\u015b\u0107 i wysoki poziom d\u017awi\u0119ku. Neutralna reprodukcja d\u017awi\u0119ku z solidnym zakresem bas\u00f3w i solidna konstrukcja sprawiaj\u0105, \u017ce jest to codzienne narz\u0119dzie do ka\u017cdego rodzaju zastosowa\u0144. Wyj\u0105tkowo niska [&hellip;]<\/p>\n","protected":false},"featured_media":12005,"template":"","meta":[],"product_brand":[],"product_cat":[24,25],"product_tag":[],"class_list":{"0":"post-12004","1":"product","2":"type-product","3":"status-publish","4":"has-post-thumbnail","6":"product_cat-tie","7":"product_cat-tie-studio","9":"first","10":"instock","11":"shipping-taxable","12":"purchasable","13":"product-type-simple"},"yoast_head":"<!-- This site is optimized with the Yoast SEO plugin v25.0 - https:\/\/yoast.com\/wordpress\/plugins\/seo\/ -->\n<title>Studio Headphone (THP-580) - E-Commerce-Revolution<\/title>\n<meta name=\"robots\" content=\"index, follow, max-snippet:-1, max-image-preview:large, max-video-preview:-1\" \/>\n<link rel=\"canonical\" href=\"https:\/\/tie-products.com\/pl\/produkt\/studio-headphone-thp-580\/\" \/>\n<meta property=\"og:locale\" content=\"pl_PL\" \/>\n<meta property=\"og:type\" content=\"article\" \/>\n<meta property=\"og:title\" content=\"Studio Headphone (THP-580) - E-Commerce-Revolution\" \/>\n<meta property=\"og:description\" content=\"P\u00f3\u0142otwarte s\u0142uchawki studyjne Profesjonalne p\u00f3\u0142otwarte s\u0142uchawki studyjne THP-580 z poduszkami wok\u00f3\u0142usznymi s\u0105 wygodne w noszeniu dzi\u0119ki samoreguluj\u0105cemu si\u0119 pa\u0142\u0105kowi. Zaawansowane 50 mm przetworniki oferuj\u0105 szeroki zakres dynamiki, wysok\u0105 czu\u0142o\u015b\u0107 i wysoki poziom d\u017awi\u0119ku. Neutralna reprodukcja d\u017awi\u0119ku z solidnym zakresem bas\u00f3w i solidna konstrukcja sprawiaj\u0105, \u017ce jest to codzienne narz\u0119dzie do ka\u017cdego rodzaju zastosowa\u0144. Wyj\u0105tkowo niska [&hellip;]\" \/>\n<meta property=\"og:url\" content=\"https:\/\/tie-products.com\/pl\/produkt\/studio-headphone-thp-580\/\" \/>\n<meta property=\"og:site_name\" content=\"E-Commerce-Revolution\" \/>\n<meta property=\"article:modified_time\" content=\"2021-02-20T18:31:17+00:00\" \/>\n<meta property=\"og:image\" content=\"https:\/\/tie-products.com\/wp-content\/uploads\/2020\/03\/THP-580_Titelbild-1030x1030.png\" \/>\n\t<meta property=\"og:image:width\" content=\"1030\" \/>\n\t<meta property=\"og:image:height\" content=\"1030\" \/>\n\t<meta property=\"og:image:type\" content=\"image\/png\" \/>\n<meta name=\"twitter:card\" content=\"summary_large_image\" \/>\n<meta name=\"twitter:label1\" content=\"Szacowany czas czytania\" \/>\n\t<meta name=\"twitter:data1\" content=\"1 minuta\" \/>\n<script type=\"application\/ld+json\" class=\"yoast-schema-graph\">{\"@context\":\"https:\/\/schema.org\",\"@graph\":[{\"@type\":\"WebPage\",\"@id\":\"https:\/\/tie-products.com\/pl\/produkt\/studio-headphone-thp-580\/\",\"url\":\"https:\/\/tie-products.com\/pl\/produkt\/studio-headphone-thp-580\/\",\"name\":\"Studio Headphone (THP-580) - E-Commerce-Revolution\",\"isPartOf\":{\"@id\":\"https:\/\/tie-products.com\/pl\/#website\"},\"primaryImageOfPage\":{\"@id\":\"https:\/\/tie-products.com\/pl\/produkt\/studio-headphone-thp-580\/#primaryimage\"},\"image\":{\"@id\":\"https:\/\/tie-products.com\/pl\/produkt\/studio-headphone-thp-580\/#primaryimage\"},\"thumbnailUrl\":\"https:\/\/tie-products.com\/wp-content\/uploads\/2020\/03\/THP-580_Titelbild.png\",\"datePublished\":\"2020-03-05T10:15:02+00:00\",\"dateModified\":\"2021-02-20T18:31:17+00:00\",\"breadcrumb\":{\"@id\":\"https:\/\/tie-products.com\/pl\/produkt\/studio-headphone-thp-580\/#breadcrumb\"},\"inLanguage\":\"pl-PL\",\"potentialAction\":[{\"@type\":\"ReadAction\",\"target\":[\"https:\/\/tie-products.com\/pl\/produkt\/studio-headphone-thp-580\/\"]}]},{\"@type\":\"ImageObject\",\"inLanguage\":\"pl-PL\",\"@id\":\"https:\/\/tie-products.com\/pl\/produkt\/studio-headphone-thp-580\/#primaryimage\",\"url\":\"https:\/\/tie-products.com\/wp-content\/uploads\/2020\/03\/THP-580_Titelbild.png\",\"contentUrl\":\"https:\/\/tie-products.com\/wp-content\/uploads\/2020\/03\/THP-580_Titelbild.png\",\"width\":3543,\"height\":3543},{\"@type\":\"BreadcrumbList\",\"@id\":\"https:\/\/tie-products.com\/pl\/produkt\/studio-headphone-thp-580\/#breadcrumb\",\"itemListElement\":[{\"@type\":\"ListItem\",\"position\":1,\"name\":\"Home\",\"item\":\"https:\/\/tie-products.com\/pl\/\"},{\"@type\":\"ListItem\",\"position\":2,\"name\":\"Shop\",\"item\":\"https:\/\/tie-products.com\/shop\/\"},{\"@type\":\"ListItem\",\"position\":3,\"name\":\"Studio Headphone (THP-580)\"}]},{\"@type\":\"WebSite\",\"@id\":\"https:\/\/tie-products.com\/pl\/#website\",\"url\":\"https:\/\/tie-products.com\/pl\/\",\"name\":\"E-Commerce-Revolution\",\"description\":\"Just another WordPress site\",\"potentialAction\":[{\"@type\":\"SearchAction\",\"target\":{\"@type\":\"EntryPoint\",\"urlTemplate\":\"https:\/\/tie-products.com\/pl\/?s={search_term_string}\"},\"query-input\":{\"@type\":\"PropertyValueSpecification\",\"valueRequired\":true,\"valueName\":\"search_term_string\"}}],\"inLanguage\":\"pl-PL\"}]}<\/script>\n<!-- \/ Yoast SEO plugin. -->","yoast_head_json":{"title":"Studio Headphone (THP-580) - E-Commerce-Revolution","robots":{"index":"index","follow":"follow","max-snippet":"max-snippet:-1","max-image-preview":"max-image-preview:large","max-video-preview":"max-video-preview:-1"},"canonical":"https:\/\/tie-products.com\/pl\/produkt\/studio-headphone-thp-580\/","og_locale":"pl_PL","og_type":"article","og_title":"Studio Headphone (THP-580) - E-Commerce-Revolution","og_description":"P\u00f3\u0142otwarte s\u0142uchawki studyjne Profesjonalne p\u00f3\u0142otwarte s\u0142uchawki studyjne THP-580 z poduszkami wok\u00f3\u0142usznymi s\u0105 wygodne w noszeniu dzi\u0119ki samoreguluj\u0105cemu si\u0119 pa\u0142\u0105kowi. Zaawansowane 50 mm przetworniki oferuj\u0105 szeroki zakres dynamiki, wysok\u0105 czu\u0142o\u015b\u0107 i wysoki poziom d\u017awi\u0119ku. Neutralna reprodukcja d\u017awi\u0119ku z solidnym zakresem bas\u00f3w i solidna konstrukcja sprawiaj\u0105, \u017ce jest to codzienne narz\u0119dzie do ka\u017cdego rodzaju zastosowa\u0144. Wyj\u0105tkowo niska [&hellip;]","og_url":"https:\/\/tie-products.com\/pl\/produkt\/studio-headphone-thp-580\/","og_site_name":"E-Commerce-Revolution","article_modified_time":"2021-02-20T18:31:17+00:00","og_image":[{"width":1030,"height":1030,"url":"https:\/\/tie-products.com\/wp-content\/uploads\/2020\/03\/THP-580_Titelbild-1030x1030.png","type":"image\/png"}],"twitter_card":"summary_large_image","twitter_misc":{"Szacowany czas czytania":"1 minuta"},"schema":{"@context":"https:\/\/schema.org","@graph":[{"@type":"WebPage","@id":"https:\/\/tie-products.com\/pl\/produkt\/studio-headphone-thp-580\/","url":"https:\/\/tie-products.com\/pl\/produkt\/studio-headphone-thp-580\/","name":"Studio Headphone (THP-580) - E-Commerce-Revolution","isPartOf":{"@id":"https:\/\/tie-products.com\/pl\/#website"},"primaryImageOfPage":{"@id":"https:\/\/tie-products.com\/pl\/produkt\/studio-headphone-thp-580\/#primaryimage"},"image":{"@id":"https:\/\/tie-products.com\/pl\/produkt\/studio-headphone-thp-580\/#primaryimage"},"thumbnailUrl":"https:\/\/tie-products.com\/wp-content\/uploads\/2020\/03\/THP-580_Titelbild.png","datePublished":"2020-03-05T10:15:02+00:00","dateModified":"2021-02-20T18:31:17+00:00","breadcrumb":{"@id":"https:\/\/tie-products.com\/pl\/produkt\/studio-headphone-thp-580\/#breadcrumb"},"inLanguage":"pl-PL","potentialAction":[{"@type":"ReadAction","target":["https:\/\/tie-products.com\/pl\/produkt\/studio-headphone-thp-580\/"]}]},{"@type":"ImageObject","inLanguage":"pl-PL","@id":"https:\/\/tie-products.com\/pl\/produkt\/studio-headphone-thp-580\/#primaryimage","url":"https:\/\/tie-products.com\/wp-content\/uploads\/2020\/03\/THP-580_Titelbild.png","contentUrl":"https:\/\/tie-products.com\/wp-content\/uploads\/2020\/03\/THP-580_Titelbild.png","width":3543,"height":3543},{"@type":"BreadcrumbList","@id":"https:\/\/tie-products.com\/pl\/produkt\/studio-headphone-thp-580\/#breadcrumb","itemListElement":[{"@type":"ListItem","position":1,"name":"Home","item":"https:\/\/tie-products.com\/pl\/"},{"@type":"ListItem","position":2,"name":"Shop","item":"https:\/\/tie-products.com\/shop\/"},{"@type":"ListItem","position":3,"name":"Studio Headphone (THP-580)"}]},{"@type":"WebSite","@id":"https:\/\/tie-products.com\/pl\/#website","url":"https:\/\/tie-products.com\/pl\/","name":"E-Commerce-Revolution","description":"Just another WordPress site","potentialAction":[{"@type":"SearchAction","target":{"@type":"EntryPoint","urlTemplate":"https:\/\/tie-products.com\/pl\/?s={search_term_string}"},"query-input":{"@type":"PropertyValueSpecification","valueRequired":true,"valueName":"search_term_string"}}],"inLanguage":"pl-PL"}]}},"_links":{"self":[{"href":"https:\/\/tie-products.com\/pl\/wp-json\/wp\/v2\/product\/12004","targetHints":{"allow":["GET"]}}],"collection":[{"href":"https:\/\/tie-products.com\/pl\/wp-json\/wp\/v2\/product"}],"about":[{"href":"https:\/\/tie-products.com\/pl\/wp-json\/wp\/v2\/types\/product"}],"wp:featuredmedia":[{"embeddable":true,"href":"https:\/\/tie-products.com\/pl\/wp-json\/wp\/v2\/media\/12005"}],"wp:attachment":[{"href":"https:\/\/tie-products.com\/pl\/wp-json\/wp\/v2\/media?parent=12004"}],"wp:term":[{"taxonomy":"product_brand","embeddable":true,"href":"https:\/\/tie-products.com\/pl\/wp-json\/wp\/v2\/product_brand?post=12004"},{"taxonomy":"product_cat","embeddable":true,"href":"https:\/\/tie-products.com\/pl\/wp-json\/wp\/v2\/product_cat?post=12004"},{"taxonomy":"product_tag","embeddable":true,"href":"https:\/\/tie-products.com\/pl\/wp-json\/wp\/v2\/product_tag?post=12004"}],"curies":[{"name":"wp","href":"https:\/\/api.w.org\/{rel}","templated":true}]}}