{"id":11995,"date":"2019-08-07T23:23:08","date_gmt":"2019-08-07T21:23:08","guid":{"rendered":"https:\/\/tie-products.com\/produkt\/a-b-selector-tps-2\/"},"modified":"2021-02-20T18:26:42","modified_gmt":"2021-02-20T18:26:42","slug":"a-b-selector-tps-2","status":"publish","type":"product","link":"https:\/\/tie-products.com\/pl\/produkt\/a-b-selector-tps-2\/","title":{"rendered":"A\/B Selector (TPS-2)"},"content":{"rendered":"<p><strong>Prze\u0142\u0105cznik no\u017cny A\/B<\/strong><\/p>\n<p>TPS-2 to niezast\u0105piona pomoc dla ka\u017cdego gitarzysty.<br \/>\nJedno stukni\u0119cie wystarczy, aby b\u0142yskawicznie prze\u0142\u0105cza\u0107 si\u0119 mi\u0119dzy dwoma ustawieniami gitary lub efekt\u00f3w, prze\u0142\u0105cza\u0107 wzmacniacze lub prze\u0142\u0105cza\u0107 si\u0119 mi\u0119dzy wzmacniaczem a tunerem.<\/p>\n<p><strong>Cechy:<\/strong><\/p>\n<ul>\n<li>Prze\u0142\u0105cznik wyboru A\/B z obs\u0142ug\u0105 jednym klikni\u0119ciem.<\/li>\n<li>2-kierunkowy prze\u0142\u0105cznik selekcyjny do u\u017cywania wej\u015b\u0107 A\/B z wyj\u015bciem lub odwrotnie<\/li>\n<li>bezg\u0142o\u015bne prze\u0142\u0105czanie dzi\u0119ki uk\u0142adowi FET<\/li>\n<li>2 diody LED stanu A (czerwona), B (zielona)<\/li>\n<li>zasilanie bateri\u0105 9V<\/li>\n<li>wymiary: (WxHxD) 103x89x43 mm<\/li>\n<li>Waga: 241 g<\/li>\n<\/ul>\n","protected":false},"excerpt":{"rendered":"<p>Prze\u0142\u0105cznik no\u017cny A\/B TPS-2 to niezast\u0105piona pomoc dla ka\u017cdego gitarzysty. Jedno stukni\u0119cie wystarczy, aby b\u0142yskawicznie prze\u0142\u0105cza\u0107 si\u0119 mi\u0119dzy dwoma ustawieniami gitary lub efekt\u00f3w, prze\u0142\u0105cza\u0107 wzmacniacze lub prze\u0142\u0105cza\u0107 si\u0119 mi\u0119dzy wzmacniaczem a tunerem. Cechy: Prze\u0142\u0105cznik wyboru A\/B z obs\u0142ug\u0105 jednym klikni\u0119ciem. 2-kierunkowy prze\u0142\u0105cznik selekcyjny do u\u017cywania wej\u015b\u0107 A\/B z wyj\u015bciem lub odwrotnie bezg\u0142o\u015bne prze\u0142\u0105czanie dzi\u0119ki uk\u0142adowi [&hellip;]<\/p>\n","protected":false},"featured_media":11996,"template":"","meta":[],"product_brand":[],"product_cat":[24,28],"product_tag":[],"class_list":{"0":"post-11995","1":"product","2":"type-product","3":"status-publish","4":"has-post-thumbnail","6":"product_cat-tie","7":"product_cat-tie-stage","9":"first","10":"instock","11":"shipping-taxable","12":"purchasable","13":"product-type-simple"},"yoast_head":"<!-- This site is optimized with the Yoast SEO plugin v25.0 - https:\/\/yoast.com\/wordpress\/plugins\/seo\/ -->\n<title>A\/B Selector (TPS-2) - E-Commerce-Revolution<\/title>\n<meta name=\"robots\" content=\"index, follow, max-snippet:-1, max-image-preview:large, max-video-preview:-1\" \/>\n<link rel=\"canonical\" href=\"https:\/\/tie-products.com\/pl\/produkt\/a-b-selector-tps-2\/\" \/>\n<meta property=\"og:locale\" content=\"pl_PL\" \/>\n<meta property=\"og:type\" content=\"article\" \/>\n<meta property=\"og:title\" content=\"A\/B Selector (TPS-2) - E-Commerce-Revolution\" \/>\n<meta property=\"og:description\" content=\"Prze\u0142\u0105cznik no\u017cny A\/B TPS-2 to niezast\u0105piona pomoc dla ka\u017cdego gitarzysty. Jedno stukni\u0119cie wystarczy, aby b\u0142yskawicznie prze\u0142\u0105cza\u0107 si\u0119 mi\u0119dzy dwoma ustawieniami gitary lub efekt\u00f3w, prze\u0142\u0105cza\u0107 wzmacniacze lub prze\u0142\u0105cza\u0107 si\u0119 mi\u0119dzy wzmacniaczem a tunerem. Cechy: Prze\u0142\u0105cznik wyboru A\/B z obs\u0142ug\u0105 jednym klikni\u0119ciem. 2-kierunkowy prze\u0142\u0105cznik selekcyjny do u\u017cywania wej\u015b\u0107 A\/B z wyj\u015bciem lub odwrotnie bezg\u0142o\u015bne prze\u0142\u0105czanie dzi\u0119ki uk\u0142adowi [&hellip;]\" \/>\n<meta property=\"og:url\" content=\"https:\/\/tie-products.com\/pl\/produkt\/a-b-selector-tps-2\/\" \/>\n<meta property=\"og:site_name\" content=\"E-Commerce-Revolution\" \/>\n<meta property=\"article:modified_time\" content=\"2021-02-20T18:26:42+00:00\" \/>\n<meta property=\"og:image\" content=\"https:\/\/tie-products.com\/wp-content\/uploads\/2019\/08\/Foot_Switch_PS-2-Motiv_1-scaled.jpg\" \/>\n\t<meta property=\"og:image:width\" content=\"2560\" \/>\n\t<meta property=\"og:image:height\" content=\"2560\" \/>\n\t<meta property=\"og:image:type\" content=\"image\/jpeg\" \/>\n<meta name=\"twitter:card\" content=\"summary_large_image\" \/>\n<meta name=\"twitter:label1\" content=\"Szacowany czas czytania\" \/>\n\t<meta name=\"twitter:data1\" content=\"1 minuta\" \/>\n<script type=\"application\/ld+json\" class=\"yoast-schema-graph\">{\"@context\":\"https:\/\/schema.org\",\"@graph\":[{\"@type\":\"WebPage\",\"@id\":\"https:\/\/tie-products.com\/pl\/produkt\/a-b-selector-tps-2\/\",\"url\":\"https:\/\/tie-products.com\/pl\/produkt\/a-b-selector-tps-2\/\",\"name\":\"A\/B Selector (TPS-2) - E-Commerce-Revolution\",\"isPartOf\":{\"@id\":\"https:\/\/tie-products.com\/pl\/#website\"},\"primaryImageOfPage\":{\"@id\":\"https:\/\/tie-products.com\/pl\/produkt\/a-b-selector-tps-2\/#primaryimage\"},\"image\":{\"@id\":\"https:\/\/tie-products.com\/pl\/produkt\/a-b-selector-tps-2\/#primaryimage\"},\"thumbnailUrl\":\"https:\/\/tie-products.com\/wp-content\/uploads\/2019\/08\/Foot_Switch_PS-2-Motiv_1-scaled.jpg\",\"datePublished\":\"2019-08-07T21:23:08+00:00\",\"dateModified\":\"2021-02-20T18:26:42+00:00\",\"breadcrumb\":{\"@id\":\"https:\/\/tie-products.com\/pl\/produkt\/a-b-selector-tps-2\/#breadcrumb\"},\"inLanguage\":\"pl-PL\",\"potentialAction\":[{\"@type\":\"ReadAction\",\"target\":[\"https:\/\/tie-products.com\/pl\/produkt\/a-b-selector-tps-2\/\"]}]},{\"@type\":\"ImageObject\",\"inLanguage\":\"pl-PL\",\"@id\":\"https:\/\/tie-products.com\/pl\/produkt\/a-b-selector-tps-2\/#primaryimage\",\"url\":\"https:\/\/tie-products.com\/wp-content\/uploads\/2019\/08\/Foot_Switch_PS-2-Motiv_1-scaled.jpg\",\"contentUrl\":\"https:\/\/tie-products.com\/wp-content\/uploads\/2019\/08\/Foot_Switch_PS-2-Motiv_1-scaled.jpg\",\"width\":2560,\"height\":2560},{\"@type\":\"BreadcrumbList\",\"@id\":\"https:\/\/tie-products.com\/pl\/produkt\/a-b-selector-tps-2\/#breadcrumb\",\"itemListElement\":[{\"@type\":\"ListItem\",\"position\":1,\"name\":\"Home\",\"item\":\"https:\/\/tie-products.com\/pl\/\"},{\"@type\":\"ListItem\",\"position\":2,\"name\":\"Shop\",\"item\":\"https:\/\/tie-products.com\/shop\/\"},{\"@type\":\"ListItem\",\"position\":3,\"name\":\"A\/B Selector (TPS-2)\"}]},{\"@type\":\"WebSite\",\"@id\":\"https:\/\/tie-products.com\/pl\/#website\",\"url\":\"https:\/\/tie-products.com\/pl\/\",\"name\":\"E-Commerce-Revolution\",\"description\":\"Just another WordPress site\",\"potentialAction\":[{\"@type\":\"SearchAction\",\"target\":{\"@type\":\"EntryPoint\",\"urlTemplate\":\"https:\/\/tie-products.com\/pl\/?s={search_term_string}\"},\"query-input\":{\"@type\":\"PropertyValueSpecification\",\"valueRequired\":true,\"valueName\":\"search_term_string\"}}],\"inLanguage\":\"pl-PL\"}]}<\/script>\n<!-- \/ Yoast SEO plugin. -->","yoast_head_json":{"title":"A\/B Selector (TPS-2) - E-Commerce-Revolution","robots":{"index":"index","follow":"follow","max-snippet":"max-snippet:-1","max-image-preview":"max-image-preview:large","max-video-preview":"max-video-preview:-1"},"canonical":"https:\/\/tie-products.com\/pl\/produkt\/a-b-selector-tps-2\/","og_locale":"pl_PL","og_type":"article","og_title":"A\/B Selector (TPS-2) - E-Commerce-Revolution","og_description":"Prze\u0142\u0105cznik no\u017cny A\/B TPS-2 to niezast\u0105piona pomoc dla ka\u017cdego gitarzysty. Jedno stukni\u0119cie wystarczy, aby b\u0142yskawicznie prze\u0142\u0105cza\u0107 si\u0119 mi\u0119dzy dwoma ustawieniami gitary lub efekt\u00f3w, prze\u0142\u0105cza\u0107 wzmacniacze lub prze\u0142\u0105cza\u0107 si\u0119 mi\u0119dzy wzmacniaczem a tunerem. Cechy: Prze\u0142\u0105cznik wyboru A\/B z obs\u0142ug\u0105 jednym klikni\u0119ciem. 2-kierunkowy prze\u0142\u0105cznik selekcyjny do u\u017cywania wej\u015b\u0107 A\/B z wyj\u015bciem lub odwrotnie bezg\u0142o\u015bne prze\u0142\u0105czanie dzi\u0119ki uk\u0142adowi [&hellip;]","og_url":"https:\/\/tie-products.com\/pl\/produkt\/a-b-selector-tps-2\/","og_site_name":"E-Commerce-Revolution","article_modified_time":"2021-02-20T18:26:42+00:00","og_image":[{"width":2560,"height":2560,"url":"https:\/\/tie-products.com\/wp-content\/uploads\/2019\/08\/Foot_Switch_PS-2-Motiv_1-scaled.jpg","type":"image\/jpeg"}],"twitter_card":"summary_large_image","twitter_misc":{"Szacowany czas czytania":"1 minuta"},"schema":{"@context":"https:\/\/schema.org","@graph":[{"@type":"WebPage","@id":"https:\/\/tie-products.com\/pl\/produkt\/a-b-selector-tps-2\/","url":"https:\/\/tie-products.com\/pl\/produkt\/a-b-selector-tps-2\/","name":"A\/B Selector (TPS-2) - E-Commerce-Revolution","isPartOf":{"@id":"https:\/\/tie-products.com\/pl\/#website"},"primaryImageOfPage":{"@id":"https:\/\/tie-products.com\/pl\/produkt\/a-b-selector-tps-2\/#primaryimage"},"image":{"@id":"https:\/\/tie-products.com\/pl\/produkt\/a-b-selector-tps-2\/#primaryimage"},"thumbnailUrl":"https:\/\/tie-products.com\/wp-content\/uploads\/2019\/08\/Foot_Switch_PS-2-Motiv_1-scaled.jpg","datePublished":"2019-08-07T21:23:08+00:00","dateModified":"2021-02-20T18:26:42+00:00","breadcrumb":{"@id":"https:\/\/tie-products.com\/pl\/produkt\/a-b-selector-tps-2\/#breadcrumb"},"inLanguage":"pl-PL","potentialAction":[{"@type":"ReadAction","target":["https:\/\/tie-products.com\/pl\/produkt\/a-b-selector-tps-2\/"]}]},{"@type":"ImageObject","inLanguage":"pl-PL","@id":"https:\/\/tie-products.com\/pl\/produkt\/a-b-selector-tps-2\/#primaryimage","url":"https:\/\/tie-products.com\/wp-content\/uploads\/2019\/08\/Foot_Switch_PS-2-Motiv_1-scaled.jpg","contentUrl":"https:\/\/tie-products.com\/wp-content\/uploads\/2019\/08\/Foot_Switch_PS-2-Motiv_1-scaled.jpg","width":2560,"height":2560},{"@type":"BreadcrumbList","@id":"https:\/\/tie-products.com\/pl\/produkt\/a-b-selector-tps-2\/#breadcrumb","itemListElement":[{"@type":"ListItem","position":1,"name":"Home","item":"https:\/\/tie-products.com\/pl\/"},{"@type":"ListItem","position":2,"name":"Shop","item":"https:\/\/tie-products.com\/shop\/"},{"@type":"ListItem","position":3,"name":"A\/B Selector (TPS-2)"}]},{"@type":"WebSite","@id":"https:\/\/tie-products.com\/pl\/#website","url":"https:\/\/tie-products.com\/pl\/","name":"E-Commerce-Revolution","description":"Just another WordPress site","potentialAction":[{"@type":"SearchAction","target":{"@type":"EntryPoint","urlTemplate":"https:\/\/tie-products.com\/pl\/?s={search_term_string}"},"query-input":{"@type":"PropertyValueSpecification","valueRequired":true,"valueName":"search_term_string"}}],"inLanguage":"pl-PL"}]}},"_links":{"self":[{"href":"https:\/\/tie-products.com\/pl\/wp-json\/wp\/v2\/product\/11995","targetHints":{"allow":["GET"]}}],"collection":[{"href":"https:\/\/tie-products.com\/pl\/wp-json\/wp\/v2\/product"}],"about":[{"href":"https:\/\/tie-products.com\/pl\/wp-json\/wp\/v2\/types\/product"}],"wp:featuredmedia":[{"embeddable":true,"href":"https:\/\/tie-products.com\/pl\/wp-json\/wp\/v2\/media\/11996"}],"wp:attachment":[{"href":"https:\/\/tie-products.com\/pl\/wp-json\/wp\/v2\/media?parent=11995"}],"wp:term":[{"taxonomy":"product_brand","embeddable":true,"href":"https:\/\/tie-products.com\/pl\/wp-json\/wp\/v2\/product_brand?post=11995"},{"taxonomy":"product_cat","embeddable":true,"href":"https:\/\/tie-products.com\/pl\/wp-json\/wp\/v2\/product_cat?post=11995"},{"taxonomy":"product_tag","embeddable":true,"href":"https:\/\/tie-products.com\/pl\/wp-json\/wp\/v2\/product_tag?post=11995"}],"curies":[{"name":"wp","href":"https:\/\/api.w.org\/{rel}","templated":true}]}}