{"id":11662,"date":"2019-02-16T21:06:10","date_gmt":"2019-02-16T20:06:10","guid":{"rendered":"https:\/\/tie-products.netzspitze.cloud\/produkt\/tie-studio-bluetooth-midi-adaptor-1i1o-e\/"},"modified":"2021-01-27T16:43:56","modified_gmt":"2021-01-27T16:43:56","slug":"tie-studio-bluetooth-midi-adaptor-1i1o-e","status":"publish","type":"product","link":"https:\/\/tie-products.com\/pl\/produkt\/tie-studio-bluetooth-midi-adaptor-1i1o-e\/","title":{"rendered":"TIE Studio &#8211; adapter Bluetooth MIDI Adapter 1i1o-e"},"content":{"rendered":"<h3><strong>Adapter Bluetooth MiDI 1i1o<\/strong><\/h3>\n<p>Adapter Bluetooth MIDI 1i1o zosta\u0142 opracowany specjalnie dla mi\u0142o\u015bnik\u00f3w muzyki. Transmisja danych MIDI pomi\u0119dzy instrumentem muzycznym obs\u0142uguj\u0105cym MIDI (np. cyfrowe pianino, syntezator lub Po prostu pod\u0142\u0105cz instrument muzyczny zgodny z Midi z adapterem i zacznij przesy\u0142a\u0107 dane Midi mi\u0119dzy instrumentem a urz\u0105dzeniem przez Bluetooth. Dzi\u0119ki mo\u017cliwo\u015bci niskoenergetycznej transmisji Bluetooth\u00a0umo\u017cliwia edycj\u0119 kompletnych produkcji muzycznych i odtwarzanie bie\u017c\u0105cej muzyki bez op\u00f3\u017anie\u0144 przy u\u017cyciu prawdziwego instrumentu.<\/p>\n<h4><strong>Cechy<\/strong><\/h4>\n<ul>\n<li>Wygodne po\u0142\u0105czenie MIDI dla instrument\u00f3w z tradycyjnymi 5-pinowymi gniazdami MIDI w nowoczesnych \u015brodowiskach produkcyjnych.<\/li>\n<li>Adapter Bluetooth MIDI eliminuje potrzeb\u0119 tradycyjnego okablowania MIDI i USB, podczas gdy Bluetooth MIDI jest kompatybilny z wieloma aplikacjami muzycznymi.<\/li>\n<li>Koniec z nudnym okablowaniem.<\/li>\n<li>W zupe\u0142nie nowe muzyczne aplikacje do grania- mo\u017cna gra\u0107 po prostu \u0142\u0105cz\u0105c Bluetooth z telefonem iPhone, iPadem lub iPodem touch za pomoc\u0105 cyfrowego pianina lub syntezatora.<\/li>\n<li>Zwi\u0119ksz wydajno\u015b\u0107 muzyczn\u0105 dzi\u0119ki wielu nowym opcjom dzi\u0119ki \u0142\u0105czno\u015bci Bluetooth.<\/li>\n<li>Adapter Bluetooth MIDI obs\u0142uguje urz\u0105dzenia iOS z systemu iOS 9.2 oraz komputery Apple Mac z systemem operacyjnym OS 10.10 (Yosemite) lub nowszym.<\/li>\n<li>Zasilanie przez MIDI Power lub USB<\/li>\n<\/ul>\n<h4><strong>Specyfikacje<\/strong><\/h4>\n<ul>\n<li>D\u0142ugo\u015b\u0107 kabla MIDI: ok. 10 cm.<\/li>\n<li>Waga: ok. 31 g.<\/li>\n<li>Wymiary opakowania: ok. 15,3 x 10 x 2,2 cm.<\/li>\n<li>Waga z opakowaniem: ok. 52 g.<\/li>\n<\/ul>\n","protected":false},"excerpt":{"rendered":"<p>Adapter Bluetooth MiDI 1i1o Adapter Bluetooth MIDI 1i1o zosta\u0142 opracowany specjalnie dla mi\u0142o\u015bnik\u00f3w muzyki. Transmisja danych MIDI pomi\u0119dzy instrumentem muzycznym obs\u0142uguj\u0105cym MIDI (np. cyfrowe pianino, syntezator lub Po prostu pod\u0142\u0105cz instrument muzyczny zgodny z Midi z adapterem i zacznij przesy\u0142a\u0107 dane Midi mi\u0119dzy instrumentem a urz\u0105dzeniem przez Bluetooth. Dzi\u0119ki mo\u017cliwo\u015bci niskoenergetycznej transmisji Bluetooth\u00a0umo\u017cliwia edycj\u0119 kompletnych [&hellip;]<\/p>\n","protected":false},"featured_media":11663,"template":"","meta":[],"product_brand":[],"product_cat":[24,25],"product_tag":[],"class_list":{"0":"post-11662","1":"product","2":"type-product","3":"status-publish","4":"has-post-thumbnail","6":"product_cat-tie","7":"product_cat-tie-studio","9":"first","10":"instock","11":"purchasable","12":"product-type-simple"},"yoast_head":"<!-- This site is optimized with the Yoast SEO plugin v25.0 - https:\/\/yoast.com\/wordpress\/plugins\/seo\/ -->\n<title>TIE Studio - adapter Bluetooth MIDI Adapter 1i1o-e - E-Commerce-Revolution<\/title>\n<meta name=\"robots\" content=\"index, follow, max-snippet:-1, max-image-preview:large, max-video-preview:-1\" \/>\n<link rel=\"canonical\" href=\"https:\/\/tie-products.com\/pl\/produkt\/tie-studio-bluetooth-midi-adaptor-1i1o-e\/\" \/>\n<meta property=\"og:locale\" content=\"pl_PL\" \/>\n<meta property=\"og:type\" content=\"article\" \/>\n<meta property=\"og:title\" content=\"TIE Studio - adapter Bluetooth MIDI Adapter 1i1o-e - E-Commerce-Revolution\" \/>\n<meta property=\"og:description\" content=\"Adapter Bluetooth MiDI 1i1o Adapter Bluetooth MIDI 1i1o zosta\u0142 opracowany specjalnie dla mi\u0142o\u015bnik\u00f3w muzyki. Transmisja danych MIDI pomi\u0119dzy instrumentem muzycznym obs\u0142uguj\u0105cym MIDI (np. cyfrowe pianino, syntezator lub Po prostu pod\u0142\u0105cz instrument muzyczny zgodny z Midi z adapterem i zacznij przesy\u0142a\u0107 dane Midi mi\u0119dzy instrumentem a urz\u0105dzeniem przez Bluetooth. Dzi\u0119ki mo\u017cliwo\u015bci niskoenergetycznej transmisji Bluetooth\u00a0umo\u017cliwia edycj\u0119 kompletnych [&hellip;]\" \/>\n<meta property=\"og:url\" content=\"https:\/\/tie-products.com\/pl\/produkt\/tie-studio-bluetooth-midi-adaptor-1i1o-e\/\" \/>\n<meta property=\"og:site_name\" content=\"E-Commerce-Revolution\" \/>\n<meta property=\"article:modified_time\" content=\"2021-01-27T16:43:56+00:00\" \/>\n<meta property=\"og:image\" content=\"https:\/\/tie-products.com\/wp-content\/uploads\/2018\/09\/Midi-1i1o-e-Gesamtansicht-1.jpg\" \/>\n\t<meta property=\"og:image:width\" content=\"1024\" \/>\n\t<meta property=\"og:image:height\" content=\"1024\" \/>\n\t<meta property=\"og:image:type\" content=\"image\/jpeg\" \/>\n<meta name=\"twitter:card\" content=\"summary_large_image\" \/>\n<meta name=\"twitter:label1\" content=\"Szacowany czas czytania\" \/>\n\t<meta name=\"twitter:data1\" content=\"1 minuta\" \/>\n<script type=\"application\/ld+json\" class=\"yoast-schema-graph\">{\"@context\":\"https:\/\/schema.org\",\"@graph\":[{\"@type\":\"WebPage\",\"@id\":\"https:\/\/tie-products.com\/pl\/produkt\/tie-studio-bluetooth-midi-adaptor-1i1o-e\/\",\"url\":\"https:\/\/tie-products.com\/pl\/produkt\/tie-studio-bluetooth-midi-adaptor-1i1o-e\/\",\"name\":\"TIE Studio - adapter Bluetooth MIDI Adapter 1i1o-e - E-Commerce-Revolution\",\"isPartOf\":{\"@id\":\"https:\/\/tie-products.com\/pl\/#website\"},\"primaryImageOfPage\":{\"@id\":\"https:\/\/tie-products.com\/pl\/produkt\/tie-studio-bluetooth-midi-adaptor-1i1o-e\/#primaryimage\"},\"image\":{\"@id\":\"https:\/\/tie-products.com\/pl\/produkt\/tie-studio-bluetooth-midi-adaptor-1i1o-e\/#primaryimage\"},\"thumbnailUrl\":\"https:\/\/tie-products.com\/wp-content\/uploads\/2018\/09\/Midi-1i1o-e-Gesamtansicht-1.jpg\",\"datePublished\":\"2019-02-16T20:06:10+00:00\",\"dateModified\":\"2021-01-27T16:43:56+00:00\",\"breadcrumb\":{\"@id\":\"https:\/\/tie-products.com\/pl\/produkt\/tie-studio-bluetooth-midi-adaptor-1i1o-e\/#breadcrumb\"},\"inLanguage\":\"pl-PL\",\"potentialAction\":[{\"@type\":\"ReadAction\",\"target\":[\"https:\/\/tie-products.com\/pl\/produkt\/tie-studio-bluetooth-midi-adaptor-1i1o-e\/\"]}]},{\"@type\":\"ImageObject\",\"inLanguage\":\"pl-PL\",\"@id\":\"https:\/\/tie-products.com\/pl\/produkt\/tie-studio-bluetooth-midi-adaptor-1i1o-e\/#primaryimage\",\"url\":\"https:\/\/tie-products.com\/wp-content\/uploads\/2018\/09\/Midi-1i1o-e-Gesamtansicht-1.jpg\",\"contentUrl\":\"https:\/\/tie-products.com\/wp-content\/uploads\/2018\/09\/Midi-1i1o-e-Gesamtansicht-1.jpg\",\"width\":1024,\"height\":1024},{\"@type\":\"BreadcrumbList\",\"@id\":\"https:\/\/tie-products.com\/pl\/produkt\/tie-studio-bluetooth-midi-adaptor-1i1o-e\/#breadcrumb\",\"itemListElement\":[{\"@type\":\"ListItem\",\"position\":1,\"name\":\"Home\",\"item\":\"https:\/\/tie-products.com\/pl\/\"},{\"@type\":\"ListItem\",\"position\":2,\"name\":\"Shop\",\"item\":\"https:\/\/tie-products.com\/shop\/\"},{\"@type\":\"ListItem\",\"position\":3,\"name\":\"TIE Studio &#8211; adapter Bluetooth MIDI Adapter 1i1o-e\"}]},{\"@type\":\"WebSite\",\"@id\":\"https:\/\/tie-products.com\/pl\/#website\",\"url\":\"https:\/\/tie-products.com\/pl\/\",\"name\":\"E-Commerce-Revolution\",\"description\":\"Just another WordPress site\",\"potentialAction\":[{\"@type\":\"SearchAction\",\"target\":{\"@type\":\"EntryPoint\",\"urlTemplate\":\"https:\/\/tie-products.com\/pl\/?s={search_term_string}\"},\"query-input\":{\"@type\":\"PropertyValueSpecification\",\"valueRequired\":true,\"valueName\":\"search_term_string\"}}],\"inLanguage\":\"pl-PL\"}]}<\/script>\n<!-- \/ Yoast SEO plugin. -->","yoast_head_json":{"title":"TIE Studio - adapter Bluetooth MIDI Adapter 1i1o-e - E-Commerce-Revolution","robots":{"index":"index","follow":"follow","max-snippet":"max-snippet:-1","max-image-preview":"max-image-preview:large","max-video-preview":"max-video-preview:-1"},"canonical":"https:\/\/tie-products.com\/pl\/produkt\/tie-studio-bluetooth-midi-adaptor-1i1o-e\/","og_locale":"pl_PL","og_type":"article","og_title":"TIE Studio - adapter Bluetooth MIDI Adapter 1i1o-e - E-Commerce-Revolution","og_description":"Adapter Bluetooth MiDI 1i1o Adapter Bluetooth MIDI 1i1o zosta\u0142 opracowany specjalnie dla mi\u0142o\u015bnik\u00f3w muzyki. Transmisja danych MIDI pomi\u0119dzy instrumentem muzycznym obs\u0142uguj\u0105cym MIDI (np. cyfrowe pianino, syntezator lub Po prostu pod\u0142\u0105cz instrument muzyczny zgodny z Midi z adapterem i zacznij przesy\u0142a\u0107 dane Midi mi\u0119dzy instrumentem a urz\u0105dzeniem przez Bluetooth. Dzi\u0119ki mo\u017cliwo\u015bci niskoenergetycznej transmisji Bluetooth\u00a0umo\u017cliwia edycj\u0119 kompletnych [&hellip;]","og_url":"https:\/\/tie-products.com\/pl\/produkt\/tie-studio-bluetooth-midi-adaptor-1i1o-e\/","og_site_name":"E-Commerce-Revolution","article_modified_time":"2021-01-27T16:43:56+00:00","og_image":[{"width":1024,"height":1024,"url":"https:\/\/tie-products.com\/wp-content\/uploads\/2018\/09\/Midi-1i1o-e-Gesamtansicht-1.jpg","type":"image\/jpeg"}],"twitter_card":"summary_large_image","twitter_misc":{"Szacowany czas czytania":"1 minuta"},"schema":{"@context":"https:\/\/schema.org","@graph":[{"@type":"WebPage","@id":"https:\/\/tie-products.com\/pl\/produkt\/tie-studio-bluetooth-midi-adaptor-1i1o-e\/","url":"https:\/\/tie-products.com\/pl\/produkt\/tie-studio-bluetooth-midi-adaptor-1i1o-e\/","name":"TIE Studio - adapter Bluetooth MIDI Adapter 1i1o-e - E-Commerce-Revolution","isPartOf":{"@id":"https:\/\/tie-products.com\/pl\/#website"},"primaryImageOfPage":{"@id":"https:\/\/tie-products.com\/pl\/produkt\/tie-studio-bluetooth-midi-adaptor-1i1o-e\/#primaryimage"},"image":{"@id":"https:\/\/tie-products.com\/pl\/produkt\/tie-studio-bluetooth-midi-adaptor-1i1o-e\/#primaryimage"},"thumbnailUrl":"https:\/\/tie-products.com\/wp-content\/uploads\/2018\/09\/Midi-1i1o-e-Gesamtansicht-1.jpg","datePublished":"2019-02-16T20:06:10+00:00","dateModified":"2021-01-27T16:43:56+00:00","breadcrumb":{"@id":"https:\/\/tie-products.com\/pl\/produkt\/tie-studio-bluetooth-midi-adaptor-1i1o-e\/#breadcrumb"},"inLanguage":"pl-PL","potentialAction":[{"@type":"ReadAction","target":["https:\/\/tie-products.com\/pl\/produkt\/tie-studio-bluetooth-midi-adaptor-1i1o-e\/"]}]},{"@type":"ImageObject","inLanguage":"pl-PL","@id":"https:\/\/tie-products.com\/pl\/produkt\/tie-studio-bluetooth-midi-adaptor-1i1o-e\/#primaryimage","url":"https:\/\/tie-products.com\/wp-content\/uploads\/2018\/09\/Midi-1i1o-e-Gesamtansicht-1.jpg","contentUrl":"https:\/\/tie-products.com\/wp-content\/uploads\/2018\/09\/Midi-1i1o-e-Gesamtansicht-1.jpg","width":1024,"height":1024},{"@type":"BreadcrumbList","@id":"https:\/\/tie-products.com\/pl\/produkt\/tie-studio-bluetooth-midi-adaptor-1i1o-e\/#breadcrumb","itemListElement":[{"@type":"ListItem","position":1,"name":"Home","item":"https:\/\/tie-products.com\/pl\/"},{"@type":"ListItem","position":2,"name":"Shop","item":"https:\/\/tie-products.com\/shop\/"},{"@type":"ListItem","position":3,"name":"TIE Studio &#8211; adapter Bluetooth MIDI Adapter 1i1o-e"}]},{"@type":"WebSite","@id":"https:\/\/tie-products.com\/pl\/#website","url":"https:\/\/tie-products.com\/pl\/","name":"E-Commerce-Revolution","description":"Just another WordPress site","potentialAction":[{"@type":"SearchAction","target":{"@type":"EntryPoint","urlTemplate":"https:\/\/tie-products.com\/pl\/?s={search_term_string}"},"query-input":{"@type":"PropertyValueSpecification","valueRequired":true,"valueName":"search_term_string"}}],"inLanguage":"pl-PL"}]}},"_links":{"self":[{"href":"https:\/\/tie-products.com\/pl\/wp-json\/wp\/v2\/product\/11662","targetHints":{"allow":["GET"]}}],"collection":[{"href":"https:\/\/tie-products.com\/pl\/wp-json\/wp\/v2\/product"}],"about":[{"href":"https:\/\/tie-products.com\/pl\/wp-json\/wp\/v2\/types\/product"}],"wp:featuredmedia":[{"embeddable":true,"href":"https:\/\/tie-products.com\/pl\/wp-json\/wp\/v2\/media\/11663"}],"wp:attachment":[{"href":"https:\/\/tie-products.com\/pl\/wp-json\/wp\/v2\/media?parent=11662"}],"wp:term":[{"taxonomy":"product_brand","embeddable":true,"href":"https:\/\/tie-products.com\/pl\/wp-json\/wp\/v2\/product_brand?post=11662"},{"taxonomy":"product_cat","embeddable":true,"href":"https:\/\/tie-products.com\/pl\/wp-json\/wp\/v2\/product_cat?post=11662"},{"taxonomy":"product_tag","embeddable":true,"href":"https:\/\/tie-products.com\/pl\/wp-json\/wp\/v2\/product_tag?post=11662"}],"curies":[{"name":"wp","href":"https:\/\/api.w.org\/{rel}","templated":true}]}}