{"id":11660,"date":"2019-02-16T21:06:12","date_gmt":"2019-02-16T20:06:12","guid":{"rendered":"https:\/\/tie-products.netzspitze.cloud\/produkt\/tie-studio-dynamic-xlr-mic-ttdm-1500\/"},"modified":"2021-01-27T16:44:59","modified_gmt":"2021-01-27T16:44:59","slug":"tie-studio-dynamic-xlr-mic-ttdm-1500","status":"publish","type":"product","link":"https:\/\/tie-products.com\/pl\/produkt\/tie-studio-dynamic-xlr-mic-ttdm-1500\/","title":{"rendered":"TIE Studio &#8211; Dynamic XLR Mic (TTDM-1500)"},"content":{"rendered":"<h3><strong>Dynamiczny mikrofon r\u0119czny z w\u0142\u0105cznikiem\/wy\u0142\u0105cznikiem<\/strong><\/h3>\n<p>Mikrofon dynamiczny TIE jest dynamicznym mikrofonem wokalnym z kardioidalnym wzorem biegunowym.<\/p>\n<p>Elegancki i ponadczasowy design nadaje si\u0119 do stosowania w ka\u017cdym \u015brodowisku.<\/p>\n<p>Specjalnie opracowany dla nagra\u0144 wokalnych, sesji karaoke i wykorzystania w domu, promienny i pe\u0142ny charakter d\u017awi\u0119ku zwi\u0119ksza r\u00f3\u017cnorodno\u015b\u0107 g\u0142os\u00f3w wokalnych. Jego solidna konstrukcja \u0142\u0105czy w sobie solidn\u0105 kapsu\u0142\u0119 mikrofonu i niezwykle odporn\u0105 obudow\u0119. Dlatego te\u017c mo\u017ce by\u0107 stosowany r\u00f3wnie\u017c na zewn\u0105trz bez wahania.<\/p>\n<p>Zakres dostawy obejmuje kabel mikrofonu XLR o d\u0142ugo\u015bci 5 m, zacisk mikrofonu i gwintowany adapter.<\/p>\n<p><strong>Cechy<\/strong><\/p>\n<ul>\n<li>Typ: dynamiczny mikrofon g\u0142osowy<\/li>\n<li>Wz\u00f3r biegunowy: kardioidalny<\/li>\n<li>Pasmo przenoszenia: 50 hz &#8211; 16 khz<\/li>\n<li>Czu\u0142o\u015b\u0107: -54 dB \u00b13 dB (0dB = 1V \/ Pa przy 1 khz)<\/li>\n<li>Impedancja wyj\u015bciowa: 500 \u03a9 \u00b1 30% (przy 1 kHz)<\/li>\n<li>Prze\u0142\u0105cznik w\u0142\u0105czania\/wy\u0142\u0105czania: suwak na mikrofonie<\/li>\n<li>Pod\u0142\u0105czenie: XLR<\/li>\n<\/ul>\n<h4><strong>zawarto\u015b\u0107 opakowania<\/strong><\/h4>\n<ul>\n<li>TTDM-1500 Mikrofon dynamiczny TTDM-1500<\/li>\n<li>zacisk mikrofonu<\/li>\n<li>Kabel mikrofonu XLR o d\u0142ugo\u015bci 5 m<\/li>\n<\/ul>\n","protected":false},"excerpt":{"rendered":"<p>Dynamiczny mikrofon r\u0119czny z w\u0142\u0105cznikiem\/wy\u0142\u0105cznikiem Mikrofon dynamiczny TIE jest dynamicznym mikrofonem wokalnym z kardioidalnym wzorem biegunowym. Elegancki i ponadczasowy design nadaje si\u0119 do stosowania w ka\u017cdym \u015brodowisku. Specjalnie opracowany dla nagra\u0144 wokalnych, sesji karaoke i wykorzystania w domu, promienny i pe\u0142ny charakter d\u017awi\u0119ku zwi\u0119ksza r\u00f3\u017cnorodno\u015b\u0107 g\u0142os\u00f3w wokalnych. Jego solidna konstrukcja \u0142\u0105czy w sobie solidn\u0105 kapsu\u0142\u0119 [&hellip;]<\/p>\n","protected":false},"featured_media":11661,"template":"","meta":[],"product_brand":[],"product_cat":[24,25],"product_tag":[],"class_list":{"0":"post-11660","1":"product","2":"type-product","3":"status-publish","4":"has-post-thumbnail","6":"product_cat-tie","7":"product_cat-tie-studio","9":"first","10":"instock","11":"purchasable","12":"product-type-simple"},"yoast_head":"<!-- This site is optimized with the Yoast SEO plugin v25.0 - https:\/\/yoast.com\/wordpress\/plugins\/seo\/ -->\n<title>TIE Studio - Dynamic XLR Mic (TTDM-1500) - E-Commerce-Revolution<\/title>\n<meta name=\"robots\" content=\"index, follow, max-snippet:-1, max-image-preview:large, max-video-preview:-1\" \/>\n<link rel=\"canonical\" href=\"https:\/\/tie-products.com\/pl\/produkt\/tie-studio-dynamic-xlr-mic-ttdm-1500\/\" \/>\n<meta property=\"og:locale\" content=\"pl_PL\" \/>\n<meta property=\"og:type\" content=\"article\" \/>\n<meta property=\"og:title\" content=\"TIE Studio - Dynamic XLR Mic (TTDM-1500) - E-Commerce-Revolution\" \/>\n<meta property=\"og:description\" content=\"Dynamiczny mikrofon r\u0119czny z w\u0142\u0105cznikiem\/wy\u0142\u0105cznikiem Mikrofon dynamiczny TIE jest dynamicznym mikrofonem wokalnym z kardioidalnym wzorem biegunowym. Elegancki i ponadczasowy design nadaje si\u0119 do stosowania w ka\u017cdym \u015brodowisku. Specjalnie opracowany dla nagra\u0144 wokalnych, sesji karaoke i wykorzystania w domu, promienny i pe\u0142ny charakter d\u017awi\u0119ku zwi\u0119ksza r\u00f3\u017cnorodno\u015b\u0107 g\u0142os\u00f3w wokalnych. Jego solidna konstrukcja \u0142\u0105czy w sobie solidn\u0105 kapsu\u0142\u0119 [&hellip;]\" \/>\n<meta property=\"og:url\" content=\"https:\/\/tie-products.com\/pl\/produkt\/tie-studio-dynamic-xlr-mic-ttdm-1500\/\" \/>\n<meta property=\"og:site_name\" content=\"E-Commerce-Revolution\" \/>\n<meta property=\"article:modified_time\" content=\"2021-01-27T16:44:59+00:00\" \/>\n<meta property=\"og:image\" content=\"https:\/\/tie-products.com\/wp-content\/uploads\/2018\/09\/ttdm1500.jpg\" \/>\n\t<meta property=\"og:image:width\" content=\"1024\" \/>\n\t<meta property=\"og:image:height\" content=\"1024\" \/>\n\t<meta property=\"og:image:type\" content=\"image\/jpeg\" \/>\n<meta name=\"twitter:card\" content=\"summary_large_image\" \/>\n<meta name=\"twitter:label1\" content=\"Szacowany czas czytania\" \/>\n\t<meta name=\"twitter:data1\" content=\"1 minuta\" \/>\n<script type=\"application\/ld+json\" class=\"yoast-schema-graph\">{\"@context\":\"https:\/\/schema.org\",\"@graph\":[{\"@type\":\"WebPage\",\"@id\":\"https:\/\/tie-products.com\/pl\/produkt\/tie-studio-dynamic-xlr-mic-ttdm-1500\/\",\"url\":\"https:\/\/tie-products.com\/pl\/produkt\/tie-studio-dynamic-xlr-mic-ttdm-1500\/\",\"name\":\"TIE Studio - Dynamic XLR Mic (TTDM-1500) - E-Commerce-Revolution\",\"isPartOf\":{\"@id\":\"https:\/\/tie-products.com\/pl\/#website\"},\"primaryImageOfPage\":{\"@id\":\"https:\/\/tie-products.com\/pl\/produkt\/tie-studio-dynamic-xlr-mic-ttdm-1500\/#primaryimage\"},\"image\":{\"@id\":\"https:\/\/tie-products.com\/pl\/produkt\/tie-studio-dynamic-xlr-mic-ttdm-1500\/#primaryimage\"},\"thumbnailUrl\":\"https:\/\/tie-products.com\/wp-content\/uploads\/2018\/09\/ttdm1500.jpg\",\"datePublished\":\"2019-02-16T20:06:12+00:00\",\"dateModified\":\"2021-01-27T16:44:59+00:00\",\"breadcrumb\":{\"@id\":\"https:\/\/tie-products.com\/pl\/produkt\/tie-studio-dynamic-xlr-mic-ttdm-1500\/#breadcrumb\"},\"inLanguage\":\"pl-PL\",\"potentialAction\":[{\"@type\":\"ReadAction\",\"target\":[\"https:\/\/tie-products.com\/pl\/produkt\/tie-studio-dynamic-xlr-mic-ttdm-1500\/\"]}]},{\"@type\":\"ImageObject\",\"inLanguage\":\"pl-PL\",\"@id\":\"https:\/\/tie-products.com\/pl\/produkt\/tie-studio-dynamic-xlr-mic-ttdm-1500\/#primaryimage\",\"url\":\"https:\/\/tie-products.com\/wp-content\/uploads\/2018\/09\/ttdm1500.jpg\",\"contentUrl\":\"https:\/\/tie-products.com\/wp-content\/uploads\/2018\/09\/ttdm1500.jpg\",\"width\":1024,\"height\":1024},{\"@type\":\"BreadcrumbList\",\"@id\":\"https:\/\/tie-products.com\/pl\/produkt\/tie-studio-dynamic-xlr-mic-ttdm-1500\/#breadcrumb\",\"itemListElement\":[{\"@type\":\"ListItem\",\"position\":1,\"name\":\"Home\",\"item\":\"https:\/\/tie-products.com\/pl\/\"},{\"@type\":\"ListItem\",\"position\":2,\"name\":\"Shop\",\"item\":\"https:\/\/tie-products.com\/shop\/\"},{\"@type\":\"ListItem\",\"position\":3,\"name\":\"TIE Studio &#8211; Dynamic XLR Mic (TTDM-1500)\"}]},{\"@type\":\"WebSite\",\"@id\":\"https:\/\/tie-products.com\/pl\/#website\",\"url\":\"https:\/\/tie-products.com\/pl\/\",\"name\":\"E-Commerce-Revolution\",\"description\":\"Just another WordPress site\",\"potentialAction\":[{\"@type\":\"SearchAction\",\"target\":{\"@type\":\"EntryPoint\",\"urlTemplate\":\"https:\/\/tie-products.com\/pl\/?s={search_term_string}\"},\"query-input\":{\"@type\":\"PropertyValueSpecification\",\"valueRequired\":true,\"valueName\":\"search_term_string\"}}],\"inLanguage\":\"pl-PL\"}]}<\/script>\n<!-- \/ Yoast SEO plugin. -->","yoast_head_json":{"title":"TIE Studio - Dynamic XLR Mic (TTDM-1500) - E-Commerce-Revolution","robots":{"index":"index","follow":"follow","max-snippet":"max-snippet:-1","max-image-preview":"max-image-preview:large","max-video-preview":"max-video-preview:-1"},"canonical":"https:\/\/tie-products.com\/pl\/produkt\/tie-studio-dynamic-xlr-mic-ttdm-1500\/","og_locale":"pl_PL","og_type":"article","og_title":"TIE Studio - Dynamic XLR Mic (TTDM-1500) - E-Commerce-Revolution","og_description":"Dynamiczny mikrofon r\u0119czny z w\u0142\u0105cznikiem\/wy\u0142\u0105cznikiem Mikrofon dynamiczny TIE jest dynamicznym mikrofonem wokalnym z kardioidalnym wzorem biegunowym. Elegancki i ponadczasowy design nadaje si\u0119 do stosowania w ka\u017cdym \u015brodowisku. Specjalnie opracowany dla nagra\u0144 wokalnych, sesji karaoke i wykorzystania w domu, promienny i pe\u0142ny charakter d\u017awi\u0119ku zwi\u0119ksza r\u00f3\u017cnorodno\u015b\u0107 g\u0142os\u00f3w wokalnych. Jego solidna konstrukcja \u0142\u0105czy w sobie solidn\u0105 kapsu\u0142\u0119 [&hellip;]","og_url":"https:\/\/tie-products.com\/pl\/produkt\/tie-studio-dynamic-xlr-mic-ttdm-1500\/","og_site_name":"E-Commerce-Revolution","article_modified_time":"2021-01-27T16:44:59+00:00","og_image":[{"width":1024,"height":1024,"url":"https:\/\/tie-products.com\/wp-content\/uploads\/2018\/09\/ttdm1500.jpg","type":"image\/jpeg"}],"twitter_card":"summary_large_image","twitter_misc":{"Szacowany czas czytania":"1 minuta"},"schema":{"@context":"https:\/\/schema.org","@graph":[{"@type":"WebPage","@id":"https:\/\/tie-products.com\/pl\/produkt\/tie-studio-dynamic-xlr-mic-ttdm-1500\/","url":"https:\/\/tie-products.com\/pl\/produkt\/tie-studio-dynamic-xlr-mic-ttdm-1500\/","name":"TIE Studio - Dynamic XLR Mic (TTDM-1500) - E-Commerce-Revolution","isPartOf":{"@id":"https:\/\/tie-products.com\/pl\/#website"},"primaryImageOfPage":{"@id":"https:\/\/tie-products.com\/pl\/produkt\/tie-studio-dynamic-xlr-mic-ttdm-1500\/#primaryimage"},"image":{"@id":"https:\/\/tie-products.com\/pl\/produkt\/tie-studio-dynamic-xlr-mic-ttdm-1500\/#primaryimage"},"thumbnailUrl":"https:\/\/tie-products.com\/wp-content\/uploads\/2018\/09\/ttdm1500.jpg","datePublished":"2019-02-16T20:06:12+00:00","dateModified":"2021-01-27T16:44:59+00:00","breadcrumb":{"@id":"https:\/\/tie-products.com\/pl\/produkt\/tie-studio-dynamic-xlr-mic-ttdm-1500\/#breadcrumb"},"inLanguage":"pl-PL","potentialAction":[{"@type":"ReadAction","target":["https:\/\/tie-products.com\/pl\/produkt\/tie-studio-dynamic-xlr-mic-ttdm-1500\/"]}]},{"@type":"ImageObject","inLanguage":"pl-PL","@id":"https:\/\/tie-products.com\/pl\/produkt\/tie-studio-dynamic-xlr-mic-ttdm-1500\/#primaryimage","url":"https:\/\/tie-products.com\/wp-content\/uploads\/2018\/09\/ttdm1500.jpg","contentUrl":"https:\/\/tie-products.com\/wp-content\/uploads\/2018\/09\/ttdm1500.jpg","width":1024,"height":1024},{"@type":"BreadcrumbList","@id":"https:\/\/tie-products.com\/pl\/produkt\/tie-studio-dynamic-xlr-mic-ttdm-1500\/#breadcrumb","itemListElement":[{"@type":"ListItem","position":1,"name":"Home","item":"https:\/\/tie-products.com\/pl\/"},{"@type":"ListItem","position":2,"name":"Shop","item":"https:\/\/tie-products.com\/shop\/"},{"@type":"ListItem","position":3,"name":"TIE Studio &#8211; Dynamic XLR Mic (TTDM-1500)"}]},{"@type":"WebSite","@id":"https:\/\/tie-products.com\/pl\/#website","url":"https:\/\/tie-products.com\/pl\/","name":"E-Commerce-Revolution","description":"Just another WordPress site","potentialAction":[{"@type":"SearchAction","target":{"@type":"EntryPoint","urlTemplate":"https:\/\/tie-products.com\/pl\/?s={search_term_string}"},"query-input":{"@type":"PropertyValueSpecification","valueRequired":true,"valueName":"search_term_string"}}],"inLanguage":"pl-PL"}]}},"_links":{"self":[{"href":"https:\/\/tie-products.com\/pl\/wp-json\/wp\/v2\/product\/11660","targetHints":{"allow":["GET"]}}],"collection":[{"href":"https:\/\/tie-products.com\/pl\/wp-json\/wp\/v2\/product"}],"about":[{"href":"https:\/\/tie-products.com\/pl\/wp-json\/wp\/v2\/types\/product"}],"wp:featuredmedia":[{"embeddable":true,"href":"https:\/\/tie-products.com\/pl\/wp-json\/wp\/v2\/media\/11661"}],"wp:attachment":[{"href":"https:\/\/tie-products.com\/pl\/wp-json\/wp\/v2\/media?parent=11660"}],"wp:term":[{"taxonomy":"product_brand","embeddable":true,"href":"https:\/\/tie-products.com\/pl\/wp-json\/wp\/v2\/product_brand?post=11660"},{"taxonomy":"product_cat","embeddable":true,"href":"https:\/\/tie-products.com\/pl\/wp-json\/wp\/v2\/product_cat?post=11660"},{"taxonomy":"product_tag","embeddable":true,"href":"https:\/\/tie-products.com\/pl\/wp-json\/wp\/v2\/product_tag?post=11660"}],"curies":[{"name":"wp","href":"https:\/\/api.w.org\/{rel}","templated":true}]}}