{"id":11640,"date":"2019-02-16T21:06:06","date_gmt":"2019-02-16T20:06:06","guid":{"rendered":"https:\/\/tie-products.netzspitze.cloud\/produkt\/guitar-stand-pro\/"},"modified":"2021-01-27T16:36:46","modified_gmt":"2021-01-27T16:36:46","slug":"guitar-stand-pro","status":"publish","type":"product","link":"https:\/\/tie-products.com\/pl\/produkt\/guitar-stand-pro\/","title":{"rendered":"Stojak na gitar\u0119 PRO"},"content":{"rendered":"<p><strong>Kompaktowy i bardzo lekki stojak na gitar\u0119 wykonany z aluminium.<\/strong><\/p>\n<p>Wielofunkcyjna, stabilnie sk\u0142adana podstawa w kszta\u0142cie litery A, odpowiednia dla akustyki, koncertu, gitary elektrycznej, basu i banjo. Wykonany jest z wysokiej jako\u015bci aluminium, niezwykle lekki i kompaktowy, dzi\u0119ki czemu jest \u0142atwy w transporcie. Jego podk\u0142adki pod instrumenty wykonane z gumy bez plastyfikator\u00f3w s\u0105 indywidualnie regulowane i chroni\u0105 instrument swoj\u0105 wy\u015bci\u00f3\u0142k\u0105. TIE Stage&#8217;s Guitar Stand PRO mo\u017cna z\u0142o\u017cy\u0107 i z\u0142o\u017cy\u0107 w kilka sekund. Antypo\u015blizgowe gumowe n\u00f3\u017cki zapewniaj\u0105 bezpieczn\u0105 podstaw\u0119.<\/p>\n<p><strong>Cechy<\/strong>:<\/p>\n<ul>\n<li>Kompaktowy i bardzo lekki stojak na gitar\u0119 wykonany z aluminium.<\/li>\n<li>Nadaje si\u0119 do gitary akustycznej, gitary koncertowej, gitary elektrycznej, basowej i banjo.<\/li>\n<li>\u0141atwy do zawalenia si\u0119<\/li>\n<li>Indywidualnie regulowane, beztworzywowe podp\u00f3rki pod instrumenty bez plastyfikator\u00f3w.<\/li>\n<li>Wy\u015bcie\u0142anie w celu ochrony przyrz\u0105du<\/li>\n<li>Antypo\u015blizgowe gumowe n\u00f3\u017cki dla bezpiecznej podpory<\/li>\n<li>\u0141atwo\u015b\u0107 transportu<\/li>\n<li>Kolor: czarny<\/li>\n<li>Wymiary: 320 x 104 x 74 mm.<\/li>\n<li>Waga: 612 g.<\/li>\n<\/ul>\n","protected":false},"excerpt":{"rendered":"<p>Kompaktowy i bardzo lekki stojak na gitar\u0119 wykonany z aluminium. Wielofunkcyjna, stabilnie sk\u0142adana podstawa w kszta\u0142cie litery A, odpowiednia dla akustyki, koncertu, gitary elektrycznej, basu i banjo. Wykonany jest z wysokiej jako\u015bci aluminium, niezwykle lekki i kompaktowy, dzi\u0119ki czemu jest \u0142atwy w transporcie. Jego podk\u0142adki pod instrumenty wykonane z gumy bez plastyfikator\u00f3w s\u0105 indywidualnie regulowane [&hellip;]<\/p>\n","protected":false},"featured_media":11641,"template":"","meta":[],"product_brand":[],"product_cat":[24,28],"product_tag":[],"class_list":{"0":"post-11640","1":"product","2":"type-product","3":"status-publish","4":"has-post-thumbnail","6":"product_cat-tie","7":"product_cat-tie-stage","9":"first","10":"instock","11":"purchasable","12":"product-type-simple"},"yoast_head":"<!-- This site is optimized with the Yoast SEO plugin v25.0 - https:\/\/yoast.com\/wordpress\/plugins\/seo\/ -->\n<title>Stojak na gitar\u0119 PRO - E-Commerce-Revolution<\/title>\n<meta name=\"robots\" content=\"index, follow, max-snippet:-1, max-image-preview:large, max-video-preview:-1\" \/>\n<link rel=\"canonical\" href=\"https:\/\/tie-products.com\/pl\/produkt\/guitar-stand-pro\/\" \/>\n<meta property=\"og:locale\" content=\"pl_PL\" \/>\n<meta property=\"og:type\" content=\"article\" \/>\n<meta property=\"og:title\" content=\"Stojak na gitar\u0119 PRO - E-Commerce-Revolution\" \/>\n<meta property=\"og:description\" content=\"Kompaktowy i bardzo lekki stojak na gitar\u0119 wykonany z aluminium. Wielofunkcyjna, stabilnie sk\u0142adana podstawa w kszta\u0142cie litery A, odpowiednia dla akustyki, koncertu, gitary elektrycznej, basu i banjo. Wykonany jest z wysokiej jako\u015bci aluminium, niezwykle lekki i kompaktowy, dzi\u0119ki czemu jest \u0142atwy w transporcie. Jego podk\u0142adki pod instrumenty wykonane z gumy bez plastyfikator\u00f3w s\u0105 indywidualnie regulowane [&hellip;]\" \/>\n<meta property=\"og:url\" content=\"https:\/\/tie-products.com\/pl\/produkt\/guitar-stand-pro\/\" \/>\n<meta property=\"og:site_name\" content=\"E-Commerce-Revolution\" \/>\n<meta property=\"article:modified_time\" content=\"2021-01-27T16:36:46+00:00\" \/>\n<meta property=\"og:image\" content=\"https:\/\/tie-products.com\/wp-content\/uploads\/2018\/09\/19-90021-TIE-STAGE-Guitar-Stand-Pro.jpg\" \/>\n\t<meta property=\"og:image:width\" content=\"1024\" \/>\n\t<meta property=\"og:image:height\" content=\"1024\" \/>\n\t<meta property=\"og:image:type\" content=\"image\/jpeg\" \/>\n<meta name=\"twitter:card\" content=\"summary_large_image\" \/>\n<meta name=\"twitter:label1\" content=\"Szacowany czas czytania\" \/>\n\t<meta name=\"twitter:data1\" content=\"1 minuta\" \/>\n<script type=\"application\/ld+json\" class=\"yoast-schema-graph\">{\"@context\":\"https:\/\/schema.org\",\"@graph\":[{\"@type\":\"WebPage\",\"@id\":\"https:\/\/tie-products.com\/pl\/produkt\/guitar-stand-pro\/\",\"url\":\"https:\/\/tie-products.com\/pl\/produkt\/guitar-stand-pro\/\",\"name\":\"Stojak na gitar\u0119 PRO - E-Commerce-Revolution\",\"isPartOf\":{\"@id\":\"https:\/\/tie-products.com\/pl\/#website\"},\"primaryImageOfPage\":{\"@id\":\"https:\/\/tie-products.com\/pl\/produkt\/guitar-stand-pro\/#primaryimage\"},\"image\":{\"@id\":\"https:\/\/tie-products.com\/pl\/produkt\/guitar-stand-pro\/#primaryimage\"},\"thumbnailUrl\":\"https:\/\/tie-products.com\/wp-content\/uploads\/2018\/09\/19-90021-TIE-STAGE-Guitar-Stand-Pro.jpg\",\"datePublished\":\"2019-02-16T20:06:06+00:00\",\"dateModified\":\"2021-01-27T16:36:46+00:00\",\"breadcrumb\":{\"@id\":\"https:\/\/tie-products.com\/pl\/produkt\/guitar-stand-pro\/#breadcrumb\"},\"inLanguage\":\"pl-PL\",\"potentialAction\":[{\"@type\":\"ReadAction\",\"target\":[\"https:\/\/tie-products.com\/pl\/produkt\/guitar-stand-pro\/\"]}]},{\"@type\":\"ImageObject\",\"inLanguage\":\"pl-PL\",\"@id\":\"https:\/\/tie-products.com\/pl\/produkt\/guitar-stand-pro\/#primaryimage\",\"url\":\"https:\/\/tie-products.com\/wp-content\/uploads\/2018\/09\/19-90021-TIE-STAGE-Guitar-Stand-Pro.jpg\",\"contentUrl\":\"https:\/\/tie-products.com\/wp-content\/uploads\/2018\/09\/19-90021-TIE-STAGE-Guitar-Stand-Pro.jpg\",\"width\":1024,\"height\":1024},{\"@type\":\"BreadcrumbList\",\"@id\":\"https:\/\/tie-products.com\/pl\/produkt\/guitar-stand-pro\/#breadcrumb\",\"itemListElement\":[{\"@type\":\"ListItem\",\"position\":1,\"name\":\"Home\",\"item\":\"https:\/\/tie-products.com\/pl\/\"},{\"@type\":\"ListItem\",\"position\":2,\"name\":\"Shop\",\"item\":\"https:\/\/tie-products.com\/shop\/\"},{\"@type\":\"ListItem\",\"position\":3,\"name\":\"Stojak na gitar\u0119 PRO\"}]},{\"@type\":\"WebSite\",\"@id\":\"https:\/\/tie-products.com\/pl\/#website\",\"url\":\"https:\/\/tie-products.com\/pl\/\",\"name\":\"E-Commerce-Revolution\",\"description\":\"Just another WordPress site\",\"potentialAction\":[{\"@type\":\"SearchAction\",\"target\":{\"@type\":\"EntryPoint\",\"urlTemplate\":\"https:\/\/tie-products.com\/pl\/?s={search_term_string}\"},\"query-input\":{\"@type\":\"PropertyValueSpecification\",\"valueRequired\":true,\"valueName\":\"search_term_string\"}}],\"inLanguage\":\"pl-PL\"}]}<\/script>\n<!-- \/ Yoast SEO plugin. -->","yoast_head_json":{"title":"Stojak na gitar\u0119 PRO - E-Commerce-Revolution","robots":{"index":"index","follow":"follow","max-snippet":"max-snippet:-1","max-image-preview":"max-image-preview:large","max-video-preview":"max-video-preview:-1"},"canonical":"https:\/\/tie-products.com\/pl\/produkt\/guitar-stand-pro\/","og_locale":"pl_PL","og_type":"article","og_title":"Stojak na gitar\u0119 PRO - E-Commerce-Revolution","og_description":"Kompaktowy i bardzo lekki stojak na gitar\u0119 wykonany z aluminium. Wielofunkcyjna, stabilnie sk\u0142adana podstawa w kszta\u0142cie litery A, odpowiednia dla akustyki, koncertu, gitary elektrycznej, basu i banjo. Wykonany jest z wysokiej jako\u015bci aluminium, niezwykle lekki i kompaktowy, dzi\u0119ki czemu jest \u0142atwy w transporcie. Jego podk\u0142adki pod instrumenty wykonane z gumy bez plastyfikator\u00f3w s\u0105 indywidualnie regulowane [&hellip;]","og_url":"https:\/\/tie-products.com\/pl\/produkt\/guitar-stand-pro\/","og_site_name":"E-Commerce-Revolution","article_modified_time":"2021-01-27T16:36:46+00:00","og_image":[{"width":1024,"height":1024,"url":"https:\/\/tie-products.com\/wp-content\/uploads\/2018\/09\/19-90021-TIE-STAGE-Guitar-Stand-Pro.jpg","type":"image\/jpeg"}],"twitter_card":"summary_large_image","twitter_misc":{"Szacowany czas czytania":"1 minuta"},"schema":{"@context":"https:\/\/schema.org","@graph":[{"@type":"WebPage","@id":"https:\/\/tie-products.com\/pl\/produkt\/guitar-stand-pro\/","url":"https:\/\/tie-products.com\/pl\/produkt\/guitar-stand-pro\/","name":"Stojak na gitar\u0119 PRO - E-Commerce-Revolution","isPartOf":{"@id":"https:\/\/tie-products.com\/pl\/#website"},"primaryImageOfPage":{"@id":"https:\/\/tie-products.com\/pl\/produkt\/guitar-stand-pro\/#primaryimage"},"image":{"@id":"https:\/\/tie-products.com\/pl\/produkt\/guitar-stand-pro\/#primaryimage"},"thumbnailUrl":"https:\/\/tie-products.com\/wp-content\/uploads\/2018\/09\/19-90021-TIE-STAGE-Guitar-Stand-Pro.jpg","datePublished":"2019-02-16T20:06:06+00:00","dateModified":"2021-01-27T16:36:46+00:00","breadcrumb":{"@id":"https:\/\/tie-products.com\/pl\/produkt\/guitar-stand-pro\/#breadcrumb"},"inLanguage":"pl-PL","potentialAction":[{"@type":"ReadAction","target":["https:\/\/tie-products.com\/pl\/produkt\/guitar-stand-pro\/"]}]},{"@type":"ImageObject","inLanguage":"pl-PL","@id":"https:\/\/tie-products.com\/pl\/produkt\/guitar-stand-pro\/#primaryimage","url":"https:\/\/tie-products.com\/wp-content\/uploads\/2018\/09\/19-90021-TIE-STAGE-Guitar-Stand-Pro.jpg","contentUrl":"https:\/\/tie-products.com\/wp-content\/uploads\/2018\/09\/19-90021-TIE-STAGE-Guitar-Stand-Pro.jpg","width":1024,"height":1024},{"@type":"BreadcrumbList","@id":"https:\/\/tie-products.com\/pl\/produkt\/guitar-stand-pro\/#breadcrumb","itemListElement":[{"@type":"ListItem","position":1,"name":"Home","item":"https:\/\/tie-products.com\/pl\/"},{"@type":"ListItem","position":2,"name":"Shop","item":"https:\/\/tie-products.com\/shop\/"},{"@type":"ListItem","position":3,"name":"Stojak na gitar\u0119 PRO"}]},{"@type":"WebSite","@id":"https:\/\/tie-products.com\/pl\/#website","url":"https:\/\/tie-products.com\/pl\/","name":"E-Commerce-Revolution","description":"Just another WordPress site","potentialAction":[{"@type":"SearchAction","target":{"@type":"EntryPoint","urlTemplate":"https:\/\/tie-products.com\/pl\/?s={search_term_string}"},"query-input":{"@type":"PropertyValueSpecification","valueRequired":true,"valueName":"search_term_string"}}],"inLanguage":"pl-PL"}]}},"_links":{"self":[{"href":"https:\/\/tie-products.com\/pl\/wp-json\/wp\/v2\/product\/11640","targetHints":{"allow":["GET"]}}],"collection":[{"href":"https:\/\/tie-products.com\/pl\/wp-json\/wp\/v2\/product"}],"about":[{"href":"https:\/\/tie-products.com\/pl\/wp-json\/wp\/v2\/types\/product"}],"wp:featuredmedia":[{"embeddable":true,"href":"https:\/\/tie-products.com\/pl\/wp-json\/wp\/v2\/media\/11641"}],"wp:attachment":[{"href":"https:\/\/tie-products.com\/pl\/wp-json\/wp\/v2\/media?parent=11640"}],"wp:term":[{"taxonomy":"product_brand","embeddable":true,"href":"https:\/\/tie-products.com\/pl\/wp-json\/wp\/v2\/product_brand?post=11640"},{"taxonomy":"product_cat","embeddable":true,"href":"https:\/\/tie-products.com\/pl\/wp-json\/wp\/v2\/product_cat?post=11640"},{"taxonomy":"product_tag","embeddable":true,"href":"https:\/\/tie-products.com\/pl\/wp-json\/wp\/v2\/product_tag?post=11640"}],"curies":[{"name":"wp","href":"https:\/\/api.w.org\/{rel}","templated":true}]}}