{"id":11631,"date":"2019-02-16T21:06:06","date_gmt":"2019-02-16T20:06:06","guid":{"rendered":"https:\/\/tie-products.netzspitze.cloud\/produkt\/clip-tuner-pro\/"},"modified":"2021-01-27T16:30:35","modified_gmt":"2021-01-27T16:30:35","slug":"clip-tuner-pro","status":"publish","type":"product","link":"https:\/\/tie-products.com\/pl\/produkt\/clip-tuner-pro\/","title":{"rendered":"Clip Tuner PRO"},"content":{"rendered":"<p><strong>Clip Tuner \/ Stimmger\u00e4t \/ Metronom<\/strong><\/p>\n<p>Clip Tuner PRO by TIE Stage to innowacyjne po\u0142\u0105czenie wszechstronnego tunera clip-on dla gitary, bas\u00f3w, skrzypiec, ukulelele i metronomu optycznego. Jasny i czytelny kolorowy wy\u015bwietlacz LCD automatycznie prze\u0142\u0105cza si\u0119 mi\u0119dzy tunerem a metronomem po obr\u00f3ceniu o 180 stopni. Clip Tuner jest \u0142atwy w u\u017cyciu i dzia\u0142a niezwykle precyzyjnie dzi\u0119ki bardzo czu\u0142emu czujnikowi piezoelektrycznemu. Zintegrowany wysokowydajny akumulator litowo-jonowy zapewnia czas pracy akumulatora do 10 godzin i mo\u017cna go wygodnie \u0142adowa\u0107 przez USB za pomoc\u0105 dostarczonego kabla.<\/p>\n<p><strong>Cechy<\/strong>:<\/p>\n<ul>\n<li>Chromatyczny tuner klipsowy i metronom optyczny<\/li>\n<li>Jasny, kolorowy wy\u015bwietlacz LCD<\/li>\n<li>Automatyczne prze\u0142\u0105czanie mi\u0119dzy tunerem\/metronomem przy obrocie wy\u015bwietlacza o 180 stopni.<\/li>\n<li>Mo\u017cliwo\u015b\u0107 \u0142adowania przez USB<\/li>\n<li>Czujnik piezoelektryczny o wysokiej czu\u0142o\u015bci<\/li>\n<li>Kalibracja: 430 &#8211; 450 Hz<\/li>\n<li>Dok\u0142adno\u015b\u0107: +\/- 50 cent\u00f3w<\/li>\n<li>Swobodnie regulowany metronom wizualny<\/li>\n<li>Ciosy: 0-9\/4.<\/li>\n<li>Zakres czasowy metronomu: 30 &#8211; 260 bpm.<\/li>\n<li>przycisk w g\u00f3r\u0119\/w d\u00f3\u0142<\/li>\n<li>Tryby g\u0142osowe: chromatyczny (C) \/ gitara (G) \/ bas (B) \/ skrzypce (V) i ukulelele (U)<\/li>\n<li>Zakres detekcji od A0 (27,5 Hz) do C8 (4186 Hz)<\/li>\n<li>Wy\u015bwietlacz obracany o 360 stopni.<\/li>\n<li>Kolor: czarny<\/li>\n<li>Zintegrowany akumulator 3,7 V \/ 110 mAh litowo-jonowy o wysokiej wydajno\u015bci, kt\u00f3ry mo\u017cna \u0142adowa\u0107.<\/li>\n<li>\u017bywotno\u015b\u0107 baterii: do 10 godzin.<\/li>\n<li>W zestawie kabel USB<\/li>\n<li>Wymiary: 36,5 x 34 x 94 mm<\/li>\n<li>Waga: 35 g.<\/li>\n<\/ul>\n","protected":false},"excerpt":{"rendered":"<p>Clip Tuner \/ Stimmger\u00e4t \/ Metronom Clip Tuner PRO by TIE Stage to innowacyjne po\u0142\u0105czenie wszechstronnego tunera clip-on dla gitary, bas\u00f3w, skrzypiec, ukulelele i metronomu optycznego. Jasny i czytelny kolorowy wy\u015bwietlacz LCD automatycznie prze\u0142\u0105cza si\u0119 mi\u0119dzy tunerem a metronomem po obr\u00f3ceniu o 180 stopni. Clip Tuner jest \u0142atwy w u\u017cyciu i dzia\u0142a niezwykle precyzyjnie dzi\u0119ki [&hellip;]<\/p>\n","protected":false},"featured_media":11632,"template":"","meta":[],"product_brand":[],"product_cat":[24,28],"product_tag":[],"class_list":{"0":"post-11631","1":"product","2":"type-product","3":"status-publish","4":"has-post-thumbnail","6":"product_cat-tie","7":"product_cat-tie-stage","9":"first","10":"instock","11":"purchasable","12":"product-type-simple"},"yoast_head":"<!-- This site is optimized with the Yoast SEO plugin v25.0 - https:\/\/yoast.com\/wordpress\/plugins\/seo\/ -->\n<title>Clip Tuner PRO - E-Commerce-Revolution<\/title>\n<meta name=\"robots\" content=\"index, follow, max-snippet:-1, max-image-preview:large, max-video-preview:-1\" \/>\n<link rel=\"canonical\" href=\"https:\/\/tie-products.com\/pl\/produkt\/clip-tuner-pro\/\" \/>\n<meta property=\"og:locale\" content=\"pl_PL\" \/>\n<meta property=\"og:type\" content=\"article\" \/>\n<meta property=\"og:title\" content=\"Clip Tuner PRO - E-Commerce-Revolution\" \/>\n<meta property=\"og:description\" content=\"Clip Tuner \/ Stimmger\u00e4t \/ Metronom Clip Tuner PRO by TIE Stage to innowacyjne po\u0142\u0105czenie wszechstronnego tunera clip-on dla gitary, bas\u00f3w, skrzypiec, ukulelele i metronomu optycznego. Jasny i czytelny kolorowy wy\u015bwietlacz LCD automatycznie prze\u0142\u0105cza si\u0119 mi\u0119dzy tunerem a metronomem po obr\u00f3ceniu o 180 stopni. Clip Tuner jest \u0142atwy w u\u017cyciu i dzia\u0142a niezwykle precyzyjnie dzi\u0119ki [&hellip;]\" \/>\n<meta property=\"og:url\" content=\"https:\/\/tie-products.com\/pl\/produkt\/clip-tuner-pro\/\" \/>\n<meta property=\"og:site_name\" content=\"E-Commerce-Revolution\" \/>\n<meta property=\"article:modified_time\" content=\"2021-01-27T16:30:35+00:00\" \/>\n<meta property=\"og:image\" content=\"https:\/\/tie-products.com\/wp-content\/uploads\/2018\/09\/19-90022-TIE-STAGE-Clip-Tuner-PRO.jpg\" \/>\n\t<meta property=\"og:image:width\" content=\"1024\" \/>\n\t<meta property=\"og:image:height\" content=\"1024\" \/>\n\t<meta property=\"og:image:type\" content=\"image\/jpeg\" \/>\n<meta name=\"twitter:card\" content=\"summary_large_image\" \/>\n<meta name=\"twitter:label1\" content=\"Szacowany czas czytania\" \/>\n\t<meta name=\"twitter:data1\" content=\"1 minuta\" \/>\n<script type=\"application\/ld+json\" class=\"yoast-schema-graph\">{\"@context\":\"https:\/\/schema.org\",\"@graph\":[{\"@type\":\"WebPage\",\"@id\":\"https:\/\/tie-products.com\/pl\/produkt\/clip-tuner-pro\/\",\"url\":\"https:\/\/tie-products.com\/pl\/produkt\/clip-tuner-pro\/\",\"name\":\"Clip Tuner PRO - E-Commerce-Revolution\",\"isPartOf\":{\"@id\":\"https:\/\/tie-products.com\/pl\/#website\"},\"primaryImageOfPage\":{\"@id\":\"https:\/\/tie-products.com\/pl\/produkt\/clip-tuner-pro\/#primaryimage\"},\"image\":{\"@id\":\"https:\/\/tie-products.com\/pl\/produkt\/clip-tuner-pro\/#primaryimage\"},\"thumbnailUrl\":\"https:\/\/tie-products.com\/wp-content\/uploads\/2018\/09\/19-90022-TIE-STAGE-Clip-Tuner-PRO.jpg\",\"datePublished\":\"2019-02-16T20:06:06+00:00\",\"dateModified\":\"2021-01-27T16:30:35+00:00\",\"breadcrumb\":{\"@id\":\"https:\/\/tie-products.com\/pl\/produkt\/clip-tuner-pro\/#breadcrumb\"},\"inLanguage\":\"pl-PL\",\"potentialAction\":[{\"@type\":\"ReadAction\",\"target\":[\"https:\/\/tie-products.com\/pl\/produkt\/clip-tuner-pro\/\"]}]},{\"@type\":\"ImageObject\",\"inLanguage\":\"pl-PL\",\"@id\":\"https:\/\/tie-products.com\/pl\/produkt\/clip-tuner-pro\/#primaryimage\",\"url\":\"https:\/\/tie-products.com\/wp-content\/uploads\/2018\/09\/19-90022-TIE-STAGE-Clip-Tuner-PRO.jpg\",\"contentUrl\":\"https:\/\/tie-products.com\/wp-content\/uploads\/2018\/09\/19-90022-TIE-STAGE-Clip-Tuner-PRO.jpg\",\"width\":1024,\"height\":1024},{\"@type\":\"BreadcrumbList\",\"@id\":\"https:\/\/tie-products.com\/pl\/produkt\/clip-tuner-pro\/#breadcrumb\",\"itemListElement\":[{\"@type\":\"ListItem\",\"position\":1,\"name\":\"Home\",\"item\":\"https:\/\/tie-products.com\/pl\/\"},{\"@type\":\"ListItem\",\"position\":2,\"name\":\"Shop\",\"item\":\"https:\/\/tie-products.com\/shop\/\"},{\"@type\":\"ListItem\",\"position\":3,\"name\":\"Clip Tuner PRO\"}]},{\"@type\":\"WebSite\",\"@id\":\"https:\/\/tie-products.com\/pl\/#website\",\"url\":\"https:\/\/tie-products.com\/pl\/\",\"name\":\"E-Commerce-Revolution\",\"description\":\"Just another WordPress site\",\"potentialAction\":[{\"@type\":\"SearchAction\",\"target\":{\"@type\":\"EntryPoint\",\"urlTemplate\":\"https:\/\/tie-products.com\/pl\/?s={search_term_string}\"},\"query-input\":{\"@type\":\"PropertyValueSpecification\",\"valueRequired\":true,\"valueName\":\"search_term_string\"}}],\"inLanguage\":\"pl-PL\"}]}<\/script>\n<!-- \/ Yoast SEO plugin. -->","yoast_head_json":{"title":"Clip Tuner PRO - E-Commerce-Revolution","robots":{"index":"index","follow":"follow","max-snippet":"max-snippet:-1","max-image-preview":"max-image-preview:large","max-video-preview":"max-video-preview:-1"},"canonical":"https:\/\/tie-products.com\/pl\/produkt\/clip-tuner-pro\/","og_locale":"pl_PL","og_type":"article","og_title":"Clip Tuner PRO - E-Commerce-Revolution","og_description":"Clip Tuner \/ Stimmger\u00e4t \/ Metronom Clip Tuner PRO by TIE Stage to innowacyjne po\u0142\u0105czenie wszechstronnego tunera clip-on dla gitary, bas\u00f3w, skrzypiec, ukulelele i metronomu optycznego. Jasny i czytelny kolorowy wy\u015bwietlacz LCD automatycznie prze\u0142\u0105cza si\u0119 mi\u0119dzy tunerem a metronomem po obr\u00f3ceniu o 180 stopni. Clip Tuner jest \u0142atwy w u\u017cyciu i dzia\u0142a niezwykle precyzyjnie dzi\u0119ki [&hellip;]","og_url":"https:\/\/tie-products.com\/pl\/produkt\/clip-tuner-pro\/","og_site_name":"E-Commerce-Revolution","article_modified_time":"2021-01-27T16:30:35+00:00","og_image":[{"width":1024,"height":1024,"url":"https:\/\/tie-products.com\/wp-content\/uploads\/2018\/09\/19-90022-TIE-STAGE-Clip-Tuner-PRO.jpg","type":"image\/jpeg"}],"twitter_card":"summary_large_image","twitter_misc":{"Szacowany czas czytania":"1 minuta"},"schema":{"@context":"https:\/\/schema.org","@graph":[{"@type":"WebPage","@id":"https:\/\/tie-products.com\/pl\/produkt\/clip-tuner-pro\/","url":"https:\/\/tie-products.com\/pl\/produkt\/clip-tuner-pro\/","name":"Clip Tuner PRO - E-Commerce-Revolution","isPartOf":{"@id":"https:\/\/tie-products.com\/pl\/#website"},"primaryImageOfPage":{"@id":"https:\/\/tie-products.com\/pl\/produkt\/clip-tuner-pro\/#primaryimage"},"image":{"@id":"https:\/\/tie-products.com\/pl\/produkt\/clip-tuner-pro\/#primaryimage"},"thumbnailUrl":"https:\/\/tie-products.com\/wp-content\/uploads\/2018\/09\/19-90022-TIE-STAGE-Clip-Tuner-PRO.jpg","datePublished":"2019-02-16T20:06:06+00:00","dateModified":"2021-01-27T16:30:35+00:00","breadcrumb":{"@id":"https:\/\/tie-products.com\/pl\/produkt\/clip-tuner-pro\/#breadcrumb"},"inLanguage":"pl-PL","potentialAction":[{"@type":"ReadAction","target":["https:\/\/tie-products.com\/pl\/produkt\/clip-tuner-pro\/"]}]},{"@type":"ImageObject","inLanguage":"pl-PL","@id":"https:\/\/tie-products.com\/pl\/produkt\/clip-tuner-pro\/#primaryimage","url":"https:\/\/tie-products.com\/wp-content\/uploads\/2018\/09\/19-90022-TIE-STAGE-Clip-Tuner-PRO.jpg","contentUrl":"https:\/\/tie-products.com\/wp-content\/uploads\/2018\/09\/19-90022-TIE-STAGE-Clip-Tuner-PRO.jpg","width":1024,"height":1024},{"@type":"BreadcrumbList","@id":"https:\/\/tie-products.com\/pl\/produkt\/clip-tuner-pro\/#breadcrumb","itemListElement":[{"@type":"ListItem","position":1,"name":"Home","item":"https:\/\/tie-products.com\/pl\/"},{"@type":"ListItem","position":2,"name":"Shop","item":"https:\/\/tie-products.com\/shop\/"},{"@type":"ListItem","position":3,"name":"Clip Tuner PRO"}]},{"@type":"WebSite","@id":"https:\/\/tie-products.com\/pl\/#website","url":"https:\/\/tie-products.com\/pl\/","name":"E-Commerce-Revolution","description":"Just another WordPress site","potentialAction":[{"@type":"SearchAction","target":{"@type":"EntryPoint","urlTemplate":"https:\/\/tie-products.com\/pl\/?s={search_term_string}"},"query-input":{"@type":"PropertyValueSpecification","valueRequired":true,"valueName":"search_term_string"}}],"inLanguage":"pl-PL"}]}},"_links":{"self":[{"href":"https:\/\/tie-products.com\/pl\/wp-json\/wp\/v2\/product\/11631","targetHints":{"allow":["GET"]}}],"collection":[{"href":"https:\/\/tie-products.com\/pl\/wp-json\/wp\/v2\/product"}],"about":[{"href":"https:\/\/tie-products.com\/pl\/wp-json\/wp\/v2\/types\/product"}],"wp:featuredmedia":[{"embeddable":true,"href":"https:\/\/tie-products.com\/pl\/wp-json\/wp\/v2\/media\/11632"}],"wp:attachment":[{"href":"https:\/\/tie-products.com\/pl\/wp-json\/wp\/v2\/media?parent=11631"}],"wp:term":[{"taxonomy":"product_brand","embeddable":true,"href":"https:\/\/tie-products.com\/pl\/wp-json\/wp\/v2\/product_brand?post=11631"},{"taxonomy":"product_cat","embeddable":true,"href":"https:\/\/tie-products.com\/pl\/wp-json\/wp\/v2\/product_cat?post=11631"},{"taxonomy":"product_tag","embeddable":true,"href":"https:\/\/tie-products.com\/pl\/wp-json\/wp\/v2\/product_tag?post=11631"}],"curies":[{"name":"wp","href":"https:\/\/api.w.org\/{rel}","templated":true}]}}