{"id":11622,"date":"2019-02-16T21:06:08","date_gmt":"2019-02-16T20:06:08","guid":{"rendered":"https:\/\/tie-products.netzspitze.cloud\/produkt\/led-lamp\/"},"modified":"2019-02-16T21:06:08","modified_gmt":"2019-02-16T20:06:08","slug":"led-lamp","status":"publish","type":"product","link":"https:\/\/tie-products.com\/pl\/produkt\/led-lamp\/","title":{"rendered":"LED Lamp"},"content":{"rendered":"\n\t\t<style type=\"text\/css\">\n\t\t\t#gallery-1 {\n\t\t\t\tmargin: auto;\n\t\t\t}\n\t\t\t#gallery-1 .gallery-item {\n\t\t\t\tfloat: left;\n\t\t\t\tmargin-top: 10px;\n\t\t\t\ttext-align: center;\n\t\t\t\twidth: 33%;\n\t\t\t}\n\t\t\t#gallery-1 img {\n\t\t\t\tborder: 2px solid #cfcfcf;\n\t\t\t}\n\t\t\t#gallery-1 .gallery-caption {\n\t\t\t\tmargin-left: 0;\n\t\t\t}\n\t\t\t\/* see gallery_shortcode() in wp-includes\/media.php *\/\n\t\t<\/style>\n\t\t<div id='gallery-1' class='gallery galleryid-11622 gallery-columns-3 gallery-size-thumbnail'><dl class='gallery-item'>\n\t\t\t<dt class='gallery-icon landscape'>\n\t\t\t\t<a href='https:\/\/tie-products.com\/pl\/?attachment_id=10894'><img loading=\"lazy\" decoding=\"async\" width=\"80\" height=\"80\" src=\"https:\/\/tie-products.com\/wp-content\/uploads\/2018\/09\/19-90024-TIE-STAGE-LED-Lamp-80x80.jpg\" class=\"attachment-thumbnail size-thumbnail\" alt=\"\" aria-describedby=\"gallery-1-10894\" srcset=\"https:\/\/tie-products.com\/wp-content\/uploads\/2018\/09\/19-90024-TIE-STAGE-LED-Lamp-80x80.jpg 80w, https:\/\/tie-products.com\/wp-content\/uploads\/2018\/09\/19-90024-TIE-STAGE-LED-Lamp-300x300.jpg 300w, https:\/\/tie-products.com\/wp-content\/uploads\/2018\/09\/19-90024-TIE-STAGE-LED-Lamp-100x100.jpg 100w, https:\/\/tie-products.com\/wp-content\/uploads\/2018\/09\/19-90024-TIE-STAGE-LED-Lamp-600x600.jpg 600w, https:\/\/tie-products.com\/wp-content\/uploads\/2018\/09\/19-90024-TIE-STAGE-LED-Lamp-768x768.jpg 768w, https:\/\/tie-products.com\/wp-content\/uploads\/2018\/09\/19-90024-TIE-STAGE-LED-Lamp-36x36.jpg 36w, https:\/\/tie-products.com\/wp-content\/uploads\/2018\/09\/19-90024-TIE-STAGE-LED-Lamp-180x180.jpg 180w, https:\/\/tie-products.com\/wp-content\/uploads\/2018\/09\/19-90024-TIE-STAGE-LED-Lamp-705x705.jpg 705w, https:\/\/tie-products.com\/wp-content\/uploads\/2018\/09\/19-90024-TIE-STAGE-LED-Lamp.jpg 1024w\" sizes=\"auto, (max-width: 80px) 100vw, 80px\" \/><\/a>\n\t\t\t<\/dt>\n\t\t\t\t<dd class='wp-caption-text gallery-caption' id='gallery-1-10894'>\n\t\t\t\tLED Lamp\n\t\t\t\t<\/dd><\/dl><dl class='gallery-item'>\n\t\t\t<dt class='gallery-icon landscape'>\n\t\t\t\t<a href='https:\/\/tie-products.com\/pl\/?attachment_id=10895'><img loading=\"lazy\" decoding=\"async\" width=\"80\" height=\"80\" src=\"https:\/\/tie-products.com\/wp-content\/uploads\/2018\/09\/19-90024-TIE-STAGE-LED-Lamp-zusammengeklappt-80x80.jpg\" class=\"attachment-thumbnail size-thumbnail\" alt=\"\" aria-describedby=\"gallery-1-10895\" srcset=\"https:\/\/tie-products.com\/wp-content\/uploads\/2018\/09\/19-90024-TIE-STAGE-LED-Lamp-zusammengeklappt-80x80.jpg 80w, https:\/\/tie-products.com\/wp-content\/uploads\/2018\/09\/19-90024-TIE-STAGE-LED-Lamp-zusammengeklappt-300x300.jpg 300w, https:\/\/tie-products.com\/wp-content\/uploads\/2018\/09\/19-90024-TIE-STAGE-LED-Lamp-zusammengeklappt-100x100.jpg 100w, https:\/\/tie-products.com\/wp-content\/uploads\/2018\/09\/19-90024-TIE-STAGE-LED-Lamp-zusammengeklappt-600x600.jpg 600w, https:\/\/tie-products.com\/wp-content\/uploads\/2018\/09\/19-90024-TIE-STAGE-LED-Lamp-zusammengeklappt-768x768.jpg 768w, https:\/\/tie-products.com\/wp-content\/uploads\/2018\/09\/19-90024-TIE-STAGE-LED-Lamp-zusammengeklappt-36x36.jpg 36w, https:\/\/tie-products.com\/wp-content\/uploads\/2018\/09\/19-90024-TIE-STAGE-LED-Lamp-zusammengeklappt-180x180.jpg 180w, https:\/\/tie-products.com\/wp-content\/uploads\/2018\/09\/19-90024-TIE-STAGE-LED-Lamp-zusammengeklappt-705x705.jpg 705w, https:\/\/tie-products.com\/wp-content\/uploads\/2018\/09\/19-90024-TIE-STAGE-LED-Lamp-zusammengeklappt.jpg 1024w\" sizes=\"auto, (max-width: 80px) 100vw, 80px\" \/><\/a>\n\t\t\t<\/dt>\n\t\t\t\t<dd class='wp-caption-text gallery-caption' id='gallery-1-10895'>\n\t\t\t\tLED Lamp\n\t\t\t\t<\/dd><\/dl><dl class='gallery-item'>\n\t\t\t<dt class='gallery-icon portrait'>\n\t\t\t\t<a href='https:\/\/tie-products.com\/pl\/?attachment_id=9756'><img loading=\"lazy\" decoding=\"async\" width=\"80\" height=\"80\" src=\"https:\/\/tie-products.com\/wp-content\/uploads\/2016\/05\/19-90024-TIE-STAGE-LED-Lamp-mockup-80x80.jpg\" class=\"attachment-thumbnail size-thumbnail\" alt=\"\" aria-describedby=\"gallery-1-9756\" srcset=\"https:\/\/tie-products.com\/wp-content\/uploads\/2016\/05\/19-90024-TIE-STAGE-LED-Lamp-mockup-80x80.jpg 80w, https:\/\/tie-products.com\/wp-content\/uploads\/2016\/05\/19-90024-TIE-STAGE-LED-Lamp-mockup-300x300.jpg 300w, https:\/\/tie-products.com\/wp-content\/uploads\/2016\/05\/19-90024-TIE-STAGE-LED-Lamp-mockup-100x100.jpg 100w, https:\/\/tie-products.com\/wp-content\/uploads\/2016\/05\/19-90024-TIE-STAGE-LED-Lamp-mockup-600x601.jpg 600w, https:\/\/tie-products.com\/wp-content\/uploads\/2016\/05\/19-90024-TIE-STAGE-LED-Lamp-mockup-768x769.jpg 768w, https:\/\/tie-products.com\/wp-content\/uploads\/2016\/05\/19-90024-TIE-STAGE-LED-Lamp-mockup-36x36.jpg 36w, https:\/\/tie-products.com\/wp-content\/uploads\/2016\/05\/19-90024-TIE-STAGE-LED-Lamp-mockup-180x180.jpg 180w, https:\/\/tie-products.com\/wp-content\/uploads\/2016\/05\/19-90024-TIE-STAGE-LED-Lamp-mockup-705x705.jpg 705w, https:\/\/tie-products.com\/wp-content\/uploads\/2016\/05\/19-90024-TIE-STAGE-LED-Lamp-mockup.jpg 1024w\" sizes=\"auto, (max-width: 80px) 100vw, 80px\" \/><\/a>\n\t\t\t<\/dt>\n\t\t\t\t<dd class='wp-caption-text gallery-caption' id='gallery-1-9756'>\n\t\t\t\tLED Lamp\n\t\t\t\t<\/dd><\/dl><br style=\"clear: both\" \/>\n\t\t<\/div>\n\n<p><strong>Wiederaufladbare LED Clip-On Notenpultleuchte\/Standlampe<\/strong><\/p>\n<p>Die TIE Stage LED Lamp kann als mobile Clip-On Notenpultleuchte sowie als Standlampe verwendet werden. Sie eignet sich f\u00fcr alle g\u00e4ngigen Notenstative am Markt und kann zus\u00e4tzlich als Klavierlampe oder Beleuchtung auf der B\u00fchne genutzt werden. Dank der verwendeten LED-Technik produziert sie ein sehr helles Licht und verbraucht dabei gleichzeitig sehr wenig Energie. Der integrierte, \u00fcber das mitgelieferte USB Kabel wiederaufladbare 1200 mA Akku sorgt f\u00fcr einen Dauereinsatz von bis zu 6 Stunden und macht so l\u00e4stige <span class=\"a-list-item\">Batteriewechsel \u00fcberfl\u00fcssig. <\/span>F\u00fcr die Helligkeit stehen ein Tageslicht-Modus mit 100% sowie ein Nachtlicht-Modus mit 20% Helligkeit zur Verf\u00fcgung. Durch das faltbare und kompakte Design ist die TIE Stage LED Lamp bequem zu transportieren. Komplett gefaltet schaltet sich das Licht automatisch aus.<\/p>\n<p><strong>Features<\/strong><\/p>\n<ul>\n<li>Wiederaufladbare LED Clip-On Notenpultleuchte\/Standlampe<\/li>\n<li>Faltbares und kompaktes Design<\/li>\n<li>Helligkeit in zwei Stufen einstellbar (Tageslicht-Modus 100% \/ Nachtlicht-Modus 20%)<\/li>\n<li>Tageslichtwei\u00df<\/li>\n<li>Integrierter 1200 mA Hochleistungs-Akku<\/li>\n<li>Aufladen \u00fcber integrierten USB-Anschluss (DC 5 Volt)<\/li>\n<li>Akku-Laufzeit: bis zu 6 Stunden<\/li>\n<li>LED-Ladeanzeige (leuchtet gr\u00fcn beim Ladevorgang \/ rot wenn aufgeladen)<\/li>\n<li>Automatische Abschaltung, wenn gefaltet<\/li>\n<li>Inklusive USB-Kabel<\/li>\n<li>Farbe: schwarz<\/li>\n<li>Abmessungen (gefaltet): 120 x 65 x 50 mm<\/li>\n<li>Gewicht: 154 g<\/li>\n<\/ul>\n","protected":false},"excerpt":{"rendered":"<p>Wiederaufladbare LED Clip-On Notenpultleuchte\/Standlampe Die TIE Stage LED Lamp kann als mobile Clip-On Notenpultleuchte sowie als Standlampe verwendet werden. Sie eignet sich f\u00fcr alle g\u00e4ngigen Notenstative am Markt und kann zus\u00e4tzlich als Klavierlampe oder Beleuchtung auf der B\u00fchne genutzt werden. Dank der verwendeten LED-Technik produziert sie ein sehr helles Licht und verbraucht dabei gleichzeitig sehr [&hellip;]<\/p>\n","protected":false},"featured_media":11623,"template":"","meta":[],"product_brand":[],"product_cat":[24,28],"product_tag":[],"class_list":{"0":"post-11622","1":"product","2":"type-product","3":"status-publish","4":"has-post-thumbnail","6":"product_cat-tie","7":"product_cat-tie-stage","9":"first","10":"instock","11":"purchasable","12":"product-type-simple"},"yoast_head":"<!-- This site is optimized with the Yoast SEO plugin v25.0 - https:\/\/yoast.com\/wordpress\/plugins\/seo\/ -->\n<title>LED Lamp - E-Commerce-Revolution<\/title>\n<meta name=\"robots\" content=\"index, follow, max-snippet:-1, max-image-preview:large, max-video-preview:-1\" \/>\n<link rel=\"canonical\" href=\"https:\/\/tie-products.com\/pl\/produkt\/led-lamp\/\" \/>\n<meta property=\"og:locale\" content=\"pl_PL\" \/>\n<meta property=\"og:type\" content=\"article\" \/>\n<meta property=\"og:title\" content=\"LED Lamp - E-Commerce-Revolution\" \/>\n<meta property=\"og:description\" content=\"Wiederaufladbare LED Clip-On Notenpultleuchte\/Standlampe Die TIE Stage LED Lamp kann als mobile Clip-On Notenpultleuchte sowie als Standlampe verwendet werden. Sie eignet sich f\u00fcr alle g\u00e4ngigen Notenstative am Markt und kann zus\u00e4tzlich als Klavierlampe oder Beleuchtung auf der B\u00fchne genutzt werden. Dank der verwendeten LED-Technik produziert sie ein sehr helles Licht und verbraucht dabei gleichzeitig sehr [&hellip;]\" \/>\n<meta property=\"og:url\" content=\"https:\/\/tie-products.com\/pl\/produkt\/led-lamp\/\" \/>\n<meta property=\"og:site_name\" content=\"E-Commerce-Revolution\" \/>\n<meta property=\"og:image\" content=\"https:\/\/tie-products.com\/wp-content\/uploads\/2018\/09\/19-90024-TIE-STAGE-LED-Lamp-vorne.jpg\" \/>\n\t<meta property=\"og:image:width\" content=\"1024\" \/>\n\t<meta property=\"og:image:height\" content=\"1024\" \/>\n\t<meta property=\"og:image:type\" content=\"image\/jpeg\" \/>\n<meta name=\"twitter:card\" content=\"summary_large_image\" \/>\n<meta name=\"twitter:label1\" content=\"Szacowany czas czytania\" \/>\n\t<meta name=\"twitter:data1\" content=\"1 minuta\" \/>\n<script type=\"application\/ld+json\" class=\"yoast-schema-graph\">{\"@context\":\"https:\/\/schema.org\",\"@graph\":[{\"@type\":\"WebPage\",\"@id\":\"https:\/\/tie-products.com\/pl\/produkt\/led-lamp\/\",\"url\":\"https:\/\/tie-products.com\/pl\/produkt\/led-lamp\/\",\"name\":\"LED Lamp - E-Commerce-Revolution\",\"isPartOf\":{\"@id\":\"https:\/\/tie-products.com\/pl\/#website\"},\"primaryImageOfPage\":{\"@id\":\"https:\/\/tie-products.com\/pl\/produkt\/led-lamp\/#primaryimage\"},\"image\":{\"@id\":\"https:\/\/tie-products.com\/pl\/produkt\/led-lamp\/#primaryimage\"},\"thumbnailUrl\":\"https:\/\/tie-products.com\/wp-content\/uploads\/2018\/09\/19-90024-TIE-STAGE-LED-Lamp-vorne.jpg\",\"datePublished\":\"2019-02-16T20:06:08+00:00\",\"breadcrumb\":{\"@id\":\"https:\/\/tie-products.com\/pl\/produkt\/led-lamp\/#breadcrumb\"},\"inLanguage\":\"pl-PL\",\"potentialAction\":[{\"@type\":\"ReadAction\",\"target\":[\"https:\/\/tie-products.com\/pl\/produkt\/led-lamp\/\"]}]},{\"@type\":\"ImageObject\",\"inLanguage\":\"pl-PL\",\"@id\":\"https:\/\/tie-products.com\/pl\/produkt\/led-lamp\/#primaryimage\",\"url\":\"https:\/\/tie-products.com\/wp-content\/uploads\/2018\/09\/19-90024-TIE-STAGE-LED-Lamp-vorne.jpg\",\"contentUrl\":\"https:\/\/tie-products.com\/wp-content\/uploads\/2018\/09\/19-90024-TIE-STAGE-LED-Lamp-vorne.jpg\",\"width\":1024,\"height\":1024},{\"@type\":\"BreadcrumbList\",\"@id\":\"https:\/\/tie-products.com\/pl\/produkt\/led-lamp\/#breadcrumb\",\"itemListElement\":[{\"@type\":\"ListItem\",\"position\":1,\"name\":\"Home\",\"item\":\"https:\/\/tie-products.com\/pl\/\"},{\"@type\":\"ListItem\",\"position\":2,\"name\":\"Shop\",\"item\":\"https:\/\/tie-products.com\/shop\/\"},{\"@type\":\"ListItem\",\"position\":3,\"name\":\"LED Lamp\"}]},{\"@type\":\"WebSite\",\"@id\":\"https:\/\/tie-products.com\/pl\/#website\",\"url\":\"https:\/\/tie-products.com\/pl\/\",\"name\":\"E-Commerce-Revolution\",\"description\":\"Just another WordPress site\",\"potentialAction\":[{\"@type\":\"SearchAction\",\"target\":{\"@type\":\"EntryPoint\",\"urlTemplate\":\"https:\/\/tie-products.com\/pl\/?s={search_term_string}\"},\"query-input\":{\"@type\":\"PropertyValueSpecification\",\"valueRequired\":true,\"valueName\":\"search_term_string\"}}],\"inLanguage\":\"pl-PL\"}]}<\/script>\n<!-- \/ Yoast SEO plugin. -->","yoast_head_json":{"title":"LED Lamp - E-Commerce-Revolution","robots":{"index":"index","follow":"follow","max-snippet":"max-snippet:-1","max-image-preview":"max-image-preview:large","max-video-preview":"max-video-preview:-1"},"canonical":"https:\/\/tie-products.com\/pl\/produkt\/led-lamp\/","og_locale":"pl_PL","og_type":"article","og_title":"LED Lamp - E-Commerce-Revolution","og_description":"Wiederaufladbare LED Clip-On Notenpultleuchte\/Standlampe Die TIE Stage LED Lamp kann als mobile Clip-On Notenpultleuchte sowie als Standlampe verwendet werden. Sie eignet sich f\u00fcr alle g\u00e4ngigen Notenstative am Markt und kann zus\u00e4tzlich als Klavierlampe oder Beleuchtung auf der B\u00fchne genutzt werden. Dank der verwendeten LED-Technik produziert sie ein sehr helles Licht und verbraucht dabei gleichzeitig sehr [&hellip;]","og_url":"https:\/\/tie-products.com\/pl\/produkt\/led-lamp\/","og_site_name":"E-Commerce-Revolution","og_image":[{"width":1024,"height":1024,"url":"https:\/\/tie-products.com\/wp-content\/uploads\/2018\/09\/19-90024-TIE-STAGE-LED-Lamp-vorne.jpg","type":"image\/jpeg"}],"twitter_card":"summary_large_image","twitter_misc":{"Szacowany czas czytania":"1 minuta"},"schema":{"@context":"https:\/\/schema.org","@graph":[{"@type":"WebPage","@id":"https:\/\/tie-products.com\/pl\/produkt\/led-lamp\/","url":"https:\/\/tie-products.com\/pl\/produkt\/led-lamp\/","name":"LED Lamp - E-Commerce-Revolution","isPartOf":{"@id":"https:\/\/tie-products.com\/pl\/#website"},"primaryImageOfPage":{"@id":"https:\/\/tie-products.com\/pl\/produkt\/led-lamp\/#primaryimage"},"image":{"@id":"https:\/\/tie-products.com\/pl\/produkt\/led-lamp\/#primaryimage"},"thumbnailUrl":"https:\/\/tie-products.com\/wp-content\/uploads\/2018\/09\/19-90024-TIE-STAGE-LED-Lamp-vorne.jpg","datePublished":"2019-02-16T20:06:08+00:00","breadcrumb":{"@id":"https:\/\/tie-products.com\/pl\/produkt\/led-lamp\/#breadcrumb"},"inLanguage":"pl-PL","potentialAction":[{"@type":"ReadAction","target":["https:\/\/tie-products.com\/pl\/produkt\/led-lamp\/"]}]},{"@type":"ImageObject","inLanguage":"pl-PL","@id":"https:\/\/tie-products.com\/pl\/produkt\/led-lamp\/#primaryimage","url":"https:\/\/tie-products.com\/wp-content\/uploads\/2018\/09\/19-90024-TIE-STAGE-LED-Lamp-vorne.jpg","contentUrl":"https:\/\/tie-products.com\/wp-content\/uploads\/2018\/09\/19-90024-TIE-STAGE-LED-Lamp-vorne.jpg","width":1024,"height":1024},{"@type":"BreadcrumbList","@id":"https:\/\/tie-products.com\/pl\/produkt\/led-lamp\/#breadcrumb","itemListElement":[{"@type":"ListItem","position":1,"name":"Home","item":"https:\/\/tie-products.com\/pl\/"},{"@type":"ListItem","position":2,"name":"Shop","item":"https:\/\/tie-products.com\/shop\/"},{"@type":"ListItem","position":3,"name":"LED Lamp"}]},{"@type":"WebSite","@id":"https:\/\/tie-products.com\/pl\/#website","url":"https:\/\/tie-products.com\/pl\/","name":"E-Commerce-Revolution","description":"Just another WordPress site","potentialAction":[{"@type":"SearchAction","target":{"@type":"EntryPoint","urlTemplate":"https:\/\/tie-products.com\/pl\/?s={search_term_string}"},"query-input":{"@type":"PropertyValueSpecification","valueRequired":true,"valueName":"search_term_string"}}],"inLanguage":"pl-PL"}]}},"_links":{"self":[{"href":"https:\/\/tie-products.com\/pl\/wp-json\/wp\/v2\/product\/11622","targetHints":{"allow":["GET"]}}],"collection":[{"href":"https:\/\/tie-products.com\/pl\/wp-json\/wp\/v2\/product"}],"about":[{"href":"https:\/\/tie-products.com\/pl\/wp-json\/wp\/v2\/types\/product"}],"wp:featuredmedia":[{"embeddable":true,"href":"https:\/\/tie-products.com\/pl\/wp-json\/wp\/v2\/media\/11623"}],"wp:attachment":[{"href":"https:\/\/tie-products.com\/pl\/wp-json\/wp\/v2\/media?parent=11622"}],"wp:term":[{"taxonomy":"product_brand","embeddable":true,"href":"https:\/\/tie-products.com\/pl\/wp-json\/wp\/v2\/product_brand?post=11622"},{"taxonomy":"product_cat","embeddable":true,"href":"https:\/\/tie-products.com\/pl\/wp-json\/wp\/v2\/product_cat?post=11622"},{"taxonomy":"product_tag","embeddable":true,"href":"https:\/\/tie-products.com\/pl\/wp-json\/wp\/v2\/product_tag?post=11622"}],"curies":[{"name":"wp","href":"https:\/\/api.w.org\/{rel}","templated":true}]}}