{"id":11613,"date":"2019-02-16T21:06:08","date_gmt":"2019-02-16T20:06:08","guid":{"rendered":"https:\/\/tie-products.netzspitze.cloud\/produkt\/bluetooth-4-2-earphones-truly\/"},"modified":"2021-02-20T18:37:47","modified_gmt":"2021-02-20T18:37:47","slug":"bluetooth-4-2-earphones-truly","status":"publish","type":"product","link":"https:\/\/tie-products.com\/pl\/produkt\/bluetooth-4-2-earphones-truly\/","title":{"rendered":"Bluetooth 4.2 S\u0142uchawki TRULY (TX1T)"},"content":{"rendered":"<p><strong>Bezprzewodowa \u0142\u0105czno\u015b\u0107 Bluetooth w s\u0142uchawkach<\/strong><\/p>\n<p>Ca\u0142kowicie bezprzewodowa technologia Bluetooth w s\u0142uchawkach w bardzo wygodnej i dobrze dopasowanej konstrukcji. Idealne do uprawiania sportu i wypoczynku, lekkie s\u0142uchawki douszne TIE Audio In Ear &#8211; dzi\u0119ki nowoczesnej technologii Bluetooth 4.2 i zintegrowanej redukcji szum\u00f3w (najnowsza technologia CVC 6.0 redukcji szum\u00f3w) &#8211; oferuj\u0105 doskona\u0142\u0105 i woln\u0105 od op\u00f3\u017anie\u0144 jako\u015b\u0107 d\u017awi\u0119ku, ca\u0142kowicie bez u\u017cycia kabli. Dwa zintegrowane przetworniki (Made in UK) zapewniaj\u0105 czysty i \u017cywy d\u017awi\u0119k. Zestaw do\u0142\u0105czonych, wymiennych zatyczek do uszu (ma\u0142e, \u015brednie, du\u017ce) zapewnia r\u00f3wnie\u017c bardzo wysok\u0105 izolacj\u0119 od ha\u0142asu zewn\u0119trznego i doskona\u0142\u0105 stabilizacj\u0119 w uchu, dzi\u0119ki czemu s\u0142uchawki nadaj\u0105 si\u0119 do joggingu, w\u0119dr\u00f3wek i innych zaj\u0119\u0107 na \u015bwie\u017cym powietrzu. Zintegrowane wysokowydajne akumulatory pozwalaj\u0105 na wykorzystanie sieci nawet do czterech godzin na telefonowanie lub s\u0142uchanie muzyki. S\u0142uchawki TIE Audio Earphones mog\u0105 by\u0107 r\u00f3wnie\u017c u\u017cywane jako zestaw s\u0142uchawkowy dzi\u0119ki wbudowanemu mikrofonowi HD. Po\u0142\u0105czenia telefoniczne mog\u0105 by\u0107 odbierane bezpo\u015brednio przez Bluetooth po naci\u015bni\u0119ciu przycisku. S\u0142uchawki TIE Audio True Wireless Earphones s\u0105 kompatybilne ze wszystkimi popularnymi smartfonami i tabletami, zar\u00f3wno z systemem iOS, jak i Android. Dzi\u0119ki niemieckiej instrukcji obs\u0142ugi jednorazowa konfiguracja jest wykonywana w kilku krokach. W zestawie znajduje si\u0119 kabel USB do \u0142adowania i torba do przenoszenia.<\/p>\n<p><strong>Cechy<\/strong><\/p>\n<ul>\n<li>Bezprzewodowe s\u0142uchawki Bluetooth Bluetooth<\/li>\n<li>Kompatybilny z systemami iOS i Android.<\/li>\n<li>Bluetooth 4.2<\/li>\n<li>Obs\u0142uga A2DP1.3\/ HFP1.6\/ HSP 1.2\/ AVRCP 1.6\/ DI1.3<\/li>\n<li>Cz\u0119stotliwo\u015b\u0107: 2,4 GHz<\/li>\n<li>T\u0142umienie ha\u0142asu CVC6.0 aktywne t\u0142umienie ha\u0142asu<\/li>\n<li>Zasi\u0119g do 10 metr\u00f3w (na zewn\u0105trz)<\/li>\n<li>Czas pracy: do 4 godzin pracy ci\u0105g\u0142ej.<\/li>\n<li>Wysoki komfort noszenia<\/li>\n<li>Czu\u0142o\u015b\u0107 odbioru: -90 dBm<\/li>\n<li>Kompatybilny z wszystkimi popularnymi smartfonami i tabletami.<\/li>\n<li>Wymienne zatyczki do uszu (ma\u0142e, \u015brednie, du\u017ce)<\/li>\n<li>Wbudowany mikrofon HD<\/li>\n<li>Zintegrowane wysokowydajne akumulatory (Made in Japan)<\/li>\n<li>Czas \u0142adowania: 2 godziny.<\/li>\n<li>Pojemno\u015b\u0107 baterii: 65 mAh ka\u017cda.<\/li>\n<li>Wska\u017anik LED<\/li>\n<li>Wska\u017anik na\u0142adowania baterii w smartfonie<\/li>\n<li>Zawiera kabel USB do \u0142adowania i walizk\u0119 do przenoszenia.<\/li>\n<li>Kabel \u0142aduj\u0105cy: USB &#8211; rozdzielacz NOKIA &#8211; kabel \u0142aduj\u0105cy (gniazdo 2,0 mm)<\/li>\n<li>Niemiecka instrukcja obs\u0142ugi<\/li>\n<li>Kolor: czarny<\/li>\n<li>Waga: 10 gram\u00f3w na s\u0142uchawk\u0119.<\/li>\n<\/ul>\n","protected":false},"excerpt":{"rendered":"<p>Bezprzewodowa \u0142\u0105czno\u015b\u0107 Bluetooth w s\u0142uchawkach Ca\u0142kowicie bezprzewodowa technologia Bluetooth w s\u0142uchawkach w bardzo wygodnej i dobrze dopasowanej konstrukcji. Idealne do uprawiania sportu i wypoczynku, lekkie s\u0142uchawki douszne TIE Audio In Ear &#8211; dzi\u0119ki nowoczesnej technologii Bluetooth 4.2 i zintegrowanej redukcji szum\u00f3w (najnowsza technologia CVC 6.0 redukcji szum\u00f3w) &#8211; oferuj\u0105 doskona\u0142\u0105 i woln\u0105 od op\u00f3\u017anie\u0144 jako\u015b\u0107 [&hellip;]<\/p>\n","protected":false},"featured_media":11614,"template":"","meta":[],"product_brand":[],"product_cat":[24,27],"product_tag":[],"class_list":{"0":"post-11613","1":"product","2":"type-product","3":"status-publish","4":"has-post-thumbnail","6":"product_cat-tie","7":"product_cat-tie-audio","9":"first","10":"instock","11":"purchasable","12":"product-type-simple"},"yoast_head":"<!-- This site is optimized with the Yoast SEO plugin v25.0 - https:\/\/yoast.com\/wordpress\/plugins\/seo\/ -->\n<title>Bluetooth 4.2 S\u0142uchawki TRULY (TX1T) - E-Commerce-Revolution<\/title>\n<meta name=\"robots\" content=\"index, follow, max-snippet:-1, max-image-preview:large, max-video-preview:-1\" \/>\n<link rel=\"canonical\" href=\"https:\/\/tie-products.com\/pl\/produkt\/bluetooth-4-2-earphones-truly\/\" \/>\n<meta property=\"og:locale\" content=\"pl_PL\" \/>\n<meta property=\"og:type\" content=\"article\" \/>\n<meta property=\"og:title\" content=\"Bluetooth 4.2 S\u0142uchawki TRULY (TX1T) - E-Commerce-Revolution\" \/>\n<meta property=\"og:description\" content=\"Bezprzewodowa \u0142\u0105czno\u015b\u0107 Bluetooth w s\u0142uchawkach Ca\u0142kowicie bezprzewodowa technologia Bluetooth w s\u0142uchawkach w bardzo wygodnej i dobrze dopasowanej konstrukcji. Idealne do uprawiania sportu i wypoczynku, lekkie s\u0142uchawki douszne TIE Audio In Ear &#8211; dzi\u0119ki nowoczesnej technologii Bluetooth 4.2 i zintegrowanej redukcji szum\u00f3w (najnowsza technologia CVC 6.0 redukcji szum\u00f3w) &#8211; oferuj\u0105 doskona\u0142\u0105 i woln\u0105 od op\u00f3\u017anie\u0144 jako\u015b\u0107 [&hellip;]\" \/>\n<meta property=\"og:url\" content=\"https:\/\/tie-products.com\/pl\/produkt\/bluetooth-4-2-earphones-truly\/\" \/>\n<meta property=\"og:site_name\" content=\"E-Commerce-Revolution\" \/>\n<meta property=\"article:modified_time\" content=\"2021-02-20T18:37:47+00:00\" \/>\n<meta property=\"og:image\" content=\"https:\/\/tie-products.com\/wp-content\/uploads\/2018\/09\/19-90025-TIE-AUDIO-Bluetooth-4.2-Earphones-TRULY.jpg\" \/>\n\t<meta property=\"og:image:width\" content=\"1024\" \/>\n\t<meta property=\"og:image:height\" content=\"1024\" \/>\n\t<meta property=\"og:image:type\" content=\"image\/jpeg\" \/>\n<meta name=\"twitter:card\" content=\"summary_large_image\" \/>\n<meta name=\"twitter:label1\" content=\"Szacowany czas czytania\" \/>\n\t<meta name=\"twitter:data1\" content=\"2 minuty\" \/>\n<script type=\"application\/ld+json\" class=\"yoast-schema-graph\">{\"@context\":\"https:\/\/schema.org\",\"@graph\":[{\"@type\":\"WebPage\",\"@id\":\"https:\/\/tie-products.com\/pl\/produkt\/bluetooth-4-2-earphones-truly\/\",\"url\":\"https:\/\/tie-products.com\/pl\/produkt\/bluetooth-4-2-earphones-truly\/\",\"name\":\"Bluetooth 4.2 S\u0142uchawki TRULY (TX1T) - E-Commerce-Revolution\",\"isPartOf\":{\"@id\":\"https:\/\/tie-products.com\/pl\/#website\"},\"primaryImageOfPage\":{\"@id\":\"https:\/\/tie-products.com\/pl\/produkt\/bluetooth-4-2-earphones-truly\/#primaryimage\"},\"image\":{\"@id\":\"https:\/\/tie-products.com\/pl\/produkt\/bluetooth-4-2-earphones-truly\/#primaryimage\"},\"thumbnailUrl\":\"https:\/\/tie-products.com\/wp-content\/uploads\/2018\/09\/19-90025-TIE-AUDIO-Bluetooth-4.2-Earphones-TRULY.jpg\",\"datePublished\":\"2019-02-16T20:06:08+00:00\",\"dateModified\":\"2021-02-20T18:37:47+00:00\",\"breadcrumb\":{\"@id\":\"https:\/\/tie-products.com\/pl\/produkt\/bluetooth-4-2-earphones-truly\/#breadcrumb\"},\"inLanguage\":\"pl-PL\",\"potentialAction\":[{\"@type\":\"ReadAction\",\"target\":[\"https:\/\/tie-products.com\/pl\/produkt\/bluetooth-4-2-earphones-truly\/\"]}]},{\"@type\":\"ImageObject\",\"inLanguage\":\"pl-PL\",\"@id\":\"https:\/\/tie-products.com\/pl\/produkt\/bluetooth-4-2-earphones-truly\/#primaryimage\",\"url\":\"https:\/\/tie-products.com\/wp-content\/uploads\/2018\/09\/19-90025-TIE-AUDIO-Bluetooth-4.2-Earphones-TRULY.jpg\",\"contentUrl\":\"https:\/\/tie-products.com\/wp-content\/uploads\/2018\/09\/19-90025-TIE-AUDIO-Bluetooth-4.2-Earphones-TRULY.jpg\",\"width\":1024,\"height\":1024},{\"@type\":\"BreadcrumbList\",\"@id\":\"https:\/\/tie-products.com\/pl\/produkt\/bluetooth-4-2-earphones-truly\/#breadcrumb\",\"itemListElement\":[{\"@type\":\"ListItem\",\"position\":1,\"name\":\"Home\",\"item\":\"https:\/\/tie-products.com\/pl\/\"},{\"@type\":\"ListItem\",\"position\":2,\"name\":\"Shop\",\"item\":\"https:\/\/tie-products.com\/shop\/\"},{\"@type\":\"ListItem\",\"position\":3,\"name\":\"Bluetooth 4.2 S\u0142uchawki TRULY (TX1T)\"}]},{\"@type\":\"WebSite\",\"@id\":\"https:\/\/tie-products.com\/pl\/#website\",\"url\":\"https:\/\/tie-products.com\/pl\/\",\"name\":\"E-Commerce-Revolution\",\"description\":\"Just another WordPress site\",\"potentialAction\":[{\"@type\":\"SearchAction\",\"target\":{\"@type\":\"EntryPoint\",\"urlTemplate\":\"https:\/\/tie-products.com\/pl\/?s={search_term_string}\"},\"query-input\":{\"@type\":\"PropertyValueSpecification\",\"valueRequired\":true,\"valueName\":\"search_term_string\"}}],\"inLanguage\":\"pl-PL\"}]}<\/script>\n<!-- \/ Yoast SEO plugin. -->","yoast_head_json":{"title":"Bluetooth 4.2 S\u0142uchawki TRULY (TX1T) - E-Commerce-Revolution","robots":{"index":"index","follow":"follow","max-snippet":"max-snippet:-1","max-image-preview":"max-image-preview:large","max-video-preview":"max-video-preview:-1"},"canonical":"https:\/\/tie-products.com\/pl\/produkt\/bluetooth-4-2-earphones-truly\/","og_locale":"pl_PL","og_type":"article","og_title":"Bluetooth 4.2 S\u0142uchawki TRULY (TX1T) - E-Commerce-Revolution","og_description":"Bezprzewodowa \u0142\u0105czno\u015b\u0107 Bluetooth w s\u0142uchawkach Ca\u0142kowicie bezprzewodowa technologia Bluetooth w s\u0142uchawkach w bardzo wygodnej i dobrze dopasowanej konstrukcji. Idealne do uprawiania sportu i wypoczynku, lekkie s\u0142uchawki douszne TIE Audio In Ear &#8211; dzi\u0119ki nowoczesnej technologii Bluetooth 4.2 i zintegrowanej redukcji szum\u00f3w (najnowsza technologia CVC 6.0 redukcji szum\u00f3w) &#8211; oferuj\u0105 doskona\u0142\u0105 i woln\u0105 od op\u00f3\u017anie\u0144 jako\u015b\u0107 [&hellip;]","og_url":"https:\/\/tie-products.com\/pl\/produkt\/bluetooth-4-2-earphones-truly\/","og_site_name":"E-Commerce-Revolution","article_modified_time":"2021-02-20T18:37:47+00:00","og_image":[{"width":1024,"height":1024,"url":"https:\/\/tie-products.com\/wp-content\/uploads\/2018\/09\/19-90025-TIE-AUDIO-Bluetooth-4.2-Earphones-TRULY.jpg","type":"image\/jpeg"}],"twitter_card":"summary_large_image","twitter_misc":{"Szacowany czas czytania":"2 minuty"},"schema":{"@context":"https:\/\/schema.org","@graph":[{"@type":"WebPage","@id":"https:\/\/tie-products.com\/pl\/produkt\/bluetooth-4-2-earphones-truly\/","url":"https:\/\/tie-products.com\/pl\/produkt\/bluetooth-4-2-earphones-truly\/","name":"Bluetooth 4.2 S\u0142uchawki TRULY (TX1T) - E-Commerce-Revolution","isPartOf":{"@id":"https:\/\/tie-products.com\/pl\/#website"},"primaryImageOfPage":{"@id":"https:\/\/tie-products.com\/pl\/produkt\/bluetooth-4-2-earphones-truly\/#primaryimage"},"image":{"@id":"https:\/\/tie-products.com\/pl\/produkt\/bluetooth-4-2-earphones-truly\/#primaryimage"},"thumbnailUrl":"https:\/\/tie-products.com\/wp-content\/uploads\/2018\/09\/19-90025-TIE-AUDIO-Bluetooth-4.2-Earphones-TRULY.jpg","datePublished":"2019-02-16T20:06:08+00:00","dateModified":"2021-02-20T18:37:47+00:00","breadcrumb":{"@id":"https:\/\/tie-products.com\/pl\/produkt\/bluetooth-4-2-earphones-truly\/#breadcrumb"},"inLanguage":"pl-PL","potentialAction":[{"@type":"ReadAction","target":["https:\/\/tie-products.com\/pl\/produkt\/bluetooth-4-2-earphones-truly\/"]}]},{"@type":"ImageObject","inLanguage":"pl-PL","@id":"https:\/\/tie-products.com\/pl\/produkt\/bluetooth-4-2-earphones-truly\/#primaryimage","url":"https:\/\/tie-products.com\/wp-content\/uploads\/2018\/09\/19-90025-TIE-AUDIO-Bluetooth-4.2-Earphones-TRULY.jpg","contentUrl":"https:\/\/tie-products.com\/wp-content\/uploads\/2018\/09\/19-90025-TIE-AUDIO-Bluetooth-4.2-Earphones-TRULY.jpg","width":1024,"height":1024},{"@type":"BreadcrumbList","@id":"https:\/\/tie-products.com\/pl\/produkt\/bluetooth-4-2-earphones-truly\/#breadcrumb","itemListElement":[{"@type":"ListItem","position":1,"name":"Home","item":"https:\/\/tie-products.com\/pl\/"},{"@type":"ListItem","position":2,"name":"Shop","item":"https:\/\/tie-products.com\/shop\/"},{"@type":"ListItem","position":3,"name":"Bluetooth 4.2 S\u0142uchawki TRULY (TX1T)"}]},{"@type":"WebSite","@id":"https:\/\/tie-products.com\/pl\/#website","url":"https:\/\/tie-products.com\/pl\/","name":"E-Commerce-Revolution","description":"Just another WordPress site","potentialAction":[{"@type":"SearchAction","target":{"@type":"EntryPoint","urlTemplate":"https:\/\/tie-products.com\/pl\/?s={search_term_string}"},"query-input":{"@type":"PropertyValueSpecification","valueRequired":true,"valueName":"search_term_string"}}],"inLanguage":"pl-PL"}]}},"_links":{"self":[{"href":"https:\/\/tie-products.com\/pl\/wp-json\/wp\/v2\/product\/11613","targetHints":{"allow":["GET"]}}],"collection":[{"href":"https:\/\/tie-products.com\/pl\/wp-json\/wp\/v2\/product"}],"about":[{"href":"https:\/\/tie-products.com\/pl\/wp-json\/wp\/v2\/types\/product"}],"wp:featuredmedia":[{"embeddable":true,"href":"https:\/\/tie-products.com\/pl\/wp-json\/wp\/v2\/media\/11614"}],"wp:attachment":[{"href":"https:\/\/tie-products.com\/pl\/wp-json\/wp\/v2\/media?parent=11613"}],"wp:term":[{"taxonomy":"product_brand","embeddable":true,"href":"https:\/\/tie-products.com\/pl\/wp-json\/wp\/v2\/product_brand?post=11613"},{"taxonomy":"product_cat","embeddable":true,"href":"https:\/\/tie-products.com\/pl\/wp-json\/wp\/v2\/product_cat?post=11613"},{"taxonomy":"product_tag","embeddable":true,"href":"https:\/\/tie-products.com\/pl\/wp-json\/wp\/v2\/product_tag?post=11613"}],"curies":[{"name":"wp","href":"https:\/\/api.w.org\/{rel}","templated":true}]}}