{"id":11604,"date":"2019-02-16T21:06:06","date_gmt":"2019-02-16T20:06:06","guid":{"rendered":"https:\/\/tie-products.netzspitze.cloud\/produkt\/bluetooth-4-1-earphones-daily\/"},"modified":"2021-01-27T16:27:20","modified_gmt":"2021-01-27T16:27:20","slug":"bluetooth-4-1-earphones-daily","status":"publish","type":"product","link":"https:\/\/tie-products.com\/pl\/produkt\/bluetooth-4-1-earphones-daily\/","title":{"rendered":"Bluetooth 4.1 S\u0142uchawki DAILY"},"content":{"rendered":"\n\t\t<style type=\"text\/css\">\n\t\t\t#gallery-1 {\n\t\t\t\tmargin: auto;\n\t\t\t}\n\t\t\t#gallery-1 .gallery-item {\n\t\t\t\tfloat: left;\n\t\t\t\tmargin-top: 10px;\n\t\t\t\ttext-align: center;\n\t\t\t\twidth: 33%;\n\t\t\t}\n\t\t\t#gallery-1 img {\n\t\t\t\tborder: 2px solid #cfcfcf;\n\t\t\t}\n\t\t\t#gallery-1 .gallery-caption {\n\t\t\t\tmargin-left: 0;\n\t\t\t}\n\t\t\t\/* see gallery_shortcode() in wp-includes\/media.php *\/\n\t\t<\/style>\n\t\t<div id='gallery-1' class='gallery galleryid-11604 gallery-columns-3 gallery-size-thumbnail'><dl class='gallery-item'>\n\t\t\t<dt class='gallery-icon landscape'>\n\t\t\t\t<a href='https:\/\/tie-products.com\/pl\/?attachment_id=10868'><img loading=\"lazy\" decoding=\"async\" width=\"80\" height=\"80\" src=\"https:\/\/tie-products.com\/wp-content\/uploads\/2018\/09\/19-90014-TIE-AUDIO-Bluetooth-4.1-Earphones-DAILY-seitlich-80x80.jpg\" class=\"attachment-thumbnail size-thumbnail\" alt=\"\" aria-describedby=\"gallery-1-10868\" srcset=\"https:\/\/tie-products.com\/wp-content\/uploads\/2018\/09\/19-90014-TIE-AUDIO-Bluetooth-4.1-Earphones-DAILY-seitlich-80x80.jpg 80w, https:\/\/tie-products.com\/wp-content\/uploads\/2018\/09\/19-90014-TIE-AUDIO-Bluetooth-4.1-Earphones-DAILY-seitlich-300x300.jpg 300w, https:\/\/tie-products.com\/wp-content\/uploads\/2018\/09\/19-90014-TIE-AUDIO-Bluetooth-4.1-Earphones-DAILY-seitlich-100x100.jpg 100w, https:\/\/tie-products.com\/wp-content\/uploads\/2018\/09\/19-90014-TIE-AUDIO-Bluetooth-4.1-Earphones-DAILY-seitlich-600x600.jpg 600w, https:\/\/tie-products.com\/wp-content\/uploads\/2018\/09\/19-90014-TIE-AUDIO-Bluetooth-4.1-Earphones-DAILY-seitlich-768x768.jpg 768w, https:\/\/tie-products.com\/wp-content\/uploads\/2018\/09\/19-90014-TIE-AUDIO-Bluetooth-4.1-Earphones-DAILY-seitlich-36x36.jpg 36w, https:\/\/tie-products.com\/wp-content\/uploads\/2018\/09\/19-90014-TIE-AUDIO-Bluetooth-4.1-Earphones-DAILY-seitlich-180x180.jpg 180w, https:\/\/tie-products.com\/wp-content\/uploads\/2018\/09\/19-90014-TIE-AUDIO-Bluetooth-4.1-Earphones-DAILY-seitlich-705x705.jpg 705w, https:\/\/tie-products.com\/wp-content\/uploads\/2018\/09\/19-90014-TIE-AUDIO-Bluetooth-4.1-Earphones-DAILY-seitlich.jpg 1024w\" sizes=\"auto, (max-width: 80px) 100vw, 80px\" \/><\/a>\n\t\t\t<\/dt>\n\t\t\t\t<dd class='wp-caption-text gallery-caption' id='gallery-1-10868'>\n\t\t\t\tBluetooth 4.1 Earphones DAILY\n\t\t\t\t<\/dd><\/dl><dl class='gallery-item'>\n\t\t\t<dt class='gallery-icon landscape'>\n\t\t\t\t<a href='https:\/\/tie-products.com\/pl\/?attachment_id=10871'><img loading=\"lazy\" decoding=\"async\" width=\"80\" height=\"80\" src=\"https:\/\/tie-products.com\/wp-content\/uploads\/2018\/09\/19-90014-TIE-AUDIO-Bluetooth-4.1-Earphones-DAILY-mockup-80x80.jpg\" class=\"attachment-thumbnail size-thumbnail\" alt=\"\" aria-describedby=\"gallery-1-10871\" srcset=\"https:\/\/tie-products.com\/wp-content\/uploads\/2018\/09\/19-90014-TIE-AUDIO-Bluetooth-4.1-Earphones-DAILY-mockup-80x80.jpg 80w, https:\/\/tie-products.com\/wp-content\/uploads\/2018\/09\/19-90014-TIE-AUDIO-Bluetooth-4.1-Earphones-DAILY-mockup-300x300.jpg 300w, https:\/\/tie-products.com\/wp-content\/uploads\/2018\/09\/19-90014-TIE-AUDIO-Bluetooth-4.1-Earphones-DAILY-mockup-100x100.jpg 100w, https:\/\/tie-products.com\/wp-content\/uploads\/2018\/09\/19-90014-TIE-AUDIO-Bluetooth-4.1-Earphones-DAILY-mockup-600x600.jpg 600w, https:\/\/tie-products.com\/wp-content\/uploads\/2018\/09\/19-90014-TIE-AUDIO-Bluetooth-4.1-Earphones-DAILY-mockup-768x768.jpg 768w, https:\/\/tie-products.com\/wp-content\/uploads\/2018\/09\/19-90014-TIE-AUDIO-Bluetooth-4.1-Earphones-DAILY-mockup-36x36.jpg 36w, https:\/\/tie-products.com\/wp-content\/uploads\/2018\/09\/19-90014-TIE-AUDIO-Bluetooth-4.1-Earphones-DAILY-mockup-180x180.jpg 180w, https:\/\/tie-products.com\/wp-content\/uploads\/2018\/09\/19-90014-TIE-AUDIO-Bluetooth-4.1-Earphones-DAILY-mockup-705x705.jpg 705w, https:\/\/tie-products.com\/wp-content\/uploads\/2018\/09\/19-90014-TIE-AUDIO-Bluetooth-4.1-Earphones-DAILY-mockup.jpg 1024w\" sizes=\"auto, (max-width: 80px) 100vw, 80px\" \/><\/a>\n\t\t\t<\/dt>\n\t\t\t\t<dd class='wp-caption-text gallery-caption' id='gallery-1-10871'>\n\t\t\t\tBluetooth 4.1 Earphones DAILY\n\t\t\t\t<\/dd><\/dl>\n\t\t\t<br style='clear: both' \/>\n\t\t<\/div>\n\n<p>S\u0142uchawki Bluetooth w wygodnej i dobrze dopasowanej konstrukcji. Idealny do codziennych czynno\u015bci, ultralekki zestaw s\u0142uchawkowy TIE Audio jest wyposa\u017cony w interfejs Bluetooth 4.1 i zintegrowany system redukcji szum\u00f3w, co zapewnia doskona\u0142\u0105 jako\u015b\u0107 d\u017awi\u0119ku bez kabli. Za pomoc\u0105 pilota zdalnego sterowania muzyka mo\u017ce by\u0107 \u0142atwo pomijana, a poziom g\u0142o\u015bno\u015bci mo\u017cna regulowa\u0107 bez wyjmowania smartfonu z kieszeni. Mikrofon mo\u017ce by\u0107 r\u00f3wnie\u017c u\u017cywany do bezpo\u015bredniego odbierania po\u0142\u0105cze\u0144. Zintegrowany wysokowydajny akumulator pozwala na co najmniej sze\u015b\u0107 godzin rozmowy telefonicznej lub s\u0142uchania muzyki. Zestaw s\u0142uchawkowy TIE Audio mo\u017cna r\u00f3wnie\u017c \u0142atwo pod\u0142\u0105czy\u0107 do wszystkich popularnych smartfon\u00f3w i tablet\u00f3w, dzi\u0119ki czemu idealnie nadaje si\u0119 do prowadzenia rozm\u00f3w telefonicznych, zar\u00f3wno z systemem iOS, jak i Android. Po\u0142\u0105czenie z iTunes lub Spotify nawi\u0105zywane jest w ci\u0105gu jednej minuty. W zestawie znajduje si\u0119 r\u00f3wnie\u017c kabel do \u0142adowania (USB do Mini USB) oraz instrukcja obs\u0142ugi.<\/p>\n<p><strong>Cechy<\/strong>:<\/p>\n<ul>\n<li>Stereo Bluetooth S\u0142uchawka s\u0142uchawkowa Bluetooth<\/li>\n<li>Bluetooth 4.1<\/li>\n<li>Wysoki komfort noszenia<\/li>\n<li>Zakres cz\u0119stotliwo\u015bci: 20 Hz &#8211; 20 kHz<\/li>\n<li>Kompatybilny z wi\u0119kszo\u015bci\u0105 popularnych smartfon\u00f3w i tablet\u00f3w Bluetooth.<\/li>\n<li>Kompatybilny z iOs i Androidem.<\/li>\n<li>Wysoka jako\u015b\u0107 d\u017awi\u0119ku<\/li>\n<li>Do 6 godzin rozmowy telefonicznej lub s\u0142uchania muzyki.<\/li>\n<li>10 metr\u00f3w odleg\u0142o\u015b\u0107 do \u017ar\u00f3d\u0142a mo\u017cliwa<\/li>\n<li>Gotowo\u015b\u0107 do 120 godzin.<\/li>\n<li>Zawiera 2 wymienne zatyczki do uszu, kt\u00f3re mo\u017cna wymienia\u0107.<\/li>\n<li>Zintegrowany akumulator litowo-jonowy 80 mAh<\/li>\n<li>Sterowanie: obj\u0119to\u015b\u0107 +\/- nast\u0119pny\/ostatni tor<\/li>\n<li>Port Micro USB do \u0142adowania<\/li>\n<li>Do\u0142\u0105czony kabel \u0142adowania Micro-USB<\/li>\n<li>Kolor: czarny<\/li>\n<\/ul>\n","protected":false},"excerpt":{"rendered":"<p>S\u0142uchawki Bluetooth w wygodnej i dobrze dopasowanej konstrukcji. Idealny do codziennych czynno\u015bci, ultralekki zestaw s\u0142uchawkowy TIE Audio jest wyposa\u017cony w interfejs Bluetooth 4.1 i zintegrowany system redukcji szum\u00f3w, co zapewnia doskona\u0142\u0105 jako\u015b\u0107 d\u017awi\u0119ku bez kabli. Za pomoc\u0105 pilota zdalnego sterowania muzyka mo\u017ce by\u0107 \u0142atwo pomijana, a poziom g\u0142o\u015bno\u015bci mo\u017cna regulowa\u0107 bez wyjmowania smartfonu z kieszeni. [&hellip;]<\/p>\n","protected":false},"featured_media":11605,"template":"","meta":[],"product_brand":[],"product_cat":[24,27],"product_tag":[],"class_list":{"0":"post-11604","1":"product","2":"type-product","3":"status-publish","4":"has-post-thumbnail","6":"product_cat-tie","7":"product_cat-tie-audio","9":"first","10":"instock","11":"purchasable","12":"product-type-simple"},"yoast_head":"<!-- This site is optimized with the Yoast SEO plugin v25.0 - https:\/\/yoast.com\/wordpress\/plugins\/seo\/ -->\n<title>Bluetooth 4.1 S\u0142uchawki DAILY - E-Commerce-Revolution<\/title>\n<meta name=\"robots\" content=\"index, follow, max-snippet:-1, max-image-preview:large, max-video-preview:-1\" \/>\n<link rel=\"canonical\" href=\"https:\/\/tie-products.com\/pl\/produkt\/bluetooth-4-1-earphones-daily\/\" \/>\n<meta property=\"og:locale\" content=\"pl_PL\" \/>\n<meta property=\"og:type\" content=\"article\" \/>\n<meta property=\"og:title\" content=\"Bluetooth 4.1 S\u0142uchawki DAILY - E-Commerce-Revolution\" \/>\n<meta property=\"og:description\" content=\"S\u0142uchawki Bluetooth w wygodnej i dobrze dopasowanej konstrukcji. Idealny do codziennych czynno\u015bci, ultralekki zestaw s\u0142uchawkowy TIE Audio jest wyposa\u017cony w interfejs Bluetooth 4.1 i zintegrowany system redukcji szum\u00f3w, co zapewnia doskona\u0142\u0105 jako\u015b\u0107 d\u017awi\u0119ku bez kabli. Za pomoc\u0105 pilota zdalnego sterowania muzyka mo\u017ce by\u0107 \u0142atwo pomijana, a poziom g\u0142o\u015bno\u015bci mo\u017cna regulowa\u0107 bez wyjmowania smartfonu z kieszeni. [&hellip;]\" \/>\n<meta property=\"og:url\" content=\"https:\/\/tie-products.com\/pl\/produkt\/bluetooth-4-1-earphones-daily\/\" \/>\n<meta property=\"og:site_name\" content=\"E-Commerce-Revolution\" \/>\n<meta property=\"article:modified_time\" content=\"2021-01-27T16:27:20+00:00\" \/>\n<meta property=\"og:image\" content=\"https:\/\/tie-products.com\/wp-content\/uploads\/2018\/09\/19-90014-TIE-AUDIO-Bluetooth-4.1-Earphones-DAILY.jpg\" \/>\n\t<meta property=\"og:image:width\" content=\"1024\" \/>\n\t<meta property=\"og:image:height\" content=\"1024\" \/>\n\t<meta property=\"og:image:type\" content=\"image\/jpeg\" \/>\n<meta name=\"twitter:card\" content=\"summary_large_image\" \/>\n<meta name=\"twitter:label1\" content=\"Szacowany czas czytania\" \/>\n\t<meta name=\"twitter:data1\" content=\"1 minuta\" \/>\n<script type=\"application\/ld+json\" class=\"yoast-schema-graph\">{\"@context\":\"https:\/\/schema.org\",\"@graph\":[{\"@type\":\"WebPage\",\"@id\":\"https:\/\/tie-products.com\/pl\/produkt\/bluetooth-4-1-earphones-daily\/\",\"url\":\"https:\/\/tie-products.com\/pl\/produkt\/bluetooth-4-1-earphones-daily\/\",\"name\":\"Bluetooth 4.1 S\u0142uchawki DAILY - E-Commerce-Revolution\",\"isPartOf\":{\"@id\":\"https:\/\/tie-products.com\/pl\/#website\"},\"primaryImageOfPage\":{\"@id\":\"https:\/\/tie-products.com\/pl\/produkt\/bluetooth-4-1-earphones-daily\/#primaryimage\"},\"image\":{\"@id\":\"https:\/\/tie-products.com\/pl\/produkt\/bluetooth-4-1-earphones-daily\/#primaryimage\"},\"thumbnailUrl\":\"https:\/\/tie-products.com\/wp-content\/uploads\/2018\/09\/19-90014-TIE-AUDIO-Bluetooth-4.1-Earphones-DAILY.jpg\",\"datePublished\":\"2019-02-16T20:06:06+00:00\",\"dateModified\":\"2021-01-27T16:27:20+00:00\",\"breadcrumb\":{\"@id\":\"https:\/\/tie-products.com\/pl\/produkt\/bluetooth-4-1-earphones-daily\/#breadcrumb\"},\"inLanguage\":\"pl-PL\",\"potentialAction\":[{\"@type\":\"ReadAction\",\"target\":[\"https:\/\/tie-products.com\/pl\/produkt\/bluetooth-4-1-earphones-daily\/\"]}]},{\"@type\":\"ImageObject\",\"inLanguage\":\"pl-PL\",\"@id\":\"https:\/\/tie-products.com\/pl\/produkt\/bluetooth-4-1-earphones-daily\/#primaryimage\",\"url\":\"https:\/\/tie-products.com\/wp-content\/uploads\/2018\/09\/19-90014-TIE-AUDIO-Bluetooth-4.1-Earphones-DAILY.jpg\",\"contentUrl\":\"https:\/\/tie-products.com\/wp-content\/uploads\/2018\/09\/19-90014-TIE-AUDIO-Bluetooth-4.1-Earphones-DAILY.jpg\",\"width\":1024,\"height\":1024},{\"@type\":\"BreadcrumbList\",\"@id\":\"https:\/\/tie-products.com\/pl\/produkt\/bluetooth-4-1-earphones-daily\/#breadcrumb\",\"itemListElement\":[{\"@type\":\"ListItem\",\"position\":1,\"name\":\"Home\",\"item\":\"https:\/\/tie-products.com\/pl\/\"},{\"@type\":\"ListItem\",\"position\":2,\"name\":\"Shop\",\"item\":\"https:\/\/tie-products.com\/shop\/\"},{\"@type\":\"ListItem\",\"position\":3,\"name\":\"Bluetooth 4.1 S\u0142uchawki DAILY\"}]},{\"@type\":\"WebSite\",\"@id\":\"https:\/\/tie-products.com\/pl\/#website\",\"url\":\"https:\/\/tie-products.com\/pl\/\",\"name\":\"E-Commerce-Revolution\",\"description\":\"Just another WordPress site\",\"potentialAction\":[{\"@type\":\"SearchAction\",\"target\":{\"@type\":\"EntryPoint\",\"urlTemplate\":\"https:\/\/tie-products.com\/pl\/?s={search_term_string}\"},\"query-input\":{\"@type\":\"PropertyValueSpecification\",\"valueRequired\":true,\"valueName\":\"search_term_string\"}}],\"inLanguage\":\"pl-PL\"}]}<\/script>\n<!-- \/ Yoast SEO plugin. -->","yoast_head_json":{"title":"Bluetooth 4.1 S\u0142uchawki DAILY - E-Commerce-Revolution","robots":{"index":"index","follow":"follow","max-snippet":"max-snippet:-1","max-image-preview":"max-image-preview:large","max-video-preview":"max-video-preview:-1"},"canonical":"https:\/\/tie-products.com\/pl\/produkt\/bluetooth-4-1-earphones-daily\/","og_locale":"pl_PL","og_type":"article","og_title":"Bluetooth 4.1 S\u0142uchawki DAILY - E-Commerce-Revolution","og_description":"S\u0142uchawki Bluetooth w wygodnej i dobrze dopasowanej konstrukcji. Idealny do codziennych czynno\u015bci, ultralekki zestaw s\u0142uchawkowy TIE Audio jest wyposa\u017cony w interfejs Bluetooth 4.1 i zintegrowany system redukcji szum\u00f3w, co zapewnia doskona\u0142\u0105 jako\u015b\u0107 d\u017awi\u0119ku bez kabli. Za pomoc\u0105 pilota zdalnego sterowania muzyka mo\u017ce by\u0107 \u0142atwo pomijana, a poziom g\u0142o\u015bno\u015bci mo\u017cna regulowa\u0107 bez wyjmowania smartfonu z kieszeni. [&hellip;]","og_url":"https:\/\/tie-products.com\/pl\/produkt\/bluetooth-4-1-earphones-daily\/","og_site_name":"E-Commerce-Revolution","article_modified_time":"2021-01-27T16:27:20+00:00","og_image":[{"width":1024,"height":1024,"url":"https:\/\/tie-products.com\/wp-content\/uploads\/2018\/09\/19-90014-TIE-AUDIO-Bluetooth-4.1-Earphones-DAILY.jpg","type":"image\/jpeg"}],"twitter_card":"summary_large_image","twitter_misc":{"Szacowany czas czytania":"1 minuta"},"schema":{"@context":"https:\/\/schema.org","@graph":[{"@type":"WebPage","@id":"https:\/\/tie-products.com\/pl\/produkt\/bluetooth-4-1-earphones-daily\/","url":"https:\/\/tie-products.com\/pl\/produkt\/bluetooth-4-1-earphones-daily\/","name":"Bluetooth 4.1 S\u0142uchawki DAILY - E-Commerce-Revolution","isPartOf":{"@id":"https:\/\/tie-products.com\/pl\/#website"},"primaryImageOfPage":{"@id":"https:\/\/tie-products.com\/pl\/produkt\/bluetooth-4-1-earphones-daily\/#primaryimage"},"image":{"@id":"https:\/\/tie-products.com\/pl\/produkt\/bluetooth-4-1-earphones-daily\/#primaryimage"},"thumbnailUrl":"https:\/\/tie-products.com\/wp-content\/uploads\/2018\/09\/19-90014-TIE-AUDIO-Bluetooth-4.1-Earphones-DAILY.jpg","datePublished":"2019-02-16T20:06:06+00:00","dateModified":"2021-01-27T16:27:20+00:00","breadcrumb":{"@id":"https:\/\/tie-products.com\/pl\/produkt\/bluetooth-4-1-earphones-daily\/#breadcrumb"},"inLanguage":"pl-PL","potentialAction":[{"@type":"ReadAction","target":["https:\/\/tie-products.com\/pl\/produkt\/bluetooth-4-1-earphones-daily\/"]}]},{"@type":"ImageObject","inLanguage":"pl-PL","@id":"https:\/\/tie-products.com\/pl\/produkt\/bluetooth-4-1-earphones-daily\/#primaryimage","url":"https:\/\/tie-products.com\/wp-content\/uploads\/2018\/09\/19-90014-TIE-AUDIO-Bluetooth-4.1-Earphones-DAILY.jpg","contentUrl":"https:\/\/tie-products.com\/wp-content\/uploads\/2018\/09\/19-90014-TIE-AUDIO-Bluetooth-4.1-Earphones-DAILY.jpg","width":1024,"height":1024},{"@type":"BreadcrumbList","@id":"https:\/\/tie-products.com\/pl\/produkt\/bluetooth-4-1-earphones-daily\/#breadcrumb","itemListElement":[{"@type":"ListItem","position":1,"name":"Home","item":"https:\/\/tie-products.com\/pl\/"},{"@type":"ListItem","position":2,"name":"Shop","item":"https:\/\/tie-products.com\/shop\/"},{"@type":"ListItem","position":3,"name":"Bluetooth 4.1 S\u0142uchawki DAILY"}]},{"@type":"WebSite","@id":"https:\/\/tie-products.com\/pl\/#website","url":"https:\/\/tie-products.com\/pl\/","name":"E-Commerce-Revolution","description":"Just another WordPress site","potentialAction":[{"@type":"SearchAction","target":{"@type":"EntryPoint","urlTemplate":"https:\/\/tie-products.com\/pl\/?s={search_term_string}"},"query-input":{"@type":"PropertyValueSpecification","valueRequired":true,"valueName":"search_term_string"}}],"inLanguage":"pl-PL"}]}},"_links":{"self":[{"href":"https:\/\/tie-products.com\/pl\/wp-json\/wp\/v2\/product\/11604","targetHints":{"allow":["GET"]}}],"collection":[{"href":"https:\/\/tie-products.com\/pl\/wp-json\/wp\/v2\/product"}],"about":[{"href":"https:\/\/tie-products.com\/pl\/wp-json\/wp\/v2\/types\/product"}],"wp:featuredmedia":[{"embeddable":true,"href":"https:\/\/tie-products.com\/pl\/wp-json\/wp\/v2\/media\/11605"}],"wp:attachment":[{"href":"https:\/\/tie-products.com\/pl\/wp-json\/wp\/v2\/media?parent=11604"}],"wp:term":[{"taxonomy":"product_brand","embeddable":true,"href":"https:\/\/tie-products.com\/pl\/wp-json\/wp\/v2\/product_brand?post=11604"},{"taxonomy":"product_cat","embeddable":true,"href":"https:\/\/tie-products.com\/pl\/wp-json\/wp\/v2\/product_cat?post=11604"},{"taxonomy":"product_tag","embeddable":true,"href":"https:\/\/tie-products.com\/pl\/wp-json\/wp\/v2\/product_tag?post=11604"}],"curies":[{"name":"wp","href":"https:\/\/api.w.org\/{rel}","templated":true}]}}