{"id":11586,"date":"2019-02-16T21:06:03","date_gmt":"2019-02-16T20:06:03","guid":{"rendered":"https:\/\/tie-products.netzspitze.cloud\/produkt\/bluetooth-4-1-earphones\/"},"modified":"2021-02-20T18:34:13","modified_gmt":"2021-02-20T18:34:13","slug":"bluetooth-4-1-earphones","status":"publish","type":"product","link":"https:\/\/tie-products.com\/pl\/produkt\/bluetooth-4-1-earphones\/","title":{"rendered":"Bluetooth 4.1 S\u0142uchawki douszne (TRU8)"},"content":{"rendered":"<p><strong>Bluetooth 4.1 Zestaw s\u0142uchawkowy<\/strong><\/p>\n<p>S\u0142uchawki Bluetooth w wygodnej i dobrze dopasowanej konstrukcji. Lekki i odporny na pot zestaw s\u0142uchawkowy TIE Audio Headset, idealny do uprawiania sportu i wypoczynku, oferuje doskona\u0142\u0105 jako\u015b\u0107 d\u017awi\u0119ku bez kabli dzi\u0119ki technologii Bluetooth 4.1 i zintegrowanej redukcji ha\u0142asu. Dwa zintegrowane przetworniki zapewniaj\u0105 czysty i \u017cywy d\u017awi\u0119k. Zestaw wymiennych zatyczek do uszu (ma\u0142e, \u015brednie, du\u017ce) zapewnia bardzo wysok\u0105 izolacj\u0119 od ha\u0142asu z zewn\u0105trz. Dodatkowe stabilizatory optymalizuj\u0105 uchwyt, dzi\u0119ki czemu zestaw s\u0142uchawkowy idealnie nadaje si\u0119 do joggingu, w\u0119dr\u00f3wek i innych zaj\u0119\u0107 na \u015bwie\u017cym powietrzu. Zintegrowany wysokowydajny akumulator pozwala na 5 godzin rozmowy telefonicznej lub s\u0142uchania muzyki. Zestaw s\u0142uchawkowy TIE Audio mo\u017cna \u0142atwo pod\u0142\u0105czy\u0107 do wszystkich popularnych smartfon\u00f3w i tablet\u00f3w, dzi\u0119ki czemu idealnie nadaje si\u0119 do prowadzenia rozm\u00f3w telefonicznych w podr\u00f3\u017cy, zar\u00f3wno z urz\u0105dzeniami z systemem iOS, jak i Android.<\/p>\n<p><strong>Cechy<\/strong>:<\/p>\n<ul>\n<li>Stereo Bluetooth S\u0142uchawka s\u0142uchawkowa Bluetooth<\/li>\n<li>Wysoki komfort noszenia<\/li>\n<li>Idealny dla sportu i wypoczynku<\/li>\n<li>Odporny na potliwo\u015b\u0107<\/li>\n<li>Kompatybilny z wi\u0119kszo\u015bci\u0105 popularnych smartfon\u00f3w i tablet\u00f3w Bluetooth.<\/li>\n<li>Kompatybilny z iOs i Androidem.<\/li>\n<li>Wysoka jako\u015b\u0107 d\u017awi\u0119ku<\/li>\n<li>Elementy obs\u0142ugowe: g\u0142o\u015bno\u015b\u0107 +\/-, nast\u0119pny\/ostatni utw\u00f3r<\/li>\n<li>Bluetooth 4.1 Technologia<\/li>\n<li>CVC 6.0 Redukcja ha\u0142asu<\/li>\n<li>Do 6 godzin rozmowy telefonicznej lub s\u0142uchania muzyki.<\/li>\n<li>Gotowo\u015b\u0107 do 175 godzin.<\/li>\n<li>10 m odleg\u0142o\u015b\u0107 do \u017ar\u00f3d\u0142a mo\u017cliwa<\/li>\n<li>Zawiera 3 wymienne zatyczki do uszu (ma\u0142e, \u015brednie, du\u017ce).<\/li>\n<li>W zestawie 3, odpowiednie stabilizatory do uprawiania sport\u00f3w na \u015bwie\u017cym powietrzu.<\/li>\n<li>W zestawie torba transportowa<\/li>\n<li>Czas czuwania do 175 godzin.<\/li>\n<li>Zintegrowana bateria wielokrotnego \u0142adowania<\/li>\n<li>Port Micro USB do \u0142adowania<\/li>\n<li>Do\u0142\u0105czony kabel \u0142aduj\u0105cy Micro USB<\/li>\n<li>Czas \u0142adowania: 1,5 godziny.<\/li>\n<li>Wska\u017anik LED<\/li>\n<li>klucz wielofunkcyjny<\/li>\n<li>Kolor: czarny<\/li>\n<li>Waga: 26 g.<\/li>\n<\/ul>\n","protected":false},"excerpt":{"rendered":"<p>Bluetooth 4.1 Zestaw s\u0142uchawkowy S\u0142uchawki Bluetooth w wygodnej i dobrze dopasowanej konstrukcji. Lekki i odporny na pot zestaw s\u0142uchawkowy TIE Audio Headset, idealny do uprawiania sportu i wypoczynku, oferuje doskona\u0142\u0105 jako\u015b\u0107 d\u017awi\u0119ku bez kabli dzi\u0119ki technologii Bluetooth 4.1 i zintegrowanej redukcji ha\u0142asu. Dwa zintegrowane przetworniki zapewniaj\u0105 czysty i \u017cywy d\u017awi\u0119k. Zestaw wymiennych zatyczek do uszu [&hellip;]<\/p>\n","protected":false},"featured_media":11587,"template":"","meta":[],"product_brand":[],"product_cat":[24,27],"product_tag":[],"class_list":{"0":"post-11586","1":"product","2":"type-product","3":"status-publish","4":"has-post-thumbnail","6":"product_cat-tie","7":"product_cat-tie-audio","9":"first","10":"instock","11":"purchasable","12":"product-type-simple"},"yoast_head":"<!-- This site is optimized with the Yoast SEO plugin v25.0 - https:\/\/yoast.com\/wordpress\/plugins\/seo\/ -->\n<title>Bluetooth 4.1 S\u0142uchawki douszne (TRU8) - E-Commerce-Revolution<\/title>\n<meta name=\"robots\" content=\"index, follow, max-snippet:-1, max-image-preview:large, max-video-preview:-1\" \/>\n<link rel=\"canonical\" href=\"https:\/\/tie-products.com\/pl\/produkt\/bluetooth-4-1-earphones\/\" \/>\n<meta property=\"og:locale\" content=\"pl_PL\" \/>\n<meta property=\"og:type\" content=\"article\" \/>\n<meta property=\"og:title\" content=\"Bluetooth 4.1 S\u0142uchawki douszne (TRU8) - E-Commerce-Revolution\" \/>\n<meta property=\"og:description\" content=\"Bluetooth 4.1 Zestaw s\u0142uchawkowy S\u0142uchawki Bluetooth w wygodnej i dobrze dopasowanej konstrukcji. Lekki i odporny na pot zestaw s\u0142uchawkowy TIE Audio Headset, idealny do uprawiania sportu i wypoczynku, oferuje doskona\u0142\u0105 jako\u015b\u0107 d\u017awi\u0119ku bez kabli dzi\u0119ki technologii Bluetooth 4.1 i zintegrowanej redukcji ha\u0142asu. Dwa zintegrowane przetworniki zapewniaj\u0105 czysty i \u017cywy d\u017awi\u0119k. Zestaw wymiennych zatyczek do uszu [&hellip;]\" \/>\n<meta property=\"og:url\" content=\"https:\/\/tie-products.com\/pl\/produkt\/bluetooth-4-1-earphones\/\" \/>\n<meta property=\"og:site_name\" content=\"E-Commerce-Revolution\" \/>\n<meta property=\"article:modified_time\" content=\"2021-02-20T18:34:13+00:00\" \/>\n<meta property=\"og:image\" content=\"https:\/\/tie-products.com\/wp-content\/uploads\/2017\/07\/19-90004-TIE-STUDIO-Bluetooth-4.1-Earphones.jpg\" \/>\n\t<meta property=\"og:image:width\" content=\"1024\" \/>\n\t<meta property=\"og:image:height\" content=\"1024\" \/>\n\t<meta property=\"og:image:type\" content=\"image\/jpeg\" \/>\n<meta name=\"twitter:card\" content=\"summary_large_image\" \/>\n<meta name=\"twitter:label1\" content=\"Szacowany czas czytania\" \/>\n\t<meta name=\"twitter:data1\" content=\"2 minuty\" \/>\n<script type=\"application\/ld+json\" class=\"yoast-schema-graph\">{\"@context\":\"https:\/\/schema.org\",\"@graph\":[{\"@type\":\"WebPage\",\"@id\":\"https:\/\/tie-products.com\/pl\/produkt\/bluetooth-4-1-earphones\/\",\"url\":\"https:\/\/tie-products.com\/pl\/produkt\/bluetooth-4-1-earphones\/\",\"name\":\"Bluetooth 4.1 S\u0142uchawki douszne (TRU8) - E-Commerce-Revolution\",\"isPartOf\":{\"@id\":\"https:\/\/tie-products.com\/pl\/#website\"},\"primaryImageOfPage\":{\"@id\":\"https:\/\/tie-products.com\/pl\/produkt\/bluetooth-4-1-earphones\/#primaryimage\"},\"image\":{\"@id\":\"https:\/\/tie-products.com\/pl\/produkt\/bluetooth-4-1-earphones\/#primaryimage\"},\"thumbnailUrl\":\"https:\/\/tie-products.com\/wp-content\/uploads\/2017\/07\/19-90004-TIE-STUDIO-Bluetooth-4.1-Earphones.jpg\",\"datePublished\":\"2019-02-16T20:06:03+00:00\",\"dateModified\":\"2021-02-20T18:34:13+00:00\",\"breadcrumb\":{\"@id\":\"https:\/\/tie-products.com\/pl\/produkt\/bluetooth-4-1-earphones\/#breadcrumb\"},\"inLanguage\":\"pl-PL\",\"potentialAction\":[{\"@type\":\"ReadAction\",\"target\":[\"https:\/\/tie-products.com\/pl\/produkt\/bluetooth-4-1-earphones\/\"]}]},{\"@type\":\"ImageObject\",\"inLanguage\":\"pl-PL\",\"@id\":\"https:\/\/tie-products.com\/pl\/produkt\/bluetooth-4-1-earphones\/#primaryimage\",\"url\":\"https:\/\/tie-products.com\/wp-content\/uploads\/2017\/07\/19-90004-TIE-STUDIO-Bluetooth-4.1-Earphones.jpg\",\"contentUrl\":\"https:\/\/tie-products.com\/wp-content\/uploads\/2017\/07\/19-90004-TIE-STUDIO-Bluetooth-4.1-Earphones.jpg\",\"width\":1024,\"height\":1024},{\"@type\":\"BreadcrumbList\",\"@id\":\"https:\/\/tie-products.com\/pl\/produkt\/bluetooth-4-1-earphones\/#breadcrumb\",\"itemListElement\":[{\"@type\":\"ListItem\",\"position\":1,\"name\":\"Home\",\"item\":\"https:\/\/tie-products.com\/pl\/\"},{\"@type\":\"ListItem\",\"position\":2,\"name\":\"Shop\",\"item\":\"https:\/\/tie-products.com\/shop\/\"},{\"@type\":\"ListItem\",\"position\":3,\"name\":\"Bluetooth 4.1 S\u0142uchawki douszne (TRU8)\"}]},{\"@type\":\"WebSite\",\"@id\":\"https:\/\/tie-products.com\/pl\/#website\",\"url\":\"https:\/\/tie-products.com\/pl\/\",\"name\":\"E-Commerce-Revolution\",\"description\":\"Just another WordPress site\",\"potentialAction\":[{\"@type\":\"SearchAction\",\"target\":{\"@type\":\"EntryPoint\",\"urlTemplate\":\"https:\/\/tie-products.com\/pl\/?s={search_term_string}\"},\"query-input\":{\"@type\":\"PropertyValueSpecification\",\"valueRequired\":true,\"valueName\":\"search_term_string\"}}],\"inLanguage\":\"pl-PL\"}]}<\/script>\n<!-- \/ Yoast SEO plugin. -->","yoast_head_json":{"title":"Bluetooth 4.1 S\u0142uchawki douszne (TRU8) - E-Commerce-Revolution","robots":{"index":"index","follow":"follow","max-snippet":"max-snippet:-1","max-image-preview":"max-image-preview:large","max-video-preview":"max-video-preview:-1"},"canonical":"https:\/\/tie-products.com\/pl\/produkt\/bluetooth-4-1-earphones\/","og_locale":"pl_PL","og_type":"article","og_title":"Bluetooth 4.1 S\u0142uchawki douszne (TRU8) - E-Commerce-Revolution","og_description":"Bluetooth 4.1 Zestaw s\u0142uchawkowy S\u0142uchawki Bluetooth w wygodnej i dobrze dopasowanej konstrukcji. Lekki i odporny na pot zestaw s\u0142uchawkowy TIE Audio Headset, idealny do uprawiania sportu i wypoczynku, oferuje doskona\u0142\u0105 jako\u015b\u0107 d\u017awi\u0119ku bez kabli dzi\u0119ki technologii Bluetooth 4.1 i zintegrowanej redukcji ha\u0142asu. Dwa zintegrowane przetworniki zapewniaj\u0105 czysty i \u017cywy d\u017awi\u0119k. Zestaw wymiennych zatyczek do uszu [&hellip;]","og_url":"https:\/\/tie-products.com\/pl\/produkt\/bluetooth-4-1-earphones\/","og_site_name":"E-Commerce-Revolution","article_modified_time":"2021-02-20T18:34:13+00:00","og_image":[{"width":1024,"height":1024,"url":"https:\/\/tie-products.com\/wp-content\/uploads\/2017\/07\/19-90004-TIE-STUDIO-Bluetooth-4.1-Earphones.jpg","type":"image\/jpeg"}],"twitter_card":"summary_large_image","twitter_misc":{"Szacowany czas czytania":"2 minuty"},"schema":{"@context":"https:\/\/schema.org","@graph":[{"@type":"WebPage","@id":"https:\/\/tie-products.com\/pl\/produkt\/bluetooth-4-1-earphones\/","url":"https:\/\/tie-products.com\/pl\/produkt\/bluetooth-4-1-earphones\/","name":"Bluetooth 4.1 S\u0142uchawki douszne (TRU8) - E-Commerce-Revolution","isPartOf":{"@id":"https:\/\/tie-products.com\/pl\/#website"},"primaryImageOfPage":{"@id":"https:\/\/tie-products.com\/pl\/produkt\/bluetooth-4-1-earphones\/#primaryimage"},"image":{"@id":"https:\/\/tie-products.com\/pl\/produkt\/bluetooth-4-1-earphones\/#primaryimage"},"thumbnailUrl":"https:\/\/tie-products.com\/wp-content\/uploads\/2017\/07\/19-90004-TIE-STUDIO-Bluetooth-4.1-Earphones.jpg","datePublished":"2019-02-16T20:06:03+00:00","dateModified":"2021-02-20T18:34:13+00:00","breadcrumb":{"@id":"https:\/\/tie-products.com\/pl\/produkt\/bluetooth-4-1-earphones\/#breadcrumb"},"inLanguage":"pl-PL","potentialAction":[{"@type":"ReadAction","target":["https:\/\/tie-products.com\/pl\/produkt\/bluetooth-4-1-earphones\/"]}]},{"@type":"ImageObject","inLanguage":"pl-PL","@id":"https:\/\/tie-products.com\/pl\/produkt\/bluetooth-4-1-earphones\/#primaryimage","url":"https:\/\/tie-products.com\/wp-content\/uploads\/2017\/07\/19-90004-TIE-STUDIO-Bluetooth-4.1-Earphones.jpg","contentUrl":"https:\/\/tie-products.com\/wp-content\/uploads\/2017\/07\/19-90004-TIE-STUDIO-Bluetooth-4.1-Earphones.jpg","width":1024,"height":1024},{"@type":"BreadcrumbList","@id":"https:\/\/tie-products.com\/pl\/produkt\/bluetooth-4-1-earphones\/#breadcrumb","itemListElement":[{"@type":"ListItem","position":1,"name":"Home","item":"https:\/\/tie-products.com\/pl\/"},{"@type":"ListItem","position":2,"name":"Shop","item":"https:\/\/tie-products.com\/shop\/"},{"@type":"ListItem","position":3,"name":"Bluetooth 4.1 S\u0142uchawki douszne (TRU8)"}]},{"@type":"WebSite","@id":"https:\/\/tie-products.com\/pl\/#website","url":"https:\/\/tie-products.com\/pl\/","name":"E-Commerce-Revolution","description":"Just another WordPress site","potentialAction":[{"@type":"SearchAction","target":{"@type":"EntryPoint","urlTemplate":"https:\/\/tie-products.com\/pl\/?s={search_term_string}"},"query-input":{"@type":"PropertyValueSpecification","valueRequired":true,"valueName":"search_term_string"}}],"inLanguage":"pl-PL"}]}},"_links":{"self":[{"href":"https:\/\/tie-products.com\/pl\/wp-json\/wp\/v2\/product\/11586","targetHints":{"allow":["GET"]}}],"collection":[{"href":"https:\/\/tie-products.com\/pl\/wp-json\/wp\/v2\/product"}],"about":[{"href":"https:\/\/tie-products.com\/pl\/wp-json\/wp\/v2\/types\/product"}],"wp:featuredmedia":[{"embeddable":true,"href":"https:\/\/tie-products.com\/pl\/wp-json\/wp\/v2\/media\/11587"}],"wp:attachment":[{"href":"https:\/\/tie-products.com\/pl\/wp-json\/wp\/v2\/media?parent=11586"}],"wp:term":[{"taxonomy":"product_brand","embeddable":true,"href":"https:\/\/tie-products.com\/pl\/wp-json\/wp\/v2\/product_brand?post=11586"},{"taxonomy":"product_cat","embeddable":true,"href":"https:\/\/tie-products.com\/pl\/wp-json\/wp\/v2\/product_cat?post=11586"},{"taxonomy":"product_tag","embeddable":true,"href":"https:\/\/tie-products.com\/pl\/wp-json\/wp\/v2\/product_tag?post=11586"}],"curies":[{"name":"wp","href":"https:\/\/api.w.org\/{rel}","templated":true}]}}