{"id":11577,"date":"2019-02-16T21:06:10","date_gmt":"2019-02-16T20:06:10","guid":{"rendered":"https:\/\/tie-products.netzspitze.cloud\/produkt\/tie-mobile-digital-recorder\/"},"modified":"2021-02-20T18:40:57","modified_gmt":"2021-02-20T18:40:57","slug":"tie-mobile-digital-recorder","status":"publish","type":"product","link":"https:\/\/tie-products.com\/pl\/produkt\/tie-mobile-digital-recorder\/","title":{"rendered":"Mobilny cyfrowy rejestrator TIE"},"content":{"rendered":"<h3><strong>Profesjonalny mobilny rejestrator cyfrowy do perfekcyjnych nagra\u0144 &#8222;w drodze&#8221;.<\/strong><\/h3>\n<p>Nagrywanie w\u0142asnego koncertu lub konferencji telefonicznej, nagrywanie profesjonalnego d\u017awi\u0119ku podczas wywiad\u00f3w lub zachowanie d\u017awi\u0119k\u00f3w z otoczenia w ulubionym miejscu: przyk\u0142ady zastosowa\u0144 rejestrator\u00f3w przeno\u015bnych s\u0105 niezwykle uniwersalne i maj\u0105 absolutne uzasadnienie nawet w dobie wyrafinowanych smartfon\u00f3w.<\/p>\n<p>Interfejs u\u017cytkownika mobilnego rejestratora cyfrowego jest zoptymalizowany pod k\u0105tem szybkiej i \u0142atwej obs\u0142ugi. G\u0142\u00f3wne funkcje, takie jak nagrywanie, odtwarzanie, przerywanie, t\u0142umienie ha\u0142asu czy rozdzielenie d\u017awi\u0119ku. Opr\u00f3cz nagrywania za pomoc\u0105 wewn\u0119trznego mikrofonu mo\u017cna u\u017cywa\u0107 r\u00f3wnie\u017c mikrofonu zewn\u0119trznego (nie do\u0142\u0105czonego do zestawu).<\/p>\n<p>Nagrania mog\u0105 by\u0107 wykonywane w stereo mono lub dwutorowym przy pr\u0119dko\u015bciach 32Kbps, 64Kbps, 128Kbps, 192Kbps, 512Kbps, 768Kbps, 1024Kbps i 1536Kbps, z domy\u015blnym ustawieniem 512kbps. U\u017cytkownicy mog\u0105 wybiera\u0107 spo\u015br\u00f3d funkcji automatycznego wzmocnienia i o\u015bmiu zaprogramowanych tryb\u00f3w efekt\u00f3w, w tym Rock, Funk, Hip Hop i Jazz.<\/p>\n<p>Przejrzysta struktura folder\u00f3w i funkcja szyfrowania nagra\u0144 sprawiaj\u0105, \u017ce zarz\u0105dzanie w\u0142asnymi nagraniami jest przejrzyste i bezpieczne. Mobilny rejestrator cyfrowy mo\u017ce by\u0107 obs\u0142ugiwany przez zintegrowany akumulator litowo-jonowy lub bezpo\u015brednio przez magistral\u0119 USB.<\/p>\n<p>Pojemno\u015b\u0107 pami\u0119ci wewn\u0119trznej wynosi 8 GB. Obs\u0142ugiwane s\u0105 r\u00f3wnie\u017c karty flash.<\/p>\n<h4><strong>Cechy:<\/strong><\/h4>\n<ul>\n<li>Mobilny rejestrator cyfrowy z metalow\u0105 obudow\u0105<\/li>\n<li>Formaty nagrywania: MP3, WMA, WAV, OGG, APE, MPC, AIFF, FLAGA, OGG<\/li>\n<li>Dynamiczna redukcja szum\u00f3w zapewnia wysok\u0105 jako\u015b\u0107 nagra\u0144.<\/li>\n<li>Czas nagrywania do 580 godzin.<\/li>\n<li>Obs\u0142uguje nagrywanie w trybie liniowym (telefon, smartfon itp.)<\/li>\n<li>Sterowanie g\u0142osem<\/li>\n<li>Automatyczne magazynowanie przy niskim poziomie na\u0142adowania akumulatora<\/li>\n<li>Punkty p\u0119tli A-B, monitorowanie w czasie rzeczywistym<\/li>\n<li>Dwie kapsu\u0142ki mikrofonu &#8211; odpowiednie r\u00f3wnie\u017c do nagrywania z dalszych dystans\u00f3w.<\/li>\n<li>Kolorowy wy\u015bwietlacz TFT 1,8&#8243; TFT<\/li>\n<li>Inteligentna struktura folder\u00f3w<\/li>\n<li>Akumulator litowo-polimerowy wielokrotnego \u0142adowania<\/li>\n<li>\u017bywotno\u015b\u0107 baterii: do 10 godzin.<\/li>\n<\/ul>\n","protected":false},"excerpt":{"rendered":"<p>Profesjonalny mobilny rejestrator cyfrowy do perfekcyjnych nagra\u0144 &#8222;w drodze&#8221;. Nagrywanie w\u0142asnego koncertu lub konferencji telefonicznej, nagrywanie profesjonalnego d\u017awi\u0119ku podczas wywiad\u00f3w lub zachowanie d\u017awi\u0119k\u00f3w z otoczenia w ulubionym miejscu: przyk\u0142ady zastosowa\u0144 rejestrator\u00f3w przeno\u015bnych s\u0105 niezwykle uniwersalne i maj\u0105 absolutne uzasadnienie nawet w dobie wyrafinowanych smartfon\u00f3w. Interfejs u\u017cytkownika mobilnego rejestratora cyfrowego jest zoptymalizowany pod k\u0105tem szybkiej i [&hellip;]<\/p>\n","protected":false},"featured_media":11578,"template":"","meta":[],"product_brand":[],"product_cat":[24,25],"product_tag":[],"class_list":{"0":"post-11577","1":"product","2":"type-product","3":"status-publish","4":"has-post-thumbnail","6":"product_cat-tie","7":"product_cat-tie-studio","9":"first","10":"instock","11":"purchasable","12":"product-type-simple"},"yoast_head":"<!-- This site is optimized with the Yoast SEO plugin v25.0 - https:\/\/yoast.com\/wordpress\/plugins\/seo\/ -->\n<title>Mobilny cyfrowy rejestrator TIE - E-Commerce-Revolution<\/title>\n<meta name=\"robots\" content=\"index, follow, max-snippet:-1, max-image-preview:large, max-video-preview:-1\" \/>\n<link rel=\"canonical\" href=\"https:\/\/tie-products.com\/pl\/produkt\/tie-mobile-digital-recorder\/\" \/>\n<meta property=\"og:locale\" content=\"pl_PL\" \/>\n<meta property=\"og:type\" content=\"article\" \/>\n<meta property=\"og:title\" content=\"Mobilny cyfrowy rejestrator TIE - E-Commerce-Revolution\" \/>\n<meta property=\"og:description\" content=\"Profesjonalny mobilny rejestrator cyfrowy do perfekcyjnych nagra\u0144 &#8222;w drodze&#8221;. Nagrywanie w\u0142asnego koncertu lub konferencji telefonicznej, nagrywanie profesjonalnego d\u017awi\u0119ku podczas wywiad\u00f3w lub zachowanie d\u017awi\u0119k\u00f3w z otoczenia w ulubionym miejscu: przyk\u0142ady zastosowa\u0144 rejestrator\u00f3w przeno\u015bnych s\u0105 niezwykle uniwersalne i maj\u0105 absolutne uzasadnienie nawet w dobie wyrafinowanych smartfon\u00f3w. Interfejs u\u017cytkownika mobilnego rejestratora cyfrowego jest zoptymalizowany pod k\u0105tem szybkiej i [&hellip;]\" \/>\n<meta property=\"og:url\" content=\"https:\/\/tie-products.com\/pl\/produkt\/tie-mobile-digital-recorder\/\" \/>\n<meta property=\"og:site_name\" content=\"E-Commerce-Revolution\" \/>\n<meta property=\"article:modified_time\" content=\"2021-02-20T18:40:57+00:00\" \/>\n<meta property=\"og:image\" content=\"https:\/\/tie-products.com\/wp-content\/uploads\/2018\/09\/Diktiergeraet-ON-scaled.jpeg\" \/>\n\t<meta property=\"og:image:width\" content=\"2560\" \/>\n\t<meta property=\"og:image:height\" content=\"2560\" \/>\n\t<meta property=\"og:image:type\" content=\"image\/jpeg\" \/>\n<meta name=\"twitter:card\" content=\"summary_large_image\" \/>\n<meta name=\"twitter:label1\" content=\"Szacowany czas czytania\" \/>\n\t<meta name=\"twitter:data1\" content=\"2 minuty\" \/>\n<script type=\"application\/ld+json\" class=\"yoast-schema-graph\">{\"@context\":\"https:\/\/schema.org\",\"@graph\":[{\"@type\":\"WebPage\",\"@id\":\"https:\/\/tie-products.com\/pl\/produkt\/tie-mobile-digital-recorder\/\",\"url\":\"https:\/\/tie-products.com\/pl\/produkt\/tie-mobile-digital-recorder\/\",\"name\":\"Mobilny cyfrowy rejestrator TIE - E-Commerce-Revolution\",\"isPartOf\":{\"@id\":\"https:\/\/tie-products.com\/pl\/#website\"},\"primaryImageOfPage\":{\"@id\":\"https:\/\/tie-products.com\/pl\/produkt\/tie-mobile-digital-recorder\/#primaryimage\"},\"image\":{\"@id\":\"https:\/\/tie-products.com\/pl\/produkt\/tie-mobile-digital-recorder\/#primaryimage\"},\"thumbnailUrl\":\"https:\/\/tie-products.com\/wp-content\/uploads\/2018\/09\/Diktiergeraet-ON-scaled.jpeg\",\"datePublished\":\"2019-02-16T20:06:10+00:00\",\"dateModified\":\"2021-02-20T18:40:57+00:00\",\"breadcrumb\":{\"@id\":\"https:\/\/tie-products.com\/pl\/produkt\/tie-mobile-digital-recorder\/#breadcrumb\"},\"inLanguage\":\"pl-PL\",\"potentialAction\":[{\"@type\":\"ReadAction\",\"target\":[\"https:\/\/tie-products.com\/pl\/produkt\/tie-mobile-digital-recorder\/\"]}]},{\"@type\":\"ImageObject\",\"inLanguage\":\"pl-PL\",\"@id\":\"https:\/\/tie-products.com\/pl\/produkt\/tie-mobile-digital-recorder\/#primaryimage\",\"url\":\"https:\/\/tie-products.com\/wp-content\/uploads\/2018\/09\/Diktiergeraet-ON-scaled.jpeg\",\"contentUrl\":\"https:\/\/tie-products.com\/wp-content\/uploads\/2018\/09\/Diktiergeraet-ON-scaled.jpeg\",\"width\":2560,\"height\":2560},{\"@type\":\"BreadcrumbList\",\"@id\":\"https:\/\/tie-products.com\/pl\/produkt\/tie-mobile-digital-recorder\/#breadcrumb\",\"itemListElement\":[{\"@type\":\"ListItem\",\"position\":1,\"name\":\"Home\",\"item\":\"https:\/\/tie-products.com\/pl\/\"},{\"@type\":\"ListItem\",\"position\":2,\"name\":\"Shop\",\"item\":\"https:\/\/tie-products.com\/shop\/\"},{\"@type\":\"ListItem\",\"position\":3,\"name\":\"Mobilny cyfrowy rejestrator TIE\"}]},{\"@type\":\"WebSite\",\"@id\":\"https:\/\/tie-products.com\/pl\/#website\",\"url\":\"https:\/\/tie-products.com\/pl\/\",\"name\":\"E-Commerce-Revolution\",\"description\":\"Just another WordPress site\",\"potentialAction\":[{\"@type\":\"SearchAction\",\"target\":{\"@type\":\"EntryPoint\",\"urlTemplate\":\"https:\/\/tie-products.com\/pl\/?s={search_term_string}\"},\"query-input\":{\"@type\":\"PropertyValueSpecification\",\"valueRequired\":true,\"valueName\":\"search_term_string\"}}],\"inLanguage\":\"pl-PL\"}]}<\/script>\n<!-- \/ Yoast SEO plugin. -->","yoast_head_json":{"title":"Mobilny cyfrowy rejestrator TIE - E-Commerce-Revolution","robots":{"index":"index","follow":"follow","max-snippet":"max-snippet:-1","max-image-preview":"max-image-preview:large","max-video-preview":"max-video-preview:-1"},"canonical":"https:\/\/tie-products.com\/pl\/produkt\/tie-mobile-digital-recorder\/","og_locale":"pl_PL","og_type":"article","og_title":"Mobilny cyfrowy rejestrator TIE - E-Commerce-Revolution","og_description":"Profesjonalny mobilny rejestrator cyfrowy do perfekcyjnych nagra\u0144 &#8222;w drodze&#8221;. Nagrywanie w\u0142asnego koncertu lub konferencji telefonicznej, nagrywanie profesjonalnego d\u017awi\u0119ku podczas wywiad\u00f3w lub zachowanie d\u017awi\u0119k\u00f3w z otoczenia w ulubionym miejscu: przyk\u0142ady zastosowa\u0144 rejestrator\u00f3w przeno\u015bnych s\u0105 niezwykle uniwersalne i maj\u0105 absolutne uzasadnienie nawet w dobie wyrafinowanych smartfon\u00f3w. Interfejs u\u017cytkownika mobilnego rejestratora cyfrowego jest zoptymalizowany pod k\u0105tem szybkiej i [&hellip;]","og_url":"https:\/\/tie-products.com\/pl\/produkt\/tie-mobile-digital-recorder\/","og_site_name":"E-Commerce-Revolution","article_modified_time":"2021-02-20T18:40:57+00:00","og_image":[{"width":2560,"height":2560,"url":"https:\/\/tie-products.com\/wp-content\/uploads\/2018\/09\/Diktiergeraet-ON-scaled.jpeg","type":"image\/jpeg"}],"twitter_card":"summary_large_image","twitter_misc":{"Szacowany czas czytania":"2 minuty"},"schema":{"@context":"https:\/\/schema.org","@graph":[{"@type":"WebPage","@id":"https:\/\/tie-products.com\/pl\/produkt\/tie-mobile-digital-recorder\/","url":"https:\/\/tie-products.com\/pl\/produkt\/tie-mobile-digital-recorder\/","name":"Mobilny cyfrowy rejestrator TIE - E-Commerce-Revolution","isPartOf":{"@id":"https:\/\/tie-products.com\/pl\/#website"},"primaryImageOfPage":{"@id":"https:\/\/tie-products.com\/pl\/produkt\/tie-mobile-digital-recorder\/#primaryimage"},"image":{"@id":"https:\/\/tie-products.com\/pl\/produkt\/tie-mobile-digital-recorder\/#primaryimage"},"thumbnailUrl":"https:\/\/tie-products.com\/wp-content\/uploads\/2018\/09\/Diktiergeraet-ON-scaled.jpeg","datePublished":"2019-02-16T20:06:10+00:00","dateModified":"2021-02-20T18:40:57+00:00","breadcrumb":{"@id":"https:\/\/tie-products.com\/pl\/produkt\/tie-mobile-digital-recorder\/#breadcrumb"},"inLanguage":"pl-PL","potentialAction":[{"@type":"ReadAction","target":["https:\/\/tie-products.com\/pl\/produkt\/tie-mobile-digital-recorder\/"]}]},{"@type":"ImageObject","inLanguage":"pl-PL","@id":"https:\/\/tie-products.com\/pl\/produkt\/tie-mobile-digital-recorder\/#primaryimage","url":"https:\/\/tie-products.com\/wp-content\/uploads\/2018\/09\/Diktiergeraet-ON-scaled.jpeg","contentUrl":"https:\/\/tie-products.com\/wp-content\/uploads\/2018\/09\/Diktiergeraet-ON-scaled.jpeg","width":2560,"height":2560},{"@type":"BreadcrumbList","@id":"https:\/\/tie-products.com\/pl\/produkt\/tie-mobile-digital-recorder\/#breadcrumb","itemListElement":[{"@type":"ListItem","position":1,"name":"Home","item":"https:\/\/tie-products.com\/pl\/"},{"@type":"ListItem","position":2,"name":"Shop","item":"https:\/\/tie-products.com\/shop\/"},{"@type":"ListItem","position":3,"name":"Mobilny cyfrowy rejestrator TIE"}]},{"@type":"WebSite","@id":"https:\/\/tie-products.com\/pl\/#website","url":"https:\/\/tie-products.com\/pl\/","name":"E-Commerce-Revolution","description":"Just another WordPress site","potentialAction":[{"@type":"SearchAction","target":{"@type":"EntryPoint","urlTemplate":"https:\/\/tie-products.com\/pl\/?s={search_term_string}"},"query-input":{"@type":"PropertyValueSpecification","valueRequired":true,"valueName":"search_term_string"}}],"inLanguage":"pl-PL"}]}},"_links":{"self":[{"href":"https:\/\/tie-products.com\/pl\/wp-json\/wp\/v2\/product\/11577","targetHints":{"allow":["GET"]}}],"collection":[{"href":"https:\/\/tie-products.com\/pl\/wp-json\/wp\/v2\/product"}],"about":[{"href":"https:\/\/tie-products.com\/pl\/wp-json\/wp\/v2\/types\/product"}],"wp:featuredmedia":[{"embeddable":true,"href":"https:\/\/tie-products.com\/pl\/wp-json\/wp\/v2\/media\/11578"}],"wp:attachment":[{"href":"https:\/\/tie-products.com\/pl\/wp-json\/wp\/v2\/media?parent=11577"}],"wp:term":[{"taxonomy":"product_brand","embeddable":true,"href":"https:\/\/tie-products.com\/pl\/wp-json\/wp\/v2\/product_brand?post=11577"},{"taxonomy":"product_cat","embeddable":true,"href":"https:\/\/tie-products.com\/pl\/wp-json\/wp\/v2\/product_cat?post=11577"},{"taxonomy":"product_tag","embeddable":true,"href":"https:\/\/tie-products.com\/pl\/wp-json\/wp\/v2\/product_tag?post=11577"}],"curies":[{"name":"wp","href":"https:\/\/api.w.org\/{rel}","templated":true}]}}