{"id":11568,"date":"2019-02-16T21:06:15","date_gmt":"2019-02-16T20:06:15","guid":{"rendered":"https:\/\/tie-products.netzspitze.cloud\/produkt\/tie-titan-ts3x\/"},"modified":"2021-01-27T16:47:26","modified_gmt":"2021-01-27T16:47:26","slug":"tie-titan-ts3x","status":"publish","type":"product","link":"https:\/\/tie-products.com\/pl\/produkt\/tie-titan-ts3x\/","title":{"rendered":"TIE Titan TS3X"},"content":{"rendered":"<p><strong>S\u0142uchawki Bluetooth 5.0 wraz z obudow\u0105 zasilaj\u0105c\u0105<\/strong><\/p>\n<p>Titan TS3X to stylowe wk\u0142adki douszne Bluetooth, w tym powerbank do \u0142adowania s\u0142uchawek, a tak\u017ce urz\u0105dze\u0144 przeno\u015bnych zasilanych bateryjnie, takich jak smartfony i tablety.<\/p>\n<p>Z czasem pracy bateryjnej do 3 godzin i krystalicznie czystym d\u017awi\u0119kiem wk\u0142adki douszne s\u0105 idealnym towarzyszem wypoczynku, sportu, autobusu i poci\u0105gu. Dzi\u0119ki pomys\u0142owym przyciskom wielofunkcyjnym po ka\u017cdej stronie, wiele funkcji odtwarzania, takich jak Start, Stop &amp; Skip, mo\u017ce by\u0107 wygodnie sterowanych na s\u0142uchawce. Wbudowane mikrofony umo\u017cliwiaj\u0105 r\u00f3wnie\u017c prowadzenie rozm\u00f3w telefonicznych w trybie g\u0142o\u015bnom\u00f3wi\u0105cym.<\/p>\n<p><strong>Cechy<\/strong>:<\/p>\n<ul>\n<li>Bluetooth 5.0 Wk\u0142adki douszne wraz z wk\u0142adk\u0105 Powerbank<\/li>\n<li>Kompatybilny z wszystkimi popularnymi smartfonami i tabletami.<\/li>\n<li>Zasi\u0119g transmisji do 10 metr\u00f3w<\/li>\n<li>Stylowe wzornictwo odpowiednie do codziennego u\u017cytku.<\/li>\n<li>Obs\u0142ugiwane protoko\u0142y Bluetooth: A2DP\/HFP\/HSP\/AVRCP\/SPP<\/li>\n<li>Wy\u015bwietlacz LED na wk\u0142adkach dousznych i obudowie Powerbank<\/li>\n<li>Przyciski wielofunkcyjne do sterowania funkcjami odtwarzania bezpo\u015brednio w s\u0142uchawce<\/li>\n<li>Wska\u017anik na\u0142adowania baterii w smartfonie<\/li>\n<li>Technologia redukcji szum\u00f3w CVC<\/li>\n<li>Czas pracy do 3 godzin w przypadku odtwarzania muzyki<\/li>\n<li>Mocny bank mocy &#8211; \u0142aduje wk\u0142adki douszne do 8 razy.<\/li>\n<li>Powerbank z portem USB do \u0142adowania urz\u0105dze\u0144 przeno\u015bnych<\/li>\n<li>Wbudowane mikrofony do prowadzenia rozm\u00f3w telefonicznych i rozm\u00f3w g\u0142osowych<\/li>\n<li>Rozmiar g\u0142o\u015bnik\u00f3w g\u0142o\u015bnikowych: 6 mm \u015brednicy<\/li>\n<li>Zakres cz\u0119stotliwo\u015bci &#8211; Odtwarzanie: 20Hz &#8211; 20KHz<\/li>\n<li>Stosunek sygna\u0142u do szumu: &gt; 70 dB<\/li>\n<li>Wra\u017cliwo\u015b\u0107: 91dB +- 3dB<\/li>\n<li>Impendancja: 16 Ohm.<\/li>\n<li>Czas trwania po\u0142\u0105czenia: 2,5 godziny.<\/li>\n<li>Odtwarzanie muzyki: 2 godziny<\/li>\n<li>Tryb czuwania: 100 godzin.<\/li>\n<li>Pojemno\u015b\u0107 baterii (wk\u0142adki douszne): 50mAh (z ka\u017cdej strony)<\/li>\n<li>Pojemno\u015b\u0107 baterii (Powerbank): 1800mAh<\/li>\n<li>w tym kabel USB do \u0142adowania, trzy pary s\u0142uchawek (S \/ M \/ L) i tr\u00f3jj\u0119zyczna instrukcja obs\u0142ugi (de, eng, fr)<\/li>\n<li>Waga ca\u0142kowita: ok. 100 g.<\/li>\n<\/ul>\n<p><iframe loading=\"lazy\" src=\"https:\/\/www.youtube.com\/embed\/GxHq9V7JStY\" width=\"560\" height=\"315\" frameborder=\"0\" allowfullscreen=\"allowfullscreen\"><\/iframe><\/p>\n","protected":false},"excerpt":{"rendered":"<p>S\u0142uchawki Bluetooth 5.0 wraz z obudow\u0105 zasilaj\u0105c\u0105 Titan TS3X to stylowe wk\u0142adki douszne Bluetooth, w tym powerbank do \u0142adowania s\u0142uchawek, a tak\u017ce urz\u0105dze\u0144 przeno\u015bnych zasilanych bateryjnie, takich jak smartfony i tablety. Z czasem pracy bateryjnej do 3 godzin i krystalicznie czystym d\u017awi\u0119kiem wk\u0142adki douszne s\u0105 idealnym towarzyszem wypoczynku, sportu, autobusu i poci\u0105gu. Dzi\u0119ki pomys\u0142owym przyciskom [&hellip;]<\/p>\n","protected":false},"featured_media":11569,"template":"","meta":[],"product_brand":[],"product_cat":[24,27],"product_tag":[],"class_list":{"0":"post-11568","1":"product","2":"type-product","3":"status-publish","4":"has-post-thumbnail","6":"product_cat-tie","7":"product_cat-tie-audio","9":"first","10":"instock","11":"purchasable","12":"product-type-simple"},"yoast_head":"<!-- This site is optimized with the Yoast SEO plugin v25.0 - https:\/\/yoast.com\/wordpress\/plugins\/seo\/ -->\n<title>TIE Titan TS3X - E-Commerce-Revolution<\/title>\n<meta name=\"robots\" content=\"index, follow, max-snippet:-1, max-image-preview:large, max-video-preview:-1\" \/>\n<link rel=\"canonical\" href=\"https:\/\/tie-products.com\/pl\/produkt\/tie-titan-ts3x\/\" \/>\n<meta property=\"og:locale\" content=\"pl_PL\" \/>\n<meta property=\"og:type\" content=\"article\" \/>\n<meta property=\"og:title\" content=\"TIE Titan TS3X - E-Commerce-Revolution\" \/>\n<meta property=\"og:description\" content=\"S\u0142uchawki Bluetooth 5.0 wraz z obudow\u0105 zasilaj\u0105c\u0105 Titan TS3X to stylowe wk\u0142adki douszne Bluetooth, w tym powerbank do \u0142adowania s\u0142uchawek, a tak\u017ce urz\u0105dze\u0144 przeno\u015bnych zasilanych bateryjnie, takich jak smartfony i tablety. Z czasem pracy bateryjnej do 3 godzin i krystalicznie czystym d\u017awi\u0119kiem wk\u0142adki douszne s\u0105 idealnym towarzyszem wypoczynku, sportu, autobusu i poci\u0105gu. Dzi\u0119ki pomys\u0142owym przyciskom [&hellip;]\" \/>\n<meta property=\"og:url\" content=\"https:\/\/tie-products.com\/pl\/produkt\/tie-titan-ts3x\/\" \/>\n<meta property=\"og:site_name\" content=\"E-Commerce-Revolution\" \/>\n<meta property=\"article:modified_time\" content=\"2021-01-27T16:47:26+00:00\" \/>\n<meta property=\"og:image\" content=\"https:\/\/tie-products.com\/wp-content\/uploads\/2018\/09\/Bluetooth_Truly_Wireless_10-scaled.jpg\" \/>\n\t<meta property=\"og:image:width\" content=\"2560\" \/>\n\t<meta property=\"og:image:height\" content=\"2560\" \/>\n\t<meta property=\"og:image:type\" content=\"image\/jpeg\" \/>\n<meta name=\"twitter:card\" content=\"summary_large_image\" \/>\n<meta name=\"twitter:label1\" content=\"Szacowany czas czytania\" \/>\n\t<meta name=\"twitter:data1\" content=\"2 minuty\" \/>\n<script type=\"application\/ld+json\" class=\"yoast-schema-graph\">{\"@context\":\"https:\/\/schema.org\",\"@graph\":[{\"@type\":\"WebPage\",\"@id\":\"https:\/\/tie-products.com\/pl\/produkt\/tie-titan-ts3x\/\",\"url\":\"https:\/\/tie-products.com\/pl\/produkt\/tie-titan-ts3x\/\",\"name\":\"TIE Titan TS3X - E-Commerce-Revolution\",\"isPartOf\":{\"@id\":\"https:\/\/tie-products.com\/pl\/#website\"},\"primaryImageOfPage\":{\"@id\":\"https:\/\/tie-products.com\/pl\/produkt\/tie-titan-ts3x\/#primaryimage\"},\"image\":{\"@id\":\"https:\/\/tie-products.com\/pl\/produkt\/tie-titan-ts3x\/#primaryimage\"},\"thumbnailUrl\":\"https:\/\/tie-products.com\/wp-content\/uploads\/2018\/09\/Bluetooth_Truly_Wireless_10-scaled.jpg\",\"datePublished\":\"2019-02-16T20:06:15+00:00\",\"dateModified\":\"2021-01-27T16:47:26+00:00\",\"breadcrumb\":{\"@id\":\"https:\/\/tie-products.com\/pl\/produkt\/tie-titan-ts3x\/#breadcrumb\"},\"inLanguage\":\"pl-PL\",\"potentialAction\":[{\"@type\":\"ReadAction\",\"target\":[\"https:\/\/tie-products.com\/pl\/produkt\/tie-titan-ts3x\/\"]}]},{\"@type\":\"ImageObject\",\"inLanguage\":\"pl-PL\",\"@id\":\"https:\/\/tie-products.com\/pl\/produkt\/tie-titan-ts3x\/#primaryimage\",\"url\":\"https:\/\/tie-products.com\/wp-content\/uploads\/2018\/09\/Bluetooth_Truly_Wireless_10-scaled.jpg\",\"contentUrl\":\"https:\/\/tie-products.com\/wp-content\/uploads\/2018\/09\/Bluetooth_Truly_Wireless_10-scaled.jpg\",\"width\":2560,\"height\":2560,\"caption\":\"Titan TS3X Main\"},{\"@type\":\"BreadcrumbList\",\"@id\":\"https:\/\/tie-products.com\/pl\/produkt\/tie-titan-ts3x\/#breadcrumb\",\"itemListElement\":[{\"@type\":\"ListItem\",\"position\":1,\"name\":\"Home\",\"item\":\"https:\/\/tie-products.com\/pl\/\"},{\"@type\":\"ListItem\",\"position\":2,\"name\":\"Shop\",\"item\":\"https:\/\/tie-products.com\/shop\/\"},{\"@type\":\"ListItem\",\"position\":3,\"name\":\"TIE Titan TS3X\"}]},{\"@type\":\"WebSite\",\"@id\":\"https:\/\/tie-products.com\/pl\/#website\",\"url\":\"https:\/\/tie-products.com\/pl\/\",\"name\":\"E-Commerce-Revolution\",\"description\":\"Just another WordPress site\",\"potentialAction\":[{\"@type\":\"SearchAction\",\"target\":{\"@type\":\"EntryPoint\",\"urlTemplate\":\"https:\/\/tie-products.com\/pl\/?s={search_term_string}\"},\"query-input\":{\"@type\":\"PropertyValueSpecification\",\"valueRequired\":true,\"valueName\":\"search_term_string\"}}],\"inLanguage\":\"pl-PL\"}]}<\/script>\n<!-- \/ Yoast SEO plugin. -->","yoast_head_json":{"title":"TIE Titan TS3X - E-Commerce-Revolution","robots":{"index":"index","follow":"follow","max-snippet":"max-snippet:-1","max-image-preview":"max-image-preview:large","max-video-preview":"max-video-preview:-1"},"canonical":"https:\/\/tie-products.com\/pl\/produkt\/tie-titan-ts3x\/","og_locale":"pl_PL","og_type":"article","og_title":"TIE Titan TS3X - E-Commerce-Revolution","og_description":"S\u0142uchawki Bluetooth 5.0 wraz z obudow\u0105 zasilaj\u0105c\u0105 Titan TS3X to stylowe wk\u0142adki douszne Bluetooth, w tym powerbank do \u0142adowania s\u0142uchawek, a tak\u017ce urz\u0105dze\u0144 przeno\u015bnych zasilanych bateryjnie, takich jak smartfony i tablety. Z czasem pracy bateryjnej do 3 godzin i krystalicznie czystym d\u017awi\u0119kiem wk\u0142adki douszne s\u0105 idealnym towarzyszem wypoczynku, sportu, autobusu i poci\u0105gu. Dzi\u0119ki pomys\u0142owym przyciskom [&hellip;]","og_url":"https:\/\/tie-products.com\/pl\/produkt\/tie-titan-ts3x\/","og_site_name":"E-Commerce-Revolution","article_modified_time":"2021-01-27T16:47:26+00:00","og_image":[{"width":2560,"height":2560,"url":"https:\/\/tie-products.com\/wp-content\/uploads\/2018\/09\/Bluetooth_Truly_Wireless_10-scaled.jpg","type":"image\/jpeg"}],"twitter_card":"summary_large_image","twitter_misc":{"Szacowany czas czytania":"2 minuty"},"schema":{"@context":"https:\/\/schema.org","@graph":[{"@type":"WebPage","@id":"https:\/\/tie-products.com\/pl\/produkt\/tie-titan-ts3x\/","url":"https:\/\/tie-products.com\/pl\/produkt\/tie-titan-ts3x\/","name":"TIE Titan TS3X - E-Commerce-Revolution","isPartOf":{"@id":"https:\/\/tie-products.com\/pl\/#website"},"primaryImageOfPage":{"@id":"https:\/\/tie-products.com\/pl\/produkt\/tie-titan-ts3x\/#primaryimage"},"image":{"@id":"https:\/\/tie-products.com\/pl\/produkt\/tie-titan-ts3x\/#primaryimage"},"thumbnailUrl":"https:\/\/tie-products.com\/wp-content\/uploads\/2018\/09\/Bluetooth_Truly_Wireless_10-scaled.jpg","datePublished":"2019-02-16T20:06:15+00:00","dateModified":"2021-01-27T16:47:26+00:00","breadcrumb":{"@id":"https:\/\/tie-products.com\/pl\/produkt\/tie-titan-ts3x\/#breadcrumb"},"inLanguage":"pl-PL","potentialAction":[{"@type":"ReadAction","target":["https:\/\/tie-products.com\/pl\/produkt\/tie-titan-ts3x\/"]}]},{"@type":"ImageObject","inLanguage":"pl-PL","@id":"https:\/\/tie-products.com\/pl\/produkt\/tie-titan-ts3x\/#primaryimage","url":"https:\/\/tie-products.com\/wp-content\/uploads\/2018\/09\/Bluetooth_Truly_Wireless_10-scaled.jpg","contentUrl":"https:\/\/tie-products.com\/wp-content\/uploads\/2018\/09\/Bluetooth_Truly_Wireless_10-scaled.jpg","width":2560,"height":2560,"caption":"Titan TS3X Main"},{"@type":"BreadcrumbList","@id":"https:\/\/tie-products.com\/pl\/produkt\/tie-titan-ts3x\/#breadcrumb","itemListElement":[{"@type":"ListItem","position":1,"name":"Home","item":"https:\/\/tie-products.com\/pl\/"},{"@type":"ListItem","position":2,"name":"Shop","item":"https:\/\/tie-products.com\/shop\/"},{"@type":"ListItem","position":3,"name":"TIE Titan TS3X"}]},{"@type":"WebSite","@id":"https:\/\/tie-products.com\/pl\/#website","url":"https:\/\/tie-products.com\/pl\/","name":"E-Commerce-Revolution","description":"Just another WordPress site","potentialAction":[{"@type":"SearchAction","target":{"@type":"EntryPoint","urlTemplate":"https:\/\/tie-products.com\/pl\/?s={search_term_string}"},"query-input":{"@type":"PropertyValueSpecification","valueRequired":true,"valueName":"search_term_string"}}],"inLanguage":"pl-PL"}]}},"_links":{"self":[{"href":"https:\/\/tie-products.com\/pl\/wp-json\/wp\/v2\/product\/11568","targetHints":{"allow":["GET"]}}],"collection":[{"href":"https:\/\/tie-products.com\/pl\/wp-json\/wp\/v2\/product"}],"about":[{"href":"https:\/\/tie-products.com\/pl\/wp-json\/wp\/v2\/types\/product"}],"wp:featuredmedia":[{"embeddable":true,"href":"https:\/\/tie-products.com\/pl\/wp-json\/wp\/v2\/media\/11569"}],"wp:attachment":[{"href":"https:\/\/tie-products.com\/pl\/wp-json\/wp\/v2\/media?parent=11568"}],"wp:term":[{"taxonomy":"product_brand","embeddable":true,"href":"https:\/\/tie-products.com\/pl\/wp-json\/wp\/v2\/product_brand?post=11568"},{"taxonomy":"product_cat","embeddable":true,"href":"https:\/\/tie-products.com\/pl\/wp-json\/wp\/v2\/product_cat?post=11568"},{"taxonomy":"product_tag","embeddable":true,"href":"https:\/\/tie-products.com\/pl\/wp-json\/wp\/v2\/product_tag?post=11568"}],"curies":[{"name":"wp","href":"https:\/\/api.w.org\/{rel}","templated":true}]}}