{"id":11559,"date":"2019-02-16T21:06:14","date_gmt":"2019-02-16T20:06:14","guid":{"rendered":"https:\/\/tie-products.netzspitze.cloud\/produkt\/tie-titania-td31b\/"},"modified":"2021-01-27T16:47:51","modified_gmt":"2021-01-27T16:47:51","slug":"tie-titania-td31b","status":"publish","type":"product","link":"https:\/\/tie-products.com\/pl\/produkt\/tie-titania-td31b\/","title":{"rendered":"TIE Titania TD31B"},"content":{"rendered":"<p><strong>Bluetooth 5.0 wk\u0142adki douszne z kompaktow\u0105 stacj\u0105 \u0142adowania<\/strong><\/p>\n<p>TIE Titania T31B jest por\u0119czn\u0105 s\u0142uchawk\u0105 Bluetooth z kompaktow\u0105 \u0142adowark\u0105, kt\u00f3ra zmie\u015bci si\u0119 w ka\u017cdej kieszeni. Opr\u00f3cz krystalicznie czystego d\u017awi\u0119ku, wk\u0142adki douszne umo\u017cliwiaj\u0105 r\u00f3wnie\u017c prowadzenie rozm\u00f3w telefonicznych w trybie g\u0142o\u015bnom\u00f3wi\u0105cym dzi\u0119ki wbudowanym mikrofonom. Za pomoc\u0105 przycisk\u00f3w wielofunkcyjnych z ka\u017cdej strony mo\u017cna wygodnie i bezpo\u015brednio na s\u0142uchawce obs\u0142ugiwa\u0107 wiele funkcji odtwarzania.<\/p>\n<p><strong>Cechy<\/strong>:<\/p>\n<ul>\n<li>kompatybilny z systemami iOS i Android<\/li>\n<li>Czas pracy na baterii do 3 godzin w przypadku odtwarzania muzyki<\/li>\n<li>Czas \u0142adowania: 2 godziny.<\/li>\n<li>prosta i praktyczna konstrukcja<\/li>\n<li>Krystalicznie czysty d\u017awi\u0119k dzi\u0119ki najnowocze\u015bniejszej transmisji Bluetooth 5.0.<\/li>\n<li>Wydajna stacja \u0142aduj\u0105ca \u0142aduje wk\u0142adki douszne do czterech razy.<\/li>\n<li>umo\u017cliwia prowadzenie rozm\u00f3w telefonicznych w trybie g\u0142o\u015bnom\u00f3wi\u0105cym dzi\u0119ki wbudowanym mikrofonom<\/li>\n<li>0 aktywne t\u0142umienie ha\u0142asu &#8211; technologia<\/li>\n<li>Wska\u017anik LED \u0142adowania Wy\u015bwietlacz na s\u0142uchawkach i stacji \u0142aduj\u0105cej<\/li>\n<li>wraz z 3 parami s\u0142uchawek (S \/ M \/ L) i kablem \u0142aduj\u0105cym USB<\/li>\n<li>Wska\u017anik na\u0142adowania baterii w smartfonie<\/li>\n<li>kompatybilny z wszystkimi popularnymi smartfonami, tabletami i laptopami.<\/li>\n<li>\u0142\u0105cznie z instrukcj\u0105 obs\u0142ugi (niemiecki, angielski, francuski)<\/li>\n<li>Obs\u0142uguje A2DP, AVRCP, HFP, HSP, HSP.<\/li>\n<li>Rozmiar g\u0142o\u015bnik\u00f3w g\u0142o\u015bnikowych: 6 mm \u015brednicy<\/li>\n<li>Zakres cz\u0119stotliwo\u015bci &#8211; Odtwarzanie: 20Hz &#8211; 20KHz<\/li>\n<li>Stosunek sygna\u0142u do szumu: &gt; 70 dB<\/li>\n<li>Wra\u017cliwo\u015b\u0107: 91dB +- 3dB<\/li>\n<li>Impendancja: 16 Ohm.<\/li>\n<li>Czas trwania po\u0142\u0105czenia: 2,5 godziny.<\/li>\n<li>Odtwarzanie muzyki: 2 godziny<\/li>\n<li>Tryb czuwania: 100 godzin.<\/li>\n<li>Pojemno\u015b\u0107 baterii (wk\u0142adki douszne): 50mAh (z ka\u017cdej strony)<\/li>\n<li>Pojemno\u015b\u0107 baterii (Powerbank): 500mAh<\/li>\n<li>Waga wk\u0142adek dousznych: ok. 5g.<\/li>\n<\/ul>\n<p><iframe loading=\"lazy\" src=\"https:\/\/www.youtube.com\/embed\/gegGLSbKwY4\" width=\"560\" height=\"315\" frameborder=\"0\" allowfullscreen=\"allowfullscreen\"><\/iframe><\/p>\n","protected":false},"excerpt":{"rendered":"<p>Bluetooth 5.0 wk\u0142adki douszne z kompaktow\u0105 stacj\u0105 \u0142adowania TIE Titania T31B jest por\u0119czn\u0105 s\u0142uchawk\u0105 Bluetooth z kompaktow\u0105 \u0142adowark\u0105, kt\u00f3ra zmie\u015bci si\u0119 w ka\u017cdej kieszeni. Opr\u00f3cz krystalicznie czystego d\u017awi\u0119ku, wk\u0142adki douszne umo\u017cliwiaj\u0105 r\u00f3wnie\u017c prowadzenie rozm\u00f3w telefonicznych w trybie g\u0142o\u015bnom\u00f3wi\u0105cym dzi\u0119ki wbudowanym mikrofonom. Za pomoc\u0105 przycisk\u00f3w wielofunkcyjnych z ka\u017cdej strony mo\u017cna wygodnie i bezpo\u015brednio na s\u0142uchawce obs\u0142ugiwa\u0107 [&hellip;]<\/p>\n","protected":false},"featured_media":11560,"template":"","meta":[],"product_brand":[],"product_cat":[24,27],"product_tag":[],"class_list":{"0":"post-11559","1":"product","2":"type-product","3":"status-publish","4":"has-post-thumbnail","6":"product_cat-tie","7":"product_cat-tie-audio","9":"first","10":"instock","11":"purchasable","12":"product-type-simple"},"yoast_head":"<!-- This site is optimized with the Yoast SEO plugin v25.0 - https:\/\/yoast.com\/wordpress\/plugins\/seo\/ -->\n<title>TIE Titania TD31B - E-Commerce-Revolution<\/title>\n<meta name=\"robots\" content=\"index, follow, max-snippet:-1, max-image-preview:large, max-video-preview:-1\" \/>\n<link rel=\"canonical\" href=\"https:\/\/tie-products.com\/pl\/produkt\/tie-titania-td31b\/\" \/>\n<meta property=\"og:locale\" content=\"pl_PL\" \/>\n<meta property=\"og:type\" content=\"article\" \/>\n<meta property=\"og:title\" content=\"TIE Titania TD31B - E-Commerce-Revolution\" \/>\n<meta property=\"og:description\" content=\"Bluetooth 5.0 wk\u0142adki douszne z kompaktow\u0105 stacj\u0105 \u0142adowania TIE Titania T31B jest por\u0119czn\u0105 s\u0142uchawk\u0105 Bluetooth z kompaktow\u0105 \u0142adowark\u0105, kt\u00f3ra zmie\u015bci si\u0119 w ka\u017cdej kieszeni. Opr\u00f3cz krystalicznie czystego d\u017awi\u0119ku, wk\u0142adki douszne umo\u017cliwiaj\u0105 r\u00f3wnie\u017c prowadzenie rozm\u00f3w telefonicznych w trybie g\u0142o\u015bnom\u00f3wi\u0105cym dzi\u0119ki wbudowanym mikrofonom. Za pomoc\u0105 przycisk\u00f3w wielofunkcyjnych z ka\u017cdej strony mo\u017cna wygodnie i bezpo\u015brednio na s\u0142uchawce obs\u0142ugiwa\u0107 [&hellip;]\" \/>\n<meta property=\"og:url\" content=\"https:\/\/tie-products.com\/pl\/produkt\/tie-titania-td31b\/\" \/>\n<meta property=\"og:site_name\" content=\"E-Commerce-Revolution\" \/>\n<meta property=\"article:modified_time\" content=\"2021-01-27T16:47:51+00:00\" \/>\n<meta property=\"og:image\" content=\"https:\/\/tie-products.com\/wp-content\/uploads\/2018\/09\/TIE-Bluetooth-Earphone-2-scaled.jpg\" \/>\n\t<meta property=\"og:image:width\" content=\"2560\" \/>\n\t<meta property=\"og:image:height\" content=\"2560\" \/>\n\t<meta property=\"og:image:type\" content=\"image\/jpeg\" \/>\n<meta name=\"twitter:card\" content=\"summary_large_image\" \/>\n<meta name=\"twitter:label1\" content=\"Szacowany czas czytania\" \/>\n\t<meta name=\"twitter:data1\" content=\"1 minuta\" \/>\n<script type=\"application\/ld+json\" class=\"yoast-schema-graph\">{\"@context\":\"https:\/\/schema.org\",\"@graph\":[{\"@type\":\"WebPage\",\"@id\":\"https:\/\/tie-products.com\/pl\/produkt\/tie-titania-td31b\/\",\"url\":\"https:\/\/tie-products.com\/pl\/produkt\/tie-titania-td31b\/\",\"name\":\"TIE Titania TD31B - E-Commerce-Revolution\",\"isPartOf\":{\"@id\":\"https:\/\/tie-products.com\/pl\/#website\"},\"primaryImageOfPage\":{\"@id\":\"https:\/\/tie-products.com\/pl\/produkt\/tie-titania-td31b\/#primaryimage\"},\"image\":{\"@id\":\"https:\/\/tie-products.com\/pl\/produkt\/tie-titania-td31b\/#primaryimage\"},\"thumbnailUrl\":\"https:\/\/tie-products.com\/wp-content\/uploads\/2018\/09\/TIE-Bluetooth-Earphone-2-scaled.jpg\",\"datePublished\":\"2019-02-16T20:06:14+00:00\",\"dateModified\":\"2021-01-27T16:47:51+00:00\",\"breadcrumb\":{\"@id\":\"https:\/\/tie-products.com\/pl\/produkt\/tie-titania-td31b\/#breadcrumb\"},\"inLanguage\":\"pl-PL\",\"potentialAction\":[{\"@type\":\"ReadAction\",\"target\":[\"https:\/\/tie-products.com\/pl\/produkt\/tie-titania-td31b\/\"]}]},{\"@type\":\"ImageObject\",\"inLanguage\":\"pl-PL\",\"@id\":\"https:\/\/tie-products.com\/pl\/produkt\/tie-titania-td31b\/#primaryimage\",\"url\":\"https:\/\/tie-products.com\/wp-content\/uploads\/2018\/09\/TIE-Bluetooth-Earphone-2-scaled.jpg\",\"contentUrl\":\"https:\/\/tie-products.com\/wp-content\/uploads\/2018\/09\/TIE-Bluetooth-Earphone-2-scaled.jpg\",\"width\":2560,\"height\":2560,\"caption\":\"Titania\"},{\"@type\":\"BreadcrumbList\",\"@id\":\"https:\/\/tie-products.com\/pl\/produkt\/tie-titania-td31b\/#breadcrumb\",\"itemListElement\":[{\"@type\":\"ListItem\",\"position\":1,\"name\":\"Home\",\"item\":\"https:\/\/tie-products.com\/pl\/\"},{\"@type\":\"ListItem\",\"position\":2,\"name\":\"Shop\",\"item\":\"https:\/\/tie-products.com\/shop\/\"},{\"@type\":\"ListItem\",\"position\":3,\"name\":\"TIE Titania TD31B\"}]},{\"@type\":\"WebSite\",\"@id\":\"https:\/\/tie-products.com\/pl\/#website\",\"url\":\"https:\/\/tie-products.com\/pl\/\",\"name\":\"E-Commerce-Revolution\",\"description\":\"Just another WordPress site\",\"potentialAction\":[{\"@type\":\"SearchAction\",\"target\":{\"@type\":\"EntryPoint\",\"urlTemplate\":\"https:\/\/tie-products.com\/pl\/?s={search_term_string}\"},\"query-input\":{\"@type\":\"PropertyValueSpecification\",\"valueRequired\":true,\"valueName\":\"search_term_string\"}}],\"inLanguage\":\"pl-PL\"}]}<\/script>\n<!-- \/ Yoast SEO plugin. -->","yoast_head_json":{"title":"TIE Titania TD31B - E-Commerce-Revolution","robots":{"index":"index","follow":"follow","max-snippet":"max-snippet:-1","max-image-preview":"max-image-preview:large","max-video-preview":"max-video-preview:-1"},"canonical":"https:\/\/tie-products.com\/pl\/produkt\/tie-titania-td31b\/","og_locale":"pl_PL","og_type":"article","og_title":"TIE Titania TD31B - E-Commerce-Revolution","og_description":"Bluetooth 5.0 wk\u0142adki douszne z kompaktow\u0105 stacj\u0105 \u0142adowania TIE Titania T31B jest por\u0119czn\u0105 s\u0142uchawk\u0105 Bluetooth z kompaktow\u0105 \u0142adowark\u0105, kt\u00f3ra zmie\u015bci si\u0119 w ka\u017cdej kieszeni. Opr\u00f3cz krystalicznie czystego d\u017awi\u0119ku, wk\u0142adki douszne umo\u017cliwiaj\u0105 r\u00f3wnie\u017c prowadzenie rozm\u00f3w telefonicznych w trybie g\u0142o\u015bnom\u00f3wi\u0105cym dzi\u0119ki wbudowanym mikrofonom. Za pomoc\u0105 przycisk\u00f3w wielofunkcyjnych z ka\u017cdej strony mo\u017cna wygodnie i bezpo\u015brednio na s\u0142uchawce obs\u0142ugiwa\u0107 [&hellip;]","og_url":"https:\/\/tie-products.com\/pl\/produkt\/tie-titania-td31b\/","og_site_name":"E-Commerce-Revolution","article_modified_time":"2021-01-27T16:47:51+00:00","og_image":[{"width":2560,"height":2560,"url":"https:\/\/tie-products.com\/wp-content\/uploads\/2018\/09\/TIE-Bluetooth-Earphone-2-scaled.jpg","type":"image\/jpeg"}],"twitter_card":"summary_large_image","twitter_misc":{"Szacowany czas czytania":"1 minuta"},"schema":{"@context":"https:\/\/schema.org","@graph":[{"@type":"WebPage","@id":"https:\/\/tie-products.com\/pl\/produkt\/tie-titania-td31b\/","url":"https:\/\/tie-products.com\/pl\/produkt\/tie-titania-td31b\/","name":"TIE Titania TD31B - E-Commerce-Revolution","isPartOf":{"@id":"https:\/\/tie-products.com\/pl\/#website"},"primaryImageOfPage":{"@id":"https:\/\/tie-products.com\/pl\/produkt\/tie-titania-td31b\/#primaryimage"},"image":{"@id":"https:\/\/tie-products.com\/pl\/produkt\/tie-titania-td31b\/#primaryimage"},"thumbnailUrl":"https:\/\/tie-products.com\/wp-content\/uploads\/2018\/09\/TIE-Bluetooth-Earphone-2-scaled.jpg","datePublished":"2019-02-16T20:06:14+00:00","dateModified":"2021-01-27T16:47:51+00:00","breadcrumb":{"@id":"https:\/\/tie-products.com\/pl\/produkt\/tie-titania-td31b\/#breadcrumb"},"inLanguage":"pl-PL","potentialAction":[{"@type":"ReadAction","target":["https:\/\/tie-products.com\/pl\/produkt\/tie-titania-td31b\/"]}]},{"@type":"ImageObject","inLanguage":"pl-PL","@id":"https:\/\/tie-products.com\/pl\/produkt\/tie-titania-td31b\/#primaryimage","url":"https:\/\/tie-products.com\/wp-content\/uploads\/2018\/09\/TIE-Bluetooth-Earphone-2-scaled.jpg","contentUrl":"https:\/\/tie-products.com\/wp-content\/uploads\/2018\/09\/TIE-Bluetooth-Earphone-2-scaled.jpg","width":2560,"height":2560,"caption":"Titania"},{"@type":"BreadcrumbList","@id":"https:\/\/tie-products.com\/pl\/produkt\/tie-titania-td31b\/#breadcrumb","itemListElement":[{"@type":"ListItem","position":1,"name":"Home","item":"https:\/\/tie-products.com\/pl\/"},{"@type":"ListItem","position":2,"name":"Shop","item":"https:\/\/tie-products.com\/shop\/"},{"@type":"ListItem","position":3,"name":"TIE Titania TD31B"}]},{"@type":"WebSite","@id":"https:\/\/tie-products.com\/pl\/#website","url":"https:\/\/tie-products.com\/pl\/","name":"E-Commerce-Revolution","description":"Just another WordPress site","potentialAction":[{"@type":"SearchAction","target":{"@type":"EntryPoint","urlTemplate":"https:\/\/tie-products.com\/pl\/?s={search_term_string}"},"query-input":{"@type":"PropertyValueSpecification","valueRequired":true,"valueName":"search_term_string"}}],"inLanguage":"pl-PL"}]}},"_links":{"self":[{"href":"https:\/\/tie-products.com\/pl\/wp-json\/wp\/v2\/product\/11559","targetHints":{"allow":["GET"]}}],"collection":[{"href":"https:\/\/tie-products.com\/pl\/wp-json\/wp\/v2\/product"}],"about":[{"href":"https:\/\/tie-products.com\/pl\/wp-json\/wp\/v2\/types\/product"}],"wp:featuredmedia":[{"embeddable":true,"href":"https:\/\/tie-products.com\/pl\/wp-json\/wp\/v2\/media\/11560"}],"wp:attachment":[{"href":"https:\/\/tie-products.com\/pl\/wp-json\/wp\/v2\/media?parent=11559"}],"wp:term":[{"taxonomy":"product_brand","embeddable":true,"href":"https:\/\/tie-products.com\/pl\/wp-json\/wp\/v2\/product_brand?post=11559"},{"taxonomy":"product_cat","embeddable":true,"href":"https:\/\/tie-products.com\/pl\/wp-json\/wp\/v2\/product_cat?post=11559"},{"taxonomy":"product_tag","embeddable":true,"href":"https:\/\/tie-products.com\/pl\/wp-json\/wp\/v2\/product_tag?post=11559"}],"curies":[{"name":"wp","href":"https:\/\/api.w.org\/{rel}","templated":true}]}}