{"id":11550,"date":"2019-02-16T21:06:09","date_gmt":"2019-02-16T20:06:09","guid":{"rendered":"https:\/\/tie-products.netzspitze.cloud\/produkt\/bluetooth-4-2-earphones-powerbank-truly-pro-x2t\/"},"modified":"2021-01-27T16:28:38","modified_gmt":"2021-01-27T16:28:38","slug":"bluetooth-4-2-earphones-powerbank-truly-pro-x2t","status":"publish","type":"product","link":"https:\/\/tie-products.com\/pl\/produkt\/bluetooth-4-2-earphones-powerbank-truly-pro-x2t\/","title":{"rendered":"Bluetooth 4.2 S\u0142uchawki + Powerbank TRULY PRO (X2T)"},"content":{"rendered":"<p><strong>S\u0142uchawki Bluetooth z funkcj\u0105 Powerbank<\/strong><\/p>\n<p>Prawdziwie bezprzewodowe s\u0142uchawki PRO ze standardem Bluetooth 4.2 w pa\u015bmie 2.4 GHz.<\/p>\n<p>S\u0142uchawki pracuj\u0105 nieprzerwanie z gospodarzem (na zewn\u0105trz) na odleg\u0142o\u015b\u0107 do 10 m &#8211; i bez op\u00f3\u017anie\u0144.<\/p>\n<p>Modele Truly PRO s\u0105 wygodne w noszeniu i nadaj\u0105 si\u0119 do d\u0142ugiego czasu s\u0142uchania, nawet podczas uprawiania sportu. Zintegrowane t\u0142umienie ha\u0142asu zapewnia ods\u0142uch bezg\u0142o\u015bny. Dzi\u0119ki wbudowanemu mikrofonowi HD, s\u0142uchawki TIE Audio mog\u0105 by\u0107 r\u00f3wnie\u017c u\u017cywane jako zestaw s\u0142uchawkowy, dzi\u0119ki czemu rozmowy telefoniczne mog\u0105 by\u0107 odbierane po naci\u015bni\u0119ciu przycisku.<\/p>\n<p>S\u0142uchawki s\u0105 kompatybilne ze wszystkimi popularnymi smartfonami i tabletami, zar\u00f3wno z systemem iOS, jak i Android. Jednorazowa konfiguracja odbywa si\u0119 w kilku krokach dzi\u0119ki niemieckiej instrukcji obs\u0142ugi. W zestawie znajduje si\u0119 kabel USB do \u0142adowania i torba do przenoszenia.<\/p>\n<p>Do\u0142\u0105czony Powerbank umo\u017cliwia \u0142atwe i wygodne \u0142adowanie s\u0142uchawek nawet do 8 razy w podr\u00f3\u017cy. Jednocze\u015bnie s\u0142u\u017c\u0105 one jako bezpieczna opcja magazynowania i transportu.<\/p>\n<p>\u0141adowanie Powerbanku trwa dwie godziny, tak jak \u0142adowanie s\u0142uchawek.<\/p>\n<p><strong>Cechy:<\/strong><\/p>\n<ul>\n<li>Bezprzewodowe s\u0142uchawki Bluetooth<\/li>\n<li>Kompatybilny z systemami iOS i Android.<\/li>\n<li>Standard Bluetooth 4.2, obs\u0142uguje A2DP1.3\/ HFP1.6\/ HSP 1.2\/ AVRCP 1.6\/ DI1.3.<\/li>\n<li>Pasmo cz\u0119stotliwo\u015bci: 2,4 GHz<\/li>\n<li>T\u0142umienie ha\u0142asu CVC6.0 pasywna eliminacja ha\u0142asu<\/li>\n<li>Zasi\u0119g do 10 metr\u00f3w (na zewn\u0105trz)<\/li>\n<li>Czas pracy: do 4 godzin pracy ci\u0105g\u0142ej.<\/li>\n<li>Wysoki komfort noszenia<\/li>\n<li>Czu\u0142o\u015b\u0107 odbioru: -90 dBm<\/li>\n<li>Kompatybilny z wszystkimi popularnymi smartfonami i tabletami.<\/li>\n<li>Wymienne zatyczki do uszu (ma\u0142e, \u015brednie, du\u017ce)<\/li>\n<li>Wbudowany mikrofon HD<\/li>\n<li>Zintegrowane wysokowydajne akumulatory (Made in Japan)<\/li>\n<li>Czas \u0142adowania: 2 godziny.<\/li>\n<li>Pojemno\u015b\u0107 baterii: 65 mAh ka\u017cda.<\/li>\n<li>Wska\u017anik LED<\/li>\n<li>Wska\u017anik na\u0142adowania baterii w smartfonie<\/li>\n<li>Zawiera kabel USB do \u0142adowania, futera\u0142 do przenoszenia oraz cztery dodatkowe nasadki na zatyczki do uszu.<\/li>\n<li>Niemiecka instrukcja obs\u0142ugi<\/li>\n<li>Kolor: czarny<\/li>\n<li>Waga: 10 gram\u00f3w na s\u0142uchawk\u0119.<\/li>\n<\/ul>\n","protected":false},"excerpt":{"rendered":"<p>S\u0142uchawki Bluetooth z funkcj\u0105 Powerbank Prawdziwie bezprzewodowe s\u0142uchawki PRO ze standardem Bluetooth 4.2 w pa\u015bmie 2.4 GHz. S\u0142uchawki pracuj\u0105 nieprzerwanie z gospodarzem (na zewn\u0105trz) na odleg\u0142o\u015b\u0107 do 10 m &#8211; i bez op\u00f3\u017anie\u0144. Modele Truly PRO s\u0105 wygodne w noszeniu i nadaj\u0105 si\u0119 do d\u0142ugiego czasu s\u0142uchania, nawet podczas uprawiania sportu. Zintegrowane t\u0142umienie ha\u0142asu zapewnia [&hellip;]<\/p>\n","protected":false},"featured_media":11551,"template":"","meta":[],"product_brand":[],"product_cat":[24,27],"product_tag":[],"class_list":{"0":"post-11550","1":"product","2":"type-product","3":"status-publish","4":"has-post-thumbnail","6":"product_cat-tie","7":"product_cat-tie-audio","9":"first","10":"instock","11":"purchasable","12":"product-type-simple"},"yoast_head":"<!-- This site is optimized with the Yoast SEO plugin v25.0 - https:\/\/yoast.com\/wordpress\/plugins\/seo\/ -->\n<title>Bluetooth 4.2 S\u0142uchawki + Powerbank TRULY PRO (X2T) - E-Commerce-Revolution<\/title>\n<meta name=\"robots\" content=\"index, follow, max-snippet:-1, max-image-preview:large, max-video-preview:-1\" \/>\n<link rel=\"canonical\" href=\"https:\/\/tie-products.com\/pl\/produkt\/bluetooth-4-2-earphones-powerbank-truly-pro-x2t\/\" \/>\n<meta property=\"og:locale\" content=\"pl_PL\" \/>\n<meta property=\"og:type\" content=\"article\" \/>\n<meta property=\"og:title\" content=\"Bluetooth 4.2 S\u0142uchawki + Powerbank TRULY PRO (X2T) - E-Commerce-Revolution\" \/>\n<meta property=\"og:description\" content=\"S\u0142uchawki Bluetooth z funkcj\u0105 Powerbank Prawdziwie bezprzewodowe s\u0142uchawki PRO ze standardem Bluetooth 4.2 w pa\u015bmie 2.4 GHz. S\u0142uchawki pracuj\u0105 nieprzerwanie z gospodarzem (na zewn\u0105trz) na odleg\u0142o\u015b\u0107 do 10 m &#8211; i bez op\u00f3\u017anie\u0144. Modele Truly PRO s\u0105 wygodne w noszeniu i nadaj\u0105 si\u0119 do d\u0142ugiego czasu s\u0142uchania, nawet podczas uprawiania sportu. Zintegrowane t\u0142umienie ha\u0142asu zapewnia [&hellip;]\" \/>\n<meta property=\"og:url\" content=\"https:\/\/tie-products.com\/pl\/produkt\/bluetooth-4-2-earphones-powerbank-truly-pro-x2t\/\" \/>\n<meta property=\"og:site_name\" content=\"E-Commerce-Revolution\" \/>\n<meta property=\"article:modified_time\" content=\"2021-01-27T16:28:38+00:00\" \/>\n<meta property=\"og:image\" content=\"https:\/\/tie-products.com\/wp-content\/uploads\/2018\/09\/Powerbank-Titel.jpg\" \/>\n\t<meta property=\"og:image:width\" content=\"1924\" \/>\n\t<meta property=\"og:image:height\" content=\"1924\" \/>\n\t<meta property=\"og:image:type\" content=\"image\/jpeg\" \/>\n<meta name=\"twitter:card\" content=\"summary_large_image\" \/>\n<meta name=\"twitter:label1\" content=\"Szacowany czas czytania\" \/>\n\t<meta name=\"twitter:data1\" content=\"2 minuty\" \/>\n<script type=\"application\/ld+json\" class=\"yoast-schema-graph\">{\"@context\":\"https:\/\/schema.org\",\"@graph\":[{\"@type\":\"WebPage\",\"@id\":\"https:\/\/tie-products.com\/pl\/produkt\/bluetooth-4-2-earphones-powerbank-truly-pro-x2t\/\",\"url\":\"https:\/\/tie-products.com\/pl\/produkt\/bluetooth-4-2-earphones-powerbank-truly-pro-x2t\/\",\"name\":\"Bluetooth 4.2 S\u0142uchawki + Powerbank TRULY PRO (X2T) - E-Commerce-Revolution\",\"isPartOf\":{\"@id\":\"https:\/\/tie-products.com\/pl\/#website\"},\"primaryImageOfPage\":{\"@id\":\"https:\/\/tie-products.com\/pl\/produkt\/bluetooth-4-2-earphones-powerbank-truly-pro-x2t\/#primaryimage\"},\"image\":{\"@id\":\"https:\/\/tie-products.com\/pl\/produkt\/bluetooth-4-2-earphones-powerbank-truly-pro-x2t\/#primaryimage\"},\"thumbnailUrl\":\"https:\/\/tie-products.com\/wp-content\/uploads\/2018\/09\/Powerbank-Titel.jpg\",\"datePublished\":\"2019-02-16T20:06:09+00:00\",\"dateModified\":\"2021-01-27T16:28:38+00:00\",\"breadcrumb\":{\"@id\":\"https:\/\/tie-products.com\/pl\/produkt\/bluetooth-4-2-earphones-powerbank-truly-pro-x2t\/#breadcrumb\"},\"inLanguage\":\"pl-PL\",\"potentialAction\":[{\"@type\":\"ReadAction\",\"target\":[\"https:\/\/tie-products.com\/pl\/produkt\/bluetooth-4-2-earphones-powerbank-truly-pro-x2t\/\"]}]},{\"@type\":\"ImageObject\",\"inLanguage\":\"pl-PL\",\"@id\":\"https:\/\/tie-products.com\/pl\/produkt\/bluetooth-4-2-earphones-powerbank-truly-pro-x2t\/#primaryimage\",\"url\":\"https:\/\/tie-products.com\/wp-content\/uploads\/2018\/09\/Powerbank-Titel.jpg\",\"contentUrl\":\"https:\/\/tie-products.com\/wp-content\/uploads\/2018\/09\/Powerbank-Titel.jpg\",\"width\":1924,\"height\":1924,\"caption\":\"Bluetooth 4.2 Earphones + Powerbank\"},{\"@type\":\"BreadcrumbList\",\"@id\":\"https:\/\/tie-products.com\/pl\/produkt\/bluetooth-4-2-earphones-powerbank-truly-pro-x2t\/#breadcrumb\",\"itemListElement\":[{\"@type\":\"ListItem\",\"position\":1,\"name\":\"Home\",\"item\":\"https:\/\/tie-products.com\/pl\/\"},{\"@type\":\"ListItem\",\"position\":2,\"name\":\"Shop\",\"item\":\"https:\/\/tie-products.com\/shop\/\"},{\"@type\":\"ListItem\",\"position\":3,\"name\":\"Bluetooth 4.2 S\u0142uchawki + Powerbank TRULY PRO (X2T)\"}]},{\"@type\":\"WebSite\",\"@id\":\"https:\/\/tie-products.com\/pl\/#website\",\"url\":\"https:\/\/tie-products.com\/pl\/\",\"name\":\"E-Commerce-Revolution\",\"description\":\"Just another WordPress site\",\"potentialAction\":[{\"@type\":\"SearchAction\",\"target\":{\"@type\":\"EntryPoint\",\"urlTemplate\":\"https:\/\/tie-products.com\/pl\/?s={search_term_string}\"},\"query-input\":{\"@type\":\"PropertyValueSpecification\",\"valueRequired\":true,\"valueName\":\"search_term_string\"}}],\"inLanguage\":\"pl-PL\"}]}<\/script>\n<!-- \/ Yoast SEO plugin. -->","yoast_head_json":{"title":"Bluetooth 4.2 S\u0142uchawki + Powerbank TRULY PRO (X2T) - E-Commerce-Revolution","robots":{"index":"index","follow":"follow","max-snippet":"max-snippet:-1","max-image-preview":"max-image-preview:large","max-video-preview":"max-video-preview:-1"},"canonical":"https:\/\/tie-products.com\/pl\/produkt\/bluetooth-4-2-earphones-powerbank-truly-pro-x2t\/","og_locale":"pl_PL","og_type":"article","og_title":"Bluetooth 4.2 S\u0142uchawki + Powerbank TRULY PRO (X2T) - E-Commerce-Revolution","og_description":"S\u0142uchawki Bluetooth z funkcj\u0105 Powerbank Prawdziwie bezprzewodowe s\u0142uchawki PRO ze standardem Bluetooth 4.2 w pa\u015bmie 2.4 GHz. S\u0142uchawki pracuj\u0105 nieprzerwanie z gospodarzem (na zewn\u0105trz) na odleg\u0142o\u015b\u0107 do 10 m &#8211; i bez op\u00f3\u017anie\u0144. Modele Truly PRO s\u0105 wygodne w noszeniu i nadaj\u0105 si\u0119 do d\u0142ugiego czasu s\u0142uchania, nawet podczas uprawiania sportu. Zintegrowane t\u0142umienie ha\u0142asu zapewnia [&hellip;]","og_url":"https:\/\/tie-products.com\/pl\/produkt\/bluetooth-4-2-earphones-powerbank-truly-pro-x2t\/","og_site_name":"E-Commerce-Revolution","article_modified_time":"2021-01-27T16:28:38+00:00","og_image":[{"width":1924,"height":1924,"url":"https:\/\/tie-products.com\/wp-content\/uploads\/2018\/09\/Powerbank-Titel.jpg","type":"image\/jpeg"}],"twitter_card":"summary_large_image","twitter_misc":{"Szacowany czas czytania":"2 minuty"},"schema":{"@context":"https:\/\/schema.org","@graph":[{"@type":"WebPage","@id":"https:\/\/tie-products.com\/pl\/produkt\/bluetooth-4-2-earphones-powerbank-truly-pro-x2t\/","url":"https:\/\/tie-products.com\/pl\/produkt\/bluetooth-4-2-earphones-powerbank-truly-pro-x2t\/","name":"Bluetooth 4.2 S\u0142uchawki + Powerbank TRULY PRO (X2T) - E-Commerce-Revolution","isPartOf":{"@id":"https:\/\/tie-products.com\/pl\/#website"},"primaryImageOfPage":{"@id":"https:\/\/tie-products.com\/pl\/produkt\/bluetooth-4-2-earphones-powerbank-truly-pro-x2t\/#primaryimage"},"image":{"@id":"https:\/\/tie-products.com\/pl\/produkt\/bluetooth-4-2-earphones-powerbank-truly-pro-x2t\/#primaryimage"},"thumbnailUrl":"https:\/\/tie-products.com\/wp-content\/uploads\/2018\/09\/Powerbank-Titel.jpg","datePublished":"2019-02-16T20:06:09+00:00","dateModified":"2021-01-27T16:28:38+00:00","breadcrumb":{"@id":"https:\/\/tie-products.com\/pl\/produkt\/bluetooth-4-2-earphones-powerbank-truly-pro-x2t\/#breadcrumb"},"inLanguage":"pl-PL","potentialAction":[{"@type":"ReadAction","target":["https:\/\/tie-products.com\/pl\/produkt\/bluetooth-4-2-earphones-powerbank-truly-pro-x2t\/"]}]},{"@type":"ImageObject","inLanguage":"pl-PL","@id":"https:\/\/tie-products.com\/pl\/produkt\/bluetooth-4-2-earphones-powerbank-truly-pro-x2t\/#primaryimage","url":"https:\/\/tie-products.com\/wp-content\/uploads\/2018\/09\/Powerbank-Titel.jpg","contentUrl":"https:\/\/tie-products.com\/wp-content\/uploads\/2018\/09\/Powerbank-Titel.jpg","width":1924,"height":1924,"caption":"Bluetooth 4.2 Earphones + Powerbank"},{"@type":"BreadcrumbList","@id":"https:\/\/tie-products.com\/pl\/produkt\/bluetooth-4-2-earphones-powerbank-truly-pro-x2t\/#breadcrumb","itemListElement":[{"@type":"ListItem","position":1,"name":"Home","item":"https:\/\/tie-products.com\/pl\/"},{"@type":"ListItem","position":2,"name":"Shop","item":"https:\/\/tie-products.com\/shop\/"},{"@type":"ListItem","position":3,"name":"Bluetooth 4.2 S\u0142uchawki + Powerbank TRULY PRO (X2T)"}]},{"@type":"WebSite","@id":"https:\/\/tie-products.com\/pl\/#website","url":"https:\/\/tie-products.com\/pl\/","name":"E-Commerce-Revolution","description":"Just another WordPress site","potentialAction":[{"@type":"SearchAction","target":{"@type":"EntryPoint","urlTemplate":"https:\/\/tie-products.com\/pl\/?s={search_term_string}"},"query-input":{"@type":"PropertyValueSpecification","valueRequired":true,"valueName":"search_term_string"}}],"inLanguage":"pl-PL"}]}},"_links":{"self":[{"href":"https:\/\/tie-products.com\/pl\/wp-json\/wp\/v2\/product\/11550","targetHints":{"allow":["GET"]}}],"collection":[{"href":"https:\/\/tie-products.com\/pl\/wp-json\/wp\/v2\/product"}],"about":[{"href":"https:\/\/tie-products.com\/pl\/wp-json\/wp\/v2\/types\/product"}],"wp:featuredmedia":[{"embeddable":true,"href":"https:\/\/tie-products.com\/pl\/wp-json\/wp\/v2\/media\/11551"}],"wp:attachment":[{"href":"https:\/\/tie-products.com\/pl\/wp-json\/wp\/v2\/media?parent=11550"}],"wp:term":[{"taxonomy":"product_brand","embeddable":true,"href":"https:\/\/tie-products.com\/pl\/wp-json\/wp\/v2\/product_brand?post=11550"},{"taxonomy":"product_cat","embeddable":true,"href":"https:\/\/tie-products.com\/pl\/wp-json\/wp\/v2\/product_cat?post=11550"},{"taxonomy":"product_tag","embeddable":true,"href":"https:\/\/tie-products.com\/pl\/wp-json\/wp\/v2\/product_tag?post=11550"}],"curies":[{"name":"wp","href":"https:\/\/api.w.org\/{rel}","templated":true}]}}