{"id":11505,"date":"2019-02-16T21:06:05","date_gmt":"2019-02-16T20:06:05","guid":{"rendered":"https:\/\/tie-products.netzspitze.cloud\/produkt\/flex-mic-stand-pro\/"},"modified":"2021-02-20T19:55:51","modified_gmt":"2021-02-20T19:55:51","slug":"flex-mic-stand-pro","status":"publish","type":"product","link":"https:\/\/tie-products.com\/pl\/produkt\/flex-mic-stand-pro\/","title":{"rendered":"Elastyczny statyw do mikrofonu PRO XLR"},"content":{"rendered":"<p><strong>Profesjonalne rami\u0119 mikrofonu biurkowego, w tym prowadzenie kabli.<\/strong><\/p>\n<p>G\u0142adko pracuj\u0105ce i wytrzyma\u0142e rami\u0119 mikrofonu sto\u0142owego wykonane ze stali powlekanej proszkowo, ze zintegrowan\u0105 prowadnic\u0105 kabla i kablem mikrofonu XLR o d\u0142ugo\u015bci 2,5 metra &#8211; idealne do studi\u00f3w d\u017awi\u0119ku i stacji roboczych do multimedi\u00f3w. Uchwyty spr\u0119\u017cynowe u\u0142atwiaj\u0105 ustawianie \u017c\u0105danej pozycji i p\u0142ynn\u0105 regulacj\u0119 mikrofonu. Po\u0142\u0105czenie gwintowane 5\/8\u2033 umo\u017cliwia instalacj\u0119 mikrofon\u00f3w studyjnych.<\/p>\n\n\t\t<style type=\"text\/css\">\n\t\t\t#gallery-1 {\n\t\t\t\tmargin: auto;\n\t\t\t}\n\t\t\t#gallery-1 .gallery-item {\n\t\t\t\tfloat: left;\n\t\t\t\tmargin-top: 10px;\n\t\t\t\ttext-align: center;\n\t\t\t\twidth: 25%;\n\t\t\t}\n\t\t\t#gallery-1 img {\n\t\t\t\tborder: 2px solid #cfcfcf;\n\t\t\t}\n\t\t\t#gallery-1 .gallery-caption {\n\t\t\t\tmargin-left: 0;\n\t\t\t}\n\t\t\t\/* see gallery_shortcode() in wp-includes\/media.php *\/\n\t\t<\/style>\n\t\t<div id='gallery-1' class='gallery galleryid-11505 gallery-columns-4 gallery-size-medium'><dl class='gallery-item'>\n\t\t\t<dt class='gallery-icon landscape'>\n\t\t\t\t<a href='https:\/\/tie-products.com\/pl\/?attachment_id=12149'><img loading=\"lazy\" decoding=\"async\" width=\"300\" height=\"300\" src=\"https:\/\/tie-products.com\/wp-content\/uploads\/2021\/02\/TIE-FlexStandProUSB-Lifestyle-2-300x300.jpg\" class=\"attachment-medium size-medium\" alt=\"\" srcset=\"https:\/\/tie-products.com\/wp-content\/uploads\/2021\/02\/TIE-FlexStandProUSB-Lifestyle-2-300x300.jpg 300w, https:\/\/tie-products.com\/wp-content\/uploads\/2021\/02\/TIE-FlexStandProUSB-Lifestyle-2-100x100.jpg 100w, https:\/\/tie-products.com\/wp-content\/uploads\/2021\/02\/TIE-FlexStandProUSB-Lifestyle-2-600x600.jpg 600w, https:\/\/tie-products.com\/wp-content\/uploads\/2021\/02\/TIE-FlexStandProUSB-Lifestyle-2-1030x1030.jpg 1030w, https:\/\/tie-products.com\/wp-content\/uploads\/2021\/02\/TIE-FlexStandProUSB-Lifestyle-2-80x80.jpg 80w, https:\/\/tie-products.com\/wp-content\/uploads\/2021\/02\/TIE-FlexStandProUSB-Lifestyle-2-768x768.jpg 768w, https:\/\/tie-products.com\/wp-content\/uploads\/2021\/02\/TIE-FlexStandProUSB-Lifestyle-2-36x36.jpg 36w, https:\/\/tie-products.com\/wp-content\/uploads\/2021\/02\/TIE-FlexStandProUSB-Lifestyle-2-180x180.jpg 180w, https:\/\/tie-products.com\/wp-content\/uploads\/2021\/02\/TIE-FlexStandProUSB-Lifestyle-2.jpg 1500w, https:\/\/tie-products.com\/wp-content\/uploads\/2021\/02\/TIE-FlexStandProUSB-Lifestyle-2-705x705.jpg 705w\" sizes=\"auto, (max-width: 300px) 100vw, 300px\" \/><\/a>\n\t\t\t<\/dt><\/dl><dl class='gallery-item'>\n\t\t\t<dt class='gallery-icon landscape'>\n\t\t\t\t<a href='https:\/\/tie-products.com\/pl\/?attachment_id=12153'><img loading=\"lazy\" decoding=\"async\" width=\"300\" height=\"300\" src=\"https:\/\/tie-products.com\/wp-content\/uploads\/2021\/02\/TIE-FlexStandProUSB-Lifestyle-3-300x300.jpg\" class=\"attachment-medium size-medium\" alt=\"\" srcset=\"https:\/\/tie-products.com\/wp-content\/uploads\/2021\/02\/TIE-FlexStandProUSB-Lifestyle-3-300x300.jpg 300w, https:\/\/tie-products.com\/wp-content\/uploads\/2021\/02\/TIE-FlexStandProUSB-Lifestyle-3-100x100.jpg 100w, https:\/\/tie-products.com\/wp-content\/uploads\/2021\/02\/TIE-FlexStandProUSB-Lifestyle-3-600x600.jpg 600w, https:\/\/tie-products.com\/wp-content\/uploads\/2021\/02\/TIE-FlexStandProUSB-Lifestyle-3-1030x1030.jpg 1030w, https:\/\/tie-products.com\/wp-content\/uploads\/2021\/02\/TIE-FlexStandProUSB-Lifestyle-3-80x80.jpg 80w, https:\/\/tie-products.com\/wp-content\/uploads\/2021\/02\/TIE-FlexStandProUSB-Lifestyle-3-768x768.jpg 768w, https:\/\/tie-products.com\/wp-content\/uploads\/2021\/02\/TIE-FlexStandProUSB-Lifestyle-3-36x36.jpg 36w, https:\/\/tie-products.com\/wp-content\/uploads\/2021\/02\/TIE-FlexStandProUSB-Lifestyle-3-180x180.jpg 180w, https:\/\/tie-products.com\/wp-content\/uploads\/2021\/02\/TIE-FlexStandProUSB-Lifestyle-3.jpg 1500w, https:\/\/tie-products.com\/wp-content\/uploads\/2021\/02\/TIE-FlexStandProUSB-Lifestyle-3-705x705.jpg 705w\" sizes=\"auto, (max-width: 300px) 100vw, 300px\" \/><\/a>\n\t\t\t<\/dt><\/dl><dl class='gallery-item'>\n\t\t\t<dt class='gallery-icon landscape'>\n\t\t\t\t<a href='https:\/\/tie-products.com\/pl\/?attachment_id=12145'><img loading=\"lazy\" decoding=\"async\" width=\"300\" height=\"300\" src=\"https:\/\/tie-products.com\/wp-content\/uploads\/2021\/02\/TIE-FlexStandProUSB-Lifestyle-1-300x300.jpg\" class=\"attachment-medium size-medium\" alt=\"\" srcset=\"https:\/\/tie-products.com\/wp-content\/uploads\/2021\/02\/TIE-FlexStandProUSB-Lifestyle-1-300x300.jpg 300w, https:\/\/tie-products.com\/wp-content\/uploads\/2021\/02\/TIE-FlexStandProUSB-Lifestyle-1-100x100.jpg 100w, https:\/\/tie-products.com\/wp-content\/uploads\/2021\/02\/TIE-FlexStandProUSB-Lifestyle-1-600x600.jpg 600w, https:\/\/tie-products.com\/wp-content\/uploads\/2021\/02\/TIE-FlexStandProUSB-Lifestyle-1-1030x1030.jpg 1030w, https:\/\/tie-products.com\/wp-content\/uploads\/2021\/02\/TIE-FlexStandProUSB-Lifestyle-1-80x80.jpg 80w, https:\/\/tie-products.com\/wp-content\/uploads\/2021\/02\/TIE-FlexStandProUSB-Lifestyle-1-768x768.jpg 768w, https:\/\/tie-products.com\/wp-content\/uploads\/2021\/02\/TIE-FlexStandProUSB-Lifestyle-1-36x36.jpg 36w, https:\/\/tie-products.com\/wp-content\/uploads\/2021\/02\/TIE-FlexStandProUSB-Lifestyle-1-180x180.jpg 180w, https:\/\/tie-products.com\/wp-content\/uploads\/2021\/02\/TIE-FlexStandProUSB-Lifestyle-1.jpg 1500w, https:\/\/tie-products.com\/wp-content\/uploads\/2021\/02\/TIE-FlexStandProUSB-Lifestyle-1-705x705.jpg 705w\" sizes=\"auto, (max-width: 300px) 100vw, 300px\" \/><\/a>\n\t\t\t<\/dt><\/dl><dl class='gallery-item'>\n\t\t\t<dt class='gallery-icon landscape'>\n\t\t\t\t<a href='https:\/\/tie-products.com\/pl\/?attachment_id=12141'><img loading=\"lazy\" decoding=\"async\" width=\"300\" height=\"300\" src=\"https:\/\/tie-products.com\/wp-content\/uploads\/2021\/02\/TIE-FlexStand-Lifestyle-4-300x300.jpg\" class=\"attachment-medium size-medium\" alt=\"\" srcset=\"https:\/\/tie-products.com\/wp-content\/uploads\/2021\/02\/TIE-FlexStand-Lifestyle-4-300x300.jpg 300w, https:\/\/tie-products.com\/wp-content\/uploads\/2021\/02\/TIE-FlexStand-Lifestyle-4-100x100.jpg 100w, https:\/\/tie-products.com\/wp-content\/uploads\/2021\/02\/TIE-FlexStand-Lifestyle-4-600x600.jpg 600w, https:\/\/tie-products.com\/wp-content\/uploads\/2021\/02\/TIE-FlexStand-Lifestyle-4-1030x1030.jpg 1030w, https:\/\/tie-products.com\/wp-content\/uploads\/2021\/02\/TIE-FlexStand-Lifestyle-4-80x80.jpg 80w, https:\/\/tie-products.com\/wp-content\/uploads\/2021\/02\/TIE-FlexStand-Lifestyle-4-768x768.jpg 768w, https:\/\/tie-products.com\/wp-content\/uploads\/2021\/02\/TIE-FlexStand-Lifestyle-4-36x36.jpg 36w, https:\/\/tie-products.com\/wp-content\/uploads\/2021\/02\/TIE-FlexStand-Lifestyle-4-180x180.jpg 180w, https:\/\/tie-products.com\/wp-content\/uploads\/2021\/02\/TIE-FlexStand-Lifestyle-4.jpg 1500w, https:\/\/tie-products.com\/wp-content\/uploads\/2021\/02\/TIE-FlexStand-Lifestyle-4-705x705.jpg 705w\" sizes=\"auto, (max-width: 300px) 100vw, 300px\" \/><\/a>\n\t\t\t<\/dt><\/dl><br style=\"clear: both\" \/>\n\t\t<\/div>\n\n<p><strong>Cechy:<\/strong><\/p>\n<ul>\n<li>Wytrzyma\u0142a i trwa\u0142a konstrukcja stalowa<\/li>\n<li>W tym po\u0142\u0105czenie gwintowane 5\/8\u2033.<\/li>\n<li>Zintegrowane prowadzenie kabli<\/li>\n<li>Materia\u0142: tworzywo sztuczne i metal (statyw przegubowy)<\/li>\n<li>Idealny do stacji roboczych nadawczych, studyjnych, nagraniowych, podcastowych i multimedialnych.<\/li>\n<li>\u0141atwy monta\u017c na stole lub biurku<\/li>\n<li>P\u0142ynna regulacja za pomoc\u0105 uchwyt\u00f3w spr\u0119\u017cynowych<\/li>\n<li>Zacisk \u015brubowy do blat\u00f3w sto\u0142owych do 60 mm<\/li>\n<li>Podw\u00f3jne st\u0119\u017cenie<\/li>\n<li>Kolor: czarny<\/li>\n<li>Regulacja 360\u00b0<\/li>\n<li>D\u0142ugo\u015b\u0107: maks. 1050 mm<\/li>\n<li>Dla mikrofon\u00f3w o maksymalnej wadze 1800 g.<\/li>\n<li>Zawiera zintegrowany kabel mikrofonu 2,5 m XLR m\u0119ski do XLR \u017ce\u0144ski<\/li>\n<li>Waga: 1250 g.<\/li>\n<\/ul>\n","protected":false},"excerpt":{"rendered":"<p>Profesjonalne rami\u0119 mikrofonu biurkowego, w tym prowadzenie kabli. G\u0142adko pracuj\u0105ce i wytrzyma\u0142e rami\u0119 mikrofonu sto\u0142owego wykonane ze stali powlekanej proszkowo, ze zintegrowan\u0105 prowadnic\u0105 kabla i kablem mikrofonu XLR o d\u0142ugo\u015bci 2,5 metra &#8211; idealne do studi\u00f3w d\u017awi\u0119ku i stacji roboczych do multimedi\u00f3w. Uchwyty spr\u0119\u017cynowe u\u0142atwiaj\u0105 ustawianie \u017c\u0105danej pozycji i p\u0142ynn\u0105 regulacj\u0119 mikrofonu. Po\u0142\u0105czenie gwintowane 5\/8\u2033 [&hellip;]<\/p>\n","protected":false},"featured_media":11506,"template":"","meta":[],"product_brand":[],"product_cat":[24,25],"product_tag":[],"class_list":{"0":"post-11505","1":"product","2":"type-product","3":"status-publish","4":"has-post-thumbnail","6":"product_cat-tie","7":"product_cat-tie-studio","9":"first","10":"instock","11":"purchasable","12":"product-type-simple"},"yoast_head":"<!-- This site is optimized with the Yoast SEO plugin v25.0 - https:\/\/yoast.com\/wordpress\/plugins\/seo\/ -->\n<title>Elastyczny statyw do mikrofonu PRO XLR - E-Commerce-Revolution<\/title>\n<meta name=\"robots\" content=\"index, follow, max-snippet:-1, max-image-preview:large, max-video-preview:-1\" \/>\n<link rel=\"canonical\" href=\"https:\/\/tie-products.com\/pl\/produkt\/flex-mic-stand-pro\/\" \/>\n<meta property=\"og:locale\" content=\"pl_PL\" \/>\n<meta property=\"og:type\" content=\"article\" \/>\n<meta property=\"og:title\" content=\"Elastyczny statyw do mikrofonu PRO XLR - E-Commerce-Revolution\" \/>\n<meta property=\"og:description\" content=\"Profesjonalne rami\u0119 mikrofonu biurkowego, w tym prowadzenie kabli. G\u0142adko pracuj\u0105ce i wytrzyma\u0142e rami\u0119 mikrofonu sto\u0142owego wykonane ze stali powlekanej proszkowo, ze zintegrowan\u0105 prowadnic\u0105 kabla i kablem mikrofonu XLR o d\u0142ugo\u015bci 2,5 metra &#8211; idealne do studi\u00f3w d\u017awi\u0119ku i stacji roboczych do multimedi\u00f3w. Uchwyty spr\u0119\u017cynowe u\u0142atwiaj\u0105 ustawianie \u017c\u0105danej pozycji i p\u0142ynn\u0105 regulacj\u0119 mikrofonu. Po\u0142\u0105czenie gwintowane 5\/8\u2033 [&hellip;]\" \/>\n<meta property=\"og:url\" content=\"https:\/\/tie-products.com\/pl\/produkt\/flex-mic-stand-pro\/\" \/>\n<meta property=\"og:site_name\" content=\"E-Commerce-Revolution\" \/>\n<meta property=\"article:modified_time\" content=\"2021-02-20T19:55:51+00:00\" \/>\n<meta property=\"og:image\" content=\"https:\/\/tie-products.com\/wp-content\/uploads\/2018\/09\/19-90007-TIE-STUDIO-Flexible-Stand-PRO2.jpg\" \/>\n\t<meta property=\"og:image:width\" content=\"1024\" \/>\n\t<meta property=\"og:image:height\" content=\"1024\" \/>\n\t<meta property=\"og:image:type\" content=\"image\/jpeg\" \/>\n<meta name=\"twitter:card\" content=\"summary_large_image\" \/>\n<meta name=\"twitter:label1\" content=\"Szacowany czas czytania\" \/>\n\t<meta name=\"twitter:data1\" content=\"1 minuta\" \/>\n<script type=\"application\/ld+json\" class=\"yoast-schema-graph\">{\"@context\":\"https:\/\/schema.org\",\"@graph\":[{\"@type\":\"WebPage\",\"@id\":\"https:\/\/tie-products.com\/pl\/produkt\/flex-mic-stand-pro\/\",\"url\":\"https:\/\/tie-products.com\/pl\/produkt\/flex-mic-stand-pro\/\",\"name\":\"Elastyczny statyw do mikrofonu PRO XLR - E-Commerce-Revolution\",\"isPartOf\":{\"@id\":\"https:\/\/tie-products.com\/pl\/#website\"},\"primaryImageOfPage\":{\"@id\":\"https:\/\/tie-products.com\/pl\/produkt\/flex-mic-stand-pro\/#primaryimage\"},\"image\":{\"@id\":\"https:\/\/tie-products.com\/pl\/produkt\/flex-mic-stand-pro\/#primaryimage\"},\"thumbnailUrl\":\"https:\/\/tie-products.com\/wp-content\/uploads\/2018\/09\/19-90007-TIE-STUDIO-Flexible-Stand-PRO2.jpg\",\"datePublished\":\"2019-02-16T20:06:05+00:00\",\"dateModified\":\"2021-02-20T19:55:51+00:00\",\"breadcrumb\":{\"@id\":\"https:\/\/tie-products.com\/pl\/produkt\/flex-mic-stand-pro\/#breadcrumb\"},\"inLanguage\":\"pl-PL\",\"potentialAction\":[{\"@type\":\"ReadAction\",\"target\":[\"https:\/\/tie-products.com\/pl\/produkt\/flex-mic-stand-pro\/\"]}]},{\"@type\":\"ImageObject\",\"inLanguage\":\"pl-PL\",\"@id\":\"https:\/\/tie-products.com\/pl\/produkt\/flex-mic-stand-pro\/#primaryimage\",\"url\":\"https:\/\/tie-products.com\/wp-content\/uploads\/2018\/09\/19-90007-TIE-STUDIO-Flexible-Stand-PRO2.jpg\",\"contentUrl\":\"https:\/\/tie-products.com\/wp-content\/uploads\/2018\/09\/19-90007-TIE-STUDIO-Flexible-Stand-PRO2.jpg\",\"width\":1024,\"height\":1024},{\"@type\":\"BreadcrumbList\",\"@id\":\"https:\/\/tie-products.com\/pl\/produkt\/flex-mic-stand-pro\/#breadcrumb\",\"itemListElement\":[{\"@type\":\"ListItem\",\"position\":1,\"name\":\"Home\",\"item\":\"https:\/\/tie-products.com\/pl\/\"},{\"@type\":\"ListItem\",\"position\":2,\"name\":\"Shop\",\"item\":\"https:\/\/tie-products.com\/shop\/\"},{\"@type\":\"ListItem\",\"position\":3,\"name\":\"Elastyczny statyw do mikrofonu PRO XLR\"}]},{\"@type\":\"WebSite\",\"@id\":\"https:\/\/tie-products.com\/pl\/#website\",\"url\":\"https:\/\/tie-products.com\/pl\/\",\"name\":\"E-Commerce-Revolution\",\"description\":\"Just another WordPress site\",\"potentialAction\":[{\"@type\":\"SearchAction\",\"target\":{\"@type\":\"EntryPoint\",\"urlTemplate\":\"https:\/\/tie-products.com\/pl\/?s={search_term_string}\"},\"query-input\":{\"@type\":\"PropertyValueSpecification\",\"valueRequired\":true,\"valueName\":\"search_term_string\"}}],\"inLanguage\":\"pl-PL\"}]}<\/script>\n<!-- \/ Yoast SEO plugin. -->","yoast_head_json":{"title":"Elastyczny statyw do mikrofonu PRO XLR - E-Commerce-Revolution","robots":{"index":"index","follow":"follow","max-snippet":"max-snippet:-1","max-image-preview":"max-image-preview:large","max-video-preview":"max-video-preview:-1"},"canonical":"https:\/\/tie-products.com\/pl\/produkt\/flex-mic-stand-pro\/","og_locale":"pl_PL","og_type":"article","og_title":"Elastyczny statyw do mikrofonu PRO XLR - E-Commerce-Revolution","og_description":"Profesjonalne rami\u0119 mikrofonu biurkowego, w tym prowadzenie kabli. G\u0142adko pracuj\u0105ce i wytrzyma\u0142e rami\u0119 mikrofonu sto\u0142owego wykonane ze stali powlekanej proszkowo, ze zintegrowan\u0105 prowadnic\u0105 kabla i kablem mikrofonu XLR o d\u0142ugo\u015bci 2,5 metra &#8211; idealne do studi\u00f3w d\u017awi\u0119ku i stacji roboczych do multimedi\u00f3w. Uchwyty spr\u0119\u017cynowe u\u0142atwiaj\u0105 ustawianie \u017c\u0105danej pozycji i p\u0142ynn\u0105 regulacj\u0119 mikrofonu. Po\u0142\u0105czenie gwintowane 5\/8\u2033 [&hellip;]","og_url":"https:\/\/tie-products.com\/pl\/produkt\/flex-mic-stand-pro\/","og_site_name":"E-Commerce-Revolution","article_modified_time":"2021-02-20T19:55:51+00:00","og_image":[{"width":1024,"height":1024,"url":"https:\/\/tie-products.com\/wp-content\/uploads\/2018\/09\/19-90007-TIE-STUDIO-Flexible-Stand-PRO2.jpg","type":"image\/jpeg"}],"twitter_card":"summary_large_image","twitter_misc":{"Szacowany czas czytania":"1 minuta"},"schema":{"@context":"https:\/\/schema.org","@graph":[{"@type":"WebPage","@id":"https:\/\/tie-products.com\/pl\/produkt\/flex-mic-stand-pro\/","url":"https:\/\/tie-products.com\/pl\/produkt\/flex-mic-stand-pro\/","name":"Elastyczny statyw do mikrofonu PRO XLR - E-Commerce-Revolution","isPartOf":{"@id":"https:\/\/tie-products.com\/pl\/#website"},"primaryImageOfPage":{"@id":"https:\/\/tie-products.com\/pl\/produkt\/flex-mic-stand-pro\/#primaryimage"},"image":{"@id":"https:\/\/tie-products.com\/pl\/produkt\/flex-mic-stand-pro\/#primaryimage"},"thumbnailUrl":"https:\/\/tie-products.com\/wp-content\/uploads\/2018\/09\/19-90007-TIE-STUDIO-Flexible-Stand-PRO2.jpg","datePublished":"2019-02-16T20:06:05+00:00","dateModified":"2021-02-20T19:55:51+00:00","breadcrumb":{"@id":"https:\/\/tie-products.com\/pl\/produkt\/flex-mic-stand-pro\/#breadcrumb"},"inLanguage":"pl-PL","potentialAction":[{"@type":"ReadAction","target":["https:\/\/tie-products.com\/pl\/produkt\/flex-mic-stand-pro\/"]}]},{"@type":"ImageObject","inLanguage":"pl-PL","@id":"https:\/\/tie-products.com\/pl\/produkt\/flex-mic-stand-pro\/#primaryimage","url":"https:\/\/tie-products.com\/wp-content\/uploads\/2018\/09\/19-90007-TIE-STUDIO-Flexible-Stand-PRO2.jpg","contentUrl":"https:\/\/tie-products.com\/wp-content\/uploads\/2018\/09\/19-90007-TIE-STUDIO-Flexible-Stand-PRO2.jpg","width":1024,"height":1024},{"@type":"BreadcrumbList","@id":"https:\/\/tie-products.com\/pl\/produkt\/flex-mic-stand-pro\/#breadcrumb","itemListElement":[{"@type":"ListItem","position":1,"name":"Home","item":"https:\/\/tie-products.com\/pl\/"},{"@type":"ListItem","position":2,"name":"Shop","item":"https:\/\/tie-products.com\/shop\/"},{"@type":"ListItem","position":3,"name":"Elastyczny statyw do mikrofonu PRO XLR"}]},{"@type":"WebSite","@id":"https:\/\/tie-products.com\/pl\/#website","url":"https:\/\/tie-products.com\/pl\/","name":"E-Commerce-Revolution","description":"Just another WordPress site","potentialAction":[{"@type":"SearchAction","target":{"@type":"EntryPoint","urlTemplate":"https:\/\/tie-products.com\/pl\/?s={search_term_string}"},"query-input":{"@type":"PropertyValueSpecification","valueRequired":true,"valueName":"search_term_string"}}],"inLanguage":"pl-PL"}]}},"_links":{"self":[{"href":"https:\/\/tie-products.com\/pl\/wp-json\/wp\/v2\/product\/11505","targetHints":{"allow":["GET"]}}],"collection":[{"href":"https:\/\/tie-products.com\/pl\/wp-json\/wp\/v2\/product"}],"about":[{"href":"https:\/\/tie-products.com\/pl\/wp-json\/wp\/v2\/types\/product"}],"wp:featuredmedia":[{"embeddable":true,"href":"https:\/\/tie-products.com\/pl\/wp-json\/wp\/v2\/media\/11506"}],"wp:attachment":[{"href":"https:\/\/tie-products.com\/pl\/wp-json\/wp\/v2\/media?parent=11505"}],"wp:term":[{"taxonomy":"product_brand","embeddable":true,"href":"https:\/\/tie-products.com\/pl\/wp-json\/wp\/v2\/product_brand?post=11505"},{"taxonomy":"product_cat","embeddable":true,"href":"https:\/\/tie-products.com\/pl\/wp-json\/wp\/v2\/product_cat?post=11505"},{"taxonomy":"product_tag","embeddable":true,"href":"https:\/\/tie-products.com\/pl\/wp-json\/wp\/v2\/product_tag?post=11505"}],"curies":[{"name":"wp","href":"https:\/\/api.w.org\/{rel}","templated":true}]}}