{"id":11486,"date":"2019-02-16T21:06:06","date_gmt":"2019-02-16T20:06:06","guid":{"rendered":"https:\/\/tie-products.netzspitze.cloud\/produkt\/guitar-wall-hanger-pro\/"},"modified":"2021-01-27T16:37:09","modified_gmt":"2021-01-27T16:37:09","slug":"guitar-wall-hanger-pro","status":"publish","type":"product","link":"https:\/\/tie-products.com\/pl\/produkt\/guitar-wall-hanger-pro\/","title":{"rendered":"Gitarowy wieszak \u015bcienny PRO"},"content":{"rendered":"<p><strong>Uchwyt \u015bcienny gitary z automatycznymi ramionami chwytaka<\/strong><\/p>\n<p>Przykr\u0119cany uchwyt \u015bcienny do monta\u017cu gitar akustycznych, elektrycznych lub bas\u00f3w. Idealny do u\u017cytku domowego, szkolnego lub studyjnego. Mi\u0119kka piankowa podk\u0142adka zapewnia maksymaln\u0105 ochron\u0119 instrumentu. Gitarowy wieszak \u015bcienny PRO zabezpiecza instrument za pomoc\u0105 dw\u00f3ch ramion chwytaka, kt\u00f3re zamykaj\u0105 si\u0119 automatycznie, gdy instrument jest zawieszony ze wzgl\u0119du na jego wag\u0119.<\/p>\n<p><strong>Cechy<\/strong><\/p>\n<ul>\n<li>Uchwyt \u015bcienny gitary z automatycznymi ramionami chwytaka<\/li>\n<li>Do wszystkich typ\u00f3w gitar akustycznych i klasycznych oraz gitar elektrycznych i basowych.<\/li>\n<li>Mi\u0119kkie podk\u0142adki piankowe zapewniaj\u0105ce maksymaln\u0105 ochron\u0119 instrumentu.<\/li>\n<li>Dostawa obejmuje wkr\u0119ty do monta\u017cu na \u015bcianie.<\/li>\n<li>Kolor: czarny<\/li>\n<li>Wymiary 140 x 106 x 60 mm<\/li>\n<li>Waga: 169 g.<\/li>\n<\/ul>\n","protected":false},"excerpt":{"rendered":"<p>Uchwyt \u015bcienny gitary z automatycznymi ramionami chwytaka Przykr\u0119cany uchwyt \u015bcienny do monta\u017cu gitar akustycznych, elektrycznych lub bas\u00f3w. Idealny do u\u017cytku domowego, szkolnego lub studyjnego. Mi\u0119kka piankowa podk\u0142adka zapewnia maksymaln\u0105 ochron\u0119 instrumentu. Gitarowy wieszak \u015bcienny PRO zabezpiecza instrument za pomoc\u0105 dw\u00f3ch ramion chwytaka, kt\u00f3re zamykaj\u0105 si\u0119 automatycznie, gdy instrument jest zawieszony ze wzgl\u0119du na jego wag\u0119. [&hellip;]<\/p>\n","protected":false},"featured_media":11487,"template":"","meta":[],"product_brand":[],"product_cat":[24,25],"product_tag":[],"class_list":{"0":"post-11486","1":"product","2":"type-product","3":"status-publish","4":"has-post-thumbnail","6":"product_cat-tie","7":"product_cat-tie-studio","9":"first","10":"instock","11":"purchasable","12":"product-type-simple"},"yoast_head":"<!-- This site is optimized with the Yoast SEO plugin v25.0 - https:\/\/yoast.com\/wordpress\/plugins\/seo\/ -->\n<title>Gitarowy wieszak \u015bcienny PRO - E-Commerce-Revolution<\/title>\n<meta name=\"robots\" content=\"index, follow, max-snippet:-1, max-image-preview:large, max-video-preview:-1\" \/>\n<link rel=\"canonical\" href=\"https:\/\/tie-products.com\/pl\/produkt\/guitar-wall-hanger-pro\/\" \/>\n<meta property=\"og:locale\" content=\"pl_PL\" \/>\n<meta property=\"og:type\" content=\"article\" \/>\n<meta property=\"og:title\" content=\"Gitarowy wieszak \u015bcienny PRO - E-Commerce-Revolution\" \/>\n<meta property=\"og:description\" content=\"Uchwyt \u015bcienny gitary z automatycznymi ramionami chwytaka Przykr\u0119cany uchwyt \u015bcienny do monta\u017cu gitar akustycznych, elektrycznych lub bas\u00f3w. Idealny do u\u017cytku domowego, szkolnego lub studyjnego. Mi\u0119kka piankowa podk\u0142adka zapewnia maksymaln\u0105 ochron\u0119 instrumentu. Gitarowy wieszak \u015bcienny PRO zabezpiecza instrument za pomoc\u0105 dw\u00f3ch ramion chwytaka, kt\u00f3re zamykaj\u0105 si\u0119 automatycznie, gdy instrument jest zawieszony ze wzgl\u0119du na jego wag\u0119. [&hellip;]\" \/>\n<meta property=\"og:url\" content=\"https:\/\/tie-products.com\/pl\/produkt\/guitar-wall-hanger-pro\/\" \/>\n<meta property=\"og:site_name\" content=\"E-Commerce-Revolution\" \/>\n<meta property=\"article:modified_time\" content=\"2021-01-27T16:37:09+00:00\" \/>\n<meta property=\"og:image\" content=\"https:\/\/tie-products.com\/wp-content\/uploads\/2018\/09\/19-90008-TIE-STUDIO-Guitar-Wall-Hanger-Pro-1.png\" \/>\n\t<meta property=\"og:image:width\" content=\"1024\" \/>\n\t<meta property=\"og:image:height\" content=\"1024\" \/>\n\t<meta property=\"og:image:type\" content=\"image\/png\" \/>\n<meta name=\"twitter:card\" content=\"summary_large_image\" \/>\n<meta name=\"twitter:label1\" content=\"Szacowany czas czytania\" \/>\n\t<meta name=\"twitter:data1\" content=\"1 minuta\" \/>\n<script type=\"application\/ld+json\" class=\"yoast-schema-graph\">{\"@context\":\"https:\/\/schema.org\",\"@graph\":[{\"@type\":\"WebPage\",\"@id\":\"https:\/\/tie-products.com\/pl\/produkt\/guitar-wall-hanger-pro\/\",\"url\":\"https:\/\/tie-products.com\/pl\/produkt\/guitar-wall-hanger-pro\/\",\"name\":\"Gitarowy wieszak \u015bcienny PRO - E-Commerce-Revolution\",\"isPartOf\":{\"@id\":\"https:\/\/tie-products.com\/pl\/#website\"},\"primaryImageOfPage\":{\"@id\":\"https:\/\/tie-products.com\/pl\/produkt\/guitar-wall-hanger-pro\/#primaryimage\"},\"image\":{\"@id\":\"https:\/\/tie-products.com\/pl\/produkt\/guitar-wall-hanger-pro\/#primaryimage\"},\"thumbnailUrl\":\"https:\/\/tie-products.com\/wp-content\/uploads\/2018\/09\/19-90008-TIE-STUDIO-Guitar-Wall-Hanger-Pro-1.png\",\"datePublished\":\"2019-02-16T20:06:06+00:00\",\"dateModified\":\"2021-01-27T16:37:09+00:00\",\"breadcrumb\":{\"@id\":\"https:\/\/tie-products.com\/pl\/produkt\/guitar-wall-hanger-pro\/#breadcrumb\"},\"inLanguage\":\"pl-PL\",\"potentialAction\":[{\"@type\":\"ReadAction\",\"target\":[\"https:\/\/tie-products.com\/pl\/produkt\/guitar-wall-hanger-pro\/\"]}]},{\"@type\":\"ImageObject\",\"inLanguage\":\"pl-PL\",\"@id\":\"https:\/\/tie-products.com\/pl\/produkt\/guitar-wall-hanger-pro\/#primaryimage\",\"url\":\"https:\/\/tie-products.com\/wp-content\/uploads\/2018\/09\/19-90008-TIE-STUDIO-Guitar-Wall-Hanger-Pro-1.png\",\"contentUrl\":\"https:\/\/tie-products.com\/wp-content\/uploads\/2018\/09\/19-90008-TIE-STUDIO-Guitar-Wall-Hanger-Pro-1.png\",\"width\":1024,\"height\":1024},{\"@type\":\"BreadcrumbList\",\"@id\":\"https:\/\/tie-products.com\/pl\/produkt\/guitar-wall-hanger-pro\/#breadcrumb\",\"itemListElement\":[{\"@type\":\"ListItem\",\"position\":1,\"name\":\"Home\",\"item\":\"https:\/\/tie-products.com\/pl\/\"},{\"@type\":\"ListItem\",\"position\":2,\"name\":\"Shop\",\"item\":\"https:\/\/tie-products.com\/shop\/\"},{\"@type\":\"ListItem\",\"position\":3,\"name\":\"Gitarowy wieszak \u015bcienny PRO\"}]},{\"@type\":\"WebSite\",\"@id\":\"https:\/\/tie-products.com\/pl\/#website\",\"url\":\"https:\/\/tie-products.com\/pl\/\",\"name\":\"E-Commerce-Revolution\",\"description\":\"Just another WordPress site\",\"potentialAction\":[{\"@type\":\"SearchAction\",\"target\":{\"@type\":\"EntryPoint\",\"urlTemplate\":\"https:\/\/tie-products.com\/pl\/?s={search_term_string}\"},\"query-input\":{\"@type\":\"PropertyValueSpecification\",\"valueRequired\":true,\"valueName\":\"search_term_string\"}}],\"inLanguage\":\"pl-PL\"}]}<\/script>\n<!-- \/ Yoast SEO plugin. -->","yoast_head_json":{"title":"Gitarowy wieszak \u015bcienny PRO - E-Commerce-Revolution","robots":{"index":"index","follow":"follow","max-snippet":"max-snippet:-1","max-image-preview":"max-image-preview:large","max-video-preview":"max-video-preview:-1"},"canonical":"https:\/\/tie-products.com\/pl\/produkt\/guitar-wall-hanger-pro\/","og_locale":"pl_PL","og_type":"article","og_title":"Gitarowy wieszak \u015bcienny PRO - E-Commerce-Revolution","og_description":"Uchwyt \u015bcienny gitary z automatycznymi ramionami chwytaka Przykr\u0119cany uchwyt \u015bcienny do monta\u017cu gitar akustycznych, elektrycznych lub bas\u00f3w. Idealny do u\u017cytku domowego, szkolnego lub studyjnego. Mi\u0119kka piankowa podk\u0142adka zapewnia maksymaln\u0105 ochron\u0119 instrumentu. Gitarowy wieszak \u015bcienny PRO zabezpiecza instrument za pomoc\u0105 dw\u00f3ch ramion chwytaka, kt\u00f3re zamykaj\u0105 si\u0119 automatycznie, gdy instrument jest zawieszony ze wzgl\u0119du na jego wag\u0119. [&hellip;]","og_url":"https:\/\/tie-products.com\/pl\/produkt\/guitar-wall-hanger-pro\/","og_site_name":"E-Commerce-Revolution","article_modified_time":"2021-01-27T16:37:09+00:00","og_image":[{"width":1024,"height":1024,"url":"https:\/\/tie-products.com\/wp-content\/uploads\/2018\/09\/19-90008-TIE-STUDIO-Guitar-Wall-Hanger-Pro-1.png","type":"image\/png"}],"twitter_card":"summary_large_image","twitter_misc":{"Szacowany czas czytania":"1 minuta"},"schema":{"@context":"https:\/\/schema.org","@graph":[{"@type":"WebPage","@id":"https:\/\/tie-products.com\/pl\/produkt\/guitar-wall-hanger-pro\/","url":"https:\/\/tie-products.com\/pl\/produkt\/guitar-wall-hanger-pro\/","name":"Gitarowy wieszak \u015bcienny PRO - E-Commerce-Revolution","isPartOf":{"@id":"https:\/\/tie-products.com\/pl\/#website"},"primaryImageOfPage":{"@id":"https:\/\/tie-products.com\/pl\/produkt\/guitar-wall-hanger-pro\/#primaryimage"},"image":{"@id":"https:\/\/tie-products.com\/pl\/produkt\/guitar-wall-hanger-pro\/#primaryimage"},"thumbnailUrl":"https:\/\/tie-products.com\/wp-content\/uploads\/2018\/09\/19-90008-TIE-STUDIO-Guitar-Wall-Hanger-Pro-1.png","datePublished":"2019-02-16T20:06:06+00:00","dateModified":"2021-01-27T16:37:09+00:00","breadcrumb":{"@id":"https:\/\/tie-products.com\/pl\/produkt\/guitar-wall-hanger-pro\/#breadcrumb"},"inLanguage":"pl-PL","potentialAction":[{"@type":"ReadAction","target":["https:\/\/tie-products.com\/pl\/produkt\/guitar-wall-hanger-pro\/"]}]},{"@type":"ImageObject","inLanguage":"pl-PL","@id":"https:\/\/tie-products.com\/pl\/produkt\/guitar-wall-hanger-pro\/#primaryimage","url":"https:\/\/tie-products.com\/wp-content\/uploads\/2018\/09\/19-90008-TIE-STUDIO-Guitar-Wall-Hanger-Pro-1.png","contentUrl":"https:\/\/tie-products.com\/wp-content\/uploads\/2018\/09\/19-90008-TIE-STUDIO-Guitar-Wall-Hanger-Pro-1.png","width":1024,"height":1024},{"@type":"BreadcrumbList","@id":"https:\/\/tie-products.com\/pl\/produkt\/guitar-wall-hanger-pro\/#breadcrumb","itemListElement":[{"@type":"ListItem","position":1,"name":"Home","item":"https:\/\/tie-products.com\/pl\/"},{"@type":"ListItem","position":2,"name":"Shop","item":"https:\/\/tie-products.com\/shop\/"},{"@type":"ListItem","position":3,"name":"Gitarowy wieszak \u015bcienny PRO"}]},{"@type":"WebSite","@id":"https:\/\/tie-products.com\/pl\/#website","url":"https:\/\/tie-products.com\/pl\/","name":"E-Commerce-Revolution","description":"Just another WordPress site","potentialAction":[{"@type":"SearchAction","target":{"@type":"EntryPoint","urlTemplate":"https:\/\/tie-products.com\/pl\/?s={search_term_string}"},"query-input":{"@type":"PropertyValueSpecification","valueRequired":true,"valueName":"search_term_string"}}],"inLanguage":"pl-PL"}]}},"_links":{"self":[{"href":"https:\/\/tie-products.com\/pl\/wp-json\/wp\/v2\/product\/11486","targetHints":{"allow":["GET"]}}],"collection":[{"href":"https:\/\/tie-products.com\/pl\/wp-json\/wp\/v2\/product"}],"about":[{"href":"https:\/\/tie-products.com\/pl\/wp-json\/wp\/v2\/types\/product"}],"wp:featuredmedia":[{"embeddable":true,"href":"https:\/\/tie-products.com\/pl\/wp-json\/wp\/v2\/media\/11487"}],"wp:attachment":[{"href":"https:\/\/tie-products.com\/pl\/wp-json\/wp\/v2\/media?parent=11486"}],"wp:term":[{"taxonomy":"product_brand","embeddable":true,"href":"https:\/\/tie-products.com\/pl\/wp-json\/wp\/v2\/product_brand?post=11486"},{"taxonomy":"product_cat","embeddable":true,"href":"https:\/\/tie-products.com\/pl\/wp-json\/wp\/v2\/product_cat?post=11486"},{"taxonomy":"product_tag","embeddable":true,"href":"https:\/\/tie-products.com\/pl\/wp-json\/wp\/v2\/product_tag?post=11486"}],"curies":[{"name":"wp","href":"https:\/\/api.w.org\/{rel}","templated":true}]}}