{"id":11476,"date":"2019-02-16T21:06:03","date_gmt":"2019-02-16T20:06:03","guid":{"rendered":"https:\/\/tie-products.netzspitze.cloud\/produkt\/midi-1i1o\/"},"modified":"2021-02-20T19:45:28","modified_gmt":"2021-02-20T19:45:28","slug":"midi-1i1o","status":"publish","type":"product","link":"https:\/\/tie-products.com\/pl\/produkt\/midi-1i1o\/","title":{"rendered":"MIDI 1i1o"},"content":{"rendered":"<p><strong>Interfejs USB MIDI<\/strong><\/p>\n<p>TIE Studio MIDI 1i1o jest wyj\u0105tkowo lekki i kompaktowy dzi\u0119ki interfejsowi zintegrowanemu ju\u017c w z\u0142\u0105czu USB. Jest to najprostszy spos\u00f3b na pod\u0142\u0105czenie sprz\u0119tu MIDI do komputer\u00f3w z systemem Windows lub MAC. Aktualny chipset zapewnia najni\u017csze op\u00f3\u017anienie i stabilny czas. Interfejs jest zasilany przez USB, a prawdziwa funkcja Plug &amp; Play sprawia, \u017ce instalacja sterownika jest zb\u0119dna.<\/p>\n<p><strong>Cechy<\/strong>:<\/p>\n<ul>\n<li>Interfejs USB MIDI<\/li>\n<li>1x MIDI-In, 1x MIDI-Out<\/li>\n<li>Interfejs zintegrowany w z\u0142\u0105czu USB<\/li>\n<li>Zasilanie przez USB<\/li>\n<li>Plug &amp; Play, instalacja sterownika nie jest wymagana.<\/li>\n<li>Zgodno\u015b\u0107 z klas\u0105 USB dla system\u00f3w Windows i Mac OSX<\/li>\n<li>D\u0142ugo\u015b\u0107 ca\u0142kowita: ok. 2 m<\/li>\n<\/ul>\n","protected":false},"excerpt":{"rendered":"<p>Interfejs USB MIDI TIE Studio MIDI 1i1o jest wyj\u0105tkowo lekki i kompaktowy dzi\u0119ki interfejsowi zintegrowanemu ju\u017c w z\u0142\u0105czu USB. Jest to najprostszy spos\u00f3b na pod\u0142\u0105czenie sprz\u0119tu MIDI do komputer\u00f3w z systemem Windows lub MAC. Aktualny chipset zapewnia najni\u017csze op\u00f3\u017anienie i stabilny czas. Interfejs jest zasilany przez USB, a prawdziwa funkcja Plug &amp; Play sprawia, \u017ce [&hellip;]<\/p>\n","protected":false},"featured_media":11477,"template":"","meta":[],"product_brand":[],"product_cat":[24,25],"product_tag":[],"class_list":{"0":"post-11476","1":"product","2":"type-product","3":"status-publish","4":"has-post-thumbnail","6":"product_cat-tie","7":"product_cat-tie-studio","9":"first","10":"instock","11":"purchasable","12":"product-type-simple"},"yoast_head":"<!-- This site is optimized with the Yoast SEO plugin v25.0 - https:\/\/yoast.com\/wordpress\/plugins\/seo\/ -->\n<title>MIDI 1i1o - E-Commerce-Revolution<\/title>\n<meta name=\"robots\" content=\"index, follow, max-snippet:-1, max-image-preview:large, max-video-preview:-1\" \/>\n<link rel=\"canonical\" href=\"https:\/\/tie-products.com\/pl\/produkt\/midi-1i1o\/\" \/>\n<meta property=\"og:locale\" content=\"pl_PL\" \/>\n<meta property=\"og:type\" content=\"article\" \/>\n<meta property=\"og:title\" content=\"MIDI 1i1o - E-Commerce-Revolution\" \/>\n<meta property=\"og:description\" content=\"Interfejs USB MIDI TIE Studio MIDI 1i1o jest wyj\u0105tkowo lekki i kompaktowy dzi\u0119ki interfejsowi zintegrowanemu ju\u017c w z\u0142\u0105czu USB. Jest to najprostszy spos\u00f3b na pod\u0142\u0105czenie sprz\u0119tu MIDI do komputer\u00f3w z systemem Windows lub MAC. Aktualny chipset zapewnia najni\u017csze op\u00f3\u017anienie i stabilny czas. Interfejs jest zasilany przez USB, a prawdziwa funkcja Plug &amp; Play sprawia, \u017ce [&hellip;]\" \/>\n<meta property=\"og:url\" content=\"https:\/\/tie-products.com\/pl\/produkt\/midi-1i1o\/\" \/>\n<meta property=\"og:site_name\" content=\"E-Commerce-Revolution\" \/>\n<meta property=\"article:modified_time\" content=\"2021-02-20T19:45:28+00:00\" \/>\n<meta property=\"og:image\" content=\"https:\/\/tie-products.com\/wp-content\/uploads\/2018\/04\/Midi-USB-1i10-Interface-7.jpeg\" \/>\n\t<meta property=\"og:image:width\" content=\"1276\" \/>\n\t<meta property=\"og:image:height\" content=\"1276\" \/>\n\t<meta property=\"og:image:type\" content=\"image\/jpeg\" \/>\n<meta name=\"twitter:card\" content=\"summary_large_image\" \/>\n<meta name=\"twitter:label1\" content=\"Szacowany czas czytania\" \/>\n\t<meta name=\"twitter:data1\" content=\"1 minuta\" \/>\n<script type=\"application\/ld+json\" class=\"yoast-schema-graph\">{\"@context\":\"https:\/\/schema.org\",\"@graph\":[{\"@type\":\"WebPage\",\"@id\":\"https:\/\/tie-products.com\/pl\/produkt\/midi-1i1o\/\",\"url\":\"https:\/\/tie-products.com\/pl\/produkt\/midi-1i1o\/\",\"name\":\"MIDI 1i1o - E-Commerce-Revolution\",\"isPartOf\":{\"@id\":\"https:\/\/tie-products.com\/pl\/#website\"},\"primaryImageOfPage\":{\"@id\":\"https:\/\/tie-products.com\/pl\/produkt\/midi-1i1o\/#primaryimage\"},\"image\":{\"@id\":\"https:\/\/tie-products.com\/pl\/produkt\/midi-1i1o\/#primaryimage\"},\"thumbnailUrl\":\"https:\/\/tie-products.com\/wp-content\/uploads\/2018\/04\/Midi-USB-1i10-Interface-7.jpeg\",\"datePublished\":\"2019-02-16T20:06:03+00:00\",\"dateModified\":\"2021-02-20T19:45:28+00:00\",\"breadcrumb\":{\"@id\":\"https:\/\/tie-products.com\/pl\/produkt\/midi-1i1o\/#breadcrumb\"},\"inLanguage\":\"pl-PL\",\"potentialAction\":[{\"@type\":\"ReadAction\",\"target\":[\"https:\/\/tie-products.com\/pl\/produkt\/midi-1i1o\/\"]}]},{\"@type\":\"ImageObject\",\"inLanguage\":\"pl-PL\",\"@id\":\"https:\/\/tie-products.com\/pl\/produkt\/midi-1i1o\/#primaryimage\",\"url\":\"https:\/\/tie-products.com\/wp-content\/uploads\/2018\/04\/Midi-USB-1i10-Interface-7.jpeg\",\"contentUrl\":\"https:\/\/tie-products.com\/wp-content\/uploads\/2018\/04\/Midi-USB-1i10-Interface-7.jpeg\",\"width\":1276,\"height\":1276},{\"@type\":\"BreadcrumbList\",\"@id\":\"https:\/\/tie-products.com\/pl\/produkt\/midi-1i1o\/#breadcrumb\",\"itemListElement\":[{\"@type\":\"ListItem\",\"position\":1,\"name\":\"Home\",\"item\":\"https:\/\/tie-products.com\/pl\/\"},{\"@type\":\"ListItem\",\"position\":2,\"name\":\"Shop\",\"item\":\"https:\/\/tie-products.com\/shop\/\"},{\"@type\":\"ListItem\",\"position\":3,\"name\":\"MIDI 1i1o\"}]},{\"@type\":\"WebSite\",\"@id\":\"https:\/\/tie-products.com\/pl\/#website\",\"url\":\"https:\/\/tie-products.com\/pl\/\",\"name\":\"E-Commerce-Revolution\",\"description\":\"Just another WordPress site\",\"potentialAction\":[{\"@type\":\"SearchAction\",\"target\":{\"@type\":\"EntryPoint\",\"urlTemplate\":\"https:\/\/tie-products.com\/pl\/?s={search_term_string}\"},\"query-input\":{\"@type\":\"PropertyValueSpecification\",\"valueRequired\":true,\"valueName\":\"search_term_string\"}}],\"inLanguage\":\"pl-PL\"}]}<\/script>\n<!-- \/ Yoast SEO plugin. -->","yoast_head_json":{"title":"MIDI 1i1o - E-Commerce-Revolution","robots":{"index":"index","follow":"follow","max-snippet":"max-snippet:-1","max-image-preview":"max-image-preview:large","max-video-preview":"max-video-preview:-1"},"canonical":"https:\/\/tie-products.com\/pl\/produkt\/midi-1i1o\/","og_locale":"pl_PL","og_type":"article","og_title":"MIDI 1i1o - E-Commerce-Revolution","og_description":"Interfejs USB MIDI TIE Studio MIDI 1i1o jest wyj\u0105tkowo lekki i kompaktowy dzi\u0119ki interfejsowi zintegrowanemu ju\u017c w z\u0142\u0105czu USB. Jest to najprostszy spos\u00f3b na pod\u0142\u0105czenie sprz\u0119tu MIDI do komputer\u00f3w z systemem Windows lub MAC. Aktualny chipset zapewnia najni\u017csze op\u00f3\u017anienie i stabilny czas. Interfejs jest zasilany przez USB, a prawdziwa funkcja Plug &amp; Play sprawia, \u017ce [&hellip;]","og_url":"https:\/\/tie-products.com\/pl\/produkt\/midi-1i1o\/","og_site_name":"E-Commerce-Revolution","article_modified_time":"2021-02-20T19:45:28+00:00","og_image":[{"width":1276,"height":1276,"url":"https:\/\/tie-products.com\/wp-content\/uploads\/2018\/04\/Midi-USB-1i10-Interface-7.jpeg","type":"image\/jpeg"}],"twitter_card":"summary_large_image","twitter_misc":{"Szacowany czas czytania":"1 minuta"},"schema":{"@context":"https:\/\/schema.org","@graph":[{"@type":"WebPage","@id":"https:\/\/tie-products.com\/pl\/produkt\/midi-1i1o\/","url":"https:\/\/tie-products.com\/pl\/produkt\/midi-1i1o\/","name":"MIDI 1i1o - E-Commerce-Revolution","isPartOf":{"@id":"https:\/\/tie-products.com\/pl\/#website"},"primaryImageOfPage":{"@id":"https:\/\/tie-products.com\/pl\/produkt\/midi-1i1o\/#primaryimage"},"image":{"@id":"https:\/\/tie-products.com\/pl\/produkt\/midi-1i1o\/#primaryimage"},"thumbnailUrl":"https:\/\/tie-products.com\/wp-content\/uploads\/2018\/04\/Midi-USB-1i10-Interface-7.jpeg","datePublished":"2019-02-16T20:06:03+00:00","dateModified":"2021-02-20T19:45:28+00:00","breadcrumb":{"@id":"https:\/\/tie-products.com\/pl\/produkt\/midi-1i1o\/#breadcrumb"},"inLanguage":"pl-PL","potentialAction":[{"@type":"ReadAction","target":["https:\/\/tie-products.com\/pl\/produkt\/midi-1i1o\/"]}]},{"@type":"ImageObject","inLanguage":"pl-PL","@id":"https:\/\/tie-products.com\/pl\/produkt\/midi-1i1o\/#primaryimage","url":"https:\/\/tie-products.com\/wp-content\/uploads\/2018\/04\/Midi-USB-1i10-Interface-7.jpeg","contentUrl":"https:\/\/tie-products.com\/wp-content\/uploads\/2018\/04\/Midi-USB-1i10-Interface-7.jpeg","width":1276,"height":1276},{"@type":"BreadcrumbList","@id":"https:\/\/tie-products.com\/pl\/produkt\/midi-1i1o\/#breadcrumb","itemListElement":[{"@type":"ListItem","position":1,"name":"Home","item":"https:\/\/tie-products.com\/pl\/"},{"@type":"ListItem","position":2,"name":"Shop","item":"https:\/\/tie-products.com\/shop\/"},{"@type":"ListItem","position":3,"name":"MIDI 1i1o"}]},{"@type":"WebSite","@id":"https:\/\/tie-products.com\/pl\/#website","url":"https:\/\/tie-products.com\/pl\/","name":"E-Commerce-Revolution","description":"Just another WordPress site","potentialAction":[{"@type":"SearchAction","target":{"@type":"EntryPoint","urlTemplate":"https:\/\/tie-products.com\/pl\/?s={search_term_string}"},"query-input":{"@type":"PropertyValueSpecification","valueRequired":true,"valueName":"search_term_string"}}],"inLanguage":"pl-PL"}]}},"_links":{"self":[{"href":"https:\/\/tie-products.com\/pl\/wp-json\/wp\/v2\/product\/11476","targetHints":{"allow":["GET"]}}],"collection":[{"href":"https:\/\/tie-products.com\/pl\/wp-json\/wp\/v2\/product"}],"about":[{"href":"https:\/\/tie-products.com\/pl\/wp-json\/wp\/v2\/types\/product"}],"wp:featuredmedia":[{"embeddable":true,"href":"https:\/\/tie-products.com\/pl\/wp-json\/wp\/v2\/media\/11477"}],"wp:attachment":[{"href":"https:\/\/tie-products.com\/pl\/wp-json\/wp\/v2\/media?parent=11476"}],"wp:term":[{"taxonomy":"product_brand","embeddable":true,"href":"https:\/\/tie-products.com\/pl\/wp-json\/wp\/v2\/product_brand?post=11476"},{"taxonomy":"product_cat","embeddable":true,"href":"https:\/\/tie-products.com\/pl\/wp-json\/wp\/v2\/product_cat?post=11476"},{"taxonomy":"product_tag","embeddable":true,"href":"https:\/\/tie-products.com\/pl\/wp-json\/wp\/v2\/product_tag?post=11476"}],"curies":[{"name":"wp","href":"https:\/\/api.w.org\/{rel}","templated":true}]}}