{"id":11467,"date":"2019-02-16T21:06:03","date_gmt":"2019-02-16T20:06:03","guid":{"rendered":"https:\/\/tie-products.netzspitze.cloud\/produkt\/popfilter\/"},"modified":"2021-01-27T16:40:05","modified_gmt":"2021-01-27T16:40:05","slug":"popfilter","status":"publish","type":"product","link":"https:\/\/tie-products.com\/pl\/produkt\/popfilter\/","title":{"rendered":"Filtr pop"},"content":{"rendered":"<p><strong>Filtr pop z os\u0142on\u0105 nylonow\u0105 w jako\u015bci studyjnej<\/strong><\/p>\n<p>TIE Studio Pop Shield jest wysokiej jako\u015bci filtrem ochrony pop mikrofonu z cienk\u0105 nylonow\u0105 siatk\u0105 dla szczeg\u00f3lnie skutecznego t\u0142umienia ha\u0142asu pop bez \u017cadnych zmian d\u017awi\u0119ku. \u015arednica filtra pop wynosi 150 mm. Wysi\u0119gnik jest skr\u0119cany i ma d\u0142ugo\u015b\u0107 350 mm, a do\u0142\u0105czony uniwersalny zacisk \u015brubowy jest idealny do po\u0142\u0105czenia ze wszystkimi popularnymi podstawkami mikrofonu i ramionami wysi\u0119gnika.<\/p>\n<p><strong>Cechy<\/strong>:<\/p>\n<ul>\n<li>Profesjonalna ochrona pop mikrofonu nylonowego w jako\u015bci studyjnej<\/li>\n<li>Skuteczne t\u0142umienie ha\u0142asu popowego<\/li>\n<li>Kolor: czarny<\/li>\n<li>Uniwersalny zacisk \u015brubowy<\/li>\n<li>\u015arednica: 150 mm<\/li>\n<li>350 mm d\u0142ugo\u015bci, elastyczny wysi\u0119gnik, elastyczny<\/li>\n<\/ul>\n","protected":false},"excerpt":{"rendered":"<p>Filtr pop z os\u0142on\u0105 nylonow\u0105 w jako\u015bci studyjnej TIE Studio Pop Shield jest wysokiej jako\u015bci filtrem ochrony pop mikrofonu z cienk\u0105 nylonow\u0105 siatk\u0105 dla szczeg\u00f3lnie skutecznego t\u0142umienia ha\u0142asu pop bez \u017cadnych zmian d\u017awi\u0119ku. \u015arednica filtra pop wynosi 150 mm. Wysi\u0119gnik jest skr\u0119cany i ma d\u0142ugo\u015b\u0107 350 mm, a do\u0142\u0105czony uniwersalny zacisk \u015brubowy jest idealny do [&hellip;]<\/p>\n","protected":false},"featured_media":11468,"template":"","meta":[],"product_brand":[],"product_cat":[24,25],"product_tag":[],"class_list":{"0":"post-11467","1":"product","2":"type-product","3":"status-publish","4":"has-post-thumbnail","6":"product_cat-tie","7":"product_cat-tie-studio","9":"first","10":"instock","11":"purchasable","12":"product-type-simple"},"yoast_head":"<!-- This site is optimized with the Yoast SEO plugin v25.0 - https:\/\/yoast.com\/wordpress\/plugins\/seo\/ -->\n<title>Filtr pop - E-Commerce-Revolution<\/title>\n<meta name=\"robots\" content=\"index, follow, max-snippet:-1, max-image-preview:large, max-video-preview:-1\" \/>\n<link rel=\"canonical\" href=\"https:\/\/tie-products.com\/pl\/produkt\/popfilter\/\" \/>\n<meta property=\"og:locale\" content=\"pl_PL\" \/>\n<meta property=\"og:type\" content=\"article\" \/>\n<meta property=\"og:title\" content=\"Filtr pop - E-Commerce-Revolution\" \/>\n<meta property=\"og:description\" content=\"Filtr pop z os\u0142on\u0105 nylonow\u0105 w jako\u015bci studyjnej TIE Studio Pop Shield jest wysokiej jako\u015bci filtrem ochrony pop mikrofonu z cienk\u0105 nylonow\u0105 siatk\u0105 dla szczeg\u00f3lnie skutecznego t\u0142umienia ha\u0142asu pop bez \u017cadnych zmian d\u017awi\u0119ku. \u015arednica filtra pop wynosi 150 mm. Wysi\u0119gnik jest skr\u0119cany i ma d\u0142ugo\u015b\u0107 350 mm, a do\u0142\u0105czony uniwersalny zacisk \u015brubowy jest idealny do [&hellip;]\" \/>\n<meta property=\"og:url\" content=\"https:\/\/tie-products.com\/pl\/produkt\/popfilter\/\" \/>\n<meta property=\"og:site_name\" content=\"E-Commerce-Revolution\" \/>\n<meta property=\"article:modified_time\" content=\"2021-01-27T16:40:05+00:00\" \/>\n<meta property=\"og:image\" content=\"https:\/\/tie-products.com\/wp-content\/uploads\/2017\/07\/19-90001-TIE-Studio-Pop-Shield.png\" \/>\n\t<meta property=\"og:image:width\" content=\"1024\" \/>\n\t<meta property=\"og:image:height\" content=\"1024\" \/>\n\t<meta property=\"og:image:type\" content=\"image\/png\" \/>\n<meta name=\"twitter:card\" content=\"summary_large_image\" \/>\n<meta name=\"twitter:label1\" content=\"Szacowany czas czytania\" \/>\n\t<meta name=\"twitter:data1\" content=\"1 minuta\" \/>\n<script type=\"application\/ld+json\" class=\"yoast-schema-graph\">{\"@context\":\"https:\/\/schema.org\",\"@graph\":[{\"@type\":\"WebPage\",\"@id\":\"https:\/\/tie-products.com\/pl\/produkt\/popfilter\/\",\"url\":\"https:\/\/tie-products.com\/pl\/produkt\/popfilter\/\",\"name\":\"Filtr pop - E-Commerce-Revolution\",\"isPartOf\":{\"@id\":\"https:\/\/tie-products.com\/pl\/#website\"},\"primaryImageOfPage\":{\"@id\":\"https:\/\/tie-products.com\/pl\/produkt\/popfilter\/#primaryimage\"},\"image\":{\"@id\":\"https:\/\/tie-products.com\/pl\/produkt\/popfilter\/#primaryimage\"},\"thumbnailUrl\":\"https:\/\/tie-products.com\/wp-content\/uploads\/2017\/07\/19-90001-TIE-Studio-Pop-Shield.png\",\"datePublished\":\"2019-02-16T20:06:03+00:00\",\"dateModified\":\"2021-01-27T16:40:05+00:00\",\"breadcrumb\":{\"@id\":\"https:\/\/tie-products.com\/pl\/produkt\/popfilter\/#breadcrumb\"},\"inLanguage\":\"pl-PL\",\"potentialAction\":[{\"@type\":\"ReadAction\",\"target\":[\"https:\/\/tie-products.com\/pl\/produkt\/popfilter\/\"]}]},{\"@type\":\"ImageObject\",\"inLanguage\":\"pl-PL\",\"@id\":\"https:\/\/tie-products.com\/pl\/produkt\/popfilter\/#primaryimage\",\"url\":\"https:\/\/tie-products.com\/wp-content\/uploads\/2017\/07\/19-90001-TIE-Studio-Pop-Shield.png\",\"contentUrl\":\"https:\/\/tie-products.com\/wp-content\/uploads\/2017\/07\/19-90001-TIE-Studio-Pop-Shield.png\",\"width\":1024,\"height\":1024},{\"@type\":\"BreadcrumbList\",\"@id\":\"https:\/\/tie-products.com\/pl\/produkt\/popfilter\/#breadcrumb\",\"itemListElement\":[{\"@type\":\"ListItem\",\"position\":1,\"name\":\"Home\",\"item\":\"https:\/\/tie-products.com\/pl\/\"},{\"@type\":\"ListItem\",\"position\":2,\"name\":\"Shop\",\"item\":\"https:\/\/tie-products.com\/shop\/\"},{\"@type\":\"ListItem\",\"position\":3,\"name\":\"Filtr pop\"}]},{\"@type\":\"WebSite\",\"@id\":\"https:\/\/tie-products.com\/pl\/#website\",\"url\":\"https:\/\/tie-products.com\/pl\/\",\"name\":\"E-Commerce-Revolution\",\"description\":\"Just another WordPress site\",\"potentialAction\":[{\"@type\":\"SearchAction\",\"target\":{\"@type\":\"EntryPoint\",\"urlTemplate\":\"https:\/\/tie-products.com\/pl\/?s={search_term_string}\"},\"query-input\":{\"@type\":\"PropertyValueSpecification\",\"valueRequired\":true,\"valueName\":\"search_term_string\"}}],\"inLanguage\":\"pl-PL\"}]}<\/script>\n<!-- \/ Yoast SEO plugin. -->","yoast_head_json":{"title":"Filtr pop - E-Commerce-Revolution","robots":{"index":"index","follow":"follow","max-snippet":"max-snippet:-1","max-image-preview":"max-image-preview:large","max-video-preview":"max-video-preview:-1"},"canonical":"https:\/\/tie-products.com\/pl\/produkt\/popfilter\/","og_locale":"pl_PL","og_type":"article","og_title":"Filtr pop - E-Commerce-Revolution","og_description":"Filtr pop z os\u0142on\u0105 nylonow\u0105 w jako\u015bci studyjnej TIE Studio Pop Shield jest wysokiej jako\u015bci filtrem ochrony pop mikrofonu z cienk\u0105 nylonow\u0105 siatk\u0105 dla szczeg\u00f3lnie skutecznego t\u0142umienia ha\u0142asu pop bez \u017cadnych zmian d\u017awi\u0119ku. \u015arednica filtra pop wynosi 150 mm. Wysi\u0119gnik jest skr\u0119cany i ma d\u0142ugo\u015b\u0107 350 mm, a do\u0142\u0105czony uniwersalny zacisk \u015brubowy jest idealny do [&hellip;]","og_url":"https:\/\/tie-products.com\/pl\/produkt\/popfilter\/","og_site_name":"E-Commerce-Revolution","article_modified_time":"2021-01-27T16:40:05+00:00","og_image":[{"width":1024,"height":1024,"url":"https:\/\/tie-products.com\/wp-content\/uploads\/2017\/07\/19-90001-TIE-Studio-Pop-Shield.png","type":"image\/png"}],"twitter_card":"summary_large_image","twitter_misc":{"Szacowany czas czytania":"1 minuta"},"schema":{"@context":"https:\/\/schema.org","@graph":[{"@type":"WebPage","@id":"https:\/\/tie-products.com\/pl\/produkt\/popfilter\/","url":"https:\/\/tie-products.com\/pl\/produkt\/popfilter\/","name":"Filtr pop - E-Commerce-Revolution","isPartOf":{"@id":"https:\/\/tie-products.com\/pl\/#website"},"primaryImageOfPage":{"@id":"https:\/\/tie-products.com\/pl\/produkt\/popfilter\/#primaryimage"},"image":{"@id":"https:\/\/tie-products.com\/pl\/produkt\/popfilter\/#primaryimage"},"thumbnailUrl":"https:\/\/tie-products.com\/wp-content\/uploads\/2017\/07\/19-90001-TIE-Studio-Pop-Shield.png","datePublished":"2019-02-16T20:06:03+00:00","dateModified":"2021-01-27T16:40:05+00:00","breadcrumb":{"@id":"https:\/\/tie-products.com\/pl\/produkt\/popfilter\/#breadcrumb"},"inLanguage":"pl-PL","potentialAction":[{"@type":"ReadAction","target":["https:\/\/tie-products.com\/pl\/produkt\/popfilter\/"]}]},{"@type":"ImageObject","inLanguage":"pl-PL","@id":"https:\/\/tie-products.com\/pl\/produkt\/popfilter\/#primaryimage","url":"https:\/\/tie-products.com\/wp-content\/uploads\/2017\/07\/19-90001-TIE-Studio-Pop-Shield.png","contentUrl":"https:\/\/tie-products.com\/wp-content\/uploads\/2017\/07\/19-90001-TIE-Studio-Pop-Shield.png","width":1024,"height":1024},{"@type":"BreadcrumbList","@id":"https:\/\/tie-products.com\/pl\/produkt\/popfilter\/#breadcrumb","itemListElement":[{"@type":"ListItem","position":1,"name":"Home","item":"https:\/\/tie-products.com\/pl\/"},{"@type":"ListItem","position":2,"name":"Shop","item":"https:\/\/tie-products.com\/shop\/"},{"@type":"ListItem","position":3,"name":"Filtr pop"}]},{"@type":"WebSite","@id":"https:\/\/tie-products.com\/pl\/#website","url":"https:\/\/tie-products.com\/pl\/","name":"E-Commerce-Revolution","description":"Just another WordPress site","potentialAction":[{"@type":"SearchAction","target":{"@type":"EntryPoint","urlTemplate":"https:\/\/tie-products.com\/pl\/?s={search_term_string}"},"query-input":{"@type":"PropertyValueSpecification","valueRequired":true,"valueName":"search_term_string"}}],"inLanguage":"pl-PL"}]}},"_links":{"self":[{"href":"https:\/\/tie-products.com\/pl\/wp-json\/wp\/v2\/product\/11467","targetHints":{"allow":["GET"]}}],"collection":[{"href":"https:\/\/tie-products.com\/pl\/wp-json\/wp\/v2\/product"}],"about":[{"href":"https:\/\/tie-products.com\/pl\/wp-json\/wp\/v2\/types\/product"}],"wp:featuredmedia":[{"embeddable":true,"href":"https:\/\/tie-products.com\/pl\/wp-json\/wp\/v2\/media\/11468"}],"wp:attachment":[{"href":"https:\/\/tie-products.com\/pl\/wp-json\/wp\/v2\/media?parent=11467"}],"wp:term":[{"taxonomy":"product_brand","embeddable":true,"href":"https:\/\/tie-products.com\/pl\/wp-json\/wp\/v2\/product_brand?post=11467"},{"taxonomy":"product_cat","embeddable":true,"href":"https:\/\/tie-products.com\/pl\/wp-json\/wp\/v2\/product_cat?post=11467"},{"taxonomy":"product_tag","embeddable":true,"href":"https:\/\/tie-products.com\/pl\/wp-json\/wp\/v2\/product_tag?post=11467"}],"curies":[{"name":"wp","href":"https:\/\/api.w.org\/{rel}","templated":true}]}}