{"id":11449,"date":"2019-02-16T21:06:05","date_gmt":"2019-02-16T20:06:05","guid":{"rendered":"https:\/\/tie-products.netzspitze.cloud\/produkt\/headphone-amplifier-4ch\/"},"modified":"2021-02-21T16:21:43","modified_gmt":"2021-02-21T16:21:43","slug":"headphone-amplifier-4ch","status":"publish","type":"product","link":"https:\/\/tie-products.com\/pl\/produkt\/headphone-amplifier-4ch\/","title":{"rendered":"Wzmacniacz s\u0142uchawkowy 4CH"},"content":{"rendered":"<p><strong>Kompaktowy i wytrzyma\u0142y 4-kana\u0142owy wzmacniacz s\u0142uchawkowy stereofoniczny<\/strong><\/p>\n<p>Wytrzyma\u0142y i kompaktowy wzmacniacz s\u0142uchawkowy TIE Studio mo\u017ce by\u0107 u\u017cywany do czterech s\u0142uchawek do jednoczesnego monitorowania g\u0142\u00f3wnej mieszanki z oddzielnym wyborem g\u0142o\u015bno\u015bci. Cztery pot\u0119\u017cne, niskoszumne wzmacniacze stereofoniczne zapewniaj\u0105 pierwszorz\u0119dn\u0105 jako\u015b\u0107 d\u017awi\u0119ku przy dowolnej g\u0142o\u015bno\u015bci, zar\u00f3wno w zastosowaniach na \u017cywo, jak i w studiu.<\/p>\n<p><img loading=\"lazy\" decoding=\"async\" class=\"alignnone size-medium wp-image-12218\" src=\"https:\/\/tie-products.com\/wp-content\/uploads\/2021\/02\/TIE-HHA301-7sw-300x169.jpg\" alt=\"\" width=\"300\" height=\"169\" srcset=\"https:\/\/tie-products.com\/wp-content\/uploads\/2021\/02\/TIE-HHA301-7sw-300x169.jpg 300w, https:\/\/tie-products.com\/wp-content\/uploads\/2021\/02\/TIE-HHA301-7sw-600x338.jpg 600w, https:\/\/tie-products.com\/wp-content\/uploads\/2021\/02\/TIE-HHA301-7sw-1030x579.jpg 1030w, https:\/\/tie-products.com\/wp-content\/uploads\/2021\/02\/TIE-HHA301-7sw-768x432.jpg 768w, https:\/\/tie-products.com\/wp-content\/uploads\/2021\/02\/TIE-HHA301-7sw-1536x864.jpg 1536w, https:\/\/tie-products.com\/wp-content\/uploads\/2021\/02\/TIE-HHA301-7sw-1500x844.jpg 1500w, https:\/\/tie-products.com\/wp-content\/uploads\/2021\/02\/TIE-HHA301-7sw-705x397.jpg 705w, https:\/\/tie-products.com\/wp-content\/uploads\/2021\/02\/TIE-HHA301-7sw.jpg 1920w\" sizes=\"auto, (max-width: 300px) 100vw, 300px\" \/><\/p>\n<p><strong>Cechy<\/strong>:<\/p>\n<ul>\n<li>Solidny i kompaktowy, dok\u0142adny wzmacniacz s\u0142uchawkowy o niskim poziomie ha\u0142asu.<\/li>\n<li>Profesjonalny monitoring do zastosowa\u0144 w studiu i na \u017cywo<\/li>\n<li>4 kana\u0142y, w tym oddzielna regulacja g\u0142o\u015bno\u015bci dla ka\u017cdego kana\u0142u<\/li>\n<li>Wysoki poziom wyj\u015bciowy<\/li>\n<li>Wej\u015bcia: wej\u015bcie stereo cinch i gniazdo stereo 6,3 mm<\/li>\n<li>Wyj\u015bcia: 4 gniazda jack stereo (6,3 mm)<\/li>\n<li>Prze\u0142\u0105czanie mono\/stereo<\/li>\n<li>Kolor: czarny<\/li>\n<li>Niebieska dioda LED stanu<\/li>\n<li>Maksymalny poziom wej\u015bciowy: +14 dBV<\/li>\n<li>Stosunek sygna\u0142u do szumu (SNR) &gt; 98 db<\/li>\n<li>Obejmuje zasilacz 12 V (150 mA).<\/li>\n<li>Wymiary: 76 x 95 x 30 mm.<\/li>\n<li>Waga: 295 g.<\/li>\n<\/ul>\n<p><iframe loading=\"lazy\" src=\"https:\/\/www.youtube.com\/embed\/s_KQgtxhows\" width=\"790\" height=\"506\" frameborder=\"0\" allowfullscreen=\"allowfullscreen\"><\/iframe><\/p>\n","protected":false},"excerpt":{"rendered":"<p>Kompaktowy i wytrzyma\u0142y 4-kana\u0142owy wzmacniacz s\u0142uchawkowy stereofoniczny Wytrzyma\u0142y i kompaktowy wzmacniacz s\u0142uchawkowy TIE Studio mo\u017ce by\u0107 u\u017cywany do czterech s\u0142uchawek do jednoczesnego monitorowania g\u0142\u00f3wnej mieszanki z oddzielnym wyborem g\u0142o\u015bno\u015bci. Cztery pot\u0119\u017cne, niskoszumne wzmacniacze stereofoniczne zapewniaj\u0105 pierwszorz\u0119dn\u0105 jako\u015b\u0107 d\u017awi\u0119ku przy dowolnej g\u0142o\u015bno\u015bci, zar\u00f3wno w zastosowaniach na \u017cywo, jak i w studiu. Cechy: Solidny i kompaktowy, dok\u0142adny [&hellip;]<\/p>\n","protected":false},"featured_media":12206,"template":"","meta":[],"product_brand":[],"product_cat":[24,25],"product_tag":[],"class_list":{"0":"post-11449","1":"product","2":"type-product","3":"status-publish","4":"has-post-thumbnail","6":"product_cat-tie","7":"product_cat-tie-studio","9":"first","10":"instock","11":"purchasable","12":"product-type-simple"},"yoast_head":"<!-- This site is optimized with the Yoast SEO plugin v25.0 - https:\/\/yoast.com\/wordpress\/plugins\/seo\/ -->\n<title>Wzmacniacz s\u0142uchawkowy 4CH - E-Commerce-Revolution<\/title>\n<meta name=\"robots\" content=\"index, follow, max-snippet:-1, max-image-preview:large, max-video-preview:-1\" \/>\n<link rel=\"canonical\" href=\"https:\/\/tie-products.com\/pl\/produkt\/headphone-amplifier-4ch\/\" \/>\n<meta property=\"og:locale\" content=\"pl_PL\" \/>\n<meta property=\"og:type\" content=\"article\" \/>\n<meta property=\"og:title\" content=\"Wzmacniacz s\u0142uchawkowy 4CH - E-Commerce-Revolution\" \/>\n<meta property=\"og:description\" content=\"Kompaktowy i wytrzyma\u0142y 4-kana\u0142owy wzmacniacz s\u0142uchawkowy stereofoniczny Wytrzyma\u0142y i kompaktowy wzmacniacz s\u0142uchawkowy TIE Studio mo\u017ce by\u0107 u\u017cywany do czterech s\u0142uchawek do jednoczesnego monitorowania g\u0142\u00f3wnej mieszanki z oddzielnym wyborem g\u0142o\u015bno\u015bci. Cztery pot\u0119\u017cne, niskoszumne wzmacniacze stereofoniczne zapewniaj\u0105 pierwszorz\u0119dn\u0105 jako\u015b\u0107 d\u017awi\u0119ku przy dowolnej g\u0142o\u015bno\u015bci, zar\u00f3wno w zastosowaniach na \u017cywo, jak i w studiu. Cechy: Solidny i kompaktowy, dok\u0142adny [&hellip;]\" \/>\n<meta property=\"og:url\" content=\"https:\/\/tie-products.com\/pl\/produkt\/headphone-amplifier-4ch\/\" \/>\n<meta property=\"og:site_name\" content=\"E-Commerce-Revolution\" \/>\n<meta property=\"article:modified_time\" content=\"2021-02-21T16:21:43+00:00\" \/>\n<meta property=\"og:image\" content=\"https:\/\/tie-products.com\/wp-content\/uploads\/2021\/02\/TIE-HHA301-3.jpg\" \/>\n\t<meta property=\"og:image:width\" content=\"1214\" \/>\n\t<meta property=\"og:image:height\" content=\"1214\" \/>\n\t<meta property=\"og:image:type\" content=\"image\/jpeg\" \/>\n<meta name=\"twitter:card\" content=\"summary_large_image\" \/>\n<meta name=\"twitter:label1\" content=\"Szacowany czas czytania\" \/>\n\t<meta name=\"twitter:data1\" content=\"1 minuta\" \/>\n<script type=\"application\/ld+json\" class=\"yoast-schema-graph\">{\"@context\":\"https:\/\/schema.org\",\"@graph\":[{\"@type\":\"WebPage\",\"@id\":\"https:\/\/tie-products.com\/pl\/produkt\/headphone-amplifier-4ch\/\",\"url\":\"https:\/\/tie-products.com\/pl\/produkt\/headphone-amplifier-4ch\/\",\"name\":\"Wzmacniacz s\u0142uchawkowy 4CH - E-Commerce-Revolution\",\"isPartOf\":{\"@id\":\"https:\/\/tie-products.com\/pl\/#website\"},\"primaryImageOfPage\":{\"@id\":\"https:\/\/tie-products.com\/pl\/produkt\/headphone-amplifier-4ch\/#primaryimage\"},\"image\":{\"@id\":\"https:\/\/tie-products.com\/pl\/produkt\/headphone-amplifier-4ch\/#primaryimage\"},\"thumbnailUrl\":\"https:\/\/tie-products.com\/wp-content\/uploads\/2021\/02\/TIE-HHA301-3.jpg\",\"datePublished\":\"2019-02-16T20:06:05+00:00\",\"dateModified\":\"2021-02-21T16:21:43+00:00\",\"breadcrumb\":{\"@id\":\"https:\/\/tie-products.com\/pl\/produkt\/headphone-amplifier-4ch\/#breadcrumb\"},\"inLanguage\":\"pl-PL\",\"potentialAction\":[{\"@type\":\"ReadAction\",\"target\":[\"https:\/\/tie-products.com\/pl\/produkt\/headphone-amplifier-4ch\/\"]}]},{\"@type\":\"ImageObject\",\"inLanguage\":\"pl-PL\",\"@id\":\"https:\/\/tie-products.com\/pl\/produkt\/headphone-amplifier-4ch\/#primaryimage\",\"url\":\"https:\/\/tie-products.com\/wp-content\/uploads\/2021\/02\/TIE-HHA301-3.jpg\",\"contentUrl\":\"https:\/\/tie-products.com\/wp-content\/uploads\/2021\/02\/TIE-HHA301-3.jpg\",\"width\":1214,\"height\":1214},{\"@type\":\"BreadcrumbList\",\"@id\":\"https:\/\/tie-products.com\/pl\/produkt\/headphone-amplifier-4ch\/#breadcrumb\",\"itemListElement\":[{\"@type\":\"ListItem\",\"position\":1,\"name\":\"Home\",\"item\":\"https:\/\/tie-products.com\/pl\/\"},{\"@type\":\"ListItem\",\"position\":2,\"name\":\"Shop\",\"item\":\"https:\/\/tie-products.com\/shop\/\"},{\"@type\":\"ListItem\",\"position\":3,\"name\":\"Wzmacniacz s\u0142uchawkowy 4CH\"}]},{\"@type\":\"WebSite\",\"@id\":\"https:\/\/tie-products.com\/pl\/#website\",\"url\":\"https:\/\/tie-products.com\/pl\/\",\"name\":\"E-Commerce-Revolution\",\"description\":\"Just another WordPress site\",\"potentialAction\":[{\"@type\":\"SearchAction\",\"target\":{\"@type\":\"EntryPoint\",\"urlTemplate\":\"https:\/\/tie-products.com\/pl\/?s={search_term_string}\"},\"query-input\":{\"@type\":\"PropertyValueSpecification\",\"valueRequired\":true,\"valueName\":\"search_term_string\"}}],\"inLanguage\":\"pl-PL\"}]}<\/script>\n<!-- \/ Yoast SEO plugin. -->","yoast_head_json":{"title":"Wzmacniacz s\u0142uchawkowy 4CH - E-Commerce-Revolution","robots":{"index":"index","follow":"follow","max-snippet":"max-snippet:-1","max-image-preview":"max-image-preview:large","max-video-preview":"max-video-preview:-1"},"canonical":"https:\/\/tie-products.com\/pl\/produkt\/headphone-amplifier-4ch\/","og_locale":"pl_PL","og_type":"article","og_title":"Wzmacniacz s\u0142uchawkowy 4CH - E-Commerce-Revolution","og_description":"Kompaktowy i wytrzyma\u0142y 4-kana\u0142owy wzmacniacz s\u0142uchawkowy stereofoniczny Wytrzyma\u0142y i kompaktowy wzmacniacz s\u0142uchawkowy TIE Studio mo\u017ce by\u0107 u\u017cywany do czterech s\u0142uchawek do jednoczesnego monitorowania g\u0142\u00f3wnej mieszanki z oddzielnym wyborem g\u0142o\u015bno\u015bci. Cztery pot\u0119\u017cne, niskoszumne wzmacniacze stereofoniczne zapewniaj\u0105 pierwszorz\u0119dn\u0105 jako\u015b\u0107 d\u017awi\u0119ku przy dowolnej g\u0142o\u015bno\u015bci, zar\u00f3wno w zastosowaniach na \u017cywo, jak i w studiu. Cechy: Solidny i kompaktowy, dok\u0142adny [&hellip;]","og_url":"https:\/\/tie-products.com\/pl\/produkt\/headphone-amplifier-4ch\/","og_site_name":"E-Commerce-Revolution","article_modified_time":"2021-02-21T16:21:43+00:00","og_image":[{"width":1214,"height":1214,"url":"https:\/\/tie-products.com\/wp-content\/uploads\/2021\/02\/TIE-HHA301-3.jpg","type":"image\/jpeg"}],"twitter_card":"summary_large_image","twitter_misc":{"Szacowany czas czytania":"1 minuta"},"schema":{"@context":"https:\/\/schema.org","@graph":[{"@type":"WebPage","@id":"https:\/\/tie-products.com\/pl\/produkt\/headphone-amplifier-4ch\/","url":"https:\/\/tie-products.com\/pl\/produkt\/headphone-amplifier-4ch\/","name":"Wzmacniacz s\u0142uchawkowy 4CH - E-Commerce-Revolution","isPartOf":{"@id":"https:\/\/tie-products.com\/pl\/#website"},"primaryImageOfPage":{"@id":"https:\/\/tie-products.com\/pl\/produkt\/headphone-amplifier-4ch\/#primaryimage"},"image":{"@id":"https:\/\/tie-products.com\/pl\/produkt\/headphone-amplifier-4ch\/#primaryimage"},"thumbnailUrl":"https:\/\/tie-products.com\/wp-content\/uploads\/2021\/02\/TIE-HHA301-3.jpg","datePublished":"2019-02-16T20:06:05+00:00","dateModified":"2021-02-21T16:21:43+00:00","breadcrumb":{"@id":"https:\/\/tie-products.com\/pl\/produkt\/headphone-amplifier-4ch\/#breadcrumb"},"inLanguage":"pl-PL","potentialAction":[{"@type":"ReadAction","target":["https:\/\/tie-products.com\/pl\/produkt\/headphone-amplifier-4ch\/"]}]},{"@type":"ImageObject","inLanguage":"pl-PL","@id":"https:\/\/tie-products.com\/pl\/produkt\/headphone-amplifier-4ch\/#primaryimage","url":"https:\/\/tie-products.com\/wp-content\/uploads\/2021\/02\/TIE-HHA301-3.jpg","contentUrl":"https:\/\/tie-products.com\/wp-content\/uploads\/2021\/02\/TIE-HHA301-3.jpg","width":1214,"height":1214},{"@type":"BreadcrumbList","@id":"https:\/\/tie-products.com\/pl\/produkt\/headphone-amplifier-4ch\/#breadcrumb","itemListElement":[{"@type":"ListItem","position":1,"name":"Home","item":"https:\/\/tie-products.com\/pl\/"},{"@type":"ListItem","position":2,"name":"Shop","item":"https:\/\/tie-products.com\/shop\/"},{"@type":"ListItem","position":3,"name":"Wzmacniacz s\u0142uchawkowy 4CH"}]},{"@type":"WebSite","@id":"https:\/\/tie-products.com\/pl\/#website","url":"https:\/\/tie-products.com\/pl\/","name":"E-Commerce-Revolution","description":"Just another WordPress site","potentialAction":[{"@type":"SearchAction","target":{"@type":"EntryPoint","urlTemplate":"https:\/\/tie-products.com\/pl\/?s={search_term_string}"},"query-input":{"@type":"PropertyValueSpecification","valueRequired":true,"valueName":"search_term_string"}}],"inLanguage":"pl-PL"}]}},"_links":{"self":[{"href":"https:\/\/tie-products.com\/pl\/wp-json\/wp\/v2\/product\/11449","targetHints":{"allow":["GET"]}}],"collection":[{"href":"https:\/\/tie-products.com\/pl\/wp-json\/wp\/v2\/product"}],"about":[{"href":"https:\/\/tie-products.com\/pl\/wp-json\/wp\/v2\/types\/product"}],"wp:featuredmedia":[{"embeddable":true,"href":"https:\/\/tie-products.com\/pl\/wp-json\/wp\/v2\/media\/12206"}],"wp:attachment":[{"href":"https:\/\/tie-products.com\/pl\/wp-json\/wp\/v2\/media?parent=11449"}],"wp:term":[{"taxonomy":"product_brand","embeddable":true,"href":"https:\/\/tie-products.com\/pl\/wp-json\/wp\/v2\/product_brand?post=11449"},{"taxonomy":"product_cat","embeddable":true,"href":"https:\/\/tie-products.com\/pl\/wp-json\/wp\/v2\/product_cat?post=11449"},{"taxonomy":"product_tag","embeddable":true,"href":"https:\/\/tie-products.com\/pl\/wp-json\/wp\/v2\/product_tag?post=11449"}],"curies":[{"name":"wp","href":"https:\/\/api.w.org\/{rel}","templated":true}]}}