{"id":11440,"date":"2019-02-16T21:06:03","date_gmt":"2019-02-16T20:06:03","guid":{"rendered":"https:\/\/tie-products.netzspitze.cloud\/produkt\/mic\/"},"modified":"2021-01-27T16:54:15","modified_gmt":"2021-01-27T16:54:15","slug":"mic","status":"publish","type":"product","link":"https:\/\/tie-products.com\/pl\/produkt\/mic\/","title":{"rendered":"Mic- mikrofon do urz\u0105dze\u0144 mobilnych"},"content":{"rendered":"<p>TIE Mic to wysokiej jako\u015bci, niezwykle kompaktowy i niedrogi elektretowy mikrofon pojemno\u015bciowy do prawie wszystkich popularnych urz\u0105dze\u0144 mobilnych. Opracowany specjalnie do nagrywania wywiad\u00f3w, wyk\u0142ad\u00f3w, notatek g\u0142osowych lub podcast\u00f3w, oferuje wyj\u0105tkow\u0105 jako\u015b\u0107 d\u017awi\u0119ku, kt\u00f3ra wyra\u017anie wyr\u00f3\u017cnia si\u0119 spo\u015br\u00f3d mikrofon\u00f3w wbudowanych w urz\u0105dzenia mobilne. W wytrzyma\u0142ej metalowej obudowie znajduje si\u0119 12 mm kapsu\u0142ka z kardioidalnym wzorem polarnym. Obudowa mo\u017ce by\u0107 regulowana pod k\u0105tem 90\u00b0 dla szerokiego zakresu zada\u0144.<\/p>\n<p><strong>Cechy<\/strong>:<\/p>\n<ul>\n<li>Typ: Mikrofon pojemno\u015bciowy elektretowy<\/li>\n<li>\u015arednica kapsu\u0142y: 12 mm<\/li>\n<li>Wz\u00f3r biegunowy: kardioidalny<\/li>\n<li>Czu\u0142o\u015b\u0107 (\u00b14 dB): -10 dB \u00b1 3 dB (1 V\/Pa)<\/li>\n<li>Zakres cz\u0119stotliwo\u015bci: 50 Hz &#8211; 16 kHz<\/li>\n<li>Impedancja: 3,3 k\u03a9 \u00b1 30 %.<\/li>\n<li>Plug &amp; Play<\/li>\n<li>d\u0142ugo\u015b\u0107: 55 mm<\/li>\n<\/ul>\n","protected":false},"excerpt":{"rendered":"<p>TIE Mic to wysokiej jako\u015bci, niezwykle kompaktowy i niedrogi elektretowy mikrofon pojemno\u015bciowy do prawie wszystkich popularnych urz\u0105dze\u0144 mobilnych. Opracowany specjalnie do nagrywania wywiad\u00f3w, wyk\u0142ad\u00f3w, notatek g\u0142osowych lub podcast\u00f3w, oferuje wyj\u0105tkow\u0105 jako\u015b\u0107 d\u017awi\u0119ku, kt\u00f3ra wyra\u017anie wyr\u00f3\u017cnia si\u0119 spo\u015br\u00f3d mikrofon\u00f3w wbudowanych w urz\u0105dzenia mobilne. W wytrzyma\u0142ej metalowej obudowie znajduje si\u0119 12 mm kapsu\u0142ka z kardioidalnym wzorem polarnym. [&hellip;]<\/p>\n","protected":false},"featured_media":11441,"template":"","meta":[],"product_brand":[],"product_cat":[24,25],"product_tag":[],"class_list":{"0":"post-11440","1":"product","2":"type-product","3":"status-publish","4":"has-post-thumbnail","6":"product_cat-tie","7":"product_cat-tie-studio","9":"first","10":"instock","11":"purchasable","12":"product-type-simple"},"yoast_head":"<!-- This site is optimized with the Yoast SEO plugin v25.0 - https:\/\/yoast.com\/wordpress\/plugins\/seo\/ -->\n<title>Mic- mikrofon do urz\u0105dze\u0144 mobilnych - E-Commerce-Revolution<\/title>\n<meta name=\"robots\" content=\"index, follow, max-snippet:-1, max-image-preview:large, max-video-preview:-1\" \/>\n<link rel=\"canonical\" href=\"https:\/\/tie-products.com\/pl\/produkt\/mic\/\" \/>\n<meta property=\"og:locale\" content=\"pl_PL\" \/>\n<meta property=\"og:type\" content=\"article\" \/>\n<meta property=\"og:title\" content=\"Mic- mikrofon do urz\u0105dze\u0144 mobilnych - E-Commerce-Revolution\" \/>\n<meta property=\"og:description\" content=\"TIE Mic to wysokiej jako\u015bci, niezwykle kompaktowy i niedrogi elektretowy mikrofon pojemno\u015bciowy do prawie wszystkich popularnych urz\u0105dze\u0144 mobilnych. Opracowany specjalnie do nagrywania wywiad\u00f3w, wyk\u0142ad\u00f3w, notatek g\u0142osowych lub podcast\u00f3w, oferuje wyj\u0105tkow\u0105 jako\u015b\u0107 d\u017awi\u0119ku, kt\u00f3ra wyra\u017anie wyr\u00f3\u017cnia si\u0119 spo\u015br\u00f3d mikrofon\u00f3w wbudowanych w urz\u0105dzenia mobilne. W wytrzyma\u0142ej metalowej obudowie znajduje si\u0119 12 mm kapsu\u0142ka z kardioidalnym wzorem polarnym. [&hellip;]\" \/>\n<meta property=\"og:url\" content=\"https:\/\/tie-products.com\/pl\/produkt\/mic\/\" \/>\n<meta property=\"og:site_name\" content=\"E-Commerce-Revolution\" \/>\n<meta property=\"article:modified_time\" content=\"2021-01-27T16:54:15+00:00\" \/>\n<meta property=\"og:image\" content=\"https:\/\/tie-products.com\/wp-content\/uploads\/2017\/07\/19-90003-TIE-Studio-Mic-main.jpg\" \/>\n\t<meta property=\"og:image:width\" content=\"1024\" \/>\n\t<meta property=\"og:image:height\" content=\"1024\" \/>\n\t<meta property=\"og:image:type\" content=\"image\/jpeg\" \/>\n<meta name=\"twitter:card\" content=\"summary_large_image\" \/>\n<meta name=\"twitter:label1\" content=\"Szacowany czas czytania\" \/>\n\t<meta name=\"twitter:data1\" content=\"1 minuta\" \/>\n<script type=\"application\/ld+json\" class=\"yoast-schema-graph\">{\"@context\":\"https:\/\/schema.org\",\"@graph\":[{\"@type\":\"WebPage\",\"@id\":\"https:\/\/tie-products.com\/pl\/produkt\/mic\/\",\"url\":\"https:\/\/tie-products.com\/pl\/produkt\/mic\/\",\"name\":\"Mic- mikrofon do urz\u0105dze\u0144 mobilnych - E-Commerce-Revolution\",\"isPartOf\":{\"@id\":\"https:\/\/tie-products.com\/pl\/#website\"},\"primaryImageOfPage\":{\"@id\":\"https:\/\/tie-products.com\/pl\/produkt\/mic\/#primaryimage\"},\"image\":{\"@id\":\"https:\/\/tie-products.com\/pl\/produkt\/mic\/#primaryimage\"},\"thumbnailUrl\":\"https:\/\/tie-products.com\/wp-content\/uploads\/2017\/07\/19-90003-TIE-Studio-Mic-main.jpg\",\"datePublished\":\"2019-02-16T20:06:03+00:00\",\"dateModified\":\"2021-01-27T16:54:15+00:00\",\"breadcrumb\":{\"@id\":\"https:\/\/tie-products.com\/pl\/produkt\/mic\/#breadcrumb\"},\"inLanguage\":\"pl-PL\",\"potentialAction\":[{\"@type\":\"ReadAction\",\"target\":[\"https:\/\/tie-products.com\/pl\/produkt\/mic\/\"]}]},{\"@type\":\"ImageObject\",\"inLanguage\":\"pl-PL\",\"@id\":\"https:\/\/tie-products.com\/pl\/produkt\/mic\/#primaryimage\",\"url\":\"https:\/\/tie-products.com\/wp-content\/uploads\/2017\/07\/19-90003-TIE-Studio-Mic-main.jpg\",\"contentUrl\":\"https:\/\/tie-products.com\/wp-content\/uploads\/2017\/07\/19-90003-TIE-Studio-Mic-main.jpg\",\"width\":1024,\"height\":1024},{\"@type\":\"BreadcrumbList\",\"@id\":\"https:\/\/tie-products.com\/pl\/produkt\/mic\/#breadcrumb\",\"itemListElement\":[{\"@type\":\"ListItem\",\"position\":1,\"name\":\"Home\",\"item\":\"https:\/\/tie-products.com\/pl\/\"},{\"@type\":\"ListItem\",\"position\":2,\"name\":\"Shop\",\"item\":\"https:\/\/tie-products.com\/shop\/\"},{\"@type\":\"ListItem\",\"position\":3,\"name\":\"Mic- mikrofon do urz\u0105dze\u0144 mobilnych\"}]},{\"@type\":\"WebSite\",\"@id\":\"https:\/\/tie-products.com\/pl\/#website\",\"url\":\"https:\/\/tie-products.com\/pl\/\",\"name\":\"E-Commerce-Revolution\",\"description\":\"Just another WordPress site\",\"potentialAction\":[{\"@type\":\"SearchAction\",\"target\":{\"@type\":\"EntryPoint\",\"urlTemplate\":\"https:\/\/tie-products.com\/pl\/?s={search_term_string}\"},\"query-input\":{\"@type\":\"PropertyValueSpecification\",\"valueRequired\":true,\"valueName\":\"search_term_string\"}}],\"inLanguage\":\"pl-PL\"}]}<\/script>\n<!-- \/ Yoast SEO plugin. -->","yoast_head_json":{"title":"Mic- mikrofon do urz\u0105dze\u0144 mobilnych - E-Commerce-Revolution","robots":{"index":"index","follow":"follow","max-snippet":"max-snippet:-1","max-image-preview":"max-image-preview:large","max-video-preview":"max-video-preview:-1"},"canonical":"https:\/\/tie-products.com\/pl\/produkt\/mic\/","og_locale":"pl_PL","og_type":"article","og_title":"Mic- mikrofon do urz\u0105dze\u0144 mobilnych - E-Commerce-Revolution","og_description":"TIE Mic to wysokiej jako\u015bci, niezwykle kompaktowy i niedrogi elektretowy mikrofon pojemno\u015bciowy do prawie wszystkich popularnych urz\u0105dze\u0144 mobilnych. Opracowany specjalnie do nagrywania wywiad\u00f3w, wyk\u0142ad\u00f3w, notatek g\u0142osowych lub podcast\u00f3w, oferuje wyj\u0105tkow\u0105 jako\u015b\u0107 d\u017awi\u0119ku, kt\u00f3ra wyra\u017anie wyr\u00f3\u017cnia si\u0119 spo\u015br\u00f3d mikrofon\u00f3w wbudowanych w urz\u0105dzenia mobilne. W wytrzyma\u0142ej metalowej obudowie znajduje si\u0119 12 mm kapsu\u0142ka z kardioidalnym wzorem polarnym. [&hellip;]","og_url":"https:\/\/tie-products.com\/pl\/produkt\/mic\/","og_site_name":"E-Commerce-Revolution","article_modified_time":"2021-01-27T16:54:15+00:00","og_image":[{"width":1024,"height":1024,"url":"https:\/\/tie-products.com\/wp-content\/uploads\/2017\/07\/19-90003-TIE-Studio-Mic-main.jpg","type":"image\/jpeg"}],"twitter_card":"summary_large_image","twitter_misc":{"Szacowany czas czytania":"1 minuta"},"schema":{"@context":"https:\/\/schema.org","@graph":[{"@type":"WebPage","@id":"https:\/\/tie-products.com\/pl\/produkt\/mic\/","url":"https:\/\/tie-products.com\/pl\/produkt\/mic\/","name":"Mic- mikrofon do urz\u0105dze\u0144 mobilnych - E-Commerce-Revolution","isPartOf":{"@id":"https:\/\/tie-products.com\/pl\/#website"},"primaryImageOfPage":{"@id":"https:\/\/tie-products.com\/pl\/produkt\/mic\/#primaryimage"},"image":{"@id":"https:\/\/tie-products.com\/pl\/produkt\/mic\/#primaryimage"},"thumbnailUrl":"https:\/\/tie-products.com\/wp-content\/uploads\/2017\/07\/19-90003-TIE-Studio-Mic-main.jpg","datePublished":"2019-02-16T20:06:03+00:00","dateModified":"2021-01-27T16:54:15+00:00","breadcrumb":{"@id":"https:\/\/tie-products.com\/pl\/produkt\/mic\/#breadcrumb"},"inLanguage":"pl-PL","potentialAction":[{"@type":"ReadAction","target":["https:\/\/tie-products.com\/pl\/produkt\/mic\/"]}]},{"@type":"ImageObject","inLanguage":"pl-PL","@id":"https:\/\/tie-products.com\/pl\/produkt\/mic\/#primaryimage","url":"https:\/\/tie-products.com\/wp-content\/uploads\/2017\/07\/19-90003-TIE-Studio-Mic-main.jpg","contentUrl":"https:\/\/tie-products.com\/wp-content\/uploads\/2017\/07\/19-90003-TIE-Studio-Mic-main.jpg","width":1024,"height":1024},{"@type":"BreadcrumbList","@id":"https:\/\/tie-products.com\/pl\/produkt\/mic\/#breadcrumb","itemListElement":[{"@type":"ListItem","position":1,"name":"Home","item":"https:\/\/tie-products.com\/pl\/"},{"@type":"ListItem","position":2,"name":"Shop","item":"https:\/\/tie-products.com\/shop\/"},{"@type":"ListItem","position":3,"name":"Mic- mikrofon do urz\u0105dze\u0144 mobilnych"}]},{"@type":"WebSite","@id":"https:\/\/tie-products.com\/pl\/#website","url":"https:\/\/tie-products.com\/pl\/","name":"E-Commerce-Revolution","description":"Just another WordPress site","potentialAction":[{"@type":"SearchAction","target":{"@type":"EntryPoint","urlTemplate":"https:\/\/tie-products.com\/pl\/?s={search_term_string}"},"query-input":{"@type":"PropertyValueSpecification","valueRequired":true,"valueName":"search_term_string"}}],"inLanguage":"pl-PL"}]}},"_links":{"self":[{"href":"https:\/\/tie-products.com\/pl\/wp-json\/wp\/v2\/product\/11440","targetHints":{"allow":["GET"]}}],"collection":[{"href":"https:\/\/tie-products.com\/pl\/wp-json\/wp\/v2\/product"}],"about":[{"href":"https:\/\/tie-products.com\/pl\/wp-json\/wp\/v2\/types\/product"}],"wp:featuredmedia":[{"embeddable":true,"href":"https:\/\/tie-products.com\/pl\/wp-json\/wp\/v2\/media\/11441"}],"wp:attachment":[{"href":"https:\/\/tie-products.com\/pl\/wp-json\/wp\/v2\/media?parent=11440"}],"wp:term":[{"taxonomy":"product_brand","embeddable":true,"href":"https:\/\/tie-products.com\/pl\/wp-json\/wp\/v2\/product_brand?post=11440"},{"taxonomy":"product_cat","embeddable":true,"href":"https:\/\/tie-products.com\/pl\/wp-json\/wp\/v2\/product_cat?post=11440"},{"taxonomy":"product_tag","embeddable":true,"href":"https:\/\/tie-products.com\/pl\/wp-json\/wp\/v2\/product_tag?post=11440"}],"curies":[{"name":"wp","href":"https:\/\/api.w.org\/{rel}","templated":true}]}}