{"id":11422,"date":"2019-02-16T21:06:05","date_gmt":"2019-02-16T20:06:05","guid":{"rendered":"https:\/\/tie-products.netzspitze.cloud\/produkt\/dynamic-mic-usb\/"},"modified":"2021-01-27T16:32:14","modified_gmt":"2021-01-27T16:32:14","slug":"dynamic-mic-usb","status":"publish","type":"product","link":"https:\/\/tie-products.com\/pl\/produkt\/dynamic-mic-usb\/","title":{"rendered":"Dynamiczny mikrofon USB"},"content":{"rendered":"<p>Wysokiej jako\u015bci, dynamiczny mikrofon dla mowy i wokalu. Wyposa\u017cony w port USB, nie ma potrzeby stosowania dodatkowego interfejsu audio ani zewn\u0119trznego \u017ar\u00f3d\u0142a zasilania. Obudowa i koszyk wykonane s\u0105 w ca\u0142o\u015bci z metalu i s\u0105 niezwykle wytrzyma\u0142e. TIE Studio Dynamic Mic USB posiada bardzo zr\u00f3wnowa\u017cony d\u017awi\u0119k, jak r\u00f3wnie\u017c doskona\u0142\u0105 kierunkowo\u015b\u0107 i t\u0142umienie sprz\u0119\u017cenia zwrotnego. Zintegrowana ochrona przed wybuchem redukuje d\u017awi\u0119ki wybuchowe. Uchwyty i odg\u0142osy materia\u0142owe s\u0105 zminimalizowane dzi\u0119ki elastycznie zamontowanej kapsule.<\/p>\n<p><strong>Cechy<\/strong>:<\/p>\n<ul>\n<li>Dynamiczny mikrofon USB<\/li>\n<li>Metalowa obudowa z wytrzyma\u0142ym metalowym koszykiem<\/li>\n<li>Zintegrowana ochrona pop<\/li>\n<li>w\u0142\u0105cznik\/wy\u0142\u0105cznik<\/li>\n<li>Zakres cz\u0119stotliwo\u015bci: 70 Hz &#8211; 13 kHz<\/li>\n<li>Cz\u0119stotliwo\u015b\u0107 pr\u00f3bkowania: 44,1 i 48 KHz<\/li>\n<li>Stosunek sygna\u0142u do szumu: 65 dB<\/li>\n<li>Impedancja: 600\u03a9.<\/li>\n<li>Port USB do bezpo\u015bredniej obs\u0142ugi komputera<\/li>\n<li>Czu\u0142o\u015b\u0107: -35 dBFS\/Pa +\/-3 dBFS\/Pa<\/li>\n<li>Zgodno\u015b\u0107 z klas\u0105 dla komputer\u00f3w Mac i PC<\/li>\n<li>Nie s\u0105 potrzebni \u017cadni dodatkowi kierowcy<\/li>\n<li>Kolor: czarny<\/li>\n<li>Zawiera kabel USB, statyw, statyw i zacisk mikrofonu.<\/li>\n<li>Niebieska dioda LED stanu<\/li>\n<li>Zasilanie przez USB (5 Volt)<\/li>\n<li>Pod\u0142\u0105czenie: USB typu A<\/li>\n<li>USB 2.0<\/li>\n<li>Waga: 260 g.<\/li>\n<\/ul>\n","protected":false},"excerpt":{"rendered":"<p>Wysokiej jako\u015bci, dynamiczny mikrofon dla mowy i wokalu. Wyposa\u017cony w port USB, nie ma potrzeby stosowania dodatkowego interfejsu audio ani zewn\u0119trznego \u017ar\u00f3d\u0142a zasilania. Obudowa i koszyk wykonane s\u0105 w ca\u0142o\u015bci z metalu i s\u0105 niezwykle wytrzyma\u0142e. TIE Studio Dynamic Mic USB posiada bardzo zr\u00f3wnowa\u017cony d\u017awi\u0119k, jak r\u00f3wnie\u017c doskona\u0142\u0105 kierunkowo\u015b\u0107 i t\u0142umienie sprz\u0119\u017cenia zwrotnego. Zintegrowana ochrona [&hellip;]<\/p>\n","protected":false},"featured_media":11423,"template":"","meta":[],"product_brand":[],"product_cat":[24,25],"product_tag":[],"class_list":{"0":"post-11422","1":"product","2":"type-product","3":"status-publish","4":"has-post-thumbnail","6":"product_cat-tie","7":"product_cat-tie-studio","9":"first","10":"instock","11":"purchasable","12":"product-type-simple"},"yoast_head":"<!-- This site is optimized with the Yoast SEO plugin v25.0 - https:\/\/yoast.com\/wordpress\/plugins\/seo\/ -->\n<title>Dynamiczny mikrofon USB - E-Commerce-Revolution<\/title>\n<meta name=\"robots\" content=\"index, follow, max-snippet:-1, max-image-preview:large, max-video-preview:-1\" \/>\n<link rel=\"canonical\" href=\"https:\/\/tie-products.com\/pl\/produkt\/dynamic-mic-usb\/\" \/>\n<meta property=\"og:locale\" content=\"pl_PL\" \/>\n<meta property=\"og:type\" content=\"article\" \/>\n<meta property=\"og:title\" content=\"Dynamiczny mikrofon USB - E-Commerce-Revolution\" \/>\n<meta property=\"og:description\" content=\"Wysokiej jako\u015bci, dynamiczny mikrofon dla mowy i wokalu. Wyposa\u017cony w port USB, nie ma potrzeby stosowania dodatkowego interfejsu audio ani zewn\u0119trznego \u017ar\u00f3d\u0142a zasilania. Obudowa i koszyk wykonane s\u0105 w ca\u0142o\u015bci z metalu i s\u0105 niezwykle wytrzyma\u0142e. TIE Studio Dynamic Mic USB posiada bardzo zr\u00f3wnowa\u017cony d\u017awi\u0119k, jak r\u00f3wnie\u017c doskona\u0142\u0105 kierunkowo\u015b\u0107 i t\u0142umienie sprz\u0119\u017cenia zwrotnego. Zintegrowana ochrona [&hellip;]\" \/>\n<meta property=\"og:url\" content=\"https:\/\/tie-products.com\/pl\/produkt\/dynamic-mic-usb\/\" \/>\n<meta property=\"og:site_name\" content=\"E-Commerce-Revolution\" \/>\n<meta property=\"article:modified_time\" content=\"2021-01-27T16:32:14+00:00\" \/>\n<meta property=\"og:image\" content=\"https:\/\/tie-products.com\/wp-content\/uploads\/2017\/07\/19-90011-TIE-STUDIO-Dynamic-Mic-USB-main.png\" \/>\n\t<meta property=\"og:image:width\" content=\"1024\" \/>\n\t<meta property=\"og:image:height\" content=\"1024\" \/>\n\t<meta property=\"og:image:type\" content=\"image\/png\" \/>\n<meta name=\"twitter:card\" content=\"summary_large_image\" \/>\n<meta name=\"twitter:label1\" content=\"Szacowany czas czytania\" \/>\n\t<meta name=\"twitter:data1\" content=\"1 minuta\" \/>\n<script type=\"application\/ld+json\" class=\"yoast-schema-graph\">{\"@context\":\"https:\/\/schema.org\",\"@graph\":[{\"@type\":\"WebPage\",\"@id\":\"https:\/\/tie-products.com\/pl\/produkt\/dynamic-mic-usb\/\",\"url\":\"https:\/\/tie-products.com\/pl\/produkt\/dynamic-mic-usb\/\",\"name\":\"Dynamiczny mikrofon USB - E-Commerce-Revolution\",\"isPartOf\":{\"@id\":\"https:\/\/tie-products.com\/pl\/#website\"},\"primaryImageOfPage\":{\"@id\":\"https:\/\/tie-products.com\/pl\/produkt\/dynamic-mic-usb\/#primaryimage\"},\"image\":{\"@id\":\"https:\/\/tie-products.com\/pl\/produkt\/dynamic-mic-usb\/#primaryimage\"},\"thumbnailUrl\":\"https:\/\/tie-products.com\/wp-content\/uploads\/2017\/07\/19-90011-TIE-STUDIO-Dynamic-Mic-USB-main.png\",\"datePublished\":\"2019-02-16T20:06:05+00:00\",\"dateModified\":\"2021-01-27T16:32:14+00:00\",\"breadcrumb\":{\"@id\":\"https:\/\/tie-products.com\/pl\/produkt\/dynamic-mic-usb\/#breadcrumb\"},\"inLanguage\":\"pl-PL\",\"potentialAction\":[{\"@type\":\"ReadAction\",\"target\":[\"https:\/\/tie-products.com\/pl\/produkt\/dynamic-mic-usb\/\"]}]},{\"@type\":\"ImageObject\",\"inLanguage\":\"pl-PL\",\"@id\":\"https:\/\/tie-products.com\/pl\/produkt\/dynamic-mic-usb\/#primaryimage\",\"url\":\"https:\/\/tie-products.com\/wp-content\/uploads\/2017\/07\/19-90011-TIE-STUDIO-Dynamic-Mic-USB-main.png\",\"contentUrl\":\"https:\/\/tie-products.com\/wp-content\/uploads\/2017\/07\/19-90011-TIE-STUDIO-Dynamic-Mic-USB-main.png\",\"width\":1024,\"height\":1024},{\"@type\":\"BreadcrumbList\",\"@id\":\"https:\/\/tie-products.com\/pl\/produkt\/dynamic-mic-usb\/#breadcrumb\",\"itemListElement\":[{\"@type\":\"ListItem\",\"position\":1,\"name\":\"Home\",\"item\":\"https:\/\/tie-products.com\/pl\/\"},{\"@type\":\"ListItem\",\"position\":2,\"name\":\"Shop\",\"item\":\"https:\/\/tie-products.com\/shop\/\"},{\"@type\":\"ListItem\",\"position\":3,\"name\":\"Dynamiczny mikrofon USB\"}]},{\"@type\":\"WebSite\",\"@id\":\"https:\/\/tie-products.com\/pl\/#website\",\"url\":\"https:\/\/tie-products.com\/pl\/\",\"name\":\"E-Commerce-Revolution\",\"description\":\"Just another WordPress site\",\"potentialAction\":[{\"@type\":\"SearchAction\",\"target\":{\"@type\":\"EntryPoint\",\"urlTemplate\":\"https:\/\/tie-products.com\/pl\/?s={search_term_string}\"},\"query-input\":{\"@type\":\"PropertyValueSpecification\",\"valueRequired\":true,\"valueName\":\"search_term_string\"}}],\"inLanguage\":\"pl-PL\"}]}<\/script>\n<!-- \/ Yoast SEO plugin. -->","yoast_head_json":{"title":"Dynamiczny mikrofon USB - E-Commerce-Revolution","robots":{"index":"index","follow":"follow","max-snippet":"max-snippet:-1","max-image-preview":"max-image-preview:large","max-video-preview":"max-video-preview:-1"},"canonical":"https:\/\/tie-products.com\/pl\/produkt\/dynamic-mic-usb\/","og_locale":"pl_PL","og_type":"article","og_title":"Dynamiczny mikrofon USB - E-Commerce-Revolution","og_description":"Wysokiej jako\u015bci, dynamiczny mikrofon dla mowy i wokalu. Wyposa\u017cony w port USB, nie ma potrzeby stosowania dodatkowego interfejsu audio ani zewn\u0119trznego \u017ar\u00f3d\u0142a zasilania. Obudowa i koszyk wykonane s\u0105 w ca\u0142o\u015bci z metalu i s\u0105 niezwykle wytrzyma\u0142e. TIE Studio Dynamic Mic USB posiada bardzo zr\u00f3wnowa\u017cony d\u017awi\u0119k, jak r\u00f3wnie\u017c doskona\u0142\u0105 kierunkowo\u015b\u0107 i t\u0142umienie sprz\u0119\u017cenia zwrotnego. Zintegrowana ochrona [&hellip;]","og_url":"https:\/\/tie-products.com\/pl\/produkt\/dynamic-mic-usb\/","og_site_name":"E-Commerce-Revolution","article_modified_time":"2021-01-27T16:32:14+00:00","og_image":[{"width":1024,"height":1024,"url":"https:\/\/tie-products.com\/wp-content\/uploads\/2017\/07\/19-90011-TIE-STUDIO-Dynamic-Mic-USB-main.png","type":"image\/png"}],"twitter_card":"summary_large_image","twitter_misc":{"Szacowany czas czytania":"1 minuta"},"schema":{"@context":"https:\/\/schema.org","@graph":[{"@type":"WebPage","@id":"https:\/\/tie-products.com\/pl\/produkt\/dynamic-mic-usb\/","url":"https:\/\/tie-products.com\/pl\/produkt\/dynamic-mic-usb\/","name":"Dynamiczny mikrofon USB - E-Commerce-Revolution","isPartOf":{"@id":"https:\/\/tie-products.com\/pl\/#website"},"primaryImageOfPage":{"@id":"https:\/\/tie-products.com\/pl\/produkt\/dynamic-mic-usb\/#primaryimage"},"image":{"@id":"https:\/\/tie-products.com\/pl\/produkt\/dynamic-mic-usb\/#primaryimage"},"thumbnailUrl":"https:\/\/tie-products.com\/wp-content\/uploads\/2017\/07\/19-90011-TIE-STUDIO-Dynamic-Mic-USB-main.png","datePublished":"2019-02-16T20:06:05+00:00","dateModified":"2021-01-27T16:32:14+00:00","breadcrumb":{"@id":"https:\/\/tie-products.com\/pl\/produkt\/dynamic-mic-usb\/#breadcrumb"},"inLanguage":"pl-PL","potentialAction":[{"@type":"ReadAction","target":["https:\/\/tie-products.com\/pl\/produkt\/dynamic-mic-usb\/"]}]},{"@type":"ImageObject","inLanguage":"pl-PL","@id":"https:\/\/tie-products.com\/pl\/produkt\/dynamic-mic-usb\/#primaryimage","url":"https:\/\/tie-products.com\/wp-content\/uploads\/2017\/07\/19-90011-TIE-STUDIO-Dynamic-Mic-USB-main.png","contentUrl":"https:\/\/tie-products.com\/wp-content\/uploads\/2017\/07\/19-90011-TIE-STUDIO-Dynamic-Mic-USB-main.png","width":1024,"height":1024},{"@type":"BreadcrumbList","@id":"https:\/\/tie-products.com\/pl\/produkt\/dynamic-mic-usb\/#breadcrumb","itemListElement":[{"@type":"ListItem","position":1,"name":"Home","item":"https:\/\/tie-products.com\/pl\/"},{"@type":"ListItem","position":2,"name":"Shop","item":"https:\/\/tie-products.com\/shop\/"},{"@type":"ListItem","position":3,"name":"Dynamiczny mikrofon USB"}]},{"@type":"WebSite","@id":"https:\/\/tie-products.com\/pl\/#website","url":"https:\/\/tie-products.com\/pl\/","name":"E-Commerce-Revolution","description":"Just another WordPress site","potentialAction":[{"@type":"SearchAction","target":{"@type":"EntryPoint","urlTemplate":"https:\/\/tie-products.com\/pl\/?s={search_term_string}"},"query-input":{"@type":"PropertyValueSpecification","valueRequired":true,"valueName":"search_term_string"}}],"inLanguage":"pl-PL"}]}},"_links":{"self":[{"href":"https:\/\/tie-products.com\/pl\/wp-json\/wp\/v2\/product\/11422","targetHints":{"allow":["GET"]}}],"collection":[{"href":"https:\/\/tie-products.com\/pl\/wp-json\/wp\/v2\/product"}],"about":[{"href":"https:\/\/tie-products.com\/pl\/wp-json\/wp\/v2\/types\/product"}],"wp:featuredmedia":[{"embeddable":true,"href":"https:\/\/tie-products.com\/pl\/wp-json\/wp\/v2\/media\/11423"}],"wp:attachment":[{"href":"https:\/\/tie-products.com\/pl\/wp-json\/wp\/v2\/media?parent=11422"}],"wp:term":[{"taxonomy":"product_brand","embeddable":true,"href":"https:\/\/tie-products.com\/pl\/wp-json\/wp\/v2\/product_brand?post=11422"},{"taxonomy":"product_cat","embeddable":true,"href":"https:\/\/tie-products.com\/pl\/wp-json\/wp\/v2\/product_cat?post=11422"},{"taxonomy":"product_tag","embeddable":true,"href":"https:\/\/tie-products.com\/pl\/wp-json\/wp\/v2\/product_tag?post=11422"}],"curies":[{"name":"wp","href":"https:\/\/api.w.org\/{rel}","templated":true}]}}