{"id":11413,"date":"2019-02-16T21:06:09","date_gmt":"2019-02-16T20:06:09","guid":{"rendered":"https:\/\/tie-products.netzspitze.cloud\/produkt\/broadcast-mic\/"},"modified":"2021-01-27T16:30:01","modified_gmt":"2021-01-27T16:30:01","slug":"broadcast-mic","status":"publish","type":"product","link":"https:\/\/tie-products.com\/pl\/produkt\/broadcast-mic\/","title":{"rendered":"Mikrofon nadawczy Broadcast Mic"},"content":{"rendered":"<p><strong>Pot\u0119\u017cny mikrofon nadawczy z wtyczk\u0105 3,5 mm mini jack<\/strong><\/p>\n<p>TIE Studio&#8217;s Broadcast Mic to uniwersalny mikrofon pojemno\u015bciowy do podcastingu, streamingu YouTube, gier, wywiad\u00f3w, prezentacji g\u0142osowych czy radiofonicznych oraz do podstawowego nagrywania d\u017awi\u0119ku i mowy w miejscu pracy.<\/p>\n<p>Posiada prepolaryzowan\u0105 dook\u00f3ln\u0105 kapsu\u0142\u0119 elektretow\u0105 i pasmo przenoszenia 50 Hz-16 kHz. K\u0105t nachylenia kapsu\u0142y mikrofonu mo\u017ce by\u0107 regulowany w zale\u017cno\u015bci od zastosowania. Dodatkowo posiada pokr\u0119t\u0142o regulacji g\u0142o\u015bno\u015bci po stronie m\u00f3wi\u0105cej. Dzi\u0119ki przewodowi o d\u0142ugo\u015bci 1,80 m mo\u017ce by\u0107 u\u017cywany elastycznie &#8211; nawet na wi\u0119kszych biurkach &#8211; z ka\u017cdym komputerem lub laptopem. W zestawie znajduje si\u0119 wygodny, sk\u0142adany statyw.<\/p>\n<p><strong>Cechy<\/strong><\/p>\n<ul>\n<li>Wszechstronny mikrofon pojemno\u015bciowy<\/li>\n<li>Przew\u00f3d o d\u0142ugo\u015bci 1,8 m z wtyczk\u0105 mini jack 3,5 mm<\/li>\n<li>Pasmo przenoszenia: 50 Hz &#8211; 16 kHz<\/li>\n<li>Czu\u0142o\u015b\u0107: -30 dB \u00b1 3 dB.<\/li>\n<li>Impedancja \u22642,2 k\u03a9<\/li>\n<li>Napi\u0119cie robocze: 1,5 V<\/li>\n<li>Stosunek sygna\u0142u do szumu: &gt; 36 dB<\/li>\n<li>Wz\u00f3r biegunowy: wielokierunkowy<\/li>\n<li>Kolor: czarny<\/li>\n<\/ul>\n","protected":false},"excerpt":{"rendered":"<p>Pot\u0119\u017cny mikrofon nadawczy z wtyczk\u0105 3,5 mm mini jack TIE Studio&#8217;s Broadcast Mic to uniwersalny mikrofon pojemno\u015bciowy do podcastingu, streamingu YouTube, gier, wywiad\u00f3w, prezentacji g\u0142osowych czy radiofonicznych oraz do podstawowego nagrywania d\u017awi\u0119ku i mowy w miejscu pracy. Posiada prepolaryzowan\u0105 dook\u00f3ln\u0105 kapsu\u0142\u0119 elektretow\u0105 i pasmo przenoszenia 50 Hz-16 kHz. K\u0105t nachylenia kapsu\u0142y mikrofonu mo\u017ce by\u0107 regulowany [&hellip;]<\/p>\n","protected":false},"featured_media":11414,"template":"","meta":[],"product_brand":[],"product_cat":[24,25],"product_tag":[],"class_list":{"0":"post-11413","1":"product","2":"type-product","3":"status-publish","4":"has-post-thumbnail","6":"product_cat-tie","7":"product_cat-tie-studio","9":"first","10":"instock","11":"purchasable","12":"product-type-simple"},"yoast_head":"<!-- This site is optimized with the Yoast SEO plugin v25.0 - https:\/\/yoast.com\/wordpress\/plugins\/seo\/ -->\n<title>Mikrofon nadawczy Broadcast Mic - E-Commerce-Revolution<\/title>\n<meta name=\"robots\" content=\"index, follow, max-snippet:-1, max-image-preview:large, max-video-preview:-1\" \/>\n<link rel=\"canonical\" href=\"https:\/\/tie-products.com\/pl\/produkt\/broadcast-mic\/\" \/>\n<meta property=\"og:locale\" content=\"pl_PL\" \/>\n<meta property=\"og:type\" content=\"article\" \/>\n<meta property=\"og:title\" content=\"Mikrofon nadawczy Broadcast Mic - E-Commerce-Revolution\" \/>\n<meta property=\"og:description\" content=\"Pot\u0119\u017cny mikrofon nadawczy z wtyczk\u0105 3,5 mm mini jack TIE Studio&#8217;s Broadcast Mic to uniwersalny mikrofon pojemno\u015bciowy do podcastingu, streamingu YouTube, gier, wywiad\u00f3w, prezentacji g\u0142osowych czy radiofonicznych oraz do podstawowego nagrywania d\u017awi\u0119ku i mowy w miejscu pracy. Posiada prepolaryzowan\u0105 dook\u00f3ln\u0105 kapsu\u0142\u0119 elektretow\u0105 i pasmo przenoszenia 50 Hz-16 kHz. K\u0105t nachylenia kapsu\u0142y mikrofonu mo\u017ce by\u0107 regulowany [&hellip;]\" \/>\n<meta property=\"og:url\" content=\"https:\/\/tie-products.com\/pl\/produkt\/broadcast-mic\/\" \/>\n<meta property=\"og:site_name\" content=\"E-Commerce-Revolution\" \/>\n<meta property=\"article:modified_time\" content=\"2021-01-27T16:30:01+00:00\" \/>\n<meta property=\"og:image\" content=\"https:\/\/tie-products.com\/wp-content\/uploads\/2018\/09\/19-90026-TIE-STUDIO-Broadcast-Mic.jpg\" \/>\n\t<meta property=\"og:image:width\" content=\"1024\" \/>\n\t<meta property=\"og:image:height\" content=\"1024\" \/>\n\t<meta property=\"og:image:type\" content=\"image\/jpeg\" \/>\n<meta name=\"twitter:card\" content=\"summary_large_image\" \/>\n<meta name=\"twitter:label1\" content=\"Szacowany czas czytania\" \/>\n\t<meta name=\"twitter:data1\" content=\"1 minuta\" \/>\n<script type=\"application\/ld+json\" class=\"yoast-schema-graph\">{\"@context\":\"https:\/\/schema.org\",\"@graph\":[{\"@type\":\"WebPage\",\"@id\":\"https:\/\/tie-products.com\/pl\/produkt\/broadcast-mic\/\",\"url\":\"https:\/\/tie-products.com\/pl\/produkt\/broadcast-mic\/\",\"name\":\"Mikrofon nadawczy Broadcast Mic - E-Commerce-Revolution\",\"isPartOf\":{\"@id\":\"https:\/\/tie-products.com\/pl\/#website\"},\"primaryImageOfPage\":{\"@id\":\"https:\/\/tie-products.com\/pl\/produkt\/broadcast-mic\/#primaryimage\"},\"image\":{\"@id\":\"https:\/\/tie-products.com\/pl\/produkt\/broadcast-mic\/#primaryimage\"},\"thumbnailUrl\":\"https:\/\/tie-products.com\/wp-content\/uploads\/2018\/09\/19-90026-TIE-STUDIO-Broadcast-Mic.jpg\",\"datePublished\":\"2019-02-16T20:06:09+00:00\",\"dateModified\":\"2021-01-27T16:30:01+00:00\",\"breadcrumb\":{\"@id\":\"https:\/\/tie-products.com\/pl\/produkt\/broadcast-mic\/#breadcrumb\"},\"inLanguage\":\"pl-PL\",\"potentialAction\":[{\"@type\":\"ReadAction\",\"target\":[\"https:\/\/tie-products.com\/pl\/produkt\/broadcast-mic\/\"]}]},{\"@type\":\"ImageObject\",\"inLanguage\":\"pl-PL\",\"@id\":\"https:\/\/tie-products.com\/pl\/produkt\/broadcast-mic\/#primaryimage\",\"url\":\"https:\/\/tie-products.com\/wp-content\/uploads\/2018\/09\/19-90026-TIE-STUDIO-Broadcast-Mic.jpg\",\"contentUrl\":\"https:\/\/tie-products.com\/wp-content\/uploads\/2018\/09\/19-90026-TIE-STUDIO-Broadcast-Mic.jpg\",\"width\":1024,\"height\":1024},{\"@type\":\"BreadcrumbList\",\"@id\":\"https:\/\/tie-products.com\/pl\/produkt\/broadcast-mic\/#breadcrumb\",\"itemListElement\":[{\"@type\":\"ListItem\",\"position\":1,\"name\":\"Home\",\"item\":\"https:\/\/tie-products.com\/pl\/\"},{\"@type\":\"ListItem\",\"position\":2,\"name\":\"Shop\",\"item\":\"https:\/\/tie-products.com\/shop\/\"},{\"@type\":\"ListItem\",\"position\":3,\"name\":\"Mikrofon nadawczy Broadcast Mic\"}]},{\"@type\":\"WebSite\",\"@id\":\"https:\/\/tie-products.com\/pl\/#website\",\"url\":\"https:\/\/tie-products.com\/pl\/\",\"name\":\"E-Commerce-Revolution\",\"description\":\"Just another WordPress site\",\"potentialAction\":[{\"@type\":\"SearchAction\",\"target\":{\"@type\":\"EntryPoint\",\"urlTemplate\":\"https:\/\/tie-products.com\/pl\/?s={search_term_string}\"},\"query-input\":{\"@type\":\"PropertyValueSpecification\",\"valueRequired\":true,\"valueName\":\"search_term_string\"}}],\"inLanguage\":\"pl-PL\"}]}<\/script>\n<!-- \/ Yoast SEO plugin. -->","yoast_head_json":{"title":"Mikrofon nadawczy Broadcast Mic - E-Commerce-Revolution","robots":{"index":"index","follow":"follow","max-snippet":"max-snippet:-1","max-image-preview":"max-image-preview:large","max-video-preview":"max-video-preview:-1"},"canonical":"https:\/\/tie-products.com\/pl\/produkt\/broadcast-mic\/","og_locale":"pl_PL","og_type":"article","og_title":"Mikrofon nadawczy Broadcast Mic - E-Commerce-Revolution","og_description":"Pot\u0119\u017cny mikrofon nadawczy z wtyczk\u0105 3,5 mm mini jack TIE Studio&#8217;s Broadcast Mic to uniwersalny mikrofon pojemno\u015bciowy do podcastingu, streamingu YouTube, gier, wywiad\u00f3w, prezentacji g\u0142osowych czy radiofonicznych oraz do podstawowego nagrywania d\u017awi\u0119ku i mowy w miejscu pracy. Posiada prepolaryzowan\u0105 dook\u00f3ln\u0105 kapsu\u0142\u0119 elektretow\u0105 i pasmo przenoszenia 50 Hz-16 kHz. K\u0105t nachylenia kapsu\u0142y mikrofonu mo\u017ce by\u0107 regulowany [&hellip;]","og_url":"https:\/\/tie-products.com\/pl\/produkt\/broadcast-mic\/","og_site_name":"E-Commerce-Revolution","article_modified_time":"2021-01-27T16:30:01+00:00","og_image":[{"width":1024,"height":1024,"url":"https:\/\/tie-products.com\/wp-content\/uploads\/2018\/09\/19-90026-TIE-STUDIO-Broadcast-Mic.jpg","type":"image\/jpeg"}],"twitter_card":"summary_large_image","twitter_misc":{"Szacowany czas czytania":"1 minuta"},"schema":{"@context":"https:\/\/schema.org","@graph":[{"@type":"WebPage","@id":"https:\/\/tie-products.com\/pl\/produkt\/broadcast-mic\/","url":"https:\/\/tie-products.com\/pl\/produkt\/broadcast-mic\/","name":"Mikrofon nadawczy Broadcast Mic - E-Commerce-Revolution","isPartOf":{"@id":"https:\/\/tie-products.com\/pl\/#website"},"primaryImageOfPage":{"@id":"https:\/\/tie-products.com\/pl\/produkt\/broadcast-mic\/#primaryimage"},"image":{"@id":"https:\/\/tie-products.com\/pl\/produkt\/broadcast-mic\/#primaryimage"},"thumbnailUrl":"https:\/\/tie-products.com\/wp-content\/uploads\/2018\/09\/19-90026-TIE-STUDIO-Broadcast-Mic.jpg","datePublished":"2019-02-16T20:06:09+00:00","dateModified":"2021-01-27T16:30:01+00:00","breadcrumb":{"@id":"https:\/\/tie-products.com\/pl\/produkt\/broadcast-mic\/#breadcrumb"},"inLanguage":"pl-PL","potentialAction":[{"@type":"ReadAction","target":["https:\/\/tie-products.com\/pl\/produkt\/broadcast-mic\/"]}]},{"@type":"ImageObject","inLanguage":"pl-PL","@id":"https:\/\/tie-products.com\/pl\/produkt\/broadcast-mic\/#primaryimage","url":"https:\/\/tie-products.com\/wp-content\/uploads\/2018\/09\/19-90026-TIE-STUDIO-Broadcast-Mic.jpg","contentUrl":"https:\/\/tie-products.com\/wp-content\/uploads\/2018\/09\/19-90026-TIE-STUDIO-Broadcast-Mic.jpg","width":1024,"height":1024},{"@type":"BreadcrumbList","@id":"https:\/\/tie-products.com\/pl\/produkt\/broadcast-mic\/#breadcrumb","itemListElement":[{"@type":"ListItem","position":1,"name":"Home","item":"https:\/\/tie-products.com\/pl\/"},{"@type":"ListItem","position":2,"name":"Shop","item":"https:\/\/tie-products.com\/shop\/"},{"@type":"ListItem","position":3,"name":"Mikrofon nadawczy Broadcast Mic"}]},{"@type":"WebSite","@id":"https:\/\/tie-products.com\/pl\/#website","url":"https:\/\/tie-products.com\/pl\/","name":"E-Commerce-Revolution","description":"Just another WordPress site","potentialAction":[{"@type":"SearchAction","target":{"@type":"EntryPoint","urlTemplate":"https:\/\/tie-products.com\/pl\/?s={search_term_string}"},"query-input":{"@type":"PropertyValueSpecification","valueRequired":true,"valueName":"search_term_string"}}],"inLanguage":"pl-PL"}]}},"_links":{"self":[{"href":"https:\/\/tie-products.com\/pl\/wp-json\/wp\/v2\/product\/11413","targetHints":{"allow":["GET"]}}],"collection":[{"href":"https:\/\/tie-products.com\/pl\/wp-json\/wp\/v2\/product"}],"about":[{"href":"https:\/\/tie-products.com\/pl\/wp-json\/wp\/v2\/types\/product"}],"wp:featuredmedia":[{"embeddable":true,"href":"https:\/\/tie-products.com\/pl\/wp-json\/wp\/v2\/media\/11414"}],"wp:attachment":[{"href":"https:\/\/tie-products.com\/pl\/wp-json\/wp\/v2\/media?parent=11413"}],"wp:term":[{"taxonomy":"product_brand","embeddable":true,"href":"https:\/\/tie-products.com\/pl\/wp-json\/wp\/v2\/product_brand?post=11413"},{"taxonomy":"product_cat","embeddable":true,"href":"https:\/\/tie-products.com\/pl\/wp-json\/wp\/v2\/product_cat?post=11413"},{"taxonomy":"product_tag","embeddable":true,"href":"https:\/\/tie-products.com\/pl\/wp-json\/wp\/v2\/product_tag?post=11413"}],"curies":[{"name":"wp","href":"https:\/\/api.w.org\/{rel}","templated":true}]}}