{"id":11395,"date":"2019-02-16T21:06:05","date_gmt":"2019-02-16T20:06:05","guid":{"rendered":"https:\/\/tie-products.netzspitze.cloud\/produkt\/condenser-mic-usb-black\/"},"modified":"2021-01-27T16:31:14","modified_gmt":"2021-01-27T16:31:14","slug":"condenser-mic-usb-black","status":"publish","type":"product","link":"https:\/\/tie-products.com\/pl\/produkt\/condenser-mic-usb-black\/","title":{"rendered":"Mikrofon pojemno\u015bciowy Condenser Mic USB czarny"},"content":{"rendered":"<p>Czysty i naturalny d\u017awi\u0119k sprawia, \u017ce TIE Studio Condenser Mic USB to idealny mikrofon do produkcji podcast\u00f3w, prezentacji multimedialnych i innych nagra\u0144 studyjnych lub mobilnych. Dzi\u0119ki zintegrowanemu portowi USB nie jest wymagany dodatkowy interfejs audio ani zewn\u0119trzne zasilanie. Technologia du\u017cej membrany kondensatora TIE Studio Condenser Mic USB zapewnia studyjn\u0105 jako\u015b\u0107 nagra\u0144. W przeciwie\u0144stwie do wielu innych mikrofon\u00f3w USB, ten mikrofon posiada zintegrowane wyj\u015bcie s\u0142uchawkowe umo\u017cliwia szybkie i nieskomplikowane monitorowanie. W zestawie znajduje si\u0119 pasuj\u0105cy kabel USB i wysokiej jako\u015bci paj\u0105k mikrofonu.<\/p>\n<p><strong>Cechy<\/strong><\/p>\n<ul>\n<li>Du\u017ca membrana pojemno\u015bciowa mikrofonu USB<\/li>\n<li>Wz\u00f3r biegunowy: kardioidalny<\/li>\n<li>Kolor: srebrny<\/li>\n<li>Port USB do bezpo\u015bredniej obs\u0142ugi komputera<\/li>\n<li>Wyj\u015bcie s\u0142uchawkowe (3,5 mm stereo mini jack) do bezpo\u015bredniego monitoringu<\/li>\n<li>Zakres cz\u0119stotliwo\u015bci: 20 Hz &#8211; 20 kHz<\/li>\n<li>Zgodno\u015b\u0107 z klas\u0105 dla komputer\u00f3w Mac i PC<\/li>\n<li>Nie s\u0105 potrzebne dodatkowe sterowniki<\/li>\n<li>Zasilanie fantomowe przez port USB<\/li>\n<li>Maksymalny poziom ci\u015bnienia akustycznego: 134 dB (SPL)<\/li>\n<li>Czu\u0142o\u015b\u0107: -42 dBV\/Pa (7,9 mV)<\/li>\n<li>Kolor: Srebrny<\/li>\n<li>Zawiera kabel Spider i USB.<\/li>\n<li>Waga: 280 g.<\/li>\n<\/ul>\n","protected":false},"excerpt":{"rendered":"<p>Czysty i naturalny d\u017awi\u0119k sprawia, \u017ce TIE Studio Condenser Mic USB to idealny mikrofon do produkcji podcast\u00f3w, prezentacji multimedialnych i innych nagra\u0144 studyjnych lub mobilnych. Dzi\u0119ki zintegrowanemu portowi USB nie jest wymagany dodatkowy interfejs audio ani zewn\u0119trzne zasilanie. Technologia du\u017cej membrany kondensatora TIE Studio Condenser Mic USB zapewnia studyjn\u0105 jako\u015b\u0107 nagra\u0144. W przeciwie\u0144stwie do wielu [&hellip;]<\/p>\n","protected":false},"featured_media":11396,"template":"","meta":[],"product_brand":[],"product_cat":[24,25],"product_tag":[],"class_list":{"0":"post-11395","1":"product","2":"type-product","3":"status-publish","4":"has-post-thumbnail","6":"product_cat-tie","7":"product_cat-tie-studio","9":"first","10":"instock","11":"purchasable","12":"product-type-simple"},"yoast_head":"<!-- This site is optimized with the Yoast SEO plugin v25.0 - https:\/\/yoast.com\/wordpress\/plugins\/seo\/ -->\n<title>Mikrofon pojemno\u015bciowy Condenser Mic USB czarny - E-Commerce-Revolution<\/title>\n<meta name=\"robots\" content=\"index, follow, max-snippet:-1, max-image-preview:large, max-video-preview:-1\" \/>\n<link rel=\"canonical\" href=\"https:\/\/tie-products.com\/pl\/produkt\/condenser-mic-usb-black\/\" \/>\n<meta property=\"og:locale\" content=\"pl_PL\" \/>\n<meta property=\"og:type\" content=\"article\" \/>\n<meta property=\"og:title\" content=\"Mikrofon pojemno\u015bciowy Condenser Mic USB czarny - E-Commerce-Revolution\" \/>\n<meta property=\"og:description\" content=\"Czysty i naturalny d\u017awi\u0119k sprawia, \u017ce TIE Studio Condenser Mic USB to idealny mikrofon do produkcji podcast\u00f3w, prezentacji multimedialnych i innych nagra\u0144 studyjnych lub mobilnych. Dzi\u0119ki zintegrowanemu portowi USB nie jest wymagany dodatkowy interfejs audio ani zewn\u0119trzne zasilanie. Technologia du\u017cej membrany kondensatora TIE Studio Condenser Mic USB zapewnia studyjn\u0105 jako\u015b\u0107 nagra\u0144. W przeciwie\u0144stwie do wielu [&hellip;]\" \/>\n<meta property=\"og:url\" content=\"https:\/\/tie-products.com\/pl\/produkt\/condenser-mic-usb-black\/\" \/>\n<meta property=\"og:site_name\" content=\"E-Commerce-Revolution\" \/>\n<meta property=\"article:modified_time\" content=\"2021-01-27T16:31:14+00:00\" \/>\n<meta property=\"og:image\" content=\"https:\/\/tie-products.com\/wp-content\/uploads\/2018\/09\/19-90012-TIE-STUDIO-Condensor-Mic-USB-black.jpg\" \/>\n\t<meta property=\"og:image:width\" content=\"1024\" \/>\n\t<meta property=\"og:image:height\" content=\"1024\" \/>\n\t<meta property=\"og:image:type\" content=\"image\/jpeg\" \/>\n<meta name=\"twitter:card\" content=\"summary_large_image\" \/>\n<meta name=\"twitter:label1\" content=\"Szacowany czas czytania\" \/>\n\t<meta name=\"twitter:data1\" content=\"1 minuta\" \/>\n<script type=\"application\/ld+json\" class=\"yoast-schema-graph\">{\"@context\":\"https:\/\/schema.org\",\"@graph\":[{\"@type\":\"WebPage\",\"@id\":\"https:\/\/tie-products.com\/pl\/produkt\/condenser-mic-usb-black\/\",\"url\":\"https:\/\/tie-products.com\/pl\/produkt\/condenser-mic-usb-black\/\",\"name\":\"Mikrofon pojemno\u015bciowy Condenser Mic USB czarny - E-Commerce-Revolution\",\"isPartOf\":{\"@id\":\"https:\/\/tie-products.com\/pl\/#website\"},\"primaryImageOfPage\":{\"@id\":\"https:\/\/tie-products.com\/pl\/produkt\/condenser-mic-usb-black\/#primaryimage\"},\"image\":{\"@id\":\"https:\/\/tie-products.com\/pl\/produkt\/condenser-mic-usb-black\/#primaryimage\"},\"thumbnailUrl\":\"https:\/\/tie-products.com\/wp-content\/uploads\/2018\/09\/19-90012-TIE-STUDIO-Condensor-Mic-USB-black.jpg\",\"datePublished\":\"2019-02-16T20:06:05+00:00\",\"dateModified\":\"2021-01-27T16:31:14+00:00\",\"breadcrumb\":{\"@id\":\"https:\/\/tie-products.com\/pl\/produkt\/condenser-mic-usb-black\/#breadcrumb\"},\"inLanguage\":\"pl-PL\",\"potentialAction\":[{\"@type\":\"ReadAction\",\"target\":[\"https:\/\/tie-products.com\/pl\/produkt\/condenser-mic-usb-black\/\"]}]},{\"@type\":\"ImageObject\",\"inLanguage\":\"pl-PL\",\"@id\":\"https:\/\/tie-products.com\/pl\/produkt\/condenser-mic-usb-black\/#primaryimage\",\"url\":\"https:\/\/tie-products.com\/wp-content\/uploads\/2018\/09\/19-90012-TIE-STUDIO-Condensor-Mic-USB-black.jpg\",\"contentUrl\":\"https:\/\/tie-products.com\/wp-content\/uploads\/2018\/09\/19-90012-TIE-STUDIO-Condensor-Mic-USB-black.jpg\",\"width\":1024,\"height\":1024},{\"@type\":\"BreadcrumbList\",\"@id\":\"https:\/\/tie-products.com\/pl\/produkt\/condenser-mic-usb-black\/#breadcrumb\",\"itemListElement\":[{\"@type\":\"ListItem\",\"position\":1,\"name\":\"Home\",\"item\":\"https:\/\/tie-products.com\/pl\/\"},{\"@type\":\"ListItem\",\"position\":2,\"name\":\"Shop\",\"item\":\"https:\/\/tie-products.com\/shop\/\"},{\"@type\":\"ListItem\",\"position\":3,\"name\":\"Mikrofon pojemno\u015bciowy Condenser Mic USB czarny\"}]},{\"@type\":\"WebSite\",\"@id\":\"https:\/\/tie-products.com\/pl\/#website\",\"url\":\"https:\/\/tie-products.com\/pl\/\",\"name\":\"E-Commerce-Revolution\",\"description\":\"Just another WordPress site\",\"potentialAction\":[{\"@type\":\"SearchAction\",\"target\":{\"@type\":\"EntryPoint\",\"urlTemplate\":\"https:\/\/tie-products.com\/pl\/?s={search_term_string}\"},\"query-input\":{\"@type\":\"PropertyValueSpecification\",\"valueRequired\":true,\"valueName\":\"search_term_string\"}}],\"inLanguage\":\"pl-PL\"}]}<\/script>\n<!-- \/ Yoast SEO plugin. -->","yoast_head_json":{"title":"Mikrofon pojemno\u015bciowy Condenser Mic USB czarny - E-Commerce-Revolution","robots":{"index":"index","follow":"follow","max-snippet":"max-snippet:-1","max-image-preview":"max-image-preview:large","max-video-preview":"max-video-preview:-1"},"canonical":"https:\/\/tie-products.com\/pl\/produkt\/condenser-mic-usb-black\/","og_locale":"pl_PL","og_type":"article","og_title":"Mikrofon pojemno\u015bciowy Condenser Mic USB czarny - E-Commerce-Revolution","og_description":"Czysty i naturalny d\u017awi\u0119k sprawia, \u017ce TIE Studio Condenser Mic USB to idealny mikrofon do produkcji podcast\u00f3w, prezentacji multimedialnych i innych nagra\u0144 studyjnych lub mobilnych. Dzi\u0119ki zintegrowanemu portowi USB nie jest wymagany dodatkowy interfejs audio ani zewn\u0119trzne zasilanie. Technologia du\u017cej membrany kondensatora TIE Studio Condenser Mic USB zapewnia studyjn\u0105 jako\u015b\u0107 nagra\u0144. W przeciwie\u0144stwie do wielu [&hellip;]","og_url":"https:\/\/tie-products.com\/pl\/produkt\/condenser-mic-usb-black\/","og_site_name":"E-Commerce-Revolution","article_modified_time":"2021-01-27T16:31:14+00:00","og_image":[{"width":1024,"height":1024,"url":"https:\/\/tie-products.com\/wp-content\/uploads\/2018\/09\/19-90012-TIE-STUDIO-Condensor-Mic-USB-black.jpg","type":"image\/jpeg"}],"twitter_card":"summary_large_image","twitter_misc":{"Szacowany czas czytania":"1 minuta"},"schema":{"@context":"https:\/\/schema.org","@graph":[{"@type":"WebPage","@id":"https:\/\/tie-products.com\/pl\/produkt\/condenser-mic-usb-black\/","url":"https:\/\/tie-products.com\/pl\/produkt\/condenser-mic-usb-black\/","name":"Mikrofon pojemno\u015bciowy Condenser Mic USB czarny - E-Commerce-Revolution","isPartOf":{"@id":"https:\/\/tie-products.com\/pl\/#website"},"primaryImageOfPage":{"@id":"https:\/\/tie-products.com\/pl\/produkt\/condenser-mic-usb-black\/#primaryimage"},"image":{"@id":"https:\/\/tie-products.com\/pl\/produkt\/condenser-mic-usb-black\/#primaryimage"},"thumbnailUrl":"https:\/\/tie-products.com\/wp-content\/uploads\/2018\/09\/19-90012-TIE-STUDIO-Condensor-Mic-USB-black.jpg","datePublished":"2019-02-16T20:06:05+00:00","dateModified":"2021-01-27T16:31:14+00:00","breadcrumb":{"@id":"https:\/\/tie-products.com\/pl\/produkt\/condenser-mic-usb-black\/#breadcrumb"},"inLanguage":"pl-PL","potentialAction":[{"@type":"ReadAction","target":["https:\/\/tie-products.com\/pl\/produkt\/condenser-mic-usb-black\/"]}]},{"@type":"ImageObject","inLanguage":"pl-PL","@id":"https:\/\/tie-products.com\/pl\/produkt\/condenser-mic-usb-black\/#primaryimage","url":"https:\/\/tie-products.com\/wp-content\/uploads\/2018\/09\/19-90012-TIE-STUDIO-Condensor-Mic-USB-black.jpg","contentUrl":"https:\/\/tie-products.com\/wp-content\/uploads\/2018\/09\/19-90012-TIE-STUDIO-Condensor-Mic-USB-black.jpg","width":1024,"height":1024},{"@type":"BreadcrumbList","@id":"https:\/\/tie-products.com\/pl\/produkt\/condenser-mic-usb-black\/#breadcrumb","itemListElement":[{"@type":"ListItem","position":1,"name":"Home","item":"https:\/\/tie-products.com\/pl\/"},{"@type":"ListItem","position":2,"name":"Shop","item":"https:\/\/tie-products.com\/shop\/"},{"@type":"ListItem","position":3,"name":"Mikrofon pojemno\u015bciowy Condenser Mic USB czarny"}]},{"@type":"WebSite","@id":"https:\/\/tie-products.com\/pl\/#website","url":"https:\/\/tie-products.com\/pl\/","name":"E-Commerce-Revolution","description":"Just another WordPress site","potentialAction":[{"@type":"SearchAction","target":{"@type":"EntryPoint","urlTemplate":"https:\/\/tie-products.com\/pl\/?s={search_term_string}"},"query-input":{"@type":"PropertyValueSpecification","valueRequired":true,"valueName":"search_term_string"}}],"inLanguage":"pl-PL"}]}},"_links":{"self":[{"href":"https:\/\/tie-products.com\/pl\/wp-json\/wp\/v2\/product\/11395","targetHints":{"allow":["GET"]}}],"collection":[{"href":"https:\/\/tie-products.com\/pl\/wp-json\/wp\/v2\/product"}],"about":[{"href":"https:\/\/tie-products.com\/pl\/wp-json\/wp\/v2\/types\/product"}],"wp:featuredmedia":[{"embeddable":true,"href":"https:\/\/tie-products.com\/pl\/wp-json\/wp\/v2\/media\/11396"}],"wp:attachment":[{"href":"https:\/\/tie-products.com\/pl\/wp-json\/wp\/v2\/media?parent=11395"}],"wp:term":[{"taxonomy":"product_brand","embeddable":true,"href":"https:\/\/tie-products.com\/pl\/wp-json\/wp\/v2\/product_brand?post=11395"},{"taxonomy":"product_cat","embeddable":true,"href":"https:\/\/tie-products.com\/pl\/wp-json\/wp\/v2\/product_cat?post=11395"},{"taxonomy":"product_tag","embeddable":true,"href":"https:\/\/tie-products.com\/pl\/wp-json\/wp\/v2\/product_tag?post=11395"}],"curies":[{"name":"wp","href":"https:\/\/api.w.org\/{rel}","templated":true}]}}