{"id":11387,"date":"2019-02-16T21:06:10","date_gmt":"2019-02-16T20:06:10","guid":{"rendered":"https:\/\/tie-products.netzspitze.cloud\/produkt\/usb-desktop-condenser-mic-supernova-tur88\/"},"modified":"2021-02-21T16:13:48","modified_gmt":"2021-02-21T16:13:48","slug":"usb-desktop-condenser-mic-supernova-tur88","status":"publish","type":"product","link":"https:\/\/tie-products.com\/pl\/produkt\/usb-desktop-condenser-mic-supernova-tur88\/","title":{"rendered":"Wielofunkcyjny mikrofon USB Desktop Condenser Mic Supernova (TUR88)"},"content":{"rendered":"<p>TIE Studio TUR88 Supernova to profesjonalny mikrofon USB z trzema zintegrowanymi kapsu\u0142ami mikrofonu. Kombinacja tych kapsu\u0142ek elektretowych pozwala na ustawienie do czterech prze\u0142\u0105czalnych efekt\u00f3w kierunkowych (kardioidalny, dook\u00f3lny, figure-8 i stereo).<\/p>\n<p>Wysoka rozdzielczo\u015b\u0107 d\u017awi\u0119ku 96 kHz\/24-bitowa jest odpowiednia zar\u00f3wno dla pocz\u0105tkuj\u0105cych, jak i wymagaj\u0105cych ekspert\u00f3w w dziedzinie strumieniowej transmisji danych i nagrywania.<\/p>\n<p>Podcasty, transmisje ekranowe, wysokiej jako\u015bci komunikacja w czasie rzeczywistym i profesjonalne nagrania studyjne korzystaj\u0105 z niezr\u00f3wnanych specyfikacji TUR88 Supernova w tym przedziale cenowym. Podczas nagrywania zintegrowany wzmacniacz s\u0142uchawkowy (gniazdo mini jack 3,5 mm) umo\u017cliwia bez op\u00f3\u017anie\u0144 monitorowanie w dowolnym momencie.<\/p>\n<p>Elementy steruj\u0105ce wbudowane w obudow\u0119 pomagaj\u0105 szybko regulowa\u0107 sygna\u0142 mikrofonu i g\u0142o\u015bno\u015b\u0107 s\u0142uchawek.<\/p>\n\n\t\t<style type=\"text\/css\">\n\t\t\t#gallery-1 {\n\t\t\t\tmargin: auto;\n\t\t\t}\n\t\t\t#gallery-1 .gallery-item {\n\t\t\t\tfloat: left;\n\t\t\t\tmargin-top: 10px;\n\t\t\t\ttext-align: center;\n\t\t\t\twidth: 25%;\n\t\t\t}\n\t\t\t#gallery-1 img {\n\t\t\t\tborder: 2px solid #cfcfcf;\n\t\t\t}\n\t\t\t#gallery-1 .gallery-caption {\n\t\t\t\tmargin-left: 0;\n\t\t\t}\n\t\t\t\/* see gallery_shortcode() in wp-includes\/media.php *\/\n\t\t<\/style>\n\t\t<div id='gallery-1' class='gallery galleryid-11387 gallery-columns-4 gallery-size-medium'><dl class='gallery-item'>\n\t\t\t<dt class='gallery-icon landscape'>\n\t\t\t\t<a href='https:\/\/tie-products.com\/pl\/?attachment_id=12197'><img loading=\"lazy\" decoding=\"async\" width=\"300\" height=\"300\" src=\"https:\/\/tie-products.com\/wp-content\/uploads\/2021\/02\/TIE_TUR88-Lifestyle-5-300x300.jpg\" class=\"attachment-medium size-medium\" alt=\"\" srcset=\"https:\/\/tie-products.com\/wp-content\/uploads\/2021\/02\/TIE_TUR88-Lifestyle-5-300x300.jpg 300w, https:\/\/tie-products.com\/wp-content\/uploads\/2021\/02\/TIE_TUR88-Lifestyle-5-100x100.jpg 100w, https:\/\/tie-products.com\/wp-content\/uploads\/2021\/02\/TIE_TUR88-Lifestyle-5-600x600.jpg 600w, https:\/\/tie-products.com\/wp-content\/uploads\/2021\/02\/TIE_TUR88-Lifestyle-5-1030x1030.jpg 1030w, https:\/\/tie-products.com\/wp-content\/uploads\/2021\/02\/TIE_TUR88-Lifestyle-5-80x80.jpg 80w, https:\/\/tie-products.com\/wp-content\/uploads\/2021\/02\/TIE_TUR88-Lifestyle-5-768x768.jpg 768w, https:\/\/tie-products.com\/wp-content\/uploads\/2021\/02\/TIE_TUR88-Lifestyle-5-36x36.jpg 36w, https:\/\/tie-products.com\/wp-content\/uploads\/2021\/02\/TIE_TUR88-Lifestyle-5-180x180.jpg 180w, https:\/\/tie-products.com\/wp-content\/uploads\/2021\/02\/TIE_TUR88-Lifestyle-5.jpg 1500w, https:\/\/tie-products.com\/wp-content\/uploads\/2021\/02\/TIE_TUR88-Lifestyle-5-705x705.jpg 705w\" sizes=\"auto, (max-width: 300px) 100vw, 300px\" \/><\/a>\n\t\t\t<\/dt><\/dl><dl class='gallery-item'>\n\t\t\t<dt class='gallery-icon landscape'>\n\t\t\t\t<a href='https:\/\/tie-products.com\/pl\/?attachment_id=12189'><img loading=\"lazy\" decoding=\"async\" width=\"300\" height=\"300\" src=\"https:\/\/tie-products.com\/wp-content\/uploads\/2021\/02\/TIE_TUR88-Lifestyle-3-300x300.jpg\" class=\"attachment-medium size-medium\" alt=\"\" srcset=\"https:\/\/tie-products.com\/wp-content\/uploads\/2021\/02\/TIE_TUR88-Lifestyle-3-300x300.jpg 300w, https:\/\/tie-products.com\/wp-content\/uploads\/2021\/02\/TIE_TUR88-Lifestyle-3-100x100.jpg 100w, https:\/\/tie-products.com\/wp-content\/uploads\/2021\/02\/TIE_TUR88-Lifestyle-3-600x600.jpg 600w, https:\/\/tie-products.com\/wp-content\/uploads\/2021\/02\/TIE_TUR88-Lifestyle-3-1030x1030.jpg 1030w, https:\/\/tie-products.com\/wp-content\/uploads\/2021\/02\/TIE_TUR88-Lifestyle-3-80x80.jpg 80w, https:\/\/tie-products.com\/wp-content\/uploads\/2021\/02\/TIE_TUR88-Lifestyle-3-768x768.jpg 768w, https:\/\/tie-products.com\/wp-content\/uploads\/2021\/02\/TIE_TUR88-Lifestyle-3-36x36.jpg 36w, https:\/\/tie-products.com\/wp-content\/uploads\/2021\/02\/TIE_TUR88-Lifestyle-3-180x180.jpg 180w, https:\/\/tie-products.com\/wp-content\/uploads\/2021\/02\/TIE_TUR88-Lifestyle-3.jpg 1500w, https:\/\/tie-products.com\/wp-content\/uploads\/2021\/02\/TIE_TUR88-Lifestyle-3-705x705.jpg 705w\" sizes=\"auto, (max-width: 300px) 100vw, 300px\" \/><\/a>\n\t\t\t<\/dt><\/dl><dl class='gallery-item'>\n\t\t\t<dt class='gallery-icon landscape'>\n\t\t\t\t<a href='https:\/\/tie-products.com\/pl\/?attachment_id=12193'><img loading=\"lazy\" decoding=\"async\" width=\"300\" height=\"300\" src=\"https:\/\/tie-products.com\/wp-content\/uploads\/2021\/02\/TIE_TUR88-Lifestyle-4-300x300.jpg\" class=\"attachment-medium size-medium\" alt=\"\" srcset=\"https:\/\/tie-products.com\/wp-content\/uploads\/2021\/02\/TIE_TUR88-Lifestyle-4-300x300.jpg 300w, https:\/\/tie-products.com\/wp-content\/uploads\/2021\/02\/TIE_TUR88-Lifestyle-4-100x100.jpg 100w, https:\/\/tie-products.com\/wp-content\/uploads\/2021\/02\/TIE_TUR88-Lifestyle-4-600x600.jpg 600w, https:\/\/tie-products.com\/wp-content\/uploads\/2021\/02\/TIE_TUR88-Lifestyle-4-1030x1030.jpg 1030w, https:\/\/tie-products.com\/wp-content\/uploads\/2021\/02\/TIE_TUR88-Lifestyle-4-80x80.jpg 80w, https:\/\/tie-products.com\/wp-content\/uploads\/2021\/02\/TIE_TUR88-Lifestyle-4-768x768.jpg 768w, https:\/\/tie-products.com\/wp-content\/uploads\/2021\/02\/TIE_TUR88-Lifestyle-4-36x36.jpg 36w, https:\/\/tie-products.com\/wp-content\/uploads\/2021\/02\/TIE_TUR88-Lifestyle-4-180x180.jpg 180w, https:\/\/tie-products.com\/wp-content\/uploads\/2021\/02\/TIE_TUR88-Lifestyle-4.jpg 1500w, https:\/\/tie-products.com\/wp-content\/uploads\/2021\/02\/TIE_TUR88-Lifestyle-4-705x705.jpg 705w\" sizes=\"auto, (max-width: 300px) 100vw, 300px\" \/><\/a>\n\t\t\t<\/dt><\/dl><dl class='gallery-item'>\n\t\t\t<dt class='gallery-icon landscape'>\n\t\t\t\t<a href='https:\/\/tie-products.com\/pl\/?attachment_id=12201'><img loading=\"lazy\" decoding=\"async\" width=\"300\" height=\"300\" src=\"https:\/\/tie-products.com\/wp-content\/uploads\/2021\/02\/TIE_TUR88-Lifestyle-6-300x300.jpg\" class=\"attachment-medium size-medium\" alt=\"\" srcset=\"https:\/\/tie-products.com\/wp-content\/uploads\/2021\/02\/TIE_TUR88-Lifestyle-6-300x300.jpg 300w, https:\/\/tie-products.com\/wp-content\/uploads\/2021\/02\/TIE_TUR88-Lifestyle-6-100x100.jpg 100w, https:\/\/tie-products.com\/wp-content\/uploads\/2021\/02\/TIE_TUR88-Lifestyle-6-600x600.jpg 600w, https:\/\/tie-products.com\/wp-content\/uploads\/2021\/02\/TIE_TUR88-Lifestyle-6-1030x1030.jpg 1030w, https:\/\/tie-products.com\/wp-content\/uploads\/2021\/02\/TIE_TUR88-Lifestyle-6-80x80.jpg 80w, https:\/\/tie-products.com\/wp-content\/uploads\/2021\/02\/TIE_TUR88-Lifestyle-6-768x768.jpg 768w, https:\/\/tie-products.com\/wp-content\/uploads\/2021\/02\/TIE_TUR88-Lifestyle-6-36x36.jpg 36w, https:\/\/tie-products.com\/wp-content\/uploads\/2021\/02\/TIE_TUR88-Lifestyle-6-180x180.jpg 180w, https:\/\/tie-products.com\/wp-content\/uploads\/2021\/02\/TIE_TUR88-Lifestyle-6.jpg 1500w, https:\/\/tie-products.com\/wp-content\/uploads\/2021\/02\/TIE_TUR88-Lifestyle-6-705x705.jpg 705w\" sizes=\"auto, (max-width: 300px) 100vw, 300px\" \/><\/a>\n\t\t\t<\/dt><\/dl><br style=\"clear: both\" \/>\n\t\t<\/div>\n\n<p>&nbsp;<\/p>\n<h3><strong>Cechy<\/strong>:<\/h3>\n<h4>Mikrofon USB<\/h4>\n<ul>\n<li>Kapsu\u0142ka mikrofonu: 3 x 16 mm Kapsu\u0142ka elektretowa<\/li>\n<li>Wz\u00f3r biegunowy: kardioidalny, wielokierunkowy, o\u015bmiokierunkowy, stereo<\/li>\n<li>Pasmo przenoszenia: 30 Hz &#8211; 20 khz<\/li>\n<li>Czu\u0142o\u015b\u0107: -32 dB<\/li>\n<li>Pod\u0142\u0105czenie: Standardowe gniazdo mini-USB<\/li>\n<\/ul>\n<h4><strong>Wyj\u015bcie s\u0142uchawkowe<\/strong><\/h4>\n<ul>\n<li>Pasmo przenoszenia: 20 Hz &#8211; 20 kHz<\/li>\n<li>Cz\u0119stotliwo\u015b\u0107 pr\u00f3bkowania: 96 kHz<\/li>\n<li>G\u0142\u0119boko\u015b\u0107 bitu: 24 bity.<\/li>\n<\/ul>\n<h4><strong>Wymiary<\/strong><\/h4>\n<ul>\n<li>Wysoko\u015b\u0107: 28 cm.<\/li>\n<li>szeroko\u015b\u0107: 12 cm<\/li>\n<li>G\u0142\u0119boko\u015b\u0107: 12 cm<\/li>\n<li>Waga: 1,38 kg.<\/li>\n<\/ul>\n<h4><strong>Akcesoria<\/strong><\/h4>\n<ul>\n<li>statyw sto\u0142owy<\/li>\n<li>Kabel USB<\/li>\n<\/ul>\n<p><iframe loading=\"lazy\" src=\"https:\/\/www.youtube.com\/embed\/Bw0cXOcaV_U\" width=\"560\" height=\"315\" frameborder=\"0\" allowfullscreen=\"allowfullscreen\"><\/iframe><\/p>\n","protected":false},"excerpt":{"rendered":"<p>TIE Studio TUR88 Supernova to profesjonalny mikrofon USB z trzema zintegrowanymi kapsu\u0142ami mikrofonu. Kombinacja tych kapsu\u0142ek elektretowych pozwala na ustawienie do czterech prze\u0142\u0105czalnych efekt\u00f3w kierunkowych (kardioidalny, dook\u00f3lny, figure-8 i stereo). Wysoka rozdzielczo\u015b\u0107 d\u017awi\u0119ku 96 kHz\/24-bitowa jest odpowiednia zar\u00f3wno dla pocz\u0105tkuj\u0105cych, jak i wymagaj\u0105cych ekspert\u00f3w w dziedzinie strumieniowej transmisji danych i nagrywania. Podcasty, transmisje ekranowe, wysokiej [&hellip;]<\/p>\n","protected":false},"featured_media":11388,"template":"","meta":[],"product_brand":[],"product_cat":[24,25],"product_tag":[],"class_list":{"0":"post-11387","1":"product","2":"type-product","3":"status-publish","4":"has-post-thumbnail","6":"product_cat-tie","7":"product_cat-tie-studio","9":"first","10":"instock","11":"purchasable","12":"product-type-simple"},"yoast_head":"<!-- This site is optimized with the Yoast SEO plugin v25.0 - https:\/\/yoast.com\/wordpress\/plugins\/seo\/ -->\n<title>Wielofunkcyjny mikrofon USB Desktop Condenser Mic Supernova (TUR88) - E-Commerce-Revolution<\/title>\n<meta name=\"robots\" content=\"index, follow, max-snippet:-1, max-image-preview:large, max-video-preview:-1\" \/>\n<link rel=\"canonical\" href=\"https:\/\/tie-products.com\/pl\/produkt\/usb-desktop-condenser-mic-supernova-tur88\/\" \/>\n<meta property=\"og:locale\" content=\"pl_PL\" \/>\n<meta property=\"og:type\" content=\"article\" \/>\n<meta property=\"og:title\" content=\"Wielofunkcyjny mikrofon USB Desktop Condenser Mic Supernova (TUR88) - E-Commerce-Revolution\" \/>\n<meta property=\"og:description\" content=\"TIE Studio TUR88 Supernova to profesjonalny mikrofon USB z trzema zintegrowanymi kapsu\u0142ami mikrofonu. Kombinacja tych kapsu\u0142ek elektretowych pozwala na ustawienie do czterech prze\u0142\u0105czalnych efekt\u00f3w kierunkowych (kardioidalny, dook\u00f3lny, figure-8 i stereo). Wysoka rozdzielczo\u015b\u0107 d\u017awi\u0119ku 96 kHz\/24-bitowa jest odpowiednia zar\u00f3wno dla pocz\u0105tkuj\u0105cych, jak i wymagaj\u0105cych ekspert\u00f3w w dziedzinie strumieniowej transmisji danych i nagrywania. Podcasty, transmisje ekranowe, wysokiej [&hellip;]\" \/>\n<meta property=\"og:url\" content=\"https:\/\/tie-products.com\/pl\/produkt\/usb-desktop-condenser-mic-supernova-tur88\/\" \/>\n<meta property=\"og:site_name\" content=\"E-Commerce-Revolution\" \/>\n<meta property=\"article:modified_time\" content=\"2021-02-21T16:13:48+00:00\" \/>\n<meta property=\"og:image\" content=\"https:\/\/tie-products.com\/wp-content\/uploads\/2018\/09\/TUR-88-Micro-11.jpg\" \/>\n\t<meta property=\"og:image:width\" content=\"1024\" \/>\n\t<meta property=\"og:image:height\" content=\"1024\" \/>\n\t<meta property=\"og:image:type\" content=\"image\/jpeg\" \/>\n<meta name=\"twitter:card\" content=\"summary_large_image\" \/>\n<meta name=\"twitter:label1\" content=\"Szacowany czas czytania\" \/>\n\t<meta name=\"twitter:data1\" content=\"1 minuta\" \/>\n<script type=\"application\/ld+json\" class=\"yoast-schema-graph\">{\"@context\":\"https:\/\/schema.org\",\"@graph\":[{\"@type\":\"WebPage\",\"@id\":\"https:\/\/tie-products.com\/pl\/produkt\/usb-desktop-condenser-mic-supernova-tur88\/\",\"url\":\"https:\/\/tie-products.com\/pl\/produkt\/usb-desktop-condenser-mic-supernova-tur88\/\",\"name\":\"Wielofunkcyjny mikrofon USB Desktop Condenser Mic Supernova (TUR88) - E-Commerce-Revolution\",\"isPartOf\":{\"@id\":\"https:\/\/tie-products.com\/pl\/#website\"},\"primaryImageOfPage\":{\"@id\":\"https:\/\/tie-products.com\/pl\/produkt\/usb-desktop-condenser-mic-supernova-tur88\/#primaryimage\"},\"image\":{\"@id\":\"https:\/\/tie-products.com\/pl\/produkt\/usb-desktop-condenser-mic-supernova-tur88\/#primaryimage\"},\"thumbnailUrl\":\"https:\/\/tie-products.com\/wp-content\/uploads\/2018\/09\/TUR-88-Micro-11.jpg\",\"datePublished\":\"2019-02-16T20:06:10+00:00\",\"dateModified\":\"2021-02-21T16:13:48+00:00\",\"breadcrumb\":{\"@id\":\"https:\/\/tie-products.com\/pl\/produkt\/usb-desktop-condenser-mic-supernova-tur88\/#breadcrumb\"},\"inLanguage\":\"pl-PL\",\"potentialAction\":[{\"@type\":\"ReadAction\",\"target\":[\"https:\/\/tie-products.com\/pl\/produkt\/usb-desktop-condenser-mic-supernova-tur88\/\"]}]},{\"@type\":\"ImageObject\",\"inLanguage\":\"pl-PL\",\"@id\":\"https:\/\/tie-products.com\/pl\/produkt\/usb-desktop-condenser-mic-supernova-tur88\/#primaryimage\",\"url\":\"https:\/\/tie-products.com\/wp-content\/uploads\/2018\/09\/TUR-88-Micro-11.jpg\",\"contentUrl\":\"https:\/\/tie-products.com\/wp-content\/uploads\/2018\/09\/TUR-88-Micro-11.jpg\",\"width\":1024,\"height\":1024,\"caption\":\"TUR88 USB Studio Desktop Microphone\"},{\"@type\":\"BreadcrumbList\",\"@id\":\"https:\/\/tie-products.com\/pl\/produkt\/usb-desktop-condenser-mic-supernova-tur88\/#breadcrumb\",\"itemListElement\":[{\"@type\":\"ListItem\",\"position\":1,\"name\":\"Home\",\"item\":\"https:\/\/tie-products.com\/pl\/\"},{\"@type\":\"ListItem\",\"position\":2,\"name\":\"Shop\",\"item\":\"https:\/\/tie-products.com\/shop\/\"},{\"@type\":\"ListItem\",\"position\":3,\"name\":\"Wielofunkcyjny mikrofon USB Desktop Condenser Mic Supernova (TUR88)\"}]},{\"@type\":\"WebSite\",\"@id\":\"https:\/\/tie-products.com\/pl\/#website\",\"url\":\"https:\/\/tie-products.com\/pl\/\",\"name\":\"E-Commerce-Revolution\",\"description\":\"Just another WordPress site\",\"potentialAction\":[{\"@type\":\"SearchAction\",\"target\":{\"@type\":\"EntryPoint\",\"urlTemplate\":\"https:\/\/tie-products.com\/pl\/?s={search_term_string}\"},\"query-input\":{\"@type\":\"PropertyValueSpecification\",\"valueRequired\":true,\"valueName\":\"search_term_string\"}}],\"inLanguage\":\"pl-PL\"}]}<\/script>\n<!-- \/ Yoast SEO plugin. -->","yoast_head_json":{"title":"Wielofunkcyjny mikrofon USB Desktop Condenser Mic Supernova (TUR88) - E-Commerce-Revolution","robots":{"index":"index","follow":"follow","max-snippet":"max-snippet:-1","max-image-preview":"max-image-preview:large","max-video-preview":"max-video-preview:-1"},"canonical":"https:\/\/tie-products.com\/pl\/produkt\/usb-desktop-condenser-mic-supernova-tur88\/","og_locale":"pl_PL","og_type":"article","og_title":"Wielofunkcyjny mikrofon USB Desktop Condenser Mic Supernova (TUR88) - E-Commerce-Revolution","og_description":"TIE Studio TUR88 Supernova to profesjonalny mikrofon USB z trzema zintegrowanymi kapsu\u0142ami mikrofonu. Kombinacja tych kapsu\u0142ek elektretowych pozwala na ustawienie do czterech prze\u0142\u0105czalnych efekt\u00f3w kierunkowych (kardioidalny, dook\u00f3lny, figure-8 i stereo). Wysoka rozdzielczo\u015b\u0107 d\u017awi\u0119ku 96 kHz\/24-bitowa jest odpowiednia zar\u00f3wno dla pocz\u0105tkuj\u0105cych, jak i wymagaj\u0105cych ekspert\u00f3w w dziedzinie strumieniowej transmisji danych i nagrywania. Podcasty, transmisje ekranowe, wysokiej [&hellip;]","og_url":"https:\/\/tie-products.com\/pl\/produkt\/usb-desktop-condenser-mic-supernova-tur88\/","og_site_name":"E-Commerce-Revolution","article_modified_time":"2021-02-21T16:13:48+00:00","og_image":[{"width":1024,"height":1024,"url":"https:\/\/tie-products.com\/wp-content\/uploads\/2018\/09\/TUR-88-Micro-11.jpg","type":"image\/jpeg"}],"twitter_card":"summary_large_image","twitter_misc":{"Szacowany czas czytania":"1 minuta"},"schema":{"@context":"https:\/\/schema.org","@graph":[{"@type":"WebPage","@id":"https:\/\/tie-products.com\/pl\/produkt\/usb-desktop-condenser-mic-supernova-tur88\/","url":"https:\/\/tie-products.com\/pl\/produkt\/usb-desktop-condenser-mic-supernova-tur88\/","name":"Wielofunkcyjny mikrofon USB Desktop Condenser Mic Supernova (TUR88) - E-Commerce-Revolution","isPartOf":{"@id":"https:\/\/tie-products.com\/pl\/#website"},"primaryImageOfPage":{"@id":"https:\/\/tie-products.com\/pl\/produkt\/usb-desktop-condenser-mic-supernova-tur88\/#primaryimage"},"image":{"@id":"https:\/\/tie-products.com\/pl\/produkt\/usb-desktop-condenser-mic-supernova-tur88\/#primaryimage"},"thumbnailUrl":"https:\/\/tie-products.com\/wp-content\/uploads\/2018\/09\/TUR-88-Micro-11.jpg","datePublished":"2019-02-16T20:06:10+00:00","dateModified":"2021-02-21T16:13:48+00:00","breadcrumb":{"@id":"https:\/\/tie-products.com\/pl\/produkt\/usb-desktop-condenser-mic-supernova-tur88\/#breadcrumb"},"inLanguage":"pl-PL","potentialAction":[{"@type":"ReadAction","target":["https:\/\/tie-products.com\/pl\/produkt\/usb-desktop-condenser-mic-supernova-tur88\/"]}]},{"@type":"ImageObject","inLanguage":"pl-PL","@id":"https:\/\/tie-products.com\/pl\/produkt\/usb-desktop-condenser-mic-supernova-tur88\/#primaryimage","url":"https:\/\/tie-products.com\/wp-content\/uploads\/2018\/09\/TUR-88-Micro-11.jpg","contentUrl":"https:\/\/tie-products.com\/wp-content\/uploads\/2018\/09\/TUR-88-Micro-11.jpg","width":1024,"height":1024,"caption":"TUR88 USB Studio Desktop Microphone"},{"@type":"BreadcrumbList","@id":"https:\/\/tie-products.com\/pl\/produkt\/usb-desktop-condenser-mic-supernova-tur88\/#breadcrumb","itemListElement":[{"@type":"ListItem","position":1,"name":"Home","item":"https:\/\/tie-products.com\/pl\/"},{"@type":"ListItem","position":2,"name":"Shop","item":"https:\/\/tie-products.com\/shop\/"},{"@type":"ListItem","position":3,"name":"Wielofunkcyjny mikrofon USB Desktop Condenser Mic Supernova (TUR88)"}]},{"@type":"WebSite","@id":"https:\/\/tie-products.com\/pl\/#website","url":"https:\/\/tie-products.com\/pl\/","name":"E-Commerce-Revolution","description":"Just another WordPress site","potentialAction":[{"@type":"SearchAction","target":{"@type":"EntryPoint","urlTemplate":"https:\/\/tie-products.com\/pl\/?s={search_term_string}"},"query-input":{"@type":"PropertyValueSpecification","valueRequired":true,"valueName":"search_term_string"}}],"inLanguage":"pl-PL"}]}},"_links":{"self":[{"href":"https:\/\/tie-products.com\/pl\/wp-json\/wp\/v2\/product\/11387","targetHints":{"allow":["GET"]}}],"collection":[{"href":"https:\/\/tie-products.com\/pl\/wp-json\/wp\/v2\/product"}],"about":[{"href":"https:\/\/tie-products.com\/pl\/wp-json\/wp\/v2\/types\/product"}],"wp:featuredmedia":[{"embeddable":true,"href":"https:\/\/tie-products.com\/pl\/wp-json\/wp\/v2\/media\/11388"}],"wp:attachment":[{"href":"https:\/\/tie-products.com\/pl\/wp-json\/wp\/v2\/media?parent=11387"}],"wp:term":[{"taxonomy":"product_brand","embeddable":true,"href":"https:\/\/tie-products.com\/pl\/wp-json\/wp\/v2\/product_brand?post=11387"},{"taxonomy":"product_cat","embeddable":true,"href":"https:\/\/tie-products.com\/pl\/wp-json\/wp\/v2\/product_cat?post=11387"},{"taxonomy":"product_tag","embeddable":true,"href":"https:\/\/tie-products.com\/pl\/wp-json\/wp\/v2\/product_tag?post=11387"}],"curies":[{"name":"wp","href":"https:\/\/api.w.org\/{rel}","templated":true}]}}