{"id":11379,"date":"2019-02-16T21:06:14","date_gmt":"2019-02-16T20:06:14","guid":{"rendered":"https:\/\/tie-products.netzspitze.cloud\/produkt\/phantomspeiseadapter\/"},"modified":"2021-01-27T16:25:11","modified_gmt":"2021-01-27T16:25:11","slug":"phantomspeiseadapter","status":"publish","type":"product","link":"https:\/\/tie-products.com\/pl\/produkt\/phantomspeiseadapter\/","title":{"rendered":"Zasilacz fantomowy"},"content":{"rendered":"<p>Niedrogi zasilacz fantomowy do pod\u0142\u0105czenia instrument\u00f3w TIE i innych mikrofon\u00f3w z 3-pinowym z\u0142\u0105czem mini XLR do konsoli mikserskiej lub interfejs\u00f3w audio z zasilaniem fantomowym 48 V.<\/p>\n<p><strong>Cechy:<\/strong><\/p>\n<ul>\n<li>Zasilacz fantomowy do wszystkich mikrofon\u00f3w instrument\u00f3w TIE<\/li>\n<li>Z\u0142\u0105cza Mini XLR i XLR, 3-pinowe<\/li>\n<li>Do pod\u0142\u0105czania mikrofon\u00f3w z 3-pinowymi z\u0142\u0105czami mini-XLR do 48-woltowej konsoli mikserskiej zasilanej phantomem.<\/li>\n<\/ul>\n","protected":false},"excerpt":{"rendered":"<p>Niedrogi zasilacz fantomowy do pod\u0142\u0105czenia instrument\u00f3w TIE i innych mikrofon\u00f3w z 3-pinowym z\u0142\u0105czem mini XLR do konsoli mikserskiej lub interfejs\u00f3w audio z zasilaniem fantomowym 48 V. Cechy: Zasilacz fantomowy do wszystkich mikrofon\u00f3w instrument\u00f3w TIE Z\u0142\u0105cza Mini XLR i XLR, 3-pinowe Do pod\u0142\u0105czania mikrofon\u00f3w z 3-pinowymi z\u0142\u0105czami mini-XLR do 48-woltowej konsoli mikserskiej zasilanej phantomem.<\/p>\n","protected":false},"featured_media":11380,"template":"","meta":[],"product_brand":[],"product_cat":[24,25],"product_tag":[],"class_list":{"0":"post-11379","1":"product","2":"type-product","3":"status-publish","4":"has-post-thumbnail","6":"product_cat-tie","7":"product_cat-tie-studio","9":"first","10":"instock","11":"purchasable","12":"product-type-simple"},"yoast_head":"<!-- This site is optimized with the Yoast SEO plugin v25.0 - https:\/\/yoast.com\/wordpress\/plugins\/seo\/ -->\n<title>Zasilacz fantomowy - E-Commerce-Revolution<\/title>\n<meta name=\"robots\" content=\"index, follow, max-snippet:-1, max-image-preview:large, max-video-preview:-1\" \/>\n<link rel=\"canonical\" href=\"https:\/\/tie-products.com\/pl\/produkt\/phantomspeiseadapter\/\" \/>\n<meta property=\"og:locale\" content=\"pl_PL\" \/>\n<meta property=\"og:type\" content=\"article\" \/>\n<meta property=\"og:title\" content=\"Zasilacz fantomowy - E-Commerce-Revolution\" \/>\n<meta property=\"og:description\" content=\"Niedrogi zasilacz fantomowy do pod\u0142\u0105czenia instrument\u00f3w TIE i innych mikrofon\u00f3w z 3-pinowym z\u0142\u0105czem mini XLR do konsoli mikserskiej lub interfejs\u00f3w audio z zasilaniem fantomowym 48 V. Cechy: Zasilacz fantomowy do wszystkich mikrofon\u00f3w instrument\u00f3w TIE Z\u0142\u0105cza Mini XLR i XLR, 3-pinowe Do pod\u0142\u0105czania mikrofon\u00f3w z 3-pinowymi z\u0142\u0105czami mini-XLR do 48-woltowej konsoli mikserskiej zasilanej phantomem.\" \/>\n<meta property=\"og:url\" content=\"https:\/\/tie-products.com\/pl\/produkt\/phantomspeiseadapter\/\" \/>\n<meta property=\"og:site_name\" content=\"E-Commerce-Revolution\" \/>\n<meta property=\"article:modified_time\" content=\"2021-01-27T16:25:11+00:00\" \/>\n<meta property=\"og:image\" content=\"https:\/\/tie-products.com\/wp-content\/uploads\/2019\/02\/phantomspeiseadapter.jpg\" \/>\n\t<meta property=\"og:image:width\" content=\"387\" \/>\n\t<meta property=\"og:image:height\" content=\"387\" \/>\n\t<meta property=\"og:image:type\" content=\"image\/jpeg\" \/>\n<meta name=\"twitter:card\" content=\"summary_large_image\" \/>\n<meta name=\"twitter:label1\" content=\"Szacowany czas czytania\" \/>\n\t<meta name=\"twitter:data1\" content=\"1 minuta\" \/>\n<script type=\"application\/ld+json\" class=\"yoast-schema-graph\">{\"@context\":\"https:\/\/schema.org\",\"@graph\":[{\"@type\":\"WebPage\",\"@id\":\"https:\/\/tie-products.com\/pl\/produkt\/phantomspeiseadapter\/\",\"url\":\"https:\/\/tie-products.com\/pl\/produkt\/phantomspeiseadapter\/\",\"name\":\"Zasilacz fantomowy - E-Commerce-Revolution\",\"isPartOf\":{\"@id\":\"https:\/\/tie-products.com\/pl\/#website\"},\"primaryImageOfPage\":{\"@id\":\"https:\/\/tie-products.com\/pl\/produkt\/phantomspeiseadapter\/#primaryimage\"},\"image\":{\"@id\":\"https:\/\/tie-products.com\/pl\/produkt\/phantomspeiseadapter\/#primaryimage\"},\"thumbnailUrl\":\"https:\/\/tie-products.com\/wp-content\/uploads\/2019\/02\/phantomspeiseadapter.jpg\",\"datePublished\":\"2019-02-16T20:06:14+00:00\",\"dateModified\":\"2021-01-27T16:25:11+00:00\",\"breadcrumb\":{\"@id\":\"https:\/\/tie-products.com\/pl\/produkt\/phantomspeiseadapter\/#breadcrumb\"},\"inLanguage\":\"pl-PL\",\"potentialAction\":[{\"@type\":\"ReadAction\",\"target\":[\"https:\/\/tie-products.com\/pl\/produkt\/phantomspeiseadapter\/\"]}]},{\"@type\":\"ImageObject\",\"inLanguage\":\"pl-PL\",\"@id\":\"https:\/\/tie-products.com\/pl\/produkt\/phantomspeiseadapter\/#primaryimage\",\"url\":\"https:\/\/tie-products.com\/wp-content\/uploads\/2019\/02\/phantomspeiseadapter.jpg\",\"contentUrl\":\"https:\/\/tie-products.com\/wp-content\/uploads\/2019\/02\/phantomspeiseadapter.jpg\",\"width\":387,\"height\":387},{\"@type\":\"BreadcrumbList\",\"@id\":\"https:\/\/tie-products.com\/pl\/produkt\/phantomspeiseadapter\/#breadcrumb\",\"itemListElement\":[{\"@type\":\"ListItem\",\"position\":1,\"name\":\"Home\",\"item\":\"https:\/\/tie-products.com\/pl\/\"},{\"@type\":\"ListItem\",\"position\":2,\"name\":\"Shop\",\"item\":\"https:\/\/tie-products.com\/shop\/\"},{\"@type\":\"ListItem\",\"position\":3,\"name\":\"Zasilacz fantomowy\"}]},{\"@type\":\"WebSite\",\"@id\":\"https:\/\/tie-products.com\/pl\/#website\",\"url\":\"https:\/\/tie-products.com\/pl\/\",\"name\":\"E-Commerce-Revolution\",\"description\":\"Just another WordPress site\",\"potentialAction\":[{\"@type\":\"SearchAction\",\"target\":{\"@type\":\"EntryPoint\",\"urlTemplate\":\"https:\/\/tie-products.com\/pl\/?s={search_term_string}\"},\"query-input\":{\"@type\":\"PropertyValueSpecification\",\"valueRequired\":true,\"valueName\":\"search_term_string\"}}],\"inLanguage\":\"pl-PL\"}]}<\/script>\n<!-- \/ Yoast SEO plugin. -->","yoast_head_json":{"title":"Zasilacz fantomowy - E-Commerce-Revolution","robots":{"index":"index","follow":"follow","max-snippet":"max-snippet:-1","max-image-preview":"max-image-preview:large","max-video-preview":"max-video-preview:-1"},"canonical":"https:\/\/tie-products.com\/pl\/produkt\/phantomspeiseadapter\/","og_locale":"pl_PL","og_type":"article","og_title":"Zasilacz fantomowy - E-Commerce-Revolution","og_description":"Niedrogi zasilacz fantomowy do pod\u0142\u0105czenia instrument\u00f3w TIE i innych mikrofon\u00f3w z 3-pinowym z\u0142\u0105czem mini XLR do konsoli mikserskiej lub interfejs\u00f3w audio z zasilaniem fantomowym 48 V. Cechy: Zasilacz fantomowy do wszystkich mikrofon\u00f3w instrument\u00f3w TIE Z\u0142\u0105cza Mini XLR i XLR, 3-pinowe Do pod\u0142\u0105czania mikrofon\u00f3w z 3-pinowymi z\u0142\u0105czami mini-XLR do 48-woltowej konsoli mikserskiej zasilanej phantomem.","og_url":"https:\/\/tie-products.com\/pl\/produkt\/phantomspeiseadapter\/","og_site_name":"E-Commerce-Revolution","article_modified_time":"2021-01-27T16:25:11+00:00","og_image":[{"width":387,"height":387,"url":"https:\/\/tie-products.com\/wp-content\/uploads\/2019\/02\/phantomspeiseadapter.jpg","type":"image\/jpeg"}],"twitter_card":"summary_large_image","twitter_misc":{"Szacowany czas czytania":"1 minuta"},"schema":{"@context":"https:\/\/schema.org","@graph":[{"@type":"WebPage","@id":"https:\/\/tie-products.com\/pl\/produkt\/phantomspeiseadapter\/","url":"https:\/\/tie-products.com\/pl\/produkt\/phantomspeiseadapter\/","name":"Zasilacz fantomowy - E-Commerce-Revolution","isPartOf":{"@id":"https:\/\/tie-products.com\/pl\/#website"},"primaryImageOfPage":{"@id":"https:\/\/tie-products.com\/pl\/produkt\/phantomspeiseadapter\/#primaryimage"},"image":{"@id":"https:\/\/tie-products.com\/pl\/produkt\/phantomspeiseadapter\/#primaryimage"},"thumbnailUrl":"https:\/\/tie-products.com\/wp-content\/uploads\/2019\/02\/phantomspeiseadapter.jpg","datePublished":"2019-02-16T20:06:14+00:00","dateModified":"2021-01-27T16:25:11+00:00","breadcrumb":{"@id":"https:\/\/tie-products.com\/pl\/produkt\/phantomspeiseadapter\/#breadcrumb"},"inLanguage":"pl-PL","potentialAction":[{"@type":"ReadAction","target":["https:\/\/tie-products.com\/pl\/produkt\/phantomspeiseadapter\/"]}]},{"@type":"ImageObject","inLanguage":"pl-PL","@id":"https:\/\/tie-products.com\/pl\/produkt\/phantomspeiseadapter\/#primaryimage","url":"https:\/\/tie-products.com\/wp-content\/uploads\/2019\/02\/phantomspeiseadapter.jpg","contentUrl":"https:\/\/tie-products.com\/wp-content\/uploads\/2019\/02\/phantomspeiseadapter.jpg","width":387,"height":387},{"@type":"BreadcrumbList","@id":"https:\/\/tie-products.com\/pl\/produkt\/phantomspeiseadapter\/#breadcrumb","itemListElement":[{"@type":"ListItem","position":1,"name":"Home","item":"https:\/\/tie-products.com\/pl\/"},{"@type":"ListItem","position":2,"name":"Shop","item":"https:\/\/tie-products.com\/shop\/"},{"@type":"ListItem","position":3,"name":"Zasilacz fantomowy"}]},{"@type":"WebSite","@id":"https:\/\/tie-products.com\/pl\/#website","url":"https:\/\/tie-products.com\/pl\/","name":"E-Commerce-Revolution","description":"Just another WordPress site","potentialAction":[{"@type":"SearchAction","target":{"@type":"EntryPoint","urlTemplate":"https:\/\/tie-products.com\/pl\/?s={search_term_string}"},"query-input":{"@type":"PropertyValueSpecification","valueRequired":true,"valueName":"search_term_string"}}],"inLanguage":"pl-PL"}]}},"_links":{"self":[{"href":"https:\/\/tie-products.com\/pl\/wp-json\/wp\/v2\/product\/11379","targetHints":{"allow":["GET"]}}],"collection":[{"href":"https:\/\/tie-products.com\/pl\/wp-json\/wp\/v2\/product"}],"about":[{"href":"https:\/\/tie-products.com\/pl\/wp-json\/wp\/v2\/types\/product"}],"wp:featuredmedia":[{"embeddable":true,"href":"https:\/\/tie-products.com\/pl\/wp-json\/wp\/v2\/media\/11380"}],"wp:attachment":[{"href":"https:\/\/tie-products.com\/pl\/wp-json\/wp\/v2\/media?parent=11379"}],"wp:term":[{"taxonomy":"product_brand","embeddable":true,"href":"https:\/\/tie-products.com\/pl\/wp-json\/wp\/v2\/product_brand?post=11379"},{"taxonomy":"product_cat","embeddable":true,"href":"https:\/\/tie-products.com\/pl\/wp-json\/wp\/v2\/product_cat?post=11379"},{"taxonomy":"product_tag","embeddable":true,"href":"https:\/\/tie-products.com\/pl\/wp-json\/wp\/v2\/product_tag?post=11379"}],"curies":[{"name":"wp","href":"https:\/\/api.w.org\/{rel}","templated":true}]}}