{"id":11334,"date":"2019-02-16T21:06:12","date_gmt":"2019-02-16T20:06:12","guid":{"rendered":"https:\/\/tie-products.netzspitze.cloud\/produkt\/tie-instrumentenmikrofon-tcx308-saxofon\/"},"modified":"2025-06-06T09:26:57","modified_gmt":"2025-06-06T09:26:57","slug":"tie-instrumentenmikrofon-tcx308-saxofon","status":"publish","type":"product","link":"https:\/\/tie-products.com\/pl\/produkt\/tie-instrumentenmikrofon-tcx308-saxofon\/","title":{"rendered":"TIE Instrument Mikrofon TCX308 &#8211; Saksofon"},"content":{"rendered":"<h3>Profesjonalny mikrofon pojemno\u015bciowy do pe\u0142nego przenoszenia wszystkich ton\u00f3w instrumentu mosi\u0119\u017cnego lub saksofonu \u2013 TCX308<\/h3>\n<p>TCX308 to wysokiej jako\u015bci pojemno\u015bciowy mikrofon do wyst\u0119p\u00f3w na \u017cywo na scenie &#8211; szczeg\u00f3lnie przydatny do u\u017cycia z instrumentami d\u0119tymi i saksofonem. Je\u015bli szukasz maksymalnej swobody ruchu na scenie z instrumentem, TCX308 jest idealnym wyborem!<\/p>\n<p>Mikrofon jest po prostu przymocowany do kraw\u0119dzi. Regulowany wysi\u0119gnik mo\u017cna ustawi\u0107 do \u017c\u0105danej pozycji, co pozwala na idealne dopasowanie kapsu\u0142y mikrofonu do \u017c\u0105danego d\u017awi\u0119ku. W celu zapewnienia \u0142atwego transportu TCX308, jest on dostarczany w twardej obudowie transportowej, co zapewnia bezpiecze\u0144stwo i \u0142atwo\u015b\u0107 przenoszenia.<\/p>\n<h4><strong>Cechy<\/strong><\/h4>\n<ul>\n<li>Profesjonalny pojemno\u015bciowy wysokiej czu\u0142o\u015bci do instrument\u00f3w d\u0119tych, przeznaczony r\u00f3wnie\u017c do gry na scenie.<\/li>\n<li>Twarda walizka do mikrofonu, by \u0142atwo go przenosi\u0107.<\/li>\n<li>Czysty, naturalny i delikatny d\u017awi\u0119k<\/li>\n<li>Regulacja mikrofonu.<\/li>\n<li>Bezpieczny i delikatny uchwyt<\/li>\n<li>Mi\u0119kka konstrukcja zmniejsza ha\u0142as mechaniczny i dbaj\u0105ca o instrument.<\/li>\n<li>Elastyczne t\u0142umiki drga\u0144 pomi\u0119dzy zaciskiem a mikrofonem minimalizuj\u0105 ha\u0142as mechaniczny.<\/li>\n<\/ul>\n","protected":false},"excerpt":{"rendered":"<p>Profesjonalny mikrofon pojemno\u015bciowy do pe\u0142nego przenoszenia wszystkich ton\u00f3w instrumentu mosi\u0119\u017cnego lub saksofonu \u2013 TCX308 TCX308 to wysokiej jako\u015bci pojemno\u015bciowy mikrofon do wyst\u0119p\u00f3w na \u017cywo na scenie &#8211; szczeg\u00f3lnie przydatny do u\u017cycia z instrumentami d\u0119tymi i saksofonem. Je\u015bli szukasz maksymalnej swobody ruchu na scenie z instrumentem, TCX308 jest idealnym wyborem! Mikrofon jest po prostu przymocowany do [&hellip;]<\/p>\n","protected":false},"featured_media":12407,"template":"","meta":[],"product_brand":[],"product_cat":[24,25],"product_tag":[],"class_list":{"0":"post-11334","1":"product","2":"type-product","3":"status-publish","4":"has-post-thumbnail","6":"product_cat-tie","7":"product_cat-tie-studio","9":"first","10":"instock","11":"purchasable","12":"product-type-simple"},"yoast_head":"<!-- This site is optimized with the Yoast SEO plugin v25.0 - https:\/\/yoast.com\/wordpress\/plugins\/seo\/ -->\n<title>TIE Instrument Mikrofon TCX308 - Saksofon - E-Commerce-Revolution<\/title>\n<meta name=\"robots\" content=\"index, follow, max-snippet:-1, max-image-preview:large, max-video-preview:-1\" \/>\n<link rel=\"canonical\" href=\"https:\/\/tie-products.com\/pl\/produkt\/tie-instrumentenmikrofon-tcx308-saxofon\/\" \/>\n<meta property=\"og:locale\" content=\"pl_PL\" \/>\n<meta property=\"og:type\" content=\"article\" \/>\n<meta property=\"og:title\" content=\"TIE Instrument Mikrofon TCX308 - Saksofon - E-Commerce-Revolution\" \/>\n<meta property=\"og:description\" content=\"Profesjonalny mikrofon pojemno\u015bciowy do pe\u0142nego przenoszenia wszystkich ton\u00f3w instrumentu mosi\u0119\u017cnego lub saksofonu \u2013 TCX308 TCX308 to wysokiej jako\u015bci pojemno\u015bciowy mikrofon do wyst\u0119p\u00f3w na \u017cywo na scenie &#8211; szczeg\u00f3lnie przydatny do u\u017cycia z instrumentami d\u0119tymi i saksofonem. Je\u015bli szukasz maksymalnej swobody ruchu na scenie z instrumentem, TCX308 jest idealnym wyborem! Mikrofon jest po prostu przymocowany do [&hellip;]\" \/>\n<meta property=\"og:url\" content=\"https:\/\/tie-products.com\/pl\/produkt\/tie-instrumentenmikrofon-tcx308-saxofon\/\" \/>\n<meta property=\"og:site_name\" content=\"E-Commerce-Revolution\" \/>\n<meta property=\"article:modified_time\" content=\"2025-06-06T09:26:57+00:00\" \/>\n<meta property=\"og:image\" content=\"https:\/\/tie-products.com\/wp-content\/uploads\/2025\/06\/Sax-Mikro_2-small.jpg\" \/>\n\t<meta property=\"og:image:width\" content=\"1500\" \/>\n\t<meta property=\"og:image:height\" content=\"1500\" \/>\n\t<meta property=\"og:image:type\" content=\"image\/jpeg\" \/>\n<meta name=\"twitter:card\" content=\"summary_large_image\" \/>\n<meta name=\"twitter:label1\" content=\"Szacowany czas czytania\" \/>\n\t<meta name=\"twitter:data1\" content=\"1 minuta\" \/>\n<script type=\"application\/ld+json\" class=\"yoast-schema-graph\">{\"@context\":\"https:\/\/schema.org\",\"@graph\":[{\"@type\":\"WebPage\",\"@id\":\"https:\/\/tie-products.com\/pl\/produkt\/tie-instrumentenmikrofon-tcx308-saxofon\/\",\"url\":\"https:\/\/tie-products.com\/pl\/produkt\/tie-instrumentenmikrofon-tcx308-saxofon\/\",\"name\":\"TIE Instrument Mikrofon TCX308 - Saksofon - E-Commerce-Revolution\",\"isPartOf\":{\"@id\":\"https:\/\/tie-products.com\/pl\/#website\"},\"primaryImageOfPage\":{\"@id\":\"https:\/\/tie-products.com\/pl\/produkt\/tie-instrumentenmikrofon-tcx308-saxofon\/#primaryimage\"},\"image\":{\"@id\":\"https:\/\/tie-products.com\/pl\/produkt\/tie-instrumentenmikrofon-tcx308-saxofon\/#primaryimage\"},\"thumbnailUrl\":\"https:\/\/tie-products.com\/wp-content\/uploads\/2025\/06\/Sax-Mikro_2-small.jpg\",\"datePublished\":\"2019-02-16T20:06:12+00:00\",\"dateModified\":\"2025-06-06T09:26:57+00:00\",\"breadcrumb\":{\"@id\":\"https:\/\/tie-products.com\/pl\/produkt\/tie-instrumentenmikrofon-tcx308-saxofon\/#breadcrumb\"},\"inLanguage\":\"pl-PL\",\"potentialAction\":[{\"@type\":\"ReadAction\",\"target\":[\"https:\/\/tie-products.com\/pl\/produkt\/tie-instrumentenmikrofon-tcx308-saxofon\/\"]}]},{\"@type\":\"ImageObject\",\"inLanguage\":\"pl-PL\",\"@id\":\"https:\/\/tie-products.com\/pl\/produkt\/tie-instrumentenmikrofon-tcx308-saxofon\/#primaryimage\",\"url\":\"https:\/\/tie-products.com\/wp-content\/uploads\/2025\/06\/Sax-Mikro_2-small.jpg\",\"contentUrl\":\"https:\/\/tie-products.com\/wp-content\/uploads\/2025\/06\/Sax-Mikro_2-small.jpg\",\"width\":1500,\"height\":1500},{\"@type\":\"BreadcrumbList\",\"@id\":\"https:\/\/tie-products.com\/pl\/produkt\/tie-instrumentenmikrofon-tcx308-saxofon\/#breadcrumb\",\"itemListElement\":[{\"@type\":\"ListItem\",\"position\":1,\"name\":\"Home\",\"item\":\"https:\/\/tie-products.com\/pl\/\"},{\"@type\":\"ListItem\",\"position\":2,\"name\":\"Shop\",\"item\":\"https:\/\/tie-products.com\/shop\/\"},{\"@type\":\"ListItem\",\"position\":3,\"name\":\"TIE Instrument Mikrofon TCX308 &#8211; Saksofon\"}]},{\"@type\":\"WebSite\",\"@id\":\"https:\/\/tie-products.com\/pl\/#website\",\"url\":\"https:\/\/tie-products.com\/pl\/\",\"name\":\"E-Commerce-Revolution\",\"description\":\"Just another WordPress site\",\"potentialAction\":[{\"@type\":\"SearchAction\",\"target\":{\"@type\":\"EntryPoint\",\"urlTemplate\":\"https:\/\/tie-products.com\/pl\/?s={search_term_string}\"},\"query-input\":{\"@type\":\"PropertyValueSpecification\",\"valueRequired\":true,\"valueName\":\"search_term_string\"}}],\"inLanguage\":\"pl-PL\"}]}<\/script>\n<!-- \/ Yoast SEO plugin. -->","yoast_head_json":{"title":"TIE Instrument Mikrofon TCX308 - Saksofon - E-Commerce-Revolution","robots":{"index":"index","follow":"follow","max-snippet":"max-snippet:-1","max-image-preview":"max-image-preview:large","max-video-preview":"max-video-preview:-1"},"canonical":"https:\/\/tie-products.com\/pl\/produkt\/tie-instrumentenmikrofon-tcx308-saxofon\/","og_locale":"pl_PL","og_type":"article","og_title":"TIE Instrument Mikrofon TCX308 - Saksofon - E-Commerce-Revolution","og_description":"Profesjonalny mikrofon pojemno\u015bciowy do pe\u0142nego przenoszenia wszystkich ton\u00f3w instrumentu mosi\u0119\u017cnego lub saksofonu \u2013 TCX308 TCX308 to wysokiej jako\u015bci pojemno\u015bciowy mikrofon do wyst\u0119p\u00f3w na \u017cywo na scenie &#8211; szczeg\u00f3lnie przydatny do u\u017cycia z instrumentami d\u0119tymi i saksofonem. Je\u015bli szukasz maksymalnej swobody ruchu na scenie z instrumentem, TCX308 jest idealnym wyborem! Mikrofon jest po prostu przymocowany do [&hellip;]","og_url":"https:\/\/tie-products.com\/pl\/produkt\/tie-instrumentenmikrofon-tcx308-saxofon\/","og_site_name":"E-Commerce-Revolution","article_modified_time":"2025-06-06T09:26:57+00:00","og_image":[{"width":1500,"height":1500,"url":"https:\/\/tie-products.com\/wp-content\/uploads\/2025\/06\/Sax-Mikro_2-small.jpg","type":"image\/jpeg"}],"twitter_card":"summary_large_image","twitter_misc":{"Szacowany czas czytania":"1 minuta"},"schema":{"@context":"https:\/\/schema.org","@graph":[{"@type":"WebPage","@id":"https:\/\/tie-products.com\/pl\/produkt\/tie-instrumentenmikrofon-tcx308-saxofon\/","url":"https:\/\/tie-products.com\/pl\/produkt\/tie-instrumentenmikrofon-tcx308-saxofon\/","name":"TIE Instrument Mikrofon TCX308 - Saksofon - E-Commerce-Revolution","isPartOf":{"@id":"https:\/\/tie-products.com\/pl\/#website"},"primaryImageOfPage":{"@id":"https:\/\/tie-products.com\/pl\/produkt\/tie-instrumentenmikrofon-tcx308-saxofon\/#primaryimage"},"image":{"@id":"https:\/\/tie-products.com\/pl\/produkt\/tie-instrumentenmikrofon-tcx308-saxofon\/#primaryimage"},"thumbnailUrl":"https:\/\/tie-products.com\/wp-content\/uploads\/2025\/06\/Sax-Mikro_2-small.jpg","datePublished":"2019-02-16T20:06:12+00:00","dateModified":"2025-06-06T09:26:57+00:00","breadcrumb":{"@id":"https:\/\/tie-products.com\/pl\/produkt\/tie-instrumentenmikrofon-tcx308-saxofon\/#breadcrumb"},"inLanguage":"pl-PL","potentialAction":[{"@type":"ReadAction","target":["https:\/\/tie-products.com\/pl\/produkt\/tie-instrumentenmikrofon-tcx308-saxofon\/"]}]},{"@type":"ImageObject","inLanguage":"pl-PL","@id":"https:\/\/tie-products.com\/pl\/produkt\/tie-instrumentenmikrofon-tcx308-saxofon\/#primaryimage","url":"https:\/\/tie-products.com\/wp-content\/uploads\/2025\/06\/Sax-Mikro_2-small.jpg","contentUrl":"https:\/\/tie-products.com\/wp-content\/uploads\/2025\/06\/Sax-Mikro_2-small.jpg","width":1500,"height":1500},{"@type":"BreadcrumbList","@id":"https:\/\/tie-products.com\/pl\/produkt\/tie-instrumentenmikrofon-tcx308-saxofon\/#breadcrumb","itemListElement":[{"@type":"ListItem","position":1,"name":"Home","item":"https:\/\/tie-products.com\/pl\/"},{"@type":"ListItem","position":2,"name":"Shop","item":"https:\/\/tie-products.com\/shop\/"},{"@type":"ListItem","position":3,"name":"TIE Instrument Mikrofon TCX308 &#8211; Saksofon"}]},{"@type":"WebSite","@id":"https:\/\/tie-products.com\/pl\/#website","url":"https:\/\/tie-products.com\/pl\/","name":"E-Commerce-Revolution","description":"Just another WordPress site","potentialAction":[{"@type":"SearchAction","target":{"@type":"EntryPoint","urlTemplate":"https:\/\/tie-products.com\/pl\/?s={search_term_string}"},"query-input":{"@type":"PropertyValueSpecification","valueRequired":true,"valueName":"search_term_string"}}],"inLanguage":"pl-PL"}]}},"_links":{"self":[{"href":"https:\/\/tie-products.com\/pl\/wp-json\/wp\/v2\/product\/11334","targetHints":{"allow":["GET"]}}],"collection":[{"href":"https:\/\/tie-products.com\/pl\/wp-json\/wp\/v2\/product"}],"about":[{"href":"https:\/\/tie-products.com\/pl\/wp-json\/wp\/v2\/types\/product"}],"wp:featuredmedia":[{"embeddable":true,"href":"https:\/\/tie-products.com\/pl\/wp-json\/wp\/v2\/media\/12407"}],"wp:attachment":[{"href":"https:\/\/tie-products.com\/pl\/wp-json\/wp\/v2\/media?parent=11334"}],"wp:term":[{"taxonomy":"product_brand","embeddable":true,"href":"https:\/\/tie-products.com\/pl\/wp-json\/wp\/v2\/product_brand?post=11334"},{"taxonomy":"product_cat","embeddable":true,"href":"https:\/\/tie-products.com\/pl\/wp-json\/wp\/v2\/product_cat?post=11334"},{"taxonomy":"product_tag","embeddable":true,"href":"https:\/\/tie-products.com\/pl\/wp-json\/wp\/v2\/product_tag?post=11334"}],"curies":[{"name":"wp","href":"https:\/\/api.w.org\/{rel}","templated":true}]}}