{"id":12115,"date":"2019-08-07T23:14:31","date_gmt":"2019-08-07T21:14:31","guid":{"rendered":"https:\/\/tie-products.com\/produkt\/dual-isolation-box-thm-2\/"},"modified":"2025-01-29T10:21:55","modified_gmt":"2025-01-29T10:21:55","slug":"dual-isolation-box-thm-2","status":"publish","type":"product","link":"https:\/\/tie-products.com\/fr\/produkt\/dual-isolation-box-thm-2\/","title":{"rendered":"Dual Isolation Box (THM-2)"},"content":{"rendered":"<p><strong>Transformateur d&rsquo;isolement passif \u00e0 2 canaux<\/strong><\/p>\n<p>Le THM-2 est un transformateur \u00e9quilibr\u00e9 qui \u00e9limine les bruits de courant alternatif de 60 Hz caus\u00e9s par les boucles de terre. Les boucles de terre agissent comme des antennes radio, en captant le bourdonnement et le bruit. Le transformateur 1:1 int\u00e9gr\u00e9 permet d&rsquo;\u00e9viter cela en d\u00e9couplant \u00e9lectriquement les appareils les uns des autres. Le THM-2 a \u00e9galement \u00e9t\u00e9 con\u00e7u pour convertir les signaux non \u00e9quilibr\u00e9s en signaux \u00e9quilibr\u00e9s. Lors d&rsquo;un concert, par exemple, id\u00e9al pour connecter la sortie jack asym\u00e9trique d&rsquo;un synth\u00e9tiseur \u00e0 l&rsquo;entr\u00e9e sym\u00e9trique du bo\u00eetier de sc\u00e8ne.<\/p>\n<p><strong>Caract\u00e9ristiques :<\/strong><\/p>\n<ul>\n<li>\u00c9limination des signaux CA 50\/60 Hz dus aux boucles de terre.<\/li>\n<li>Le transformateur 1:1 isole le signal souhait\u00e9 et \u00e9limine le bruit<\/li>\n<li>Convertit les signaux non \u00e9quilibr\u00e9s en signaux \u00e9quilibr\u00e9s<\/li>\n<li>ne convient pas aux signaux de microphones, d&rsquo;instruments ou de haut-parleurs<\/li>\n<li>Gamme de fr\u00e9quences : 20 Hz &#8211; 70 Khz<\/li>\n<li>Prises d&rsquo;entr\u00e9e : 6,35 mm\/XLR<\/li>\n<li>Prises de sortie : 6,35 mm\/XLR<\/li>\n<li>Distorsion : \u22640.005% \u00e0 1 KHz<\/li>\n<li>Superposition : \u2265 -97 dB<\/li>\n<li>Imp\u00e9dance de sortie : 8,7 K\u03a9<\/li>\n<li>Dimensions (LxlxP) : 114 x 82,7 x 47,4 mm<\/li>\n<li>Poids : 0,45 kg<\/li>\n<\/ul>\n","protected":false},"excerpt":{"rendered":"<p>Transformateur d&rsquo;isolement passif \u00e0 2 canaux Le THM-2 est un transformateur \u00e9quilibr\u00e9 qui \u00e9limine les bruits de courant alternatif de 60 Hz caus\u00e9s par les boucles de terre. Les boucles de terre agissent comme des antennes radio, en captant le bourdonnement et le bruit. Le transformateur 1:1 int\u00e9gr\u00e9 permet d&rsquo;\u00e9viter cela en d\u00e9couplant \u00e9lectriquement les [&hellip;]<\/p>\n","protected":false},"featured_media":12116,"template":"","meta":[],"product_brand":[],"product_cat":[24,25],"product_tag":[],"class_list":{"0":"post-12115","1":"product","2":"type-product","3":"status-publish","4":"has-post-thumbnail","6":"product_cat-tie","7":"product_cat-tie-studio","9":"first","10":"instock","11":"shipping-taxable","12":"purchasable","13":"product-type-simple"},"yoast_head":"<!-- This site is optimized with the Yoast SEO plugin v25.0 - https:\/\/yoast.com\/wordpress\/plugins\/seo\/ -->\n<title>Dual Isolation Box (THM-2) - E-Commerce-Revolution<\/title>\n<meta name=\"robots\" content=\"index, follow, max-snippet:-1, max-image-preview:large, max-video-preview:-1\" \/>\n<link rel=\"canonical\" href=\"https:\/\/tie-products.com\/fr\/produkt\/dual-isolation-box-thm-2\/\" \/>\n<meta property=\"og:locale\" content=\"fr_FR\" \/>\n<meta property=\"og:type\" content=\"article\" \/>\n<meta property=\"og:title\" content=\"Dual Isolation Box (THM-2) - E-Commerce-Revolution\" \/>\n<meta property=\"og:description\" content=\"Transformateur d&rsquo;isolement passif \u00e0 2 canaux Le THM-2 est un transformateur \u00e9quilibr\u00e9 qui \u00e9limine les bruits de courant alternatif de 60 Hz caus\u00e9s par les boucles de terre. Les boucles de terre agissent comme des antennes radio, en captant le bourdonnement et le bruit. Le transformateur 1:1 int\u00e9gr\u00e9 permet d&rsquo;\u00e9viter cela en d\u00e9couplant \u00e9lectriquement les [&hellip;]\" \/>\n<meta property=\"og:url\" content=\"https:\/\/tie-products.com\/fr\/produkt\/dual-isolation-box-thm-2\/\" \/>\n<meta property=\"og:site_name\" content=\"E-Commerce-Revolution\" \/>\n<meta property=\"article:modified_time\" content=\"2025-01-29T10:21:55+00:00\" \/>\n<meta property=\"og:image\" content=\"https:\/\/tie-products.com\/wp-content\/uploads\/2019\/08\/Hum_Eliminator_3-scaled.jpg\" \/>\n\t<meta property=\"og:image:width\" content=\"2560\" \/>\n\t<meta property=\"og:image:height\" content=\"2560\" \/>\n\t<meta property=\"og:image:type\" content=\"image\/jpeg\" \/>\n<meta name=\"twitter:card\" content=\"summary_large_image\" \/>\n<meta name=\"twitter:label1\" content=\"Dur\u00e9e de lecture estim\u00e9e\" \/>\n\t<meta name=\"twitter:data1\" content=\"1 minute\" \/>\n<script type=\"application\/ld+json\" class=\"yoast-schema-graph\">{\"@context\":\"https:\/\/schema.org\",\"@graph\":[{\"@type\":\"WebPage\",\"@id\":\"https:\/\/tie-products.com\/fr\/produkt\/dual-isolation-box-thm-2\/\",\"url\":\"https:\/\/tie-products.com\/fr\/produkt\/dual-isolation-box-thm-2\/\",\"name\":\"Dual Isolation Box (THM-2) - E-Commerce-Revolution\",\"isPartOf\":{\"@id\":\"https:\/\/tie-products.com\/pl\/#website\"},\"primaryImageOfPage\":{\"@id\":\"https:\/\/tie-products.com\/fr\/produkt\/dual-isolation-box-thm-2\/#primaryimage\"},\"image\":{\"@id\":\"https:\/\/tie-products.com\/fr\/produkt\/dual-isolation-box-thm-2\/#primaryimage\"},\"thumbnailUrl\":\"https:\/\/tie-products.com\/wp-content\/uploads\/2019\/08\/Hum_Eliminator_3-scaled.jpg\",\"datePublished\":\"2019-08-07T21:14:31+00:00\",\"dateModified\":\"2025-01-29T10:21:55+00:00\",\"breadcrumb\":{\"@id\":\"https:\/\/tie-products.com\/fr\/produkt\/dual-isolation-box-thm-2\/#breadcrumb\"},\"inLanguage\":\"fr-FR\",\"potentialAction\":[{\"@type\":\"ReadAction\",\"target\":[\"https:\/\/tie-products.com\/fr\/produkt\/dual-isolation-box-thm-2\/\"]}]},{\"@type\":\"ImageObject\",\"inLanguage\":\"fr-FR\",\"@id\":\"https:\/\/tie-products.com\/fr\/produkt\/dual-isolation-box-thm-2\/#primaryimage\",\"url\":\"https:\/\/tie-products.com\/wp-content\/uploads\/2019\/08\/Hum_Eliminator_3-scaled.jpg\",\"contentUrl\":\"https:\/\/tie-products.com\/wp-content\/uploads\/2019\/08\/Hum_Eliminator_3-scaled.jpg\",\"width\":2560,\"height\":2560},{\"@type\":\"BreadcrumbList\",\"@id\":\"https:\/\/tie-products.com\/fr\/produkt\/dual-isolation-box-thm-2\/#breadcrumb\",\"itemListElement\":[{\"@type\":\"ListItem\",\"position\":1,\"name\":\"Home\",\"item\":\"https:\/\/tie-products.com\/fr\/\"},{\"@type\":\"ListItem\",\"position\":2,\"name\":\"Shop\",\"item\":\"https:\/\/tie-products.com\/shop\/\"},{\"@type\":\"ListItem\",\"position\":3,\"name\":\"Dual Isolation Box (THM-2)\"}]},{\"@type\":\"WebSite\",\"@id\":\"https:\/\/tie-products.com\/pl\/#website\",\"url\":\"https:\/\/tie-products.com\/pl\/\",\"name\":\"E-Commerce-Revolution\",\"description\":\"Just another WordPress site\",\"potentialAction\":[{\"@type\":\"SearchAction\",\"target\":{\"@type\":\"EntryPoint\",\"urlTemplate\":\"https:\/\/tie-products.com\/pl\/?s={search_term_string}\"},\"query-input\":{\"@type\":\"PropertyValueSpecification\",\"valueRequired\":true,\"valueName\":\"search_term_string\"}}],\"inLanguage\":\"fr-FR\"}]}<\/script>\n<!-- \/ Yoast SEO plugin. -->","yoast_head_json":{"title":"Dual Isolation Box (THM-2) - E-Commerce-Revolution","robots":{"index":"index","follow":"follow","max-snippet":"max-snippet:-1","max-image-preview":"max-image-preview:large","max-video-preview":"max-video-preview:-1"},"canonical":"https:\/\/tie-products.com\/fr\/produkt\/dual-isolation-box-thm-2\/","og_locale":"fr_FR","og_type":"article","og_title":"Dual Isolation Box (THM-2) - E-Commerce-Revolution","og_description":"Transformateur d&rsquo;isolement passif \u00e0 2 canaux Le THM-2 est un transformateur \u00e9quilibr\u00e9 qui \u00e9limine les bruits de courant alternatif de 60 Hz caus\u00e9s par les boucles de terre. Les boucles de terre agissent comme des antennes radio, en captant le bourdonnement et le bruit. Le transformateur 1:1 int\u00e9gr\u00e9 permet d&rsquo;\u00e9viter cela en d\u00e9couplant \u00e9lectriquement les [&hellip;]","og_url":"https:\/\/tie-products.com\/fr\/produkt\/dual-isolation-box-thm-2\/","og_site_name":"E-Commerce-Revolution","article_modified_time":"2025-01-29T10:21:55+00:00","og_image":[{"width":2560,"height":2560,"url":"https:\/\/tie-products.com\/wp-content\/uploads\/2019\/08\/Hum_Eliminator_3-scaled.jpg","type":"image\/jpeg"}],"twitter_card":"summary_large_image","twitter_misc":{"Dur\u00e9e de lecture estim\u00e9e":"1 minute"},"schema":{"@context":"https:\/\/schema.org","@graph":[{"@type":"WebPage","@id":"https:\/\/tie-products.com\/fr\/produkt\/dual-isolation-box-thm-2\/","url":"https:\/\/tie-products.com\/fr\/produkt\/dual-isolation-box-thm-2\/","name":"Dual Isolation Box (THM-2) - E-Commerce-Revolution","isPartOf":{"@id":"https:\/\/tie-products.com\/pl\/#website"},"primaryImageOfPage":{"@id":"https:\/\/tie-products.com\/fr\/produkt\/dual-isolation-box-thm-2\/#primaryimage"},"image":{"@id":"https:\/\/tie-products.com\/fr\/produkt\/dual-isolation-box-thm-2\/#primaryimage"},"thumbnailUrl":"https:\/\/tie-products.com\/wp-content\/uploads\/2019\/08\/Hum_Eliminator_3-scaled.jpg","datePublished":"2019-08-07T21:14:31+00:00","dateModified":"2025-01-29T10:21:55+00:00","breadcrumb":{"@id":"https:\/\/tie-products.com\/fr\/produkt\/dual-isolation-box-thm-2\/#breadcrumb"},"inLanguage":"fr-FR","potentialAction":[{"@type":"ReadAction","target":["https:\/\/tie-products.com\/fr\/produkt\/dual-isolation-box-thm-2\/"]}]},{"@type":"ImageObject","inLanguage":"fr-FR","@id":"https:\/\/tie-products.com\/fr\/produkt\/dual-isolation-box-thm-2\/#primaryimage","url":"https:\/\/tie-products.com\/wp-content\/uploads\/2019\/08\/Hum_Eliminator_3-scaled.jpg","contentUrl":"https:\/\/tie-products.com\/wp-content\/uploads\/2019\/08\/Hum_Eliminator_3-scaled.jpg","width":2560,"height":2560},{"@type":"BreadcrumbList","@id":"https:\/\/tie-products.com\/fr\/produkt\/dual-isolation-box-thm-2\/#breadcrumb","itemListElement":[{"@type":"ListItem","position":1,"name":"Home","item":"https:\/\/tie-products.com\/fr\/"},{"@type":"ListItem","position":2,"name":"Shop","item":"https:\/\/tie-products.com\/shop\/"},{"@type":"ListItem","position":3,"name":"Dual Isolation Box (THM-2)"}]},{"@type":"WebSite","@id":"https:\/\/tie-products.com\/pl\/#website","url":"https:\/\/tie-products.com\/pl\/","name":"E-Commerce-Revolution","description":"Just another WordPress site","potentialAction":[{"@type":"SearchAction","target":{"@type":"EntryPoint","urlTemplate":"https:\/\/tie-products.com\/pl\/?s={search_term_string}"},"query-input":{"@type":"PropertyValueSpecification","valueRequired":true,"valueName":"search_term_string"}}],"inLanguage":"fr-FR"}]}},"_links":{"self":[{"href":"https:\/\/tie-products.com\/fr\/wp-json\/wp\/v2\/product\/12115","targetHints":{"allow":["GET"]}}],"collection":[{"href":"https:\/\/tie-products.com\/fr\/wp-json\/wp\/v2\/product"}],"about":[{"href":"https:\/\/tie-products.com\/fr\/wp-json\/wp\/v2\/types\/product"}],"wp:featuredmedia":[{"embeddable":true,"href":"https:\/\/tie-products.com\/fr\/wp-json\/wp\/v2\/media\/12116"}],"wp:attachment":[{"href":"https:\/\/tie-products.com\/fr\/wp-json\/wp\/v2\/media?parent=12115"}],"wp:term":[{"taxonomy":"product_brand","embeddable":true,"href":"https:\/\/tie-products.com\/fr\/wp-json\/wp\/v2\/product_brand?post=12115"},{"taxonomy":"product_cat","embeddable":true,"href":"https:\/\/tie-products.com\/fr\/wp-json\/wp\/v2\/product_cat?post=12115"},{"taxonomy":"product_tag","embeddable":true,"href":"https:\/\/tie-products.com\/fr\/wp-json\/wp\/v2\/product_tag?post=12115"}],"curies":[{"name":"wp","href":"https:\/\/api.w.org\/{rel}","templated":true}]}}