{"id":11963,"date":"2021-02-20T18:03:32","date_gmt":"2021-02-20T18:03:32","guid":{"rendered":"https:\/\/tie-products.com\/?post_type=product&#038;p=11963"},"modified":"2021-02-20T18:08:25","modified_gmt":"2021-02-20T18:08:25","slug":"bluetooth-4-2-earphones-sport-pro","status":"publish","type":"product","link":"https:\/\/tie-products.com\/fr\/produkt\/bluetooth-4-2-earphones-sport-pro\/","title":{"rendered":"Bluetooth 4.2 Earphones Sport Pro"},"content":{"rendered":"<p>Le TIE AUDIO Sport Pro est un \u00e9couteur Bluetooth dot\u00e9 du dernier chipset 4.2 pour une qualit\u00e9 sonore parfaite et une longue dur\u00e9e de vie de la batterie. Une t\u00e9l\u00e9commande est int\u00e9gr\u00e9e dans le bandeau, qui peut \u00eatre utilis\u00e9e pour passer facilement d&rsquo;une chanson \u00e0 l&rsquo;autre ou pour r\u00e9gler le volume de fa\u00e7on pratique.\u00a0 Le support de stabilit\u00e9 garantit \u00e9galement un confort antid\u00e9rapant et un confort de port maximal. Le microphone int\u00e9gr\u00e9 directement dans le bandeau permet de prendre facilement des appels pendant les activit\u00e9s sportives sans avoir \u00e0 interrompre votre entra\u00eenement. Les oreillettes sont fabriqu\u00e9es dans un mat\u00e9riau r\u00e9sistant \u00e0 la sueur et hydrofuge et sont munies d&#8217;embouts interchangeables (pour diff\u00e9rentes tailles d&rsquo;oreille). Le paquet comprend \u00e9galement un c\u00e2ble de chargement (USB \u00e0 Mini USB) et un manuel d&rsquo;utilisation.<\/p>\n<p><strong>Caract\u00e9ristiques<\/strong><\/p>\n<ul>\n<li>Ecouteurs Bluetooth st\u00e9r\u00e9o<\/li>\n<li>Bluetooth 4.2<\/li>\n<li>Grand confort de port<\/li>\n<li>Id\u00e9al pour le sport<\/li>\n<li>R\u00e9sistance \u00e0 la sueur<\/li>\n<li>Compatible avec la plupart des smartphones et tablettes Bluetooth populaires<\/li>\n<li>Compatible avec iOs et Android<\/li>\n<li>Qualit\u00e9 sonore \u00e9lev\u00e9e<\/li>\n<li>Jusqu&rsquo;\u00e0 10 heures d&rsquo;appel ou d&rsquo;\u00e9coute de musique<\/li>\n<li>10 m\u00e8tres de distance possible par rapport \u00e0 la source<\/li>\n<li>Veille jusqu&rsquo;\u00e0 200 heures<\/li>\n<li>Batterie lithium-ion rechargeable int\u00e9gr\u00e9e 170 mAh<\/li>\n<li>Contr\u00f4les : Volume +\/-<\/li>\n<li>Port micro-USB pour la facturation<\/li>\n<li>C\u00e2ble de recharge micro USB inclus<\/li>\n<li>Couleur : noir<\/li>\n<\/ul>\n","protected":false},"excerpt":{"rendered":"<p>Le TIE AUDIO Sport Pro est un \u00e9couteur Bluetooth dot\u00e9 du dernier chipset 4.2 pour une qualit\u00e9 sonore parfaite et une longue dur\u00e9e de vie de la batterie. Une t\u00e9l\u00e9commande est int\u00e9gr\u00e9e dans le bandeau, qui peut \u00eatre utilis\u00e9e pour passer facilement d&rsquo;une chanson \u00e0 l&rsquo;autre ou pour r\u00e9gler le volume de fa\u00e7on pratique.\u00a0 Le [&hellip;]<\/p>\n","protected":false},"featured_media":11980,"template":"","meta":[],"product_brand":[],"product_cat":[24,27],"product_tag":[],"class_list":{"0":"post-11963","1":"product","2":"type-product","3":"status-publish","4":"has-post-thumbnail","6":"product_cat-tie","7":"product_cat-tie-audio","9":"first","10":"instock","11":"shipping-taxable","12":"product-type-simple"},"yoast_head":"<!-- This site is optimized with the Yoast SEO plugin v25.0 - https:\/\/yoast.com\/wordpress\/plugins\/seo\/ -->\n<title>Bluetooth 4.2 Earphones Sport Pro - E-Commerce-Revolution<\/title>\n<meta name=\"robots\" content=\"index, follow, max-snippet:-1, max-image-preview:large, max-video-preview:-1\" \/>\n<link rel=\"canonical\" href=\"https:\/\/tie-products.com\/fr\/produkt\/bluetooth-4-2-earphones-sport-pro\/\" \/>\n<meta property=\"og:locale\" content=\"fr_FR\" \/>\n<meta property=\"og:type\" content=\"article\" \/>\n<meta property=\"og:title\" content=\"Bluetooth 4.2 Earphones Sport Pro - E-Commerce-Revolution\" \/>\n<meta property=\"og:description\" content=\"Le TIE AUDIO Sport Pro est un \u00e9couteur Bluetooth dot\u00e9 du dernier chipset 4.2 pour une qualit\u00e9 sonore parfaite et une longue dur\u00e9e de vie de la batterie. Une t\u00e9l\u00e9commande est int\u00e9gr\u00e9e dans le bandeau, qui peut \u00eatre utilis\u00e9e pour passer facilement d&rsquo;une chanson \u00e0 l&rsquo;autre ou pour r\u00e9gler le volume de fa\u00e7on pratique.\u00a0 Le [&hellip;]\" \/>\n<meta property=\"og:url\" content=\"https:\/\/tie-products.com\/fr\/produkt\/bluetooth-4-2-earphones-sport-pro\/\" \/>\n<meta property=\"og:site_name\" content=\"E-Commerce-Revolution\" \/>\n<meta property=\"article:modified_time\" content=\"2021-02-20T18:08:25+00:00\" \/>\n<meta property=\"og:image\" content=\"https:\/\/tie-products.com\/wp-content\/uploads\/2021\/02\/TQ14-Titelbild.png\" \/>\n\t<meta property=\"og:image:width\" content=\"1806\" \/>\n\t<meta property=\"og:image:height\" content=\"1755\" \/>\n\t<meta property=\"og:image:type\" content=\"image\/png\" \/>\n<meta name=\"twitter:card\" content=\"summary_large_image\" \/>\n<meta name=\"twitter:label1\" content=\"Dur\u00e9e de lecture estim\u00e9e\" \/>\n\t<meta name=\"twitter:data1\" content=\"1 minute\" \/>\n<script type=\"application\/ld+json\" class=\"yoast-schema-graph\">{\"@context\":\"https:\/\/schema.org\",\"@graph\":[{\"@type\":\"WebPage\",\"@id\":\"https:\/\/tie-products.com\/fr\/produkt\/bluetooth-4-2-earphones-sport-pro\/\",\"url\":\"https:\/\/tie-products.com\/fr\/produkt\/bluetooth-4-2-earphones-sport-pro\/\",\"name\":\"Bluetooth 4.2 Earphones Sport Pro - E-Commerce-Revolution\",\"isPartOf\":{\"@id\":\"https:\/\/tie-products.com\/pl\/#website\"},\"primaryImageOfPage\":{\"@id\":\"https:\/\/tie-products.com\/fr\/produkt\/bluetooth-4-2-earphones-sport-pro\/#primaryimage\"},\"image\":{\"@id\":\"https:\/\/tie-products.com\/fr\/produkt\/bluetooth-4-2-earphones-sport-pro\/#primaryimage\"},\"thumbnailUrl\":\"https:\/\/tie-products.com\/wp-content\/uploads\/2021\/02\/TQ14-Titelbild.png\",\"datePublished\":\"2021-02-20T18:03:32+00:00\",\"dateModified\":\"2021-02-20T18:08:25+00:00\",\"breadcrumb\":{\"@id\":\"https:\/\/tie-products.com\/fr\/produkt\/bluetooth-4-2-earphones-sport-pro\/#breadcrumb\"},\"inLanguage\":\"fr-FR\",\"potentialAction\":[{\"@type\":\"ReadAction\",\"target\":[\"https:\/\/tie-products.com\/fr\/produkt\/bluetooth-4-2-earphones-sport-pro\/\"]}]},{\"@type\":\"ImageObject\",\"inLanguage\":\"fr-FR\",\"@id\":\"https:\/\/tie-products.com\/fr\/produkt\/bluetooth-4-2-earphones-sport-pro\/#primaryimage\",\"url\":\"https:\/\/tie-products.com\/wp-content\/uploads\/2021\/02\/TQ14-Titelbild.png\",\"contentUrl\":\"https:\/\/tie-products.com\/wp-content\/uploads\/2021\/02\/TQ14-Titelbild.png\",\"width\":1806,\"height\":1755},{\"@type\":\"BreadcrumbList\",\"@id\":\"https:\/\/tie-products.com\/fr\/produkt\/bluetooth-4-2-earphones-sport-pro\/#breadcrumb\",\"itemListElement\":[{\"@type\":\"ListItem\",\"position\":1,\"name\":\"Home\",\"item\":\"https:\/\/tie-products.com\/fr\/\"},{\"@type\":\"ListItem\",\"position\":2,\"name\":\"Shop\",\"item\":\"https:\/\/tie-products.com\/shop\/\"},{\"@type\":\"ListItem\",\"position\":3,\"name\":\"Bluetooth 4.2 Earphones Sport Pro\"}]},{\"@type\":\"WebSite\",\"@id\":\"https:\/\/tie-products.com\/pl\/#website\",\"url\":\"https:\/\/tie-products.com\/pl\/\",\"name\":\"E-Commerce-Revolution\",\"description\":\"Just another WordPress site\",\"potentialAction\":[{\"@type\":\"SearchAction\",\"target\":{\"@type\":\"EntryPoint\",\"urlTemplate\":\"https:\/\/tie-products.com\/pl\/?s={search_term_string}\"},\"query-input\":{\"@type\":\"PropertyValueSpecification\",\"valueRequired\":true,\"valueName\":\"search_term_string\"}}],\"inLanguage\":\"fr-FR\"}]}<\/script>\n<!-- \/ Yoast SEO plugin. -->","yoast_head_json":{"title":"Bluetooth 4.2 Earphones Sport Pro - E-Commerce-Revolution","robots":{"index":"index","follow":"follow","max-snippet":"max-snippet:-1","max-image-preview":"max-image-preview:large","max-video-preview":"max-video-preview:-1"},"canonical":"https:\/\/tie-products.com\/fr\/produkt\/bluetooth-4-2-earphones-sport-pro\/","og_locale":"fr_FR","og_type":"article","og_title":"Bluetooth 4.2 Earphones Sport Pro - E-Commerce-Revolution","og_description":"Le TIE AUDIO Sport Pro est un \u00e9couteur Bluetooth dot\u00e9 du dernier chipset 4.2 pour une qualit\u00e9 sonore parfaite et une longue dur\u00e9e de vie de la batterie. Une t\u00e9l\u00e9commande est int\u00e9gr\u00e9e dans le bandeau, qui peut \u00eatre utilis\u00e9e pour passer facilement d&rsquo;une chanson \u00e0 l&rsquo;autre ou pour r\u00e9gler le volume de fa\u00e7on pratique.\u00a0 Le [&hellip;]","og_url":"https:\/\/tie-products.com\/fr\/produkt\/bluetooth-4-2-earphones-sport-pro\/","og_site_name":"E-Commerce-Revolution","article_modified_time":"2021-02-20T18:08:25+00:00","og_image":[{"width":1806,"height":1755,"url":"https:\/\/tie-products.com\/wp-content\/uploads\/2021\/02\/TQ14-Titelbild.png","type":"image\/png"}],"twitter_card":"summary_large_image","twitter_misc":{"Dur\u00e9e de lecture estim\u00e9e":"1 minute"},"schema":{"@context":"https:\/\/schema.org","@graph":[{"@type":"WebPage","@id":"https:\/\/tie-products.com\/fr\/produkt\/bluetooth-4-2-earphones-sport-pro\/","url":"https:\/\/tie-products.com\/fr\/produkt\/bluetooth-4-2-earphones-sport-pro\/","name":"Bluetooth 4.2 Earphones Sport Pro - E-Commerce-Revolution","isPartOf":{"@id":"https:\/\/tie-products.com\/pl\/#website"},"primaryImageOfPage":{"@id":"https:\/\/tie-products.com\/fr\/produkt\/bluetooth-4-2-earphones-sport-pro\/#primaryimage"},"image":{"@id":"https:\/\/tie-products.com\/fr\/produkt\/bluetooth-4-2-earphones-sport-pro\/#primaryimage"},"thumbnailUrl":"https:\/\/tie-products.com\/wp-content\/uploads\/2021\/02\/TQ14-Titelbild.png","datePublished":"2021-02-20T18:03:32+00:00","dateModified":"2021-02-20T18:08:25+00:00","breadcrumb":{"@id":"https:\/\/tie-products.com\/fr\/produkt\/bluetooth-4-2-earphones-sport-pro\/#breadcrumb"},"inLanguage":"fr-FR","potentialAction":[{"@type":"ReadAction","target":["https:\/\/tie-products.com\/fr\/produkt\/bluetooth-4-2-earphones-sport-pro\/"]}]},{"@type":"ImageObject","inLanguage":"fr-FR","@id":"https:\/\/tie-products.com\/fr\/produkt\/bluetooth-4-2-earphones-sport-pro\/#primaryimage","url":"https:\/\/tie-products.com\/wp-content\/uploads\/2021\/02\/TQ14-Titelbild.png","contentUrl":"https:\/\/tie-products.com\/wp-content\/uploads\/2021\/02\/TQ14-Titelbild.png","width":1806,"height":1755},{"@type":"BreadcrumbList","@id":"https:\/\/tie-products.com\/fr\/produkt\/bluetooth-4-2-earphones-sport-pro\/#breadcrumb","itemListElement":[{"@type":"ListItem","position":1,"name":"Home","item":"https:\/\/tie-products.com\/fr\/"},{"@type":"ListItem","position":2,"name":"Shop","item":"https:\/\/tie-products.com\/shop\/"},{"@type":"ListItem","position":3,"name":"Bluetooth 4.2 Earphones Sport Pro"}]},{"@type":"WebSite","@id":"https:\/\/tie-products.com\/pl\/#website","url":"https:\/\/tie-products.com\/pl\/","name":"E-Commerce-Revolution","description":"Just another WordPress site","potentialAction":[{"@type":"SearchAction","target":{"@type":"EntryPoint","urlTemplate":"https:\/\/tie-products.com\/pl\/?s={search_term_string}"},"query-input":{"@type":"PropertyValueSpecification","valueRequired":true,"valueName":"search_term_string"}}],"inLanguage":"fr-FR"}]}},"_links":{"self":[{"href":"https:\/\/tie-products.com\/fr\/wp-json\/wp\/v2\/product\/11963","targetHints":{"allow":["GET"]}}],"collection":[{"href":"https:\/\/tie-products.com\/fr\/wp-json\/wp\/v2\/product"}],"about":[{"href":"https:\/\/tie-products.com\/fr\/wp-json\/wp\/v2\/types\/product"}],"wp:featuredmedia":[{"embeddable":true,"href":"https:\/\/tie-products.com\/fr\/wp-json\/wp\/v2\/media\/11980"}],"wp:attachment":[{"href":"https:\/\/tie-products.com\/fr\/wp-json\/wp\/v2\/media?parent=11963"}],"wp:term":[{"taxonomy":"product_brand","embeddable":true,"href":"https:\/\/tie-products.com\/fr\/wp-json\/wp\/v2\/product_brand?post=11963"},{"taxonomy":"product_cat","embeddable":true,"href":"https:\/\/tie-products.com\/fr\/wp-json\/wp\/v2\/product_cat?post=11963"},{"taxonomy":"product_tag","embeddable":true,"href":"https:\/\/tie-products.com\/fr\/wp-json\/wp\/v2\/product_tag?post=11963"}],"curies":[{"name":"wp","href":"https:\/\/api.w.org\/{rel}","templated":true}]}}