{"id":11629,"date":"2019-02-16T21:06:06","date_gmt":"2019-02-16T20:06:06","guid":{"rendered":"https:\/\/tie-products.netzspitze.cloud\/produkt\/clip-tuner-pro\/"},"modified":"2021-01-27T09:39:51","modified_gmt":"2021-01-27T09:39:51","slug":"clip-tuner-pro","status":"publish","type":"product","link":"https:\/\/tie-products.com\/fr\/produkt\/clip-tuner-pro\/","title":{"rendered":"Clip Tuner PRO"},"content":{"rendered":"\n\t\t<style type=\"text\/css\">\n\t\t\t#gallery-1 {\n\t\t\t\tmargin: auto;\n\t\t\t}\n\t\t\t#gallery-1 .gallery-item {\n\t\t\t\tfloat: left;\n\t\t\t\tmargin-top: 10px;\n\t\t\t\ttext-align: center;\n\t\t\t\twidth: 33%;\n\t\t\t}\n\t\t\t#gallery-1 img {\n\t\t\t\tborder: 2px solid #cfcfcf;\n\t\t\t}\n\t\t\t#gallery-1 .gallery-caption {\n\t\t\t\tmargin-left: 0;\n\t\t\t}\n\t\t\t\/* see gallery_shortcode() in wp-includes\/media.php *\/\n\t\t<\/style>\n\t\t<div id='gallery-1' class='gallery galleryid-11629 gallery-columns-3 gallery-size-thumbnail'><dl class='gallery-item'>\n\t\t\t<dt class='gallery-icon landscape'>\n\t\t\t\t<a href='https:\/\/tie-products.com\/fr\/?attachment_id=10889'><img loading=\"lazy\" decoding=\"async\" width=\"80\" height=\"80\" src=\"https:\/\/tie-products.com\/wp-content\/uploads\/2018\/09\/19-90022-TIE-STAGE-Clip-Tuner-PRO7-80x80.jpg\" class=\"attachment-thumbnail size-thumbnail\" alt=\"\" aria-describedby=\"gallery-1-10889\" srcset=\"https:\/\/tie-products.com\/wp-content\/uploads\/2018\/09\/19-90022-TIE-STAGE-Clip-Tuner-PRO7-80x80.jpg 80w, https:\/\/tie-products.com\/wp-content\/uploads\/2018\/09\/19-90022-TIE-STAGE-Clip-Tuner-PRO7-300x300.jpg 300w, https:\/\/tie-products.com\/wp-content\/uploads\/2018\/09\/19-90022-TIE-STAGE-Clip-Tuner-PRO7-100x100.jpg 100w, https:\/\/tie-products.com\/wp-content\/uploads\/2018\/09\/19-90022-TIE-STAGE-Clip-Tuner-PRO7-600x600.jpg 600w, https:\/\/tie-products.com\/wp-content\/uploads\/2018\/09\/19-90022-TIE-STAGE-Clip-Tuner-PRO7-768x768.jpg 768w, https:\/\/tie-products.com\/wp-content\/uploads\/2018\/09\/19-90022-TIE-STAGE-Clip-Tuner-PRO7-36x36.jpg 36w, https:\/\/tie-products.com\/wp-content\/uploads\/2018\/09\/19-90022-TIE-STAGE-Clip-Tuner-PRO7-180x180.jpg 180w, https:\/\/tie-products.com\/wp-content\/uploads\/2018\/09\/19-90022-TIE-STAGE-Clip-Tuner-PRO7-705x705.jpg 705w, https:\/\/tie-products.com\/wp-content\/uploads\/2018\/09\/19-90022-TIE-STAGE-Clip-Tuner-PRO7.jpg 1024w\" sizes=\"auto, (max-width: 80px) 100vw, 80px\" \/><\/a>\n\t\t\t<\/dt>\n\t\t\t\t<dd class='wp-caption-text gallery-caption' id='gallery-1-10889'>\n\t\t\t\tClip Tuner PRO\n\t\t\t\t<\/dd><\/dl><dl class='gallery-item'>\n\t\t\t<dt class='gallery-icon landscape'>\n\t\t\t\t<a href='https:\/\/tie-products.com\/fr\/?attachment_id=10890'><img loading=\"lazy\" decoding=\"async\" width=\"80\" height=\"80\" src=\"https:\/\/tie-products.com\/wp-content\/uploads\/2018\/09\/19-90022-TIE-STAGE-Clip-Tuner-PRO14-80x80.jpg\" class=\"attachment-thumbnail size-thumbnail\" alt=\"\" aria-describedby=\"gallery-1-10890\" srcset=\"https:\/\/tie-products.com\/wp-content\/uploads\/2018\/09\/19-90022-TIE-STAGE-Clip-Tuner-PRO14-80x80.jpg 80w, https:\/\/tie-products.com\/wp-content\/uploads\/2018\/09\/19-90022-TIE-STAGE-Clip-Tuner-PRO14-300x300.jpg 300w, https:\/\/tie-products.com\/wp-content\/uploads\/2018\/09\/19-90022-TIE-STAGE-Clip-Tuner-PRO14-100x100.jpg 100w, https:\/\/tie-products.com\/wp-content\/uploads\/2018\/09\/19-90022-TIE-STAGE-Clip-Tuner-PRO14-600x600.jpg 600w, https:\/\/tie-products.com\/wp-content\/uploads\/2018\/09\/19-90022-TIE-STAGE-Clip-Tuner-PRO14-768x768.jpg 768w, https:\/\/tie-products.com\/wp-content\/uploads\/2018\/09\/19-90022-TIE-STAGE-Clip-Tuner-PRO14-36x36.jpg 36w, https:\/\/tie-products.com\/wp-content\/uploads\/2018\/09\/19-90022-TIE-STAGE-Clip-Tuner-PRO14-180x180.jpg 180w, https:\/\/tie-products.com\/wp-content\/uploads\/2018\/09\/19-90022-TIE-STAGE-Clip-Tuner-PRO14-705x705.jpg 705w, https:\/\/tie-products.com\/wp-content\/uploads\/2018\/09\/19-90022-TIE-STAGE-Clip-Tuner-PRO14.jpg 1024w\" sizes=\"auto, (max-width: 80px) 100vw, 80px\" \/><\/a>\n\t\t\t<\/dt>\n\t\t\t\t<dd class='wp-caption-text gallery-caption' id='gallery-1-10890'>\n\t\t\t\tClip Tuner PRO\n\t\t\t\t<\/dd><\/dl><dl class='gallery-item'>\n\t\t\t<dt class='gallery-icon landscape'>\n\t\t\t\t<a href='https:\/\/tie-products.com\/fr\/?attachment_id=10891'><img loading=\"lazy\" decoding=\"async\" width=\"80\" height=\"80\" src=\"https:\/\/tie-products.com\/wp-content\/uploads\/2018\/09\/19-90022-TIE-STAGE-Clip-Tuner-PRO-mockup-80x80.jpg\" class=\"attachment-thumbnail size-thumbnail\" alt=\"\" aria-describedby=\"gallery-1-10891\" srcset=\"https:\/\/tie-products.com\/wp-content\/uploads\/2018\/09\/19-90022-TIE-STAGE-Clip-Tuner-PRO-mockup-80x80.jpg 80w, https:\/\/tie-products.com\/wp-content\/uploads\/2018\/09\/19-90022-TIE-STAGE-Clip-Tuner-PRO-mockup-300x300.jpg 300w, https:\/\/tie-products.com\/wp-content\/uploads\/2018\/09\/19-90022-TIE-STAGE-Clip-Tuner-PRO-mockup-100x100.jpg 100w, https:\/\/tie-products.com\/wp-content\/uploads\/2018\/09\/19-90022-TIE-STAGE-Clip-Tuner-PRO-mockup-600x600.jpg 600w, https:\/\/tie-products.com\/wp-content\/uploads\/2018\/09\/19-90022-TIE-STAGE-Clip-Tuner-PRO-mockup-768x768.jpg 768w, https:\/\/tie-products.com\/wp-content\/uploads\/2018\/09\/19-90022-TIE-STAGE-Clip-Tuner-PRO-mockup-36x36.jpg 36w, https:\/\/tie-products.com\/wp-content\/uploads\/2018\/09\/19-90022-TIE-STAGE-Clip-Tuner-PRO-mockup-180x180.jpg 180w, https:\/\/tie-products.com\/wp-content\/uploads\/2018\/09\/19-90022-TIE-STAGE-Clip-Tuner-PRO-mockup-705x705.jpg 705w, https:\/\/tie-products.com\/wp-content\/uploads\/2018\/09\/19-90022-TIE-STAGE-Clip-Tuner-PRO-mockup.jpg 1024w\" sizes=\"auto, (max-width: 80px) 100vw, 80px\" \/><\/a>\n\t\t\t<\/dt>\n\t\t\t\t<dd class='wp-caption-text gallery-caption' id='gallery-1-10891'>\n\t\t\t\tClip Tuner PRO\n\t\t\t\t<\/dd><\/dl><br style=\"clear: both\" \/>\n\t\t<\/div>\n\n<p><strong>Accordeur Clip\/Tuner\/M\u00e9tronome<\/strong><\/p>\n<p>Clip Tuner PRO TIE Stage est une combinaison innovante d\u2019un accordeur clip polyvalent pour guitare, basse, violon et ukul\u00e9l\u00e9 et un m\u00e9tronome optique. L\u2019\u00e9cran LCD lumineux et facile \u00e0 lire passe automatiquement \u00e0 une rotation de 180 degr\u00e9s entre accordeur et le m\u00e9tronome. Clip Tuner est facile \u00e0 utiliser et fonctionne gr\u00e2ce \u00e0 un capteur pi\u00e9zo\u00e9lectrique tr\u00e8s sensible de fa\u00e7on tr\u00e8s pr\u00e9cise. Une batterie haute performance lithium-ion int\u00e9gr\u00e9e offre une autonomie allant jusqu\u2019\u00e0 10 heures et peut \u00eatre facilement recharg\u00e9e via USB via un c\u00e2ble inclus.<\/p>\n<p>Caract\u00e9ristiques:<\/p>\n<ul>\n<li>Accordeur Chromatique Clip et M\u00e9tronome optique<\/li>\n<li>Ecran LCD lumineux<\/li>\n<li>Commutation automatique entre syntoniseur \/ m\u00e9tronome \u00e0 180 degr\u00e9s<\/li>\n<li>Rechargeable via USB<\/li>\n<li>Capteur pi\u00e9zo\u00e9lectrique tr\u00e8s sensible<\/li>\n<li>Calibrage: 430-450 Hz<\/li>\n<li>Pr\u00e9cision: +\/- 50 cents<\/li>\n<li>Beats: 0-9 \/ 4<\/li>\n<li>Tempo M\u00e9tronome: 30-260 bpm<\/li>\n<li>boutons haut \/ bas<\/li>\n<li>Modes de r\u00e9glage: chromatique (C) \/ Guitare (G) \/ Bass (B) \/ Violon (V) et les accords (U)<\/li>\n<li>Plage de d\u00e9tection A0 (27,5 Hz) \u00e0 C8 (4186 Hz)<\/li>\n<li>Affichage rotatif \u00e0 360 degr\u00e9s<\/li>\n<li>Couleur: noir<\/li>\n<li>3.7V int\u00e9gr\u00e9e \/ 110 mAh Lithium-ion haute performance<\/li>\n<li>Autonomie: jusqu\u2019\u00e0 10 heures<\/li>\n<li>Comprend un c\u00e2ble USB<\/li>\n<li>Dimensions: 36,5 x 34 x 94 mm<\/li>\n<li>Poids: 35 g<\/li>\n<\/ul>\n","protected":false},"excerpt":{"rendered":"<p>Accordeur Clip\/Tuner\/M\u00e9tronome Clip Tuner PRO TIE Stage est une combinaison innovante d\u2019un accordeur clip polyvalent pour guitare, basse, violon et ukul\u00e9l\u00e9 et un m\u00e9tronome optique. L\u2019\u00e9cran LCD lumineux et facile \u00e0 lire passe automatiquement \u00e0 une rotation de 180 degr\u00e9s entre accordeur et le m\u00e9tronome. Clip Tuner est facile \u00e0 utiliser et fonctionne gr\u00e2ce \u00e0 [&hellip;]<\/p>\n","protected":false},"featured_media":11630,"template":"","meta":[],"product_brand":[],"product_cat":[24,28],"product_tag":[],"class_list":{"0":"post-11629","1":"product","2":"type-product","3":"status-publish","4":"has-post-thumbnail","6":"product_cat-tie","7":"product_cat-tie-stage","9":"first","10":"instock","11":"purchasable","12":"product-type-simple"},"yoast_head":"<!-- This site is optimized with the Yoast SEO plugin v25.0 - https:\/\/yoast.com\/wordpress\/plugins\/seo\/ -->\n<title>Clip Tuner PRO - E-Commerce-Revolution<\/title>\n<meta name=\"robots\" content=\"index, follow, max-snippet:-1, max-image-preview:large, max-video-preview:-1\" \/>\n<link rel=\"canonical\" href=\"https:\/\/tie-products.com\/fr\/produkt\/clip-tuner-pro\/\" \/>\n<meta property=\"og:locale\" content=\"fr_FR\" \/>\n<meta property=\"og:type\" content=\"article\" \/>\n<meta property=\"og:title\" content=\"Clip Tuner PRO - E-Commerce-Revolution\" \/>\n<meta property=\"og:description\" content=\"Accordeur Clip\/Tuner\/M\u00e9tronome Clip Tuner PRO TIE Stage est une combinaison innovante d\u2019un accordeur clip polyvalent pour guitare, basse, violon et ukul\u00e9l\u00e9 et un m\u00e9tronome optique. L\u2019\u00e9cran LCD lumineux et facile \u00e0 lire passe automatiquement \u00e0 une rotation de 180 degr\u00e9s entre accordeur et le m\u00e9tronome. Clip Tuner est facile \u00e0 utiliser et fonctionne gr\u00e2ce \u00e0 [&hellip;]\" \/>\n<meta property=\"og:url\" content=\"https:\/\/tie-products.com\/fr\/produkt\/clip-tuner-pro\/\" \/>\n<meta property=\"og:site_name\" content=\"E-Commerce-Revolution\" \/>\n<meta property=\"article:modified_time\" content=\"2021-01-27T09:39:51+00:00\" \/>\n<meta property=\"og:image\" content=\"https:\/\/tie-products.com\/wp-content\/uploads\/2018\/09\/19-90022-TIE-STAGE-Clip-Tuner-PRO.jpg\" \/>\n\t<meta property=\"og:image:width\" content=\"1024\" \/>\n\t<meta property=\"og:image:height\" content=\"1024\" \/>\n\t<meta property=\"og:image:type\" content=\"image\/jpeg\" \/>\n<meta name=\"twitter:card\" content=\"summary_large_image\" \/>\n<meta name=\"twitter:label1\" content=\"Dur\u00e9e de lecture estim\u00e9e\" \/>\n\t<meta name=\"twitter:data1\" content=\"1 minute\" \/>\n<script type=\"application\/ld+json\" class=\"yoast-schema-graph\">{\"@context\":\"https:\/\/schema.org\",\"@graph\":[{\"@type\":\"WebPage\",\"@id\":\"https:\/\/tie-products.com\/fr\/produkt\/clip-tuner-pro\/\",\"url\":\"https:\/\/tie-products.com\/fr\/produkt\/clip-tuner-pro\/\",\"name\":\"Clip Tuner PRO - E-Commerce-Revolution\",\"isPartOf\":{\"@id\":\"https:\/\/tie-products.com\/pl\/#website\"},\"primaryImageOfPage\":{\"@id\":\"https:\/\/tie-products.com\/fr\/produkt\/clip-tuner-pro\/#primaryimage\"},\"image\":{\"@id\":\"https:\/\/tie-products.com\/fr\/produkt\/clip-tuner-pro\/#primaryimage\"},\"thumbnailUrl\":\"https:\/\/tie-products.com\/wp-content\/uploads\/2018\/09\/19-90022-TIE-STAGE-Clip-Tuner-PRO.jpg\",\"datePublished\":\"2019-02-16T20:06:06+00:00\",\"dateModified\":\"2021-01-27T09:39:51+00:00\",\"breadcrumb\":{\"@id\":\"https:\/\/tie-products.com\/fr\/produkt\/clip-tuner-pro\/#breadcrumb\"},\"inLanguage\":\"fr-FR\",\"potentialAction\":[{\"@type\":\"ReadAction\",\"target\":[\"https:\/\/tie-products.com\/fr\/produkt\/clip-tuner-pro\/\"]}]},{\"@type\":\"ImageObject\",\"inLanguage\":\"fr-FR\",\"@id\":\"https:\/\/tie-products.com\/fr\/produkt\/clip-tuner-pro\/#primaryimage\",\"url\":\"https:\/\/tie-products.com\/wp-content\/uploads\/2018\/09\/19-90022-TIE-STAGE-Clip-Tuner-PRO.jpg\",\"contentUrl\":\"https:\/\/tie-products.com\/wp-content\/uploads\/2018\/09\/19-90022-TIE-STAGE-Clip-Tuner-PRO.jpg\",\"width\":1024,\"height\":1024},{\"@type\":\"BreadcrumbList\",\"@id\":\"https:\/\/tie-products.com\/fr\/produkt\/clip-tuner-pro\/#breadcrumb\",\"itemListElement\":[{\"@type\":\"ListItem\",\"position\":1,\"name\":\"Home\",\"item\":\"https:\/\/tie-products.com\/fr\/\"},{\"@type\":\"ListItem\",\"position\":2,\"name\":\"Shop\",\"item\":\"https:\/\/tie-products.com\/shop\/\"},{\"@type\":\"ListItem\",\"position\":3,\"name\":\"Clip Tuner PRO\"}]},{\"@type\":\"WebSite\",\"@id\":\"https:\/\/tie-products.com\/pl\/#website\",\"url\":\"https:\/\/tie-products.com\/pl\/\",\"name\":\"E-Commerce-Revolution\",\"description\":\"Just another WordPress site\",\"potentialAction\":[{\"@type\":\"SearchAction\",\"target\":{\"@type\":\"EntryPoint\",\"urlTemplate\":\"https:\/\/tie-products.com\/pl\/?s={search_term_string}\"},\"query-input\":{\"@type\":\"PropertyValueSpecification\",\"valueRequired\":true,\"valueName\":\"search_term_string\"}}],\"inLanguage\":\"fr-FR\"}]}<\/script>\n<!-- \/ Yoast SEO plugin. -->","yoast_head_json":{"title":"Clip Tuner PRO - E-Commerce-Revolution","robots":{"index":"index","follow":"follow","max-snippet":"max-snippet:-1","max-image-preview":"max-image-preview:large","max-video-preview":"max-video-preview:-1"},"canonical":"https:\/\/tie-products.com\/fr\/produkt\/clip-tuner-pro\/","og_locale":"fr_FR","og_type":"article","og_title":"Clip Tuner PRO - E-Commerce-Revolution","og_description":"Accordeur Clip\/Tuner\/M\u00e9tronome Clip Tuner PRO TIE Stage est une combinaison innovante d\u2019un accordeur clip polyvalent pour guitare, basse, violon et ukul\u00e9l\u00e9 et un m\u00e9tronome optique. L\u2019\u00e9cran LCD lumineux et facile \u00e0 lire passe automatiquement \u00e0 une rotation de 180 degr\u00e9s entre accordeur et le m\u00e9tronome. Clip Tuner est facile \u00e0 utiliser et fonctionne gr\u00e2ce \u00e0 [&hellip;]","og_url":"https:\/\/tie-products.com\/fr\/produkt\/clip-tuner-pro\/","og_site_name":"E-Commerce-Revolution","article_modified_time":"2021-01-27T09:39:51+00:00","og_image":[{"width":1024,"height":1024,"url":"https:\/\/tie-products.com\/wp-content\/uploads\/2018\/09\/19-90022-TIE-STAGE-Clip-Tuner-PRO.jpg","type":"image\/jpeg"}],"twitter_card":"summary_large_image","twitter_misc":{"Dur\u00e9e de lecture estim\u00e9e":"1 minute"},"schema":{"@context":"https:\/\/schema.org","@graph":[{"@type":"WebPage","@id":"https:\/\/tie-products.com\/fr\/produkt\/clip-tuner-pro\/","url":"https:\/\/tie-products.com\/fr\/produkt\/clip-tuner-pro\/","name":"Clip Tuner PRO - E-Commerce-Revolution","isPartOf":{"@id":"https:\/\/tie-products.com\/pl\/#website"},"primaryImageOfPage":{"@id":"https:\/\/tie-products.com\/fr\/produkt\/clip-tuner-pro\/#primaryimage"},"image":{"@id":"https:\/\/tie-products.com\/fr\/produkt\/clip-tuner-pro\/#primaryimage"},"thumbnailUrl":"https:\/\/tie-products.com\/wp-content\/uploads\/2018\/09\/19-90022-TIE-STAGE-Clip-Tuner-PRO.jpg","datePublished":"2019-02-16T20:06:06+00:00","dateModified":"2021-01-27T09:39:51+00:00","breadcrumb":{"@id":"https:\/\/tie-products.com\/fr\/produkt\/clip-tuner-pro\/#breadcrumb"},"inLanguage":"fr-FR","potentialAction":[{"@type":"ReadAction","target":["https:\/\/tie-products.com\/fr\/produkt\/clip-tuner-pro\/"]}]},{"@type":"ImageObject","inLanguage":"fr-FR","@id":"https:\/\/tie-products.com\/fr\/produkt\/clip-tuner-pro\/#primaryimage","url":"https:\/\/tie-products.com\/wp-content\/uploads\/2018\/09\/19-90022-TIE-STAGE-Clip-Tuner-PRO.jpg","contentUrl":"https:\/\/tie-products.com\/wp-content\/uploads\/2018\/09\/19-90022-TIE-STAGE-Clip-Tuner-PRO.jpg","width":1024,"height":1024},{"@type":"BreadcrumbList","@id":"https:\/\/tie-products.com\/fr\/produkt\/clip-tuner-pro\/#breadcrumb","itemListElement":[{"@type":"ListItem","position":1,"name":"Home","item":"https:\/\/tie-products.com\/fr\/"},{"@type":"ListItem","position":2,"name":"Shop","item":"https:\/\/tie-products.com\/shop\/"},{"@type":"ListItem","position":3,"name":"Clip Tuner PRO"}]},{"@type":"WebSite","@id":"https:\/\/tie-products.com\/pl\/#website","url":"https:\/\/tie-products.com\/pl\/","name":"E-Commerce-Revolution","description":"Just another WordPress site","potentialAction":[{"@type":"SearchAction","target":{"@type":"EntryPoint","urlTemplate":"https:\/\/tie-products.com\/pl\/?s={search_term_string}"},"query-input":{"@type":"PropertyValueSpecification","valueRequired":true,"valueName":"search_term_string"}}],"inLanguage":"fr-FR"}]}},"_links":{"self":[{"href":"https:\/\/tie-products.com\/fr\/wp-json\/wp\/v2\/product\/11629","targetHints":{"allow":["GET"]}}],"collection":[{"href":"https:\/\/tie-products.com\/fr\/wp-json\/wp\/v2\/product"}],"about":[{"href":"https:\/\/tie-products.com\/fr\/wp-json\/wp\/v2\/types\/product"}],"wp:featuredmedia":[{"embeddable":true,"href":"https:\/\/tie-products.com\/fr\/wp-json\/wp\/v2\/media\/11630"}],"wp:attachment":[{"href":"https:\/\/tie-products.com\/fr\/wp-json\/wp\/v2\/media?parent=11629"}],"wp:term":[{"taxonomy":"product_brand","embeddable":true,"href":"https:\/\/tie-products.com\/fr\/wp-json\/wp\/v2\/product_brand?post=11629"},{"taxonomy":"product_cat","embeddable":true,"href":"https:\/\/tie-products.com\/fr\/wp-json\/wp\/v2\/product_cat?post=11629"},{"taxonomy":"product_tag","embeddable":true,"href":"https:\/\/tie-products.com\/fr\/wp-json\/wp\/v2\/product_tag?post=11629"}],"curies":[{"name":"wp","href":"https:\/\/api.w.org\/{rel}","templated":true}]}}