{"id":11611,"date":"2019-02-16T21:06:08","date_gmt":"2019-02-16T20:06:08","guid":{"rendered":"https:\/\/tie-products.netzspitze.cloud\/produkt\/bluetooth-4-2-earphones-truly\/"},"modified":"2021-02-20T18:37:29","modified_gmt":"2021-02-20T18:37:29","slug":"bluetooth-4-2-earphones-truly","status":"publish","type":"product","link":"https:\/\/tie-products.com\/fr\/produkt\/bluetooth-4-2-earphones-truly\/","title":{"rendered":"Bluetooth 4.2 Earphones TRULY (TX1T)"},"content":{"rendered":"<p><strong>Ecouteurs sans fil Bluetooth<\/strong><\/p>\n<p>Les \u00e9couteurs Bluetooth TIE Audio, de conception tr\u00e8s confortable et bien ajust\u00e9, sont id\u00e9aux pour les sports et les loisirs gr\u00e2ce \u00e0 leur l\u00e9g\u00e8ret\u00e9. La nouvelle technologie Bluetooth 4.2 et la suppression du bruit int\u00e9gr\u00e9 (Derni\u00e8res CVC 6.0 antibruit), ainsi qu\u2019une qualit\u00e9 sonore parfaite, sans latence, font des \u00e9couteurs Bluetooth TIE audio une r\u00e9f\u00e9rence en terme de son clair et dynamique. Un ensemble d\u2019embouts fournis, embouts rempla\u00e7ables (petit, moyen, grand) assure \u00e9galement une isolation tr\u00e8s \u00e9lev\u00e9e contre les bruits ambiants et une excellente stabilisation dans l\u2019oreille, ce qui fait que le casque est aussi id\u00e9al pour le jogging, la randonn\u00e9e et autres activit\u00e9s de plein air appropri\u00e9s. Les batteries de haute performance permettent d\u2019\u00e9couter jusqu\u2019\u00e0 4 heures d\u2019appels t\u00e9l\u00e9phoniques directs ou musique. Le microphone int\u00e9gr\u00e9 HD Audio Earphones TIE peut \u00e9galement \u00eatre utilis\u00e9 comme un casque. Les appels t\u00e9l\u00e9phoniques peuvent \u00eatre re\u00e7us facilement en appuyant sur un bouton directement via Bluetooth. Le casque sans fil TIE audio est compatible avec tous les Smartphones populaires et les tablettes, que ce soit iOS ou Android. La configuration unique est faite gr\u00e2ce \u00e0 un manuel d\u2019utilisation allemand en quelques \u00e9tapes. Un c\u00e2ble de recharge USB, comme un \u00e9tui de transport sont d\u00e9j\u00e0 inclus.<\/p>\n<p><strong>Caract\u00e9ristiques<\/strong><\/p>\n<ul>\n<li>Ecouteurs Sans fil Bluetooth<\/li>\n<li>Compatible avec iOS et Android<\/li>\n<li>Bluetooth 4.2<\/li>\n<li>Supporte A2DP1.3 \/ HFP1.6 \/ HSP 1.2 \/ AVRCP 1.6 \/ DI1.3<\/li>\n<li>Fr\u00e9quence: 2,4 GHz<\/li>\n<li>Suppresseurs de bruits CVC6.0 Active Noise<\/li>\n<li>Port\u00e9e jusqu\u2019\u00e0 10 m\u00e8tres (en plein air)<\/li>\n<li>Dur\u00e9e de fonctionnement: Jusqu\u2019\u00e0 4 heures de fonctionnement continu (individuellement plus tard)<\/li>\n<li>Grand confort<\/li>\n<li>La sensibilit\u00e9 de r\u00e9ception: -90 dBm<\/li>\n<li>CVC 6.0 antibruit<\/li>\n<li>Compatible avec tous les Smartphones et tablettes<\/li>\n<li>Embouts rempla\u00e7ables (petit, moyen, grand)<\/li>\n<li>Microphone int\u00e9gr\u00e9 HD<\/li>\n<li>Batterie hautes performances int\u00e9gr\u00e9 (fabriqu\u00e9 au Japon)<\/li>\n<li>Temps de charge: 2 heures<\/li>\n<li>Capacit\u00e9 de la batterie: 65mAh chaque<\/li>\n<li>Indicateur LED<\/li>\n<li>Indicateur de batterie sur le Smartphone<\/li>\n<li>Comprend c\u00e2ble de recharge USB et \u00e9tui de transport<\/li>\n<li>C\u00e2ble de charge: USB \u2013 NOKIA Splitter c\u00e2ble de charge (2,0 mm jack)<\/li>\n<li>Manuel allemand<\/li>\n<li>Couleur: noir<\/li>\n<li>Poids: 10 grammes par casque<\/li>\n<\/ul>\n","protected":false},"excerpt":{"rendered":"<p>Ecouteurs sans fil Bluetooth Les \u00e9couteurs Bluetooth TIE Audio, de conception tr\u00e8s confortable et bien ajust\u00e9, sont id\u00e9aux pour les sports et les loisirs gr\u00e2ce \u00e0 leur l\u00e9g\u00e8ret\u00e9. La nouvelle technologie Bluetooth 4.2 et la suppression du bruit int\u00e9gr\u00e9 (Derni\u00e8res CVC 6.0 antibruit), ainsi qu\u2019une qualit\u00e9 sonore parfaite, sans latence, font des \u00e9couteurs Bluetooth TIE [&hellip;]<\/p>\n","protected":false},"featured_media":11612,"template":"","meta":[],"product_brand":[],"product_cat":[24,27],"product_tag":[],"class_list":{"0":"post-11611","1":"product","2":"type-product","3":"status-publish","4":"has-post-thumbnail","6":"product_cat-tie","7":"product_cat-tie-audio","9":"first","10":"instock","11":"purchasable","12":"product-type-simple"},"yoast_head":"<!-- This site is optimized with the Yoast SEO plugin v25.0 - https:\/\/yoast.com\/wordpress\/plugins\/seo\/ -->\n<title>Bluetooth 4.2 Earphones TRULY (TX1T) - E-Commerce-Revolution<\/title>\n<meta name=\"robots\" content=\"index, follow, max-snippet:-1, max-image-preview:large, max-video-preview:-1\" \/>\n<link rel=\"canonical\" href=\"https:\/\/tie-products.com\/fr\/produkt\/bluetooth-4-2-earphones-truly\/\" \/>\n<meta property=\"og:locale\" content=\"fr_FR\" \/>\n<meta property=\"og:type\" content=\"article\" \/>\n<meta property=\"og:title\" content=\"Bluetooth 4.2 Earphones TRULY (TX1T) - E-Commerce-Revolution\" \/>\n<meta property=\"og:description\" content=\"Ecouteurs sans fil Bluetooth Les \u00e9couteurs Bluetooth TIE Audio, de conception tr\u00e8s confortable et bien ajust\u00e9, sont id\u00e9aux pour les sports et les loisirs gr\u00e2ce \u00e0 leur l\u00e9g\u00e8ret\u00e9. La nouvelle technologie Bluetooth 4.2 et la suppression du bruit int\u00e9gr\u00e9 (Derni\u00e8res CVC 6.0 antibruit), ainsi qu\u2019une qualit\u00e9 sonore parfaite, sans latence, font des \u00e9couteurs Bluetooth TIE [&hellip;]\" \/>\n<meta property=\"og:url\" content=\"https:\/\/tie-products.com\/fr\/produkt\/bluetooth-4-2-earphones-truly\/\" \/>\n<meta property=\"og:site_name\" content=\"E-Commerce-Revolution\" \/>\n<meta property=\"article:modified_time\" content=\"2021-02-20T18:37:29+00:00\" \/>\n<meta property=\"og:image\" content=\"https:\/\/tie-products.com\/wp-content\/uploads\/2018\/09\/19-90025-TIE-AUDIO-Bluetooth-4.2-Earphones-TRULY.jpg\" \/>\n\t<meta property=\"og:image:width\" content=\"1024\" \/>\n\t<meta property=\"og:image:height\" content=\"1024\" \/>\n\t<meta property=\"og:image:type\" content=\"image\/jpeg\" \/>\n<meta name=\"twitter:card\" content=\"summary_large_image\" \/>\n<meta name=\"twitter:label1\" content=\"Dur\u00e9e de lecture estim\u00e9e\" \/>\n\t<meta name=\"twitter:data1\" content=\"2 minutes\" \/>\n<script type=\"application\/ld+json\" class=\"yoast-schema-graph\">{\"@context\":\"https:\/\/schema.org\",\"@graph\":[{\"@type\":\"WebPage\",\"@id\":\"https:\/\/tie-products.com\/fr\/produkt\/bluetooth-4-2-earphones-truly\/\",\"url\":\"https:\/\/tie-products.com\/fr\/produkt\/bluetooth-4-2-earphones-truly\/\",\"name\":\"Bluetooth 4.2 Earphones TRULY (TX1T) - E-Commerce-Revolution\",\"isPartOf\":{\"@id\":\"https:\/\/tie-products.com\/pl\/#website\"},\"primaryImageOfPage\":{\"@id\":\"https:\/\/tie-products.com\/fr\/produkt\/bluetooth-4-2-earphones-truly\/#primaryimage\"},\"image\":{\"@id\":\"https:\/\/tie-products.com\/fr\/produkt\/bluetooth-4-2-earphones-truly\/#primaryimage\"},\"thumbnailUrl\":\"https:\/\/tie-products.com\/wp-content\/uploads\/2018\/09\/19-90025-TIE-AUDIO-Bluetooth-4.2-Earphones-TRULY.jpg\",\"datePublished\":\"2019-02-16T20:06:08+00:00\",\"dateModified\":\"2021-02-20T18:37:29+00:00\",\"breadcrumb\":{\"@id\":\"https:\/\/tie-products.com\/fr\/produkt\/bluetooth-4-2-earphones-truly\/#breadcrumb\"},\"inLanguage\":\"fr-FR\",\"potentialAction\":[{\"@type\":\"ReadAction\",\"target\":[\"https:\/\/tie-products.com\/fr\/produkt\/bluetooth-4-2-earphones-truly\/\"]}]},{\"@type\":\"ImageObject\",\"inLanguage\":\"fr-FR\",\"@id\":\"https:\/\/tie-products.com\/fr\/produkt\/bluetooth-4-2-earphones-truly\/#primaryimage\",\"url\":\"https:\/\/tie-products.com\/wp-content\/uploads\/2018\/09\/19-90025-TIE-AUDIO-Bluetooth-4.2-Earphones-TRULY.jpg\",\"contentUrl\":\"https:\/\/tie-products.com\/wp-content\/uploads\/2018\/09\/19-90025-TIE-AUDIO-Bluetooth-4.2-Earphones-TRULY.jpg\",\"width\":1024,\"height\":1024},{\"@type\":\"BreadcrumbList\",\"@id\":\"https:\/\/tie-products.com\/fr\/produkt\/bluetooth-4-2-earphones-truly\/#breadcrumb\",\"itemListElement\":[{\"@type\":\"ListItem\",\"position\":1,\"name\":\"Home\",\"item\":\"https:\/\/tie-products.com\/fr\/\"},{\"@type\":\"ListItem\",\"position\":2,\"name\":\"Shop\",\"item\":\"https:\/\/tie-products.com\/shop\/\"},{\"@type\":\"ListItem\",\"position\":3,\"name\":\"Bluetooth 4.2 Earphones TRULY (TX1T)\"}]},{\"@type\":\"WebSite\",\"@id\":\"https:\/\/tie-products.com\/pl\/#website\",\"url\":\"https:\/\/tie-products.com\/pl\/\",\"name\":\"E-Commerce-Revolution\",\"description\":\"Just another WordPress site\",\"potentialAction\":[{\"@type\":\"SearchAction\",\"target\":{\"@type\":\"EntryPoint\",\"urlTemplate\":\"https:\/\/tie-products.com\/pl\/?s={search_term_string}\"},\"query-input\":{\"@type\":\"PropertyValueSpecification\",\"valueRequired\":true,\"valueName\":\"search_term_string\"}}],\"inLanguage\":\"fr-FR\"}]}<\/script>\n<!-- \/ Yoast SEO plugin. -->","yoast_head_json":{"title":"Bluetooth 4.2 Earphones TRULY (TX1T) - E-Commerce-Revolution","robots":{"index":"index","follow":"follow","max-snippet":"max-snippet:-1","max-image-preview":"max-image-preview:large","max-video-preview":"max-video-preview:-1"},"canonical":"https:\/\/tie-products.com\/fr\/produkt\/bluetooth-4-2-earphones-truly\/","og_locale":"fr_FR","og_type":"article","og_title":"Bluetooth 4.2 Earphones TRULY (TX1T) - E-Commerce-Revolution","og_description":"Ecouteurs sans fil Bluetooth Les \u00e9couteurs Bluetooth TIE Audio, de conception tr\u00e8s confortable et bien ajust\u00e9, sont id\u00e9aux pour les sports et les loisirs gr\u00e2ce \u00e0 leur l\u00e9g\u00e8ret\u00e9. La nouvelle technologie Bluetooth 4.2 et la suppression du bruit int\u00e9gr\u00e9 (Derni\u00e8res CVC 6.0 antibruit), ainsi qu\u2019une qualit\u00e9 sonore parfaite, sans latence, font des \u00e9couteurs Bluetooth TIE [&hellip;]","og_url":"https:\/\/tie-products.com\/fr\/produkt\/bluetooth-4-2-earphones-truly\/","og_site_name":"E-Commerce-Revolution","article_modified_time":"2021-02-20T18:37:29+00:00","og_image":[{"width":1024,"height":1024,"url":"https:\/\/tie-products.com\/wp-content\/uploads\/2018\/09\/19-90025-TIE-AUDIO-Bluetooth-4.2-Earphones-TRULY.jpg","type":"image\/jpeg"}],"twitter_card":"summary_large_image","twitter_misc":{"Dur\u00e9e de lecture estim\u00e9e":"2 minutes"},"schema":{"@context":"https:\/\/schema.org","@graph":[{"@type":"WebPage","@id":"https:\/\/tie-products.com\/fr\/produkt\/bluetooth-4-2-earphones-truly\/","url":"https:\/\/tie-products.com\/fr\/produkt\/bluetooth-4-2-earphones-truly\/","name":"Bluetooth 4.2 Earphones TRULY (TX1T) - E-Commerce-Revolution","isPartOf":{"@id":"https:\/\/tie-products.com\/pl\/#website"},"primaryImageOfPage":{"@id":"https:\/\/tie-products.com\/fr\/produkt\/bluetooth-4-2-earphones-truly\/#primaryimage"},"image":{"@id":"https:\/\/tie-products.com\/fr\/produkt\/bluetooth-4-2-earphones-truly\/#primaryimage"},"thumbnailUrl":"https:\/\/tie-products.com\/wp-content\/uploads\/2018\/09\/19-90025-TIE-AUDIO-Bluetooth-4.2-Earphones-TRULY.jpg","datePublished":"2019-02-16T20:06:08+00:00","dateModified":"2021-02-20T18:37:29+00:00","breadcrumb":{"@id":"https:\/\/tie-products.com\/fr\/produkt\/bluetooth-4-2-earphones-truly\/#breadcrumb"},"inLanguage":"fr-FR","potentialAction":[{"@type":"ReadAction","target":["https:\/\/tie-products.com\/fr\/produkt\/bluetooth-4-2-earphones-truly\/"]}]},{"@type":"ImageObject","inLanguage":"fr-FR","@id":"https:\/\/tie-products.com\/fr\/produkt\/bluetooth-4-2-earphones-truly\/#primaryimage","url":"https:\/\/tie-products.com\/wp-content\/uploads\/2018\/09\/19-90025-TIE-AUDIO-Bluetooth-4.2-Earphones-TRULY.jpg","contentUrl":"https:\/\/tie-products.com\/wp-content\/uploads\/2018\/09\/19-90025-TIE-AUDIO-Bluetooth-4.2-Earphones-TRULY.jpg","width":1024,"height":1024},{"@type":"BreadcrumbList","@id":"https:\/\/tie-products.com\/fr\/produkt\/bluetooth-4-2-earphones-truly\/#breadcrumb","itemListElement":[{"@type":"ListItem","position":1,"name":"Home","item":"https:\/\/tie-products.com\/fr\/"},{"@type":"ListItem","position":2,"name":"Shop","item":"https:\/\/tie-products.com\/shop\/"},{"@type":"ListItem","position":3,"name":"Bluetooth 4.2 Earphones TRULY (TX1T)"}]},{"@type":"WebSite","@id":"https:\/\/tie-products.com\/pl\/#website","url":"https:\/\/tie-products.com\/pl\/","name":"E-Commerce-Revolution","description":"Just another WordPress site","potentialAction":[{"@type":"SearchAction","target":{"@type":"EntryPoint","urlTemplate":"https:\/\/tie-products.com\/pl\/?s={search_term_string}"},"query-input":{"@type":"PropertyValueSpecification","valueRequired":true,"valueName":"search_term_string"}}],"inLanguage":"fr-FR"}]}},"_links":{"self":[{"href":"https:\/\/tie-products.com\/fr\/wp-json\/wp\/v2\/product\/11611","targetHints":{"allow":["GET"]}}],"collection":[{"href":"https:\/\/tie-products.com\/fr\/wp-json\/wp\/v2\/product"}],"about":[{"href":"https:\/\/tie-products.com\/fr\/wp-json\/wp\/v2\/types\/product"}],"wp:featuredmedia":[{"embeddable":true,"href":"https:\/\/tie-products.com\/fr\/wp-json\/wp\/v2\/media\/11612"}],"wp:attachment":[{"href":"https:\/\/tie-products.com\/fr\/wp-json\/wp\/v2\/media?parent=11611"}],"wp:term":[{"taxonomy":"product_brand","embeddable":true,"href":"https:\/\/tie-products.com\/fr\/wp-json\/wp\/v2\/product_brand?post=11611"},{"taxonomy":"product_cat","embeddable":true,"href":"https:\/\/tie-products.com\/fr\/wp-json\/wp\/v2\/product_cat?post=11611"},{"taxonomy":"product_tag","embeddable":true,"href":"https:\/\/tie-products.com\/fr\/wp-json\/wp\/v2\/product_tag?post=11611"}],"curies":[{"name":"wp","href":"https:\/\/api.w.org\/{rel}","templated":true}]}}