{"id":11602,"date":"2019-02-16T21:06:06","date_gmt":"2019-02-16T20:06:06","guid":{"rendered":"https:\/\/tie-products.netzspitze.cloud\/produkt\/bluetooth-4-1-earphones-daily\/"},"modified":"2021-01-27T09:33:56","modified_gmt":"2021-01-27T09:33:56","slug":"bluetooth-4-1-earphones-daily","status":"publish","type":"product","link":"https:\/\/tie-products.com\/fr\/produkt\/bluetooth-4-1-earphones-daily\/","title":{"rendered":"Bluetooth 4.1 Earphones DAILY"},"content":{"rendered":"\n\t\t<style type=\"text\/css\">\n\t\t\t#gallery-1 {\n\t\t\t\tmargin: auto;\n\t\t\t}\n\t\t\t#gallery-1 .gallery-item {\n\t\t\t\tfloat: left;\n\t\t\t\tmargin-top: 10px;\n\t\t\t\ttext-align: center;\n\t\t\t\twidth: 33%;\n\t\t\t}\n\t\t\t#gallery-1 img {\n\t\t\t\tborder: 2px solid #cfcfcf;\n\t\t\t}\n\t\t\t#gallery-1 .gallery-caption {\n\t\t\t\tmargin-left: 0;\n\t\t\t}\n\t\t\t\/* see gallery_shortcode() in wp-includes\/media.php *\/\n\t\t<\/style>\n\t\t<div id='gallery-1' class='gallery galleryid-11602 gallery-columns-3 gallery-size-thumbnail'><dl class='gallery-item'>\n\t\t\t<dt class='gallery-icon landscape'>\n\t\t\t\t<a href='https:\/\/tie-products.com\/fr\/?attachment_id=10868'><img loading=\"lazy\" decoding=\"async\" width=\"80\" height=\"80\" src=\"https:\/\/tie-products.com\/wp-content\/uploads\/2018\/09\/19-90014-TIE-AUDIO-Bluetooth-4.1-Earphones-DAILY-seitlich-80x80.jpg\" class=\"attachment-thumbnail size-thumbnail\" alt=\"\" aria-describedby=\"gallery-1-10868\" srcset=\"https:\/\/tie-products.com\/wp-content\/uploads\/2018\/09\/19-90014-TIE-AUDIO-Bluetooth-4.1-Earphones-DAILY-seitlich-80x80.jpg 80w, https:\/\/tie-products.com\/wp-content\/uploads\/2018\/09\/19-90014-TIE-AUDIO-Bluetooth-4.1-Earphones-DAILY-seitlich-300x300.jpg 300w, https:\/\/tie-products.com\/wp-content\/uploads\/2018\/09\/19-90014-TIE-AUDIO-Bluetooth-4.1-Earphones-DAILY-seitlich-100x100.jpg 100w, https:\/\/tie-products.com\/wp-content\/uploads\/2018\/09\/19-90014-TIE-AUDIO-Bluetooth-4.1-Earphones-DAILY-seitlich-600x600.jpg 600w, https:\/\/tie-products.com\/wp-content\/uploads\/2018\/09\/19-90014-TIE-AUDIO-Bluetooth-4.1-Earphones-DAILY-seitlich-768x768.jpg 768w, https:\/\/tie-products.com\/wp-content\/uploads\/2018\/09\/19-90014-TIE-AUDIO-Bluetooth-4.1-Earphones-DAILY-seitlich-36x36.jpg 36w, https:\/\/tie-products.com\/wp-content\/uploads\/2018\/09\/19-90014-TIE-AUDIO-Bluetooth-4.1-Earphones-DAILY-seitlich-180x180.jpg 180w, https:\/\/tie-products.com\/wp-content\/uploads\/2018\/09\/19-90014-TIE-AUDIO-Bluetooth-4.1-Earphones-DAILY-seitlich-705x705.jpg 705w, https:\/\/tie-products.com\/wp-content\/uploads\/2018\/09\/19-90014-TIE-AUDIO-Bluetooth-4.1-Earphones-DAILY-seitlich.jpg 1024w\" sizes=\"auto, (max-width: 80px) 100vw, 80px\" \/><\/a>\n\t\t\t<\/dt>\n\t\t\t\t<dd class='wp-caption-text gallery-caption' id='gallery-1-10868'>\n\t\t\t\tBluetooth 4.1 Earphones DAILY\n\t\t\t\t<\/dd><\/dl><dl class='gallery-item'>\n\t\t\t<dt class='gallery-icon landscape'>\n\t\t\t\t<a href='https:\/\/tie-products.com\/fr\/?attachment_id=10871'><img loading=\"lazy\" decoding=\"async\" width=\"80\" height=\"80\" src=\"https:\/\/tie-products.com\/wp-content\/uploads\/2018\/09\/19-90014-TIE-AUDIO-Bluetooth-4.1-Earphones-DAILY-mockup-80x80.jpg\" class=\"attachment-thumbnail size-thumbnail\" alt=\"\" aria-describedby=\"gallery-1-10871\" srcset=\"https:\/\/tie-products.com\/wp-content\/uploads\/2018\/09\/19-90014-TIE-AUDIO-Bluetooth-4.1-Earphones-DAILY-mockup-80x80.jpg 80w, https:\/\/tie-products.com\/wp-content\/uploads\/2018\/09\/19-90014-TIE-AUDIO-Bluetooth-4.1-Earphones-DAILY-mockup-300x300.jpg 300w, https:\/\/tie-products.com\/wp-content\/uploads\/2018\/09\/19-90014-TIE-AUDIO-Bluetooth-4.1-Earphones-DAILY-mockup-100x100.jpg 100w, https:\/\/tie-products.com\/wp-content\/uploads\/2018\/09\/19-90014-TIE-AUDIO-Bluetooth-4.1-Earphones-DAILY-mockup-600x600.jpg 600w, https:\/\/tie-products.com\/wp-content\/uploads\/2018\/09\/19-90014-TIE-AUDIO-Bluetooth-4.1-Earphones-DAILY-mockup-768x768.jpg 768w, https:\/\/tie-products.com\/wp-content\/uploads\/2018\/09\/19-90014-TIE-AUDIO-Bluetooth-4.1-Earphones-DAILY-mockup-36x36.jpg 36w, https:\/\/tie-products.com\/wp-content\/uploads\/2018\/09\/19-90014-TIE-AUDIO-Bluetooth-4.1-Earphones-DAILY-mockup-180x180.jpg 180w, https:\/\/tie-products.com\/wp-content\/uploads\/2018\/09\/19-90014-TIE-AUDIO-Bluetooth-4.1-Earphones-DAILY-mockup-705x705.jpg 705w, https:\/\/tie-products.com\/wp-content\/uploads\/2018\/09\/19-90014-TIE-AUDIO-Bluetooth-4.1-Earphones-DAILY-mockup.jpg 1024w\" sizes=\"auto, (max-width: 80px) 100vw, 80px\" \/><\/a>\n\t\t\t<\/dt>\n\t\t\t\t<dd class='wp-caption-text gallery-caption' id='gallery-1-10871'>\n\t\t\t\tBluetooth 4.1 Earphones DAILY\n\t\t\t\t<\/dd><\/dl>\n\t\t\t<br style='clear: both' \/>\n\t\t<\/div>\n\n<p><strong>Casque Bluetooth 4.1 DAILY<\/strong><br \/>\nEcouteurs Bluetooth pratiques et bien ajust\u00e9s. Id\u00e9aux pour les activit\u00e9s quotidiennes. Tie audio propose un casque ultral\u00e9ger, gr\u00e2ce \u00e0 la norme Bluetooth 4.1 et la suppression du bruit int\u00e9gr\u00e9 (annulation de bruit), une parfaite qualit\u00e9 sonore sans fil. Avec le contr\u00f4le \u00e0 distance de la musique, on peut facilement sauter et le volume sonore ne se d\u00e9r\u00e8gle pas, m\u00eame sans avoir le smartphone dans sa poche. En outre, on peut directement prendre les appels \u00e0 l\u2019aide du microphone. La batterie haute performance int\u00e9gr\u00e9e fournit au moins six heures d\u2019appels ou d\u2019\u00e9coute de la musique. Le casque audio Tie peut \u00e9galement \u00eatre facilement connect\u00e9 \u00e0 tous les smartphones et tablettes et donc est \u00e9galement adapt\u00e9 pour les appels t\u00e9l\u00e9phoniques mobiles, que ce soit iOS ou Android. Se connecter \u00e0 iTunes ou spotify s\u2019effectue en une minute. Inclus aussi un c\u00e2ble de recharge (USB vers mini USB) et un mode d\u2019emploi.<\/p>\n<p>Caract\u00e9ristiques:<\/p>\n<ul>\n<li>Ecouteurs st\u00e9r\u00e9o Bluetooth<\/li>\n<li>Bluetooth 4.1<\/li>\n<li>Grand confort<\/li>\n<li>Gamme de fr\u00e9quences: 20 Hz \u2013 20 kHz<\/li>\n<li>Compatible avec la plupart des t\u00e9l\u00e9phones et tablettes Bluetooth populaires<\/li>\n<li>Compatible avec iOS et Android<\/li>\n<li>Haute qualit\u00e9 sonore<\/li>\n<li>Ecoute jusqu\u2019\u00e0 appels 6 heures de t\u00e9l\u00e9phone ou de la musique<\/li>\n<li>Compatibilit\u00e9 10 m\u00e8tres \u00e0 la source possible<\/li>\n<li>Autonomie en veille jusqu\u2019\u00e0 120 heures<\/li>\n<li>Inclus des bouchons d\u2019oreilles interchangeables 2x<\/li>\n<li>Batterie rechargeable au lithium-ion de 80 mAh<\/li>\n<li>Contr\u00f4les: Volume +\/- piste suivante \/ pr\u00e9c\u00e9dente<\/li>\n<li>Port USB pour la recharge Micro<\/li>\n<li>Comprend un Micro c\u00e2ble de chargement USB<\/li>\n<li>Couleur: noir<\/li>\n<\/ul>\n","protected":false},"excerpt":{"rendered":"<p>Casque Bluetooth 4.1 DAILY Ecouteurs Bluetooth pratiques et bien ajust\u00e9s. Id\u00e9aux pour les activit\u00e9s quotidiennes. Tie audio propose un casque ultral\u00e9ger, gr\u00e2ce \u00e0 la norme Bluetooth 4.1 et la suppression du bruit int\u00e9gr\u00e9 (annulation de bruit), une parfaite qualit\u00e9 sonore sans fil. Avec le contr\u00f4le \u00e0 distance de la musique, on peut facilement sauter et [&hellip;]<\/p>\n","protected":false},"featured_media":11603,"template":"","meta":[],"product_brand":[],"product_cat":[24,27],"product_tag":[],"class_list":{"0":"post-11602","1":"product","2":"type-product","3":"status-publish","4":"has-post-thumbnail","6":"product_cat-tie","7":"product_cat-tie-audio","9":"first","10":"instock","11":"purchasable","12":"product-type-simple"},"yoast_head":"<!-- This site is optimized with the Yoast SEO plugin v25.0 - https:\/\/yoast.com\/wordpress\/plugins\/seo\/ -->\n<title>Bluetooth 4.1 Earphones DAILY - E-Commerce-Revolution<\/title>\n<meta name=\"robots\" content=\"index, follow, max-snippet:-1, max-image-preview:large, max-video-preview:-1\" \/>\n<link rel=\"canonical\" href=\"https:\/\/tie-products.com\/fr\/produkt\/bluetooth-4-1-earphones-daily\/\" \/>\n<meta property=\"og:locale\" content=\"fr_FR\" \/>\n<meta property=\"og:type\" content=\"article\" \/>\n<meta property=\"og:title\" content=\"Bluetooth 4.1 Earphones DAILY - E-Commerce-Revolution\" \/>\n<meta property=\"og:description\" content=\"Casque Bluetooth 4.1 DAILY Ecouteurs Bluetooth pratiques et bien ajust\u00e9s. Id\u00e9aux pour les activit\u00e9s quotidiennes. Tie audio propose un casque ultral\u00e9ger, gr\u00e2ce \u00e0 la norme Bluetooth 4.1 et la suppression du bruit int\u00e9gr\u00e9 (annulation de bruit), une parfaite qualit\u00e9 sonore sans fil. Avec le contr\u00f4le \u00e0 distance de la musique, on peut facilement sauter et [&hellip;]\" \/>\n<meta property=\"og:url\" content=\"https:\/\/tie-products.com\/fr\/produkt\/bluetooth-4-1-earphones-daily\/\" \/>\n<meta property=\"og:site_name\" content=\"E-Commerce-Revolution\" \/>\n<meta property=\"article:modified_time\" content=\"2021-01-27T09:33:56+00:00\" \/>\n<meta property=\"og:image\" content=\"https:\/\/tie-products.com\/wp-content\/uploads\/2018\/09\/19-90014-TIE-AUDIO-Bluetooth-4.1-Earphones-DAILY.jpg\" \/>\n\t<meta property=\"og:image:width\" content=\"1024\" \/>\n\t<meta property=\"og:image:height\" content=\"1024\" \/>\n\t<meta property=\"og:image:type\" content=\"image\/jpeg\" \/>\n<meta name=\"twitter:card\" content=\"summary_large_image\" \/>\n<meta name=\"twitter:label1\" content=\"Dur\u00e9e de lecture estim\u00e9e\" \/>\n\t<meta name=\"twitter:data1\" content=\"2 minutes\" \/>\n<script type=\"application\/ld+json\" class=\"yoast-schema-graph\">{\"@context\":\"https:\/\/schema.org\",\"@graph\":[{\"@type\":\"WebPage\",\"@id\":\"https:\/\/tie-products.com\/fr\/produkt\/bluetooth-4-1-earphones-daily\/\",\"url\":\"https:\/\/tie-products.com\/fr\/produkt\/bluetooth-4-1-earphones-daily\/\",\"name\":\"Bluetooth 4.1 Earphones DAILY - E-Commerce-Revolution\",\"isPartOf\":{\"@id\":\"https:\/\/tie-products.com\/pl\/#website\"},\"primaryImageOfPage\":{\"@id\":\"https:\/\/tie-products.com\/fr\/produkt\/bluetooth-4-1-earphones-daily\/#primaryimage\"},\"image\":{\"@id\":\"https:\/\/tie-products.com\/fr\/produkt\/bluetooth-4-1-earphones-daily\/#primaryimage\"},\"thumbnailUrl\":\"https:\/\/tie-products.com\/wp-content\/uploads\/2018\/09\/19-90014-TIE-AUDIO-Bluetooth-4.1-Earphones-DAILY.jpg\",\"datePublished\":\"2019-02-16T20:06:06+00:00\",\"dateModified\":\"2021-01-27T09:33:56+00:00\",\"breadcrumb\":{\"@id\":\"https:\/\/tie-products.com\/fr\/produkt\/bluetooth-4-1-earphones-daily\/#breadcrumb\"},\"inLanguage\":\"fr-FR\",\"potentialAction\":[{\"@type\":\"ReadAction\",\"target\":[\"https:\/\/tie-products.com\/fr\/produkt\/bluetooth-4-1-earphones-daily\/\"]}]},{\"@type\":\"ImageObject\",\"inLanguage\":\"fr-FR\",\"@id\":\"https:\/\/tie-products.com\/fr\/produkt\/bluetooth-4-1-earphones-daily\/#primaryimage\",\"url\":\"https:\/\/tie-products.com\/wp-content\/uploads\/2018\/09\/19-90014-TIE-AUDIO-Bluetooth-4.1-Earphones-DAILY.jpg\",\"contentUrl\":\"https:\/\/tie-products.com\/wp-content\/uploads\/2018\/09\/19-90014-TIE-AUDIO-Bluetooth-4.1-Earphones-DAILY.jpg\",\"width\":1024,\"height\":1024},{\"@type\":\"BreadcrumbList\",\"@id\":\"https:\/\/tie-products.com\/fr\/produkt\/bluetooth-4-1-earphones-daily\/#breadcrumb\",\"itemListElement\":[{\"@type\":\"ListItem\",\"position\":1,\"name\":\"Home\",\"item\":\"https:\/\/tie-products.com\/fr\/\"},{\"@type\":\"ListItem\",\"position\":2,\"name\":\"Shop\",\"item\":\"https:\/\/tie-products.com\/shop\/\"},{\"@type\":\"ListItem\",\"position\":3,\"name\":\"Bluetooth 4.1 Earphones DAILY\"}]},{\"@type\":\"WebSite\",\"@id\":\"https:\/\/tie-products.com\/pl\/#website\",\"url\":\"https:\/\/tie-products.com\/pl\/\",\"name\":\"E-Commerce-Revolution\",\"description\":\"Just another WordPress site\",\"potentialAction\":[{\"@type\":\"SearchAction\",\"target\":{\"@type\":\"EntryPoint\",\"urlTemplate\":\"https:\/\/tie-products.com\/pl\/?s={search_term_string}\"},\"query-input\":{\"@type\":\"PropertyValueSpecification\",\"valueRequired\":true,\"valueName\":\"search_term_string\"}}],\"inLanguage\":\"fr-FR\"}]}<\/script>\n<!-- \/ Yoast SEO plugin. -->","yoast_head_json":{"title":"Bluetooth 4.1 Earphones DAILY - E-Commerce-Revolution","robots":{"index":"index","follow":"follow","max-snippet":"max-snippet:-1","max-image-preview":"max-image-preview:large","max-video-preview":"max-video-preview:-1"},"canonical":"https:\/\/tie-products.com\/fr\/produkt\/bluetooth-4-1-earphones-daily\/","og_locale":"fr_FR","og_type":"article","og_title":"Bluetooth 4.1 Earphones DAILY - E-Commerce-Revolution","og_description":"Casque Bluetooth 4.1 DAILY Ecouteurs Bluetooth pratiques et bien ajust\u00e9s. Id\u00e9aux pour les activit\u00e9s quotidiennes. Tie audio propose un casque ultral\u00e9ger, gr\u00e2ce \u00e0 la norme Bluetooth 4.1 et la suppression du bruit int\u00e9gr\u00e9 (annulation de bruit), une parfaite qualit\u00e9 sonore sans fil. Avec le contr\u00f4le \u00e0 distance de la musique, on peut facilement sauter et [&hellip;]","og_url":"https:\/\/tie-products.com\/fr\/produkt\/bluetooth-4-1-earphones-daily\/","og_site_name":"E-Commerce-Revolution","article_modified_time":"2021-01-27T09:33:56+00:00","og_image":[{"width":1024,"height":1024,"url":"https:\/\/tie-products.com\/wp-content\/uploads\/2018\/09\/19-90014-TIE-AUDIO-Bluetooth-4.1-Earphones-DAILY.jpg","type":"image\/jpeg"}],"twitter_card":"summary_large_image","twitter_misc":{"Dur\u00e9e de lecture estim\u00e9e":"2 minutes"},"schema":{"@context":"https:\/\/schema.org","@graph":[{"@type":"WebPage","@id":"https:\/\/tie-products.com\/fr\/produkt\/bluetooth-4-1-earphones-daily\/","url":"https:\/\/tie-products.com\/fr\/produkt\/bluetooth-4-1-earphones-daily\/","name":"Bluetooth 4.1 Earphones DAILY - E-Commerce-Revolution","isPartOf":{"@id":"https:\/\/tie-products.com\/pl\/#website"},"primaryImageOfPage":{"@id":"https:\/\/tie-products.com\/fr\/produkt\/bluetooth-4-1-earphones-daily\/#primaryimage"},"image":{"@id":"https:\/\/tie-products.com\/fr\/produkt\/bluetooth-4-1-earphones-daily\/#primaryimage"},"thumbnailUrl":"https:\/\/tie-products.com\/wp-content\/uploads\/2018\/09\/19-90014-TIE-AUDIO-Bluetooth-4.1-Earphones-DAILY.jpg","datePublished":"2019-02-16T20:06:06+00:00","dateModified":"2021-01-27T09:33:56+00:00","breadcrumb":{"@id":"https:\/\/tie-products.com\/fr\/produkt\/bluetooth-4-1-earphones-daily\/#breadcrumb"},"inLanguage":"fr-FR","potentialAction":[{"@type":"ReadAction","target":["https:\/\/tie-products.com\/fr\/produkt\/bluetooth-4-1-earphones-daily\/"]}]},{"@type":"ImageObject","inLanguage":"fr-FR","@id":"https:\/\/tie-products.com\/fr\/produkt\/bluetooth-4-1-earphones-daily\/#primaryimage","url":"https:\/\/tie-products.com\/wp-content\/uploads\/2018\/09\/19-90014-TIE-AUDIO-Bluetooth-4.1-Earphones-DAILY.jpg","contentUrl":"https:\/\/tie-products.com\/wp-content\/uploads\/2018\/09\/19-90014-TIE-AUDIO-Bluetooth-4.1-Earphones-DAILY.jpg","width":1024,"height":1024},{"@type":"BreadcrumbList","@id":"https:\/\/tie-products.com\/fr\/produkt\/bluetooth-4-1-earphones-daily\/#breadcrumb","itemListElement":[{"@type":"ListItem","position":1,"name":"Home","item":"https:\/\/tie-products.com\/fr\/"},{"@type":"ListItem","position":2,"name":"Shop","item":"https:\/\/tie-products.com\/shop\/"},{"@type":"ListItem","position":3,"name":"Bluetooth 4.1 Earphones DAILY"}]},{"@type":"WebSite","@id":"https:\/\/tie-products.com\/pl\/#website","url":"https:\/\/tie-products.com\/pl\/","name":"E-Commerce-Revolution","description":"Just another WordPress site","potentialAction":[{"@type":"SearchAction","target":{"@type":"EntryPoint","urlTemplate":"https:\/\/tie-products.com\/pl\/?s={search_term_string}"},"query-input":{"@type":"PropertyValueSpecification","valueRequired":true,"valueName":"search_term_string"}}],"inLanguage":"fr-FR"}]}},"_links":{"self":[{"href":"https:\/\/tie-products.com\/fr\/wp-json\/wp\/v2\/product\/11602","targetHints":{"allow":["GET"]}}],"collection":[{"href":"https:\/\/tie-products.com\/fr\/wp-json\/wp\/v2\/product"}],"about":[{"href":"https:\/\/tie-products.com\/fr\/wp-json\/wp\/v2\/types\/product"}],"wp:featuredmedia":[{"embeddable":true,"href":"https:\/\/tie-products.com\/fr\/wp-json\/wp\/v2\/media\/11603"}],"wp:attachment":[{"href":"https:\/\/tie-products.com\/fr\/wp-json\/wp\/v2\/media?parent=11602"}],"wp:term":[{"taxonomy":"product_brand","embeddable":true,"href":"https:\/\/tie-products.com\/fr\/wp-json\/wp\/v2\/product_brand?post=11602"},{"taxonomy":"product_cat","embeddable":true,"href":"https:\/\/tie-products.com\/fr\/wp-json\/wp\/v2\/product_cat?post=11602"},{"taxonomy":"product_tag","embeddable":true,"href":"https:\/\/tie-products.com\/fr\/wp-json\/wp\/v2\/product_tag?post=11602"}],"curies":[{"name":"wp","href":"https:\/\/api.w.org\/{rel}","templated":true}]}}