{"id":11575,"date":"2019-02-16T21:06:10","date_gmt":"2019-02-16T20:06:10","guid":{"rendered":"https:\/\/tie-products.netzspitze.cloud\/produkt\/tie-mobile-digital-recorder\/"},"modified":"2021-02-20T18:40:43","modified_gmt":"2021-02-20T18:40:43","slug":"tie-mobile-digital-recorder","status":"publish","type":"product","link":"https:\/\/tie-products.com\/fr\/produkt\/tie-mobile-digital-recorder\/","title":{"rendered":"TIE Mobile Digital Recorder"},"content":{"rendered":"<h3>Enregistreur num\u00e9rique mobile professionnel pour un enregistrement parfait sur la route<\/h3>\n<p>Enregistrez votre propre concert ou conf\u00e9rence t\u00e9l\u00e9phonique, enregistrez un son professionnel lors d\u2019interviews ou pr\u00e9servez le bruit ambiant de votre lieu de pr\u00e9dilection : les exemples d\u2019application des enregistreurs \u00e0 main sont extr\u00eamement vari\u00e9s et font autorit\u00e9 m\u00eame \u00e0 l\u2019\u00e9poque des smartphones sophistiqu\u00e9s.<\/p>\n<p>L\u2019interface utilisateur de l\u2019enregistreur num\u00e9rique mobile est optimis\u00e9e pour une utilisation simple et rapide. Les principales fonctions telles que l\u2019enregistrement, la lecture, l\u2019annulation, la r\u00e9duction du bruit, la division du son. En plus de l\u2019enregistrement avec le microphone interne, un microphone externe (non inclus) peut \u00e9galement \u00eatre utilis\u00e9.<\/p>\n<p>Les enregistrements peuvent \u00eatre effectu\u00e9s en st\u00e9r\u00e9o mono ou 2 pistes \u00e0 32Kbps, 64Kbps, 128Kbps, 192Kbps, 512Kbps, 768Kbps, 1024Kbps et 1536Kbps, avec 512kbps par d\u00e9faut. L\u2019utilisateur dispose d\u2019une fonction de gain automatique et de huit modes de pr\u00e9r\u00e9glage des effets, dont Rock, Funk, Hip Hop et Jazz.<\/p>\n<p>La structure claire des dossiers et une fonction de cryptage pour les enregistrements rendent la gestion de vos propres enregistrements facile et s\u00fbre. L\u2019enregistreur num\u00e9rique mobile peut \u00eatre aliment\u00e9 par la batterie lithium-ion int\u00e9gr\u00e9e ou directement par le bus USB.<\/p>\n<p>La capacit\u00e9 de stockage interne est de 8 Go. Les cartes flash sont \u00e9galement prises en charge.<\/p>\n<h4>Caract\u00e9ristiques :<\/h4>\n<ul>\n<li>Enregistreur num\u00e9rique mobile avec bo\u00eetier m\u00e9tallique<\/li>\n<li>Formats d\u2019enregistrement : MP3, WMA, WAV, OGG, APE, APE, APE, MPC, AIFF, FLAC<\/li>\n<li>La r\u00e9duction dynamique du bruit garantit des enregistrements de haute qualit\u00e9<\/li>\n<li>Jusqu\u2019\u00e0 580 heures d\u2019enregistrement<\/li>\n<li>Prise en charge de l\u2019enregistrement d\u2019entr\u00e9e de ligne<\/li>\n<li>Economie automatique avec batterie faible<\/li>\n<li>Points de boucle A-B, surveillance en temps r\u00e9el<\/li>\n<li>Deux capsules microphoniques \u2013 \u00e9galement adapt\u00e9es \u00e0 l\u2019enregistrement sur de longues distances<\/li>\n<li>1.8 \u00ab\u00a0Ecran couleur TFT<\/li>\n<li>Structure de dossier intelligente<\/li>\n<li>Batterie rechargeable au lithium polym\u00e8re rechargeable<\/li>\n<li>Autonomie de la pile : jusqu\u2019\u00e0 10 heures<\/li>\n<\/ul>\n","protected":false},"excerpt":{"rendered":"<p>Enregistreur num\u00e9rique mobile professionnel pour un enregistrement parfait sur la route Enregistrez votre propre concert ou conf\u00e9rence t\u00e9l\u00e9phonique, enregistrez un son professionnel lors d\u2019interviews ou pr\u00e9servez le bruit ambiant de votre lieu de pr\u00e9dilection : les exemples d\u2019application des enregistreurs \u00e0 main sont extr\u00eamement vari\u00e9s et font autorit\u00e9 m\u00eame \u00e0 l\u2019\u00e9poque des smartphones sophistiqu\u00e9s. L\u2019interface [&hellip;]<\/p>\n","protected":false},"featured_media":11576,"template":"","meta":[],"product_brand":[],"product_cat":[24,25],"product_tag":[],"class_list":{"0":"post-11575","1":"product","2":"type-product","3":"status-publish","4":"has-post-thumbnail","6":"product_cat-tie","7":"product_cat-tie-studio","9":"first","10":"instock","11":"purchasable","12":"product-type-simple"},"yoast_head":"<!-- This site is optimized with the Yoast SEO plugin v25.0 - https:\/\/yoast.com\/wordpress\/plugins\/seo\/ -->\n<title>TIE Mobile Digital Recorder - E-Commerce-Revolution<\/title>\n<meta name=\"robots\" content=\"index, follow, max-snippet:-1, max-image-preview:large, max-video-preview:-1\" \/>\n<link rel=\"canonical\" href=\"https:\/\/tie-products.com\/fr\/produkt\/tie-mobile-digital-recorder\/\" \/>\n<meta property=\"og:locale\" content=\"fr_FR\" \/>\n<meta property=\"og:type\" content=\"article\" \/>\n<meta property=\"og:title\" content=\"TIE Mobile Digital Recorder - E-Commerce-Revolution\" \/>\n<meta property=\"og:description\" content=\"Enregistreur num\u00e9rique mobile professionnel pour un enregistrement parfait sur la route Enregistrez votre propre concert ou conf\u00e9rence t\u00e9l\u00e9phonique, enregistrez un son professionnel lors d\u2019interviews ou pr\u00e9servez le bruit ambiant de votre lieu de pr\u00e9dilection : les exemples d\u2019application des enregistreurs \u00e0 main sont extr\u00eamement vari\u00e9s et font autorit\u00e9 m\u00eame \u00e0 l\u2019\u00e9poque des smartphones sophistiqu\u00e9s. L\u2019interface [&hellip;]\" \/>\n<meta property=\"og:url\" content=\"https:\/\/tie-products.com\/fr\/produkt\/tie-mobile-digital-recorder\/\" \/>\n<meta property=\"og:site_name\" content=\"E-Commerce-Revolution\" \/>\n<meta property=\"article:modified_time\" content=\"2021-02-20T18:40:43+00:00\" \/>\n<meta property=\"og:image\" content=\"https:\/\/tie-products.com\/wp-content\/uploads\/2018\/09\/Diktiergeraet-ON-scaled.jpeg\" \/>\n\t<meta property=\"og:image:width\" content=\"2560\" \/>\n\t<meta property=\"og:image:height\" content=\"2560\" \/>\n\t<meta property=\"og:image:type\" content=\"image\/jpeg\" \/>\n<meta name=\"twitter:card\" content=\"summary_large_image\" \/>\n<meta name=\"twitter:label1\" content=\"Dur\u00e9e de lecture estim\u00e9e\" \/>\n\t<meta name=\"twitter:data1\" content=\"2 minutes\" \/>\n<script type=\"application\/ld+json\" class=\"yoast-schema-graph\">{\"@context\":\"https:\/\/schema.org\",\"@graph\":[{\"@type\":\"WebPage\",\"@id\":\"https:\/\/tie-products.com\/fr\/produkt\/tie-mobile-digital-recorder\/\",\"url\":\"https:\/\/tie-products.com\/fr\/produkt\/tie-mobile-digital-recorder\/\",\"name\":\"TIE Mobile Digital Recorder - E-Commerce-Revolution\",\"isPartOf\":{\"@id\":\"https:\/\/tie-products.com\/pl\/#website\"},\"primaryImageOfPage\":{\"@id\":\"https:\/\/tie-products.com\/fr\/produkt\/tie-mobile-digital-recorder\/#primaryimage\"},\"image\":{\"@id\":\"https:\/\/tie-products.com\/fr\/produkt\/tie-mobile-digital-recorder\/#primaryimage\"},\"thumbnailUrl\":\"https:\/\/tie-products.com\/wp-content\/uploads\/2018\/09\/Diktiergeraet-ON-scaled.jpeg\",\"datePublished\":\"2019-02-16T20:06:10+00:00\",\"dateModified\":\"2021-02-20T18:40:43+00:00\",\"breadcrumb\":{\"@id\":\"https:\/\/tie-products.com\/fr\/produkt\/tie-mobile-digital-recorder\/#breadcrumb\"},\"inLanguage\":\"fr-FR\",\"potentialAction\":[{\"@type\":\"ReadAction\",\"target\":[\"https:\/\/tie-products.com\/fr\/produkt\/tie-mobile-digital-recorder\/\"]}]},{\"@type\":\"ImageObject\",\"inLanguage\":\"fr-FR\",\"@id\":\"https:\/\/tie-products.com\/fr\/produkt\/tie-mobile-digital-recorder\/#primaryimage\",\"url\":\"https:\/\/tie-products.com\/wp-content\/uploads\/2018\/09\/Diktiergeraet-ON-scaled.jpeg\",\"contentUrl\":\"https:\/\/tie-products.com\/wp-content\/uploads\/2018\/09\/Diktiergeraet-ON-scaled.jpeg\",\"width\":2560,\"height\":2560},{\"@type\":\"BreadcrumbList\",\"@id\":\"https:\/\/tie-products.com\/fr\/produkt\/tie-mobile-digital-recorder\/#breadcrumb\",\"itemListElement\":[{\"@type\":\"ListItem\",\"position\":1,\"name\":\"Home\",\"item\":\"https:\/\/tie-products.com\/fr\/\"},{\"@type\":\"ListItem\",\"position\":2,\"name\":\"Shop\",\"item\":\"https:\/\/tie-products.com\/shop\/\"},{\"@type\":\"ListItem\",\"position\":3,\"name\":\"TIE Mobile Digital Recorder\"}]},{\"@type\":\"WebSite\",\"@id\":\"https:\/\/tie-products.com\/pl\/#website\",\"url\":\"https:\/\/tie-products.com\/pl\/\",\"name\":\"E-Commerce-Revolution\",\"description\":\"Just another WordPress site\",\"potentialAction\":[{\"@type\":\"SearchAction\",\"target\":{\"@type\":\"EntryPoint\",\"urlTemplate\":\"https:\/\/tie-products.com\/pl\/?s={search_term_string}\"},\"query-input\":{\"@type\":\"PropertyValueSpecification\",\"valueRequired\":true,\"valueName\":\"search_term_string\"}}],\"inLanguage\":\"fr-FR\"}]}<\/script>\n<!-- \/ Yoast SEO plugin. -->","yoast_head_json":{"title":"TIE Mobile Digital Recorder - E-Commerce-Revolution","robots":{"index":"index","follow":"follow","max-snippet":"max-snippet:-1","max-image-preview":"max-image-preview:large","max-video-preview":"max-video-preview:-1"},"canonical":"https:\/\/tie-products.com\/fr\/produkt\/tie-mobile-digital-recorder\/","og_locale":"fr_FR","og_type":"article","og_title":"TIE Mobile Digital Recorder - E-Commerce-Revolution","og_description":"Enregistreur num\u00e9rique mobile professionnel pour un enregistrement parfait sur la route Enregistrez votre propre concert ou conf\u00e9rence t\u00e9l\u00e9phonique, enregistrez un son professionnel lors d\u2019interviews ou pr\u00e9servez le bruit ambiant de votre lieu de pr\u00e9dilection : les exemples d\u2019application des enregistreurs \u00e0 main sont extr\u00eamement vari\u00e9s et font autorit\u00e9 m\u00eame \u00e0 l\u2019\u00e9poque des smartphones sophistiqu\u00e9s. L\u2019interface [&hellip;]","og_url":"https:\/\/tie-products.com\/fr\/produkt\/tie-mobile-digital-recorder\/","og_site_name":"E-Commerce-Revolution","article_modified_time":"2021-02-20T18:40:43+00:00","og_image":[{"width":2560,"height":2560,"url":"https:\/\/tie-products.com\/wp-content\/uploads\/2018\/09\/Diktiergeraet-ON-scaled.jpeg","type":"image\/jpeg"}],"twitter_card":"summary_large_image","twitter_misc":{"Dur\u00e9e de lecture estim\u00e9e":"2 minutes"},"schema":{"@context":"https:\/\/schema.org","@graph":[{"@type":"WebPage","@id":"https:\/\/tie-products.com\/fr\/produkt\/tie-mobile-digital-recorder\/","url":"https:\/\/tie-products.com\/fr\/produkt\/tie-mobile-digital-recorder\/","name":"TIE Mobile Digital Recorder - E-Commerce-Revolution","isPartOf":{"@id":"https:\/\/tie-products.com\/pl\/#website"},"primaryImageOfPage":{"@id":"https:\/\/tie-products.com\/fr\/produkt\/tie-mobile-digital-recorder\/#primaryimage"},"image":{"@id":"https:\/\/tie-products.com\/fr\/produkt\/tie-mobile-digital-recorder\/#primaryimage"},"thumbnailUrl":"https:\/\/tie-products.com\/wp-content\/uploads\/2018\/09\/Diktiergeraet-ON-scaled.jpeg","datePublished":"2019-02-16T20:06:10+00:00","dateModified":"2021-02-20T18:40:43+00:00","breadcrumb":{"@id":"https:\/\/tie-products.com\/fr\/produkt\/tie-mobile-digital-recorder\/#breadcrumb"},"inLanguage":"fr-FR","potentialAction":[{"@type":"ReadAction","target":["https:\/\/tie-products.com\/fr\/produkt\/tie-mobile-digital-recorder\/"]}]},{"@type":"ImageObject","inLanguage":"fr-FR","@id":"https:\/\/tie-products.com\/fr\/produkt\/tie-mobile-digital-recorder\/#primaryimage","url":"https:\/\/tie-products.com\/wp-content\/uploads\/2018\/09\/Diktiergeraet-ON-scaled.jpeg","contentUrl":"https:\/\/tie-products.com\/wp-content\/uploads\/2018\/09\/Diktiergeraet-ON-scaled.jpeg","width":2560,"height":2560},{"@type":"BreadcrumbList","@id":"https:\/\/tie-products.com\/fr\/produkt\/tie-mobile-digital-recorder\/#breadcrumb","itemListElement":[{"@type":"ListItem","position":1,"name":"Home","item":"https:\/\/tie-products.com\/fr\/"},{"@type":"ListItem","position":2,"name":"Shop","item":"https:\/\/tie-products.com\/shop\/"},{"@type":"ListItem","position":3,"name":"TIE Mobile Digital Recorder"}]},{"@type":"WebSite","@id":"https:\/\/tie-products.com\/pl\/#website","url":"https:\/\/tie-products.com\/pl\/","name":"E-Commerce-Revolution","description":"Just another WordPress site","potentialAction":[{"@type":"SearchAction","target":{"@type":"EntryPoint","urlTemplate":"https:\/\/tie-products.com\/pl\/?s={search_term_string}"},"query-input":{"@type":"PropertyValueSpecification","valueRequired":true,"valueName":"search_term_string"}}],"inLanguage":"fr-FR"}]}},"_links":{"self":[{"href":"https:\/\/tie-products.com\/fr\/wp-json\/wp\/v2\/product\/11575","targetHints":{"allow":["GET"]}}],"collection":[{"href":"https:\/\/tie-products.com\/fr\/wp-json\/wp\/v2\/product"}],"about":[{"href":"https:\/\/tie-products.com\/fr\/wp-json\/wp\/v2\/types\/product"}],"wp:featuredmedia":[{"embeddable":true,"href":"https:\/\/tie-products.com\/fr\/wp-json\/wp\/v2\/media\/11576"}],"wp:attachment":[{"href":"https:\/\/tie-products.com\/fr\/wp-json\/wp\/v2\/media?parent=11575"}],"wp:term":[{"taxonomy":"product_brand","embeddable":true,"href":"https:\/\/tie-products.com\/fr\/wp-json\/wp\/v2\/product_brand?post=11575"},{"taxonomy":"product_cat","embeddable":true,"href":"https:\/\/tie-products.com\/fr\/wp-json\/wp\/v2\/product_cat?post=11575"},{"taxonomy":"product_tag","embeddable":true,"href":"https:\/\/tie-products.com\/fr\/wp-json\/wp\/v2\/product_tag?post=11575"}],"curies":[{"name":"wp","href":"https:\/\/api.w.org\/{rel}","templated":true}]}}