{"id":11557,"date":"2019-02-16T21:06:14","date_gmt":"2019-02-16T20:06:14","guid":{"rendered":"https:\/\/tie-products.netzspitze.cloud\/produkt\/tie-titania-td31b\/"},"modified":"2021-01-27T09:27:07","modified_gmt":"2021-01-27T09:27:07","slug":"tie-titania-td31b","status":"publish","type":"product","link":"https:\/\/tie-products.com\/fr\/produkt\/tie-titania-td31b\/","title":{"rendered":"TIE Titania TD31B"},"content":{"rendered":"\n\t\t<style type=\"text\/css\">\n\t\t\t#gallery-1 {\n\t\t\t\tmargin: auto;\n\t\t\t}\n\t\t\t#gallery-1 .gallery-item {\n\t\t\t\tfloat: left;\n\t\t\t\tmargin-top: 10px;\n\t\t\t\ttext-align: center;\n\t\t\t\twidth: 33%;\n\t\t\t}\n\t\t\t#gallery-1 img {\n\t\t\t\tborder: 2px solid #cfcfcf;\n\t\t\t}\n\t\t\t#gallery-1 .gallery-caption {\n\t\t\t\tmargin-left: 0;\n\t\t\t}\n\t\t\t\/* see gallery_shortcode() in wp-includes\/media.php *\/\n\t\t<\/style>\n\t\t<div id='gallery-1' class='gallery galleryid-11557 gallery-columns-3 gallery-size-thumbnail'><dl class='gallery-item'>\n\t\t\t<dt class='gallery-icon landscape'>\n\t\t\t\t<a href='https:\/\/tie-products.com\/fr\/?attachment_id=11025'><img loading=\"lazy\" decoding=\"async\" width=\"80\" height=\"80\" src=\"https:\/\/tie-products.com\/wp-content\/uploads\/2018\/09\/TIE-Bluetooth-Earphone-7-80x80.jpg\" class=\"attachment-thumbnail size-thumbnail\" alt=\"\" aria-describedby=\"gallery-1-11025\" srcset=\"https:\/\/tie-products.com\/wp-content\/uploads\/2018\/09\/TIE-Bluetooth-Earphone-7-80x80.jpg 80w, https:\/\/tie-products.com\/wp-content\/uploads\/2018\/09\/TIE-Bluetooth-Earphone-7-scaled-300x300.jpg 300w, https:\/\/tie-products.com\/wp-content\/uploads\/2018\/09\/TIE-Bluetooth-Earphone-7-scaled-100x100.jpg 100w, https:\/\/tie-products.com\/wp-content\/uploads\/2018\/09\/TIE-Bluetooth-Earphone-7-scaled-600x600.jpg 600w, https:\/\/tie-products.com\/wp-content\/uploads\/2018\/09\/TIE-Bluetooth-Earphone-7-1030x1030.jpg 1030w, https:\/\/tie-products.com\/wp-content\/uploads\/2018\/09\/TIE-Bluetooth-Earphone-7-768x768.jpg 768w, https:\/\/tie-products.com\/wp-content\/uploads\/2018\/09\/TIE-Bluetooth-Earphone-7-1536x1536.jpg 1536w, https:\/\/tie-products.com\/wp-content\/uploads\/2018\/09\/TIE-Bluetooth-Earphone-7-2048x2048.jpg 2048w, https:\/\/tie-products.com\/wp-content\/uploads\/2018\/09\/TIE-Bluetooth-Earphone-7-36x36.jpg 36w, https:\/\/tie-products.com\/wp-content\/uploads\/2018\/09\/TIE-Bluetooth-Earphone-7-180x180.jpg 180w, https:\/\/tie-products.com\/wp-content\/uploads\/2018\/09\/TIE-Bluetooth-Earphone-7-1500x1500.jpg 1500w, https:\/\/tie-products.com\/wp-content\/uploads\/2018\/09\/TIE-Bluetooth-Earphone-7-705x705.jpg 705w\" sizes=\"auto, (max-width: 80px) 100vw, 80px\" \/><\/a>\n\t\t\t<\/dt>\n\t\t\t\t<dd class='wp-caption-text gallery-caption' id='gallery-1-11025'>\n\t\t\t\tTitania\n\t\t\t\t<\/dd><\/dl><dl class='gallery-item'>\n\t\t\t<dt class='gallery-icon landscape'>\n\t\t\t\t<a href='https:\/\/tie-products.com\/fr\/?attachment_id=11026'><img loading=\"lazy\" decoding=\"async\" width=\"80\" height=\"80\" src=\"https:\/\/tie-products.com\/wp-content\/uploads\/2018\/09\/TIE-Bluetooth-Earphone-8-80x80.jpg\" class=\"attachment-thumbnail size-thumbnail\" alt=\"\" aria-describedby=\"gallery-1-11026\" srcset=\"https:\/\/tie-products.com\/wp-content\/uploads\/2018\/09\/TIE-Bluetooth-Earphone-8-80x80.jpg 80w, https:\/\/tie-products.com\/wp-content\/uploads\/2018\/09\/TIE-Bluetooth-Earphone-8-scaled-300x300.jpg 300w, https:\/\/tie-products.com\/wp-content\/uploads\/2018\/09\/TIE-Bluetooth-Earphone-8-scaled-100x100.jpg 100w, https:\/\/tie-products.com\/wp-content\/uploads\/2018\/09\/TIE-Bluetooth-Earphone-8-scaled-600x600.jpg 600w, https:\/\/tie-products.com\/wp-content\/uploads\/2018\/09\/TIE-Bluetooth-Earphone-8-1030x1030.jpg 1030w, https:\/\/tie-products.com\/wp-content\/uploads\/2018\/09\/TIE-Bluetooth-Earphone-8-768x768.jpg 768w, https:\/\/tie-products.com\/wp-content\/uploads\/2018\/09\/TIE-Bluetooth-Earphone-8-1536x1536.jpg 1536w, https:\/\/tie-products.com\/wp-content\/uploads\/2018\/09\/TIE-Bluetooth-Earphone-8-2048x2048.jpg 2048w, https:\/\/tie-products.com\/wp-content\/uploads\/2018\/09\/TIE-Bluetooth-Earphone-8-36x36.jpg 36w, https:\/\/tie-products.com\/wp-content\/uploads\/2018\/09\/TIE-Bluetooth-Earphone-8-180x180.jpg 180w, https:\/\/tie-products.com\/wp-content\/uploads\/2018\/09\/TIE-Bluetooth-Earphone-8-1500x1500.jpg 1500w, https:\/\/tie-products.com\/wp-content\/uploads\/2018\/09\/TIE-Bluetooth-Earphone-8-705x705.jpg 705w\" sizes=\"auto, (max-width: 80px) 100vw, 80px\" \/><\/a>\n\t\t\t<\/dt>\n\t\t\t\t<dd class='wp-caption-text gallery-caption' id='gallery-1-11026'>\n\t\t\t\tTitania\n\t\t\t\t<\/dd><\/dl><dl class='gallery-item'>\n\t\t\t<dt class='gallery-icon landscape'>\n\t\t\t\t<a href='https:\/\/tie-products.com\/fr\/?attachment_id=11024'><img loading=\"lazy\" decoding=\"async\" width=\"80\" height=\"80\" src=\"https:\/\/tie-products.com\/wp-content\/uploads\/2018\/09\/mockup-TD31B-80x80.png\" class=\"attachment-thumbnail size-thumbnail\" alt=\"\" aria-describedby=\"gallery-1-11024\" srcset=\"https:\/\/tie-products.com\/wp-content\/uploads\/2018\/09\/mockup-TD31B-80x80.png 80w, https:\/\/tie-products.com\/wp-content\/uploads\/2018\/09\/mockup-TD31B-300x300.png 300w, https:\/\/tie-products.com\/wp-content\/uploads\/2018\/09\/mockup-TD31B-100x100.png 100w, https:\/\/tie-products.com\/wp-content\/uploads\/2018\/09\/mockup-TD31B-600x600.png 600w, https:\/\/tie-products.com\/wp-content\/uploads\/2018\/09\/mockup-TD31B-1030x1030.png 1030w, https:\/\/tie-products.com\/wp-content\/uploads\/2018\/09\/mockup-TD31B-768x768.png 768w, https:\/\/tie-products.com\/wp-content\/uploads\/2018\/09\/mockup-TD31B-1536x1536.png 1536w, https:\/\/tie-products.com\/wp-content\/uploads\/2018\/09\/mockup-TD31B-2048x2048.png 2048w, https:\/\/tie-products.com\/wp-content\/uploads\/2018\/09\/mockup-TD31B-36x36.png 36w, https:\/\/tie-products.com\/wp-content\/uploads\/2018\/09\/mockup-TD31B-180x180.png 180w, https:\/\/tie-products.com\/wp-content\/uploads\/2018\/09\/mockup-TD31B-1500x1500.png 1500w, https:\/\/tie-products.com\/wp-content\/uploads\/2018\/09\/mockup-TD31B-705x705.png 705w\" sizes=\"auto, (max-width: 80px) 100vw, 80px\" \/><\/a>\n\t\t\t<\/dt>\n\t\t\t\t<dd class='wp-caption-text gallery-caption' id='gallery-1-11024'>\n\t\t\t\tTitania Mockup\n\t\t\t\t<\/dd><\/dl><br style=\"clear: both\" \/>\n\t\t<\/div>\n\n<h1>Ecouteurs Bluetooth 5.0 avec station de charge compacte<\/h1>\n<p>Les TIE Titania T31 B sont des \u00e9couteurs Bluetooth tr\u00e8s pratiques livr\u00e9s avec une station de charge compacte \u00e0 glisser dans la poche. Outre leur son cristallin, ces \u00e9couteurs permettent aussi, gr\u00e2ce \u00e0 leur microphone int\u00e9gr\u00e9, de t\u00e9l\u00e9phoner en mains-libres. Avec les touches multifonctions sur chaque c\u00f4t\u00e9, on peut aussi utiliser facilement de nombreuses fonctions de retransmission, directement sur l\u2019\u00e9couteur.<\/p>\n<p>Caract\u00e9ristiques :<\/p>\n<ul>\n<li>compatibilit\u00e9 iOS et Android<\/li>\n<li>jusqu\u2019\u00e0 3 heures d\u2019autonomie pour \u00e9couter de la musique<\/li>\n<li>temps de charge : 2 heures<\/li>\n<li>design sobre &amp; pratique<\/li>\n<li><\/li>\n<li>son cristallin gr\u00e2ce \u00e0 la transmission derni\u00e8re g\u00e9n\u00e9ration Bluetooth 5.0<\/li>\n<li>station de charge performante qui recharge les \u00e9couteurs jusqu\u2019\u00e0 quatre fois<\/li>\n<li>permet de t\u00e9l\u00e9phoner les mains libres gr\u00e2ce au microphone int\u00e9gr\u00e9<\/li>\n<li>technologie CVC6.0 de suppression active du bruit<\/li>\n<li>affichage LED sur les \u00e9couteurs &amp; la station de charge<\/li>\n<li>3 paires d\\\u2019auriculaires (S \/ M \/ L) &amp; c\u00e2ble de charge USB incl.<\/li>\n<li>Affichage batterie sur le smartphone<\/li>\n<li>compatibles avec tous les smartphones, tablettes &amp; ordinateurs portables courants<\/li>\n<li>mode d\\\u2019emploi incl. (allemand, anglais, fran\u00e7ais)<\/li>\n<li>supporte A2DP, AVRCP, HFP, HSP<\/li>\n<li>Taille des haut-parleurs : 6mm de diam\u00e8tre<\/li>\n<li>Gamme de fr\u00e9quence \u2013 Lecture : 20Hz \u2013 20KHz<\/li>\n<li>Rapport signal\/bruit : &gt; 70 dB<\/li>\n<li>Sensibilit\u00e9 : 91dB +- 3dB<\/li>\n<li>Imp\u00e9dance : 16 Ohm<\/li>\n<li>Dur\u00e9e de l\\\u2019appel : 2,5 heures<\/li>\n<li>Lecture de musique : 2 heures<\/li>\n<li>Mode veille : 100 heures<\/li>\n<li>Capacit\u00e9 de la batterie (\u00e9couteurs) : 50 mAh (par c\u00f4t\u00e9)<\/li>\n<li>Capacit\u00e9 de la batterie (Powerbank) : 500mAh<\/li>\n<li>poids \u00e9couteurs : env. 5g<\/li>\n<li>poids station de charge : env. 30g<\/li>\n<\/ul>\n<p><iframe loading=\"lazy\" src=\"https:\/\/www.youtube.com\/embed\/LAwZmdD9L5I\" width=\"560\" height=\"315\" frameborder=\"0\" allowfullscreen=\"allowfullscreen\"><\/iframe><\/p>\n","protected":false},"excerpt":{"rendered":"<p>Ecouteurs Bluetooth 5.0 avec station de charge compacte Les TIE Titania T31 B sont des \u00e9couteurs Bluetooth tr\u00e8s pratiques livr\u00e9s avec une station de charge compacte \u00e0 glisser dans la poche. Outre leur son cristallin, ces \u00e9couteurs permettent aussi, gr\u00e2ce \u00e0 leur microphone int\u00e9gr\u00e9, de t\u00e9l\u00e9phoner en mains-libres. Avec les touches multifonctions sur chaque c\u00f4t\u00e9, [&hellip;]<\/p>\n","protected":false},"featured_media":11558,"template":"","meta":[],"product_brand":[],"product_cat":[24,27],"product_tag":[],"class_list":{"0":"post-11557","1":"product","2":"type-product","3":"status-publish","4":"has-post-thumbnail","6":"product_cat-tie","7":"product_cat-tie-audio","9":"first","10":"instock","11":"purchasable","12":"product-type-simple"},"yoast_head":"<!-- This site is optimized with the Yoast SEO plugin v25.0 - https:\/\/yoast.com\/wordpress\/plugins\/seo\/ -->\n<title>TIE Titania TD31B - E-Commerce-Revolution<\/title>\n<meta name=\"robots\" content=\"index, follow, max-snippet:-1, max-image-preview:large, max-video-preview:-1\" \/>\n<link rel=\"canonical\" href=\"https:\/\/tie-products.com\/fr\/produkt\/tie-titania-td31b\/\" \/>\n<meta property=\"og:locale\" content=\"fr_FR\" \/>\n<meta property=\"og:type\" content=\"article\" \/>\n<meta property=\"og:title\" content=\"TIE Titania TD31B - E-Commerce-Revolution\" \/>\n<meta property=\"og:description\" content=\"Ecouteurs Bluetooth 5.0 avec station de charge compacte Les TIE Titania T31 B sont des \u00e9couteurs Bluetooth tr\u00e8s pratiques livr\u00e9s avec une station de charge compacte \u00e0 glisser dans la poche. Outre leur son cristallin, ces \u00e9couteurs permettent aussi, gr\u00e2ce \u00e0 leur microphone int\u00e9gr\u00e9, de t\u00e9l\u00e9phoner en mains-libres. Avec les touches multifonctions sur chaque c\u00f4t\u00e9, [&hellip;]\" \/>\n<meta property=\"og:url\" content=\"https:\/\/tie-products.com\/fr\/produkt\/tie-titania-td31b\/\" \/>\n<meta property=\"og:site_name\" content=\"E-Commerce-Revolution\" \/>\n<meta property=\"article:modified_time\" content=\"2021-01-27T09:27:07+00:00\" \/>\n<meta property=\"og:image\" content=\"https:\/\/tie-products.com\/wp-content\/uploads\/2018\/09\/TIE-Bluetooth-Earphone-2-scaled.jpg\" \/>\n\t<meta property=\"og:image:width\" content=\"2560\" \/>\n\t<meta property=\"og:image:height\" content=\"2560\" \/>\n\t<meta property=\"og:image:type\" content=\"image\/jpeg\" \/>\n<meta name=\"twitter:card\" content=\"summary_large_image\" \/>\n<meta name=\"twitter:label1\" content=\"Dur\u00e9e de lecture estim\u00e9e\" \/>\n\t<meta name=\"twitter:data1\" content=\"2 minutes\" \/>\n<script type=\"application\/ld+json\" class=\"yoast-schema-graph\">{\"@context\":\"https:\/\/schema.org\",\"@graph\":[{\"@type\":\"WebPage\",\"@id\":\"https:\/\/tie-products.com\/fr\/produkt\/tie-titania-td31b\/\",\"url\":\"https:\/\/tie-products.com\/fr\/produkt\/tie-titania-td31b\/\",\"name\":\"TIE Titania TD31B - E-Commerce-Revolution\",\"isPartOf\":{\"@id\":\"https:\/\/tie-products.com\/pl\/#website\"},\"primaryImageOfPage\":{\"@id\":\"https:\/\/tie-products.com\/fr\/produkt\/tie-titania-td31b\/#primaryimage\"},\"image\":{\"@id\":\"https:\/\/tie-products.com\/fr\/produkt\/tie-titania-td31b\/#primaryimage\"},\"thumbnailUrl\":\"https:\/\/tie-products.com\/wp-content\/uploads\/2018\/09\/TIE-Bluetooth-Earphone-2-scaled.jpg\",\"datePublished\":\"2019-02-16T20:06:14+00:00\",\"dateModified\":\"2021-01-27T09:27:07+00:00\",\"breadcrumb\":{\"@id\":\"https:\/\/tie-products.com\/fr\/produkt\/tie-titania-td31b\/#breadcrumb\"},\"inLanguage\":\"fr-FR\",\"potentialAction\":[{\"@type\":\"ReadAction\",\"target\":[\"https:\/\/tie-products.com\/fr\/produkt\/tie-titania-td31b\/\"]}]},{\"@type\":\"ImageObject\",\"inLanguage\":\"fr-FR\",\"@id\":\"https:\/\/tie-products.com\/fr\/produkt\/tie-titania-td31b\/#primaryimage\",\"url\":\"https:\/\/tie-products.com\/wp-content\/uploads\/2018\/09\/TIE-Bluetooth-Earphone-2-scaled.jpg\",\"contentUrl\":\"https:\/\/tie-products.com\/wp-content\/uploads\/2018\/09\/TIE-Bluetooth-Earphone-2-scaled.jpg\",\"width\":2560,\"height\":2560,\"caption\":\"Titania\"},{\"@type\":\"BreadcrumbList\",\"@id\":\"https:\/\/tie-products.com\/fr\/produkt\/tie-titania-td31b\/#breadcrumb\",\"itemListElement\":[{\"@type\":\"ListItem\",\"position\":1,\"name\":\"Home\",\"item\":\"https:\/\/tie-products.com\/fr\/\"},{\"@type\":\"ListItem\",\"position\":2,\"name\":\"Shop\",\"item\":\"https:\/\/tie-products.com\/shop\/\"},{\"@type\":\"ListItem\",\"position\":3,\"name\":\"TIE Titania TD31B\"}]},{\"@type\":\"WebSite\",\"@id\":\"https:\/\/tie-products.com\/pl\/#website\",\"url\":\"https:\/\/tie-products.com\/pl\/\",\"name\":\"E-Commerce-Revolution\",\"description\":\"Just another WordPress site\",\"potentialAction\":[{\"@type\":\"SearchAction\",\"target\":{\"@type\":\"EntryPoint\",\"urlTemplate\":\"https:\/\/tie-products.com\/pl\/?s={search_term_string}\"},\"query-input\":{\"@type\":\"PropertyValueSpecification\",\"valueRequired\":true,\"valueName\":\"search_term_string\"}}],\"inLanguage\":\"fr-FR\"}]}<\/script>\n<!-- \/ Yoast SEO plugin. -->","yoast_head_json":{"title":"TIE Titania TD31B - E-Commerce-Revolution","robots":{"index":"index","follow":"follow","max-snippet":"max-snippet:-1","max-image-preview":"max-image-preview:large","max-video-preview":"max-video-preview:-1"},"canonical":"https:\/\/tie-products.com\/fr\/produkt\/tie-titania-td31b\/","og_locale":"fr_FR","og_type":"article","og_title":"TIE Titania TD31B - E-Commerce-Revolution","og_description":"Ecouteurs Bluetooth 5.0 avec station de charge compacte Les TIE Titania T31 B sont des \u00e9couteurs Bluetooth tr\u00e8s pratiques livr\u00e9s avec une station de charge compacte \u00e0 glisser dans la poche. Outre leur son cristallin, ces \u00e9couteurs permettent aussi, gr\u00e2ce \u00e0 leur microphone int\u00e9gr\u00e9, de t\u00e9l\u00e9phoner en mains-libres. Avec les touches multifonctions sur chaque c\u00f4t\u00e9, [&hellip;]","og_url":"https:\/\/tie-products.com\/fr\/produkt\/tie-titania-td31b\/","og_site_name":"E-Commerce-Revolution","article_modified_time":"2021-01-27T09:27:07+00:00","og_image":[{"width":2560,"height":2560,"url":"https:\/\/tie-products.com\/wp-content\/uploads\/2018\/09\/TIE-Bluetooth-Earphone-2-scaled.jpg","type":"image\/jpeg"}],"twitter_card":"summary_large_image","twitter_misc":{"Dur\u00e9e de lecture estim\u00e9e":"2 minutes"},"schema":{"@context":"https:\/\/schema.org","@graph":[{"@type":"WebPage","@id":"https:\/\/tie-products.com\/fr\/produkt\/tie-titania-td31b\/","url":"https:\/\/tie-products.com\/fr\/produkt\/tie-titania-td31b\/","name":"TIE Titania TD31B - E-Commerce-Revolution","isPartOf":{"@id":"https:\/\/tie-products.com\/pl\/#website"},"primaryImageOfPage":{"@id":"https:\/\/tie-products.com\/fr\/produkt\/tie-titania-td31b\/#primaryimage"},"image":{"@id":"https:\/\/tie-products.com\/fr\/produkt\/tie-titania-td31b\/#primaryimage"},"thumbnailUrl":"https:\/\/tie-products.com\/wp-content\/uploads\/2018\/09\/TIE-Bluetooth-Earphone-2-scaled.jpg","datePublished":"2019-02-16T20:06:14+00:00","dateModified":"2021-01-27T09:27:07+00:00","breadcrumb":{"@id":"https:\/\/tie-products.com\/fr\/produkt\/tie-titania-td31b\/#breadcrumb"},"inLanguage":"fr-FR","potentialAction":[{"@type":"ReadAction","target":["https:\/\/tie-products.com\/fr\/produkt\/tie-titania-td31b\/"]}]},{"@type":"ImageObject","inLanguage":"fr-FR","@id":"https:\/\/tie-products.com\/fr\/produkt\/tie-titania-td31b\/#primaryimage","url":"https:\/\/tie-products.com\/wp-content\/uploads\/2018\/09\/TIE-Bluetooth-Earphone-2-scaled.jpg","contentUrl":"https:\/\/tie-products.com\/wp-content\/uploads\/2018\/09\/TIE-Bluetooth-Earphone-2-scaled.jpg","width":2560,"height":2560,"caption":"Titania"},{"@type":"BreadcrumbList","@id":"https:\/\/tie-products.com\/fr\/produkt\/tie-titania-td31b\/#breadcrumb","itemListElement":[{"@type":"ListItem","position":1,"name":"Home","item":"https:\/\/tie-products.com\/fr\/"},{"@type":"ListItem","position":2,"name":"Shop","item":"https:\/\/tie-products.com\/shop\/"},{"@type":"ListItem","position":3,"name":"TIE Titania TD31B"}]},{"@type":"WebSite","@id":"https:\/\/tie-products.com\/pl\/#website","url":"https:\/\/tie-products.com\/pl\/","name":"E-Commerce-Revolution","description":"Just another WordPress site","potentialAction":[{"@type":"SearchAction","target":{"@type":"EntryPoint","urlTemplate":"https:\/\/tie-products.com\/pl\/?s={search_term_string}"},"query-input":{"@type":"PropertyValueSpecification","valueRequired":true,"valueName":"search_term_string"}}],"inLanguage":"fr-FR"}]}},"_links":{"self":[{"href":"https:\/\/tie-products.com\/fr\/wp-json\/wp\/v2\/product\/11557","targetHints":{"allow":["GET"]}}],"collection":[{"href":"https:\/\/tie-products.com\/fr\/wp-json\/wp\/v2\/product"}],"about":[{"href":"https:\/\/tie-products.com\/fr\/wp-json\/wp\/v2\/types\/product"}],"wp:featuredmedia":[{"embeddable":true,"href":"https:\/\/tie-products.com\/fr\/wp-json\/wp\/v2\/media\/11558"}],"wp:attachment":[{"href":"https:\/\/tie-products.com\/fr\/wp-json\/wp\/v2\/media?parent=11557"}],"wp:term":[{"taxonomy":"product_brand","embeddable":true,"href":"https:\/\/tie-products.com\/fr\/wp-json\/wp\/v2\/product_brand?post=11557"},{"taxonomy":"product_cat","embeddable":true,"href":"https:\/\/tie-products.com\/fr\/wp-json\/wp\/v2\/product_cat?post=11557"},{"taxonomy":"product_tag","embeddable":true,"href":"https:\/\/tie-products.com\/fr\/wp-json\/wp\/v2\/product_tag?post=11557"}],"curies":[{"name":"wp","href":"https:\/\/api.w.org\/{rel}","templated":true}]}}