{"id":11539,"date":"2019-02-16T21:06:09","date_gmt":"2019-02-16T20:06:09","guid":{"rendered":"https:\/\/tie-products.netzspitze.cloud\/produkt\/3m-xlr-male-xlr-female\/"},"modified":"2021-01-27T09:24:00","modified_gmt":"2021-01-27T09:24:00","slug":"3m-xlr-male-xlr-female","status":"publish","type":"product","link":"https:\/\/tie-products.com\/fr\/produkt\/3m-xlr-male-xlr-female\/","title":{"rendered":"3m XLR male &#8211; XLR female"},"content":{"rendered":"\n\t\t<style type=\"text\/css\">\n\t\t\t#gallery-1 {\n\t\t\t\tmargin: auto;\n\t\t\t}\n\t\t\t#gallery-1 .gallery-item {\n\t\t\t\tfloat: left;\n\t\t\t\tmargin-top: 10px;\n\t\t\t\ttext-align: center;\n\t\t\t\twidth: 33%;\n\t\t\t}\n\t\t\t#gallery-1 img {\n\t\t\t\tborder: 2px solid #cfcfcf;\n\t\t\t}\n\t\t\t#gallery-1 .gallery-caption {\n\t\t\t\tmargin-left: 0;\n\t\t\t}\n\t\t\t\/* see gallery_shortcode() in wp-includes\/media.php *\/\n\t\t<\/style>\n\t\t<div id='gallery-1' class='gallery galleryid-11539 gallery-columns-3 gallery-size-thumbnail'><dl class='gallery-item'>\n\t\t\t<dt class='gallery-icon landscape'>\n\t\t\t\t<a href='https:\/\/tie-products.com\/fr\/?attachment_id=10911'><img loading=\"lazy\" decoding=\"async\" width=\"80\" height=\"80\" src=\"https:\/\/tie-products.com\/wp-content\/uploads\/2018\/09\/19-90023-TIE-STUDIO-3m-XLR-male-XLR-female-close-80x80.jpg\" class=\"attachment-thumbnail size-thumbnail\" alt=\"\" aria-describedby=\"gallery-1-10911\" srcset=\"https:\/\/tie-products.com\/wp-content\/uploads\/2018\/09\/19-90023-TIE-STUDIO-3m-XLR-male-XLR-female-close-80x80.jpg 80w, https:\/\/tie-products.com\/wp-content\/uploads\/2018\/09\/19-90023-TIE-STUDIO-3m-XLR-male-XLR-female-close-300x300.jpg 300w, https:\/\/tie-products.com\/wp-content\/uploads\/2018\/09\/19-90023-TIE-STUDIO-3m-XLR-male-XLR-female-close-100x100.jpg 100w, https:\/\/tie-products.com\/wp-content\/uploads\/2018\/09\/19-90023-TIE-STUDIO-3m-XLR-male-XLR-female-close-600x600.jpg 600w, https:\/\/tie-products.com\/wp-content\/uploads\/2018\/09\/19-90023-TIE-STUDIO-3m-XLR-male-XLR-female-close-768x768.jpg 768w, https:\/\/tie-products.com\/wp-content\/uploads\/2018\/09\/19-90023-TIE-STUDIO-3m-XLR-male-XLR-female-close-36x36.jpg 36w, https:\/\/tie-products.com\/wp-content\/uploads\/2018\/09\/19-90023-TIE-STUDIO-3m-XLR-male-XLR-female-close-180x180.jpg 180w, https:\/\/tie-products.com\/wp-content\/uploads\/2018\/09\/19-90023-TIE-STUDIO-3m-XLR-male-XLR-female-close-705x705.jpg 705w, https:\/\/tie-products.com\/wp-content\/uploads\/2018\/09\/19-90023-TIE-STUDIO-3m-XLR-male-XLR-female-close.jpg 1024w\" sizes=\"auto, (max-width: 80px) 100vw, 80px\" \/><\/a>\n\t\t\t<\/dt>\n\t\t\t\t<dd class='wp-caption-text gallery-caption' id='gallery-1-10911'>\n\t\t\t\t3m XLR male &#8211; XLR female\n\t\t\t\t<\/dd><\/dl>\n\t\t\t<br style='clear: both' \/>\n\t\t<\/div>\n\n<p><strong>C\u00e2ble XLR male \u2013 XLR femelle de 3m<\/strong><br \/>\nC\u00e2bles TIE audio offrant une qualit\u00e9 fiable pour une utilisation quotidienne dans le studio et sur sc\u00e8ne. \u00c0 un prix imbattable ils sont tous blind\u00e9s par des bouchons m\u00e9talliques de qualit\u00e9 et sont fournis avec des attaches de c\u00e2ble Velcro.<\/p>\n<p>Caract\u00e9ristiques:<\/p>\n<ul>\n<li>C\u00e2ble Micro<\/li>\n<li>Bouchon m\u00e9tallique de haute qualit\u00e9<\/li>\n<li>C\u00e2ble blind\u00e9<\/li>\n<li>XLR femelle vers XLR m\u00e2le<\/li>\n<li>Couleur: noir<\/li>\n<li>Longueur: 3 m\u00e8tres<\/li>\n<li>Inclus attaches de c\u00e2ble Velcro<\/li>\n<\/ul>\n","protected":false},"excerpt":{"rendered":"<p>C\u00e2ble XLR male \u2013 XLR femelle de 3m C\u00e2bles TIE audio offrant une qualit\u00e9 fiable pour une utilisation quotidienne dans le studio et sur sc\u00e8ne. \u00c0 un prix imbattable ils sont tous blind\u00e9s par des bouchons m\u00e9talliques de qualit\u00e9 et sont fournis avec des attaches de c\u00e2ble Velcro. Caract\u00e9ristiques: C\u00e2ble Micro Bouchon m\u00e9tallique de haute [&hellip;]<\/p>\n","protected":false},"featured_media":11540,"template":"","meta":[],"product_brand":[],"product_cat":[24,25],"product_tag":[],"class_list":{"0":"post-11539","1":"product","2":"type-product","3":"status-publish","4":"has-post-thumbnail","6":"product_cat-tie","7":"product_cat-tie-studio","9":"first","10":"instock","11":"purchasable","12":"product-type-simple"},"yoast_head":"<!-- This site is optimized with the Yoast SEO plugin v25.0 - https:\/\/yoast.com\/wordpress\/plugins\/seo\/ -->\n<title>3m XLR male - XLR female - E-Commerce-Revolution<\/title>\n<meta name=\"robots\" content=\"index, follow, max-snippet:-1, max-image-preview:large, max-video-preview:-1\" \/>\n<link rel=\"canonical\" href=\"https:\/\/tie-products.com\/fr\/produkt\/3m-xlr-male-xlr-female\/\" \/>\n<meta property=\"og:locale\" content=\"fr_FR\" \/>\n<meta property=\"og:type\" content=\"article\" \/>\n<meta property=\"og:title\" content=\"3m XLR male - XLR female - E-Commerce-Revolution\" \/>\n<meta property=\"og:description\" content=\"C\u00e2ble XLR male \u2013 XLR femelle de 3m C\u00e2bles TIE audio offrant une qualit\u00e9 fiable pour une utilisation quotidienne dans le studio et sur sc\u00e8ne. \u00c0 un prix imbattable ils sont tous blind\u00e9s par des bouchons m\u00e9talliques de qualit\u00e9 et sont fournis avec des attaches de c\u00e2ble Velcro. Caract\u00e9ristiques: C\u00e2ble Micro Bouchon m\u00e9tallique de haute [&hellip;]\" \/>\n<meta property=\"og:url\" content=\"https:\/\/tie-products.com\/fr\/produkt\/3m-xlr-male-xlr-female\/\" \/>\n<meta property=\"og:site_name\" content=\"E-Commerce-Revolution\" \/>\n<meta property=\"article:modified_time\" content=\"2021-01-27T09:24:00+00:00\" \/>\n<meta property=\"og:image\" content=\"https:\/\/tie-products.com\/wp-content\/uploads\/2018\/09\/19-90023-TIE-STUDIO-3m-XLR-male-XLR-female.jpg\" \/>\n\t<meta property=\"og:image:width\" content=\"1024\" \/>\n\t<meta property=\"og:image:height\" content=\"1024\" \/>\n\t<meta property=\"og:image:type\" content=\"image\/jpeg\" \/>\n<meta name=\"twitter:card\" content=\"summary_large_image\" \/>\n<meta name=\"twitter:label1\" content=\"Dur\u00e9e de lecture estim\u00e9e\" \/>\n\t<meta name=\"twitter:data1\" content=\"1 minute\" \/>\n<script type=\"application\/ld+json\" class=\"yoast-schema-graph\">{\"@context\":\"https:\/\/schema.org\",\"@graph\":[{\"@type\":\"WebPage\",\"@id\":\"https:\/\/tie-products.com\/fr\/produkt\/3m-xlr-male-xlr-female\/\",\"url\":\"https:\/\/tie-products.com\/fr\/produkt\/3m-xlr-male-xlr-female\/\",\"name\":\"3m XLR male - XLR female - E-Commerce-Revolution\",\"isPartOf\":{\"@id\":\"https:\/\/tie-products.com\/pl\/#website\"},\"primaryImageOfPage\":{\"@id\":\"https:\/\/tie-products.com\/fr\/produkt\/3m-xlr-male-xlr-female\/#primaryimage\"},\"image\":{\"@id\":\"https:\/\/tie-products.com\/fr\/produkt\/3m-xlr-male-xlr-female\/#primaryimage\"},\"thumbnailUrl\":\"https:\/\/tie-products.com\/wp-content\/uploads\/2018\/09\/19-90023-TIE-STUDIO-3m-XLR-male-XLR-female.jpg\",\"datePublished\":\"2019-02-16T20:06:09+00:00\",\"dateModified\":\"2021-01-27T09:24:00+00:00\",\"breadcrumb\":{\"@id\":\"https:\/\/tie-products.com\/fr\/produkt\/3m-xlr-male-xlr-female\/#breadcrumb\"},\"inLanguage\":\"fr-FR\",\"potentialAction\":[{\"@type\":\"ReadAction\",\"target\":[\"https:\/\/tie-products.com\/fr\/produkt\/3m-xlr-male-xlr-female\/\"]}]},{\"@type\":\"ImageObject\",\"inLanguage\":\"fr-FR\",\"@id\":\"https:\/\/tie-products.com\/fr\/produkt\/3m-xlr-male-xlr-female\/#primaryimage\",\"url\":\"https:\/\/tie-products.com\/wp-content\/uploads\/2018\/09\/19-90023-TIE-STUDIO-3m-XLR-male-XLR-female.jpg\",\"contentUrl\":\"https:\/\/tie-products.com\/wp-content\/uploads\/2018\/09\/19-90023-TIE-STUDIO-3m-XLR-male-XLR-female.jpg\",\"width\":1024,\"height\":1024},{\"@type\":\"BreadcrumbList\",\"@id\":\"https:\/\/tie-products.com\/fr\/produkt\/3m-xlr-male-xlr-female\/#breadcrumb\",\"itemListElement\":[{\"@type\":\"ListItem\",\"position\":1,\"name\":\"Home\",\"item\":\"https:\/\/tie-products.com\/fr\/\"},{\"@type\":\"ListItem\",\"position\":2,\"name\":\"Shop\",\"item\":\"https:\/\/tie-products.com\/shop\/\"},{\"@type\":\"ListItem\",\"position\":3,\"name\":\"3m XLR male &#8211; XLR female\"}]},{\"@type\":\"WebSite\",\"@id\":\"https:\/\/tie-products.com\/pl\/#website\",\"url\":\"https:\/\/tie-products.com\/pl\/\",\"name\":\"E-Commerce-Revolution\",\"description\":\"Just another WordPress site\",\"potentialAction\":[{\"@type\":\"SearchAction\",\"target\":{\"@type\":\"EntryPoint\",\"urlTemplate\":\"https:\/\/tie-products.com\/pl\/?s={search_term_string}\"},\"query-input\":{\"@type\":\"PropertyValueSpecification\",\"valueRequired\":true,\"valueName\":\"search_term_string\"}}],\"inLanguage\":\"fr-FR\"}]}<\/script>\n<!-- \/ Yoast SEO plugin. -->","yoast_head_json":{"title":"3m XLR male - XLR female - E-Commerce-Revolution","robots":{"index":"index","follow":"follow","max-snippet":"max-snippet:-1","max-image-preview":"max-image-preview:large","max-video-preview":"max-video-preview:-1"},"canonical":"https:\/\/tie-products.com\/fr\/produkt\/3m-xlr-male-xlr-female\/","og_locale":"fr_FR","og_type":"article","og_title":"3m XLR male - XLR female - E-Commerce-Revolution","og_description":"C\u00e2ble XLR male \u2013 XLR femelle de 3m C\u00e2bles TIE audio offrant une qualit\u00e9 fiable pour une utilisation quotidienne dans le studio et sur sc\u00e8ne. \u00c0 un prix imbattable ils sont tous blind\u00e9s par des bouchons m\u00e9talliques de qualit\u00e9 et sont fournis avec des attaches de c\u00e2ble Velcro. Caract\u00e9ristiques: C\u00e2ble Micro Bouchon m\u00e9tallique de haute [&hellip;]","og_url":"https:\/\/tie-products.com\/fr\/produkt\/3m-xlr-male-xlr-female\/","og_site_name":"E-Commerce-Revolution","article_modified_time":"2021-01-27T09:24:00+00:00","og_image":[{"width":1024,"height":1024,"url":"https:\/\/tie-products.com\/wp-content\/uploads\/2018\/09\/19-90023-TIE-STUDIO-3m-XLR-male-XLR-female.jpg","type":"image\/jpeg"}],"twitter_card":"summary_large_image","twitter_misc":{"Dur\u00e9e de lecture estim\u00e9e":"1 minute"},"schema":{"@context":"https:\/\/schema.org","@graph":[{"@type":"WebPage","@id":"https:\/\/tie-products.com\/fr\/produkt\/3m-xlr-male-xlr-female\/","url":"https:\/\/tie-products.com\/fr\/produkt\/3m-xlr-male-xlr-female\/","name":"3m XLR male - XLR female - E-Commerce-Revolution","isPartOf":{"@id":"https:\/\/tie-products.com\/pl\/#website"},"primaryImageOfPage":{"@id":"https:\/\/tie-products.com\/fr\/produkt\/3m-xlr-male-xlr-female\/#primaryimage"},"image":{"@id":"https:\/\/tie-products.com\/fr\/produkt\/3m-xlr-male-xlr-female\/#primaryimage"},"thumbnailUrl":"https:\/\/tie-products.com\/wp-content\/uploads\/2018\/09\/19-90023-TIE-STUDIO-3m-XLR-male-XLR-female.jpg","datePublished":"2019-02-16T20:06:09+00:00","dateModified":"2021-01-27T09:24:00+00:00","breadcrumb":{"@id":"https:\/\/tie-products.com\/fr\/produkt\/3m-xlr-male-xlr-female\/#breadcrumb"},"inLanguage":"fr-FR","potentialAction":[{"@type":"ReadAction","target":["https:\/\/tie-products.com\/fr\/produkt\/3m-xlr-male-xlr-female\/"]}]},{"@type":"ImageObject","inLanguage":"fr-FR","@id":"https:\/\/tie-products.com\/fr\/produkt\/3m-xlr-male-xlr-female\/#primaryimage","url":"https:\/\/tie-products.com\/wp-content\/uploads\/2018\/09\/19-90023-TIE-STUDIO-3m-XLR-male-XLR-female.jpg","contentUrl":"https:\/\/tie-products.com\/wp-content\/uploads\/2018\/09\/19-90023-TIE-STUDIO-3m-XLR-male-XLR-female.jpg","width":1024,"height":1024},{"@type":"BreadcrumbList","@id":"https:\/\/tie-products.com\/fr\/produkt\/3m-xlr-male-xlr-female\/#breadcrumb","itemListElement":[{"@type":"ListItem","position":1,"name":"Home","item":"https:\/\/tie-products.com\/fr\/"},{"@type":"ListItem","position":2,"name":"Shop","item":"https:\/\/tie-products.com\/shop\/"},{"@type":"ListItem","position":3,"name":"3m XLR male &#8211; XLR female"}]},{"@type":"WebSite","@id":"https:\/\/tie-products.com\/pl\/#website","url":"https:\/\/tie-products.com\/pl\/","name":"E-Commerce-Revolution","description":"Just another WordPress site","potentialAction":[{"@type":"SearchAction","target":{"@type":"EntryPoint","urlTemplate":"https:\/\/tie-products.com\/pl\/?s={search_term_string}"},"query-input":{"@type":"PropertyValueSpecification","valueRequired":true,"valueName":"search_term_string"}}],"inLanguage":"fr-FR"}]}},"_links":{"self":[{"href":"https:\/\/tie-products.com\/fr\/wp-json\/wp\/v2\/product\/11539","targetHints":{"allow":["GET"]}}],"collection":[{"href":"https:\/\/tie-products.com\/fr\/wp-json\/wp\/v2\/product"}],"about":[{"href":"https:\/\/tie-products.com\/fr\/wp-json\/wp\/v2\/types\/product"}],"wp:featuredmedia":[{"embeddable":true,"href":"https:\/\/tie-products.com\/fr\/wp-json\/wp\/v2\/media\/11540"}],"wp:attachment":[{"href":"https:\/\/tie-products.com\/fr\/wp-json\/wp\/v2\/media?parent=11539"}],"wp:term":[{"taxonomy":"product_brand","embeddable":true,"href":"https:\/\/tie-products.com\/fr\/wp-json\/wp\/v2\/product_brand?post=11539"},{"taxonomy":"product_cat","embeddable":true,"href":"https:\/\/tie-products.com\/fr\/wp-json\/wp\/v2\/product_cat?post=11539"},{"taxonomy":"product_tag","embeddable":true,"href":"https:\/\/tie-products.com\/fr\/wp-json\/wp\/v2\/product_tag?post=11539"}],"curies":[{"name":"wp","href":"https:\/\/api.w.org\/{rel}","templated":true}]}}