{"id":11494,"date":"2019-02-16T21:06:03","date_gmt":"2019-02-16T20:06:03","guid":{"rendered":"https:\/\/tie-products.netzspitze.cloud\/produkt\/flexible-mic-stand\/"},"modified":"2021-02-20T19:50:49","modified_gmt":"2021-02-20T19:50:49","slug":"flexible-mic-stand","status":"publish","type":"product","link":"https:\/\/tie-products.com\/fr\/produkt\/flexible-mic-stand\/","title":{"rendered":"Flexible Mic Stand"},"content":{"rendered":"<p><strong>Pied de Micro Table Professionnel<\/strong><\/p>\n<p>Le pied de Microphone de table est robuste, id\u00e9al pour les studios d\u2019enregistrement et les postes de travail multim\u00e9dia. Le support permet un r\u00e9glage facile de la position souhait\u00e9e et un ajustement en douceur.<\/p>\n\n\t\t<style type=\"text\/css\">\n\t\t\t#gallery-1 {\n\t\t\t\tmargin: auto;\n\t\t\t}\n\t\t\t#gallery-1 .gallery-item {\n\t\t\t\tfloat: left;\n\t\t\t\tmargin-top: 10px;\n\t\t\t\ttext-align: center;\n\t\t\t\twidth: 25%;\n\t\t\t}\n\t\t\t#gallery-1 img {\n\t\t\t\tborder: 2px solid #cfcfcf;\n\t\t\t}\n\t\t\t#gallery-1 .gallery-caption {\n\t\t\t\tmargin-left: 0;\n\t\t\t}\n\t\t\t\/* see gallery_shortcode() in wp-includes\/media.php *\/\n\t\t<\/style>\n\t\t<div id='gallery-1' class='gallery galleryid-11494 gallery-columns-4 gallery-size-medium'><dl class='gallery-item'>\n\t\t\t<dt class='gallery-icon landscape'>\n\t\t\t\t<a href='https:\/\/tie-products.com\/fr\/?attachment_id=12139'><img loading=\"lazy\" decoding=\"async\" width=\"300\" height=\"300\" src=\"https:\/\/tie-products.com\/wp-content\/uploads\/2021\/02\/TIE-FlexStand-Lifestyle-3-300x300.jpg\" class=\"attachment-medium size-medium\" alt=\"\" srcset=\"https:\/\/tie-products.com\/wp-content\/uploads\/2021\/02\/TIE-FlexStand-Lifestyle-3-300x300.jpg 300w, https:\/\/tie-products.com\/wp-content\/uploads\/2021\/02\/TIE-FlexStand-Lifestyle-3-100x100.jpg 100w, https:\/\/tie-products.com\/wp-content\/uploads\/2021\/02\/TIE-FlexStand-Lifestyle-3-600x600.jpg 600w, https:\/\/tie-products.com\/wp-content\/uploads\/2021\/02\/TIE-FlexStand-Lifestyle-3-1030x1030.jpg 1030w, https:\/\/tie-products.com\/wp-content\/uploads\/2021\/02\/TIE-FlexStand-Lifestyle-3-80x80.jpg 80w, https:\/\/tie-products.com\/wp-content\/uploads\/2021\/02\/TIE-FlexStand-Lifestyle-3-768x768.jpg 768w, https:\/\/tie-products.com\/wp-content\/uploads\/2021\/02\/TIE-FlexStand-Lifestyle-3-36x36.jpg 36w, https:\/\/tie-products.com\/wp-content\/uploads\/2021\/02\/TIE-FlexStand-Lifestyle-3-180x180.jpg 180w, https:\/\/tie-products.com\/wp-content\/uploads\/2021\/02\/TIE-FlexStand-Lifestyle-3.jpg 1500w, https:\/\/tie-products.com\/wp-content\/uploads\/2021\/02\/TIE-FlexStand-Lifestyle-3-705x705.jpg 705w\" sizes=\"auto, (max-width: 300px) 100vw, 300px\" \/><\/a>\n\t\t\t<\/dt><\/dl><dl class='gallery-item'>\n\t\t\t<dt class='gallery-icon landscape'>\n\t\t\t\t<a href='https:\/\/tie-products.com\/fr\/?attachment_id=12135'><img loading=\"lazy\" decoding=\"async\" width=\"300\" height=\"300\" src=\"https:\/\/tie-products.com\/wp-content\/uploads\/2021\/02\/TIE-FlexStand-Lifestyle-2-300x300.jpg\" class=\"attachment-medium size-medium\" alt=\"\" srcset=\"https:\/\/tie-products.com\/wp-content\/uploads\/2021\/02\/TIE-FlexStand-Lifestyle-2-300x300.jpg 300w, https:\/\/tie-products.com\/wp-content\/uploads\/2021\/02\/TIE-FlexStand-Lifestyle-2-100x100.jpg 100w, https:\/\/tie-products.com\/wp-content\/uploads\/2021\/02\/TIE-FlexStand-Lifestyle-2-600x600.jpg 600w, https:\/\/tie-products.com\/wp-content\/uploads\/2021\/02\/TIE-FlexStand-Lifestyle-2-1030x1030.jpg 1030w, https:\/\/tie-products.com\/wp-content\/uploads\/2021\/02\/TIE-FlexStand-Lifestyle-2-80x80.jpg 80w, https:\/\/tie-products.com\/wp-content\/uploads\/2021\/02\/TIE-FlexStand-Lifestyle-2-768x768.jpg 768w, https:\/\/tie-products.com\/wp-content\/uploads\/2021\/02\/TIE-FlexStand-Lifestyle-2-36x36.jpg 36w, https:\/\/tie-products.com\/wp-content\/uploads\/2021\/02\/TIE-FlexStand-Lifestyle-2-180x180.jpg 180w, https:\/\/tie-products.com\/wp-content\/uploads\/2021\/02\/TIE-FlexStand-Lifestyle-2.jpg 1500w, https:\/\/tie-products.com\/wp-content\/uploads\/2021\/02\/TIE-FlexStand-Lifestyle-2-705x705.jpg 705w\" sizes=\"auto, (max-width: 300px) 100vw, 300px\" \/><\/a>\n\t\t\t<\/dt><\/dl><dl class='gallery-item'>\n\t\t\t<dt class='gallery-icon landscape'>\n\t\t\t\t<a href='https:\/\/tie-products.com\/fr\/?attachment_id=12147'><img loading=\"lazy\" decoding=\"async\" width=\"300\" height=\"300\" src=\"https:\/\/tie-products.com\/wp-content\/uploads\/2021\/02\/TIE-FlexStandProUSB-Lifestyle-1-300x300.jpg\" class=\"attachment-medium size-medium\" alt=\"\" srcset=\"https:\/\/tie-products.com\/wp-content\/uploads\/2021\/02\/TIE-FlexStandProUSB-Lifestyle-1-300x300.jpg 300w, https:\/\/tie-products.com\/wp-content\/uploads\/2021\/02\/TIE-FlexStandProUSB-Lifestyle-1-100x100.jpg 100w, https:\/\/tie-products.com\/wp-content\/uploads\/2021\/02\/TIE-FlexStandProUSB-Lifestyle-1-600x600.jpg 600w, https:\/\/tie-products.com\/wp-content\/uploads\/2021\/02\/TIE-FlexStandProUSB-Lifestyle-1-1030x1030.jpg 1030w, https:\/\/tie-products.com\/wp-content\/uploads\/2021\/02\/TIE-FlexStandProUSB-Lifestyle-1-80x80.jpg 80w, https:\/\/tie-products.com\/wp-content\/uploads\/2021\/02\/TIE-FlexStandProUSB-Lifestyle-1-768x768.jpg 768w, https:\/\/tie-products.com\/wp-content\/uploads\/2021\/02\/TIE-FlexStandProUSB-Lifestyle-1-36x36.jpg 36w, https:\/\/tie-products.com\/wp-content\/uploads\/2021\/02\/TIE-FlexStandProUSB-Lifestyle-1-180x180.jpg 180w, https:\/\/tie-products.com\/wp-content\/uploads\/2021\/02\/TIE-FlexStandProUSB-Lifestyle-1.jpg 1500w, https:\/\/tie-products.com\/wp-content\/uploads\/2021\/02\/TIE-FlexStandProUSB-Lifestyle-1-705x705.jpg 705w\" sizes=\"auto, (max-width: 300px) 100vw, 300px\" \/><\/a>\n\t\t\t<\/dt><\/dl><dl class='gallery-item'>\n\t\t\t<dt class='gallery-icon landscape'>\n\t\t\t\t<a href='https:\/\/tie-products.com\/fr\/?attachment_id=12131'><img loading=\"lazy\" decoding=\"async\" width=\"300\" height=\"300\" src=\"https:\/\/tie-products.com\/wp-content\/uploads\/2021\/02\/TIE-FlexStand-Lifestyle-1-300x300.jpg\" class=\"attachment-medium size-medium\" alt=\"\" srcset=\"https:\/\/tie-products.com\/wp-content\/uploads\/2021\/02\/TIE-FlexStand-Lifestyle-1-300x300.jpg 300w, https:\/\/tie-products.com\/wp-content\/uploads\/2021\/02\/TIE-FlexStand-Lifestyle-1-100x100.jpg 100w, https:\/\/tie-products.com\/wp-content\/uploads\/2021\/02\/TIE-FlexStand-Lifestyle-1-600x600.jpg 600w, https:\/\/tie-products.com\/wp-content\/uploads\/2021\/02\/TIE-FlexStand-Lifestyle-1-1030x1030.jpg 1030w, https:\/\/tie-products.com\/wp-content\/uploads\/2021\/02\/TIE-FlexStand-Lifestyle-1-80x80.jpg 80w, https:\/\/tie-products.com\/wp-content\/uploads\/2021\/02\/TIE-FlexStand-Lifestyle-1-768x768.jpg 768w, https:\/\/tie-products.com\/wp-content\/uploads\/2021\/02\/TIE-FlexStand-Lifestyle-1-36x36.jpg 36w, https:\/\/tie-products.com\/wp-content\/uploads\/2021\/02\/TIE-FlexStand-Lifestyle-1-180x180.jpg 180w, https:\/\/tie-products.com\/wp-content\/uploads\/2021\/02\/TIE-FlexStand-Lifestyle-1.jpg 1500w, https:\/\/tie-products.com\/wp-content\/uploads\/2021\/02\/TIE-FlexStand-Lifestyle-1-705x705.jpg 705w\" sizes=\"auto, (max-width: 300px) 100vw, 300px\" \/><\/a>\n\t\t\t<\/dt><\/dl><br style=\"clear: both\" \/>\n\t\t<\/div>\n\n<p><strong>Caract\u00e9ristiques :<\/strong><\/p>\n<ul>\n<li>Construction robuste en acier<\/li>\n<li>Mat\u00e9riel: plastique et m\u00e9tal (support articul\u00e9)<\/li>\n<li>Inclus clip microphone standard (Standard Microphone \u00e0 main)<\/li>\n<li>Id\u00e9al pour diffusion, studios et podcasts multim\u00e9dias<\/li>\n<li>Facile \u00e0 installer sur une table ou un bureau<\/li>\n<li>R\u00e9glage avec des supports de ressort<\/li>\n<li>Clamp pour plateaux de table jusqu\u2019\u00e0 60 mm<\/li>\n<li>Double embase<\/li>\n<li>Couleur: noir<\/li>\n<li>360 \u00b0 r\u00e9glable<\/li>\n<li>Longueur: 750 mm max<\/li>\n<li>Poids: 575 g<\/li>\n<\/ul>\n","protected":false},"excerpt":{"rendered":"<p>Pied de Micro Table Professionnel Le pied de Microphone de table est robuste, id\u00e9al pour les studios d\u2019enregistrement et les postes de travail multim\u00e9dia. Le support permet un r\u00e9glage facile de la position souhait\u00e9e et un ajustement en douceur. Caract\u00e9ristiques : Construction robuste en acier Mat\u00e9riel: plastique et m\u00e9tal (support articul\u00e9) Inclus clip microphone standard [&hellip;]<\/p>\n","protected":false},"featured_media":11495,"template":"","meta":[],"product_brand":[],"product_cat":[24,25],"product_tag":[],"class_list":{"0":"post-11494","1":"product","2":"type-product","3":"status-publish","4":"has-post-thumbnail","6":"product_cat-tie","7":"product_cat-tie-studio","9":"first","10":"instock","11":"purchasable","12":"product-type-simple"},"yoast_head":"<!-- This site is optimized with the Yoast SEO plugin v25.0 - https:\/\/yoast.com\/wordpress\/plugins\/seo\/ -->\n<title>Flexible Mic Stand - E-Commerce-Revolution<\/title>\n<meta name=\"robots\" content=\"index, follow, max-snippet:-1, max-image-preview:large, max-video-preview:-1\" \/>\n<link rel=\"canonical\" href=\"https:\/\/tie-products.com\/fr\/produkt\/flexible-mic-stand\/\" \/>\n<meta property=\"og:locale\" content=\"fr_FR\" \/>\n<meta property=\"og:type\" content=\"article\" \/>\n<meta property=\"og:title\" content=\"Flexible Mic Stand - E-Commerce-Revolution\" \/>\n<meta property=\"og:description\" content=\"Pied de Micro Table Professionnel Le pied de Microphone de table est robuste, id\u00e9al pour les studios d\u2019enregistrement et les postes de travail multim\u00e9dia. Le support permet un r\u00e9glage facile de la position souhait\u00e9e et un ajustement en douceur. Caract\u00e9ristiques : Construction robuste en acier Mat\u00e9riel: plastique et m\u00e9tal (support articul\u00e9) Inclus clip microphone standard [&hellip;]\" \/>\n<meta property=\"og:url\" content=\"https:\/\/tie-products.com\/fr\/produkt\/flexible-mic-stand\/\" \/>\n<meta property=\"og:site_name\" content=\"E-Commerce-Revolution\" \/>\n<meta property=\"article:modified_time\" content=\"2021-02-20T19:50:49+00:00\" \/>\n<meta property=\"og:image\" content=\"https:\/\/tie-products.com\/wp-content\/uploads\/2017\/07\/19-90007-TIE-Studio-Flexible-Mic-Stand.png\" \/>\n\t<meta property=\"og:image:width\" content=\"1024\" \/>\n\t<meta property=\"og:image:height\" content=\"1024\" \/>\n\t<meta property=\"og:image:type\" content=\"image\/png\" \/>\n<meta name=\"twitter:card\" content=\"summary_large_image\" \/>\n<meta name=\"twitter:label1\" content=\"Dur\u00e9e de lecture estim\u00e9e\" \/>\n\t<meta name=\"twitter:data1\" content=\"1 minute\" \/>\n<script type=\"application\/ld+json\" class=\"yoast-schema-graph\">{\"@context\":\"https:\/\/schema.org\",\"@graph\":[{\"@type\":\"WebPage\",\"@id\":\"https:\/\/tie-products.com\/fr\/produkt\/flexible-mic-stand\/\",\"url\":\"https:\/\/tie-products.com\/fr\/produkt\/flexible-mic-stand\/\",\"name\":\"Flexible Mic Stand - E-Commerce-Revolution\",\"isPartOf\":{\"@id\":\"https:\/\/tie-products.com\/pl\/#website\"},\"primaryImageOfPage\":{\"@id\":\"https:\/\/tie-products.com\/fr\/produkt\/flexible-mic-stand\/#primaryimage\"},\"image\":{\"@id\":\"https:\/\/tie-products.com\/fr\/produkt\/flexible-mic-stand\/#primaryimage\"},\"thumbnailUrl\":\"https:\/\/tie-products.com\/wp-content\/uploads\/2017\/07\/19-90007-TIE-Studio-Flexible-Mic-Stand.png\",\"datePublished\":\"2019-02-16T20:06:03+00:00\",\"dateModified\":\"2021-02-20T19:50:49+00:00\",\"breadcrumb\":{\"@id\":\"https:\/\/tie-products.com\/fr\/produkt\/flexible-mic-stand\/#breadcrumb\"},\"inLanguage\":\"fr-FR\",\"potentialAction\":[{\"@type\":\"ReadAction\",\"target\":[\"https:\/\/tie-products.com\/fr\/produkt\/flexible-mic-stand\/\"]}]},{\"@type\":\"ImageObject\",\"inLanguage\":\"fr-FR\",\"@id\":\"https:\/\/tie-products.com\/fr\/produkt\/flexible-mic-stand\/#primaryimage\",\"url\":\"https:\/\/tie-products.com\/wp-content\/uploads\/2017\/07\/19-90007-TIE-Studio-Flexible-Mic-Stand.png\",\"contentUrl\":\"https:\/\/tie-products.com\/wp-content\/uploads\/2017\/07\/19-90007-TIE-Studio-Flexible-Mic-Stand.png\",\"width\":1024,\"height\":1024},{\"@type\":\"BreadcrumbList\",\"@id\":\"https:\/\/tie-products.com\/fr\/produkt\/flexible-mic-stand\/#breadcrumb\",\"itemListElement\":[{\"@type\":\"ListItem\",\"position\":1,\"name\":\"Home\",\"item\":\"https:\/\/tie-products.com\/fr\/\"},{\"@type\":\"ListItem\",\"position\":2,\"name\":\"Shop\",\"item\":\"https:\/\/tie-products.com\/shop\/\"},{\"@type\":\"ListItem\",\"position\":3,\"name\":\"Flexible Mic Stand\"}]},{\"@type\":\"WebSite\",\"@id\":\"https:\/\/tie-products.com\/pl\/#website\",\"url\":\"https:\/\/tie-products.com\/pl\/\",\"name\":\"E-Commerce-Revolution\",\"description\":\"Just another WordPress site\",\"potentialAction\":[{\"@type\":\"SearchAction\",\"target\":{\"@type\":\"EntryPoint\",\"urlTemplate\":\"https:\/\/tie-products.com\/pl\/?s={search_term_string}\"},\"query-input\":{\"@type\":\"PropertyValueSpecification\",\"valueRequired\":true,\"valueName\":\"search_term_string\"}}],\"inLanguage\":\"fr-FR\"}]}<\/script>\n<!-- \/ Yoast SEO plugin. -->","yoast_head_json":{"title":"Flexible Mic Stand - E-Commerce-Revolution","robots":{"index":"index","follow":"follow","max-snippet":"max-snippet:-1","max-image-preview":"max-image-preview:large","max-video-preview":"max-video-preview:-1"},"canonical":"https:\/\/tie-products.com\/fr\/produkt\/flexible-mic-stand\/","og_locale":"fr_FR","og_type":"article","og_title":"Flexible Mic Stand - E-Commerce-Revolution","og_description":"Pied de Micro Table Professionnel Le pied de Microphone de table est robuste, id\u00e9al pour les studios d\u2019enregistrement et les postes de travail multim\u00e9dia. Le support permet un r\u00e9glage facile de la position souhait\u00e9e et un ajustement en douceur. Caract\u00e9ristiques : Construction robuste en acier Mat\u00e9riel: plastique et m\u00e9tal (support articul\u00e9) Inclus clip microphone standard [&hellip;]","og_url":"https:\/\/tie-products.com\/fr\/produkt\/flexible-mic-stand\/","og_site_name":"E-Commerce-Revolution","article_modified_time":"2021-02-20T19:50:49+00:00","og_image":[{"width":1024,"height":1024,"url":"https:\/\/tie-products.com\/wp-content\/uploads\/2017\/07\/19-90007-TIE-Studio-Flexible-Mic-Stand.png","type":"image\/png"}],"twitter_card":"summary_large_image","twitter_misc":{"Dur\u00e9e de lecture estim\u00e9e":"1 minute"},"schema":{"@context":"https:\/\/schema.org","@graph":[{"@type":"WebPage","@id":"https:\/\/tie-products.com\/fr\/produkt\/flexible-mic-stand\/","url":"https:\/\/tie-products.com\/fr\/produkt\/flexible-mic-stand\/","name":"Flexible Mic Stand - E-Commerce-Revolution","isPartOf":{"@id":"https:\/\/tie-products.com\/pl\/#website"},"primaryImageOfPage":{"@id":"https:\/\/tie-products.com\/fr\/produkt\/flexible-mic-stand\/#primaryimage"},"image":{"@id":"https:\/\/tie-products.com\/fr\/produkt\/flexible-mic-stand\/#primaryimage"},"thumbnailUrl":"https:\/\/tie-products.com\/wp-content\/uploads\/2017\/07\/19-90007-TIE-Studio-Flexible-Mic-Stand.png","datePublished":"2019-02-16T20:06:03+00:00","dateModified":"2021-02-20T19:50:49+00:00","breadcrumb":{"@id":"https:\/\/tie-products.com\/fr\/produkt\/flexible-mic-stand\/#breadcrumb"},"inLanguage":"fr-FR","potentialAction":[{"@type":"ReadAction","target":["https:\/\/tie-products.com\/fr\/produkt\/flexible-mic-stand\/"]}]},{"@type":"ImageObject","inLanguage":"fr-FR","@id":"https:\/\/tie-products.com\/fr\/produkt\/flexible-mic-stand\/#primaryimage","url":"https:\/\/tie-products.com\/wp-content\/uploads\/2017\/07\/19-90007-TIE-Studio-Flexible-Mic-Stand.png","contentUrl":"https:\/\/tie-products.com\/wp-content\/uploads\/2017\/07\/19-90007-TIE-Studio-Flexible-Mic-Stand.png","width":1024,"height":1024},{"@type":"BreadcrumbList","@id":"https:\/\/tie-products.com\/fr\/produkt\/flexible-mic-stand\/#breadcrumb","itemListElement":[{"@type":"ListItem","position":1,"name":"Home","item":"https:\/\/tie-products.com\/fr\/"},{"@type":"ListItem","position":2,"name":"Shop","item":"https:\/\/tie-products.com\/shop\/"},{"@type":"ListItem","position":3,"name":"Flexible Mic Stand"}]},{"@type":"WebSite","@id":"https:\/\/tie-products.com\/pl\/#website","url":"https:\/\/tie-products.com\/pl\/","name":"E-Commerce-Revolution","description":"Just another WordPress site","potentialAction":[{"@type":"SearchAction","target":{"@type":"EntryPoint","urlTemplate":"https:\/\/tie-products.com\/pl\/?s={search_term_string}"},"query-input":{"@type":"PropertyValueSpecification","valueRequired":true,"valueName":"search_term_string"}}],"inLanguage":"fr-FR"}]}},"_links":{"self":[{"href":"https:\/\/tie-products.com\/fr\/wp-json\/wp\/v2\/product\/11494","targetHints":{"allow":["GET"]}}],"collection":[{"href":"https:\/\/tie-products.com\/fr\/wp-json\/wp\/v2\/product"}],"about":[{"href":"https:\/\/tie-products.com\/fr\/wp-json\/wp\/v2\/types\/product"}],"wp:featuredmedia":[{"embeddable":true,"href":"https:\/\/tie-products.com\/fr\/wp-json\/wp\/v2\/media\/11495"}],"wp:attachment":[{"href":"https:\/\/tie-products.com\/fr\/wp-json\/wp\/v2\/media?parent=11494"}],"wp:term":[{"taxonomy":"product_brand","embeddable":true,"href":"https:\/\/tie-products.com\/fr\/wp-json\/wp\/v2\/product_brand?post=11494"},{"taxonomy":"product_cat","embeddable":true,"href":"https:\/\/tie-products.com\/fr\/wp-json\/wp\/v2\/product_cat?post=11494"},{"taxonomy":"product_tag","embeddable":true,"href":"https:\/\/tie-products.com\/fr\/wp-json\/wp\/v2\/product_tag?post=11494"}],"curies":[{"name":"wp","href":"https:\/\/api.w.org\/{rel}","templated":true}]}}