{"id":11474,"date":"2019-02-16T21:06:03","date_gmt":"2019-02-16T20:06:03","guid":{"rendered":"https:\/\/tie-products.netzspitze.cloud\/produkt\/midi-1i1o\/"},"modified":"2021-02-20T19:45:07","modified_gmt":"2021-02-20T19:45:07","slug":"midi-1i1o","status":"publish","type":"product","link":"https:\/\/tie-products.com\/fr\/produkt\/midi-1i1o\/","title":{"rendered":"MIDI 1i1o"},"content":{"rendered":"<p><strong>Interface MIDI USB<\/strong><\/p>\n<p>Le c\u00e2ble interface Tie studio MIDI USB est particuli\u00e8rement l\u00e9ger et compact. Il est le meilleur moyen pour un mat\u00e9riel MIDI de se connecter \u00e0 un ordinateur Windows ou MAC. Un chipset actuel offre la plus faible latence et une synchronisation stable. L\u2019alimentation est fournie via USB. Le fonctionnement v\u00e9ritable Plug &amp; Play rend l\u2019installation du pilote inutile.<\/p>\n<p>Caract\u00e9ristiques:<\/p>\n<ul>\n<li>Interface MIDI USB<\/li>\n<li>1x MIDI In, 1x MIDI Out<\/li>\n<li>Interface int\u00e9gr\u00e9e dans la prise USB<\/li>\n<li>Aliment\u00e9 par USB<\/li>\n<li>Plug &amp; Play, aucune installation de pilote n\u00e9cessaire<\/li>\n<li>Classe USB compatible pour Windows et Mac OSX<\/li>\n<li>Longueur totale: environ 2 m<\/li>\n<\/ul>\n","protected":false},"excerpt":{"rendered":"<p>Interface MIDI USB Le c\u00e2ble interface Tie studio MIDI USB est particuli\u00e8rement l\u00e9ger et compact. Il est le meilleur moyen pour un mat\u00e9riel MIDI de se connecter \u00e0 un ordinateur Windows ou MAC. Un chipset actuel offre la plus faible latence et une synchronisation stable. L\u2019alimentation est fournie via USB. Le fonctionnement v\u00e9ritable Plug &amp; [&hellip;]<\/p>\n","protected":false},"featured_media":11475,"template":"","meta":[],"product_brand":[],"product_cat":[24,25],"product_tag":[],"class_list":{"0":"post-11474","1":"product","2":"type-product","3":"status-publish","4":"has-post-thumbnail","6":"product_cat-tie","7":"product_cat-tie-studio","9":"first","10":"instock","11":"purchasable","12":"product-type-simple"},"yoast_head":"<!-- This site is optimized with the Yoast SEO plugin v25.0 - https:\/\/yoast.com\/wordpress\/plugins\/seo\/ -->\n<title>MIDI 1i1o - E-Commerce-Revolution<\/title>\n<meta name=\"robots\" content=\"index, follow, max-snippet:-1, max-image-preview:large, max-video-preview:-1\" \/>\n<link rel=\"canonical\" href=\"https:\/\/tie-products.com\/fr\/produkt\/midi-1i1o\/\" \/>\n<meta property=\"og:locale\" content=\"fr_FR\" \/>\n<meta property=\"og:type\" content=\"article\" \/>\n<meta property=\"og:title\" content=\"MIDI 1i1o - E-Commerce-Revolution\" \/>\n<meta property=\"og:description\" content=\"Interface MIDI USB Le c\u00e2ble interface Tie studio MIDI USB est particuli\u00e8rement l\u00e9ger et compact. Il est le meilleur moyen pour un mat\u00e9riel MIDI de se connecter \u00e0 un ordinateur Windows ou MAC. Un chipset actuel offre la plus faible latence et une synchronisation stable. L\u2019alimentation est fournie via USB. Le fonctionnement v\u00e9ritable Plug &amp; [&hellip;]\" \/>\n<meta property=\"og:url\" content=\"https:\/\/tie-products.com\/fr\/produkt\/midi-1i1o\/\" \/>\n<meta property=\"og:site_name\" content=\"E-Commerce-Revolution\" \/>\n<meta property=\"article:modified_time\" content=\"2021-02-20T19:45:07+00:00\" \/>\n<meta property=\"og:image\" content=\"https:\/\/tie-products.com\/wp-content\/uploads\/2018\/04\/Midi-USB-1i10-Interface-7.jpeg\" \/>\n\t<meta property=\"og:image:width\" content=\"1276\" \/>\n\t<meta property=\"og:image:height\" content=\"1276\" \/>\n\t<meta property=\"og:image:type\" content=\"image\/jpeg\" \/>\n<meta name=\"twitter:card\" content=\"summary_large_image\" \/>\n<meta name=\"twitter:label1\" content=\"Dur\u00e9e de lecture estim\u00e9e\" \/>\n\t<meta name=\"twitter:data1\" content=\"1 minute\" \/>\n<script type=\"application\/ld+json\" class=\"yoast-schema-graph\">{\"@context\":\"https:\/\/schema.org\",\"@graph\":[{\"@type\":\"WebPage\",\"@id\":\"https:\/\/tie-products.com\/fr\/produkt\/midi-1i1o\/\",\"url\":\"https:\/\/tie-products.com\/fr\/produkt\/midi-1i1o\/\",\"name\":\"MIDI 1i1o - E-Commerce-Revolution\",\"isPartOf\":{\"@id\":\"https:\/\/tie-products.com\/pl\/#website\"},\"primaryImageOfPage\":{\"@id\":\"https:\/\/tie-products.com\/fr\/produkt\/midi-1i1o\/#primaryimage\"},\"image\":{\"@id\":\"https:\/\/tie-products.com\/fr\/produkt\/midi-1i1o\/#primaryimage\"},\"thumbnailUrl\":\"https:\/\/tie-products.com\/wp-content\/uploads\/2018\/04\/Midi-USB-1i10-Interface-7.jpeg\",\"datePublished\":\"2019-02-16T20:06:03+00:00\",\"dateModified\":\"2021-02-20T19:45:07+00:00\",\"breadcrumb\":{\"@id\":\"https:\/\/tie-products.com\/fr\/produkt\/midi-1i1o\/#breadcrumb\"},\"inLanguage\":\"fr-FR\",\"potentialAction\":[{\"@type\":\"ReadAction\",\"target\":[\"https:\/\/tie-products.com\/fr\/produkt\/midi-1i1o\/\"]}]},{\"@type\":\"ImageObject\",\"inLanguage\":\"fr-FR\",\"@id\":\"https:\/\/tie-products.com\/fr\/produkt\/midi-1i1o\/#primaryimage\",\"url\":\"https:\/\/tie-products.com\/wp-content\/uploads\/2018\/04\/Midi-USB-1i10-Interface-7.jpeg\",\"contentUrl\":\"https:\/\/tie-products.com\/wp-content\/uploads\/2018\/04\/Midi-USB-1i10-Interface-7.jpeg\",\"width\":1276,\"height\":1276},{\"@type\":\"BreadcrumbList\",\"@id\":\"https:\/\/tie-products.com\/fr\/produkt\/midi-1i1o\/#breadcrumb\",\"itemListElement\":[{\"@type\":\"ListItem\",\"position\":1,\"name\":\"Home\",\"item\":\"https:\/\/tie-products.com\/fr\/\"},{\"@type\":\"ListItem\",\"position\":2,\"name\":\"Shop\",\"item\":\"https:\/\/tie-products.com\/shop\/\"},{\"@type\":\"ListItem\",\"position\":3,\"name\":\"MIDI 1i1o\"}]},{\"@type\":\"WebSite\",\"@id\":\"https:\/\/tie-products.com\/pl\/#website\",\"url\":\"https:\/\/tie-products.com\/pl\/\",\"name\":\"E-Commerce-Revolution\",\"description\":\"Just another WordPress site\",\"potentialAction\":[{\"@type\":\"SearchAction\",\"target\":{\"@type\":\"EntryPoint\",\"urlTemplate\":\"https:\/\/tie-products.com\/pl\/?s={search_term_string}\"},\"query-input\":{\"@type\":\"PropertyValueSpecification\",\"valueRequired\":true,\"valueName\":\"search_term_string\"}}],\"inLanguage\":\"fr-FR\"}]}<\/script>\n<!-- \/ Yoast SEO plugin. -->","yoast_head_json":{"title":"MIDI 1i1o - E-Commerce-Revolution","robots":{"index":"index","follow":"follow","max-snippet":"max-snippet:-1","max-image-preview":"max-image-preview:large","max-video-preview":"max-video-preview:-1"},"canonical":"https:\/\/tie-products.com\/fr\/produkt\/midi-1i1o\/","og_locale":"fr_FR","og_type":"article","og_title":"MIDI 1i1o - E-Commerce-Revolution","og_description":"Interface MIDI USB Le c\u00e2ble interface Tie studio MIDI USB est particuli\u00e8rement l\u00e9ger et compact. Il est le meilleur moyen pour un mat\u00e9riel MIDI de se connecter \u00e0 un ordinateur Windows ou MAC. Un chipset actuel offre la plus faible latence et une synchronisation stable. L\u2019alimentation est fournie via USB. Le fonctionnement v\u00e9ritable Plug &amp; [&hellip;]","og_url":"https:\/\/tie-products.com\/fr\/produkt\/midi-1i1o\/","og_site_name":"E-Commerce-Revolution","article_modified_time":"2021-02-20T19:45:07+00:00","og_image":[{"width":1276,"height":1276,"url":"https:\/\/tie-products.com\/wp-content\/uploads\/2018\/04\/Midi-USB-1i10-Interface-7.jpeg","type":"image\/jpeg"}],"twitter_card":"summary_large_image","twitter_misc":{"Dur\u00e9e de lecture estim\u00e9e":"1 minute"},"schema":{"@context":"https:\/\/schema.org","@graph":[{"@type":"WebPage","@id":"https:\/\/tie-products.com\/fr\/produkt\/midi-1i1o\/","url":"https:\/\/tie-products.com\/fr\/produkt\/midi-1i1o\/","name":"MIDI 1i1o - E-Commerce-Revolution","isPartOf":{"@id":"https:\/\/tie-products.com\/pl\/#website"},"primaryImageOfPage":{"@id":"https:\/\/tie-products.com\/fr\/produkt\/midi-1i1o\/#primaryimage"},"image":{"@id":"https:\/\/tie-products.com\/fr\/produkt\/midi-1i1o\/#primaryimage"},"thumbnailUrl":"https:\/\/tie-products.com\/wp-content\/uploads\/2018\/04\/Midi-USB-1i10-Interface-7.jpeg","datePublished":"2019-02-16T20:06:03+00:00","dateModified":"2021-02-20T19:45:07+00:00","breadcrumb":{"@id":"https:\/\/tie-products.com\/fr\/produkt\/midi-1i1o\/#breadcrumb"},"inLanguage":"fr-FR","potentialAction":[{"@type":"ReadAction","target":["https:\/\/tie-products.com\/fr\/produkt\/midi-1i1o\/"]}]},{"@type":"ImageObject","inLanguage":"fr-FR","@id":"https:\/\/tie-products.com\/fr\/produkt\/midi-1i1o\/#primaryimage","url":"https:\/\/tie-products.com\/wp-content\/uploads\/2018\/04\/Midi-USB-1i10-Interface-7.jpeg","contentUrl":"https:\/\/tie-products.com\/wp-content\/uploads\/2018\/04\/Midi-USB-1i10-Interface-7.jpeg","width":1276,"height":1276},{"@type":"BreadcrumbList","@id":"https:\/\/tie-products.com\/fr\/produkt\/midi-1i1o\/#breadcrumb","itemListElement":[{"@type":"ListItem","position":1,"name":"Home","item":"https:\/\/tie-products.com\/fr\/"},{"@type":"ListItem","position":2,"name":"Shop","item":"https:\/\/tie-products.com\/shop\/"},{"@type":"ListItem","position":3,"name":"MIDI 1i1o"}]},{"@type":"WebSite","@id":"https:\/\/tie-products.com\/pl\/#website","url":"https:\/\/tie-products.com\/pl\/","name":"E-Commerce-Revolution","description":"Just another WordPress site","potentialAction":[{"@type":"SearchAction","target":{"@type":"EntryPoint","urlTemplate":"https:\/\/tie-products.com\/pl\/?s={search_term_string}"},"query-input":{"@type":"PropertyValueSpecification","valueRequired":true,"valueName":"search_term_string"}}],"inLanguage":"fr-FR"}]}},"_links":{"self":[{"href":"https:\/\/tie-products.com\/fr\/wp-json\/wp\/v2\/product\/11474","targetHints":{"allow":["GET"]}}],"collection":[{"href":"https:\/\/tie-products.com\/fr\/wp-json\/wp\/v2\/product"}],"about":[{"href":"https:\/\/tie-products.com\/fr\/wp-json\/wp\/v2\/types\/product"}],"wp:featuredmedia":[{"embeddable":true,"href":"https:\/\/tie-products.com\/fr\/wp-json\/wp\/v2\/media\/11475"}],"wp:attachment":[{"href":"https:\/\/tie-products.com\/fr\/wp-json\/wp\/v2\/media?parent=11474"}],"wp:term":[{"taxonomy":"product_brand","embeddable":true,"href":"https:\/\/tie-products.com\/fr\/wp-json\/wp\/v2\/product_brand?post=11474"},{"taxonomy":"product_cat","embeddable":true,"href":"https:\/\/tie-products.com\/fr\/wp-json\/wp\/v2\/product_cat?post=11474"},{"taxonomy":"product_tag","embeddable":true,"href":"https:\/\/tie-products.com\/fr\/wp-json\/wp\/v2\/product_tag?post=11474"}],"curies":[{"name":"wp","href":"https:\/\/api.w.org\/{rel}","templated":true}]}}