{"id":11465,"date":"2019-02-16T21:06:03","date_gmt":"2019-02-16T20:06:03","guid":{"rendered":"https:\/\/tie-products.netzspitze.cloud\/produkt\/popfilter\/"},"modified":"2021-01-27T09:13:17","modified_gmt":"2021-01-27T09:13:17","slug":"popfilter","status":"publish","type":"product","link":"https:\/\/tie-products.com\/fr\/produkt\/popfilter\/","title":{"rendered":"Popfilter"},"content":{"rendered":"\n\t\t<style type=\"text\/css\">\n\t\t\t#gallery-1 {\n\t\t\t\tmargin: auto;\n\t\t\t}\n\t\t\t#gallery-1 .gallery-item {\n\t\t\t\tfloat: left;\n\t\t\t\tmargin-top: 10px;\n\t\t\t\ttext-align: center;\n\t\t\t\twidth: 33%;\n\t\t\t}\n\t\t\t#gallery-1 img {\n\t\t\t\tborder: 2px solid #cfcfcf;\n\t\t\t}\n\t\t\t#gallery-1 .gallery-caption {\n\t\t\t\tmargin-left: 0;\n\t\t\t}\n\t\t\t\/* see gallery_shortcode() in wp-includes\/media.php *\/\n\t\t<\/style>\n\t\t<div id='gallery-1' class='gallery galleryid-11465 gallery-columns-3 gallery-size-thumbnail'><dl class='gallery-item'>\n\t\t\t<dt class='gallery-icon landscape'>\n\t\t\t\t<a href='https:\/\/tie-products.com\/fr\/?attachment_id=10373'><img loading=\"lazy\" decoding=\"async\" width=\"80\" height=\"80\" src=\"https:\/\/tie-products.com\/wp-content\/uploads\/2017\/07\/19-90001-TIE-Studio-Pop-Shield-detail-80x80.jpg\" class=\"attachment-thumbnail size-thumbnail\" alt=\"\" aria-describedby=\"gallery-1-10373\" srcset=\"https:\/\/tie-products.com\/wp-content\/uploads\/2017\/07\/19-90001-TIE-Studio-Pop-Shield-detail-80x80.jpg 80w, https:\/\/tie-products.com\/wp-content\/uploads\/2017\/07\/19-90001-TIE-Studio-Pop-Shield-detail-300x300.jpg 300w, https:\/\/tie-products.com\/wp-content\/uploads\/2017\/07\/19-90001-TIE-Studio-Pop-Shield-detail-100x100.jpg 100w, https:\/\/tie-products.com\/wp-content\/uploads\/2017\/07\/19-90001-TIE-Studio-Pop-Shield-detail-600x600.jpg 600w, https:\/\/tie-products.com\/wp-content\/uploads\/2017\/07\/19-90001-TIE-Studio-Pop-Shield-detail-768x768.jpg 768w, https:\/\/tie-products.com\/wp-content\/uploads\/2017\/07\/19-90001-TIE-Studio-Pop-Shield-detail-36x36.jpg 36w, https:\/\/tie-products.com\/wp-content\/uploads\/2017\/07\/19-90001-TIE-Studio-Pop-Shield-detail-180x180.jpg 180w, https:\/\/tie-products.com\/wp-content\/uploads\/2017\/07\/19-90001-TIE-Studio-Pop-Shield-detail-705x705.jpg 705w, https:\/\/tie-products.com\/wp-content\/uploads\/2017\/07\/19-90001-TIE-Studio-Pop-Shield-detail.jpg 1024w\" sizes=\"auto, (max-width: 80px) 100vw, 80px\" \/><\/a>\n\t\t\t<\/dt>\n\t\t\t\t<dd class='wp-caption-text gallery-caption' id='gallery-1-10373'>\n\t\t\t\tPopfilter\n\t\t\t\t<\/dd><\/dl><dl class='gallery-item'>\n\t\t\t<dt class='gallery-icon landscape'>\n\t\t\t\t<a href='https:\/\/tie-products.com\/fr\/?attachment_id=10374'><img loading=\"lazy\" decoding=\"async\" width=\"80\" height=\"80\" src=\"https:\/\/tie-products.com\/wp-content\/uploads\/2017\/07\/19-90001-TIE-Studio-Pop-Shield-mockup-80x80.jpg\" class=\"attachment-thumbnail size-thumbnail\" alt=\"\" aria-describedby=\"gallery-1-10374\" srcset=\"https:\/\/tie-products.com\/wp-content\/uploads\/2017\/07\/19-90001-TIE-Studio-Pop-Shield-mockup-80x80.jpg 80w, https:\/\/tie-products.com\/wp-content\/uploads\/2017\/07\/19-90001-TIE-Studio-Pop-Shield-mockup-300x300.jpg 300w, https:\/\/tie-products.com\/wp-content\/uploads\/2017\/07\/19-90001-TIE-Studio-Pop-Shield-mockup-100x100.jpg 100w, https:\/\/tie-products.com\/wp-content\/uploads\/2017\/07\/19-90001-TIE-Studio-Pop-Shield-mockup-600x600.jpg 600w, https:\/\/tie-products.com\/wp-content\/uploads\/2017\/07\/19-90001-TIE-Studio-Pop-Shield-mockup-768x768.jpg 768w, https:\/\/tie-products.com\/wp-content\/uploads\/2017\/07\/19-90001-TIE-Studio-Pop-Shield-mockup-36x36.jpg 36w, https:\/\/tie-products.com\/wp-content\/uploads\/2017\/07\/19-90001-TIE-Studio-Pop-Shield-mockup-180x180.jpg 180w, https:\/\/tie-products.com\/wp-content\/uploads\/2017\/07\/19-90001-TIE-Studio-Pop-Shield-mockup-705x705.jpg 705w, https:\/\/tie-products.com\/wp-content\/uploads\/2017\/07\/19-90001-TIE-Studio-Pop-Shield-mockup.jpg 1024w\" sizes=\"auto, (max-width: 80px) 100vw, 80px\" \/><\/a>\n\t\t\t<\/dt>\n\t\t\t\t<dd class='wp-caption-text gallery-caption' id='gallery-1-10374'>\n\t\t\t\tPopfilter\n\t\t\t\t<\/dd><\/dl>\n\t\t\t<br style='clear: both' \/>\n\t\t<\/div>\n\n<p><strong>Filtre anti pop micro en nylon de qualit\u00e9 studio<\/strong><\/p>\n<p>Le Tie Audio Pop Shield est un Filtre anti pop micro de haute qualit\u00e9 avec un syst\u00e8me de filet en nylon pour une r\u00e9duction des bruits Popp particuli\u00e8rement efficace, sans alt\u00e9rations sonores. Le diam\u00e8tre du cercle Pop est de 150 mm. Le col de cygne boulonn\u00e9 a une longueur de 350 mm et celle-ci gr\u00e2ce \u00e0 sa borne \u00e0 vis universelle est id\u00e9ale pour la connexion \u00e0 tous les stands de microphone standard et perche.<\/p>\n<p>Caract\u00e9ristiques:<\/p>\n<ul>\n<li>Filtre anti pop micro professionnel en nylon de qualit\u00e9 studio<\/li>\n<li>Suppression efficace du bruit Popp<\/li>\n<li>Couleur: noir<\/li>\n<li>Vis universelle<\/li>\n<li>Diam\u00e8tre: 150 mm<\/li>\n<li>350 mm de long, col de cygne flexible<\/li>\n<\/ul>\n","protected":false},"excerpt":{"rendered":"<p>Filtre anti pop micro en nylon de qualit\u00e9 studio Le Tie Audio Pop Shield est un Filtre anti pop micro de haute qualit\u00e9 avec un syst\u00e8me de filet en nylon pour une r\u00e9duction des bruits Popp particuli\u00e8rement efficace, sans alt\u00e9rations sonores. Le diam\u00e8tre du cercle Pop est de 150 mm. Le col de cygne boulonn\u00e9 [&hellip;]<\/p>\n","protected":false},"featured_media":11466,"template":"","meta":[],"product_brand":[],"product_cat":[24,25],"product_tag":[],"class_list":{"0":"post-11465","1":"product","2":"type-product","3":"status-publish","4":"has-post-thumbnail","6":"product_cat-tie","7":"product_cat-tie-studio","9":"first","10":"instock","11":"purchasable","12":"product-type-simple"},"yoast_head":"<!-- This site is optimized with the Yoast SEO plugin v25.0 - https:\/\/yoast.com\/wordpress\/plugins\/seo\/ -->\n<title>Popfilter - E-Commerce-Revolution<\/title>\n<meta name=\"robots\" content=\"index, follow, max-snippet:-1, max-image-preview:large, max-video-preview:-1\" \/>\n<link rel=\"canonical\" href=\"https:\/\/tie-products.com\/fr\/produkt\/popfilter\/\" \/>\n<meta property=\"og:locale\" content=\"fr_FR\" \/>\n<meta property=\"og:type\" content=\"article\" \/>\n<meta property=\"og:title\" content=\"Popfilter - E-Commerce-Revolution\" \/>\n<meta property=\"og:description\" content=\"Filtre anti pop micro en nylon de qualit\u00e9 studio Le Tie Audio Pop Shield est un Filtre anti pop micro de haute qualit\u00e9 avec un syst\u00e8me de filet en nylon pour une r\u00e9duction des bruits Popp particuli\u00e8rement efficace, sans alt\u00e9rations sonores. Le diam\u00e8tre du cercle Pop est de 150 mm. Le col de cygne boulonn\u00e9 [&hellip;]\" \/>\n<meta property=\"og:url\" content=\"https:\/\/tie-products.com\/fr\/produkt\/popfilter\/\" \/>\n<meta property=\"og:site_name\" content=\"E-Commerce-Revolution\" \/>\n<meta property=\"article:modified_time\" content=\"2021-01-27T09:13:17+00:00\" \/>\n<meta property=\"og:image\" content=\"https:\/\/tie-products.com\/wp-content\/uploads\/2017\/07\/19-90001-TIE-Studio-Pop-Shield.png\" \/>\n\t<meta property=\"og:image:width\" content=\"1024\" \/>\n\t<meta property=\"og:image:height\" content=\"1024\" \/>\n\t<meta property=\"og:image:type\" content=\"image\/png\" \/>\n<meta name=\"twitter:card\" content=\"summary_large_image\" \/>\n<meta name=\"twitter:label1\" content=\"Dur\u00e9e de lecture estim\u00e9e\" \/>\n\t<meta name=\"twitter:data1\" content=\"1 minute\" \/>\n<script type=\"application\/ld+json\" class=\"yoast-schema-graph\">{\"@context\":\"https:\/\/schema.org\",\"@graph\":[{\"@type\":\"WebPage\",\"@id\":\"https:\/\/tie-products.com\/fr\/produkt\/popfilter\/\",\"url\":\"https:\/\/tie-products.com\/fr\/produkt\/popfilter\/\",\"name\":\"Popfilter - E-Commerce-Revolution\",\"isPartOf\":{\"@id\":\"https:\/\/tie-products.com\/pl\/#website\"},\"primaryImageOfPage\":{\"@id\":\"https:\/\/tie-products.com\/fr\/produkt\/popfilter\/#primaryimage\"},\"image\":{\"@id\":\"https:\/\/tie-products.com\/fr\/produkt\/popfilter\/#primaryimage\"},\"thumbnailUrl\":\"https:\/\/tie-products.com\/wp-content\/uploads\/2017\/07\/19-90001-TIE-Studio-Pop-Shield.png\",\"datePublished\":\"2019-02-16T20:06:03+00:00\",\"dateModified\":\"2021-01-27T09:13:17+00:00\",\"breadcrumb\":{\"@id\":\"https:\/\/tie-products.com\/fr\/produkt\/popfilter\/#breadcrumb\"},\"inLanguage\":\"fr-FR\",\"potentialAction\":[{\"@type\":\"ReadAction\",\"target\":[\"https:\/\/tie-products.com\/fr\/produkt\/popfilter\/\"]}]},{\"@type\":\"ImageObject\",\"inLanguage\":\"fr-FR\",\"@id\":\"https:\/\/tie-products.com\/fr\/produkt\/popfilter\/#primaryimage\",\"url\":\"https:\/\/tie-products.com\/wp-content\/uploads\/2017\/07\/19-90001-TIE-Studio-Pop-Shield.png\",\"contentUrl\":\"https:\/\/tie-products.com\/wp-content\/uploads\/2017\/07\/19-90001-TIE-Studio-Pop-Shield.png\",\"width\":1024,\"height\":1024},{\"@type\":\"BreadcrumbList\",\"@id\":\"https:\/\/tie-products.com\/fr\/produkt\/popfilter\/#breadcrumb\",\"itemListElement\":[{\"@type\":\"ListItem\",\"position\":1,\"name\":\"Home\",\"item\":\"https:\/\/tie-products.com\/fr\/\"},{\"@type\":\"ListItem\",\"position\":2,\"name\":\"Shop\",\"item\":\"https:\/\/tie-products.com\/shop\/\"},{\"@type\":\"ListItem\",\"position\":3,\"name\":\"Popfilter\"}]},{\"@type\":\"WebSite\",\"@id\":\"https:\/\/tie-products.com\/pl\/#website\",\"url\":\"https:\/\/tie-products.com\/pl\/\",\"name\":\"E-Commerce-Revolution\",\"description\":\"Just another WordPress site\",\"potentialAction\":[{\"@type\":\"SearchAction\",\"target\":{\"@type\":\"EntryPoint\",\"urlTemplate\":\"https:\/\/tie-products.com\/pl\/?s={search_term_string}\"},\"query-input\":{\"@type\":\"PropertyValueSpecification\",\"valueRequired\":true,\"valueName\":\"search_term_string\"}}],\"inLanguage\":\"fr-FR\"}]}<\/script>\n<!-- \/ Yoast SEO plugin. -->","yoast_head_json":{"title":"Popfilter - E-Commerce-Revolution","robots":{"index":"index","follow":"follow","max-snippet":"max-snippet:-1","max-image-preview":"max-image-preview:large","max-video-preview":"max-video-preview:-1"},"canonical":"https:\/\/tie-products.com\/fr\/produkt\/popfilter\/","og_locale":"fr_FR","og_type":"article","og_title":"Popfilter - E-Commerce-Revolution","og_description":"Filtre anti pop micro en nylon de qualit\u00e9 studio Le Tie Audio Pop Shield est un Filtre anti pop micro de haute qualit\u00e9 avec un syst\u00e8me de filet en nylon pour une r\u00e9duction des bruits Popp particuli\u00e8rement efficace, sans alt\u00e9rations sonores. Le diam\u00e8tre du cercle Pop est de 150 mm. Le col de cygne boulonn\u00e9 [&hellip;]","og_url":"https:\/\/tie-products.com\/fr\/produkt\/popfilter\/","og_site_name":"E-Commerce-Revolution","article_modified_time":"2021-01-27T09:13:17+00:00","og_image":[{"width":1024,"height":1024,"url":"https:\/\/tie-products.com\/wp-content\/uploads\/2017\/07\/19-90001-TIE-Studio-Pop-Shield.png","type":"image\/png"}],"twitter_card":"summary_large_image","twitter_misc":{"Dur\u00e9e de lecture estim\u00e9e":"1 minute"},"schema":{"@context":"https:\/\/schema.org","@graph":[{"@type":"WebPage","@id":"https:\/\/tie-products.com\/fr\/produkt\/popfilter\/","url":"https:\/\/tie-products.com\/fr\/produkt\/popfilter\/","name":"Popfilter - E-Commerce-Revolution","isPartOf":{"@id":"https:\/\/tie-products.com\/pl\/#website"},"primaryImageOfPage":{"@id":"https:\/\/tie-products.com\/fr\/produkt\/popfilter\/#primaryimage"},"image":{"@id":"https:\/\/tie-products.com\/fr\/produkt\/popfilter\/#primaryimage"},"thumbnailUrl":"https:\/\/tie-products.com\/wp-content\/uploads\/2017\/07\/19-90001-TIE-Studio-Pop-Shield.png","datePublished":"2019-02-16T20:06:03+00:00","dateModified":"2021-01-27T09:13:17+00:00","breadcrumb":{"@id":"https:\/\/tie-products.com\/fr\/produkt\/popfilter\/#breadcrumb"},"inLanguage":"fr-FR","potentialAction":[{"@type":"ReadAction","target":["https:\/\/tie-products.com\/fr\/produkt\/popfilter\/"]}]},{"@type":"ImageObject","inLanguage":"fr-FR","@id":"https:\/\/tie-products.com\/fr\/produkt\/popfilter\/#primaryimage","url":"https:\/\/tie-products.com\/wp-content\/uploads\/2017\/07\/19-90001-TIE-Studio-Pop-Shield.png","contentUrl":"https:\/\/tie-products.com\/wp-content\/uploads\/2017\/07\/19-90001-TIE-Studio-Pop-Shield.png","width":1024,"height":1024},{"@type":"BreadcrumbList","@id":"https:\/\/tie-products.com\/fr\/produkt\/popfilter\/#breadcrumb","itemListElement":[{"@type":"ListItem","position":1,"name":"Home","item":"https:\/\/tie-products.com\/fr\/"},{"@type":"ListItem","position":2,"name":"Shop","item":"https:\/\/tie-products.com\/shop\/"},{"@type":"ListItem","position":3,"name":"Popfilter"}]},{"@type":"WebSite","@id":"https:\/\/tie-products.com\/pl\/#website","url":"https:\/\/tie-products.com\/pl\/","name":"E-Commerce-Revolution","description":"Just another WordPress site","potentialAction":[{"@type":"SearchAction","target":{"@type":"EntryPoint","urlTemplate":"https:\/\/tie-products.com\/pl\/?s={search_term_string}"},"query-input":{"@type":"PropertyValueSpecification","valueRequired":true,"valueName":"search_term_string"}}],"inLanguage":"fr-FR"}]}},"_links":{"self":[{"href":"https:\/\/tie-products.com\/fr\/wp-json\/wp\/v2\/product\/11465","targetHints":{"allow":["GET"]}}],"collection":[{"href":"https:\/\/tie-products.com\/fr\/wp-json\/wp\/v2\/product"}],"about":[{"href":"https:\/\/tie-products.com\/fr\/wp-json\/wp\/v2\/types\/product"}],"wp:featuredmedia":[{"embeddable":true,"href":"https:\/\/tie-products.com\/fr\/wp-json\/wp\/v2\/media\/11466"}],"wp:attachment":[{"href":"https:\/\/tie-products.com\/fr\/wp-json\/wp\/v2\/media?parent=11465"}],"wp:term":[{"taxonomy":"product_brand","embeddable":true,"href":"https:\/\/tie-products.com\/fr\/wp-json\/wp\/v2\/product_brand?post=11465"},{"taxonomy":"product_cat","embeddable":true,"href":"https:\/\/tie-products.com\/fr\/wp-json\/wp\/v2\/product_cat?post=11465"},{"taxonomy":"product_tag","embeddable":true,"href":"https:\/\/tie-products.com\/fr\/wp-json\/wp\/v2\/product_tag?post=11465"}],"curies":[{"name":"wp","href":"https:\/\/api.w.org\/{rel}","templated":true}]}}