{"id":11447,"date":"2019-02-16T21:06:05","date_gmt":"2019-02-16T20:06:05","guid":{"rendered":"https:\/\/tie-products.netzspitze.cloud\/produkt\/headphone-amplifier-4ch\/"},"modified":"2021-02-21T16:21:04","modified_gmt":"2021-02-21T16:21:04","slug":"headphone-amplifier-4ch","status":"publish","type":"product","link":"https:\/\/tie-products.com\/fr\/produkt\/headphone-amplifier-4ch\/","title":{"rendered":"Headphone Amplifier 4CH"},"content":{"rendered":"<p><strong>Amplificateur de casque st\u00e9r\u00e9o 4 canaux compact et robuste<\/strong><\/p>\n<p>L\u2019amplificateur de casque TIE studio est robuste et compact. Il peut \u00eatre utilis\u00e9 pour un maximum de quatre paires d\u2019\u00e9couteurs pour une \u00e9coute simultan\u00e9e avec affichage de volume s\u00e9par\u00e9. Quatre puissants amplificateurs st\u00e9r\u00e9o \u00e0 faible bruit offrent une excellente qualit\u00e9 sonore \u00e0 tout volume, que ce soit pour les applications live ou en studio.<\/p>\n<p><img loading=\"lazy\" decoding=\"async\" class=\"alignnone size-medium wp-image-12220\" src=\"https:\/\/tie-products.com\/wp-content\/uploads\/2021\/02\/TIE-HHA301-7sw-300x169.jpg\" alt=\"\" width=\"300\" height=\"169\" srcset=\"https:\/\/tie-products.com\/wp-content\/uploads\/2021\/02\/TIE-HHA301-7sw-300x169.jpg 300w, https:\/\/tie-products.com\/wp-content\/uploads\/2021\/02\/TIE-HHA301-7sw-600x338.jpg 600w, https:\/\/tie-products.com\/wp-content\/uploads\/2021\/02\/TIE-HHA301-7sw-1030x579.jpg 1030w, https:\/\/tie-products.com\/wp-content\/uploads\/2021\/02\/TIE-HHA301-7sw-768x432.jpg 768w, https:\/\/tie-products.com\/wp-content\/uploads\/2021\/02\/TIE-HHA301-7sw-1536x864.jpg 1536w, https:\/\/tie-products.com\/wp-content\/uploads\/2021\/02\/TIE-HHA301-7sw-1500x844.jpg 1500w, https:\/\/tie-products.com\/wp-content\/uploads\/2021\/02\/TIE-HHA301-7sw-705x397.jpg 705w, https:\/\/tie-products.com\/wp-content\/uploads\/2021\/02\/TIE-HHA301-7sw.jpg 1920w\" sizes=\"auto, (max-width: 300px) 100vw, 300px\" \/><\/p>\n<p><strong>Caract\u00e9ristiques :<\/strong><\/p>\n<ul>\n<li>Amplificateur de casque st\u00e9r\u00e9o 4 canaux \u00e0 faible bruit robuste et compact<\/li>\n<li>Monitoring Professional pour les applications de sc\u00e8ne et de studio<\/li>\n<li>4 canaux, y compris le contr\u00f4le de volume s\u00e9par\u00e9 pour chaque canal<\/li>\n<li>Haut niveau de sortie<\/li>\n<li>Entr\u00e9es: RCA st\u00e9r\u00e9o et jack st\u00e9r\u00e9o 6,3 mm<\/li>\n<li>4 sorties jack st\u00e9r\u00e9o 6,3 mm<\/li>\n<li>Mono \/ commutateur st\u00e9r\u00e9o<\/li>\n<li>Couleur: noir<\/li>\n<li>LED \u00e9tat bleu<\/li>\n<li>Niveau d\u2019entr\u00e9e maximal: +14 dBV<\/li>\n<li>Signal to Noise Ratio (SNR)&gt; 98 dB<\/li>\n<li>Inclus Alimentation 12 volts (150 mA)<\/li>\n<li>Dimensions: 76 x 95 x 30 mm<\/li>\n<li>Poids: 295 g<\/li>\n<\/ul>\n<p><iframe loading=\"lazy\" src=\"https:\/\/www.youtube.com\/embed\/s_KQgtxhows\" width=\"790\" height=\"506\" frameborder=\"0\" allowfullscreen=\"allowfullscreen\"><\/iframe><\/p>\n","protected":false},"excerpt":{"rendered":"<p>Amplificateur de casque st\u00e9r\u00e9o 4 canaux compact et robuste L\u2019amplificateur de casque TIE studio est robuste et compact. Il peut \u00eatre utilis\u00e9 pour un maximum de quatre paires d\u2019\u00e9couteurs pour une \u00e9coute simultan\u00e9e avec affichage de volume s\u00e9par\u00e9. Quatre puissants amplificateurs st\u00e9r\u00e9o \u00e0 faible bruit offrent une excellente qualit\u00e9 sonore \u00e0 tout volume, que ce [&hellip;]<\/p>\n","protected":false},"featured_media":12208,"template":"","meta":[],"product_brand":[],"product_cat":[24,25],"product_tag":[],"class_list":{"0":"post-11447","1":"product","2":"type-product","3":"status-publish","4":"has-post-thumbnail","6":"product_cat-tie","7":"product_cat-tie-studio","9":"first","10":"instock","11":"purchasable","12":"product-type-simple"},"yoast_head":"<!-- This site is optimized with the Yoast SEO plugin v25.0 - https:\/\/yoast.com\/wordpress\/plugins\/seo\/ -->\n<title>Headphone Amplifier 4CH - E-Commerce-Revolution<\/title>\n<meta name=\"robots\" content=\"index, follow, max-snippet:-1, max-image-preview:large, max-video-preview:-1\" \/>\n<link rel=\"canonical\" href=\"https:\/\/tie-products.com\/fr\/produkt\/headphone-amplifier-4ch\/\" \/>\n<meta property=\"og:locale\" content=\"fr_FR\" \/>\n<meta property=\"og:type\" content=\"article\" \/>\n<meta property=\"og:title\" content=\"Headphone Amplifier 4CH - E-Commerce-Revolution\" \/>\n<meta property=\"og:description\" content=\"Amplificateur de casque st\u00e9r\u00e9o 4 canaux compact et robuste L\u2019amplificateur de casque TIE studio est robuste et compact. Il peut \u00eatre utilis\u00e9 pour un maximum de quatre paires d\u2019\u00e9couteurs pour une \u00e9coute simultan\u00e9e avec affichage de volume s\u00e9par\u00e9. Quatre puissants amplificateurs st\u00e9r\u00e9o \u00e0 faible bruit offrent une excellente qualit\u00e9 sonore \u00e0 tout volume, que ce [&hellip;]\" \/>\n<meta property=\"og:url\" content=\"https:\/\/tie-products.com\/fr\/produkt\/headphone-amplifier-4ch\/\" \/>\n<meta property=\"og:site_name\" content=\"E-Commerce-Revolution\" \/>\n<meta property=\"article:modified_time\" content=\"2021-02-21T16:21:04+00:00\" \/>\n<meta property=\"og:image\" content=\"https:\/\/tie-products.com\/wp-content\/uploads\/2021\/02\/TIE-HHA301-3.jpg\" \/>\n\t<meta property=\"og:image:width\" content=\"1214\" \/>\n\t<meta property=\"og:image:height\" content=\"1214\" \/>\n\t<meta property=\"og:image:type\" content=\"image\/jpeg\" \/>\n<meta name=\"twitter:card\" content=\"summary_large_image\" \/>\n<meta name=\"twitter:label1\" content=\"Dur\u00e9e de lecture estim\u00e9e\" \/>\n\t<meta name=\"twitter:data1\" content=\"1 minute\" \/>\n<script type=\"application\/ld+json\" class=\"yoast-schema-graph\">{\"@context\":\"https:\/\/schema.org\",\"@graph\":[{\"@type\":\"WebPage\",\"@id\":\"https:\/\/tie-products.com\/fr\/produkt\/headphone-amplifier-4ch\/\",\"url\":\"https:\/\/tie-products.com\/fr\/produkt\/headphone-amplifier-4ch\/\",\"name\":\"Headphone Amplifier 4CH - E-Commerce-Revolution\",\"isPartOf\":{\"@id\":\"https:\/\/tie-products.com\/pl\/#website\"},\"primaryImageOfPage\":{\"@id\":\"https:\/\/tie-products.com\/fr\/produkt\/headphone-amplifier-4ch\/#primaryimage\"},\"image\":{\"@id\":\"https:\/\/tie-products.com\/fr\/produkt\/headphone-amplifier-4ch\/#primaryimage\"},\"thumbnailUrl\":\"https:\/\/tie-products.com\/wp-content\/uploads\/2021\/02\/TIE-HHA301-3.jpg\",\"datePublished\":\"2019-02-16T20:06:05+00:00\",\"dateModified\":\"2021-02-21T16:21:04+00:00\",\"breadcrumb\":{\"@id\":\"https:\/\/tie-products.com\/fr\/produkt\/headphone-amplifier-4ch\/#breadcrumb\"},\"inLanguage\":\"fr-FR\",\"potentialAction\":[{\"@type\":\"ReadAction\",\"target\":[\"https:\/\/tie-products.com\/fr\/produkt\/headphone-amplifier-4ch\/\"]}]},{\"@type\":\"ImageObject\",\"inLanguage\":\"fr-FR\",\"@id\":\"https:\/\/tie-products.com\/fr\/produkt\/headphone-amplifier-4ch\/#primaryimage\",\"url\":\"https:\/\/tie-products.com\/wp-content\/uploads\/2021\/02\/TIE-HHA301-3.jpg\",\"contentUrl\":\"https:\/\/tie-products.com\/wp-content\/uploads\/2021\/02\/TIE-HHA301-3.jpg\",\"width\":1214,\"height\":1214},{\"@type\":\"BreadcrumbList\",\"@id\":\"https:\/\/tie-products.com\/fr\/produkt\/headphone-amplifier-4ch\/#breadcrumb\",\"itemListElement\":[{\"@type\":\"ListItem\",\"position\":1,\"name\":\"Home\",\"item\":\"https:\/\/tie-products.com\/fr\/\"},{\"@type\":\"ListItem\",\"position\":2,\"name\":\"Shop\",\"item\":\"https:\/\/tie-products.com\/shop\/\"},{\"@type\":\"ListItem\",\"position\":3,\"name\":\"Headphone Amplifier 4CH\"}]},{\"@type\":\"WebSite\",\"@id\":\"https:\/\/tie-products.com\/pl\/#website\",\"url\":\"https:\/\/tie-products.com\/pl\/\",\"name\":\"E-Commerce-Revolution\",\"description\":\"Just another WordPress site\",\"potentialAction\":[{\"@type\":\"SearchAction\",\"target\":{\"@type\":\"EntryPoint\",\"urlTemplate\":\"https:\/\/tie-products.com\/pl\/?s={search_term_string}\"},\"query-input\":{\"@type\":\"PropertyValueSpecification\",\"valueRequired\":true,\"valueName\":\"search_term_string\"}}],\"inLanguage\":\"fr-FR\"}]}<\/script>\n<!-- \/ Yoast SEO plugin. -->","yoast_head_json":{"title":"Headphone Amplifier 4CH - E-Commerce-Revolution","robots":{"index":"index","follow":"follow","max-snippet":"max-snippet:-1","max-image-preview":"max-image-preview:large","max-video-preview":"max-video-preview:-1"},"canonical":"https:\/\/tie-products.com\/fr\/produkt\/headphone-amplifier-4ch\/","og_locale":"fr_FR","og_type":"article","og_title":"Headphone Amplifier 4CH - E-Commerce-Revolution","og_description":"Amplificateur de casque st\u00e9r\u00e9o 4 canaux compact et robuste L\u2019amplificateur de casque TIE studio est robuste et compact. Il peut \u00eatre utilis\u00e9 pour un maximum de quatre paires d\u2019\u00e9couteurs pour une \u00e9coute simultan\u00e9e avec affichage de volume s\u00e9par\u00e9. Quatre puissants amplificateurs st\u00e9r\u00e9o \u00e0 faible bruit offrent une excellente qualit\u00e9 sonore \u00e0 tout volume, que ce [&hellip;]","og_url":"https:\/\/tie-products.com\/fr\/produkt\/headphone-amplifier-4ch\/","og_site_name":"E-Commerce-Revolution","article_modified_time":"2021-02-21T16:21:04+00:00","og_image":[{"width":1214,"height":1214,"url":"https:\/\/tie-products.com\/wp-content\/uploads\/2021\/02\/TIE-HHA301-3.jpg","type":"image\/jpeg"}],"twitter_card":"summary_large_image","twitter_misc":{"Dur\u00e9e de lecture estim\u00e9e":"1 minute"},"schema":{"@context":"https:\/\/schema.org","@graph":[{"@type":"WebPage","@id":"https:\/\/tie-products.com\/fr\/produkt\/headphone-amplifier-4ch\/","url":"https:\/\/tie-products.com\/fr\/produkt\/headphone-amplifier-4ch\/","name":"Headphone Amplifier 4CH - E-Commerce-Revolution","isPartOf":{"@id":"https:\/\/tie-products.com\/pl\/#website"},"primaryImageOfPage":{"@id":"https:\/\/tie-products.com\/fr\/produkt\/headphone-amplifier-4ch\/#primaryimage"},"image":{"@id":"https:\/\/tie-products.com\/fr\/produkt\/headphone-amplifier-4ch\/#primaryimage"},"thumbnailUrl":"https:\/\/tie-products.com\/wp-content\/uploads\/2021\/02\/TIE-HHA301-3.jpg","datePublished":"2019-02-16T20:06:05+00:00","dateModified":"2021-02-21T16:21:04+00:00","breadcrumb":{"@id":"https:\/\/tie-products.com\/fr\/produkt\/headphone-amplifier-4ch\/#breadcrumb"},"inLanguage":"fr-FR","potentialAction":[{"@type":"ReadAction","target":["https:\/\/tie-products.com\/fr\/produkt\/headphone-amplifier-4ch\/"]}]},{"@type":"ImageObject","inLanguage":"fr-FR","@id":"https:\/\/tie-products.com\/fr\/produkt\/headphone-amplifier-4ch\/#primaryimage","url":"https:\/\/tie-products.com\/wp-content\/uploads\/2021\/02\/TIE-HHA301-3.jpg","contentUrl":"https:\/\/tie-products.com\/wp-content\/uploads\/2021\/02\/TIE-HHA301-3.jpg","width":1214,"height":1214},{"@type":"BreadcrumbList","@id":"https:\/\/tie-products.com\/fr\/produkt\/headphone-amplifier-4ch\/#breadcrumb","itemListElement":[{"@type":"ListItem","position":1,"name":"Home","item":"https:\/\/tie-products.com\/fr\/"},{"@type":"ListItem","position":2,"name":"Shop","item":"https:\/\/tie-products.com\/shop\/"},{"@type":"ListItem","position":3,"name":"Headphone Amplifier 4CH"}]},{"@type":"WebSite","@id":"https:\/\/tie-products.com\/pl\/#website","url":"https:\/\/tie-products.com\/pl\/","name":"E-Commerce-Revolution","description":"Just another WordPress site","potentialAction":[{"@type":"SearchAction","target":{"@type":"EntryPoint","urlTemplate":"https:\/\/tie-products.com\/pl\/?s={search_term_string}"},"query-input":{"@type":"PropertyValueSpecification","valueRequired":true,"valueName":"search_term_string"}}],"inLanguage":"fr-FR"}]}},"_links":{"self":[{"href":"https:\/\/tie-products.com\/fr\/wp-json\/wp\/v2\/product\/11447","targetHints":{"allow":["GET"]}}],"collection":[{"href":"https:\/\/tie-products.com\/fr\/wp-json\/wp\/v2\/product"}],"about":[{"href":"https:\/\/tie-products.com\/fr\/wp-json\/wp\/v2\/types\/product"}],"wp:featuredmedia":[{"embeddable":true,"href":"https:\/\/tie-products.com\/fr\/wp-json\/wp\/v2\/media\/12208"}],"wp:attachment":[{"href":"https:\/\/tie-products.com\/fr\/wp-json\/wp\/v2\/media?parent=11447"}],"wp:term":[{"taxonomy":"product_brand","embeddable":true,"href":"https:\/\/tie-products.com\/fr\/wp-json\/wp\/v2\/product_brand?post=11447"},{"taxonomy":"product_cat","embeddable":true,"href":"https:\/\/tie-products.com\/fr\/wp-json\/wp\/v2\/product_cat?post=11447"},{"taxonomy":"product_tag","embeddable":true,"href":"https:\/\/tie-products.com\/fr\/wp-json\/wp\/v2\/product_tag?post=11447"}],"curies":[{"name":"wp","href":"https:\/\/api.w.org\/{rel}","templated":true}]}}