{"id":11438,"date":"2019-02-16T21:06:03","date_gmt":"2019-02-16T20:06:03","guid":{"rendered":"https:\/\/tie-products.netzspitze.cloud\/produkt\/mic\/"},"modified":"2021-01-27T09:08:10","modified_gmt":"2021-01-27T09:08:10","slug":"mic","status":"publish","type":"product","link":"https:\/\/tie-products.com\/fr\/produkt\/mic\/","title":{"rendered":"Mic"},"content":{"rendered":"\n\t\t<style type=\"text\/css\">\n\t\t\t#gallery-1 {\n\t\t\t\tmargin: auto;\n\t\t\t}\n\t\t\t#gallery-1 .gallery-item {\n\t\t\t\tfloat: left;\n\t\t\t\tmargin-top: 10px;\n\t\t\t\ttext-align: center;\n\t\t\t\twidth: 33%;\n\t\t\t}\n\t\t\t#gallery-1 img {\n\t\t\t\tborder: 2px solid #cfcfcf;\n\t\t\t}\n\t\t\t#gallery-1 .gallery-caption {\n\t\t\t\tmargin-left: 0;\n\t\t\t}\n\t\t\t\/* see gallery_shortcode() in wp-includes\/media.php *\/\n\t\t<\/style>\n\t\t<div id='gallery-1' class='gallery galleryid-11438 gallery-columns-3 gallery-size-thumbnail'><dl class='gallery-item'>\n\t\t\t<dt class='gallery-icon landscape'>\n\t\t\t\t<a href='https:\/\/tie-products.com\/fr\/?attachment_id=10377'><img loading=\"lazy\" decoding=\"async\" width=\"80\" height=\"80\" src=\"https:\/\/tie-products.com\/wp-content\/uploads\/2017\/07\/19-90003-TIE-Studio-Mic-detail1-80x80.jpg\" class=\"attachment-thumbnail size-thumbnail\" alt=\"\" aria-describedby=\"gallery-1-10377\" srcset=\"https:\/\/tie-products.com\/wp-content\/uploads\/2017\/07\/19-90003-TIE-Studio-Mic-detail1-80x80.jpg 80w, https:\/\/tie-products.com\/wp-content\/uploads\/2017\/07\/19-90003-TIE-Studio-Mic-detail1-300x300.jpg 300w, https:\/\/tie-products.com\/wp-content\/uploads\/2017\/07\/19-90003-TIE-Studio-Mic-detail1-100x100.jpg 100w, https:\/\/tie-products.com\/wp-content\/uploads\/2017\/07\/19-90003-TIE-Studio-Mic-detail1-600x600.jpg 600w, https:\/\/tie-products.com\/wp-content\/uploads\/2017\/07\/19-90003-TIE-Studio-Mic-detail1-768x768.jpg 768w, https:\/\/tie-products.com\/wp-content\/uploads\/2017\/07\/19-90003-TIE-Studio-Mic-detail1-36x36.jpg 36w, https:\/\/tie-products.com\/wp-content\/uploads\/2017\/07\/19-90003-TIE-Studio-Mic-detail1-180x180.jpg 180w, https:\/\/tie-products.com\/wp-content\/uploads\/2017\/07\/19-90003-TIE-Studio-Mic-detail1-705x705.jpg 705w, https:\/\/tie-products.com\/wp-content\/uploads\/2017\/07\/19-90003-TIE-Studio-Mic-detail1.jpg 1024w\" sizes=\"auto, (max-width: 80px) 100vw, 80px\" \/><\/a>\n\t\t\t<\/dt>\n\t\t\t\t<dd class='wp-caption-text gallery-caption' id='gallery-1-10377'>\n\t\t\t\tMic\n\t\t\t\t<\/dd><\/dl><dl class='gallery-item'>\n\t\t\t<dt class='gallery-icon landscape'>\n\t\t\t\t<a href='https:\/\/tie-products.com\/fr\/?attachment_id=10378'><img loading=\"lazy\" decoding=\"async\" width=\"80\" height=\"80\" src=\"https:\/\/tie-products.com\/wp-content\/uploads\/2017\/07\/19-90003-TIE-Studio-Mic-detail4-80x80.jpg\" class=\"attachment-thumbnail size-thumbnail\" alt=\"\" aria-describedby=\"gallery-1-10378\" srcset=\"https:\/\/tie-products.com\/wp-content\/uploads\/2017\/07\/19-90003-TIE-Studio-Mic-detail4-80x80.jpg 80w, https:\/\/tie-products.com\/wp-content\/uploads\/2017\/07\/19-90003-TIE-Studio-Mic-detail4-300x300.jpg 300w, https:\/\/tie-products.com\/wp-content\/uploads\/2017\/07\/19-90003-TIE-Studio-Mic-detail4-100x100.jpg 100w, https:\/\/tie-products.com\/wp-content\/uploads\/2017\/07\/19-90003-TIE-Studio-Mic-detail4-600x600.jpg 600w, https:\/\/tie-products.com\/wp-content\/uploads\/2017\/07\/19-90003-TIE-Studio-Mic-detail4-768x768.jpg 768w, https:\/\/tie-products.com\/wp-content\/uploads\/2017\/07\/19-90003-TIE-Studio-Mic-detail4-36x36.jpg 36w, https:\/\/tie-products.com\/wp-content\/uploads\/2017\/07\/19-90003-TIE-Studio-Mic-detail4-180x180.jpg 180w, https:\/\/tie-products.com\/wp-content\/uploads\/2017\/07\/19-90003-TIE-Studio-Mic-detail4-705x705.jpg 705w, https:\/\/tie-products.com\/wp-content\/uploads\/2017\/07\/19-90003-TIE-Studio-Mic-detail4.jpg 1024w\" sizes=\"auto, (max-width: 80px) 100vw, 80px\" \/><\/a>\n\t\t\t<\/dt>\n\t\t\t\t<dd class='wp-caption-text gallery-caption' id='gallery-1-10378'>\n\t\t\t\tMic\n\t\t\t\t<\/dd><\/dl><dl class='gallery-item'>\n\t\t\t<dt class='gallery-icon landscape'>\n\t\t\t\t<a href='https:\/\/tie-products.com\/fr\/?attachment_id=10379'><img loading=\"lazy\" decoding=\"async\" width=\"80\" height=\"80\" src=\"https:\/\/tie-products.com\/wp-content\/uploads\/2017\/07\/19-90003-TIE-Studio-Mic-mockup-80x80.jpg\" class=\"attachment-thumbnail size-thumbnail\" alt=\"\" aria-describedby=\"gallery-1-10379\" srcset=\"https:\/\/tie-products.com\/wp-content\/uploads\/2017\/07\/19-90003-TIE-Studio-Mic-mockup-80x80.jpg 80w, https:\/\/tie-products.com\/wp-content\/uploads\/2017\/07\/19-90003-TIE-Studio-Mic-mockup-300x300.jpg 300w, https:\/\/tie-products.com\/wp-content\/uploads\/2017\/07\/19-90003-TIE-Studio-Mic-mockup-100x100.jpg 100w, https:\/\/tie-products.com\/wp-content\/uploads\/2017\/07\/19-90003-TIE-Studio-Mic-mockup-600x600.jpg 600w, https:\/\/tie-products.com\/wp-content\/uploads\/2017\/07\/19-90003-TIE-Studio-Mic-mockup-768x768.jpg 768w, https:\/\/tie-products.com\/wp-content\/uploads\/2017\/07\/19-90003-TIE-Studio-Mic-mockup-36x36.jpg 36w, https:\/\/tie-products.com\/wp-content\/uploads\/2017\/07\/19-90003-TIE-Studio-Mic-mockup-180x180.jpg 180w, https:\/\/tie-products.com\/wp-content\/uploads\/2017\/07\/19-90003-TIE-Studio-Mic-mockup-705x705.jpg 705w, https:\/\/tie-products.com\/wp-content\/uploads\/2017\/07\/19-90003-TIE-Studio-Mic-mockup.jpg 1024w\" sizes=\"auto, (max-width: 80px) 100vw, 80px\" \/><\/a>\n\t\t\t<\/dt>\n\t\t\t\t<dd class='wp-caption-text gallery-caption' id='gallery-1-10379'>\n\t\t\t\tMic\n\t\t\t\t<\/dd><\/dl><br style=\"clear: both\" \/>\n\t\t<\/div>\n\n<p>Le Tie Mic est un micro condensateur d\u2019une grande qualit\u00e9, \u00e9lectret ultra-compact et \u00e9tonnamment abordable pour presque tous les appareils mobiles populaires. Sp\u00e9cialement con\u00e7u pour l\u2019enregistrement des interviews, des conf\u00e9rences, des m\u00e9mos vocaux ou des podcasts, il offre une excellente qualit\u00e9 sonore qui contraste fortement avec celle des microphones int\u00e9gr\u00e9s aux appareils. Son bo\u00eetier m\u00e9tallique robuste contient une capsule cardio\u00efde 12mm qui peut \u00eatre r\u00e9gl\u00e9e jusqu\u2019\u00e0 90 \u00b0 pour diff\u00e9rentes t\u00e2ches.<\/p>\n<p>Caract\u00e9ristiques<\/p>\n<ul>\n<li>Type: microphone \u00e0 condensateur \u00e9lectret<\/li>\n<li>Diam\u00e8tre capsule: 12 mm<\/li>\n<li>Diagramme polaire: cardio\u00efde<\/li>\n<li>Sensibilit\u00e9 (\u00b1 4 dB): -10 dB \u00b1 3 dB (1 V \/ Pa)<\/li>\n<li>Gamme de fr\u00e9quence: 50 Hz \u2013 16 kHz<\/li>\n<li>Imp\u00e9dance: 3,3 k \u00b1 30%<\/li>\n<li>Plug and Play<\/li>\n<li>Longueur: 55 mm<\/li>\n<\/ul>\n","protected":false},"excerpt":{"rendered":"<p>Le Tie Mic est un micro condensateur d\u2019une grande qualit\u00e9, \u00e9lectret ultra-compact et \u00e9tonnamment abordable pour presque tous les appareils mobiles populaires. Sp\u00e9cialement con\u00e7u pour l\u2019enregistrement des interviews, des conf\u00e9rences, des m\u00e9mos vocaux ou des podcasts, il offre une excellente qualit\u00e9 sonore qui contraste fortement avec celle des microphones int\u00e9gr\u00e9s aux appareils. Son bo\u00eetier m\u00e9tallique [&hellip;]<\/p>\n","protected":false},"featured_media":11439,"template":"","meta":[],"product_brand":[],"product_cat":[24,25],"product_tag":[],"class_list":{"0":"post-11438","1":"product","2":"type-product","3":"status-publish","4":"has-post-thumbnail","6":"product_cat-tie","7":"product_cat-tie-studio","9":"first","10":"instock","11":"purchasable","12":"product-type-simple"},"yoast_head":"<!-- This site is optimized with the Yoast SEO plugin v25.0 - https:\/\/yoast.com\/wordpress\/plugins\/seo\/ -->\n<title>Mic - E-Commerce-Revolution<\/title>\n<meta name=\"robots\" content=\"index, follow, max-snippet:-1, max-image-preview:large, max-video-preview:-1\" \/>\n<link rel=\"canonical\" href=\"https:\/\/tie-products.com\/fr\/produkt\/mic\/\" \/>\n<meta property=\"og:locale\" content=\"fr_FR\" \/>\n<meta property=\"og:type\" content=\"article\" \/>\n<meta property=\"og:title\" content=\"Mic - E-Commerce-Revolution\" \/>\n<meta property=\"og:description\" content=\"Le Tie Mic est un micro condensateur d\u2019une grande qualit\u00e9, \u00e9lectret ultra-compact et \u00e9tonnamment abordable pour presque tous les appareils mobiles populaires. Sp\u00e9cialement con\u00e7u pour l\u2019enregistrement des interviews, des conf\u00e9rences, des m\u00e9mos vocaux ou des podcasts, il offre une excellente qualit\u00e9 sonore qui contraste fortement avec celle des microphones int\u00e9gr\u00e9s aux appareils. Son bo\u00eetier m\u00e9tallique [&hellip;]\" \/>\n<meta property=\"og:url\" content=\"https:\/\/tie-products.com\/fr\/produkt\/mic\/\" \/>\n<meta property=\"og:site_name\" content=\"E-Commerce-Revolution\" \/>\n<meta property=\"article:modified_time\" content=\"2021-01-27T09:08:10+00:00\" \/>\n<meta property=\"og:image\" content=\"https:\/\/tie-products.com\/wp-content\/uploads\/2017\/07\/19-90003-TIE-Studio-Mic-main.jpg\" \/>\n\t<meta property=\"og:image:width\" content=\"1024\" \/>\n\t<meta property=\"og:image:height\" content=\"1024\" \/>\n\t<meta property=\"og:image:type\" content=\"image\/jpeg\" \/>\n<meta name=\"twitter:card\" content=\"summary_large_image\" \/>\n<meta name=\"twitter:label1\" content=\"Dur\u00e9e de lecture estim\u00e9e\" \/>\n\t<meta name=\"twitter:data1\" content=\"1 minute\" \/>\n<script type=\"application\/ld+json\" class=\"yoast-schema-graph\">{\"@context\":\"https:\/\/schema.org\",\"@graph\":[{\"@type\":\"WebPage\",\"@id\":\"https:\/\/tie-products.com\/fr\/produkt\/mic\/\",\"url\":\"https:\/\/tie-products.com\/fr\/produkt\/mic\/\",\"name\":\"Mic - E-Commerce-Revolution\",\"isPartOf\":{\"@id\":\"https:\/\/tie-products.com\/pl\/#website\"},\"primaryImageOfPage\":{\"@id\":\"https:\/\/tie-products.com\/fr\/produkt\/mic\/#primaryimage\"},\"image\":{\"@id\":\"https:\/\/tie-products.com\/fr\/produkt\/mic\/#primaryimage\"},\"thumbnailUrl\":\"https:\/\/tie-products.com\/wp-content\/uploads\/2017\/07\/19-90003-TIE-Studio-Mic-main.jpg\",\"datePublished\":\"2019-02-16T20:06:03+00:00\",\"dateModified\":\"2021-01-27T09:08:10+00:00\",\"breadcrumb\":{\"@id\":\"https:\/\/tie-products.com\/fr\/produkt\/mic\/#breadcrumb\"},\"inLanguage\":\"fr-FR\",\"potentialAction\":[{\"@type\":\"ReadAction\",\"target\":[\"https:\/\/tie-products.com\/fr\/produkt\/mic\/\"]}]},{\"@type\":\"ImageObject\",\"inLanguage\":\"fr-FR\",\"@id\":\"https:\/\/tie-products.com\/fr\/produkt\/mic\/#primaryimage\",\"url\":\"https:\/\/tie-products.com\/wp-content\/uploads\/2017\/07\/19-90003-TIE-Studio-Mic-main.jpg\",\"contentUrl\":\"https:\/\/tie-products.com\/wp-content\/uploads\/2017\/07\/19-90003-TIE-Studio-Mic-main.jpg\",\"width\":1024,\"height\":1024},{\"@type\":\"BreadcrumbList\",\"@id\":\"https:\/\/tie-products.com\/fr\/produkt\/mic\/#breadcrumb\",\"itemListElement\":[{\"@type\":\"ListItem\",\"position\":1,\"name\":\"Home\",\"item\":\"https:\/\/tie-products.com\/fr\/\"},{\"@type\":\"ListItem\",\"position\":2,\"name\":\"Shop\",\"item\":\"https:\/\/tie-products.com\/shop\/\"},{\"@type\":\"ListItem\",\"position\":3,\"name\":\"Mic\"}]},{\"@type\":\"WebSite\",\"@id\":\"https:\/\/tie-products.com\/pl\/#website\",\"url\":\"https:\/\/tie-products.com\/pl\/\",\"name\":\"E-Commerce-Revolution\",\"description\":\"Just another WordPress site\",\"potentialAction\":[{\"@type\":\"SearchAction\",\"target\":{\"@type\":\"EntryPoint\",\"urlTemplate\":\"https:\/\/tie-products.com\/pl\/?s={search_term_string}\"},\"query-input\":{\"@type\":\"PropertyValueSpecification\",\"valueRequired\":true,\"valueName\":\"search_term_string\"}}],\"inLanguage\":\"fr-FR\"}]}<\/script>\n<!-- \/ Yoast SEO plugin. -->","yoast_head_json":{"title":"Mic - E-Commerce-Revolution","robots":{"index":"index","follow":"follow","max-snippet":"max-snippet:-1","max-image-preview":"max-image-preview:large","max-video-preview":"max-video-preview:-1"},"canonical":"https:\/\/tie-products.com\/fr\/produkt\/mic\/","og_locale":"fr_FR","og_type":"article","og_title":"Mic - E-Commerce-Revolution","og_description":"Le Tie Mic est un micro condensateur d\u2019une grande qualit\u00e9, \u00e9lectret ultra-compact et \u00e9tonnamment abordable pour presque tous les appareils mobiles populaires. Sp\u00e9cialement con\u00e7u pour l\u2019enregistrement des interviews, des conf\u00e9rences, des m\u00e9mos vocaux ou des podcasts, il offre une excellente qualit\u00e9 sonore qui contraste fortement avec celle des microphones int\u00e9gr\u00e9s aux appareils. Son bo\u00eetier m\u00e9tallique [&hellip;]","og_url":"https:\/\/tie-products.com\/fr\/produkt\/mic\/","og_site_name":"E-Commerce-Revolution","article_modified_time":"2021-01-27T09:08:10+00:00","og_image":[{"width":1024,"height":1024,"url":"https:\/\/tie-products.com\/wp-content\/uploads\/2017\/07\/19-90003-TIE-Studio-Mic-main.jpg","type":"image\/jpeg"}],"twitter_card":"summary_large_image","twitter_misc":{"Dur\u00e9e de lecture estim\u00e9e":"1 minute"},"schema":{"@context":"https:\/\/schema.org","@graph":[{"@type":"WebPage","@id":"https:\/\/tie-products.com\/fr\/produkt\/mic\/","url":"https:\/\/tie-products.com\/fr\/produkt\/mic\/","name":"Mic - E-Commerce-Revolution","isPartOf":{"@id":"https:\/\/tie-products.com\/pl\/#website"},"primaryImageOfPage":{"@id":"https:\/\/tie-products.com\/fr\/produkt\/mic\/#primaryimage"},"image":{"@id":"https:\/\/tie-products.com\/fr\/produkt\/mic\/#primaryimage"},"thumbnailUrl":"https:\/\/tie-products.com\/wp-content\/uploads\/2017\/07\/19-90003-TIE-Studio-Mic-main.jpg","datePublished":"2019-02-16T20:06:03+00:00","dateModified":"2021-01-27T09:08:10+00:00","breadcrumb":{"@id":"https:\/\/tie-products.com\/fr\/produkt\/mic\/#breadcrumb"},"inLanguage":"fr-FR","potentialAction":[{"@type":"ReadAction","target":["https:\/\/tie-products.com\/fr\/produkt\/mic\/"]}]},{"@type":"ImageObject","inLanguage":"fr-FR","@id":"https:\/\/tie-products.com\/fr\/produkt\/mic\/#primaryimage","url":"https:\/\/tie-products.com\/wp-content\/uploads\/2017\/07\/19-90003-TIE-Studio-Mic-main.jpg","contentUrl":"https:\/\/tie-products.com\/wp-content\/uploads\/2017\/07\/19-90003-TIE-Studio-Mic-main.jpg","width":1024,"height":1024},{"@type":"BreadcrumbList","@id":"https:\/\/tie-products.com\/fr\/produkt\/mic\/#breadcrumb","itemListElement":[{"@type":"ListItem","position":1,"name":"Home","item":"https:\/\/tie-products.com\/fr\/"},{"@type":"ListItem","position":2,"name":"Shop","item":"https:\/\/tie-products.com\/shop\/"},{"@type":"ListItem","position":3,"name":"Mic"}]},{"@type":"WebSite","@id":"https:\/\/tie-products.com\/pl\/#website","url":"https:\/\/tie-products.com\/pl\/","name":"E-Commerce-Revolution","description":"Just another WordPress site","potentialAction":[{"@type":"SearchAction","target":{"@type":"EntryPoint","urlTemplate":"https:\/\/tie-products.com\/pl\/?s={search_term_string}"},"query-input":{"@type":"PropertyValueSpecification","valueRequired":true,"valueName":"search_term_string"}}],"inLanguage":"fr-FR"}]}},"_links":{"self":[{"href":"https:\/\/tie-products.com\/fr\/wp-json\/wp\/v2\/product\/11438","targetHints":{"allow":["GET"]}}],"collection":[{"href":"https:\/\/tie-products.com\/fr\/wp-json\/wp\/v2\/product"}],"about":[{"href":"https:\/\/tie-products.com\/fr\/wp-json\/wp\/v2\/types\/product"}],"wp:featuredmedia":[{"embeddable":true,"href":"https:\/\/tie-products.com\/fr\/wp-json\/wp\/v2\/media\/11439"}],"wp:attachment":[{"href":"https:\/\/tie-products.com\/fr\/wp-json\/wp\/v2\/media?parent=11438"}],"wp:term":[{"taxonomy":"product_brand","embeddable":true,"href":"https:\/\/tie-products.com\/fr\/wp-json\/wp\/v2\/product_brand?post=11438"},{"taxonomy":"product_cat","embeddable":true,"href":"https:\/\/tie-products.com\/fr\/wp-json\/wp\/v2\/product_cat?post=11438"},{"taxonomy":"product_tag","embeddable":true,"href":"https:\/\/tie-products.com\/fr\/wp-json\/wp\/v2\/product_tag?post=11438"}],"curies":[{"name":"wp","href":"https:\/\/api.w.org\/{rel}","templated":true}]}}