{"id":11420,"date":"2019-02-16T21:06:05","date_gmt":"2019-02-16T20:06:05","guid":{"rendered":"https:\/\/tie-products.netzspitze.cloud\/produkt\/dynamic-mic-usb\/"},"modified":"2021-01-27T09:05:32","modified_gmt":"2021-01-27T09:05:32","slug":"dynamic-mic-usb","status":"publish","type":"product","link":"https:\/\/tie-products.com\/fr\/produkt\/dynamic-mic-usb\/","title":{"rendered":"Dynamic Mic USB"},"content":{"rendered":"\n\t\t<style type=\"text\/css\">\n\t\t\t#gallery-1 {\n\t\t\t\tmargin: auto;\n\t\t\t}\n\t\t\t#gallery-1 .gallery-item {\n\t\t\t\tfloat: left;\n\t\t\t\tmargin-top: 10px;\n\t\t\t\ttext-align: center;\n\t\t\t\twidth: 33%;\n\t\t\t}\n\t\t\t#gallery-1 img {\n\t\t\t\tborder: 2px solid #cfcfcf;\n\t\t\t}\n\t\t\t#gallery-1 .gallery-caption {\n\t\t\t\tmargin-left: 0;\n\t\t\t}\n\t\t\t\/* see gallery_shortcode() in wp-includes\/media.php *\/\n\t\t<\/style>\n\t\t<div id='gallery-1' class='gallery galleryid-11420 gallery-columns-3 gallery-size-thumbnail'><dl class='gallery-item'>\n\t\t\t<dt class='gallery-icon landscape'>\n\t\t\t\t<a href='https:\/\/tie-products.com\/fr\/?attachment_id=10401'><img loading=\"lazy\" decoding=\"async\" width=\"80\" height=\"80\" src=\"https:\/\/tie-products.com\/wp-content\/uploads\/2017\/07\/19-90011-TIE-STUDIO-Dynamic-Mic-USB-80x80.png\" class=\"attachment-thumbnail size-thumbnail\" alt=\"\" aria-describedby=\"gallery-1-10401\" srcset=\"https:\/\/tie-products.com\/wp-content\/uploads\/2017\/07\/19-90011-TIE-STUDIO-Dynamic-Mic-USB-80x80.png 80w, https:\/\/tie-products.com\/wp-content\/uploads\/2017\/07\/19-90011-TIE-STUDIO-Dynamic-Mic-USB-300x300.png 300w, https:\/\/tie-products.com\/wp-content\/uploads\/2017\/07\/19-90011-TIE-STUDIO-Dynamic-Mic-USB-100x100.png 100w, https:\/\/tie-products.com\/wp-content\/uploads\/2017\/07\/19-90011-TIE-STUDIO-Dynamic-Mic-USB-600x600.png 600w, https:\/\/tie-products.com\/wp-content\/uploads\/2017\/07\/19-90011-TIE-STUDIO-Dynamic-Mic-USB-768x768.png 768w, https:\/\/tie-products.com\/wp-content\/uploads\/2017\/07\/19-90011-TIE-STUDIO-Dynamic-Mic-USB-36x36.png 36w, https:\/\/tie-products.com\/wp-content\/uploads\/2017\/07\/19-90011-TIE-STUDIO-Dynamic-Mic-USB-180x180.png 180w, https:\/\/tie-products.com\/wp-content\/uploads\/2017\/07\/19-90011-TIE-STUDIO-Dynamic-Mic-USB-705x705.png 705w, https:\/\/tie-products.com\/wp-content\/uploads\/2017\/07\/19-90011-TIE-STUDIO-Dynamic-Mic-USB.png 1024w\" sizes=\"auto, (max-width: 80px) 100vw, 80px\" \/><\/a>\n\t\t\t<\/dt>\n\t\t\t\t<dd class='wp-caption-text gallery-caption' id='gallery-1-10401'>\n\t\t\t\tDynamic Mic USB\n\t\t\t\t<\/dd><\/dl><dl class='gallery-item'>\n\t\t\t<dt class='gallery-icon landscape'>\n\t\t\t\t<a href='https:\/\/tie-products.com\/fr\/?attachment_id=10402'><img loading=\"lazy\" decoding=\"async\" width=\"80\" height=\"80\" src=\"https:\/\/tie-products.com\/wp-content\/uploads\/2017\/07\/19-90011-TIE-STUDIO-Dynamic-Mic-USB2-80x80.png\" class=\"attachment-thumbnail size-thumbnail\" alt=\"\" aria-describedby=\"gallery-1-10402\" srcset=\"https:\/\/tie-products.com\/wp-content\/uploads\/2017\/07\/19-90011-TIE-STUDIO-Dynamic-Mic-USB2-80x80.png 80w, https:\/\/tie-products.com\/wp-content\/uploads\/2017\/07\/19-90011-TIE-STUDIO-Dynamic-Mic-USB2-300x300.png 300w, https:\/\/tie-products.com\/wp-content\/uploads\/2017\/07\/19-90011-TIE-STUDIO-Dynamic-Mic-USB2-100x100.png 100w, https:\/\/tie-products.com\/wp-content\/uploads\/2017\/07\/19-90011-TIE-STUDIO-Dynamic-Mic-USB2-600x600.png 600w, https:\/\/tie-products.com\/wp-content\/uploads\/2017\/07\/19-90011-TIE-STUDIO-Dynamic-Mic-USB2-768x768.png 768w, https:\/\/tie-products.com\/wp-content\/uploads\/2017\/07\/19-90011-TIE-STUDIO-Dynamic-Mic-USB2-36x36.png 36w, https:\/\/tie-products.com\/wp-content\/uploads\/2017\/07\/19-90011-TIE-STUDIO-Dynamic-Mic-USB2-180x180.png 180w, https:\/\/tie-products.com\/wp-content\/uploads\/2017\/07\/19-90011-TIE-STUDIO-Dynamic-Mic-USB2-705x705.png 705w, https:\/\/tie-products.com\/wp-content\/uploads\/2017\/07\/19-90011-TIE-STUDIO-Dynamic-Mic-USB2.png 1024w\" sizes=\"auto, (max-width: 80px) 100vw, 80px\" \/><\/a>\n\t\t\t<\/dt>\n\t\t\t\t<dd class='wp-caption-text gallery-caption' id='gallery-1-10402'>\n\t\t\t\tDynamic Mic USB\n\t\t\t\t<\/dd><\/dl><dl class='gallery-item'>\n\t\t\t<dt class='gallery-icon landscape'>\n\t\t\t\t<a href='https:\/\/tie-products.com\/fr\/?attachment_id=10403'><img loading=\"lazy\" decoding=\"async\" width=\"80\" height=\"80\" src=\"https:\/\/tie-products.com\/wp-content\/uploads\/2017\/07\/19-90011-TIE-STUDIO-Dynamic-Mic-USB-mockup-80x80.jpg\" class=\"attachment-thumbnail size-thumbnail\" alt=\"\" aria-describedby=\"gallery-1-10403\" srcset=\"https:\/\/tie-products.com\/wp-content\/uploads\/2017\/07\/19-90011-TIE-STUDIO-Dynamic-Mic-USB-mockup-80x80.jpg 80w, https:\/\/tie-products.com\/wp-content\/uploads\/2017\/07\/19-90011-TIE-STUDIO-Dynamic-Mic-USB-mockup-300x300.jpg 300w, https:\/\/tie-products.com\/wp-content\/uploads\/2017\/07\/19-90011-TIE-STUDIO-Dynamic-Mic-USB-mockup-100x100.jpg 100w, https:\/\/tie-products.com\/wp-content\/uploads\/2017\/07\/19-90011-TIE-STUDIO-Dynamic-Mic-USB-mockup-600x600.jpg 600w, https:\/\/tie-products.com\/wp-content\/uploads\/2017\/07\/19-90011-TIE-STUDIO-Dynamic-Mic-USB-mockup-768x768.jpg 768w, https:\/\/tie-products.com\/wp-content\/uploads\/2017\/07\/19-90011-TIE-STUDIO-Dynamic-Mic-USB-mockup-36x36.jpg 36w, https:\/\/tie-products.com\/wp-content\/uploads\/2017\/07\/19-90011-TIE-STUDIO-Dynamic-Mic-USB-mockup-180x180.jpg 180w, https:\/\/tie-products.com\/wp-content\/uploads\/2017\/07\/19-90011-TIE-STUDIO-Dynamic-Mic-USB-mockup-705x705.jpg 705w, https:\/\/tie-products.com\/wp-content\/uploads\/2017\/07\/19-90011-TIE-STUDIO-Dynamic-Mic-USB-mockup.jpg 1024w\" sizes=\"auto, (max-width: 80px) 100vw, 80px\" \/><\/a>\n\t\t\t<\/dt>\n\t\t\t\t<dd class='wp-caption-text gallery-caption' id='gallery-1-10403'>\n\t\t\t\tDynamic Mic USB\n\t\t\t\t<\/dd><\/dl><br style=\"clear: both\" \/>\n\t\t<\/div>\n\n<p><strong>Micro USB Dynamique:<\/strong><br \/>\nCe microphone dynamique de grande qualit\u00e9 est id\u00e9al pour la parole et le chant. Equip\u00e9 d\u2019un port USB, ce qui \u00e9vite l\u2019achat d\u2019une interface audio suppl\u00e9mentaire et d\u2019une alimentation externe. Le logement et le panier sont de construction m\u00e9tallique et extr\u00eamement robustes. Le Microphone dynamique USB TIE studio a un son bien \u00e9quilibr\u00e9, comme une excellente suppression de directivit\u00e9 et de r\u00e9troaction. Un filtre anti-pop est int\u00e9gr\u00e9. Les bruits de manipulation sont r\u00e9duits au minimum gr\u00e2ce \u00e0 une capsule mont\u00e9e \u00e9lastiquement.<\/p>\n<p>Caract\u00e9ristiques:<\/p>\n<ul>\n<li>Microphone Dynamique USB<\/li>\n<li>Bo\u00eetier m\u00e9tallique robuste, y compris panier m\u00e9tallique<\/li>\n<li>Pop int\u00e9gr\u00e9<\/li>\n<li>Interrupteur marche \/ arr\u00eat<\/li>\n<li>Gamme de fr\u00e9quences: 70 Hz \u2013 13 kHz<\/li>\n<li>Fr\u00e9quence d\u2019\u00e9chantillonnage: 44.1 KHz et 48<\/li>\n<li>Rapport signal sur bruit: 65 dB<\/li>\n<li>Imp\u00e9dance: 600\u03a9<\/li>\n<li>Port USB pour un fonctionnement direct sur l\u2019ordinateur<\/li>\n<li>Sensibilit\u00e9: -35 dBFS \/ Pa +\/- 3 dBFS \/ Pa<\/li>\n<li>Class Compliant pour MAC et PC<\/li>\n<li>Aucun pilote suppl\u00e9mentaire n\u00e9cessaire<\/li>\n<li>Couleur: Noir<\/li>\n<li>Inclus c\u00e2ble USB<\/li>\n<li>LED \u00e9tat bleu<\/li>\n<li>Aliment\u00e9 par USB (5V)<\/li>\n<li>Connecteur: USB Type A<\/li>\n<li>USB 2.0<\/li>\n<li>Poids: 260 g<\/li>\n<\/ul>\n","protected":false},"excerpt":{"rendered":"<p>Micro USB Dynamique: Ce microphone dynamique de grande qualit\u00e9 est id\u00e9al pour la parole et le chant. Equip\u00e9 d\u2019un port USB, ce qui \u00e9vite l\u2019achat d\u2019une interface audio suppl\u00e9mentaire et d\u2019une alimentation externe. Le logement et le panier sont de construction m\u00e9tallique et extr\u00eamement robustes. Le Microphone dynamique USB TIE studio a un son bien [&hellip;]<\/p>\n","protected":false},"featured_media":11421,"template":"","meta":[],"product_brand":[],"product_cat":[24,25],"product_tag":[],"class_list":{"0":"post-11420","1":"product","2":"type-product","3":"status-publish","4":"has-post-thumbnail","6":"product_cat-tie","7":"product_cat-tie-studio","9":"first","10":"instock","11":"purchasable","12":"product-type-simple"},"yoast_head":"<!-- This site is optimized with the Yoast SEO plugin v25.0 - https:\/\/yoast.com\/wordpress\/plugins\/seo\/ -->\n<title>Dynamic Mic USB - E-Commerce-Revolution<\/title>\n<meta name=\"robots\" content=\"index, follow, max-snippet:-1, max-image-preview:large, max-video-preview:-1\" \/>\n<link rel=\"canonical\" href=\"https:\/\/tie-products.com\/fr\/produkt\/dynamic-mic-usb\/\" \/>\n<meta property=\"og:locale\" content=\"fr_FR\" \/>\n<meta property=\"og:type\" content=\"article\" \/>\n<meta property=\"og:title\" content=\"Dynamic Mic USB - E-Commerce-Revolution\" \/>\n<meta property=\"og:description\" content=\"Micro USB Dynamique: Ce microphone dynamique de grande qualit\u00e9 est id\u00e9al pour la parole et le chant. Equip\u00e9 d\u2019un port USB, ce qui \u00e9vite l\u2019achat d\u2019une interface audio suppl\u00e9mentaire et d\u2019une alimentation externe. Le logement et le panier sont de construction m\u00e9tallique et extr\u00eamement robustes. Le Microphone dynamique USB TIE studio a un son bien [&hellip;]\" \/>\n<meta property=\"og:url\" content=\"https:\/\/tie-products.com\/fr\/produkt\/dynamic-mic-usb\/\" \/>\n<meta property=\"og:site_name\" content=\"E-Commerce-Revolution\" \/>\n<meta property=\"article:modified_time\" content=\"2021-01-27T09:05:32+00:00\" \/>\n<meta property=\"og:image\" content=\"https:\/\/tie-products.com\/wp-content\/uploads\/2017\/07\/19-90011-TIE-STUDIO-Dynamic-Mic-USB-main.png\" \/>\n\t<meta property=\"og:image:width\" content=\"1024\" \/>\n\t<meta property=\"og:image:height\" content=\"1024\" \/>\n\t<meta property=\"og:image:type\" content=\"image\/png\" \/>\n<meta name=\"twitter:card\" content=\"summary_large_image\" \/>\n<meta name=\"twitter:label1\" content=\"Dur\u00e9e de lecture estim\u00e9e\" \/>\n\t<meta name=\"twitter:data1\" content=\"1 minute\" \/>\n<script type=\"application\/ld+json\" class=\"yoast-schema-graph\">{\"@context\":\"https:\/\/schema.org\",\"@graph\":[{\"@type\":\"WebPage\",\"@id\":\"https:\/\/tie-products.com\/fr\/produkt\/dynamic-mic-usb\/\",\"url\":\"https:\/\/tie-products.com\/fr\/produkt\/dynamic-mic-usb\/\",\"name\":\"Dynamic Mic USB - E-Commerce-Revolution\",\"isPartOf\":{\"@id\":\"https:\/\/tie-products.com\/pl\/#website\"},\"primaryImageOfPage\":{\"@id\":\"https:\/\/tie-products.com\/fr\/produkt\/dynamic-mic-usb\/#primaryimage\"},\"image\":{\"@id\":\"https:\/\/tie-products.com\/fr\/produkt\/dynamic-mic-usb\/#primaryimage\"},\"thumbnailUrl\":\"https:\/\/tie-products.com\/wp-content\/uploads\/2017\/07\/19-90011-TIE-STUDIO-Dynamic-Mic-USB-main.png\",\"datePublished\":\"2019-02-16T20:06:05+00:00\",\"dateModified\":\"2021-01-27T09:05:32+00:00\",\"breadcrumb\":{\"@id\":\"https:\/\/tie-products.com\/fr\/produkt\/dynamic-mic-usb\/#breadcrumb\"},\"inLanguage\":\"fr-FR\",\"potentialAction\":[{\"@type\":\"ReadAction\",\"target\":[\"https:\/\/tie-products.com\/fr\/produkt\/dynamic-mic-usb\/\"]}]},{\"@type\":\"ImageObject\",\"inLanguage\":\"fr-FR\",\"@id\":\"https:\/\/tie-products.com\/fr\/produkt\/dynamic-mic-usb\/#primaryimage\",\"url\":\"https:\/\/tie-products.com\/wp-content\/uploads\/2017\/07\/19-90011-TIE-STUDIO-Dynamic-Mic-USB-main.png\",\"contentUrl\":\"https:\/\/tie-products.com\/wp-content\/uploads\/2017\/07\/19-90011-TIE-STUDIO-Dynamic-Mic-USB-main.png\",\"width\":1024,\"height\":1024},{\"@type\":\"BreadcrumbList\",\"@id\":\"https:\/\/tie-products.com\/fr\/produkt\/dynamic-mic-usb\/#breadcrumb\",\"itemListElement\":[{\"@type\":\"ListItem\",\"position\":1,\"name\":\"Home\",\"item\":\"https:\/\/tie-products.com\/fr\/\"},{\"@type\":\"ListItem\",\"position\":2,\"name\":\"Shop\",\"item\":\"https:\/\/tie-products.com\/shop\/\"},{\"@type\":\"ListItem\",\"position\":3,\"name\":\"Dynamic Mic USB\"}]},{\"@type\":\"WebSite\",\"@id\":\"https:\/\/tie-products.com\/pl\/#website\",\"url\":\"https:\/\/tie-products.com\/pl\/\",\"name\":\"E-Commerce-Revolution\",\"description\":\"Just another WordPress site\",\"potentialAction\":[{\"@type\":\"SearchAction\",\"target\":{\"@type\":\"EntryPoint\",\"urlTemplate\":\"https:\/\/tie-products.com\/pl\/?s={search_term_string}\"},\"query-input\":{\"@type\":\"PropertyValueSpecification\",\"valueRequired\":true,\"valueName\":\"search_term_string\"}}],\"inLanguage\":\"fr-FR\"}]}<\/script>\n<!-- \/ Yoast SEO plugin. -->","yoast_head_json":{"title":"Dynamic Mic USB - E-Commerce-Revolution","robots":{"index":"index","follow":"follow","max-snippet":"max-snippet:-1","max-image-preview":"max-image-preview:large","max-video-preview":"max-video-preview:-1"},"canonical":"https:\/\/tie-products.com\/fr\/produkt\/dynamic-mic-usb\/","og_locale":"fr_FR","og_type":"article","og_title":"Dynamic Mic USB - E-Commerce-Revolution","og_description":"Micro USB Dynamique: Ce microphone dynamique de grande qualit\u00e9 est id\u00e9al pour la parole et le chant. Equip\u00e9 d\u2019un port USB, ce qui \u00e9vite l\u2019achat d\u2019une interface audio suppl\u00e9mentaire et d\u2019une alimentation externe. Le logement et le panier sont de construction m\u00e9tallique et extr\u00eamement robustes. Le Microphone dynamique USB TIE studio a un son bien [&hellip;]","og_url":"https:\/\/tie-products.com\/fr\/produkt\/dynamic-mic-usb\/","og_site_name":"E-Commerce-Revolution","article_modified_time":"2021-01-27T09:05:32+00:00","og_image":[{"width":1024,"height":1024,"url":"https:\/\/tie-products.com\/wp-content\/uploads\/2017\/07\/19-90011-TIE-STUDIO-Dynamic-Mic-USB-main.png","type":"image\/png"}],"twitter_card":"summary_large_image","twitter_misc":{"Dur\u00e9e de lecture estim\u00e9e":"1 minute"},"schema":{"@context":"https:\/\/schema.org","@graph":[{"@type":"WebPage","@id":"https:\/\/tie-products.com\/fr\/produkt\/dynamic-mic-usb\/","url":"https:\/\/tie-products.com\/fr\/produkt\/dynamic-mic-usb\/","name":"Dynamic Mic USB - E-Commerce-Revolution","isPartOf":{"@id":"https:\/\/tie-products.com\/pl\/#website"},"primaryImageOfPage":{"@id":"https:\/\/tie-products.com\/fr\/produkt\/dynamic-mic-usb\/#primaryimage"},"image":{"@id":"https:\/\/tie-products.com\/fr\/produkt\/dynamic-mic-usb\/#primaryimage"},"thumbnailUrl":"https:\/\/tie-products.com\/wp-content\/uploads\/2017\/07\/19-90011-TIE-STUDIO-Dynamic-Mic-USB-main.png","datePublished":"2019-02-16T20:06:05+00:00","dateModified":"2021-01-27T09:05:32+00:00","breadcrumb":{"@id":"https:\/\/tie-products.com\/fr\/produkt\/dynamic-mic-usb\/#breadcrumb"},"inLanguage":"fr-FR","potentialAction":[{"@type":"ReadAction","target":["https:\/\/tie-products.com\/fr\/produkt\/dynamic-mic-usb\/"]}]},{"@type":"ImageObject","inLanguage":"fr-FR","@id":"https:\/\/tie-products.com\/fr\/produkt\/dynamic-mic-usb\/#primaryimage","url":"https:\/\/tie-products.com\/wp-content\/uploads\/2017\/07\/19-90011-TIE-STUDIO-Dynamic-Mic-USB-main.png","contentUrl":"https:\/\/tie-products.com\/wp-content\/uploads\/2017\/07\/19-90011-TIE-STUDIO-Dynamic-Mic-USB-main.png","width":1024,"height":1024},{"@type":"BreadcrumbList","@id":"https:\/\/tie-products.com\/fr\/produkt\/dynamic-mic-usb\/#breadcrumb","itemListElement":[{"@type":"ListItem","position":1,"name":"Home","item":"https:\/\/tie-products.com\/fr\/"},{"@type":"ListItem","position":2,"name":"Shop","item":"https:\/\/tie-products.com\/shop\/"},{"@type":"ListItem","position":3,"name":"Dynamic Mic USB"}]},{"@type":"WebSite","@id":"https:\/\/tie-products.com\/pl\/#website","url":"https:\/\/tie-products.com\/pl\/","name":"E-Commerce-Revolution","description":"Just another WordPress site","potentialAction":[{"@type":"SearchAction","target":{"@type":"EntryPoint","urlTemplate":"https:\/\/tie-products.com\/pl\/?s={search_term_string}"},"query-input":{"@type":"PropertyValueSpecification","valueRequired":true,"valueName":"search_term_string"}}],"inLanguage":"fr-FR"}]}},"_links":{"self":[{"href":"https:\/\/tie-products.com\/fr\/wp-json\/wp\/v2\/product\/11420","targetHints":{"allow":["GET"]}}],"collection":[{"href":"https:\/\/tie-products.com\/fr\/wp-json\/wp\/v2\/product"}],"about":[{"href":"https:\/\/tie-products.com\/fr\/wp-json\/wp\/v2\/types\/product"}],"wp:featuredmedia":[{"embeddable":true,"href":"https:\/\/tie-products.com\/fr\/wp-json\/wp\/v2\/media\/11421"}],"wp:attachment":[{"href":"https:\/\/tie-products.com\/fr\/wp-json\/wp\/v2\/media?parent=11420"}],"wp:term":[{"taxonomy":"product_brand","embeddable":true,"href":"https:\/\/tie-products.com\/fr\/wp-json\/wp\/v2\/product_brand?post=11420"},{"taxonomy":"product_cat","embeddable":true,"href":"https:\/\/tie-products.com\/fr\/wp-json\/wp\/v2\/product_cat?post=11420"},{"taxonomy":"product_tag","embeddable":true,"href":"https:\/\/tie-products.com\/fr\/wp-json\/wp\/v2\/product_tag?post=11420"}],"curies":[{"name":"wp","href":"https:\/\/api.w.org\/{rel}","templated":true}]}}