{"id":11411,"date":"2019-02-16T21:06:09","date_gmt":"2019-02-16T20:06:09","guid":{"rendered":"https:\/\/tie-products.netzspitze.cloud\/produkt\/broadcast-mic\/"},"modified":"2021-01-27T09:03:53","modified_gmt":"2021-01-27T09:03:53","slug":"broadcast-mic","status":"publish","type":"product","link":"https:\/\/tie-products.com\/fr\/produkt\/broadcast-mic\/","title":{"rendered":"Broadcast Mic"},"content":{"rendered":"\n\t\t<style type=\"text\/css\">\n\t\t\t#gallery-1 {\n\t\t\t\tmargin: auto;\n\t\t\t}\n\t\t\t#gallery-1 .gallery-item {\n\t\t\t\tfloat: left;\n\t\t\t\tmargin-top: 10px;\n\t\t\t\ttext-align: center;\n\t\t\t\twidth: 33%;\n\t\t\t}\n\t\t\t#gallery-1 img {\n\t\t\t\tborder: 2px solid #cfcfcf;\n\t\t\t}\n\t\t\t#gallery-1 .gallery-caption {\n\t\t\t\tmargin-left: 0;\n\t\t\t}\n\t\t\t\/* see gallery_shortcode() in wp-includes\/media.php *\/\n\t\t<\/style>\n\t\t<div id='gallery-1' class='gallery galleryid-11411 gallery-columns-3 gallery-size-thumbnail'><dl class='gallery-item'>\n\t\t\t<dt class='gallery-icon landscape'>\n\t\t\t\t<a href='https:\/\/tie-products.com\/fr\/?attachment_id=10922'><img loading=\"lazy\" decoding=\"async\" width=\"80\" height=\"80\" src=\"https:\/\/tie-products.com\/wp-content\/uploads\/2018\/09\/19-90026-TIE-STUDIO-Broadcast-Mic-frontal-80x80.jpg\" class=\"attachment-thumbnail size-thumbnail\" alt=\"\" aria-describedby=\"gallery-1-10922\" srcset=\"https:\/\/tie-products.com\/wp-content\/uploads\/2018\/09\/19-90026-TIE-STUDIO-Broadcast-Mic-frontal-80x80.jpg 80w, https:\/\/tie-products.com\/wp-content\/uploads\/2018\/09\/19-90026-TIE-STUDIO-Broadcast-Mic-frontal-300x300.jpg 300w, https:\/\/tie-products.com\/wp-content\/uploads\/2018\/09\/19-90026-TIE-STUDIO-Broadcast-Mic-frontal-100x100.jpg 100w, https:\/\/tie-products.com\/wp-content\/uploads\/2018\/09\/19-90026-TIE-STUDIO-Broadcast-Mic-frontal-600x600.jpg 600w, https:\/\/tie-products.com\/wp-content\/uploads\/2018\/09\/19-90026-TIE-STUDIO-Broadcast-Mic-frontal-768x768.jpg 768w, https:\/\/tie-products.com\/wp-content\/uploads\/2018\/09\/19-90026-TIE-STUDIO-Broadcast-Mic-frontal-36x36.jpg 36w, https:\/\/tie-products.com\/wp-content\/uploads\/2018\/09\/19-90026-TIE-STUDIO-Broadcast-Mic-frontal-180x180.jpg 180w, https:\/\/tie-products.com\/wp-content\/uploads\/2018\/09\/19-90026-TIE-STUDIO-Broadcast-Mic-frontal-705x705.jpg 705w, https:\/\/tie-products.com\/wp-content\/uploads\/2018\/09\/19-90026-TIE-STUDIO-Broadcast-Mic-frontal.jpg 1024w\" sizes=\"auto, (max-width: 80px) 100vw, 80px\" \/><\/a>\n\t\t\t<\/dt>\n\t\t\t\t<dd class='wp-caption-text gallery-caption' id='gallery-1-10922'>\n\t\t\t\tTIE STUDIO Broadcast MIC\n\t\t\t\t<\/dd><\/dl><dl class='gallery-item'>\n\t\t\t<dt class='gallery-icon landscape'>\n\t\t\t\t<a href='https:\/\/tie-products.com\/fr\/?attachment_id=10923'><img loading=\"lazy\" decoding=\"async\" width=\"80\" height=\"80\" src=\"https:\/\/tie-products.com\/wp-content\/uploads\/2018\/09\/19-90026-TIE-STUDIO-Broadcast-Mic-kabel-80x80.jpg\" class=\"attachment-thumbnail size-thumbnail\" alt=\"\" aria-describedby=\"gallery-1-10923\" srcset=\"https:\/\/tie-products.com\/wp-content\/uploads\/2018\/09\/19-90026-TIE-STUDIO-Broadcast-Mic-kabel-80x80.jpg 80w, https:\/\/tie-products.com\/wp-content\/uploads\/2018\/09\/19-90026-TIE-STUDIO-Broadcast-Mic-kabel-300x300.jpg 300w, https:\/\/tie-products.com\/wp-content\/uploads\/2018\/09\/19-90026-TIE-STUDIO-Broadcast-Mic-kabel-100x100.jpg 100w, https:\/\/tie-products.com\/wp-content\/uploads\/2018\/09\/19-90026-TIE-STUDIO-Broadcast-Mic-kabel-600x600.jpg 600w, https:\/\/tie-products.com\/wp-content\/uploads\/2018\/09\/19-90026-TIE-STUDIO-Broadcast-Mic-kabel-768x768.jpg 768w, https:\/\/tie-products.com\/wp-content\/uploads\/2018\/09\/19-90026-TIE-STUDIO-Broadcast-Mic-kabel-36x36.jpg 36w, https:\/\/tie-products.com\/wp-content\/uploads\/2018\/09\/19-90026-TIE-STUDIO-Broadcast-Mic-kabel-180x180.jpg 180w, https:\/\/tie-products.com\/wp-content\/uploads\/2018\/09\/19-90026-TIE-STUDIO-Broadcast-Mic-kabel-705x705.jpg 705w, https:\/\/tie-products.com\/wp-content\/uploads\/2018\/09\/19-90026-TIE-STUDIO-Broadcast-Mic-kabel.jpg 1024w\" sizes=\"auto, (max-width: 80px) 100vw, 80px\" \/><\/a>\n\t\t\t<\/dt>\n\t\t\t\t<dd class='wp-caption-text gallery-caption' id='gallery-1-10923'>\n\t\t\t\tTIE STUDIO Broadcast MIC\n\t\t\t\t<\/dd><\/dl><dl class='gallery-item'>\n\t\t\t<dt class='gallery-icon landscape'>\n\t\t\t\t<a href='https:\/\/tie-products.com\/fr\/?attachment_id=10924'><img loading=\"lazy\" decoding=\"async\" width=\"80\" height=\"80\" src=\"https:\/\/tie-products.com\/wp-content\/uploads\/2018\/09\/19-90026-TIE-STUDIO-Broadcast-Mic-mockup-80x80.png\" class=\"attachment-thumbnail size-thumbnail\" alt=\"\" aria-describedby=\"gallery-1-10924\" srcset=\"https:\/\/tie-products.com\/wp-content\/uploads\/2018\/09\/19-90026-TIE-STUDIO-Broadcast-Mic-mockup-80x80.png 80w, https:\/\/tie-products.com\/wp-content\/uploads\/2018\/09\/19-90026-TIE-STUDIO-Broadcast-Mic-mockup-300x300.png 300w, https:\/\/tie-products.com\/wp-content\/uploads\/2018\/09\/19-90026-TIE-STUDIO-Broadcast-Mic-mockup-100x100.png 100w, https:\/\/tie-products.com\/wp-content\/uploads\/2018\/09\/19-90026-TIE-STUDIO-Broadcast-Mic-mockup-600x600.png 600w, https:\/\/tie-products.com\/wp-content\/uploads\/2018\/09\/19-90026-TIE-STUDIO-Broadcast-Mic-mockup-768x768.png 768w, https:\/\/tie-products.com\/wp-content\/uploads\/2018\/09\/19-90026-TIE-STUDIO-Broadcast-Mic-mockup-36x36.png 36w, https:\/\/tie-products.com\/wp-content\/uploads\/2018\/09\/19-90026-TIE-STUDIO-Broadcast-Mic-mockup-180x180.png 180w, https:\/\/tie-products.com\/wp-content\/uploads\/2018\/09\/19-90026-TIE-STUDIO-Broadcast-Mic-mockup-705x705.png 705w, https:\/\/tie-products.com\/wp-content\/uploads\/2018\/09\/19-90026-TIE-STUDIO-Broadcast-Mic-mockup.png 1024w\" sizes=\"auto, (max-width: 80px) 100vw, 80px\" \/><\/a>\n\t\t\t<\/dt>\n\t\t\t\t<dd class='wp-caption-text gallery-caption' id='gallery-1-10924'>\n\t\t\t\tTIE STUDIO Broadcast MIC\n\t\t\t\t<\/dd><\/dl><br style=\"clear: both\" \/>\n\t\t<\/div>\n\n<p><strong>TIE Studio \u2013 Microphone de diffusion puissant avec 3,5 mm mini-jack<\/strong><\/p>\n<p>Le Microphone de diffusion TIE Studio est un microphone de table \u00e0 condensateur polyvalent pour le podcasting, You Tube Vloggig et les enregistrements sonores au travail.<br \/>\nUn outil id\u00e9al pour l\u2019entr\u00e9e de la parole dans les appels Skype, dans les jeux ou l\u2019enregistrement de la parole et le chant. Le Micro de Diffusion a une capsule \u00e9lectret pr\u00e9-polaris\u00e9e avec omnidirectionnel et une r\u00e9ponse en fr\u00e9quence de 50 Hz \u00e0 16 kHz. La capsule du microphone peut \u00eatre ajust\u00e9e dans l\u2019angle d\u2019application. Il dispose \u00e9galement sur le d\u2019un bouton rotatif pour le contr\u00f4le du volume. Avec sa longueur de c\u00e2ble de 1,80 m, il peut \u00eatre flexible \u2013 m\u00eame sur de plus grands bureaux \u2013 peut \u00eatre utilis\u00e9 avec un PC ou un ordinateur portable. Un pied de table escamotable est inclus.<\/p>\n<p>Caract\u00e9ristiques<\/p>\n<ul>\n<li>Microphone \u00e0 condensateur<\/li>\n<li>1,8 m de c\u00e2ble de 3,5 mm mini-jack<\/li>\n<li>R\u00e9ponse en fr\u00e9quence: 50 Hz \u2013 16 kHz<\/li>\n<li>Sensibilit\u00e9: -30dB \u00b1 3dB<\/li>\n<li>Imp\u00e9dance \u22642,2 kOhm<\/li>\n<li>Tension de fonctionnement: 1.5V<\/li>\n<li>Rapport de bruit:&gt; 36 dB<\/li>\n<li>Directivit\u00e9: omnidirectionnelle<\/li>\n<\/ul>\n","protected":false},"excerpt":{"rendered":"<p>TIE Studio \u2013 Microphone de diffusion puissant avec 3,5 mm mini-jack Le Microphone de diffusion TIE Studio est un microphone de table \u00e0 condensateur polyvalent pour le podcasting, You Tube Vloggig et les enregistrements sonores au travail. Un outil id\u00e9al pour l\u2019entr\u00e9e de la parole dans les appels Skype, dans les jeux ou l\u2019enregistrement de [&hellip;]<\/p>\n","protected":false},"featured_media":11412,"template":"","meta":[],"product_brand":[],"product_cat":[24,25],"product_tag":[],"class_list":{"0":"post-11411","1":"product","2":"type-product","3":"status-publish","4":"has-post-thumbnail","6":"product_cat-tie","7":"product_cat-tie-studio","9":"first","10":"instock","11":"purchasable","12":"product-type-simple"},"yoast_head":"<!-- This site is optimized with the Yoast SEO plugin v25.0 - https:\/\/yoast.com\/wordpress\/plugins\/seo\/ -->\n<title>Broadcast Mic - E-Commerce-Revolution<\/title>\n<meta name=\"robots\" content=\"index, follow, max-snippet:-1, max-image-preview:large, max-video-preview:-1\" \/>\n<link rel=\"canonical\" href=\"https:\/\/tie-products.com\/fr\/produkt\/broadcast-mic\/\" \/>\n<meta property=\"og:locale\" content=\"fr_FR\" \/>\n<meta property=\"og:type\" content=\"article\" \/>\n<meta property=\"og:title\" content=\"Broadcast Mic - E-Commerce-Revolution\" \/>\n<meta property=\"og:description\" content=\"TIE Studio \u2013 Microphone de diffusion puissant avec 3,5 mm mini-jack Le Microphone de diffusion TIE Studio est un microphone de table \u00e0 condensateur polyvalent pour le podcasting, You Tube Vloggig et les enregistrements sonores au travail. Un outil id\u00e9al pour l\u2019entr\u00e9e de la parole dans les appels Skype, dans les jeux ou l\u2019enregistrement de [&hellip;]\" \/>\n<meta property=\"og:url\" content=\"https:\/\/tie-products.com\/fr\/produkt\/broadcast-mic\/\" \/>\n<meta property=\"og:site_name\" content=\"E-Commerce-Revolution\" \/>\n<meta property=\"article:modified_time\" content=\"2021-01-27T09:03:53+00:00\" \/>\n<meta property=\"og:image\" content=\"https:\/\/tie-products.com\/wp-content\/uploads\/2018\/09\/19-90026-TIE-STUDIO-Broadcast-Mic.jpg\" \/>\n\t<meta property=\"og:image:width\" content=\"1024\" \/>\n\t<meta property=\"og:image:height\" content=\"1024\" \/>\n\t<meta property=\"og:image:type\" content=\"image\/jpeg\" \/>\n<meta name=\"twitter:card\" content=\"summary_large_image\" \/>\n<meta name=\"twitter:label1\" content=\"Dur\u00e9e de lecture estim\u00e9e\" \/>\n\t<meta name=\"twitter:data1\" content=\"1 minute\" \/>\n<script type=\"application\/ld+json\" class=\"yoast-schema-graph\">{\"@context\":\"https:\/\/schema.org\",\"@graph\":[{\"@type\":\"WebPage\",\"@id\":\"https:\/\/tie-products.com\/fr\/produkt\/broadcast-mic\/\",\"url\":\"https:\/\/tie-products.com\/fr\/produkt\/broadcast-mic\/\",\"name\":\"Broadcast Mic - E-Commerce-Revolution\",\"isPartOf\":{\"@id\":\"https:\/\/tie-products.com\/pl\/#website\"},\"primaryImageOfPage\":{\"@id\":\"https:\/\/tie-products.com\/fr\/produkt\/broadcast-mic\/#primaryimage\"},\"image\":{\"@id\":\"https:\/\/tie-products.com\/fr\/produkt\/broadcast-mic\/#primaryimage\"},\"thumbnailUrl\":\"https:\/\/tie-products.com\/wp-content\/uploads\/2018\/09\/19-90026-TIE-STUDIO-Broadcast-Mic.jpg\",\"datePublished\":\"2019-02-16T20:06:09+00:00\",\"dateModified\":\"2021-01-27T09:03:53+00:00\",\"breadcrumb\":{\"@id\":\"https:\/\/tie-products.com\/fr\/produkt\/broadcast-mic\/#breadcrumb\"},\"inLanguage\":\"fr-FR\",\"potentialAction\":[{\"@type\":\"ReadAction\",\"target\":[\"https:\/\/tie-products.com\/fr\/produkt\/broadcast-mic\/\"]}]},{\"@type\":\"ImageObject\",\"inLanguage\":\"fr-FR\",\"@id\":\"https:\/\/tie-products.com\/fr\/produkt\/broadcast-mic\/#primaryimage\",\"url\":\"https:\/\/tie-products.com\/wp-content\/uploads\/2018\/09\/19-90026-TIE-STUDIO-Broadcast-Mic.jpg\",\"contentUrl\":\"https:\/\/tie-products.com\/wp-content\/uploads\/2018\/09\/19-90026-TIE-STUDIO-Broadcast-Mic.jpg\",\"width\":1024,\"height\":1024},{\"@type\":\"BreadcrumbList\",\"@id\":\"https:\/\/tie-products.com\/fr\/produkt\/broadcast-mic\/#breadcrumb\",\"itemListElement\":[{\"@type\":\"ListItem\",\"position\":1,\"name\":\"Home\",\"item\":\"https:\/\/tie-products.com\/fr\/\"},{\"@type\":\"ListItem\",\"position\":2,\"name\":\"Shop\",\"item\":\"https:\/\/tie-products.com\/shop\/\"},{\"@type\":\"ListItem\",\"position\":3,\"name\":\"Broadcast Mic\"}]},{\"@type\":\"WebSite\",\"@id\":\"https:\/\/tie-products.com\/pl\/#website\",\"url\":\"https:\/\/tie-products.com\/pl\/\",\"name\":\"E-Commerce-Revolution\",\"description\":\"Just another WordPress site\",\"potentialAction\":[{\"@type\":\"SearchAction\",\"target\":{\"@type\":\"EntryPoint\",\"urlTemplate\":\"https:\/\/tie-products.com\/pl\/?s={search_term_string}\"},\"query-input\":{\"@type\":\"PropertyValueSpecification\",\"valueRequired\":true,\"valueName\":\"search_term_string\"}}],\"inLanguage\":\"fr-FR\"}]}<\/script>\n<!-- \/ Yoast SEO plugin. -->","yoast_head_json":{"title":"Broadcast Mic - E-Commerce-Revolution","robots":{"index":"index","follow":"follow","max-snippet":"max-snippet:-1","max-image-preview":"max-image-preview:large","max-video-preview":"max-video-preview:-1"},"canonical":"https:\/\/tie-products.com\/fr\/produkt\/broadcast-mic\/","og_locale":"fr_FR","og_type":"article","og_title":"Broadcast Mic - E-Commerce-Revolution","og_description":"TIE Studio \u2013 Microphone de diffusion puissant avec 3,5 mm mini-jack Le Microphone de diffusion TIE Studio est un microphone de table \u00e0 condensateur polyvalent pour le podcasting, You Tube Vloggig et les enregistrements sonores au travail. Un outil id\u00e9al pour l\u2019entr\u00e9e de la parole dans les appels Skype, dans les jeux ou l\u2019enregistrement de [&hellip;]","og_url":"https:\/\/tie-products.com\/fr\/produkt\/broadcast-mic\/","og_site_name":"E-Commerce-Revolution","article_modified_time":"2021-01-27T09:03:53+00:00","og_image":[{"width":1024,"height":1024,"url":"https:\/\/tie-products.com\/wp-content\/uploads\/2018\/09\/19-90026-TIE-STUDIO-Broadcast-Mic.jpg","type":"image\/jpeg"}],"twitter_card":"summary_large_image","twitter_misc":{"Dur\u00e9e de lecture estim\u00e9e":"1 minute"},"schema":{"@context":"https:\/\/schema.org","@graph":[{"@type":"WebPage","@id":"https:\/\/tie-products.com\/fr\/produkt\/broadcast-mic\/","url":"https:\/\/tie-products.com\/fr\/produkt\/broadcast-mic\/","name":"Broadcast Mic - E-Commerce-Revolution","isPartOf":{"@id":"https:\/\/tie-products.com\/pl\/#website"},"primaryImageOfPage":{"@id":"https:\/\/tie-products.com\/fr\/produkt\/broadcast-mic\/#primaryimage"},"image":{"@id":"https:\/\/tie-products.com\/fr\/produkt\/broadcast-mic\/#primaryimage"},"thumbnailUrl":"https:\/\/tie-products.com\/wp-content\/uploads\/2018\/09\/19-90026-TIE-STUDIO-Broadcast-Mic.jpg","datePublished":"2019-02-16T20:06:09+00:00","dateModified":"2021-01-27T09:03:53+00:00","breadcrumb":{"@id":"https:\/\/tie-products.com\/fr\/produkt\/broadcast-mic\/#breadcrumb"},"inLanguage":"fr-FR","potentialAction":[{"@type":"ReadAction","target":["https:\/\/tie-products.com\/fr\/produkt\/broadcast-mic\/"]}]},{"@type":"ImageObject","inLanguage":"fr-FR","@id":"https:\/\/tie-products.com\/fr\/produkt\/broadcast-mic\/#primaryimage","url":"https:\/\/tie-products.com\/wp-content\/uploads\/2018\/09\/19-90026-TIE-STUDIO-Broadcast-Mic.jpg","contentUrl":"https:\/\/tie-products.com\/wp-content\/uploads\/2018\/09\/19-90026-TIE-STUDIO-Broadcast-Mic.jpg","width":1024,"height":1024},{"@type":"BreadcrumbList","@id":"https:\/\/tie-products.com\/fr\/produkt\/broadcast-mic\/#breadcrumb","itemListElement":[{"@type":"ListItem","position":1,"name":"Home","item":"https:\/\/tie-products.com\/fr\/"},{"@type":"ListItem","position":2,"name":"Shop","item":"https:\/\/tie-products.com\/shop\/"},{"@type":"ListItem","position":3,"name":"Broadcast Mic"}]},{"@type":"WebSite","@id":"https:\/\/tie-products.com\/pl\/#website","url":"https:\/\/tie-products.com\/pl\/","name":"E-Commerce-Revolution","description":"Just another WordPress site","potentialAction":[{"@type":"SearchAction","target":{"@type":"EntryPoint","urlTemplate":"https:\/\/tie-products.com\/pl\/?s={search_term_string}"},"query-input":{"@type":"PropertyValueSpecification","valueRequired":true,"valueName":"search_term_string"}}],"inLanguage":"fr-FR"}]}},"_links":{"self":[{"href":"https:\/\/tie-products.com\/fr\/wp-json\/wp\/v2\/product\/11411","targetHints":{"allow":["GET"]}}],"collection":[{"href":"https:\/\/tie-products.com\/fr\/wp-json\/wp\/v2\/product"}],"about":[{"href":"https:\/\/tie-products.com\/fr\/wp-json\/wp\/v2\/types\/product"}],"wp:featuredmedia":[{"embeddable":true,"href":"https:\/\/tie-products.com\/fr\/wp-json\/wp\/v2\/media\/11412"}],"wp:attachment":[{"href":"https:\/\/tie-products.com\/fr\/wp-json\/wp\/v2\/media?parent=11411"}],"wp:term":[{"taxonomy":"product_brand","embeddable":true,"href":"https:\/\/tie-products.com\/fr\/wp-json\/wp\/v2\/product_brand?post=11411"},{"taxonomy":"product_cat","embeddable":true,"href":"https:\/\/tie-products.com\/fr\/wp-json\/wp\/v2\/product_cat?post=11411"},{"taxonomy":"product_tag","embeddable":true,"href":"https:\/\/tie-products.com\/fr\/wp-json\/wp\/v2\/product_tag?post=11411"}],"curies":[{"name":"wp","href":"https:\/\/api.w.org\/{rel}","templated":true}]}}