{"id":11393,"date":"2019-02-16T21:06:05","date_gmt":"2019-02-16T20:06:05","guid":{"rendered":"https:\/\/tie-products.netzspitze.cloud\/produkt\/condenser-mic-usb-black\/"},"modified":"2021-01-27T09:01:21","modified_gmt":"2021-01-27T09:01:21","slug":"condenser-mic-usb-black","status":"publish","type":"product","link":"https:\/\/tie-products.com\/fr\/produkt\/condenser-mic-usb-black\/","title":{"rendered":"Condenser Mic USB black"},"content":{"rendered":"\n\t\t<style type=\"text\/css\">\n\t\t\t#gallery-1 {\n\t\t\t\tmargin: auto;\n\t\t\t}\n\t\t\t#gallery-1 .gallery-item {\n\t\t\t\tfloat: left;\n\t\t\t\tmargin-top: 10px;\n\t\t\t\ttext-align: center;\n\t\t\t\twidth: 33%;\n\t\t\t}\n\t\t\t#gallery-1 img {\n\t\t\t\tborder: 2px solid #cfcfcf;\n\t\t\t}\n\t\t\t#gallery-1 .gallery-caption {\n\t\t\t\tmargin-left: 0;\n\t\t\t}\n\t\t\t\/* see gallery_shortcode() in wp-includes\/media.php *\/\n\t\t<\/style>\n\t\t<div id='gallery-1' class='gallery galleryid-11393 gallery-columns-3 gallery-size-thumbnail'><dl class='gallery-item'>\n\t\t\t<dt class='gallery-icon portrait'>\n\t\t\t\t<a href='https:\/\/tie-products.com\/fr\/?attachment_id=10859'><img loading=\"lazy\" decoding=\"async\" width=\"80\" height=\"80\" src=\"https:\/\/tie-products.com\/wp-content\/uploads\/2018\/09\/19-90012-TIE-STUDIO-Condensor-Mic-USB-black1-80x80.jpg\" class=\"attachment-thumbnail size-thumbnail\" alt=\"\" aria-describedby=\"gallery-1-10859\" srcset=\"https:\/\/tie-products.com\/wp-content\/uploads\/2018\/09\/19-90012-TIE-STUDIO-Condensor-Mic-USB-black1-80x80.jpg 80w, https:\/\/tie-products.com\/wp-content\/uploads\/2018\/09\/19-90012-TIE-STUDIO-Condensor-Mic-USB-black1-300x300.jpg 300w, https:\/\/tie-products.com\/wp-content\/uploads\/2018\/09\/19-90012-TIE-STUDIO-Condensor-Mic-USB-black1-100x100.jpg 100w, https:\/\/tie-products.com\/wp-content\/uploads\/2018\/09\/19-90012-TIE-STUDIO-Condensor-Mic-USB-black1-600x604.jpg 600w, https:\/\/tie-products.com\/wp-content\/uploads\/2018\/09\/19-90012-TIE-STUDIO-Condensor-Mic-USB-black1-298x300.jpg 298w, https:\/\/tie-products.com\/wp-content\/uploads\/2018\/09\/19-90012-TIE-STUDIO-Condensor-Mic-USB-black1-768x773.jpg 768w, https:\/\/tie-products.com\/wp-content\/uploads\/2018\/09\/19-90012-TIE-STUDIO-Condensor-Mic-USB-black1-36x36.jpg 36w, https:\/\/tie-products.com\/wp-content\/uploads\/2018\/09\/19-90012-TIE-STUDIO-Condensor-Mic-USB-black1-180x180.jpg 180w, https:\/\/tie-products.com\/wp-content\/uploads\/2018\/09\/19-90012-TIE-STUDIO-Condensor-Mic-USB-black1-701x705.jpg 701w, https:\/\/tie-products.com\/wp-content\/uploads\/2018\/09\/19-90012-TIE-STUDIO-Condensor-Mic-USB-black1.jpg 1024w\" sizes=\"auto, (max-width: 80px) 100vw, 80px\" \/><\/a>\n\t\t\t<\/dt>\n\t\t\t\t<dd class='wp-caption-text gallery-caption' id='gallery-1-10859'>\n\t\t\t\tCondenser Mic USB black\n\t\t\t\t<\/dd><\/dl><dl class='gallery-item'>\n\t\t\t<dt class='gallery-icon landscape'>\n\t\t\t\t<a href='https:\/\/tie-products.com\/fr\/?attachment_id=10860'><img loading=\"lazy\" decoding=\"async\" width=\"80\" height=\"80\" src=\"https:\/\/tie-products.com\/wp-content\/uploads\/2018\/09\/19-90012-TIE-STUDIO-Condensor-Mic-USB-black3-80x80.jpg\" class=\"attachment-thumbnail size-thumbnail\" alt=\"\" aria-describedby=\"gallery-1-10860\" srcset=\"https:\/\/tie-products.com\/wp-content\/uploads\/2018\/09\/19-90012-TIE-STUDIO-Condensor-Mic-USB-black3-80x80.jpg 80w, https:\/\/tie-products.com\/wp-content\/uploads\/2018\/09\/19-90012-TIE-STUDIO-Condensor-Mic-USB-black3-300x300.jpg 300w, https:\/\/tie-products.com\/wp-content\/uploads\/2018\/09\/19-90012-TIE-STUDIO-Condensor-Mic-USB-black3-100x100.jpg 100w, https:\/\/tie-products.com\/wp-content\/uploads\/2018\/09\/19-90012-TIE-STUDIO-Condensor-Mic-USB-black3-600x600.jpg 600w, https:\/\/tie-products.com\/wp-content\/uploads\/2018\/09\/19-90012-TIE-STUDIO-Condensor-Mic-USB-black3-768x768.jpg 768w, https:\/\/tie-products.com\/wp-content\/uploads\/2018\/09\/19-90012-TIE-STUDIO-Condensor-Mic-USB-black3-36x36.jpg 36w, https:\/\/tie-products.com\/wp-content\/uploads\/2018\/09\/19-90012-TIE-STUDIO-Condensor-Mic-USB-black3-180x180.jpg 180w, https:\/\/tie-products.com\/wp-content\/uploads\/2018\/09\/19-90012-TIE-STUDIO-Condensor-Mic-USB-black3-705x705.jpg 705w, https:\/\/tie-products.com\/wp-content\/uploads\/2018\/09\/19-90012-TIE-STUDIO-Condensor-Mic-USB-black3.jpg 1024w\" sizes=\"auto, (max-width: 80px) 100vw, 80px\" \/><\/a>\n\t\t\t<\/dt>\n\t\t\t\t<dd class='wp-caption-text gallery-caption' id='gallery-1-10860'>\n\t\t\t\tCondenser Mic USB black\n\t\t\t\t<\/dd><\/dl><dl class='gallery-item'>\n\t\t\t<dt class='gallery-icon landscape'>\n\t\t\t\t<a href='https:\/\/tie-products.com\/fr\/?attachment_id=9754'><img loading=\"lazy\" decoding=\"async\" width=\"80\" height=\"80\" src=\"https:\/\/tie-products.com\/wp-content\/uploads\/2016\/05\/19-90012-TIE-STUDIO-Condensor-Mic-USB-black-mockup-80x80.jpg\" class=\"attachment-thumbnail size-thumbnail\" alt=\"\" aria-describedby=\"gallery-1-9754\" srcset=\"https:\/\/tie-products.com\/wp-content\/uploads\/2016\/05\/19-90012-TIE-STUDIO-Condensor-Mic-USB-black-mockup-80x80.jpg 80w, https:\/\/tie-products.com\/wp-content\/uploads\/2016\/05\/19-90012-TIE-STUDIO-Condensor-Mic-USB-black-mockup-300x300.jpg 300w, https:\/\/tie-products.com\/wp-content\/uploads\/2016\/05\/19-90012-TIE-STUDIO-Condensor-Mic-USB-black-mockup-100x100.jpg 100w, https:\/\/tie-products.com\/wp-content\/uploads\/2016\/05\/19-90012-TIE-STUDIO-Condensor-Mic-USB-black-mockup-600x600.jpg 600w, https:\/\/tie-products.com\/wp-content\/uploads\/2016\/05\/19-90012-TIE-STUDIO-Condensor-Mic-USB-black-mockup-768x768.jpg 768w, https:\/\/tie-products.com\/wp-content\/uploads\/2016\/05\/19-90012-TIE-STUDIO-Condensor-Mic-USB-black-mockup-36x36.jpg 36w, https:\/\/tie-products.com\/wp-content\/uploads\/2016\/05\/19-90012-TIE-STUDIO-Condensor-Mic-USB-black-mockup-180x180.jpg 180w, https:\/\/tie-products.com\/wp-content\/uploads\/2016\/05\/19-90012-TIE-STUDIO-Condensor-Mic-USB-black-mockup-705x705.jpg 705w, https:\/\/tie-products.com\/wp-content\/uploads\/2016\/05\/19-90012-TIE-STUDIO-Condensor-Mic-USB-black-mockup.jpg 1024w\" sizes=\"auto, (max-width: 80px) 100vw, 80px\" \/><\/a>\n\t\t\t<\/dt>\n\t\t\t\t<dd class='wp-caption-text gallery-caption' id='gallery-1-9754'>\n\t\t\t\tCondenser Mic USB black\n\t\t\t\t<\/dd><\/dl><br style=\"clear: both\" \/>\n\t\t<\/div>\n\n<p><strong>Micro studio condenseur<\/strong><br \/>\nSon son clair et naturel rend le microphone USB TIE studio Condenser id\u00e9al pour les productions de podcast, les pr\u00e9sentations multim\u00e9dias et autres studio ou des applications d\u2019enregistrement mobile. Il est \u00e9quip\u00e9 d\u2019un port USB, ce qui \u00e9vite l\u2019achat d\u2019une interface audio suppl\u00e9mentaire et d\u2019une alimentation externe. La technologie \u00e0 large diaphragme du microphone USB TIE studio Condenser assure la qualit\u00e9 m\u00eame en utilisation en studio.<\/p>\n<p>Caract\u00e9ristiques:<\/p>\n<ul>\n<li>Microphone Studio USB \u00e0 large diaphragme<\/li>\n<li>Diagramme polaire: cardio\u00efde ou 8<\/li>\n<li>Port USB pour un fonctionnement direct sur l\u2019ordinateur<\/li>\n<li>Gamme de fr\u00e9quences: 20 Hz \u2013 20 kHz<\/li>\n<li>Class Compliant pour MAC et PC<\/li>\n<li>Aucun pilote suppl\u00e9mentaire n\u00e9cessaire<\/li>\n<li>Alimentation fant\u00f4me via le port USB<\/li>\n<li>SPL max: 134 dB (SPL)<\/li>\n<li>Sensibilit\u00e9: -42 dBV \/ Pa (7,9 mV)<\/li>\n<li>Couleur: Noir<\/li>\n<li>Sont inclus l\u2019Araign\u00e9e et le c\u00e2ble USB<\/li>\n<li>Aliment\u00e9 par USB<\/li>\n<li>Poids:\u00a0280 g<\/li>\n<\/ul>\n<p><iframe loading=\"lazy\" src=\"https:\/\/www.youtube.com\/embed\/bMTKzGpv6XU\" width=\"560\" height=\"315\" frameborder=\"0\" allowfullscreen=\"allowfullscreen\"><\/iframe><\/p>\n<p><iframe loading=\"lazy\" src=\"https:\/\/www.youtube.com\/embed\/twou5kNdM64\" width=\"560\" height=\"315\" frameborder=\"0\" allowfullscreen=\"allowfullscreen\"><\/iframe><\/p>\n","protected":false},"excerpt":{"rendered":"<p>Micro studio condenseur Son son clair et naturel rend le microphone USB TIE studio Condenser id\u00e9al pour les productions de podcast, les pr\u00e9sentations multim\u00e9dias et autres studio ou des applications d\u2019enregistrement mobile. Il est \u00e9quip\u00e9 d\u2019un port USB, ce qui \u00e9vite l\u2019achat d\u2019une interface audio suppl\u00e9mentaire et d\u2019une alimentation externe. La technologie \u00e0 large diaphragme [&hellip;]<\/p>\n","protected":false},"featured_media":11394,"template":"","meta":[],"product_brand":[],"product_cat":[24,25],"product_tag":[],"class_list":{"0":"post-11393","1":"product","2":"type-product","3":"status-publish","4":"has-post-thumbnail","6":"product_cat-tie","7":"product_cat-tie-studio","9":"first","10":"instock","11":"purchasable","12":"product-type-simple"},"yoast_head":"<!-- This site is optimized with the Yoast SEO plugin v25.0 - https:\/\/yoast.com\/wordpress\/plugins\/seo\/ -->\n<title>Condenser Mic USB black - E-Commerce-Revolution<\/title>\n<meta name=\"robots\" content=\"index, follow, max-snippet:-1, max-image-preview:large, max-video-preview:-1\" \/>\n<link rel=\"canonical\" href=\"https:\/\/tie-products.com\/fr\/produkt\/condenser-mic-usb-black\/\" \/>\n<meta property=\"og:locale\" content=\"fr_FR\" \/>\n<meta property=\"og:type\" content=\"article\" \/>\n<meta property=\"og:title\" content=\"Condenser Mic USB black - E-Commerce-Revolution\" \/>\n<meta property=\"og:description\" content=\"Micro studio condenseur Son son clair et naturel rend le microphone USB TIE studio Condenser id\u00e9al pour les productions de podcast, les pr\u00e9sentations multim\u00e9dias et autres studio ou des applications d\u2019enregistrement mobile. Il est \u00e9quip\u00e9 d\u2019un port USB, ce qui \u00e9vite l\u2019achat d\u2019une interface audio suppl\u00e9mentaire et d\u2019une alimentation externe. La technologie \u00e0 large diaphragme [&hellip;]\" \/>\n<meta property=\"og:url\" content=\"https:\/\/tie-products.com\/fr\/produkt\/condenser-mic-usb-black\/\" \/>\n<meta property=\"og:site_name\" content=\"E-Commerce-Revolution\" \/>\n<meta property=\"article:modified_time\" content=\"2021-01-27T09:01:21+00:00\" \/>\n<meta property=\"og:image\" content=\"https:\/\/tie-products.com\/wp-content\/uploads\/2018\/09\/19-90012-TIE-STUDIO-Condensor-Mic-USB-black.jpg\" \/>\n\t<meta property=\"og:image:width\" content=\"1024\" \/>\n\t<meta property=\"og:image:height\" content=\"1024\" \/>\n\t<meta property=\"og:image:type\" content=\"image\/jpeg\" \/>\n<meta name=\"twitter:card\" content=\"summary_large_image\" \/>\n<meta name=\"twitter:label1\" content=\"Dur\u00e9e de lecture estim\u00e9e\" \/>\n\t<meta name=\"twitter:data1\" content=\"1 minute\" \/>\n<script type=\"application\/ld+json\" class=\"yoast-schema-graph\">{\"@context\":\"https:\/\/schema.org\",\"@graph\":[{\"@type\":\"WebPage\",\"@id\":\"https:\/\/tie-products.com\/fr\/produkt\/condenser-mic-usb-black\/\",\"url\":\"https:\/\/tie-products.com\/fr\/produkt\/condenser-mic-usb-black\/\",\"name\":\"Condenser Mic USB black - E-Commerce-Revolution\",\"isPartOf\":{\"@id\":\"https:\/\/tie-products.com\/pl\/#website\"},\"primaryImageOfPage\":{\"@id\":\"https:\/\/tie-products.com\/fr\/produkt\/condenser-mic-usb-black\/#primaryimage\"},\"image\":{\"@id\":\"https:\/\/tie-products.com\/fr\/produkt\/condenser-mic-usb-black\/#primaryimage\"},\"thumbnailUrl\":\"https:\/\/tie-products.com\/wp-content\/uploads\/2018\/09\/19-90012-TIE-STUDIO-Condensor-Mic-USB-black.jpg\",\"datePublished\":\"2019-02-16T20:06:05+00:00\",\"dateModified\":\"2021-01-27T09:01:21+00:00\",\"breadcrumb\":{\"@id\":\"https:\/\/tie-products.com\/fr\/produkt\/condenser-mic-usb-black\/#breadcrumb\"},\"inLanguage\":\"fr-FR\",\"potentialAction\":[{\"@type\":\"ReadAction\",\"target\":[\"https:\/\/tie-products.com\/fr\/produkt\/condenser-mic-usb-black\/\"]}]},{\"@type\":\"ImageObject\",\"inLanguage\":\"fr-FR\",\"@id\":\"https:\/\/tie-products.com\/fr\/produkt\/condenser-mic-usb-black\/#primaryimage\",\"url\":\"https:\/\/tie-products.com\/wp-content\/uploads\/2018\/09\/19-90012-TIE-STUDIO-Condensor-Mic-USB-black.jpg\",\"contentUrl\":\"https:\/\/tie-products.com\/wp-content\/uploads\/2018\/09\/19-90012-TIE-STUDIO-Condensor-Mic-USB-black.jpg\",\"width\":1024,\"height\":1024},{\"@type\":\"BreadcrumbList\",\"@id\":\"https:\/\/tie-products.com\/fr\/produkt\/condenser-mic-usb-black\/#breadcrumb\",\"itemListElement\":[{\"@type\":\"ListItem\",\"position\":1,\"name\":\"Home\",\"item\":\"https:\/\/tie-products.com\/fr\/\"},{\"@type\":\"ListItem\",\"position\":2,\"name\":\"Shop\",\"item\":\"https:\/\/tie-products.com\/shop\/\"},{\"@type\":\"ListItem\",\"position\":3,\"name\":\"Condenser Mic USB black\"}]},{\"@type\":\"WebSite\",\"@id\":\"https:\/\/tie-products.com\/pl\/#website\",\"url\":\"https:\/\/tie-products.com\/pl\/\",\"name\":\"E-Commerce-Revolution\",\"description\":\"Just another WordPress site\",\"potentialAction\":[{\"@type\":\"SearchAction\",\"target\":{\"@type\":\"EntryPoint\",\"urlTemplate\":\"https:\/\/tie-products.com\/pl\/?s={search_term_string}\"},\"query-input\":{\"@type\":\"PropertyValueSpecification\",\"valueRequired\":true,\"valueName\":\"search_term_string\"}}],\"inLanguage\":\"fr-FR\"}]}<\/script>\n<!-- \/ Yoast SEO plugin. -->","yoast_head_json":{"title":"Condenser Mic USB black - E-Commerce-Revolution","robots":{"index":"index","follow":"follow","max-snippet":"max-snippet:-1","max-image-preview":"max-image-preview:large","max-video-preview":"max-video-preview:-1"},"canonical":"https:\/\/tie-products.com\/fr\/produkt\/condenser-mic-usb-black\/","og_locale":"fr_FR","og_type":"article","og_title":"Condenser Mic USB black - E-Commerce-Revolution","og_description":"Micro studio condenseur Son son clair et naturel rend le microphone USB TIE studio Condenser id\u00e9al pour les productions de podcast, les pr\u00e9sentations multim\u00e9dias et autres studio ou des applications d\u2019enregistrement mobile. Il est \u00e9quip\u00e9 d\u2019un port USB, ce qui \u00e9vite l\u2019achat d\u2019une interface audio suppl\u00e9mentaire et d\u2019une alimentation externe. La technologie \u00e0 large diaphragme [&hellip;]","og_url":"https:\/\/tie-products.com\/fr\/produkt\/condenser-mic-usb-black\/","og_site_name":"E-Commerce-Revolution","article_modified_time":"2021-01-27T09:01:21+00:00","og_image":[{"width":1024,"height":1024,"url":"https:\/\/tie-products.com\/wp-content\/uploads\/2018\/09\/19-90012-TIE-STUDIO-Condensor-Mic-USB-black.jpg","type":"image\/jpeg"}],"twitter_card":"summary_large_image","twitter_misc":{"Dur\u00e9e de lecture estim\u00e9e":"1 minute"},"schema":{"@context":"https:\/\/schema.org","@graph":[{"@type":"WebPage","@id":"https:\/\/tie-products.com\/fr\/produkt\/condenser-mic-usb-black\/","url":"https:\/\/tie-products.com\/fr\/produkt\/condenser-mic-usb-black\/","name":"Condenser Mic USB black - E-Commerce-Revolution","isPartOf":{"@id":"https:\/\/tie-products.com\/pl\/#website"},"primaryImageOfPage":{"@id":"https:\/\/tie-products.com\/fr\/produkt\/condenser-mic-usb-black\/#primaryimage"},"image":{"@id":"https:\/\/tie-products.com\/fr\/produkt\/condenser-mic-usb-black\/#primaryimage"},"thumbnailUrl":"https:\/\/tie-products.com\/wp-content\/uploads\/2018\/09\/19-90012-TIE-STUDIO-Condensor-Mic-USB-black.jpg","datePublished":"2019-02-16T20:06:05+00:00","dateModified":"2021-01-27T09:01:21+00:00","breadcrumb":{"@id":"https:\/\/tie-products.com\/fr\/produkt\/condenser-mic-usb-black\/#breadcrumb"},"inLanguage":"fr-FR","potentialAction":[{"@type":"ReadAction","target":["https:\/\/tie-products.com\/fr\/produkt\/condenser-mic-usb-black\/"]}]},{"@type":"ImageObject","inLanguage":"fr-FR","@id":"https:\/\/tie-products.com\/fr\/produkt\/condenser-mic-usb-black\/#primaryimage","url":"https:\/\/tie-products.com\/wp-content\/uploads\/2018\/09\/19-90012-TIE-STUDIO-Condensor-Mic-USB-black.jpg","contentUrl":"https:\/\/tie-products.com\/wp-content\/uploads\/2018\/09\/19-90012-TIE-STUDIO-Condensor-Mic-USB-black.jpg","width":1024,"height":1024},{"@type":"BreadcrumbList","@id":"https:\/\/tie-products.com\/fr\/produkt\/condenser-mic-usb-black\/#breadcrumb","itemListElement":[{"@type":"ListItem","position":1,"name":"Home","item":"https:\/\/tie-products.com\/fr\/"},{"@type":"ListItem","position":2,"name":"Shop","item":"https:\/\/tie-products.com\/shop\/"},{"@type":"ListItem","position":3,"name":"Condenser Mic USB black"}]},{"@type":"WebSite","@id":"https:\/\/tie-products.com\/pl\/#website","url":"https:\/\/tie-products.com\/pl\/","name":"E-Commerce-Revolution","description":"Just another WordPress site","potentialAction":[{"@type":"SearchAction","target":{"@type":"EntryPoint","urlTemplate":"https:\/\/tie-products.com\/pl\/?s={search_term_string}"},"query-input":{"@type":"PropertyValueSpecification","valueRequired":true,"valueName":"search_term_string"}}],"inLanguage":"fr-FR"}]}},"_links":{"self":[{"href":"https:\/\/tie-products.com\/fr\/wp-json\/wp\/v2\/product\/11393","targetHints":{"allow":["GET"]}}],"collection":[{"href":"https:\/\/tie-products.com\/fr\/wp-json\/wp\/v2\/product"}],"about":[{"href":"https:\/\/tie-products.com\/fr\/wp-json\/wp\/v2\/types\/product"}],"wp:featuredmedia":[{"embeddable":true,"href":"https:\/\/tie-products.com\/fr\/wp-json\/wp\/v2\/media\/11394"}],"wp:attachment":[{"href":"https:\/\/tie-products.com\/fr\/wp-json\/wp\/v2\/media?parent=11393"}],"wp:term":[{"taxonomy":"product_brand","embeddable":true,"href":"https:\/\/tie-products.com\/fr\/wp-json\/wp\/v2\/product_brand?post=11393"},{"taxonomy":"product_cat","embeddable":true,"href":"https:\/\/tie-products.com\/fr\/wp-json\/wp\/v2\/product_cat?post=11393"},{"taxonomy":"product_tag","embeddable":true,"href":"https:\/\/tie-products.com\/fr\/wp-json\/wp\/v2\/product_tag?post=11393"}],"curies":[{"name":"wp","href":"https:\/\/api.w.org\/{rel}","templated":true}]}}