{"id":11385,"date":"2019-02-16T21:06:10","date_gmt":"2019-02-16T20:06:10","guid":{"rendered":"https:\/\/tie-products.netzspitze.cloud\/produkt\/usb-desktop-condenser-mic-supernova-tur88\/"},"modified":"2021-02-21T16:13:30","modified_gmt":"2021-02-21T16:13:30","slug":"usb-desktop-condenser-mic-supernova-tur88","status":"publish","type":"product","link":"https:\/\/tie-products.com\/fr\/produkt\/usb-desktop-condenser-mic-supernova-tur88\/","title":{"rendered":"USB Desktop Condenser Mic Supernova (TUR88)"},"content":{"rendered":"<p>Le TUR88 est un microphone USB dot\u00e9 de plusieurs m\u00e9moires dans un bo\u00eetier m\u00e9tallique moderne, mais robuste, qui combine 3 capsules et 4 r\u00e9glages de motifs de polarit\u00e9 diff\u00e9rents. C\u2018est le choix id\u00e9al pour le podcasting, le screencasting, les enregistrements de base de toute communication en temps r\u00e9el en haute qualit\u00e9 audio \u2013 que vous soyez nouveau sur le streaming ou un utilisateur exp\u00e9riment\u00e9. TUR88 dispose d\u2018un amplificateur de casque int\u00e9gr\u00e9 avec un jack de sortie standard de 3,5 mm qui b\u00e9n\u00e9 cie d\u2019un temps de latence nulle. Vous pouvez ajuster rapidement le gain de microphone, les mod\u00e8les de polarit\u00e9 et le volume des \u00e9couteurs pour une exp\u00e9rience optimale d\u2018enregistrement avec les boutons de commande hors du bo\u00eetier.<\/p>\n<p>&nbsp;<\/p>\n\n\t\t<style type=\"text\/css\">\n\t\t\t#gallery-1 {\n\t\t\t\tmargin: auto;\n\t\t\t}\n\t\t\t#gallery-1 .gallery-item {\n\t\t\t\tfloat: left;\n\t\t\t\tmargin-top: 10px;\n\t\t\t\ttext-align: center;\n\t\t\t\twidth: 25%;\n\t\t\t}\n\t\t\t#gallery-1 img {\n\t\t\t\tborder: 2px solid #cfcfcf;\n\t\t\t}\n\t\t\t#gallery-1 .gallery-caption {\n\t\t\t\tmargin-left: 0;\n\t\t\t}\n\t\t\t\/* see gallery_shortcode() in wp-includes\/media.php *\/\n\t\t<\/style>\n\t\t<div id='gallery-1' class='gallery galleryid-11385 gallery-columns-4 gallery-size-medium'><dl class='gallery-item'>\n\t\t\t<dt class='gallery-icon landscape'>\n\t\t\t\t<a href='https:\/\/tie-products.com\/fr\/?attachment_id=12196'><img loading=\"lazy\" decoding=\"async\" width=\"300\" height=\"300\" src=\"https:\/\/tie-products.com\/wp-content\/uploads\/2021\/02\/TIE_TUR88-Lifestyle-5-300x300.jpg\" class=\"attachment-medium size-medium\" alt=\"\" srcset=\"https:\/\/tie-products.com\/wp-content\/uploads\/2021\/02\/TIE_TUR88-Lifestyle-5-300x300.jpg 300w, https:\/\/tie-products.com\/wp-content\/uploads\/2021\/02\/TIE_TUR88-Lifestyle-5-100x100.jpg 100w, https:\/\/tie-products.com\/wp-content\/uploads\/2021\/02\/TIE_TUR88-Lifestyle-5-600x600.jpg 600w, https:\/\/tie-products.com\/wp-content\/uploads\/2021\/02\/TIE_TUR88-Lifestyle-5-1030x1030.jpg 1030w, https:\/\/tie-products.com\/wp-content\/uploads\/2021\/02\/TIE_TUR88-Lifestyle-5-80x80.jpg 80w, https:\/\/tie-products.com\/wp-content\/uploads\/2021\/02\/TIE_TUR88-Lifestyle-5-768x768.jpg 768w, https:\/\/tie-products.com\/wp-content\/uploads\/2021\/02\/TIE_TUR88-Lifestyle-5-36x36.jpg 36w, https:\/\/tie-products.com\/wp-content\/uploads\/2021\/02\/TIE_TUR88-Lifestyle-5-180x180.jpg 180w, https:\/\/tie-products.com\/wp-content\/uploads\/2021\/02\/TIE_TUR88-Lifestyle-5.jpg 1500w, https:\/\/tie-products.com\/wp-content\/uploads\/2021\/02\/TIE_TUR88-Lifestyle-5-705x705.jpg 705w\" sizes=\"auto, (max-width: 300px) 100vw, 300px\" \/><\/a>\n\t\t\t<\/dt><\/dl><dl class='gallery-item'>\n\t\t\t<dt class='gallery-icon landscape'>\n\t\t\t\t<a href='https:\/\/tie-products.com\/fr\/?attachment_id=12188'><img loading=\"lazy\" decoding=\"async\" width=\"300\" height=\"300\" src=\"https:\/\/tie-products.com\/wp-content\/uploads\/2021\/02\/TIE_TUR88-Lifestyle-3-300x300.jpg\" class=\"attachment-medium size-medium\" alt=\"\" srcset=\"https:\/\/tie-products.com\/wp-content\/uploads\/2021\/02\/TIE_TUR88-Lifestyle-3-300x300.jpg 300w, https:\/\/tie-products.com\/wp-content\/uploads\/2021\/02\/TIE_TUR88-Lifestyle-3-100x100.jpg 100w, https:\/\/tie-products.com\/wp-content\/uploads\/2021\/02\/TIE_TUR88-Lifestyle-3-600x600.jpg 600w, https:\/\/tie-products.com\/wp-content\/uploads\/2021\/02\/TIE_TUR88-Lifestyle-3-1030x1030.jpg 1030w, https:\/\/tie-products.com\/wp-content\/uploads\/2021\/02\/TIE_TUR88-Lifestyle-3-80x80.jpg 80w, https:\/\/tie-products.com\/wp-content\/uploads\/2021\/02\/TIE_TUR88-Lifestyle-3-768x768.jpg 768w, https:\/\/tie-products.com\/wp-content\/uploads\/2021\/02\/TIE_TUR88-Lifestyle-3-36x36.jpg 36w, https:\/\/tie-products.com\/wp-content\/uploads\/2021\/02\/TIE_TUR88-Lifestyle-3-180x180.jpg 180w, https:\/\/tie-products.com\/wp-content\/uploads\/2021\/02\/TIE_TUR88-Lifestyle-3.jpg 1500w, https:\/\/tie-products.com\/wp-content\/uploads\/2021\/02\/TIE_TUR88-Lifestyle-3-705x705.jpg 705w\" sizes=\"auto, (max-width: 300px) 100vw, 300px\" \/><\/a>\n\t\t\t<\/dt><\/dl><dl class='gallery-item'>\n\t\t\t<dt class='gallery-icon landscape'>\n\t\t\t\t<a href='https:\/\/tie-products.com\/fr\/?attachment_id=12192'><img loading=\"lazy\" decoding=\"async\" width=\"300\" height=\"300\" src=\"https:\/\/tie-products.com\/wp-content\/uploads\/2021\/02\/TIE_TUR88-Lifestyle-4-300x300.jpg\" class=\"attachment-medium size-medium\" alt=\"\" srcset=\"https:\/\/tie-products.com\/wp-content\/uploads\/2021\/02\/TIE_TUR88-Lifestyle-4-300x300.jpg 300w, https:\/\/tie-products.com\/wp-content\/uploads\/2021\/02\/TIE_TUR88-Lifestyle-4-100x100.jpg 100w, https:\/\/tie-products.com\/wp-content\/uploads\/2021\/02\/TIE_TUR88-Lifestyle-4-600x600.jpg 600w, https:\/\/tie-products.com\/wp-content\/uploads\/2021\/02\/TIE_TUR88-Lifestyle-4-1030x1030.jpg 1030w, https:\/\/tie-products.com\/wp-content\/uploads\/2021\/02\/TIE_TUR88-Lifestyle-4-80x80.jpg 80w, https:\/\/tie-products.com\/wp-content\/uploads\/2021\/02\/TIE_TUR88-Lifestyle-4-768x768.jpg 768w, https:\/\/tie-products.com\/wp-content\/uploads\/2021\/02\/TIE_TUR88-Lifestyle-4-36x36.jpg 36w, https:\/\/tie-products.com\/wp-content\/uploads\/2021\/02\/TIE_TUR88-Lifestyle-4-180x180.jpg 180w, https:\/\/tie-products.com\/wp-content\/uploads\/2021\/02\/TIE_TUR88-Lifestyle-4.jpg 1500w, https:\/\/tie-products.com\/wp-content\/uploads\/2021\/02\/TIE_TUR88-Lifestyle-4-705x705.jpg 705w\" sizes=\"auto, (max-width: 300px) 100vw, 300px\" \/><\/a>\n\t\t\t<\/dt><\/dl><dl class='gallery-item'>\n\t\t\t<dt class='gallery-icon landscape'>\n\t\t\t\t<a href='https:\/\/tie-products.com\/fr\/?attachment_id=12200'><img loading=\"lazy\" decoding=\"async\" width=\"300\" height=\"300\" src=\"https:\/\/tie-products.com\/wp-content\/uploads\/2021\/02\/TIE_TUR88-Lifestyle-6-300x300.jpg\" class=\"attachment-medium size-medium\" alt=\"\" srcset=\"https:\/\/tie-products.com\/wp-content\/uploads\/2021\/02\/TIE_TUR88-Lifestyle-6-300x300.jpg 300w, https:\/\/tie-products.com\/wp-content\/uploads\/2021\/02\/TIE_TUR88-Lifestyle-6-100x100.jpg 100w, https:\/\/tie-products.com\/wp-content\/uploads\/2021\/02\/TIE_TUR88-Lifestyle-6-600x600.jpg 600w, https:\/\/tie-products.com\/wp-content\/uploads\/2021\/02\/TIE_TUR88-Lifestyle-6-1030x1030.jpg 1030w, https:\/\/tie-products.com\/wp-content\/uploads\/2021\/02\/TIE_TUR88-Lifestyle-6-80x80.jpg 80w, https:\/\/tie-products.com\/wp-content\/uploads\/2021\/02\/TIE_TUR88-Lifestyle-6-768x768.jpg 768w, https:\/\/tie-products.com\/wp-content\/uploads\/2021\/02\/TIE_TUR88-Lifestyle-6-36x36.jpg 36w, https:\/\/tie-products.com\/wp-content\/uploads\/2021\/02\/TIE_TUR88-Lifestyle-6-180x180.jpg 180w, https:\/\/tie-products.com\/wp-content\/uploads\/2021\/02\/TIE_TUR88-Lifestyle-6.jpg 1500w, https:\/\/tie-products.com\/wp-content\/uploads\/2021\/02\/TIE_TUR88-Lifestyle-6-705x705.jpg 705w\" sizes=\"auto, (max-width: 300px) 100vw, 300px\" \/><\/a>\n\t\t\t<\/dt><\/dl><br style=\"clear: both\" \/>\n\t\t<\/div>\n\n<p>&nbsp;<\/p>\n<h3>Sp\u00e9cifications:<\/h3>\n<h4>Microphone USB<\/h4>\n<ul>\n<li>Capsule: \u00e9lectret 3x16mm<\/li>\n<li>Mod\u00e8les de polarit\u00e9: cardio\u00edde, omni, figure 8 et st\u00e9r\u00e9o<\/li>\n<li>Response en fr\u00e9quence: 30Hz \u2013 20khz<\/li>\n<li>Sensibilit\u00e9: -32dB<\/li>\n<li>Connecteur: mini connecteur USB standard<\/li>\n<li>Alimentation: USB Alimente par bus<\/li>\n<\/ul>\n<h4>Sortie Casque<\/h4>\n<ul>\n<li>Response en fr\u00e9quence: 20Hz\u201320kHz<\/li>\n<li>Taux d\\\u2019\u00e9chantillonnage: 96 kHz<\/li>\n<li>R\u00e9solution: 24-Bit<\/li>\n<\/ul>\n<h4>Dimensions<\/h4>\n<ul>\n<li>Hauteur: 28cm<\/li>\n<li>Largeur: 12cm<\/li>\n<li>Profondeur: 12cm<\/li>\n<li>Poids: 1,38 kg<\/li>\n<\/ul>\n<h4>Accessoire<\/h4>\n<ul>\n<li>support de table<\/li>\n<li>Cable USB<\/li>\n<li>Sac en cuir<\/li>\n<\/ul>\n<p><iframe loading=\"lazy\" src=\"https:\/\/www.youtube.com\/embed\/Bw0cXOcaV_U\" width=\"560\" height=\"315\" frameborder=\"0\" allowfullscreen=\"allowfullscreen\"><\/iframe><\/p>\n","protected":false},"excerpt":{"rendered":"<p>Le TUR88 est un microphone USB dot\u00e9 de plusieurs m\u00e9moires dans un bo\u00eetier m\u00e9tallique moderne, mais robuste, qui combine 3 capsules et 4 r\u00e9glages de motifs de polarit\u00e9 diff\u00e9rents. C\u2018est le choix id\u00e9al pour le podcasting, le screencasting, les enregistrements de base de toute communication en temps r\u00e9el en haute qualit\u00e9 audio \u2013 que vous [&hellip;]<\/p>\n","protected":false},"featured_media":11386,"template":"","meta":[],"product_brand":[],"product_cat":[24,25],"product_tag":[],"class_list":{"0":"post-11385","1":"product","2":"type-product","3":"status-publish","4":"has-post-thumbnail","6":"product_cat-tie","7":"product_cat-tie-studio","9":"first","10":"instock","11":"purchasable","12":"product-type-simple"},"yoast_head":"<!-- This site is optimized with the Yoast SEO plugin v25.0 - https:\/\/yoast.com\/wordpress\/plugins\/seo\/ -->\n<title>USB Desktop Condenser Mic Supernova (TUR88) - E-Commerce-Revolution<\/title>\n<meta name=\"robots\" content=\"index, follow, max-snippet:-1, max-image-preview:large, max-video-preview:-1\" \/>\n<link rel=\"canonical\" href=\"https:\/\/tie-products.com\/fr\/produkt\/usb-desktop-condenser-mic-supernova-tur88\/\" \/>\n<meta property=\"og:locale\" content=\"fr_FR\" \/>\n<meta property=\"og:type\" content=\"article\" \/>\n<meta property=\"og:title\" content=\"USB Desktop Condenser Mic Supernova (TUR88) - E-Commerce-Revolution\" \/>\n<meta property=\"og:description\" content=\"Le TUR88 est un microphone USB dot\u00e9 de plusieurs m\u00e9moires dans un bo\u00eetier m\u00e9tallique moderne, mais robuste, qui combine 3 capsules et 4 r\u00e9glages de motifs de polarit\u00e9 diff\u00e9rents. C\u2018est le choix id\u00e9al pour le podcasting, le screencasting, les enregistrements de base de toute communication en temps r\u00e9el en haute qualit\u00e9 audio \u2013 que vous [&hellip;]\" \/>\n<meta property=\"og:url\" content=\"https:\/\/tie-products.com\/fr\/produkt\/usb-desktop-condenser-mic-supernova-tur88\/\" \/>\n<meta property=\"og:site_name\" content=\"E-Commerce-Revolution\" \/>\n<meta property=\"article:modified_time\" content=\"2021-02-21T16:13:30+00:00\" \/>\n<meta property=\"og:image\" content=\"https:\/\/tie-products.com\/wp-content\/uploads\/2018\/09\/TUR-88-Micro-11.jpg\" \/>\n\t<meta property=\"og:image:width\" content=\"1024\" \/>\n\t<meta property=\"og:image:height\" content=\"1024\" \/>\n\t<meta property=\"og:image:type\" content=\"image\/jpeg\" \/>\n<meta name=\"twitter:card\" content=\"summary_large_image\" \/>\n<meta name=\"twitter:label1\" content=\"Dur\u00e9e de lecture estim\u00e9e\" \/>\n\t<meta name=\"twitter:data1\" content=\"1 minute\" \/>\n<script type=\"application\/ld+json\" class=\"yoast-schema-graph\">{\"@context\":\"https:\/\/schema.org\",\"@graph\":[{\"@type\":\"WebPage\",\"@id\":\"https:\/\/tie-products.com\/fr\/produkt\/usb-desktop-condenser-mic-supernova-tur88\/\",\"url\":\"https:\/\/tie-products.com\/fr\/produkt\/usb-desktop-condenser-mic-supernova-tur88\/\",\"name\":\"USB Desktop Condenser Mic Supernova (TUR88) - E-Commerce-Revolution\",\"isPartOf\":{\"@id\":\"https:\/\/tie-products.com\/pl\/#website\"},\"primaryImageOfPage\":{\"@id\":\"https:\/\/tie-products.com\/fr\/produkt\/usb-desktop-condenser-mic-supernova-tur88\/#primaryimage\"},\"image\":{\"@id\":\"https:\/\/tie-products.com\/fr\/produkt\/usb-desktop-condenser-mic-supernova-tur88\/#primaryimage\"},\"thumbnailUrl\":\"https:\/\/tie-products.com\/wp-content\/uploads\/2018\/09\/TUR-88-Micro-11.jpg\",\"datePublished\":\"2019-02-16T20:06:10+00:00\",\"dateModified\":\"2021-02-21T16:13:30+00:00\",\"breadcrumb\":{\"@id\":\"https:\/\/tie-products.com\/fr\/produkt\/usb-desktop-condenser-mic-supernova-tur88\/#breadcrumb\"},\"inLanguage\":\"fr-FR\",\"potentialAction\":[{\"@type\":\"ReadAction\",\"target\":[\"https:\/\/tie-products.com\/fr\/produkt\/usb-desktop-condenser-mic-supernova-tur88\/\"]}]},{\"@type\":\"ImageObject\",\"inLanguage\":\"fr-FR\",\"@id\":\"https:\/\/tie-products.com\/fr\/produkt\/usb-desktop-condenser-mic-supernova-tur88\/#primaryimage\",\"url\":\"https:\/\/tie-products.com\/wp-content\/uploads\/2018\/09\/TUR-88-Micro-11.jpg\",\"contentUrl\":\"https:\/\/tie-products.com\/wp-content\/uploads\/2018\/09\/TUR-88-Micro-11.jpg\",\"width\":1024,\"height\":1024,\"caption\":\"TUR88 USB Studio Desktop Microphone\"},{\"@type\":\"BreadcrumbList\",\"@id\":\"https:\/\/tie-products.com\/fr\/produkt\/usb-desktop-condenser-mic-supernova-tur88\/#breadcrumb\",\"itemListElement\":[{\"@type\":\"ListItem\",\"position\":1,\"name\":\"Home\",\"item\":\"https:\/\/tie-products.com\/fr\/\"},{\"@type\":\"ListItem\",\"position\":2,\"name\":\"Shop\",\"item\":\"https:\/\/tie-products.com\/shop\/\"},{\"@type\":\"ListItem\",\"position\":3,\"name\":\"USB Desktop Condenser Mic Supernova (TUR88)\"}]},{\"@type\":\"WebSite\",\"@id\":\"https:\/\/tie-products.com\/pl\/#website\",\"url\":\"https:\/\/tie-products.com\/pl\/\",\"name\":\"E-Commerce-Revolution\",\"description\":\"Just another WordPress site\",\"potentialAction\":[{\"@type\":\"SearchAction\",\"target\":{\"@type\":\"EntryPoint\",\"urlTemplate\":\"https:\/\/tie-products.com\/pl\/?s={search_term_string}\"},\"query-input\":{\"@type\":\"PropertyValueSpecification\",\"valueRequired\":true,\"valueName\":\"search_term_string\"}}],\"inLanguage\":\"fr-FR\"}]}<\/script>\n<!-- \/ Yoast SEO plugin. -->","yoast_head_json":{"title":"USB Desktop Condenser Mic Supernova (TUR88) - E-Commerce-Revolution","robots":{"index":"index","follow":"follow","max-snippet":"max-snippet:-1","max-image-preview":"max-image-preview:large","max-video-preview":"max-video-preview:-1"},"canonical":"https:\/\/tie-products.com\/fr\/produkt\/usb-desktop-condenser-mic-supernova-tur88\/","og_locale":"fr_FR","og_type":"article","og_title":"USB Desktop Condenser Mic Supernova (TUR88) - E-Commerce-Revolution","og_description":"Le TUR88 est un microphone USB dot\u00e9 de plusieurs m\u00e9moires dans un bo\u00eetier m\u00e9tallique moderne, mais robuste, qui combine 3 capsules et 4 r\u00e9glages de motifs de polarit\u00e9 diff\u00e9rents. C\u2018est le choix id\u00e9al pour le podcasting, le screencasting, les enregistrements de base de toute communication en temps r\u00e9el en haute qualit\u00e9 audio \u2013 que vous [&hellip;]","og_url":"https:\/\/tie-products.com\/fr\/produkt\/usb-desktop-condenser-mic-supernova-tur88\/","og_site_name":"E-Commerce-Revolution","article_modified_time":"2021-02-21T16:13:30+00:00","og_image":[{"width":1024,"height":1024,"url":"https:\/\/tie-products.com\/wp-content\/uploads\/2018\/09\/TUR-88-Micro-11.jpg","type":"image\/jpeg"}],"twitter_card":"summary_large_image","twitter_misc":{"Dur\u00e9e de lecture estim\u00e9e":"1 minute"},"schema":{"@context":"https:\/\/schema.org","@graph":[{"@type":"WebPage","@id":"https:\/\/tie-products.com\/fr\/produkt\/usb-desktop-condenser-mic-supernova-tur88\/","url":"https:\/\/tie-products.com\/fr\/produkt\/usb-desktop-condenser-mic-supernova-tur88\/","name":"USB Desktop Condenser Mic Supernova (TUR88) - E-Commerce-Revolution","isPartOf":{"@id":"https:\/\/tie-products.com\/pl\/#website"},"primaryImageOfPage":{"@id":"https:\/\/tie-products.com\/fr\/produkt\/usb-desktop-condenser-mic-supernova-tur88\/#primaryimage"},"image":{"@id":"https:\/\/tie-products.com\/fr\/produkt\/usb-desktop-condenser-mic-supernova-tur88\/#primaryimage"},"thumbnailUrl":"https:\/\/tie-products.com\/wp-content\/uploads\/2018\/09\/TUR-88-Micro-11.jpg","datePublished":"2019-02-16T20:06:10+00:00","dateModified":"2021-02-21T16:13:30+00:00","breadcrumb":{"@id":"https:\/\/tie-products.com\/fr\/produkt\/usb-desktop-condenser-mic-supernova-tur88\/#breadcrumb"},"inLanguage":"fr-FR","potentialAction":[{"@type":"ReadAction","target":["https:\/\/tie-products.com\/fr\/produkt\/usb-desktop-condenser-mic-supernova-tur88\/"]}]},{"@type":"ImageObject","inLanguage":"fr-FR","@id":"https:\/\/tie-products.com\/fr\/produkt\/usb-desktop-condenser-mic-supernova-tur88\/#primaryimage","url":"https:\/\/tie-products.com\/wp-content\/uploads\/2018\/09\/TUR-88-Micro-11.jpg","contentUrl":"https:\/\/tie-products.com\/wp-content\/uploads\/2018\/09\/TUR-88-Micro-11.jpg","width":1024,"height":1024,"caption":"TUR88 USB Studio Desktop Microphone"},{"@type":"BreadcrumbList","@id":"https:\/\/tie-products.com\/fr\/produkt\/usb-desktop-condenser-mic-supernova-tur88\/#breadcrumb","itemListElement":[{"@type":"ListItem","position":1,"name":"Home","item":"https:\/\/tie-products.com\/fr\/"},{"@type":"ListItem","position":2,"name":"Shop","item":"https:\/\/tie-products.com\/shop\/"},{"@type":"ListItem","position":3,"name":"USB Desktop Condenser Mic Supernova (TUR88)"}]},{"@type":"WebSite","@id":"https:\/\/tie-products.com\/pl\/#website","url":"https:\/\/tie-products.com\/pl\/","name":"E-Commerce-Revolution","description":"Just another WordPress site","potentialAction":[{"@type":"SearchAction","target":{"@type":"EntryPoint","urlTemplate":"https:\/\/tie-products.com\/pl\/?s={search_term_string}"},"query-input":{"@type":"PropertyValueSpecification","valueRequired":true,"valueName":"search_term_string"}}],"inLanguage":"fr-FR"}]}},"_links":{"self":[{"href":"https:\/\/tie-products.com\/fr\/wp-json\/wp\/v2\/product\/11385","targetHints":{"allow":["GET"]}}],"collection":[{"href":"https:\/\/tie-products.com\/fr\/wp-json\/wp\/v2\/product"}],"about":[{"href":"https:\/\/tie-products.com\/fr\/wp-json\/wp\/v2\/types\/product"}],"wp:featuredmedia":[{"embeddable":true,"href":"https:\/\/tie-products.com\/fr\/wp-json\/wp\/v2\/media\/11386"}],"wp:attachment":[{"href":"https:\/\/tie-products.com\/fr\/wp-json\/wp\/v2\/media?parent=11385"}],"wp:term":[{"taxonomy":"product_brand","embeddable":true,"href":"https:\/\/tie-products.com\/fr\/wp-json\/wp\/v2\/product_brand?post=11385"},{"taxonomy":"product_cat","embeddable":true,"href":"https:\/\/tie-products.com\/fr\/wp-json\/wp\/v2\/product_cat?post=11385"},{"taxonomy":"product_tag","embeddable":true,"href":"https:\/\/tie-products.com\/fr\/wp-json\/wp\/v2\/product_tag?post=11385"}],"curies":[{"name":"wp","href":"https:\/\/api.w.org\/{rel}","templated":true}]}}