{"id":11351,"date":"2019-02-16T21:06:12","date_gmt":"2019-02-16T20:06:12","guid":{"rendered":"https:\/\/tie-products.netzspitze.cloud\/produkt\/tie-instrumentenmikrofon-tcx110-gitarre\/"},"modified":"2025-06-06T09:24:48","modified_gmt":"2025-06-06T09:24:48","slug":"tie-instrumentenmikrofon-tcx110-gitarre","status":"publish","type":"product","link":"https:\/\/tie-products.com\/fr\/produkt\/tie-instrumentenmikrofon-tcx110-gitarre\/","title":{"rendered":"TIE Instrumentenmikrofon TCX110 \u2013 Gitarre"},"content":{"rendered":"<h3>Microphone \u00e0 condensateur clip professionnel pour capturer tous vos sons de guitare<\/h3>\n<p>Le TCX110 est un microphone \u00e0 condensateur de haute qualit\u00e9 con\u00e7u pour les performances live sur sc\u00e8ne \u2013 particuli\u00e8rement adapt\u00e9 aux guitares acoustiques. Si vous recherchez une libert\u00e9 de mouvement maximale sur sc\u00e8ne lorsque vous jouez avec votre guitare acoustique, c\u2018est le choix parfait pour vous! Le microphone est simplement fix\u00e9 \u00e0 la guitare sur le dessus du corps de la guitare. Le col de cygne mobile peut \u00eatre r\u00e9gl\u00e9 \u00e0 la position d\u00e9sir\u00e9e, vous permettant de positionner la capsule parfaitement pour atteindre le timbre d\u00e9sir\u00e9 de votre instrument. Le TCX110 est livr\u00e9 dans un \u00e9tui rigide pour une portabilit\u00e9 s\u00fbre et facile.<\/p>\n<h4><strong>Fonctionnalit\u00e9s<\/strong><\/h4>\n<ul>\n<li>Sp\u00e9cialis\u00e9 pour une large gamme de guitares et de basses, avec un verrou let\u00e9<\/li>\n<li>design discret<\/li>\n<li>Fixez fermement les guitares de di \u00e9rentes \u00e9paisseurs, tout en prot\u00e9geant la surface contre les rayures<\/li>\n<li>Utilise une capsule de microphone \u00e0 condensateur de haute qualit\u00e9 avec une sensibilit\u00e9 \u00e9lev\u00e9e<\/li>\n<li>Son clair, naturel et doux<\/li>\n<li>Col de cygne r\u00e9glable reste dans la position de r\u00e9glage<\/li>\n<li>La conception de vibration de la coque souple entre la pince et le microphone r\u00e9duit le bruit m\u00e9canique<\/li>\n<\/ul>\n","protected":false},"excerpt":{"rendered":"<p>Microphone \u00e0 condensateur clip professionnel pour capturer tous vos sons de guitare Le TCX110 est un microphone \u00e0 condensateur de haute qualit\u00e9 con\u00e7u pour les performances live sur sc\u00e8ne \u2013 particuli\u00e8rement adapt\u00e9 aux guitares acoustiques. Si vous recherchez une libert\u00e9 de mouvement maximale sur sc\u00e8ne lorsque vous jouez avec votre guitare acoustique, c\u2018est le choix [&hellip;]<\/p>\n","protected":false},"featured_media":12390,"template":"","meta":[],"product_brand":[],"product_cat":[24,25],"product_tag":[],"class_list":{"0":"post-11351","1":"product","2":"type-product","3":"status-publish","4":"has-post-thumbnail","6":"product_cat-tie","7":"product_cat-tie-studio","9":"first","10":"instock","11":"purchasable","12":"product-type-simple"},"yoast_head":"<!-- This site is optimized with the Yoast SEO plugin v25.0 - https:\/\/yoast.com\/wordpress\/plugins\/seo\/ -->\n<title>TIE Instrumentenmikrofon TCX110 \u2013 Gitarre - E-Commerce-Revolution<\/title>\n<meta name=\"robots\" content=\"index, follow, max-snippet:-1, max-image-preview:large, max-video-preview:-1\" \/>\n<link rel=\"canonical\" href=\"https:\/\/tie-products.com\/fr\/produkt\/tie-instrumentenmikrofon-tcx110-gitarre\/\" \/>\n<meta property=\"og:locale\" content=\"fr_FR\" \/>\n<meta property=\"og:type\" content=\"article\" \/>\n<meta property=\"og:title\" content=\"TIE Instrumentenmikrofon TCX110 \u2013 Gitarre - E-Commerce-Revolution\" \/>\n<meta property=\"og:description\" content=\"Microphone \u00e0 condensateur clip professionnel pour capturer tous vos sons de guitare Le TCX110 est un microphone \u00e0 condensateur de haute qualit\u00e9 con\u00e7u pour les performances live sur sc\u00e8ne \u2013 particuli\u00e8rement adapt\u00e9 aux guitares acoustiques. Si vous recherchez une libert\u00e9 de mouvement maximale sur sc\u00e8ne lorsque vous jouez avec votre guitare acoustique, c\u2018est le choix [&hellip;]\" \/>\n<meta property=\"og:url\" content=\"https:\/\/tie-products.com\/fr\/produkt\/tie-instrumentenmikrofon-tcx110-gitarre\/\" \/>\n<meta property=\"og:site_name\" content=\"E-Commerce-Revolution\" \/>\n<meta property=\"article:modified_time\" content=\"2025-06-06T09:24:48+00:00\" \/>\n<meta property=\"og:image\" content=\"https:\/\/tie-products.com\/wp-content\/uploads\/2025\/06\/Mikrohalter-Gitarre-2-small.jpg\" \/>\n\t<meta property=\"og:image:width\" content=\"1000\" \/>\n\t<meta property=\"og:image:height\" content=\"1000\" \/>\n\t<meta property=\"og:image:type\" content=\"image\/jpeg\" \/>\n<meta name=\"twitter:card\" content=\"summary_large_image\" \/>\n<meta name=\"twitter:label1\" content=\"Dur\u00e9e de lecture estim\u00e9e\" \/>\n\t<meta name=\"twitter:data1\" content=\"2 minutes\" \/>\n<script type=\"application\/ld+json\" class=\"yoast-schema-graph\">{\"@context\":\"https:\/\/schema.org\",\"@graph\":[{\"@type\":\"WebPage\",\"@id\":\"https:\/\/tie-products.com\/fr\/produkt\/tie-instrumentenmikrofon-tcx110-gitarre\/\",\"url\":\"https:\/\/tie-products.com\/fr\/produkt\/tie-instrumentenmikrofon-tcx110-gitarre\/\",\"name\":\"TIE Instrumentenmikrofon TCX110 \u2013 Gitarre - E-Commerce-Revolution\",\"isPartOf\":{\"@id\":\"https:\/\/tie-products.com\/pl\/#website\"},\"primaryImageOfPage\":{\"@id\":\"https:\/\/tie-products.com\/fr\/produkt\/tie-instrumentenmikrofon-tcx110-gitarre\/#primaryimage\"},\"image\":{\"@id\":\"https:\/\/tie-products.com\/fr\/produkt\/tie-instrumentenmikrofon-tcx110-gitarre\/#primaryimage\"},\"thumbnailUrl\":\"https:\/\/tie-products.com\/wp-content\/uploads\/2025\/06\/Mikrohalter-Gitarre-2-small.jpg\",\"datePublished\":\"2019-02-16T20:06:12+00:00\",\"dateModified\":\"2025-06-06T09:24:48+00:00\",\"breadcrumb\":{\"@id\":\"https:\/\/tie-products.com\/fr\/produkt\/tie-instrumentenmikrofon-tcx110-gitarre\/#breadcrumb\"},\"inLanguage\":\"fr-FR\",\"potentialAction\":[{\"@type\":\"ReadAction\",\"target\":[\"https:\/\/tie-products.com\/fr\/produkt\/tie-instrumentenmikrofon-tcx110-gitarre\/\"]}]},{\"@type\":\"ImageObject\",\"inLanguage\":\"fr-FR\",\"@id\":\"https:\/\/tie-products.com\/fr\/produkt\/tie-instrumentenmikrofon-tcx110-gitarre\/#primaryimage\",\"url\":\"https:\/\/tie-products.com\/wp-content\/uploads\/2025\/06\/Mikrohalter-Gitarre-2-small.jpg\",\"contentUrl\":\"https:\/\/tie-products.com\/wp-content\/uploads\/2025\/06\/Mikrohalter-Gitarre-2-small.jpg\",\"width\":1000,\"height\":1000},{\"@type\":\"BreadcrumbList\",\"@id\":\"https:\/\/tie-products.com\/fr\/produkt\/tie-instrumentenmikrofon-tcx110-gitarre\/#breadcrumb\",\"itemListElement\":[{\"@type\":\"ListItem\",\"position\":1,\"name\":\"Home\",\"item\":\"https:\/\/tie-products.com\/fr\/\"},{\"@type\":\"ListItem\",\"position\":2,\"name\":\"Shop\",\"item\":\"https:\/\/tie-products.com\/shop\/\"},{\"@type\":\"ListItem\",\"position\":3,\"name\":\"TIE Instrumentenmikrofon TCX110 \u2013 Gitarre\"}]},{\"@type\":\"WebSite\",\"@id\":\"https:\/\/tie-products.com\/pl\/#website\",\"url\":\"https:\/\/tie-products.com\/pl\/\",\"name\":\"E-Commerce-Revolution\",\"description\":\"Just another WordPress site\",\"potentialAction\":[{\"@type\":\"SearchAction\",\"target\":{\"@type\":\"EntryPoint\",\"urlTemplate\":\"https:\/\/tie-products.com\/pl\/?s={search_term_string}\"},\"query-input\":{\"@type\":\"PropertyValueSpecification\",\"valueRequired\":true,\"valueName\":\"search_term_string\"}}],\"inLanguage\":\"fr-FR\"}]}<\/script>\n<!-- \/ Yoast SEO plugin. -->","yoast_head_json":{"title":"TIE Instrumentenmikrofon TCX110 \u2013 Gitarre - E-Commerce-Revolution","robots":{"index":"index","follow":"follow","max-snippet":"max-snippet:-1","max-image-preview":"max-image-preview:large","max-video-preview":"max-video-preview:-1"},"canonical":"https:\/\/tie-products.com\/fr\/produkt\/tie-instrumentenmikrofon-tcx110-gitarre\/","og_locale":"fr_FR","og_type":"article","og_title":"TIE Instrumentenmikrofon TCX110 \u2013 Gitarre - E-Commerce-Revolution","og_description":"Microphone \u00e0 condensateur clip professionnel pour capturer tous vos sons de guitare Le TCX110 est un microphone \u00e0 condensateur de haute qualit\u00e9 con\u00e7u pour les performances live sur sc\u00e8ne \u2013 particuli\u00e8rement adapt\u00e9 aux guitares acoustiques. Si vous recherchez une libert\u00e9 de mouvement maximale sur sc\u00e8ne lorsque vous jouez avec votre guitare acoustique, c\u2018est le choix [&hellip;]","og_url":"https:\/\/tie-products.com\/fr\/produkt\/tie-instrumentenmikrofon-tcx110-gitarre\/","og_site_name":"E-Commerce-Revolution","article_modified_time":"2025-06-06T09:24:48+00:00","og_image":[{"width":1000,"height":1000,"url":"https:\/\/tie-products.com\/wp-content\/uploads\/2025\/06\/Mikrohalter-Gitarre-2-small.jpg","type":"image\/jpeg"}],"twitter_card":"summary_large_image","twitter_misc":{"Dur\u00e9e de lecture estim\u00e9e":"2 minutes"},"schema":{"@context":"https:\/\/schema.org","@graph":[{"@type":"WebPage","@id":"https:\/\/tie-products.com\/fr\/produkt\/tie-instrumentenmikrofon-tcx110-gitarre\/","url":"https:\/\/tie-products.com\/fr\/produkt\/tie-instrumentenmikrofon-tcx110-gitarre\/","name":"TIE Instrumentenmikrofon TCX110 \u2013 Gitarre - E-Commerce-Revolution","isPartOf":{"@id":"https:\/\/tie-products.com\/pl\/#website"},"primaryImageOfPage":{"@id":"https:\/\/tie-products.com\/fr\/produkt\/tie-instrumentenmikrofon-tcx110-gitarre\/#primaryimage"},"image":{"@id":"https:\/\/tie-products.com\/fr\/produkt\/tie-instrumentenmikrofon-tcx110-gitarre\/#primaryimage"},"thumbnailUrl":"https:\/\/tie-products.com\/wp-content\/uploads\/2025\/06\/Mikrohalter-Gitarre-2-small.jpg","datePublished":"2019-02-16T20:06:12+00:00","dateModified":"2025-06-06T09:24:48+00:00","breadcrumb":{"@id":"https:\/\/tie-products.com\/fr\/produkt\/tie-instrumentenmikrofon-tcx110-gitarre\/#breadcrumb"},"inLanguage":"fr-FR","potentialAction":[{"@type":"ReadAction","target":["https:\/\/tie-products.com\/fr\/produkt\/tie-instrumentenmikrofon-tcx110-gitarre\/"]}]},{"@type":"ImageObject","inLanguage":"fr-FR","@id":"https:\/\/tie-products.com\/fr\/produkt\/tie-instrumentenmikrofon-tcx110-gitarre\/#primaryimage","url":"https:\/\/tie-products.com\/wp-content\/uploads\/2025\/06\/Mikrohalter-Gitarre-2-small.jpg","contentUrl":"https:\/\/tie-products.com\/wp-content\/uploads\/2025\/06\/Mikrohalter-Gitarre-2-small.jpg","width":1000,"height":1000},{"@type":"BreadcrumbList","@id":"https:\/\/tie-products.com\/fr\/produkt\/tie-instrumentenmikrofon-tcx110-gitarre\/#breadcrumb","itemListElement":[{"@type":"ListItem","position":1,"name":"Home","item":"https:\/\/tie-products.com\/fr\/"},{"@type":"ListItem","position":2,"name":"Shop","item":"https:\/\/tie-products.com\/shop\/"},{"@type":"ListItem","position":3,"name":"TIE Instrumentenmikrofon TCX110 \u2013 Gitarre"}]},{"@type":"WebSite","@id":"https:\/\/tie-products.com\/pl\/#website","url":"https:\/\/tie-products.com\/pl\/","name":"E-Commerce-Revolution","description":"Just another WordPress site","potentialAction":[{"@type":"SearchAction","target":{"@type":"EntryPoint","urlTemplate":"https:\/\/tie-products.com\/pl\/?s={search_term_string}"},"query-input":{"@type":"PropertyValueSpecification","valueRequired":true,"valueName":"search_term_string"}}],"inLanguage":"fr-FR"}]}},"_links":{"self":[{"href":"https:\/\/tie-products.com\/fr\/wp-json\/wp\/v2\/product\/11351","targetHints":{"allow":["GET"]}}],"collection":[{"href":"https:\/\/tie-products.com\/fr\/wp-json\/wp\/v2\/product"}],"about":[{"href":"https:\/\/tie-products.com\/fr\/wp-json\/wp\/v2\/types\/product"}],"wp:featuredmedia":[{"embeddable":true,"href":"https:\/\/tie-products.com\/fr\/wp-json\/wp\/v2\/media\/12390"}],"wp:attachment":[{"href":"https:\/\/tie-products.com\/fr\/wp-json\/wp\/v2\/media?parent=11351"}],"wp:term":[{"taxonomy":"product_brand","embeddable":true,"href":"https:\/\/tie-products.com\/fr\/wp-json\/wp\/v2\/product_brand?post=11351"},{"taxonomy":"product_cat","embeddable":true,"href":"https:\/\/tie-products.com\/fr\/wp-json\/wp\/v2\/product_cat?post=11351"},{"taxonomy":"product_tag","embeddable":true,"href":"https:\/\/tie-products.com\/fr\/wp-json\/wp\/v2\/product_tag?post=11351"}],"curies":[{"name":"wp","href":"https:\/\/api.w.org\/{rel}","templated":true}]}}