{"id":11303,"date":"2019-02-16T21:06:12","date_gmt":"2019-02-16T20:06:12","guid":{"rendered":"https:\/\/tie-products.netzspitze.cloud\/produkt\/tie-studio-dynamic-xlr-mic-ttdm-1500\/"},"modified":"2021-01-27T16:16:31","modified_gmt":"2021-01-27T16:16:31","slug":"tie-studio-dynamic-xlr-mic-ttdm-1500","status":"publish","type":"product","link":"https:\/\/tie-products.com\/fr\/produkt\/tie-studio-dynamic-xlr-mic-ttdm-1500\/","title":{"rendered":"TIE Studio &#8211; Dynamic XLR Mic (TTDM-1500)"},"content":{"rendered":"\n\t\t<style type=\"text\/css\">\n\t\t\t#gallery-1 {\n\t\t\t\tmargin: auto;\n\t\t\t}\n\t\t\t#gallery-1 .gallery-item {\n\t\t\t\tfloat: left;\n\t\t\t\tmargin-top: 10px;\n\t\t\t\ttext-align: center;\n\t\t\t\twidth: 33%;\n\t\t\t}\n\t\t\t#gallery-1 img {\n\t\t\t\tborder: 2px solid #cfcfcf;\n\t\t\t}\n\t\t\t#gallery-1 .gallery-caption {\n\t\t\t\tmargin-left: 0;\n\t\t\t}\n\t\t\t\/* see gallery_shortcode() in wp-includes\/media.php *\/\n\t\t<\/style>\n\t\t<div id='gallery-1' class='gallery galleryid-11303 gallery-columns-3 gallery-size-thumbnail'><dl class='gallery-item'>\n\t\t\t<dt class='gallery-icon landscape'>\n\t\t\t\t<a href='https:\/\/tie-products.com\/fr\/?attachment_id=10976'><img loading=\"lazy\" decoding=\"async\" width=\"80\" height=\"80\" src=\"https:\/\/tie-products.com\/wp-content\/uploads\/2018\/09\/Mikro-2-80x80.jpg\" class=\"attachment-thumbnail size-thumbnail\" alt=\"TTDM-1500 Dynamic XLR Mic mit Klemme\" aria-describedby=\"gallery-1-10976\" srcset=\"https:\/\/tie-products.com\/wp-content\/uploads\/2018\/09\/Mikro-2-80x80.jpg 80w, https:\/\/tie-products.com\/wp-content\/uploads\/2018\/09\/Mikro-2-300x300.jpg 300w, https:\/\/tie-products.com\/wp-content\/uploads\/2018\/09\/Mikro-2-100x100.jpg 100w, https:\/\/tie-products.com\/wp-content\/uploads\/2018\/09\/Mikro-2-600x600.jpg 600w, https:\/\/tie-products.com\/wp-content\/uploads\/2018\/09\/Mikro-2-768x768.jpg 768w, https:\/\/tie-products.com\/wp-content\/uploads\/2018\/09\/Mikro-2-36x36.jpg 36w, https:\/\/tie-products.com\/wp-content\/uploads\/2018\/09\/Mikro-2-180x180.jpg 180w, https:\/\/tie-products.com\/wp-content\/uploads\/2018\/09\/Mikro-2-705x705.jpg 705w, https:\/\/tie-products.com\/wp-content\/uploads\/2018\/09\/Mikro-2.jpg 1024w\" sizes=\"auto, (max-width: 80px) 100vw, 80px\" \/><\/a>\n\t\t\t<\/dt>\n\t\t\t\t<dd class='wp-caption-text gallery-caption' id='gallery-1-10976'>\n\t\t\t\tTTDM-1500 in Klemme\n\t\t\t\t<\/dd><\/dl><dl class='gallery-item'>\n\t\t\t<dt class='gallery-icon landscape'>\n\t\t\t\t<a href='https:\/\/tie-products.com\/fr\/?attachment_id=10977'><img loading=\"lazy\" decoding=\"async\" width=\"80\" height=\"80\" src=\"https:\/\/tie-products.com\/wp-content\/uploads\/2018\/09\/Mikro-7-80x80.jpg\" class=\"attachment-thumbnail size-thumbnail\" alt=\"TTDM-1500 Dynamic XLR Mic von unten\" aria-describedby=\"gallery-1-10977\" srcset=\"https:\/\/tie-products.com\/wp-content\/uploads\/2018\/09\/Mikro-7-80x80.jpg 80w, https:\/\/tie-products.com\/wp-content\/uploads\/2018\/09\/Mikro-7-300x300.jpg 300w, https:\/\/tie-products.com\/wp-content\/uploads\/2018\/09\/Mikro-7-100x100.jpg 100w, https:\/\/tie-products.com\/wp-content\/uploads\/2018\/09\/Mikro-7-600x600.jpg 600w, https:\/\/tie-products.com\/wp-content\/uploads\/2018\/09\/Mikro-7-768x768.jpg 768w, https:\/\/tie-products.com\/wp-content\/uploads\/2018\/09\/Mikro-7-36x36.jpg 36w, https:\/\/tie-products.com\/wp-content\/uploads\/2018\/09\/Mikro-7-180x180.jpg 180w, https:\/\/tie-products.com\/wp-content\/uploads\/2018\/09\/Mikro-7-705x705.jpg 705w, https:\/\/tie-products.com\/wp-content\/uploads\/2018\/09\/Mikro-7.jpg 1024w\" sizes=\"auto, (max-width: 80px) 100vw, 80px\" \/><\/a>\n\t\t\t<\/dt>\n\t\t\t\t<dd class='wp-caption-text gallery-caption' id='gallery-1-10977'>\n\t\t\t\tAnschluss TTDM-1500\n\t\t\t\t<\/dd><\/dl><dl class='gallery-item'>\n\t\t\t<dt class='gallery-icon landscape'>\n\t\t\t\t<a href='https:\/\/tie-products.com\/fr\/?attachment_id=10978'><img loading=\"lazy\" decoding=\"async\" width=\"80\" height=\"80\" src=\"https:\/\/tie-products.com\/wp-content\/uploads\/2018\/09\/Mikro-3-80x80.jpg\" class=\"attachment-thumbnail size-thumbnail\" alt=\"TTDM-1500 Dynamic XLR Mic Nahaufnahme\" aria-describedby=\"gallery-1-10978\" srcset=\"https:\/\/tie-products.com\/wp-content\/uploads\/2018\/09\/Mikro-3-80x80.jpg 80w, https:\/\/tie-products.com\/wp-content\/uploads\/2018\/09\/Mikro-3-300x300.jpg 300w, https:\/\/tie-products.com\/wp-content\/uploads\/2018\/09\/Mikro-3-100x100.jpg 100w, https:\/\/tie-products.com\/wp-content\/uploads\/2018\/09\/Mikro-3-600x600.jpg 600w, https:\/\/tie-products.com\/wp-content\/uploads\/2018\/09\/Mikro-3-768x768.jpg 768w, https:\/\/tie-products.com\/wp-content\/uploads\/2018\/09\/Mikro-3-36x36.jpg 36w, https:\/\/tie-products.com\/wp-content\/uploads\/2018\/09\/Mikro-3-180x180.jpg 180w, https:\/\/tie-products.com\/wp-content\/uploads\/2018\/09\/Mikro-3-705x705.jpg 705w, https:\/\/tie-products.com\/wp-content\/uploads\/2018\/09\/Mikro-3.jpg 1024w\" sizes=\"auto, (max-width: 80px) 100vw, 80px\" \/><\/a>\n\t\t\t<\/dt>\n\t\t\t\t<dd class='wp-caption-text gallery-caption' id='gallery-1-10978'>\n\t\t\t\tON-OFF-Schalter\n\t\t\t\t<\/dd><\/dl><br style=\"clear: both\" \/>\n\t\t<\/div>\n\n<h3>Microphone vocal dynamique avec un bouton marche<\/h3>\n<p>Le TIE Dynamic Mic est un microphone vocal dynamique avec un mode unidirectionnel. Le design \u00e9l\u00e9gant convient \u00e0 tout environnement. Sp\u00e9cialement con\u00e7u pour les enregistrements vocaux, les sessions de karaok\u00e9 et l\u2018utilisation dans votre propre maison, la tonalit\u00e9 brillante et chaleureuse am\u00e9liore les voix les plus diverses. Sa construction robuste combine une capsule de micropho- ne durable et un bo\u00eetier extr\u00eamement r\u00e9sistant. Il peut donc aussi \u00eatre utilis\u00e9 en toute s\u00e9curit\u00e9 \u00e0 l\u2018ext\u00e9rieur. Le kit comprend un c\u00e2ble de microphone XLR de 5 m de longueur, une pince microphone et un adaptateur let\u00e9.<\/p>\n<p><strong>Caract\u00e9ristiques<\/strong><\/p>\n<ul>\n<li>type: microphone vocal dynamique<\/li>\n<li>Mod\u00e8les de polarit\u00e9: uni<\/li>\n<li>R\u00e9ponse en fr\u00e9quence: 50 hz \u2013 16 khz<\/li>\n<li>Sensibilit\u00e9: -54 dB \u00b13 dB (0dB = 1V \/ Pa (\u00e0 1 khz)<\/li>\n<li>Imp\u00e9dance de sortie: 500 \u03a9 \u00b1 30% (\u00e0 1 kHz)<\/li>\n<li>Bouton d\u2018alimentation: commutateur MARCHE\/ARR\u00caT sur le microphone<\/li>\n<li>Connecteur: XLR<\/li>\n<\/ul>\n<h4><strong>Contenu du paquet<\/strong><\/h4>\n<ul>\n<li>TTDM-1500 Dynamic Mic microphone<\/li>\n<li>Pince microphone<\/li>\n<li>C\u00e2ble de microphone XLR (5 m)<\/li>\n<\/ul>\n","protected":false},"excerpt":{"rendered":"<p>Microphone vocal dynamique avec un bouton marche Le TIE Dynamic Mic est un microphone vocal dynamique avec un mode unidirectionnel. Le design \u00e9l\u00e9gant convient \u00e0 tout environnement. Sp\u00e9cialement con\u00e7u pour les enregistrements vocaux, les sessions de karaok\u00e9 et l\u2018utilisation dans votre propre maison, la tonalit\u00e9 brillante et chaleureuse am\u00e9liore les voix les plus diverses. Sa [&hellip;]<\/p>\n","protected":false},"featured_media":11304,"template":"","meta":[],"product_brand":[],"product_cat":[24,25],"product_tag":[],"class_list":{"0":"post-11303","1":"product","2":"type-product","3":"status-publish","4":"has-post-thumbnail","6":"product_cat-tie","7":"product_cat-tie-studio","9":"first","10":"instock","11":"purchasable","12":"product-type-simple"},"yoast_head":"<!-- This site is optimized with the Yoast SEO plugin v25.0 - https:\/\/yoast.com\/wordpress\/plugins\/seo\/ -->\n<title>TIE Studio - Dynamic XLR Mic (TTDM-1500) - E-Commerce-Revolution<\/title>\n<meta name=\"robots\" content=\"index, follow, max-snippet:-1, max-image-preview:large, max-video-preview:-1\" \/>\n<link rel=\"canonical\" href=\"https:\/\/tie-products.com\/fr\/produkt\/tie-studio-dynamic-xlr-mic-ttdm-1500\/\" \/>\n<meta property=\"og:locale\" content=\"fr_FR\" \/>\n<meta property=\"og:type\" content=\"article\" \/>\n<meta property=\"og:title\" content=\"TIE Studio - Dynamic XLR Mic (TTDM-1500) - E-Commerce-Revolution\" \/>\n<meta property=\"og:description\" content=\"Microphone vocal dynamique avec un bouton marche Le TIE Dynamic Mic est un microphone vocal dynamique avec un mode unidirectionnel. Le design \u00e9l\u00e9gant convient \u00e0 tout environnement. Sp\u00e9cialement con\u00e7u pour les enregistrements vocaux, les sessions de karaok\u00e9 et l\u2018utilisation dans votre propre maison, la tonalit\u00e9 brillante et chaleureuse am\u00e9liore les voix les plus diverses. Sa [&hellip;]\" \/>\n<meta property=\"og:url\" content=\"https:\/\/tie-products.com\/fr\/produkt\/tie-studio-dynamic-xlr-mic-ttdm-1500\/\" \/>\n<meta property=\"og:site_name\" content=\"E-Commerce-Revolution\" \/>\n<meta property=\"article:modified_time\" content=\"2021-01-27T16:16:31+00:00\" \/>\n<meta property=\"og:image\" content=\"https:\/\/tie-products.com\/wp-content\/uploads\/2018\/09\/ttdm1500.jpg\" \/>\n\t<meta property=\"og:image:width\" content=\"1024\" \/>\n\t<meta property=\"og:image:height\" content=\"1024\" \/>\n\t<meta property=\"og:image:type\" content=\"image\/jpeg\" \/>\n<meta name=\"twitter:card\" content=\"summary_large_image\" \/>\n<meta name=\"twitter:label1\" content=\"Dur\u00e9e de lecture estim\u00e9e\" \/>\n\t<meta name=\"twitter:data1\" content=\"1 minute\" \/>\n<script type=\"application\/ld+json\" class=\"yoast-schema-graph\">{\"@context\":\"https:\/\/schema.org\",\"@graph\":[{\"@type\":\"WebPage\",\"@id\":\"https:\/\/tie-products.com\/fr\/produkt\/tie-studio-dynamic-xlr-mic-ttdm-1500\/\",\"url\":\"https:\/\/tie-products.com\/fr\/produkt\/tie-studio-dynamic-xlr-mic-ttdm-1500\/\",\"name\":\"TIE Studio - Dynamic XLR Mic (TTDM-1500) - E-Commerce-Revolution\",\"isPartOf\":{\"@id\":\"https:\/\/tie-products.com\/pl\/#website\"},\"primaryImageOfPage\":{\"@id\":\"https:\/\/tie-products.com\/fr\/produkt\/tie-studio-dynamic-xlr-mic-ttdm-1500\/#primaryimage\"},\"image\":{\"@id\":\"https:\/\/tie-products.com\/fr\/produkt\/tie-studio-dynamic-xlr-mic-ttdm-1500\/#primaryimage\"},\"thumbnailUrl\":\"https:\/\/tie-products.com\/wp-content\/uploads\/2018\/09\/ttdm1500.jpg\",\"datePublished\":\"2019-02-16T20:06:12+00:00\",\"dateModified\":\"2021-01-27T16:16:31+00:00\",\"breadcrumb\":{\"@id\":\"https:\/\/tie-products.com\/fr\/produkt\/tie-studio-dynamic-xlr-mic-ttdm-1500\/#breadcrumb\"},\"inLanguage\":\"fr-FR\",\"potentialAction\":[{\"@type\":\"ReadAction\",\"target\":[\"https:\/\/tie-products.com\/fr\/produkt\/tie-studio-dynamic-xlr-mic-ttdm-1500\/\"]}]},{\"@type\":\"ImageObject\",\"inLanguage\":\"fr-FR\",\"@id\":\"https:\/\/tie-products.com\/fr\/produkt\/tie-studio-dynamic-xlr-mic-ttdm-1500\/#primaryimage\",\"url\":\"https:\/\/tie-products.com\/wp-content\/uploads\/2018\/09\/ttdm1500.jpg\",\"contentUrl\":\"https:\/\/tie-products.com\/wp-content\/uploads\/2018\/09\/ttdm1500.jpg\",\"width\":1024,\"height\":1024},{\"@type\":\"BreadcrumbList\",\"@id\":\"https:\/\/tie-products.com\/fr\/produkt\/tie-studio-dynamic-xlr-mic-ttdm-1500\/#breadcrumb\",\"itemListElement\":[{\"@type\":\"ListItem\",\"position\":1,\"name\":\"Home\",\"item\":\"https:\/\/tie-products.com\/fr\/\"},{\"@type\":\"ListItem\",\"position\":2,\"name\":\"Shop\",\"item\":\"https:\/\/tie-products.com\/shop\/\"},{\"@type\":\"ListItem\",\"position\":3,\"name\":\"TIE Studio &#8211; Dynamic XLR Mic (TTDM-1500)\"}]},{\"@type\":\"WebSite\",\"@id\":\"https:\/\/tie-products.com\/pl\/#website\",\"url\":\"https:\/\/tie-products.com\/pl\/\",\"name\":\"E-Commerce-Revolution\",\"description\":\"Just another WordPress site\",\"potentialAction\":[{\"@type\":\"SearchAction\",\"target\":{\"@type\":\"EntryPoint\",\"urlTemplate\":\"https:\/\/tie-products.com\/pl\/?s={search_term_string}\"},\"query-input\":{\"@type\":\"PropertyValueSpecification\",\"valueRequired\":true,\"valueName\":\"search_term_string\"}}],\"inLanguage\":\"fr-FR\"}]}<\/script>\n<!-- \/ Yoast SEO plugin. -->","yoast_head_json":{"title":"TIE Studio - Dynamic XLR Mic (TTDM-1500) - E-Commerce-Revolution","robots":{"index":"index","follow":"follow","max-snippet":"max-snippet:-1","max-image-preview":"max-image-preview:large","max-video-preview":"max-video-preview:-1"},"canonical":"https:\/\/tie-products.com\/fr\/produkt\/tie-studio-dynamic-xlr-mic-ttdm-1500\/","og_locale":"fr_FR","og_type":"article","og_title":"TIE Studio - Dynamic XLR Mic (TTDM-1500) - E-Commerce-Revolution","og_description":"Microphone vocal dynamique avec un bouton marche Le TIE Dynamic Mic est un microphone vocal dynamique avec un mode unidirectionnel. Le design \u00e9l\u00e9gant convient \u00e0 tout environnement. Sp\u00e9cialement con\u00e7u pour les enregistrements vocaux, les sessions de karaok\u00e9 et l\u2018utilisation dans votre propre maison, la tonalit\u00e9 brillante et chaleureuse am\u00e9liore les voix les plus diverses. Sa [&hellip;]","og_url":"https:\/\/tie-products.com\/fr\/produkt\/tie-studio-dynamic-xlr-mic-ttdm-1500\/","og_site_name":"E-Commerce-Revolution","article_modified_time":"2021-01-27T16:16:31+00:00","og_image":[{"width":1024,"height":1024,"url":"https:\/\/tie-products.com\/wp-content\/uploads\/2018\/09\/ttdm1500.jpg","type":"image\/jpeg"}],"twitter_card":"summary_large_image","twitter_misc":{"Dur\u00e9e de lecture estim\u00e9e":"1 minute"},"schema":{"@context":"https:\/\/schema.org","@graph":[{"@type":"WebPage","@id":"https:\/\/tie-products.com\/fr\/produkt\/tie-studio-dynamic-xlr-mic-ttdm-1500\/","url":"https:\/\/tie-products.com\/fr\/produkt\/tie-studio-dynamic-xlr-mic-ttdm-1500\/","name":"TIE Studio - Dynamic XLR Mic (TTDM-1500) - E-Commerce-Revolution","isPartOf":{"@id":"https:\/\/tie-products.com\/pl\/#website"},"primaryImageOfPage":{"@id":"https:\/\/tie-products.com\/fr\/produkt\/tie-studio-dynamic-xlr-mic-ttdm-1500\/#primaryimage"},"image":{"@id":"https:\/\/tie-products.com\/fr\/produkt\/tie-studio-dynamic-xlr-mic-ttdm-1500\/#primaryimage"},"thumbnailUrl":"https:\/\/tie-products.com\/wp-content\/uploads\/2018\/09\/ttdm1500.jpg","datePublished":"2019-02-16T20:06:12+00:00","dateModified":"2021-01-27T16:16:31+00:00","breadcrumb":{"@id":"https:\/\/tie-products.com\/fr\/produkt\/tie-studio-dynamic-xlr-mic-ttdm-1500\/#breadcrumb"},"inLanguage":"fr-FR","potentialAction":[{"@type":"ReadAction","target":["https:\/\/tie-products.com\/fr\/produkt\/tie-studio-dynamic-xlr-mic-ttdm-1500\/"]}]},{"@type":"ImageObject","inLanguage":"fr-FR","@id":"https:\/\/tie-products.com\/fr\/produkt\/tie-studio-dynamic-xlr-mic-ttdm-1500\/#primaryimage","url":"https:\/\/tie-products.com\/wp-content\/uploads\/2018\/09\/ttdm1500.jpg","contentUrl":"https:\/\/tie-products.com\/wp-content\/uploads\/2018\/09\/ttdm1500.jpg","width":1024,"height":1024},{"@type":"BreadcrumbList","@id":"https:\/\/tie-products.com\/fr\/produkt\/tie-studio-dynamic-xlr-mic-ttdm-1500\/#breadcrumb","itemListElement":[{"@type":"ListItem","position":1,"name":"Home","item":"https:\/\/tie-products.com\/fr\/"},{"@type":"ListItem","position":2,"name":"Shop","item":"https:\/\/tie-products.com\/shop\/"},{"@type":"ListItem","position":3,"name":"TIE Studio &#8211; Dynamic XLR Mic (TTDM-1500)"}]},{"@type":"WebSite","@id":"https:\/\/tie-products.com\/pl\/#website","url":"https:\/\/tie-products.com\/pl\/","name":"E-Commerce-Revolution","description":"Just another WordPress site","potentialAction":[{"@type":"SearchAction","target":{"@type":"EntryPoint","urlTemplate":"https:\/\/tie-products.com\/pl\/?s={search_term_string}"},"query-input":{"@type":"PropertyValueSpecification","valueRequired":true,"valueName":"search_term_string"}}],"inLanguage":"fr-FR"}]}},"_links":{"self":[{"href":"https:\/\/tie-products.com\/fr\/wp-json\/wp\/v2\/product\/11303","targetHints":{"allow":["GET"]}}],"collection":[{"href":"https:\/\/tie-products.com\/fr\/wp-json\/wp\/v2\/product"}],"about":[{"href":"https:\/\/tie-products.com\/fr\/wp-json\/wp\/v2\/types\/product"}],"wp:featuredmedia":[{"embeddable":true,"href":"https:\/\/tie-products.com\/fr\/wp-json\/wp\/v2\/media\/11304"}],"wp:attachment":[{"href":"https:\/\/tie-products.com\/fr\/wp-json\/wp\/v2\/media?parent=11303"}],"wp:term":[{"taxonomy":"product_brand","embeddable":true,"href":"https:\/\/tie-products.com\/fr\/wp-json\/wp\/v2\/product_brand?post=11303"},{"taxonomy":"product_cat","embeddable":true,"href":"https:\/\/tie-products.com\/fr\/wp-json\/wp\/v2\/product_cat?post=11303"},{"taxonomy":"product_tag","embeddable":true,"href":"https:\/\/tie-products.com\/fr\/wp-json\/wp\/v2\/product_tag?post=11303"}],"curies":[{"name":"wp","href":"https:\/\/api.w.org\/{rel}","templated":true}]}}