{"id":11296,"date":"2019-02-16T21:06:12","date_gmt":"2019-02-16T20:06:12","guid":{"rendered":"https:\/\/tie-products.netzspitze.cloud\/produkt\/tie-studio-dynamic-mic-set-bundle-tmsk-100\/"},"modified":"2021-01-27T16:16:18","modified_gmt":"2021-01-27T16:16:18","slug":"tie-studio-dynamic-mic-set-bundle-tmsk-100","status":"publish","type":"product","link":"https:\/\/tie-products.com\/fr\/produkt\/tie-studio-dynamic-mic-set-bundle-tmsk-100\/","title":{"rendered":"TIE Studio &#8211; Dynamic Mic Set Bundle (TMSK-100)"},"content":{"rendered":"<h3>TIE Dynamic Mic Set Bundle avec Dynamic Mic et Dynamic Mic Stand<\/h3>\n<p>Le TIE dynamic Mic est un microphone vocal dynamique avec un mode unidirectionnel.\u00a0Sp\u00e9cialement con\u00e7u pour les enregistrements vocaux, les sessions de karaok\u00e9 et l\u2018utilisation dans votre propre maison, la tonalit\u00e9 brillante et chaleureuse am\u00e9liore les voix les plus diverses. Sa construction robuste combine une capsule de microphone durable et un bo\u00eetier extr\u00eamement r\u00e9sistant. Il peut donc aussi \u00eatre utilis\u00e9 en toute s\u00e9curit\u00e9 \u00e0 l\u2018ext\u00e9rieur. Le support de microphone \u00e0 trois pattes\u00a0r\u00e9glables en hauteur avec une rampe permet de positionner le microphone avec souplesse.\u00a0La hauteur (environ 50 cm jusqu\u2018\u00e0 un maximum de\u00a0180 cm) et l\u2018angle d\u2018inclinaison peuvent \u00eatre r\u00e9gl\u00e9s en continu avec une stabilit\u00e9 \u00e9tonnante. Le socle est main- tenu de tout glissement , gr\u00e2ce aux picots en caout- chouc sur le tr\u00e9pied. Le kit comprend un c\u00e2ble de microphone XLR de 5 m de longueur, un sac, une pince microphone et un adaptateur let\u00e9.<\/p>\n<h4><strong>Caract\u00e9ristiques TIE Dynamic Mic<\/strong><\/h4>\n<ul>\n<li>type: microphone vocal dynamique<\/li>\n<li>Mod\u00e8les de polarit\u00e9: uni<\/li>\n<li>R\u00e9ponse en fr\u00e9quence: 50 Hz \u2013 16 kHz<\/li>\n<li>Sensibilit\u00e9: -54 dB \u00b13 dB (0dB = 1V \/ Pa (\u00e0 1 kHz)<\/li>\n<li>Imp\u00e9dance de sortie: 500 \u03a9 \u00b1 30% (\u00e0 1 kHz)<\/li>\n<li>Bouton d\u2018alimentation: commutateur MARCHE\/ARR\u00caT sur le microphone<\/li>\n<li>Connecteur: XLR<\/li>\n<\/ul>\n<h4><strong>Caract\u00e9ristiques TIE Dynamic Stand<\/strong><\/h4>\n<ul>\n<li>Longueur support: 90 \u2013 150 cm de microphone (r\u00e9glable en hauteur)<\/li>\n<li>Longueur du boom: 80 cm<\/li>\n<li>Poids: 1,9 kg<\/li>\n<li>Mat\u00e9riaux utilis\u00e9s: Plastique et m\u00e9ta<\/li>\n<li>Diam\u00e8tre du letage: Filetage 3\/8\u201c avec adaptateur let\u00e9 5\/8\u201c<\/li>\n<li>couleur: Noir<\/li>\n<\/ul>\n<h4><strong>Package Content<\/strong><\/h4>\n<ul>\n<li>TTDM-1500 Dynamic Mic microphone<\/li>\n<li>Pince microphone<\/li>\n<li>C\u00e2ble de microphone XLR (5 m)<\/li>\n<li>Sac de transport<\/li>\n<\/ul>\n","protected":false},"excerpt":{"rendered":"<p>TIE Dynamic Mic Set Bundle avec Dynamic Mic et Dynamic Mic Stand Le TIE dynamic Mic est un microphone vocal dynamique avec un mode unidirectionnel.\u00a0Sp\u00e9cialement con\u00e7u pour les enregistrements vocaux, les sessions de karaok\u00e9 et l\u2018utilisation dans votre propre maison, la tonalit\u00e9 brillante et chaleureuse am\u00e9liore les voix les plus diverses. Sa construction robuste combine [&hellip;]<\/p>\n","protected":false},"featured_media":11297,"template":"","meta":[],"product_brand":[],"product_cat":[24,25],"product_tag":[],"class_list":{"0":"post-11296","1":"product","2":"type-product","3":"status-publish","4":"has-post-thumbnail","6":"product_cat-tie","7":"product_cat-tie-studio","9":"first","10":"instock","11":"purchasable","12":"product-type-simple"},"yoast_head":"<!-- This site is optimized with the Yoast SEO plugin v25.0 - https:\/\/yoast.com\/wordpress\/plugins\/seo\/ -->\n<title>TIE Studio - Dynamic Mic Set Bundle (TMSK-100) - E-Commerce-Revolution<\/title>\n<meta name=\"robots\" content=\"index, follow, max-snippet:-1, max-image-preview:large, max-video-preview:-1\" \/>\n<link rel=\"canonical\" href=\"https:\/\/tie-products.com\/fr\/produkt\/tie-studio-dynamic-mic-set-bundle-tmsk-100\/\" \/>\n<meta property=\"og:locale\" content=\"fr_FR\" \/>\n<meta property=\"og:type\" content=\"article\" \/>\n<meta property=\"og:title\" content=\"TIE Studio - Dynamic Mic Set Bundle (TMSK-100) - E-Commerce-Revolution\" \/>\n<meta property=\"og:description\" content=\"TIE Dynamic Mic Set Bundle avec Dynamic Mic et Dynamic Mic Stand Le TIE dynamic Mic est un microphone vocal dynamique avec un mode unidirectionnel.\u00a0Sp\u00e9cialement con\u00e7u pour les enregistrements vocaux, les sessions de karaok\u00e9 et l\u2018utilisation dans votre propre maison, la tonalit\u00e9 brillante et chaleureuse am\u00e9liore les voix les plus diverses. Sa construction robuste combine [&hellip;]\" \/>\n<meta property=\"og:url\" content=\"https:\/\/tie-products.com\/fr\/produkt\/tie-studio-dynamic-mic-set-bundle-tmsk-100\/\" \/>\n<meta property=\"og:site_name\" content=\"E-Commerce-Revolution\" \/>\n<meta property=\"article:modified_time\" content=\"2021-01-27T16:16:18+00:00\" \/>\n<meta property=\"og:image\" content=\"https:\/\/tie-products.com\/wp-content\/uploads\/2018\/09\/Mikro-Staender-1.jpg\" \/>\n\t<meta property=\"og:image:width\" content=\"480\" \/>\n\t<meta property=\"og:image:height\" content=\"480\" \/>\n\t<meta property=\"og:image:type\" content=\"image\/jpeg\" \/>\n<meta name=\"twitter:card\" content=\"summary_large_image\" \/>\n<meta name=\"twitter:label1\" content=\"Dur\u00e9e de lecture estim\u00e9e\" \/>\n\t<meta name=\"twitter:data1\" content=\"2 minutes\" \/>\n<script type=\"application\/ld+json\" class=\"yoast-schema-graph\">{\"@context\":\"https:\/\/schema.org\",\"@graph\":[{\"@type\":\"WebPage\",\"@id\":\"https:\/\/tie-products.com\/fr\/produkt\/tie-studio-dynamic-mic-set-bundle-tmsk-100\/\",\"url\":\"https:\/\/tie-products.com\/fr\/produkt\/tie-studio-dynamic-mic-set-bundle-tmsk-100\/\",\"name\":\"TIE Studio - Dynamic Mic Set Bundle (TMSK-100) - E-Commerce-Revolution\",\"isPartOf\":{\"@id\":\"https:\/\/tie-products.com\/pl\/#website\"},\"primaryImageOfPage\":{\"@id\":\"https:\/\/tie-products.com\/fr\/produkt\/tie-studio-dynamic-mic-set-bundle-tmsk-100\/#primaryimage\"},\"image\":{\"@id\":\"https:\/\/tie-products.com\/fr\/produkt\/tie-studio-dynamic-mic-set-bundle-tmsk-100\/#primaryimage\"},\"thumbnailUrl\":\"https:\/\/tie-products.com\/wp-content\/uploads\/2018\/09\/Mikro-Staender-1.jpg\",\"datePublished\":\"2019-02-16T20:06:12+00:00\",\"dateModified\":\"2021-01-27T16:16:18+00:00\",\"breadcrumb\":{\"@id\":\"https:\/\/tie-products.com\/fr\/produkt\/tie-studio-dynamic-mic-set-bundle-tmsk-100\/#breadcrumb\"},\"inLanguage\":\"fr-FR\",\"potentialAction\":[{\"@type\":\"ReadAction\",\"target\":[\"https:\/\/tie-products.com\/fr\/produkt\/tie-studio-dynamic-mic-set-bundle-tmsk-100\/\"]}]},{\"@type\":\"ImageObject\",\"inLanguage\":\"fr-FR\",\"@id\":\"https:\/\/tie-products.com\/fr\/produkt\/tie-studio-dynamic-mic-set-bundle-tmsk-100\/#primaryimage\",\"url\":\"https:\/\/tie-products.com\/wp-content\/uploads\/2018\/09\/Mikro-Staender-1.jpg\",\"contentUrl\":\"https:\/\/tie-products.com\/wp-content\/uploads\/2018\/09\/Mikro-Staender-1.jpg\",\"width\":480,\"height\":480},{\"@type\":\"BreadcrumbList\",\"@id\":\"https:\/\/tie-products.com\/fr\/produkt\/tie-studio-dynamic-mic-set-bundle-tmsk-100\/#breadcrumb\",\"itemListElement\":[{\"@type\":\"ListItem\",\"position\":1,\"name\":\"Home\",\"item\":\"https:\/\/tie-products.com\/fr\/\"},{\"@type\":\"ListItem\",\"position\":2,\"name\":\"Shop\",\"item\":\"https:\/\/tie-products.com\/shop\/\"},{\"@type\":\"ListItem\",\"position\":3,\"name\":\"TIE Studio &#8211; Dynamic Mic Set Bundle (TMSK-100)\"}]},{\"@type\":\"WebSite\",\"@id\":\"https:\/\/tie-products.com\/pl\/#website\",\"url\":\"https:\/\/tie-products.com\/pl\/\",\"name\":\"E-Commerce-Revolution\",\"description\":\"Just another WordPress site\",\"potentialAction\":[{\"@type\":\"SearchAction\",\"target\":{\"@type\":\"EntryPoint\",\"urlTemplate\":\"https:\/\/tie-products.com\/pl\/?s={search_term_string}\"},\"query-input\":{\"@type\":\"PropertyValueSpecification\",\"valueRequired\":true,\"valueName\":\"search_term_string\"}}],\"inLanguage\":\"fr-FR\"}]}<\/script>\n<!-- \/ Yoast SEO plugin. -->","yoast_head_json":{"title":"TIE Studio - Dynamic Mic Set Bundle (TMSK-100) - E-Commerce-Revolution","robots":{"index":"index","follow":"follow","max-snippet":"max-snippet:-1","max-image-preview":"max-image-preview:large","max-video-preview":"max-video-preview:-1"},"canonical":"https:\/\/tie-products.com\/fr\/produkt\/tie-studio-dynamic-mic-set-bundle-tmsk-100\/","og_locale":"fr_FR","og_type":"article","og_title":"TIE Studio - Dynamic Mic Set Bundle (TMSK-100) - E-Commerce-Revolution","og_description":"TIE Dynamic Mic Set Bundle avec Dynamic Mic et Dynamic Mic Stand Le TIE dynamic Mic est un microphone vocal dynamique avec un mode unidirectionnel.\u00a0Sp\u00e9cialement con\u00e7u pour les enregistrements vocaux, les sessions de karaok\u00e9 et l\u2018utilisation dans votre propre maison, la tonalit\u00e9 brillante et chaleureuse am\u00e9liore les voix les plus diverses. Sa construction robuste combine [&hellip;]","og_url":"https:\/\/tie-products.com\/fr\/produkt\/tie-studio-dynamic-mic-set-bundle-tmsk-100\/","og_site_name":"E-Commerce-Revolution","article_modified_time":"2021-01-27T16:16:18+00:00","og_image":[{"width":480,"height":480,"url":"https:\/\/tie-products.com\/wp-content\/uploads\/2018\/09\/Mikro-Staender-1.jpg","type":"image\/jpeg"}],"twitter_card":"summary_large_image","twitter_misc":{"Dur\u00e9e de lecture estim\u00e9e":"2 minutes"},"schema":{"@context":"https:\/\/schema.org","@graph":[{"@type":"WebPage","@id":"https:\/\/tie-products.com\/fr\/produkt\/tie-studio-dynamic-mic-set-bundle-tmsk-100\/","url":"https:\/\/tie-products.com\/fr\/produkt\/tie-studio-dynamic-mic-set-bundle-tmsk-100\/","name":"TIE Studio - Dynamic Mic Set Bundle (TMSK-100) - E-Commerce-Revolution","isPartOf":{"@id":"https:\/\/tie-products.com\/pl\/#website"},"primaryImageOfPage":{"@id":"https:\/\/tie-products.com\/fr\/produkt\/tie-studio-dynamic-mic-set-bundle-tmsk-100\/#primaryimage"},"image":{"@id":"https:\/\/tie-products.com\/fr\/produkt\/tie-studio-dynamic-mic-set-bundle-tmsk-100\/#primaryimage"},"thumbnailUrl":"https:\/\/tie-products.com\/wp-content\/uploads\/2018\/09\/Mikro-Staender-1.jpg","datePublished":"2019-02-16T20:06:12+00:00","dateModified":"2021-01-27T16:16:18+00:00","breadcrumb":{"@id":"https:\/\/tie-products.com\/fr\/produkt\/tie-studio-dynamic-mic-set-bundle-tmsk-100\/#breadcrumb"},"inLanguage":"fr-FR","potentialAction":[{"@type":"ReadAction","target":["https:\/\/tie-products.com\/fr\/produkt\/tie-studio-dynamic-mic-set-bundle-tmsk-100\/"]}]},{"@type":"ImageObject","inLanguage":"fr-FR","@id":"https:\/\/tie-products.com\/fr\/produkt\/tie-studio-dynamic-mic-set-bundle-tmsk-100\/#primaryimage","url":"https:\/\/tie-products.com\/wp-content\/uploads\/2018\/09\/Mikro-Staender-1.jpg","contentUrl":"https:\/\/tie-products.com\/wp-content\/uploads\/2018\/09\/Mikro-Staender-1.jpg","width":480,"height":480},{"@type":"BreadcrumbList","@id":"https:\/\/tie-products.com\/fr\/produkt\/tie-studio-dynamic-mic-set-bundle-tmsk-100\/#breadcrumb","itemListElement":[{"@type":"ListItem","position":1,"name":"Home","item":"https:\/\/tie-products.com\/fr\/"},{"@type":"ListItem","position":2,"name":"Shop","item":"https:\/\/tie-products.com\/shop\/"},{"@type":"ListItem","position":3,"name":"TIE Studio &#8211; Dynamic Mic Set Bundle (TMSK-100)"}]},{"@type":"WebSite","@id":"https:\/\/tie-products.com\/pl\/#website","url":"https:\/\/tie-products.com\/pl\/","name":"E-Commerce-Revolution","description":"Just another WordPress site","potentialAction":[{"@type":"SearchAction","target":{"@type":"EntryPoint","urlTemplate":"https:\/\/tie-products.com\/pl\/?s={search_term_string}"},"query-input":{"@type":"PropertyValueSpecification","valueRequired":true,"valueName":"search_term_string"}}],"inLanguage":"fr-FR"}]}},"_links":{"self":[{"href":"https:\/\/tie-products.com\/fr\/wp-json\/wp\/v2\/product\/11296","targetHints":{"allow":["GET"]}}],"collection":[{"href":"https:\/\/tie-products.com\/fr\/wp-json\/wp\/v2\/product"}],"about":[{"href":"https:\/\/tie-products.com\/fr\/wp-json\/wp\/v2\/types\/product"}],"wp:featuredmedia":[{"embeddable":true,"href":"https:\/\/tie-products.com\/fr\/wp-json\/wp\/v2\/media\/11297"}],"wp:attachment":[{"href":"https:\/\/tie-products.com\/fr\/wp-json\/wp\/v2\/media?parent=11296"}],"wp:term":[{"taxonomy":"product_brand","embeddable":true,"href":"https:\/\/tie-products.com\/fr\/wp-json\/wp\/v2\/product_brand?post=11296"},{"taxonomy":"product_cat","embeddable":true,"href":"https:\/\/tie-products.com\/fr\/wp-json\/wp\/v2\/product_cat?post=11296"},{"taxonomy":"product_tag","embeddable":true,"href":"https:\/\/tie-products.com\/fr\/wp-json\/wp\/v2\/product_tag?post=11296"}],"curies":[{"name":"wp","href":"https:\/\/api.w.org\/{rel}","templated":true}]}}