{"id":11284,"date":"2019-08-07T23:28:08","date_gmt":"2019-08-07T21:28:08","guid":{"rendered":"https:\/\/tie-products.netzspitze.cloud\/produkt\/usb-boundary-conference-microphone-tg11\/"},"modified":"2021-01-27T17:06:19","modified_gmt":"2021-01-27T17:06:19","slug":"usb-boundary-conference-microphone-tg11","status":"publish","type":"product","link":"https:\/\/tie-products.com\/fr\/produkt\/usb-boundary-conference-microphone-tg11\/","title":{"rendered":"Micro p\u00e9riph\u00e9rique USB pour conf\u00e9rences"},"content":{"rendered":"<p><strong>Micro \u00e0 effet de surface avec condensateur USB<\/strong><\/p>\n<p>Dot\u00e9 d\u2019une capsule double condensateur omnidirectionnelle, le TG11 sera parfait pour capter et transmettre les discussions lors de r\u00e9unions, p. ex. Gr\u00e2ce \u00e0 son bo\u00eetier en m\u00e9tal r\u00e9sistant et \u00e0 son filtre anti-pop int\u00e9gr\u00e9, il s\u2019adapte \u00e0 presque toutes les situations. La fonction \u00ab\u00a0muet\u00a0\u00bb et l\u2019interface USB Plug&amp;Play facilitent son utilisation.<\/p>\n<p><strong>Caract\u00e9ristiques :<\/strong><\/p>\n<ul>\n<li>Capsule double condensateur, omnidirectionnelle<\/li>\n<li>C\u00e2ble USB textile fixe<\/li>\n<li>Fonction \u00ab\u00a0muet\u00a0\u00bb avec commande tactile et affichage LED<\/li>\n<li>Alimentation \u00e9lectrique via USB<\/li>\n<li>Conception \u00ab\u00a0Plug &amp; Play\u00a0\u00bb (pas besoin d\u2019installer de pilotes)<\/li>\n<li>USB compatible natif sous Windows et Mac OSX<\/li>\n<li>R\u00e9ponse en fr\u00e9quence: 50 Hz \u2013 16 kHz<\/li>\n<li>Dimensions (lxhxp): 80x19x84 mm<\/li>\n<\/ul>\n","protected":false},"excerpt":{"rendered":"<p>Micro \u00e0 effet de surface avec condensateur USB Dot\u00e9 d\u2019une capsule double condensateur omnidirectionnelle, le TG11 sera parfait pour capter et transmettre les discussions lors de r\u00e9unions, p. ex. Gr\u00e2ce \u00e0 son bo\u00eetier en m\u00e9tal r\u00e9sistant et \u00e0 son filtre anti-pop int\u00e9gr\u00e9, il s\u2019adapte \u00e0 presque toutes les situations. La fonction \u00ab\u00a0muet\u00a0\u00bb et l\u2019interface USB [&hellip;]<\/p>\n","protected":false},"featured_media":11285,"template":"","meta":[],"product_brand":[],"product_cat":[24,25],"product_tag":[],"class_list":{"0":"post-11284","1":"product","2":"type-product","3":"status-publish","4":"has-post-thumbnail","6":"product_cat-tie","7":"product_cat-tie-studio","9":"first","10":"instock","11":"shipping-taxable","12":"purchasable","13":"product-type-simple"},"yoast_head":"<!-- This site is optimized with the Yoast SEO plugin v25.0 - https:\/\/yoast.com\/wordpress\/plugins\/seo\/ -->\n<title>Micro p\u00e9riph\u00e9rique USB pour conf\u00e9rences - E-Commerce-Revolution<\/title>\n<meta name=\"robots\" content=\"index, follow, max-snippet:-1, max-image-preview:large, max-video-preview:-1\" \/>\n<link rel=\"canonical\" href=\"https:\/\/tie-products.com\/fr\/produkt\/usb-boundary-conference-microphone-tg11\/\" \/>\n<meta property=\"og:locale\" content=\"fr_FR\" \/>\n<meta property=\"og:type\" content=\"article\" \/>\n<meta property=\"og:title\" content=\"Micro p\u00e9riph\u00e9rique USB pour conf\u00e9rences - E-Commerce-Revolution\" \/>\n<meta property=\"og:description\" content=\"Micro \u00e0 effet de surface avec condensateur USB Dot\u00e9 d\u2019une capsule double condensateur omnidirectionnelle, le TG11 sera parfait pour capter et transmettre les discussions lors de r\u00e9unions, p. ex. Gr\u00e2ce \u00e0 son bo\u00eetier en m\u00e9tal r\u00e9sistant et \u00e0 son filtre anti-pop int\u00e9gr\u00e9, il s\u2019adapte \u00e0 presque toutes les situations. La fonction \u00ab\u00a0muet\u00a0\u00bb et l\u2019interface USB [&hellip;]\" \/>\n<meta property=\"og:url\" content=\"https:\/\/tie-products.com\/fr\/produkt\/usb-boundary-conference-microphone-tg11\/\" \/>\n<meta property=\"og:site_name\" content=\"E-Commerce-Revolution\" \/>\n<meta property=\"article:modified_time\" content=\"2021-01-27T17:06:19+00:00\" \/>\n<meta property=\"og:image\" content=\"https:\/\/tie-products.com\/wp-content\/uploads\/2019\/08\/foto-verpackung-scaled.jpg\" \/>\n\t<meta property=\"og:image:width\" content=\"2560\" \/>\n\t<meta property=\"og:image:height\" content=\"2560\" \/>\n\t<meta property=\"og:image:type\" content=\"image\/jpeg\" \/>\n<meta name=\"twitter:card\" content=\"summary_large_image\" \/>\n<meta name=\"twitter:label1\" content=\"Dur\u00e9e de lecture estim\u00e9e\" \/>\n\t<meta name=\"twitter:data1\" content=\"1 minute\" \/>\n<script type=\"application\/ld+json\" class=\"yoast-schema-graph\">{\"@context\":\"https:\/\/schema.org\",\"@graph\":[{\"@type\":\"WebPage\",\"@id\":\"https:\/\/tie-products.com\/fr\/produkt\/usb-boundary-conference-microphone-tg11\/\",\"url\":\"https:\/\/tie-products.com\/fr\/produkt\/usb-boundary-conference-microphone-tg11\/\",\"name\":\"Micro p\u00e9riph\u00e9rique USB pour conf\u00e9rences - E-Commerce-Revolution\",\"isPartOf\":{\"@id\":\"https:\/\/tie-products.com\/pl\/#website\"},\"primaryImageOfPage\":{\"@id\":\"https:\/\/tie-products.com\/fr\/produkt\/usb-boundary-conference-microphone-tg11\/#primaryimage\"},\"image\":{\"@id\":\"https:\/\/tie-products.com\/fr\/produkt\/usb-boundary-conference-microphone-tg11\/#primaryimage\"},\"thumbnailUrl\":\"https:\/\/tie-products.com\/wp-content\/uploads\/2019\/08\/foto-verpackung-scaled.jpg\",\"datePublished\":\"2019-08-07T21:28:08+00:00\",\"dateModified\":\"2021-01-27T17:06:19+00:00\",\"breadcrumb\":{\"@id\":\"https:\/\/tie-products.com\/fr\/produkt\/usb-boundary-conference-microphone-tg11\/#breadcrumb\"},\"inLanguage\":\"fr-FR\",\"potentialAction\":[{\"@type\":\"ReadAction\",\"target\":[\"https:\/\/tie-products.com\/fr\/produkt\/usb-boundary-conference-microphone-tg11\/\"]}]},{\"@type\":\"ImageObject\",\"inLanguage\":\"fr-FR\",\"@id\":\"https:\/\/tie-products.com\/fr\/produkt\/usb-boundary-conference-microphone-tg11\/#primaryimage\",\"url\":\"https:\/\/tie-products.com\/wp-content\/uploads\/2019\/08\/foto-verpackung-scaled.jpg\",\"contentUrl\":\"https:\/\/tie-products.com\/wp-content\/uploads\/2019\/08\/foto-verpackung-scaled.jpg\",\"width\":2560,\"height\":2560},{\"@type\":\"BreadcrumbList\",\"@id\":\"https:\/\/tie-products.com\/fr\/produkt\/usb-boundary-conference-microphone-tg11\/#breadcrumb\",\"itemListElement\":[{\"@type\":\"ListItem\",\"position\":1,\"name\":\"Home\",\"item\":\"https:\/\/tie-products.com\/fr\/\"},{\"@type\":\"ListItem\",\"position\":2,\"name\":\"Shop\",\"item\":\"https:\/\/tie-products.com\/shop\/\"},{\"@type\":\"ListItem\",\"position\":3,\"name\":\"Micro p\u00e9riph\u00e9rique USB pour conf\u00e9rences\"}]},{\"@type\":\"WebSite\",\"@id\":\"https:\/\/tie-products.com\/pl\/#website\",\"url\":\"https:\/\/tie-products.com\/pl\/\",\"name\":\"E-Commerce-Revolution\",\"description\":\"Just another WordPress site\",\"potentialAction\":[{\"@type\":\"SearchAction\",\"target\":{\"@type\":\"EntryPoint\",\"urlTemplate\":\"https:\/\/tie-products.com\/pl\/?s={search_term_string}\"},\"query-input\":{\"@type\":\"PropertyValueSpecification\",\"valueRequired\":true,\"valueName\":\"search_term_string\"}}],\"inLanguage\":\"fr-FR\"}]}<\/script>\n<!-- \/ Yoast SEO plugin. -->","yoast_head_json":{"title":"Micro p\u00e9riph\u00e9rique USB pour conf\u00e9rences - E-Commerce-Revolution","robots":{"index":"index","follow":"follow","max-snippet":"max-snippet:-1","max-image-preview":"max-image-preview:large","max-video-preview":"max-video-preview:-1"},"canonical":"https:\/\/tie-products.com\/fr\/produkt\/usb-boundary-conference-microphone-tg11\/","og_locale":"fr_FR","og_type":"article","og_title":"Micro p\u00e9riph\u00e9rique USB pour conf\u00e9rences - E-Commerce-Revolution","og_description":"Micro \u00e0 effet de surface avec condensateur USB Dot\u00e9 d\u2019une capsule double condensateur omnidirectionnelle, le TG11 sera parfait pour capter et transmettre les discussions lors de r\u00e9unions, p. ex. Gr\u00e2ce \u00e0 son bo\u00eetier en m\u00e9tal r\u00e9sistant et \u00e0 son filtre anti-pop int\u00e9gr\u00e9, il s\u2019adapte \u00e0 presque toutes les situations. La fonction \u00ab\u00a0muet\u00a0\u00bb et l\u2019interface USB [&hellip;]","og_url":"https:\/\/tie-products.com\/fr\/produkt\/usb-boundary-conference-microphone-tg11\/","og_site_name":"E-Commerce-Revolution","article_modified_time":"2021-01-27T17:06:19+00:00","og_image":[{"width":2560,"height":2560,"url":"https:\/\/tie-products.com\/wp-content\/uploads\/2019\/08\/foto-verpackung-scaled.jpg","type":"image\/jpeg"}],"twitter_card":"summary_large_image","twitter_misc":{"Dur\u00e9e de lecture estim\u00e9e":"1 minute"},"schema":{"@context":"https:\/\/schema.org","@graph":[{"@type":"WebPage","@id":"https:\/\/tie-products.com\/fr\/produkt\/usb-boundary-conference-microphone-tg11\/","url":"https:\/\/tie-products.com\/fr\/produkt\/usb-boundary-conference-microphone-tg11\/","name":"Micro p\u00e9riph\u00e9rique USB pour conf\u00e9rences - E-Commerce-Revolution","isPartOf":{"@id":"https:\/\/tie-products.com\/pl\/#website"},"primaryImageOfPage":{"@id":"https:\/\/tie-products.com\/fr\/produkt\/usb-boundary-conference-microphone-tg11\/#primaryimage"},"image":{"@id":"https:\/\/tie-products.com\/fr\/produkt\/usb-boundary-conference-microphone-tg11\/#primaryimage"},"thumbnailUrl":"https:\/\/tie-products.com\/wp-content\/uploads\/2019\/08\/foto-verpackung-scaled.jpg","datePublished":"2019-08-07T21:28:08+00:00","dateModified":"2021-01-27T17:06:19+00:00","breadcrumb":{"@id":"https:\/\/tie-products.com\/fr\/produkt\/usb-boundary-conference-microphone-tg11\/#breadcrumb"},"inLanguage":"fr-FR","potentialAction":[{"@type":"ReadAction","target":["https:\/\/tie-products.com\/fr\/produkt\/usb-boundary-conference-microphone-tg11\/"]}]},{"@type":"ImageObject","inLanguage":"fr-FR","@id":"https:\/\/tie-products.com\/fr\/produkt\/usb-boundary-conference-microphone-tg11\/#primaryimage","url":"https:\/\/tie-products.com\/wp-content\/uploads\/2019\/08\/foto-verpackung-scaled.jpg","contentUrl":"https:\/\/tie-products.com\/wp-content\/uploads\/2019\/08\/foto-verpackung-scaled.jpg","width":2560,"height":2560},{"@type":"BreadcrumbList","@id":"https:\/\/tie-products.com\/fr\/produkt\/usb-boundary-conference-microphone-tg11\/#breadcrumb","itemListElement":[{"@type":"ListItem","position":1,"name":"Home","item":"https:\/\/tie-products.com\/fr\/"},{"@type":"ListItem","position":2,"name":"Shop","item":"https:\/\/tie-products.com\/shop\/"},{"@type":"ListItem","position":3,"name":"Micro p\u00e9riph\u00e9rique USB pour conf\u00e9rences"}]},{"@type":"WebSite","@id":"https:\/\/tie-products.com\/pl\/#website","url":"https:\/\/tie-products.com\/pl\/","name":"E-Commerce-Revolution","description":"Just another WordPress site","potentialAction":[{"@type":"SearchAction","target":{"@type":"EntryPoint","urlTemplate":"https:\/\/tie-products.com\/pl\/?s={search_term_string}"},"query-input":{"@type":"PropertyValueSpecification","valueRequired":true,"valueName":"search_term_string"}}],"inLanguage":"fr-FR"}]}},"_links":{"self":[{"href":"https:\/\/tie-products.com\/fr\/wp-json\/wp\/v2\/product\/11284","targetHints":{"allow":["GET"]}}],"collection":[{"href":"https:\/\/tie-products.com\/fr\/wp-json\/wp\/v2\/product"}],"about":[{"href":"https:\/\/tie-products.com\/fr\/wp-json\/wp\/v2\/types\/product"}],"wp:featuredmedia":[{"embeddable":true,"href":"https:\/\/tie-products.com\/fr\/wp-json\/wp\/v2\/media\/11285"}],"wp:attachment":[{"href":"https:\/\/tie-products.com\/fr\/wp-json\/wp\/v2\/media?parent=11284"}],"wp:term":[{"taxonomy":"product_brand","embeddable":true,"href":"https:\/\/tie-products.com\/fr\/wp-json\/wp\/v2\/product_brand?post=11284"},{"taxonomy":"product_cat","embeddable":true,"href":"https:\/\/tie-products.com\/fr\/wp-json\/wp\/v2\/product_cat?post=11284"},{"taxonomy":"product_tag","embeddable":true,"href":"https:\/\/tie-products.com\/fr\/wp-json\/wp\/v2\/product_tag?post=11284"}],"curies":[{"name":"wp","href":"https:\/\/api.w.org\/{rel}","templated":true}]}}