{"id":11276,"date":"2020-03-06T14:06:57","date_gmt":"2020-03-06T13:06:57","guid":{"rendered":"https:\/\/tie-products.netzspitze.cloud\/produkt\/waterproof-wireless-earbuds-tbe1018\/"},"modified":"2021-02-20T17:51:33","modified_gmt":"2021-02-20T17:51:33","slug":"waterproof-wireless-earbuds-tbe1018","status":"publish","type":"product","link":"https:\/\/tie-products.com\/fr\/produkt\/waterproof-wireless-earbuds-tbe1018\/","title":{"rendered":"Tie Audio \u00c9couteurs sans Fil \u00e9tanches avec Powerbank"},"content":{"rendered":"<p><strong>\u00c9couteurs sans Fil \u00e9tanches avec Powerbank<\/strong><\/p>\n<p>TIE Audio pr\u00e9sente des \u00e9couteurs Bluetooth \u00e9tanches dans un design robuste et bien ajust\u00e9. Id\u00e9al pour le sport et les activit\u00e9s de plein air, le casque audio TIE l\u00e9ger offre une qualit\u00e9 sonore parfaite gr\u00e2ce au Bluetooth 5.0 et au dernier chipset. La banque d&rsquo;alimentation incluse charge les \u00e9couteurs TBE1018 jusqu&rsquo;\u00e0 4 fois. Les \u00e9couteurs intra-auriculaires TIE Audio TBE1018 ont un bouton int\u00e9gr\u00e9 dans le combin\u00e9 qui vous permet d&rsquo;avancer et de reculer facilement les chansons ou de r\u00e9gler le volume pendant la lecture. Le microphone int\u00e9gr\u00e9 vous permet \u00e9galement de passer des appels t\u00e9l\u00e9phoniques. Les \u00e9couteurs intra-auriculaires sont fabriqu\u00e9s en mat\u00e9riau r\u00e9sistant \u00e0 la transpiration et hydrofuge et sont livr\u00e9s avec des bouchons d&rsquo;oreille rempla\u00e7ables (pour diff\u00e9rentes tailles d&rsquo;oreille). Un c\u00e2ble de charge (USB vers Mini USB) et un manuel d&rsquo;utilisation sont \u00e9galement inclus.<\/p>\n\n\t\t<style type=\"text\/css\">\n\t\t\t#gallery-1 {\n\t\t\t\tmargin: auto;\n\t\t\t}\n\t\t\t#gallery-1 .gallery-item {\n\t\t\t\tfloat: left;\n\t\t\t\tmargin-top: 10px;\n\t\t\t\ttext-align: center;\n\t\t\t\twidth: 25%;\n\t\t\t}\n\t\t\t#gallery-1 img {\n\t\t\t\tborder: 2px solid #cfcfcf;\n\t\t\t}\n\t\t\t#gallery-1 .gallery-caption {\n\t\t\t\tmargin-left: 0;\n\t\t\t}\n\t\t\t\/* see gallery_shortcode() in wp-includes\/media.php *\/\n\t\t<\/style>\n\t\t<div id='gallery-1' class='gallery galleryid-11276 gallery-columns-4 gallery-size-medium'><dl class='gallery-item'>\n\t\t\t<dt class='gallery-icon landscape'>\n\t\t\t\t<a href='https:\/\/tie-products.com\/wp-content\/uploads\/2020\/03\/TIE-TB1018-V1.jpg'><img loading=\"lazy\" decoding=\"async\" width=\"300\" height=\"300\" src=\"https:\/\/tie-products.com\/wp-content\/uploads\/2020\/03\/TIE-TB1018-V1-300x300.jpg\" class=\"attachment-medium size-medium\" alt=\"\" srcset=\"https:\/\/tie-products.com\/wp-content\/uploads\/2020\/03\/TIE-TB1018-V1-300x300.jpg 300w, https:\/\/tie-products.com\/wp-content\/uploads\/2020\/03\/TIE-TB1018-V1-100x100.jpg 100w, https:\/\/tie-products.com\/wp-content\/uploads\/2020\/03\/TIE-TB1018-V1-600x600.jpg 600w, https:\/\/tie-products.com\/wp-content\/uploads\/2020\/03\/TIE-TB1018-V1-1030x1030.jpg 1030w, https:\/\/tie-products.com\/wp-content\/uploads\/2020\/03\/TIE-TB1018-V1-80x80.jpg 80w, https:\/\/tie-products.com\/wp-content\/uploads\/2020\/03\/TIE-TB1018-V1-768x768.jpg 768w, https:\/\/tie-products.com\/wp-content\/uploads\/2020\/03\/TIE-TB1018-V1-36x36.jpg 36w, https:\/\/tie-products.com\/wp-content\/uploads\/2020\/03\/TIE-TB1018-V1-180x180.jpg 180w, https:\/\/tie-products.com\/wp-content\/uploads\/2020\/03\/TIE-TB1018-V1.jpg 1500w, https:\/\/tie-products.com\/wp-content\/uploads\/2020\/03\/TIE-TB1018-V1-705x705.jpg 705w\" sizes=\"auto, (max-width: 300px) 100vw, 300px\" \/><\/a>\n\t\t\t<\/dt><\/dl><dl class='gallery-item'>\n\t\t\t<dt class='gallery-icon landscape'>\n\t\t\t\t<a href='https:\/\/tie-products.com\/wp-content\/uploads\/2020\/03\/TIE-TB1018-V2.jpg'><img loading=\"lazy\" decoding=\"async\" width=\"300\" height=\"300\" src=\"https:\/\/tie-products.com\/wp-content\/uploads\/2020\/03\/TIE-TB1018-V2-300x300.jpg\" class=\"attachment-medium size-medium\" alt=\"\" srcset=\"https:\/\/tie-products.com\/wp-content\/uploads\/2020\/03\/TIE-TB1018-V2-300x300.jpg 300w, https:\/\/tie-products.com\/wp-content\/uploads\/2020\/03\/TIE-TB1018-V2-100x100.jpg 100w, https:\/\/tie-products.com\/wp-content\/uploads\/2020\/03\/TIE-TB1018-V2-600x600.jpg 600w, https:\/\/tie-products.com\/wp-content\/uploads\/2020\/03\/TIE-TB1018-V2-1030x1030.jpg 1030w, https:\/\/tie-products.com\/wp-content\/uploads\/2020\/03\/TIE-TB1018-V2-80x80.jpg 80w, https:\/\/tie-products.com\/wp-content\/uploads\/2020\/03\/TIE-TB1018-V2-768x768.jpg 768w, https:\/\/tie-products.com\/wp-content\/uploads\/2020\/03\/TIE-TB1018-V2-36x36.jpg 36w, https:\/\/tie-products.com\/wp-content\/uploads\/2020\/03\/TIE-TB1018-V2-180x180.jpg 180w, https:\/\/tie-products.com\/wp-content\/uploads\/2020\/03\/TIE-TB1018-V2.jpg 1500w, https:\/\/tie-products.com\/wp-content\/uploads\/2020\/03\/TIE-TB1018-V2-705x705.jpg 705w\" sizes=\"auto, (max-width: 300px) 100vw, 300px\" \/><\/a>\n\t\t\t<\/dt><\/dl><dl class='gallery-item'>\n\t\t\t<dt class='gallery-icon landscape'>\n\t\t\t\t<a href='https:\/\/tie-products.com\/wp-content\/uploads\/2020\/03\/TIE-TB1018-V3.jpg'><img loading=\"lazy\" decoding=\"async\" width=\"300\" height=\"300\" src=\"https:\/\/tie-products.com\/wp-content\/uploads\/2020\/03\/TIE-TB1018-V3-300x300.jpg\" class=\"attachment-medium size-medium\" alt=\"\" srcset=\"https:\/\/tie-products.com\/wp-content\/uploads\/2020\/03\/TIE-TB1018-V3-300x300.jpg 300w, https:\/\/tie-products.com\/wp-content\/uploads\/2020\/03\/TIE-TB1018-V3-100x100.jpg 100w, https:\/\/tie-products.com\/wp-content\/uploads\/2020\/03\/TIE-TB1018-V3-600x600.jpg 600w, https:\/\/tie-products.com\/wp-content\/uploads\/2020\/03\/TIE-TB1018-V3-1030x1030.jpg 1030w, https:\/\/tie-products.com\/wp-content\/uploads\/2020\/03\/TIE-TB1018-V3-80x80.jpg 80w, https:\/\/tie-products.com\/wp-content\/uploads\/2020\/03\/TIE-TB1018-V3-768x768.jpg 768w, https:\/\/tie-products.com\/wp-content\/uploads\/2020\/03\/TIE-TB1018-V3-36x36.jpg 36w, https:\/\/tie-products.com\/wp-content\/uploads\/2020\/03\/TIE-TB1018-V3-180x180.jpg 180w, https:\/\/tie-products.com\/wp-content\/uploads\/2020\/03\/TIE-TB1018-V3.jpg 1500w, https:\/\/tie-products.com\/wp-content\/uploads\/2020\/03\/TIE-TB1018-V3-705x705.jpg 705w\" sizes=\"auto, (max-width: 300px) 100vw, 300px\" \/><\/a>\n\t\t\t<\/dt><\/dl><dl class='gallery-item'>\n\t\t\t<dt class='gallery-icon landscape'>\n\t\t\t\t<a href='https:\/\/tie-products.com\/wp-content\/uploads\/2020\/03\/TIE-TB1018-V4.jpg'><img loading=\"lazy\" decoding=\"async\" width=\"300\" height=\"300\" src=\"https:\/\/tie-products.com\/wp-content\/uploads\/2020\/03\/TIE-TB1018-V4-300x300.jpg\" class=\"attachment-medium size-medium\" alt=\"\" srcset=\"https:\/\/tie-products.com\/wp-content\/uploads\/2020\/03\/TIE-TB1018-V4-300x300.jpg 300w, https:\/\/tie-products.com\/wp-content\/uploads\/2020\/03\/TIE-TB1018-V4-100x100.jpg 100w, https:\/\/tie-products.com\/wp-content\/uploads\/2020\/03\/TIE-TB1018-V4-600x600.jpg 600w, https:\/\/tie-products.com\/wp-content\/uploads\/2020\/03\/TIE-TB1018-V4-1030x1030.jpg 1030w, https:\/\/tie-products.com\/wp-content\/uploads\/2020\/03\/TIE-TB1018-V4-80x80.jpg 80w, https:\/\/tie-products.com\/wp-content\/uploads\/2020\/03\/TIE-TB1018-V4-768x768.jpg 768w, https:\/\/tie-products.com\/wp-content\/uploads\/2020\/03\/TIE-TB1018-V4-36x36.jpg 36w, https:\/\/tie-products.com\/wp-content\/uploads\/2020\/03\/TIE-TB1018-V4-180x180.jpg 180w, https:\/\/tie-products.com\/wp-content\/uploads\/2020\/03\/TIE-TB1018-V4.jpg 1500w, https:\/\/tie-products.com\/wp-content\/uploads\/2020\/03\/TIE-TB1018-V4-705x705.jpg 705w\" sizes=\"auto, (max-width: 300px) 100vw, 300px\" \/><\/a>\n\t\t\t<\/dt><\/dl><br style=\"clear: both\" \/>\n\t\t<\/div>\n\n<p><strong>Caract\u00e9ristiques:<\/strong><\/p>\n<ul>\n<li>\u00e9couteurs st\u00e9r\u00e9o Bluetooth<\/li>\n<li>\u00e9tanches conform\u00e9ment \u00e0 la norme IPX7<\/li>\n<li>id\u00e9al pour les activit\u00e9s de plein air et sportives<\/li>\n<li>Bluetooth 5.0<\/li>\n<li>haute qualit\u00e9 sonore<\/li>\n<li>10 m\u00e8tres de distance pour source possible<\/li>\n<li>grand confort de port gr\u00e2ce au support de fixation interchangeable<\/li>\n<li>compatible avec la plupart des smartphones et tablettes<\/li>\n<li>Bluetooth compatible avec iOS et Android<\/li>\n<li>jusqu&rsquo;\u00e0 10 heures d&rsquo;appels ou d&rsquo;\u00e9coute de la musique<\/li>\n<li>Touche multifonction pour accepter les appels, volume, titre avant\/arri\u00e8re<\/li>\n<li>Microphone int\u00e9gr\u00e9<\/li>\n<li>batterie lithium-ion 60 mAh int\u00e9gr\u00e9e 60 mAh<\/li>\n<li>Temps de lecture : 4, 5 heures de charge : 1,5 heures P<\/li>\n<li>oids : 7 heures<\/li>\n<li>Support de charge 5 g avec batterie lithium-ion 650 mAh int\u00e9gr\u00e9e.<\/li>\n<li>Dimensions : 95 x 56,5 x 25 mm.<\/li>\n<li>Port micro-USB pour le chargement du c\u00e2ble de charge micro USB inclus.<\/li>\n<li>Couleur : noir.<\/li>\n<\/ul>\n<p><iframe loading=\"lazy\" src=\"https:\/\/www.youtube.com\/embed\/cCBOz85RDfI\" width=\"560\" height=\"315\" frameborder=\"0\" allowfullscreen=\"allowfullscreen\"><\/iframe><\/p>\n","protected":false},"excerpt":{"rendered":"<p>\u00c9couteurs sans Fil \u00e9tanches avec Powerbank TIE Audio pr\u00e9sente des \u00e9couteurs Bluetooth \u00e9tanches dans un design robuste et bien ajust\u00e9. Id\u00e9al pour le sport et les activit\u00e9s de plein air, le casque audio TIE l\u00e9ger offre une qualit\u00e9 sonore parfaite gr\u00e2ce au Bluetooth 5.0 et au dernier chipset. La banque d&rsquo;alimentation incluse charge les \u00e9couteurs [&hellip;]<\/p>\n","protected":false},"featured_media":11934,"template":"","meta":[],"product_brand":[],"product_cat":[24,27],"product_tag":[],"class_list":{"0":"post-11276","1":"product","2":"type-product","3":"status-publish","4":"has-post-thumbnail","6":"product_cat-tie","7":"product_cat-tie-audio","9":"first","10":"instock","11":"shipping-taxable","12":"purchasable","13":"product-type-simple"},"yoast_head":"<!-- This site is optimized with the Yoast SEO plugin v25.0 - https:\/\/yoast.com\/wordpress\/plugins\/seo\/ -->\n<title>Tie Audio \u00c9couteurs sans Fil \u00e9tanches avec Powerbank - E-Commerce-Revolution<\/title>\n<meta name=\"robots\" content=\"index, follow, max-snippet:-1, max-image-preview:large, max-video-preview:-1\" \/>\n<link rel=\"canonical\" href=\"https:\/\/tie-products.com\/fr\/produkt\/waterproof-wireless-earbuds-tbe1018\/\" \/>\n<meta property=\"og:locale\" content=\"fr_FR\" \/>\n<meta property=\"og:type\" content=\"article\" \/>\n<meta property=\"og:title\" content=\"Tie Audio \u00c9couteurs sans Fil \u00e9tanches avec Powerbank - E-Commerce-Revolution\" \/>\n<meta property=\"og:description\" content=\"\u00c9couteurs sans Fil \u00e9tanches avec Powerbank TIE Audio pr\u00e9sente des \u00e9couteurs Bluetooth \u00e9tanches dans un design robuste et bien ajust\u00e9. Id\u00e9al pour le sport et les activit\u00e9s de plein air, le casque audio TIE l\u00e9ger offre une qualit\u00e9 sonore parfaite gr\u00e2ce au Bluetooth 5.0 et au dernier chipset. La banque d&rsquo;alimentation incluse charge les \u00e9couteurs [&hellip;]\" \/>\n<meta property=\"og:url\" content=\"https:\/\/tie-products.com\/fr\/produkt\/waterproof-wireless-earbuds-tbe1018\/\" \/>\n<meta property=\"og:site_name\" content=\"E-Commerce-Revolution\" \/>\n<meta property=\"article:modified_time\" content=\"2021-02-20T17:51:33+00:00\" \/>\n<meta property=\"og:image\" content=\"https:\/\/tie-products.com\/wp-content\/uploads\/2020\/03\/MAIN-new.jpg\" \/>\n\t<meta property=\"og:image:width\" content=\"1000\" \/>\n\t<meta property=\"og:image:height\" content=\"1000\" \/>\n\t<meta property=\"og:image:type\" content=\"image\/jpeg\" \/>\n<meta name=\"twitter:card\" content=\"summary_large_image\" \/>\n<meta name=\"twitter:label1\" content=\"Dur\u00e9e de lecture estim\u00e9e\" \/>\n\t<meta name=\"twitter:data1\" content=\"2 minutes\" \/>\n<script type=\"application\/ld+json\" class=\"yoast-schema-graph\">{\"@context\":\"https:\/\/schema.org\",\"@graph\":[{\"@type\":\"WebPage\",\"@id\":\"https:\/\/tie-products.com\/fr\/produkt\/waterproof-wireless-earbuds-tbe1018\/\",\"url\":\"https:\/\/tie-products.com\/fr\/produkt\/waterproof-wireless-earbuds-tbe1018\/\",\"name\":\"Tie Audio \u00c9couteurs sans Fil \u00e9tanches avec Powerbank - E-Commerce-Revolution\",\"isPartOf\":{\"@id\":\"https:\/\/tie-products.com\/pl\/#website\"},\"primaryImageOfPage\":{\"@id\":\"https:\/\/tie-products.com\/fr\/produkt\/waterproof-wireless-earbuds-tbe1018\/#primaryimage\"},\"image\":{\"@id\":\"https:\/\/tie-products.com\/fr\/produkt\/waterproof-wireless-earbuds-tbe1018\/#primaryimage\"},\"thumbnailUrl\":\"https:\/\/tie-products.com\/wp-content\/uploads\/2020\/03\/MAIN-new.jpg\",\"datePublished\":\"2020-03-06T13:06:57+00:00\",\"dateModified\":\"2021-02-20T17:51:33+00:00\",\"breadcrumb\":{\"@id\":\"https:\/\/tie-products.com\/fr\/produkt\/waterproof-wireless-earbuds-tbe1018\/#breadcrumb\"},\"inLanguage\":\"fr-FR\",\"potentialAction\":[{\"@type\":\"ReadAction\",\"target\":[\"https:\/\/tie-products.com\/fr\/produkt\/waterproof-wireless-earbuds-tbe1018\/\"]}]},{\"@type\":\"ImageObject\",\"inLanguage\":\"fr-FR\",\"@id\":\"https:\/\/tie-products.com\/fr\/produkt\/waterproof-wireless-earbuds-tbe1018\/#primaryimage\",\"url\":\"https:\/\/tie-products.com\/wp-content\/uploads\/2020\/03\/MAIN-new.jpg\",\"contentUrl\":\"https:\/\/tie-products.com\/wp-content\/uploads\/2020\/03\/MAIN-new.jpg\",\"width\":1000,\"height\":1000},{\"@type\":\"BreadcrumbList\",\"@id\":\"https:\/\/tie-products.com\/fr\/produkt\/waterproof-wireless-earbuds-tbe1018\/#breadcrumb\",\"itemListElement\":[{\"@type\":\"ListItem\",\"position\":1,\"name\":\"Home\",\"item\":\"https:\/\/tie-products.com\/fr\/\"},{\"@type\":\"ListItem\",\"position\":2,\"name\":\"Shop\",\"item\":\"https:\/\/tie-products.com\/shop\/\"},{\"@type\":\"ListItem\",\"position\":3,\"name\":\"Tie Audio \u00c9couteurs sans Fil \u00e9tanches avec Powerbank\"}]},{\"@type\":\"WebSite\",\"@id\":\"https:\/\/tie-products.com\/pl\/#website\",\"url\":\"https:\/\/tie-products.com\/pl\/\",\"name\":\"E-Commerce-Revolution\",\"description\":\"Just another WordPress site\",\"potentialAction\":[{\"@type\":\"SearchAction\",\"target\":{\"@type\":\"EntryPoint\",\"urlTemplate\":\"https:\/\/tie-products.com\/pl\/?s={search_term_string}\"},\"query-input\":{\"@type\":\"PropertyValueSpecification\",\"valueRequired\":true,\"valueName\":\"search_term_string\"}}],\"inLanguage\":\"fr-FR\"}]}<\/script>\n<!-- \/ Yoast SEO plugin. -->","yoast_head_json":{"title":"Tie Audio \u00c9couteurs sans Fil \u00e9tanches avec Powerbank - E-Commerce-Revolution","robots":{"index":"index","follow":"follow","max-snippet":"max-snippet:-1","max-image-preview":"max-image-preview:large","max-video-preview":"max-video-preview:-1"},"canonical":"https:\/\/tie-products.com\/fr\/produkt\/waterproof-wireless-earbuds-tbe1018\/","og_locale":"fr_FR","og_type":"article","og_title":"Tie Audio \u00c9couteurs sans Fil \u00e9tanches avec Powerbank - E-Commerce-Revolution","og_description":"\u00c9couteurs sans Fil \u00e9tanches avec Powerbank TIE Audio pr\u00e9sente des \u00e9couteurs Bluetooth \u00e9tanches dans un design robuste et bien ajust\u00e9. Id\u00e9al pour le sport et les activit\u00e9s de plein air, le casque audio TIE l\u00e9ger offre une qualit\u00e9 sonore parfaite gr\u00e2ce au Bluetooth 5.0 et au dernier chipset. La banque d&rsquo;alimentation incluse charge les \u00e9couteurs [&hellip;]","og_url":"https:\/\/tie-products.com\/fr\/produkt\/waterproof-wireless-earbuds-tbe1018\/","og_site_name":"E-Commerce-Revolution","article_modified_time":"2021-02-20T17:51:33+00:00","og_image":[{"width":1000,"height":1000,"url":"https:\/\/tie-products.com\/wp-content\/uploads\/2020\/03\/MAIN-new.jpg","type":"image\/jpeg"}],"twitter_card":"summary_large_image","twitter_misc":{"Dur\u00e9e de lecture estim\u00e9e":"2 minutes"},"schema":{"@context":"https:\/\/schema.org","@graph":[{"@type":"WebPage","@id":"https:\/\/tie-products.com\/fr\/produkt\/waterproof-wireless-earbuds-tbe1018\/","url":"https:\/\/tie-products.com\/fr\/produkt\/waterproof-wireless-earbuds-tbe1018\/","name":"Tie Audio \u00c9couteurs sans Fil \u00e9tanches avec Powerbank - E-Commerce-Revolution","isPartOf":{"@id":"https:\/\/tie-products.com\/pl\/#website"},"primaryImageOfPage":{"@id":"https:\/\/tie-products.com\/fr\/produkt\/waterproof-wireless-earbuds-tbe1018\/#primaryimage"},"image":{"@id":"https:\/\/tie-products.com\/fr\/produkt\/waterproof-wireless-earbuds-tbe1018\/#primaryimage"},"thumbnailUrl":"https:\/\/tie-products.com\/wp-content\/uploads\/2020\/03\/MAIN-new.jpg","datePublished":"2020-03-06T13:06:57+00:00","dateModified":"2021-02-20T17:51:33+00:00","breadcrumb":{"@id":"https:\/\/tie-products.com\/fr\/produkt\/waterproof-wireless-earbuds-tbe1018\/#breadcrumb"},"inLanguage":"fr-FR","potentialAction":[{"@type":"ReadAction","target":["https:\/\/tie-products.com\/fr\/produkt\/waterproof-wireless-earbuds-tbe1018\/"]}]},{"@type":"ImageObject","inLanguage":"fr-FR","@id":"https:\/\/tie-products.com\/fr\/produkt\/waterproof-wireless-earbuds-tbe1018\/#primaryimage","url":"https:\/\/tie-products.com\/wp-content\/uploads\/2020\/03\/MAIN-new.jpg","contentUrl":"https:\/\/tie-products.com\/wp-content\/uploads\/2020\/03\/MAIN-new.jpg","width":1000,"height":1000},{"@type":"BreadcrumbList","@id":"https:\/\/tie-products.com\/fr\/produkt\/waterproof-wireless-earbuds-tbe1018\/#breadcrumb","itemListElement":[{"@type":"ListItem","position":1,"name":"Home","item":"https:\/\/tie-products.com\/fr\/"},{"@type":"ListItem","position":2,"name":"Shop","item":"https:\/\/tie-products.com\/shop\/"},{"@type":"ListItem","position":3,"name":"Tie Audio \u00c9couteurs sans Fil \u00e9tanches avec Powerbank"}]},{"@type":"WebSite","@id":"https:\/\/tie-products.com\/pl\/#website","url":"https:\/\/tie-products.com\/pl\/","name":"E-Commerce-Revolution","description":"Just another WordPress site","potentialAction":[{"@type":"SearchAction","target":{"@type":"EntryPoint","urlTemplate":"https:\/\/tie-products.com\/pl\/?s={search_term_string}"},"query-input":{"@type":"PropertyValueSpecification","valueRequired":true,"valueName":"search_term_string"}}],"inLanguage":"fr-FR"}]}},"_links":{"self":[{"href":"https:\/\/tie-products.com\/fr\/wp-json\/wp\/v2\/product\/11276","targetHints":{"allow":["GET"]}}],"collection":[{"href":"https:\/\/tie-products.com\/fr\/wp-json\/wp\/v2\/product"}],"about":[{"href":"https:\/\/tie-products.com\/fr\/wp-json\/wp\/v2\/types\/product"}],"wp:featuredmedia":[{"embeddable":true,"href":"https:\/\/tie-products.com\/fr\/wp-json\/wp\/v2\/media\/11934"}],"wp:attachment":[{"href":"https:\/\/tie-products.com\/fr\/wp-json\/wp\/v2\/media?parent=11276"}],"wp:term":[{"taxonomy":"product_brand","embeddable":true,"href":"https:\/\/tie-products.com\/fr\/wp-json\/wp\/v2\/product_brand?post=11276"},{"taxonomy":"product_cat","embeddable":true,"href":"https:\/\/tie-products.com\/fr\/wp-json\/wp\/v2\/product_cat?post=11276"},{"taxonomy":"product_tag","embeddable":true,"href":"https:\/\/tie-products.com\/fr\/wp-json\/wp\/v2\/product_tag?post=11276"}],"curies":[{"name":"wp","href":"https:\/\/api.w.org\/{rel}","templated":true}]}}